{"id":52125,"date":"2026-01-04T03:49:34","date_gmt":"2026-01-04T03:49:34","guid":{"rendered":"https:\/\/vozolvapen.de\/?post_type=product&#038;p=52125"},"modified":"2026-02-10T10:54:21","modified_gmt":"2026-02-10T10:54:21","slug":"100k-vape-waspe-aiviou-100k-retro-sweets-series","status":"publish","type":"product","link":"http:\/\/vozolvapen.de\/pl\/product\/100k-vape-waspe-aiviou-100k-retro-sweets-series\/","title":{"rendered":"100k Vape Waspe Aiviou 100k - seria Retro Sweets"},"content":{"rendered":"<h1>100k Vape Waspe Aiviou 100k Puffs - seria Retro Sweets<\/h1>\n<p data-path-to-node=\"39\"><b data-path-to-node=\"39\" data-index-in-node=\"0\">The Sweet Soda &amp; Bubblegum:<\/b> Nostalgiczna podr\u00f3\u017c przez fontanny z napojami gazowanymi i sklepy ze s\u0142odyczami. To <b data-path-to-node=\"39\" data-index-in-node=\"90\">Waspe 100k<\/b> to najlepszy wyb\u00f3r dla tych, kt\u00f3rzy lubi\u0105 s\u0142odkie wydechy i \u201cgazowane\u201d doznania.<\/p>\n<h2 data-path-to-node=\"40\"><b data-path-to-node=\"40\" data-index-in-node=\"0\">G\u0142\u0119bokie zanurzenie w cukiernictwie<\/b><\/h2>\n<ul data-path-to-node=\"41\">\n<li>\n<p data-path-to-node=\"41,0,0\"><b data-path-to-node=\"41,0,0\" data-index-in-node=\"0\">Tryb A - Cherry Cola Ice:<\/b> Musuj\u0105ca cola z nut\u0105 ciemnej wi\u015bni.<\/p>\n<\/li>\n<li>\n<p data-path-to-node=\"41,1,0\"><b data-path-to-node=\"41,1,0\" data-index-in-node=\"0\">Mode B - Strawberry Cherry Ice:<\/b> Podw\u00f3jnie czerwona owocowa eksplozja z mocnym lodem.<\/p>\n<\/li>\n<li>\n<p data-path-to-node=\"41,2,0\"><b data-path-to-node=\"41,2,0\" data-index-in-node=\"0\">Mode C - Strawberry Cola Ice:<\/b> Wyj\u0105tkowy, s\u0142odki eksperyment z napojami gazowanymi.<\/p>\n<\/li>\n<li>\n<p data-path-to-node=\"41,3,0\"><b data-path-to-node=\"41,3,0\" data-index-in-node=\"0\">Mode D - Strawberry Watermelon Bubblegum:<\/b> Klasyczna s\u0142odycz cukierk\u00f3w do \u017cucia.<\/p>\n<\/li>\n<\/ul>\n<h2 data-path-to-node=\"42\"><b data-path-to-node=\"42\" data-index-in-node=\"0\">Dla kogo przeznaczony jest ten smak?<\/b><\/h2>\n<p data-path-to-node=\"42\"><b data-path-to-node=\"42\" data-index-in-node=\"24\">Poszukiwacz nostalgii:<\/b> Je\u015bli chcesz <b data-path-to-node=\"42\" data-index-in-node=\"60\">100k vape<\/b> kt\u00f3ry mo\u017ce s\u0142u\u017cy\u0107 jako deser, to jest to.<\/p>\n<h3 data-path-to-node=\"20\"><b data-path-to-node=\"20\" data-index-in-node=\"0\">Seria Retro Sweets - specyfikacja<\/b><\/h3>\n<table data-path-to-node=\"21\">\n<thead>\n<tr>\n<td><strong>Profil wydajno\u015bci<\/strong><\/td>\n<td><strong>Dane techniczne Waspe 100k<\/strong><\/td>\n<td><strong>Indeks dozna\u0144 smakowych<\/strong><\/td>\n<\/tr>\n<\/thead>\n<tbody>\n<tr>\n<td><span data-path-to-node=\"21,1,0,0\"><b data-path-to-node=\"21,1,0,0\" data-index-in-node=\"0\">Marka<\/b><\/span><\/td>\n<td><span data-path-to-node=\"21,1,1,0\"><b data-path-to-node=\"21,1,1,0\" data-index-in-node=\"0\">Waspe Aiviou 100k<\/b><\/span><\/td>\n<td><span data-path-to-node=\"21,1,2,0\"><b data-path-to-node=\"21,1,2,0\" data-index-in-node=\"0\">Czynnik nostalgii:<\/b> \u2728\u2728\u2728\u2728\u2728<\/span><\/td>\n<\/tr>\n<tr>\n<td><span data-path-to-node=\"21,2,0,0\"><b data-path-to-node=\"21,2,0,0\" data-index-in-node=\"0\">Pojemno\u015b\u0107 akumulatora<\/b><\/span><\/td>\n<td><span data-path-to-node=\"21,2,1,0\">Akumulator 650 mAh<\/span><\/td>\n<td><span data-path-to-node=\"21,2,2,0\"><b data-path-to-node=\"21,2,2,0\" data-index-in-node=\"0\">Bubblegum Elasticity:<\/b> \ud83c\udf88\ud83c\udf88\ud83c\udf88\ud83c\udf88<\/span><\/td>\n<\/tr>\n<tr>\n<td><span data-path-to-node=\"21,3,0,0\"><b data-path-to-node=\"21,3,0,0\" data-index-in-node=\"0\">Przeno\u015bno\u015b\u0107<\/b><\/span><\/td>\n<td><span data-path-to-node=\"21,3,1,0\">Ergonomiczna kwadratowa konstrukcja<\/span><\/td>\n<td><span data-path-to-node=\"21,3,2,0\"><b data-path-to-node=\"21,3,2,0\" data-index-in-node=\"0\">Poziom s\u0142odyczy:<\/b> \ud83c\udf6c\ud83c\udf6c\ud83c\udf6c\ud83c\udf6c<\/span><\/td>\n<\/tr>\n<tr>\n<td><span data-path-to-node=\"21,4,0,0\"><b data-path-to-node=\"21,4,0,0\" data-index-in-node=\"0\">Bezpiecze\u0144stwo<\/b><\/span><\/td>\n<td><span data-path-to-node=\"21,4,1,0\">Ochrona przed zwarciem<\/span><\/td>\n<td><span data-path-to-node=\"21,4,2,0\"><b data-path-to-node=\"21,4,2,0\" data-index-in-node=\"0\">Najlepszy przep\u0142yw powietrza:<\/b> Tight (smak cukierk\u00f3w)<\/span><\/td>\n<\/tr>\n<\/tbody>\n<\/table>\n<h2><b data-path-to-node=\"13,0\" data-index-in-node=\"0\">Nauka Waspe Aiviou 100k Pods<\/b><\/h2>\n<p data-path-to-node=\"13,1\">Po co zadowala\u0107 si\u0119 jednym smakiem, skoro mo\u017cna do\u015bwiadczy\u0107 \u201cmiksologii\u201d? To <b data-path-to-node=\"13,1\" data-index-in-node=\"74\">Waspe 100k<\/b> Seria umo\u017cliwia prze\u0142\u0105czanie mi\u0119dzy czterema kapsu\u0142kami, aby zapobiec \u201cj\u0119zykowi Vapera\u201d.\u201d<\/p>\n<ul data-path-to-node=\"13,2\">\n<li>\n<p data-path-to-node=\"13,2,0,0\"><b data-path-to-node=\"13,2,0,0\" data-index-in-node=\"0\">Reset palety:<\/b> Zacznij od s\u0142odkich <b data-path-to-node=\"13,2,0,0\" data-index-in-node=\"41\">Cukierki<\/b> notatki, a nast\u0119pnie prze\u0142\u0105czy\u0107 si\u0119 na <b data-path-to-node=\"13,2,0,0\" data-index-in-node=\"71\">Zesty<\/b> pod, aby zresetowa\u0107 receptory smaku.<\/p>\n<\/li>\n<li>\n<p data-path-to-node=\"13,2,1,0\"><b data-path-to-node=\"13,2,1,0\" data-index-in-node=\"0\">Niezale\u017cne cewki:<\/b> Ka\u017cda kapsu\u0142ka ma w\u0142asn\u0105 cewk\u0119 siatkow\u0105 1,0\u03a9. Oznacza to, \u017ce <b data-path-to-node=\"13,2,1,0\" data-index-in-node=\"72\">Truskawka<\/b> smak nigdy nie smakuje jak tw\u00f3j <b data-path-to-node=\"13,2,1,0\" data-index-in-node=\"113\">Cola<\/b> smak, nawet po 50 000 zaci\u0105gni\u0119\u0107.<\/p>\n<\/li>\n<li>\n<p data-path-to-node=\"13,2,2,0\"><b data-path-to-node=\"13,2,2,0\" data-index-in-node=\"0\">Niestandardowa si\u0142a:<\/b> Niezale\u017cnie od tego, czy u\u017cywasz <b data-path-to-node=\"13,2,2,0\" data-index-in-node=\"41\">vaper sin nicotina<\/b> na nocne zachcianki lub 5% na poranne uderzenie, integralno\u015b\u0107 smaku pozostaje elitarna.<\/p>\n<\/li>\n<\/ul>\n<h3 data-path-to-node=\"77\"><b data-path-to-node=\"77\" data-index-in-node=\"0\">Dalsze zalecenia:<\/b><\/h3>\n<p data-path-to-node=\"78\">Odkryj jeszcze wi\u0119cej niesamowitych smak\u00f3w dzi\u0119ki <b data-path-to-node=\"78\" data-index-in-node=\"47\">Waspe 4 w 1 100K Vape<\/b>!<\/p>\n<p data-path-to-node=\"79\"><a class=\"ng-star-inserted\" href=\"https:\/\/vozolvapen.de\/pl\/product-category\/waspe-vape\/100k-vape-waspe-aiviou-100k-4-in-1\/\" target=\"_blank\" rel=\"noopener noreferrer nofollow\" data-hveid=\"0\" data-ved=\"0CAAQ_4QMahgKEwjxyYqx9_CRAxUAAAAAHQAAAAAQ9wE\">Zobacz wszystkie odmiany tutaj \u2192<\/a><\/p>\n<p data-path-to-node=\"80\">Zapoznaj si\u0119 z nasz\u0105 pe\u0142n\u0105 kolekcj\u0105 i kupuj produkty najlepszych marek vape, kt\u00f3re pokochasz.<\/p>\n<p data-path-to-node=\"81\"><a class=\"ng-star-inserted\" href=\"https:\/\/vozolvapen.de\/pl\/\" target=\"_blank\" rel=\"noopener noreferrer nofollow\" data-hveid=\"0\" data-ved=\"0CAAQ_4QMahgKEwjxyYqx9_CRAxUAAAAAHQAAAAAQ-AE\">Przegl\u0105daj teraz wszystkie marki \u2192<\/a><\/p>\n<p data-path-to-node=\"82\">Sprawd\u017a ca\u0142o\u015b\u0107 <b data-path-to-node=\"82\" data-index-in-node=\"23\">Waspe Aiviou<\/b> Seria - ka\u017cdy smak, ka\u017cdy styl!<\/p>\n<p data-path-to-node=\"83\"><a class=\"ng-star-inserted\" href=\"https:\/\/vozolvapen.de\/pl\/product-category\/waspe-vape\/\" target=\"_blank\" rel=\"noopener noreferrer nofollow\" data-hveid=\"0\" data-ved=\"0CAAQ_4QMahgKEwjxyYqx9_CRAxUAAAAAHQAAAAAQ-QE\">Zobacz pe\u0142n\u0105 kolekcj\u0119 Waspe \u2192<\/a><\/p>","protected":false},"excerpt":{"rendered":"<p><b data-path-to-node=\"3,7,4,0\" data-index-in-node=\"0\">Nostalgia wype\u0142niona.<\/b> Nostalgiczna podr\u00f3\u017c przez gum\u0119 balonow\u0105 i s\u0142odkie str\u0105ki sody. To <b data-path-to-node=\"3,7,4,0\" data-index-in-node=\"81\">Waspe 100k<\/b> Seria jest zabawna, s\u0142odka i niesamowicie d\u0142ugotrwa\u0142a.<\/p>","protected":false},"featured_media":52385,"comment_status":"open","ping_status":"closed","template":"","meta":{"_acf_changed":false},"product_brand":[],"product_cat":[107,134],"product_tag":[],"class_list":{"0":"post-52125","1":"product","2":"type-product","3":"status-publish","4":"has-post-thumbnail","6":"product_cat-100k-vape-waspe-aiviou-100k-4-in-1","7":"product_cat-eu-warehouse-in-stock","9":"first","10":"instock","11":"featured","12":"shipping-taxable","13":"purchasable","14":"product-type-variable"},"acf":[],"yoast_head":"<!-- This site is optimized with the Yoast SEO Premium plugin v26.1 (Yoast SEO v27.5) - https:\/\/yoast.com\/product\/yoast-seo-premium-wordpress\/ -->\n<title>Retro Sweets Waspe Aiviou 100k | 4-in-1 Bubblegum - vozolvapen<\/title>\n<meta name=\"description\" content=\"Relive the classics with Retro Sweets Waspe Aiviou 100k. Bubblegum, Cola, and Cherry 4-in-1 pods. 56ml capacity. The ultimate vaper 100k puffs.\" \/>\n<meta name=\"robots\" content=\"index, follow, max-snippet:-1, max-image-preview:large, max-video-preview:-1\" \/>\n<link rel=\"canonical\" href=\"https:\/\/vozolvapen.de\/pl\/product\/100k-vape-waspe-aiviou-100k-retro-sweets-series\/\" \/>\n<meta property=\"og:locale\" content=\"pl_PL\" \/>\n<meta property=\"og:type\" content=\"article\" \/>\n<meta property=\"og:title\" content=\"100k Vape Waspe Aiviou 100k - Retro Sweets Series\" \/>\n<meta property=\"og:description\" content=\"Relive the classics with Retro Sweets Waspe Aiviou 100k. Bubblegum, Cola, and Cherry 4-in-1 pods. 56ml capacity. The ultimate vaper 100k puffs.\" \/>\n<meta property=\"og:url\" content=\"https:\/\/vozolvapen.de\/pl\/product\/100k-vape-waspe-aiviou-100k-retro-sweets-series\/\" \/>\n<meta property=\"og:site_name\" content=\"vozolvapen\" \/>\n<meta property=\"article:modified_time\" content=\"2026-02-10T10:54:21+00:00\" \/>\n<meta property=\"og:image\" content=\"https:\/\/vozolvapen.de\/wp-content\/uploads\/2026\/01\/waspe-100k-Cherry-Cola-lceStrawberry-Cherry-lceStrawberry-Cola-lceStrawberrWatermelon-Bubblegum.webp\" \/>\n\t<meta property=\"og:image:width\" content=\"1200\" \/>\n\t<meta property=\"og:image:height\" content=\"1200\" \/>\n\t<meta property=\"og:image:type\" content=\"image\/webp\" \/>\n<meta name=\"twitter:card\" content=\"summary_large_image\" \/>\n<meta name=\"twitter:label1\" content=\"Szacowany czas czytania\" \/>\n\t<meta name=\"twitter:data1\" content=\"2 minuty\" \/>\n<script type=\"application\/ld+json\" class=\"yoast-schema-graph\">{\"@context\":\"https:\\\/\\\/schema.org\",\"@graph\":[{\"@type\":\"WebPage\",\"@id\":\"https:\\\/\\\/vozolvapen.de\\\/product\\\/100k-vape-waspe-aiviou-100k-retro-sweets-series\\\/\",\"url\":\"https:\\\/\\\/vozolvapen.de\\\/product\\\/100k-vape-waspe-aiviou-100k-retro-sweets-series\\\/\",\"name\":\"Retro Sweets Waspe Aiviou 100k | 4-in-1 Bubblegum - vozolvapen\",\"isPartOf\":{\"@id\":\"https:\\\/\\\/vozolvapen.de\\\/#website\"},\"primaryImageOfPage\":{\"@id\":\"https:\\\/\\\/vozolvapen.de\\\/product\\\/100k-vape-waspe-aiviou-100k-retro-sweets-series\\\/#primaryimage\"},\"image\":{\"@id\":\"https:\\\/\\\/vozolvapen.de\\\/product\\\/100k-vape-waspe-aiviou-100k-retro-sweets-series\\\/#primaryimage\"},\"thumbnailUrl\":\"https:\\\/\\\/vozolvapen.de\\\/wp-content\\\/uploads\\\/2026\\\/01\\\/waspe-100k-Cherry-Cola-lceStrawberry-Cherry-lceStrawberry-Cola-lceStrawberrWatermelon-Bubblegum.webp\",\"datePublished\":\"2026-01-04T03:49:34+00:00\",\"dateModified\":\"2026-02-10T10:54:21+00:00\",\"description\":\"Relive the classics with Retro Sweets Waspe Aiviou 100k. Bubblegum, Cola, and Cherry 4-in-1 pods. 56ml capacity. The ultimate vaper 100k puffs.\",\"breadcrumb\":{\"@id\":\"https:\\\/\\\/vozolvapen.de\\\/product\\\/100k-vape-waspe-aiviou-100k-retro-sweets-series\\\/#breadcrumb\"},\"inLanguage\":\"pl-PL\",\"potentialAction\":[{\"@type\":\"ReadAction\",\"target\":[\"https:\\\/\\\/vozolvapen.de\\\/product\\\/100k-vape-waspe-aiviou-100k-retro-sweets-series\\\/\"]}]},{\"@type\":\"ImageObject\",\"inLanguage\":\"pl-PL\",\"@id\":\"https:\\\/\\\/vozolvapen.de\\\/product\\\/100k-vape-waspe-aiviou-100k-retro-sweets-series\\\/#primaryimage\",\"url\":\"https:\\\/\\\/vozolvapen.de\\\/wp-content\\\/uploads\\\/2026\\\/01\\\/waspe-100k-Cherry-Cola-lceStrawberry-Cherry-lceStrawberry-Cola-lceStrawberrWatermelon-Bubblegum.webp\",\"contentUrl\":\"https:\\\/\\\/vozolvapen.de\\\/wp-content\\\/uploads\\\/2026\\\/01\\\/waspe-100k-Cherry-Cola-lceStrawberry-Cherry-lceStrawberry-Cola-lceStrawberrWatermelon-Bubblegum.webp\",\"width\":1200,\"height\":1200,\"caption\":\"waspe 100k - Cherry Cola lce+Strawberry Cherry lce+Strawberry Cola lce+StrawberrWatermelon Bubblegum\"},{\"@type\":\"BreadcrumbList\",\"@id\":\"https:\\\/\\\/vozolvapen.de\\\/product\\\/100k-vape-waspe-aiviou-100k-retro-sweets-series\\\/#breadcrumb\",\"itemListElement\":[{\"@type\":\"ListItem\",\"position\":1,\"name\":\"Home\",\"item\":\"https:\\\/\\\/vozolvapen.de\\\/de\\\/\"},{\"@type\":\"ListItem\",\"position\":2,\"name\":\"Shop\",\"item\":\"https:\\\/\\\/vozolvapen.de\\\/shop\\\/\"},{\"@type\":\"ListItem\",\"position\":3,\"name\":\"100k Vape Waspe Aiviou 100k &#8211; Retro Sweets Series\"}]},{\"@type\":\"WebSite\",\"@id\":\"https:\\\/\\\/vozolvapen.de\\\/#website\",\"url\":\"https:\\\/\\\/vozolvapen.de\\\/\",\"name\":\"vozolvapen\",\"description\":\"vozolvapen\",\"publisher\":{\"@id\":\"https:\\\/\\\/vozolvapen.de\\\/#organization\"},\"potentialAction\":[{\"@type\":\"SearchAction\",\"target\":{\"@type\":\"EntryPoint\",\"urlTemplate\":\"https:\\\/\\\/vozolvapen.de\\\/?s={search_term_string}\"},\"query-input\":{\"@type\":\"PropertyValueSpecification\",\"valueRequired\":true,\"valueName\":\"search_term_string\"}}],\"inLanguage\":\"pl-PL\"},{\"@type\":\"Organization\",\"@id\":\"https:\\\/\\\/vozolvapen.de\\\/#organization\",\"name\":\"vozolvapen\",\"url\":\"https:\\\/\\\/vozolvapen.de\\\/\",\"logo\":{\"@type\":\"ImageObject\",\"inLanguage\":\"pl-PL\",\"@id\":\"https:\\\/\\\/vozolvapen.de\\\/#\\\/schema\\\/logo\\\/image\\\/\",\"url\":\"https:\\\/\\\/vozolvapen.de\\\/wp-content\\\/uploads\\\/2025\\\/12\\\/cropped-vozovapen-logo.webp\",\"contentUrl\":\"https:\\\/\\\/vozolvapen.de\\\/wp-content\\\/uploads\\\/2025\\\/12\\\/cropped-vozovapen-logo.webp\",\"width\":470,\"height\":110,\"caption\":\"vozolvapen\"},\"image\":{\"@id\":\"https:\\\/\\\/vozolvapen.de\\\/#\\\/schema\\\/logo\\\/image\\\/\"}}]}<\/script>\n<!-- \/ Yoast SEO Premium plugin. -->","yoast_head_json":{"title":"Retro Sweets Waspe Aiviou 100k | guma balonowa 4 w 1 - vozolvapen","description":"Prze\u017cyj klasyk\u0119 z Retro Sweets Waspe Aiviou 100k. Bubblegum, Cola i Cherry w kapsu\u0142kach 4 w 1. Pojemno\u015b\u0107 56 ml. Najlepszy vaper 100k zaci\u0105gni\u0119\u0107.","robots":{"index":"index","follow":"follow","max-snippet":"max-snippet:-1","max-image-preview":"max-image-preview:large","max-video-preview":"max-video-preview:-1"},"canonical":"https:\/\/vozolvapen.de\/pl\/product\/100k-vape-waspe-aiviou-100k-retro-sweets-series\/","og_locale":"pl_PL","og_type":"article","og_title":"100k Vape Waspe Aiviou 100k - Retro Sweets Series","og_description":"Relive the classics with Retro Sweets Waspe Aiviou 100k. Bubblegum, Cola, and Cherry 4-in-1 pods. 56ml capacity. The ultimate vaper 100k puffs.","og_url":"https:\/\/vozolvapen.de\/pl\/product\/100k-vape-waspe-aiviou-100k-retro-sweets-series\/","og_site_name":"vozolvapen","article_modified_time":"2026-02-10T10:54:21+00:00","og_image":[{"width":1200,"height":1200,"url":"https:\/\/vozolvapen.de\/wp-content\/uploads\/2026\/01\/waspe-100k-Cherry-Cola-lceStrawberry-Cherry-lceStrawberry-Cola-lceStrawberrWatermelon-Bubblegum.webp","type":"image\/webp"}],"twitter_card":"summary_large_image","twitter_misc":{"Szacowany czas czytania":"2 minuty"},"schema":{"@context":"https:\/\/schema.org","@graph":[{"@type":"WebPage","@id":"https:\/\/vozolvapen.de\/product\/100k-vape-waspe-aiviou-100k-retro-sweets-series\/","url":"https:\/\/vozolvapen.de\/product\/100k-vape-waspe-aiviou-100k-retro-sweets-series\/","name":"Retro Sweets Waspe Aiviou 100k | guma balonowa 4 w 1 - vozolvapen","isPartOf":{"@id":"https:\/\/vozolvapen.de\/#website"},"primaryImageOfPage":{"@id":"https:\/\/vozolvapen.de\/product\/100k-vape-waspe-aiviou-100k-retro-sweets-series\/#primaryimage"},"image":{"@id":"https:\/\/vozolvapen.de\/product\/100k-vape-waspe-aiviou-100k-retro-sweets-series\/#primaryimage"},"thumbnailUrl":"https:\/\/vozolvapen.de\/wp-content\/uploads\/2026\/01\/waspe-100k-Cherry-Cola-lceStrawberry-Cherry-lceStrawberry-Cola-lceStrawberrWatermelon-Bubblegum.webp","datePublished":"2026-01-04T03:49:34+00:00","dateModified":"2026-02-10T10:54:21+00:00","description":"Prze\u017cyj klasyk\u0119 z Retro Sweets Waspe Aiviou 100k. Bubblegum, Cola i Cherry w kapsu\u0142kach 4 w 1. Pojemno\u015b\u0107 56 ml. Najlepszy vaper 100k zaci\u0105gni\u0119\u0107.","breadcrumb":{"@id":"https:\/\/vozolvapen.de\/product\/100k-vape-waspe-aiviou-100k-retro-sweets-series\/#breadcrumb"},"inLanguage":"pl-PL","potentialAction":[{"@type":"ReadAction","target":["https:\/\/vozolvapen.de\/product\/100k-vape-waspe-aiviou-100k-retro-sweets-series\/"]}]},{"@type":"ImageObject","inLanguage":"pl-PL","@id":"https:\/\/vozolvapen.de\/product\/100k-vape-waspe-aiviou-100k-retro-sweets-series\/#primaryimage","url":"https:\/\/vozolvapen.de\/wp-content\/uploads\/2026\/01\/waspe-100k-Cherry-Cola-lceStrawberry-Cherry-lceStrawberry-Cola-lceStrawberrWatermelon-Bubblegum.webp","contentUrl":"https:\/\/vozolvapen.de\/wp-content\/uploads\/2026\/01\/waspe-100k-Cherry-Cola-lceStrawberry-Cherry-lceStrawberry-Cola-lceStrawberrWatermelon-Bubblegum.webp","width":1200,"height":1200,"caption":"waspe 100k - Cherry Cola lce+Strawberry Cherry lce+Strawberry Cola lce+StrawberrWatermelon Bubblegum"},{"@type":"BreadcrumbList","@id":"https:\/\/vozolvapen.de\/product\/100k-vape-waspe-aiviou-100k-retro-sweets-series\/#breadcrumb","itemListElement":[{"@type":"ListItem","position":1,"name":"Home","item":"https:\/\/vozolvapen.de\/de\/"},{"@type":"ListItem","position":2,"name":"Shop","item":"https:\/\/vozolvapen.de\/shop\/"},{"@type":"ListItem","position":3,"name":"100k Vape Waspe Aiviou 100k &#8211; Retro Sweets Series"}]},{"@type":"WebSite","@id":"https:\/\/vozolvapen.de\/#website","url":"https:\/\/vozolvapen.de\/","name":"vozolvapen","description":"vozolvapen","publisher":{"@id":"https:\/\/vozolvapen.de\/#organization"},"potentialAction":[{"@type":"SearchAction","target":{"@type":"EntryPoint","urlTemplate":"https:\/\/vozolvapen.de\/?s={search_term_string}"},"query-input":{"@type":"PropertyValueSpecification","valueRequired":true,"valueName":"search_term_string"}}],"inLanguage":"pl-PL"},{"@type":"Organization","@id":"https:\/\/vozolvapen.de\/#organization","name":"vozolvapen","url":"https:\/\/vozolvapen.de\/","logo":{"@type":"ImageObject","inLanguage":"pl-PL","@id":"https:\/\/vozolvapen.de\/#\/schema\/logo\/image\/","url":"https:\/\/vozolvapen.de\/wp-content\/uploads\/2025\/12\/cropped-vozovapen-logo.webp","contentUrl":"https:\/\/vozolvapen.de\/wp-content\/uploads\/2025\/12\/cropped-vozovapen-logo.webp","width":470,"height":110,"caption":"vozolvapen"},"image":{"@id":"https:\/\/vozolvapen.de\/#\/schema\/logo\/image\/"}}]}},"tiered_pricing_type":"fixed","tiered_pricing_fixed_rules":{"30":"13.57","50":"11.57","100":"10.57","200":"10.07"},"tiered_pricing_product_settings":{"layout":"default","base_unit_name":{"singular":null,"plural":null},"default_variation":{}},"tiered_pricing_minimum_quantity":10,"tiered_pricing_roles_data":[],"tiered_pricing_percentage_rules":[],"tiered_pricing_maximum_quantity":null,"tiered_pricing_quantity_step":"10","_links":{"self":[{"href":"http:\/\/vozolvapen.de\/pl\/wp-json\/wp\/v2\/product\/52125","targetHints":{"allow":["GET"]}}],"collection":[{"href":"http:\/\/vozolvapen.de\/pl\/wp-json\/wp\/v2\/product"}],"about":[{"href":"http:\/\/vozolvapen.de\/pl\/wp-json\/wp\/v2\/types\/product"}],"replies":[{"embeddable":true,"href":"http:\/\/vozolvapen.de\/pl\/wp-json\/wp\/v2\/comments?post=52125"}],"wp:featuredmedia":[{"embeddable":true,"href":"http:\/\/vozolvapen.de\/pl\/wp-json\/wp\/v2\/media\/52385"}],"wp:attachment":[{"href":"http:\/\/vozolvapen.de\/pl\/wp-json\/wp\/v2\/media?parent=52125"}],"wp:term":[{"taxonomy":"product_brand","embeddable":true,"href":"http:\/\/vozolvapen.de\/pl\/wp-json\/wp\/v2\/product_brand?post=52125"},{"taxonomy":"product_cat","embeddable":true,"href":"http:\/\/vozolvapen.de\/pl\/wp-json\/wp\/v2\/product_cat?post=52125"},{"taxonomy":"product_tag","embeddable":true,"href":"http:\/\/vozolvapen.de\/pl\/wp-json\/wp\/v2\/product_tag?post=52125"}],"curies":[{"name":"wp","href":"https:\/\/api.w.org\/{rel}","templated":true}]}}