{"id":52205,"date":"2026-01-04T03:49:38","date_gmt":"2026-01-04T03:49:38","guid":{"rendered":"https:\/\/vozolvapen.de\/?post_type=product&#038;p=52205"},"modified":"2026-02-10T10:54:16","modified_gmt":"2026-02-10T10:54:16","slug":"100k-vape-waspe-aiviou-100k-orchard-fusion-series","status":"publish","type":"product","link":"http:\/\/vozolvapen.de\/pl\/product\/100k-vape-waspe-aiviou-100k-orchard-fusion-series\/","title":{"rendered":"100k Vape Waspe Aiviou 100k - seria Orchard Fusion"},"content":{"rendered":"<h1>100k Vape Waspe Aiviou 100k Puffs - seria Orchard Fusion<\/h1>\n<p data-path-to-node=\"51\"><b data-path-to-node=\"51\" data-index-in-node=\"0\">Mieszanka ciemnych owoc\u00f3w i kiwi:<\/b> Wyrafinowane po\u0142\u0105czenie, kt\u00f3re sk\u0142ania si\u0119 ku g\u0142\u0119bszej, bogatszej stronie owocowych profili. Niezale\u017cnie od tego, czy wybierzesz 5%, czy <b data-path-to-node=\"51\" data-index-in-node=\"143\">vaper sin nicotina<\/b> 0%, g\u0142\u0119bia smaku pozostaje niezmienna.<\/p>\n<h2 data-path-to-node=\"52\"><b data-path-to-node=\"52\" data-index-in-node=\"0\">Deep Harvest Deep Dive<\/b><\/h2>\n<ul data-path-to-node=\"53\">\n<li>\n<p data-path-to-node=\"53,0,0\"><b data-path-to-node=\"53,0,0\" data-index-in-node=\"0\">Tryb A - Grape Ice:<\/b> Winogrona Concord w zamarzni\u0119tej winnicy.<\/p>\n<\/li>\n<li>\n<p data-path-to-node=\"53,1,0\"><b data-path-to-node=\"53,1,0\" data-index-in-node=\"0\">Mode B - Strawberry Kiwi:<\/b> Orze\u017awiaj\u0105ca, zr\u00f3wnowa\u017cona podstawa.<\/p>\n<\/li>\n<li>\n<p data-path-to-node=\"53,2,0\"><b data-path-to-node=\"53,2,0\" data-index-in-node=\"0\">Mode C - Strawberry Raspberry Cherry:<\/b> Cierpka i s\u0142odka mieszanka czerwonych jag\u00f3d.<\/p>\n<\/li>\n<li>\n<p data-path-to-node=\"53,3,0\"><b data-path-to-node=\"53,3,0\" data-index-in-node=\"0\">Tryb D - Czarny Rycerz:<\/b> Mroczny, tajemniczy jagodowy okr\u0119t flagowy.<\/p>\n<\/li>\n<\/ul>\n<h2 data-path-to-node=\"54\"><b data-path-to-node=\"54\" data-index-in-node=\"0\">Dla kogo przeznaczony jest ten smak?<\/b><\/h2>\n<p data-path-to-node=\"54\"><b data-path-to-node=\"54\" data-index-in-node=\"24\">Wyrafinowany Vaper:<\/b> Idealny dla tych, kt\u00f3rzy lubi\u0105 bogate, ciemne owoce z wyra\u017anym wyko\u0144czeniem. <b data-path-to-node=\"54\" data-index-in-node=\"122\">100k vape<\/b>.<\/p>\n<h3 data-path-to-node=\"26\"><b data-path-to-node=\"26\" data-index-in-node=\"0\"> Seria Orchard Fusion - specyfikacja<\/b><\/h3>\n<table data-path-to-node=\"27\">\n<thead>\n<tr>\n<td><strong>Profil wydajno\u015bci<\/strong><\/td>\n<td><strong>Dane techniczne Waspe 100k<\/strong><\/td>\n<td><strong>Indeks dozna\u0144 smakowych<\/strong><\/td>\n<\/tr>\n<\/thead>\n<tbody>\n<tr>\n<td><span data-path-to-node=\"27,1,0,0\"><b data-path-to-node=\"27,1,0,0\" data-index-in-node=\"0\">Model<\/b><\/span><\/td>\n<td><span data-path-to-node=\"27,1,1,0\"><b data-path-to-node=\"27,1,1,0\" data-index-in-node=\"0\">100k Vape<\/b> Orchard Mix<\/span><\/td>\n<td><span data-path-to-node=\"27,1,2,0\"><b data-path-to-node=\"27,1,2,0\" data-index-in-node=\"0\">Wsp\u00f3\u0142czynnik r\u00f3wnowagi:<\/b> \u2696\ufe0f\u2696\ufe0f\u2696\ufe0f\u2696\ufe0f\u2696\ufe0f<\/span><\/td>\n<\/tr>\n<tr>\n<td><span data-path-to-node=\"27,2,0,0\"><b data-path-to-node=\"27,2,0,0\" data-index-in-node=\"0\">Budowa cewki<\/b><\/span><\/td>\n<td><span data-path-to-node=\"27,2,1,0\">Dwuwarstwowa siatka 1.0\u03a9<\/span><\/td>\n<td><span data-path-to-node=\"27,2,2,0\"><b data-path-to-node=\"27,2,2,0\" data-index-in-node=\"0\">Kwasowo\u015b\u0107 owoc\u00f3w:<\/b> \ud83c\udf4f\ud83c\udf4f\ud83c\udf4f<\/span><\/td>\n<\/tr>\n<tr>\n<td><span data-path-to-node=\"27,3,0,0\"><b data-path-to-node=\"27,3,0,0\" data-index-in-node=\"0\">Poziom nikotyny<\/b><\/span><\/td>\n<td><span data-path-to-node=\"27,3,1,0\"><b data-path-to-node=\"27,3,1,0\" data-index-in-node=\"0\">vaper sin nicotina<\/b> Przyjazny<\/span><\/td>\n<td><span data-path-to-node=\"27,3,2,0\"><b data-path-to-node=\"27,3,2,0\" data-index-in-node=\"0\">Z\u0142o\u017cono\u015b\u0107 aromatu:<\/b> \ud83c\udf47\ud83c\udf47\ud83c\udf47\ud83c\udf47<\/span><\/td>\n<\/tr>\n<tr>\n<td><span data-path-to-node=\"27,4,0,0\"><b data-path-to-node=\"27,4,0,0\" data-index-in-node=\"0\">Rozmiar<\/b><\/span><\/td>\n<td><span data-path-to-node=\"27,4,1,0\">47<i data-path-to-node=\"27,4,1,0\" data-index-in-node=\"2\">47<\/i>118 mm<\/span><\/td>\n<td><span data-path-to-node=\"27,4,2,0\"><b data-path-to-node=\"27,4,2,0\" data-index-in-node=\"0\">Najlepszy przep\u0142yw powietrza:<\/b> \u015aredni<\/span><\/td>\n<\/tr>\n<\/tbody>\n<\/table>\n<h3 data-path-to-node=\"17,0\"><b data-path-to-node=\"17,0\" data-index-in-node=\"0\">Dlaczego Vaper 100k jest z\u0142otym standardem w bran\u017cy<\/b><\/h3>\n<p data-path-to-node=\"17,1\">Nie wszystkie urz\u0105dzenia typu high-puff s\u0105 sobie r\u00f3wne. The <b data-path-to-node=\"17,1\" data-index-in-node=\"49\">Waspe 4 in 1 100K<\/b> zosta\u0142 zaprojektowany z materia\u0142\u00f3w klasy medycznej i precyzyjnej elektroniki.<\/p>\n<ul data-path-to-node=\"17,2\">\n<li>\n<p data-path-to-node=\"17,2,0,0\"><b data-path-to-node=\"17,2,0,0\" data-index-in-node=\"0\">Inteligentna logistyka LED:<\/b> Ekran czasu rzeczywistego na urz\u0105dzeniu <b data-path-to-node=\"17,2,0,0\" data-index-in-node=\"50\">Waspe 100k<\/b> monitoruje zar\u00f3wno bateri\u0119, jak i zbiornik e-liquidu o pojemno\u015bci 56 ml z dok\u0142adno\u015bci\u0105 99%.<\/p>\n<\/li>\n<li>\n<p data-path-to-node=\"17,2,1,0\"><b data-path-to-node=\"17,2,1,0\" data-index-in-node=\"0\">Ergonomiczna konstrukcja:<\/b> Przy wadze 142 g <b data-path-to-node=\"17,2,1,0\" data-index-in-node=\"32\">100k vape<\/b> Mierz\u0105c zaledwie 47 mm szeroko\u015bci, zapewnia solidne, wysokiej jako\u015bci wra\u017cenia bez bycia niepor\u0119cznym.<\/p>\n<\/li>\n<li>\n<p data-path-to-node=\"17,2,2,0\"><b data-path-to-node=\"17,2,2,0\" data-index-in-node=\"0\">Bezpiecze\u0144stwo przede wszystkim:<\/b> The <b data-path-to-node=\"17,2,2,0\" data-index-in-node=\"18\">Waspe Aiviou 100k<\/b> Posiada zabezpieczenie przed prze\u0142adowaniem i zwarciem, dzi\u0119ki czemu jest niezawodnym wyborem dla tych, kt\u00f3rzy szukaj\u0105 bezpiecznego urz\u0105dzenia. <b data-path-to-node=\"17,2,2,0\" data-index-in-node=\"150\">vaper 100k zaci\u0105gni\u0119\u0107<\/b> do\u015bwiadczenie.<\/p>\n<\/li>\n<\/ul>\n<h3 data-path-to-node=\"77\"><b data-path-to-node=\"77\" data-index-in-node=\"0\">Dalsze zalecenia:<\/b><\/h3>\n<p data-path-to-node=\"78\">Odkryj jeszcze wi\u0119cej niesamowitych smak\u00f3w dzi\u0119ki <b data-path-to-node=\"78\" data-index-in-node=\"47\">Waspe 4 w 1 100K Vape<\/b>!<\/p>\n<p data-path-to-node=\"79\"><a class=\"ng-star-inserted\" href=\"https:\/\/vozolvapen.de\/pl\/product-category\/waspe-vape\/100k-vape-waspe-aiviou-100k-4-in-1\/\" target=\"_blank\" rel=\"noopener noreferrer nofollow\" data-hveid=\"0\" data-ved=\"0CAAQ_4QMahgKEwjxyYqx9_CRAxUAAAAAHQAAAAAQ9wE\">Zobacz wszystkie odmiany tutaj \u2192<\/a><\/p>\n<p data-path-to-node=\"80\">Zapoznaj si\u0119 z nasz\u0105 pe\u0142n\u0105 kolekcj\u0105 i kupuj produkty najlepszych marek vape, kt\u00f3re pokochasz.<\/p>\n<p data-path-to-node=\"81\"><a class=\"ng-star-inserted\" href=\"https:\/\/vozolvapen.de\/pl\/\" target=\"_blank\" rel=\"noopener noreferrer nofollow\" data-hveid=\"0\" data-ved=\"0CAAQ_4QMahgKEwjxyYqx9_CRAxUAAAAAHQAAAAAQ-AE\">Przegl\u0105daj teraz wszystkie marki \u2192<\/a><\/p>\n<p data-path-to-node=\"82\">Sprawd\u017a ca\u0142o\u015b\u0107 <b data-path-to-node=\"82\" data-index-in-node=\"23\">Waspe Aiviou<\/b> Seria - ka\u017cdy smak, ka\u017cdy styl!<\/p>\n<p data-path-to-node=\"83\"><a class=\"ng-star-inserted\" href=\"https:\/\/vozolvapen.de\/pl\/product-category\/waspe-vape\/\" target=\"_blank\" rel=\"noopener noreferrer nofollow\" data-hveid=\"0\" data-ved=\"0CAAQ_4QMahgKEwjxyYqx9_CRAxUAAAAAHQAAAAAQ-QE\">Zobacz pe\u0142n\u0105 kolekcj\u0119 Waspe \u2192<\/a><\/p>","protected":false},"excerpt":{"rendered":"<p><b data-path-to-node=\"3,9,4,0\" data-index-in-node=\"0\">Harmonia \u017bniw.<\/b> Wyrafinowana mieszanka ulubionych owoc\u00f3w z sadu i ciemnych jag\u00f3d. To <b data-path-to-node=\"3,9,4,0\" data-index-in-node=\"87\">Waspe Aiviou 100k<\/b> oferuje doskonale zbalansowany profil owocowy.<\/p>","protected":false},"featured_media":52391,"comment_status":"open","ping_status":"closed","template":"","meta":{"_acf_changed":false},"product_brand":[],"product_cat":[107,134],"product_tag":[],"class_list":{"0":"post-52205","1":"product","2":"type-product","3":"status-publish","4":"has-post-thumbnail","6":"product_cat-100k-vape-waspe-aiviou-100k-4-in-1","7":"product_cat-eu-warehouse-in-stock","9":"first","10":"instock","11":"shipping-taxable","12":"purchasable","13":"product-type-variable"},"acf":[],"yoast_head":"<!-- This site is optimized with the Yoast SEO Premium plugin v26.1 (Yoast SEO v27.5) - https:\/\/yoast.com\/product\/yoast-seo-premium-wordpress\/ -->\n<title>Orchard Fusion Waspe 100k | Balanced Fruit 4-in-1 - vozolvapen<\/title>\n<meta name=\"description\" content=\"Discover Orchard Fusion Waspe 100k. Balanced Grape, Kiwi, and Black Knight pods. Perfect for vaper sin nicotina users. High-quality 100k vape.\" \/>\n<meta name=\"robots\" content=\"index, follow, max-snippet:-1, max-image-preview:large, max-video-preview:-1\" \/>\n<link rel=\"canonical\" href=\"https:\/\/vozolvapen.de\/pl\/product\/100k-vape-waspe-aiviou-100k-orchard-fusion-series\/\" \/>\n<meta property=\"og:locale\" content=\"pl_PL\" \/>\n<meta property=\"og:type\" content=\"article\" \/>\n<meta property=\"og:title\" content=\"100k Vape Waspe Aiviou 100k - Orchard Fusion Series\" \/>\n<meta property=\"og:description\" content=\"Discover Orchard Fusion Waspe 100k. Balanced Grape, Kiwi, and Black Knight pods. Perfect for vaper sin nicotina users. High-quality 100k vape.\" \/>\n<meta property=\"og:url\" content=\"https:\/\/vozolvapen.de\/pl\/product\/100k-vape-waspe-aiviou-100k-orchard-fusion-series\/\" \/>\n<meta property=\"og:site_name\" content=\"vozolvapen\" \/>\n<meta property=\"article:modified_time\" content=\"2026-02-10T10:54:16+00:00\" \/>\n<meta property=\"og:image\" content=\"https:\/\/vozolvapen.de\/wp-content\/uploads\/2026\/01\/waspe-100k-Grape-lceStrawberry-KiwiStrawberry-Raspberry-cherryBlack-Knight.webp\" \/>\n\t<meta property=\"og:image:width\" content=\"1200\" \/>\n\t<meta property=\"og:image:height\" content=\"1200\" \/>\n\t<meta property=\"og:image:type\" content=\"image\/webp\" \/>\n<meta name=\"twitter:card\" content=\"summary_large_image\" \/>\n<meta name=\"twitter:label1\" content=\"Szacowany czas czytania\" \/>\n\t<meta name=\"twitter:data1\" content=\"2 minuty\" \/>\n<script type=\"application\/ld+json\" class=\"yoast-schema-graph\">{\"@context\":\"https:\\\/\\\/schema.org\",\"@graph\":[{\"@type\":\"WebPage\",\"@id\":\"https:\\\/\\\/vozolvapen.de\\\/product\\\/100k-vape-waspe-aiviou-100k-orchard-fusion-series\\\/\",\"url\":\"https:\\\/\\\/vozolvapen.de\\\/product\\\/100k-vape-waspe-aiviou-100k-orchard-fusion-series\\\/\",\"name\":\"Orchard Fusion Waspe 100k | Balanced Fruit 4-in-1 - vozolvapen\",\"isPartOf\":{\"@id\":\"https:\\\/\\\/vozolvapen.de\\\/#website\"},\"primaryImageOfPage\":{\"@id\":\"https:\\\/\\\/vozolvapen.de\\\/product\\\/100k-vape-waspe-aiviou-100k-orchard-fusion-series\\\/#primaryimage\"},\"image\":{\"@id\":\"https:\\\/\\\/vozolvapen.de\\\/product\\\/100k-vape-waspe-aiviou-100k-orchard-fusion-series\\\/#primaryimage\"},\"thumbnailUrl\":\"https:\\\/\\\/vozolvapen.de\\\/wp-content\\\/uploads\\\/2026\\\/01\\\/waspe-100k-Grape-lceStrawberry-KiwiStrawberry-Raspberry-cherryBlack-Knight.webp\",\"datePublished\":\"2026-01-04T03:49:38+00:00\",\"dateModified\":\"2026-02-10T10:54:16+00:00\",\"description\":\"Discover Orchard Fusion Waspe 100k. Balanced Grape, Kiwi, and Black Knight pods. Perfect for vaper sin nicotina users. High-quality 100k vape.\",\"breadcrumb\":{\"@id\":\"https:\\\/\\\/vozolvapen.de\\\/product\\\/100k-vape-waspe-aiviou-100k-orchard-fusion-series\\\/#breadcrumb\"},\"inLanguage\":\"pl-PL\",\"potentialAction\":[{\"@type\":\"ReadAction\",\"target\":[\"https:\\\/\\\/vozolvapen.de\\\/product\\\/100k-vape-waspe-aiviou-100k-orchard-fusion-series\\\/\"]}]},{\"@type\":\"ImageObject\",\"inLanguage\":\"pl-PL\",\"@id\":\"https:\\\/\\\/vozolvapen.de\\\/product\\\/100k-vape-waspe-aiviou-100k-orchard-fusion-series\\\/#primaryimage\",\"url\":\"https:\\\/\\\/vozolvapen.de\\\/wp-content\\\/uploads\\\/2026\\\/01\\\/waspe-100k-Grape-lceStrawberry-KiwiStrawberry-Raspberry-cherryBlack-Knight.webp\",\"contentUrl\":\"https:\\\/\\\/vozolvapen.de\\\/wp-content\\\/uploads\\\/2026\\\/01\\\/waspe-100k-Grape-lceStrawberry-KiwiStrawberry-Raspberry-cherryBlack-Knight.webp\",\"width\":1200,\"height\":1200,\"caption\":\"waspe 100k - Grape lce+Strawberry Kiwi+Strawberry Raspberry cherry+Black Knight\"},{\"@type\":\"BreadcrumbList\",\"@id\":\"https:\\\/\\\/vozolvapen.de\\\/product\\\/100k-vape-waspe-aiviou-100k-orchard-fusion-series\\\/#breadcrumb\",\"itemListElement\":[{\"@type\":\"ListItem\",\"position\":1,\"name\":\"Home\",\"item\":\"https:\\\/\\\/vozolvapen.de\\\/de\\\/\"},{\"@type\":\"ListItem\",\"position\":2,\"name\":\"Shop\",\"item\":\"https:\\\/\\\/vozolvapen.de\\\/shop\\\/\"},{\"@type\":\"ListItem\",\"position\":3,\"name\":\"100k Vape Waspe Aiviou 100k &#8211; Orchard Fusion Series\"}]},{\"@type\":\"WebSite\",\"@id\":\"https:\\\/\\\/vozolvapen.de\\\/#website\",\"url\":\"https:\\\/\\\/vozolvapen.de\\\/\",\"name\":\"vozolvapen\",\"description\":\"vozolvapen\",\"publisher\":{\"@id\":\"https:\\\/\\\/vozolvapen.de\\\/#organization\"},\"potentialAction\":[{\"@type\":\"SearchAction\",\"target\":{\"@type\":\"EntryPoint\",\"urlTemplate\":\"https:\\\/\\\/vozolvapen.de\\\/?s={search_term_string}\"},\"query-input\":{\"@type\":\"PropertyValueSpecification\",\"valueRequired\":true,\"valueName\":\"search_term_string\"}}],\"inLanguage\":\"pl-PL\"},{\"@type\":\"Organization\",\"@id\":\"https:\\\/\\\/vozolvapen.de\\\/#organization\",\"name\":\"vozolvapen\",\"url\":\"https:\\\/\\\/vozolvapen.de\\\/\",\"logo\":{\"@type\":\"ImageObject\",\"inLanguage\":\"pl-PL\",\"@id\":\"https:\\\/\\\/vozolvapen.de\\\/#\\\/schema\\\/logo\\\/image\\\/\",\"url\":\"https:\\\/\\\/vozolvapen.de\\\/wp-content\\\/uploads\\\/2025\\\/12\\\/cropped-vozovapen-logo.webp\",\"contentUrl\":\"https:\\\/\\\/vozolvapen.de\\\/wp-content\\\/uploads\\\/2025\\\/12\\\/cropped-vozovapen-logo.webp\",\"width\":470,\"height\":110,\"caption\":\"vozolvapen\"},\"image\":{\"@id\":\"https:\\\/\\\/vozolvapen.de\\\/#\\\/schema\\\/logo\\\/image\\\/\"}}]}<\/script>\n<!-- \/ Yoast SEO Premium plugin. -->","yoast_head_json":{"title":"Orchard Fusion Waspe 100k | Balanced Fruit 4 w 1 - vozolvapen","description":"Odkryj Orchard Fusion Waspe 100k. Zr\u00f3wnowa\u017cone str\u0105ki winogron, kiwi i Black Knight. Idealny dla u\u017cytkownik\u00f3w vaper sin nicotina. Wysokiej jako\u015bci vape 100k.","robots":{"index":"index","follow":"follow","max-snippet":"max-snippet:-1","max-image-preview":"max-image-preview:large","max-video-preview":"max-video-preview:-1"},"canonical":"https:\/\/vozolvapen.de\/pl\/product\/100k-vape-waspe-aiviou-100k-orchard-fusion-series\/","og_locale":"pl_PL","og_type":"article","og_title":"100k Vape Waspe Aiviou 100k - Orchard Fusion Series","og_description":"Discover Orchard Fusion Waspe 100k. Balanced Grape, Kiwi, and Black Knight pods. Perfect for vaper sin nicotina users. High-quality 100k vape.","og_url":"https:\/\/vozolvapen.de\/pl\/product\/100k-vape-waspe-aiviou-100k-orchard-fusion-series\/","og_site_name":"vozolvapen","article_modified_time":"2026-02-10T10:54:16+00:00","og_image":[{"width":1200,"height":1200,"url":"https:\/\/vozolvapen.de\/wp-content\/uploads\/2026\/01\/waspe-100k-Grape-lceStrawberry-KiwiStrawberry-Raspberry-cherryBlack-Knight.webp","type":"image\/webp"}],"twitter_card":"summary_large_image","twitter_misc":{"Szacowany czas czytania":"2 minuty"},"schema":{"@context":"https:\/\/schema.org","@graph":[{"@type":"WebPage","@id":"https:\/\/vozolvapen.de\/product\/100k-vape-waspe-aiviou-100k-orchard-fusion-series\/","url":"https:\/\/vozolvapen.de\/product\/100k-vape-waspe-aiviou-100k-orchard-fusion-series\/","name":"Orchard Fusion Waspe 100k | Balanced Fruit 4 w 1 - vozolvapen","isPartOf":{"@id":"https:\/\/vozolvapen.de\/#website"},"primaryImageOfPage":{"@id":"https:\/\/vozolvapen.de\/product\/100k-vape-waspe-aiviou-100k-orchard-fusion-series\/#primaryimage"},"image":{"@id":"https:\/\/vozolvapen.de\/product\/100k-vape-waspe-aiviou-100k-orchard-fusion-series\/#primaryimage"},"thumbnailUrl":"https:\/\/vozolvapen.de\/wp-content\/uploads\/2026\/01\/waspe-100k-Grape-lceStrawberry-KiwiStrawberry-Raspberry-cherryBlack-Knight.webp","datePublished":"2026-01-04T03:49:38+00:00","dateModified":"2026-02-10T10:54:16+00:00","description":"Odkryj Orchard Fusion Waspe 100k. Zr\u00f3wnowa\u017cone str\u0105ki winogron, kiwi i Black Knight. Idealny dla u\u017cytkownik\u00f3w vaper sin nicotina. Wysokiej jako\u015bci vape 100k.","breadcrumb":{"@id":"https:\/\/vozolvapen.de\/product\/100k-vape-waspe-aiviou-100k-orchard-fusion-series\/#breadcrumb"},"inLanguage":"pl-PL","potentialAction":[{"@type":"ReadAction","target":["https:\/\/vozolvapen.de\/product\/100k-vape-waspe-aiviou-100k-orchard-fusion-series\/"]}]},{"@type":"ImageObject","inLanguage":"pl-PL","@id":"https:\/\/vozolvapen.de\/product\/100k-vape-waspe-aiviou-100k-orchard-fusion-series\/#primaryimage","url":"https:\/\/vozolvapen.de\/wp-content\/uploads\/2026\/01\/waspe-100k-Grape-lceStrawberry-KiwiStrawberry-Raspberry-cherryBlack-Knight.webp","contentUrl":"https:\/\/vozolvapen.de\/wp-content\/uploads\/2026\/01\/waspe-100k-Grape-lceStrawberry-KiwiStrawberry-Raspberry-cherryBlack-Knight.webp","width":1200,"height":1200,"caption":"waspe 100k - Grape lce+Strawberry Kiwi+Strawberry Raspberry cherry+Black Knight"},{"@type":"BreadcrumbList","@id":"https:\/\/vozolvapen.de\/product\/100k-vape-waspe-aiviou-100k-orchard-fusion-series\/#breadcrumb","itemListElement":[{"@type":"ListItem","position":1,"name":"Home","item":"https:\/\/vozolvapen.de\/de\/"},{"@type":"ListItem","position":2,"name":"Shop","item":"https:\/\/vozolvapen.de\/shop\/"},{"@type":"ListItem","position":3,"name":"100k Vape Waspe Aiviou 100k &#8211; Orchard Fusion Series"}]},{"@type":"WebSite","@id":"https:\/\/vozolvapen.de\/#website","url":"https:\/\/vozolvapen.de\/","name":"vozolvapen","description":"vozolvapen","publisher":{"@id":"https:\/\/vozolvapen.de\/#organization"},"potentialAction":[{"@type":"SearchAction","target":{"@type":"EntryPoint","urlTemplate":"https:\/\/vozolvapen.de\/?s={search_term_string}"},"query-input":{"@type":"PropertyValueSpecification","valueRequired":true,"valueName":"search_term_string"}}],"inLanguage":"pl-PL"},{"@type":"Organization","@id":"https:\/\/vozolvapen.de\/#organization","name":"vozolvapen","url":"https:\/\/vozolvapen.de\/","logo":{"@type":"ImageObject","inLanguage":"pl-PL","@id":"https:\/\/vozolvapen.de\/#\/schema\/logo\/image\/","url":"https:\/\/vozolvapen.de\/wp-content\/uploads\/2025\/12\/cropped-vozovapen-logo.webp","contentUrl":"https:\/\/vozolvapen.de\/wp-content\/uploads\/2025\/12\/cropped-vozovapen-logo.webp","width":470,"height":110,"caption":"vozolvapen"},"image":{"@id":"https:\/\/vozolvapen.de\/#\/schema\/logo\/image\/"}}]}},"tiered_pricing_type":"fixed","tiered_pricing_fixed_rules":{"30":"13.57","50":"11.57","100":"10.57","200":"10.07"},"tiered_pricing_product_settings":{"layout":"default","base_unit_name":{"singular":null,"plural":null},"default_variation":{}},"tiered_pricing_minimum_quantity":10,"tiered_pricing_roles_data":[],"tiered_pricing_percentage_rules":[],"tiered_pricing_maximum_quantity":null,"tiered_pricing_quantity_step":"10","_links":{"self":[{"href":"http:\/\/vozolvapen.de\/pl\/wp-json\/wp\/v2\/product\/52205","targetHints":{"allow":["GET"]}}],"collection":[{"href":"http:\/\/vozolvapen.de\/pl\/wp-json\/wp\/v2\/product"}],"about":[{"href":"http:\/\/vozolvapen.de\/pl\/wp-json\/wp\/v2\/types\/product"}],"replies":[{"embeddable":true,"href":"http:\/\/vozolvapen.de\/pl\/wp-json\/wp\/v2\/comments?post=52205"}],"wp:featuredmedia":[{"embeddable":true,"href":"http:\/\/vozolvapen.de\/pl\/wp-json\/wp\/v2\/media\/52391"}],"wp:attachment":[{"href":"http:\/\/vozolvapen.de\/pl\/wp-json\/wp\/v2\/media?parent=52205"}],"wp:term":[{"taxonomy":"product_brand","embeddable":true,"href":"http:\/\/vozolvapen.de\/pl\/wp-json\/wp\/v2\/product_brand?post=52205"},{"taxonomy":"product_cat","embeddable":true,"href":"http:\/\/vozolvapen.de\/pl\/wp-json\/wp\/v2\/product_cat?post=52205"},{"taxonomy":"product_tag","embeddable":true,"href":"http:\/\/vozolvapen.de\/pl\/wp-json\/wp\/v2\/product_tag?post=52205"}],"curies":[{"name":"wp","href":"https:\/\/api.w.org\/{rel}","templated":true}]}}