{"id":52245,"date":"2026-01-04T03:49:40","date_gmt":"2026-01-04T03:49:40","guid":{"rendered":"https:\/\/vozolvapen.de\/?post_type=product&#038;p=52245"},"modified":"2026-02-10T10:54:14","modified_gmt":"2026-02-10T10:54:14","slug":"100k-vape-waspe-aiviou-100k-gourmet-harvest-series","status":"publish","type":"product","link":"http:\/\/vozolvapen.de\/pl\/product\/100k-vape-waspe-aiviou-100k-gourmet-harvest-series\/","title":{"rendered":"100k Vape Waspe Aiviou 100k - seria Gourmet Harvest"},"content":{"rendered":"<h1>100k Vape Waspe Aiviou 100k Puffs - seria Gourmet Harvest<\/h1>\n<p data-path-to-node=\"57\"><b data-path-to-node=\"57\" data-index-in-node=\"0\">Bogaty sad jagodowo-miodowy:<\/b> Wy\u015bmienity wyb\u00f3r owoc\u00f3w z wyj\u0105tkowym miodem jagodowym. To <b data-path-to-node=\"57\" data-index-in-node=\"102\">Waspe 100k<\/b> oferuje poziom z\u0142o\u017cono\u015bci smaku rzadko spotykany w jednoraz\u00f3wkach.<\/p>\n<h2 data-path-to-node=\"58\"><b data-path-to-node=\"58\" data-index-in-node=\"0\">Szczeg\u00f3\u0142owa analiza mieszanek rzemie\u015blniczych<\/b><\/h2>\n<ul data-path-to-node=\"59\">\n<li>\n<p data-path-to-node=\"59,0,0\"><b data-path-to-node=\"59,0,0\" data-index-in-node=\"0\">Spos\u00f3b A - Mieszane jagody:<\/b> Kolekcja owoc\u00f3w le\u015bnych.<\/p>\n<\/li>\n<li>\n<p data-path-to-node=\"59,1,0\"><b data-path-to-node=\"59,1,0\" data-index-in-node=\"0\">Mode B - Double Apple Ice:<\/b> Chrupi\u0105ce zielone i s\u0142odkie czerwone jab\u0142ka z lodem.<\/p>\n<\/li>\n<li>\n<p data-path-to-node=\"59,2,0\"><b data-path-to-node=\"59,2,0\" data-index-in-node=\"0\">Mode C - Blueberry Raspberry:<\/b> Klasyczne zderzenie cierpkich jag\u00f3d.<\/p>\n<\/li>\n<li>\n<p data-path-to-node=\"59,3,0\"><b data-path-to-node=\"59,3,0\" data-index-in-node=\"0\">Mode D - Blueberry Honey:<\/b> G\u0142adka, kwiatowa i syropowa jagoda.<\/p>\n<\/li>\n<\/ul>\n<h2 data-path-to-node=\"60\"><b data-path-to-node=\"60\" data-index-in-node=\"0\">Dla kogo przeznaczony jest ten smak?<\/b><\/h2>\n<p data-path-to-node=\"60\"><b data-path-to-node=\"60\" data-index-in-node=\"24\">The Gourmet Vaper:<\/b> Idealny dla tych, kt\u00f3rzy szukaj\u0105 niekonwencjonalnych, wysokiej jako\u015bci smak\u00f3w w <b data-path-to-node=\"60\" data-index-in-node=\"111\">vaper 100k zaci\u0105gni\u0119\u0107<\/b> urz\u0105dzenie.<\/p>\n<h3 data-path-to-node=\"29\"><b data-path-to-node=\"29\" data-index-in-node=\"0\">Seria Gourmet Harvest - specyfikacja<\/b><\/h3>\n<table data-path-to-node=\"30\">\n<thead>\n<tr>\n<td><strong>Profil wydajno\u015bci<\/strong><\/td>\n<td><strong>Dane techniczne Waspe 100k<\/strong><\/td>\n<td><strong>Indeks dozna\u0144 smakowych<\/strong><\/td>\n<\/tr>\n<\/thead>\n<tbody>\n<tr>\n<td><span data-path-to-node=\"30,1,0,0\"><b data-path-to-node=\"30,1,0,0\" data-index-in-node=\"0\">Seria<\/b><\/span><\/td>\n<td><span data-path-to-node=\"30,1,1,0\"><b data-path-to-node=\"30,1,1,0\" data-index-in-node=\"0\">Waspe 100k<\/b> Gourmet<\/span><\/td>\n<td><span data-path-to-node=\"30,1,2,0\"><b data-path-to-node=\"30,1,2,0\" data-index-in-node=\"0\">S\u0142odycz miodu:<\/b> \ud83c\udf6f\ud83c\udf6f\ud83c\udf6f\ud83c\udf6f<\/span><\/td>\n<\/tr>\n<tr>\n<td><span data-path-to-node=\"30,2,0,0\"><b data-path-to-node=\"30,2,0,0\" data-index-in-node=\"0\">Pojemno\u015b\u0107 dmuchawy<\/b><\/span><\/td>\n<td><span data-path-to-node=\"30,2,1,0\">100,000 Puffs<\/span><\/td>\n<td><span data-path-to-node=\"30,2,2,0\"><b data-path-to-node=\"30,2,2,0\" data-index-in-node=\"0\">Profil rzemie\u015blnika:<\/b> \ud83c\udfa8\ud83c\udfa8\ud83c\udfa8\ud83c\udfa8\ud83c\udfa8<\/span><\/td>\n<\/tr>\n<tr>\n<td><span data-path-to-node=\"30,3,0,0\"><b data-path-to-node=\"30,3,0,0\" data-index-in-node=\"0\">Coil Tech<\/b><\/span><\/td>\n<td><span data-path-to-node=\"30,3,1,0\">Ekstrakcja aromatu 4x Mesh<\/span><\/td>\n<td><span data-path-to-node=\"30,3,2,0\"><b data-path-to-node=\"30,3,2,0\" data-index-in-node=\"0\">Bogactwo:<\/b> \ud83c\udf47\ud83c\udf52\ud83e\udd6d<\/span><\/td>\n<\/tr>\n<tr>\n<td><span data-path-to-node=\"30,4,0,0\"><b data-path-to-node=\"30,4,0,0\" data-index-in-node=\"0\">Wy\u015bwietlacz<\/b><\/span><\/td>\n<td><span data-path-to-node=\"30,4,1,0\">Dioda LED o wysokiej rozdzielczo\u015bci<\/span><\/td>\n<td><span data-path-to-node=\"30,4,2,0\"><b data-path-to-node=\"30,4,2,0\" data-index-in-node=\"0\">Najlepszy przep\u0142yw powietrza:<\/b> Ograniczone (pe\u0142ne szczeg\u00f3\u0142y)<\/span><\/td>\n<\/tr>\n<\/tbody>\n<\/table>\n<h3 data-path-to-node=\"17,0\"><b data-path-to-node=\"17,0\" data-index-in-node=\"0\">Dlaczego Vaper 100k jest z\u0142otym standardem w bran\u017cy<\/b><\/h3>\n<p data-path-to-node=\"17,1\">Nie wszystkie urz\u0105dzenia typu high-puff s\u0105 sobie r\u00f3wne. The <b data-path-to-node=\"17,1\" data-index-in-node=\"49\">Waspe 4 in 1 100K<\/b> zosta\u0142 zaprojektowany z materia\u0142\u00f3w klasy medycznej i precyzyjnej elektroniki.<\/p>\n<ul data-path-to-node=\"17,2\">\n<li>\n<p data-path-to-node=\"17,2,0,0\"><b data-path-to-node=\"17,2,0,0\" data-index-in-node=\"0\">Inteligentna logistyka LED:<\/b> Ekran czasu rzeczywistego na urz\u0105dzeniu <b data-path-to-node=\"17,2,0,0\" data-index-in-node=\"50\">Waspe 100k<\/b> monitoruje zar\u00f3wno bateri\u0119, jak i zbiornik e-liquidu o pojemno\u015bci 56 ml z dok\u0142adno\u015bci\u0105 99%.<\/p>\n<\/li>\n<li>\n<p data-path-to-node=\"17,2,1,0\"><b data-path-to-node=\"17,2,1,0\" data-index-in-node=\"0\">Ergonomiczna konstrukcja:<\/b> Przy wadze 142 g <b data-path-to-node=\"17,2,1,0\" data-index-in-node=\"32\">100k vape<\/b> Mierz\u0105c zaledwie 47 mm szeroko\u015bci, zapewnia solidne, wysokiej jako\u015bci wra\u017cenia bez bycia niepor\u0119cznym.<\/p>\n<\/li>\n<li>\n<p data-path-to-node=\"17,2,2,0\"><b data-path-to-node=\"17,2,2,0\" data-index-in-node=\"0\">Bezpiecze\u0144stwo przede wszystkim:<\/b> The <b data-path-to-node=\"17,2,2,0\" data-index-in-node=\"18\">Waspe Aiviou 100k<\/b> Posiada zabezpieczenie przed prze\u0142adowaniem i zwarciem, dzi\u0119ki czemu jest niezawodnym wyborem dla tych, kt\u00f3rzy szukaj\u0105 bezpiecznego urz\u0105dzenia. <b data-path-to-node=\"17,2,2,0\" data-index-in-node=\"150\">vaper 100k zaci\u0105gni\u0119\u0107<\/b> do\u015bwiadczenie.<\/p>\n<\/li>\n<\/ul>\n<h3 data-path-to-node=\"77\"><b data-path-to-node=\"77\" data-index-in-node=\"0\">Dalsze zalecenia:<\/b><\/h3>\n<p data-path-to-node=\"78\">Odkryj jeszcze wi\u0119cej niesamowitych smak\u00f3w dzi\u0119ki <b data-path-to-node=\"78\" data-index-in-node=\"47\">Waspe 4 w 1 100K Vape<\/b>!<\/p>\n<p data-path-to-node=\"79\"><a class=\"ng-star-inserted\" href=\"https:\/\/vozolvapen.de\/pl\/product-category\/waspe-vape\/100k-vape-waspe-aiviou-100k-4-in-1\/\" target=\"_blank\" rel=\"noopener noreferrer nofollow\" data-hveid=\"0\" data-ved=\"0CAAQ_4QMahgKEwjxyYqx9_CRAxUAAAAAHQAAAAAQ9wE\">Zobacz wszystkie odmiany tutaj \u2192<\/a><\/p>\n<p data-path-to-node=\"80\">Zapoznaj si\u0119 z nasz\u0105 pe\u0142n\u0105 kolekcj\u0105 i kupuj produkty najlepszych marek vape, kt\u00f3re pokochasz.<\/p>\n<p data-path-to-node=\"81\"><a class=\"ng-star-inserted\" href=\"https:\/\/vozolvapen.de\/pl\/\" target=\"_blank\" rel=\"noopener noreferrer nofollow\" data-hveid=\"0\" data-ved=\"0CAAQ_4QMahgKEwjxyYqx9_CRAxUAAAAAHQAAAAAQ-AE\">Przegl\u0105daj teraz wszystkie marki \u2192<\/a><\/p>\n<p data-path-to-node=\"82\">Sprawd\u017a ca\u0142o\u015b\u0107 <b data-path-to-node=\"82\" data-index-in-node=\"23\">Waspe Aiviou<\/b> Seria - ka\u017cdy smak, ka\u017cdy styl!<\/p>\n<p data-path-to-node=\"83\"><a class=\"ng-star-inserted\" href=\"https:\/\/vozolvapen.de\/pl\/product-category\/waspe-vape\/\" target=\"_blank\" rel=\"noopener noreferrer nofollow\" data-hveid=\"0\" data-ved=\"0CAAQ_4QMahgKEwjxyYqx9_CRAxUAAAAAHQAAAAAQ-QE\">Zobacz pe\u0142n\u0105 kolekcj\u0119 Waspe \u2192<\/a><\/p>","protected":false},"excerpt":{"rendered":"<p><b data-path-to-node=\"3,10,4,0\" data-index-in-node=\"0\">Wyb\u00f3r rzemie\u015blnika.<\/b> Zawiera rzadki mi\u00f3d jagodowy i chrupi\u0105ce podw\u00f3jne jab\u0142ko. Bogaty, z\u0142o\u017cony <b data-path-to-node=\"3,10,4,0\" data-index-in-node=\"97\">vaper 100k zaci\u0105gni\u0119\u0107<\/b> do\u015bwiadczenie dla wyrafinowanego wapera.<\/p>","protected":false},"featured_media":52394,"comment_status":"open","ping_status":"closed","template":"","meta":{"_acf_changed":false},"product_brand":[],"product_cat":[107,134],"product_tag":[],"class_list":{"0":"post-52245","1":"product","2":"type-product","3":"status-publish","4":"has-post-thumbnail","6":"product_cat-100k-vape-waspe-aiviou-100k-4-in-1","7":"product_cat-eu-warehouse-in-stock","9":"first","10":"instock","11":"shipping-taxable","12":"purchasable","13":"product-type-variable"},"acf":[],"yoast_head":"<!-- This site is optimized with the Yoast SEO Premium plugin v26.1 (Yoast SEO v27.5) - https:\/\/yoast.com\/product\/yoast-seo-premium-wordpress\/ -->\n<title>Gourmet Harvest Waspe 100k | Artisan 4-in-1 Vape - vozolvapen<\/title>\n<meta name=\"description\" content=\"Experience Gourmet Harvest Waspe 100k. Featuring unique Blueberry Honey and Double Apple. A premium 100,000 puff vaper 100k for connoisseurs.\" \/>\n<meta name=\"robots\" content=\"index, follow, max-snippet:-1, max-image-preview:large, max-video-preview:-1\" \/>\n<link rel=\"canonical\" href=\"https:\/\/vozolvapen.de\/pl\/product\/100k-vape-waspe-aiviou-100k-gourmet-harvest-series\/\" \/>\n<meta property=\"og:locale\" content=\"pl_PL\" \/>\n<meta property=\"og:type\" content=\"article\" \/>\n<meta property=\"og:title\" content=\"100k Vape Waspe Aiviou 100k - Gourmet Harvest Series\" \/>\n<meta property=\"og:description\" content=\"Experience Gourmet Harvest Waspe 100k. Featuring unique Blueberry Honey and Double Apple. A premium 100,000 puff vaper 100k for connoisseurs.\" \/>\n<meta property=\"og:url\" content=\"https:\/\/vozolvapen.de\/pl\/product\/100k-vape-waspe-aiviou-100k-gourmet-harvest-series\/\" \/>\n<meta property=\"og:site_name\" content=\"vozolvapen\" \/>\n<meta property=\"article:modified_time\" content=\"2026-02-10T10:54:14+00:00\" \/>\n<meta property=\"og:image\" content=\"https:\/\/vozolvapen.de\/wp-content\/uploads\/2026\/01\/waspe-100k-Mixed-BerriesDouble-Apple-lceBlueberry-RaspberryBlueberry-Honey.webp\" \/>\n\t<meta property=\"og:image:width\" content=\"1200\" \/>\n\t<meta property=\"og:image:height\" content=\"1200\" \/>\n\t<meta property=\"og:image:type\" content=\"image\/webp\" \/>\n<meta name=\"twitter:card\" content=\"summary_large_image\" \/>\n<meta name=\"twitter:label1\" content=\"Szacowany czas czytania\" \/>\n\t<meta name=\"twitter:data1\" content=\"2 minuty\" \/>\n<script type=\"application\/ld+json\" class=\"yoast-schema-graph\">{\"@context\":\"https:\\\/\\\/schema.org\",\"@graph\":[{\"@type\":\"WebPage\",\"@id\":\"https:\\\/\\\/vozolvapen.de\\\/product\\\/100k-vape-waspe-aiviou-100k-gourmet-harvest-series\\\/\",\"url\":\"https:\\\/\\\/vozolvapen.de\\\/product\\\/100k-vape-waspe-aiviou-100k-gourmet-harvest-series\\\/\",\"name\":\"Gourmet Harvest Waspe 100k | Artisan 4-in-1 Vape - vozolvapen\",\"isPartOf\":{\"@id\":\"https:\\\/\\\/vozolvapen.de\\\/#website\"},\"primaryImageOfPage\":{\"@id\":\"https:\\\/\\\/vozolvapen.de\\\/product\\\/100k-vape-waspe-aiviou-100k-gourmet-harvest-series\\\/#primaryimage\"},\"image\":{\"@id\":\"https:\\\/\\\/vozolvapen.de\\\/product\\\/100k-vape-waspe-aiviou-100k-gourmet-harvest-series\\\/#primaryimage\"},\"thumbnailUrl\":\"https:\\\/\\\/vozolvapen.de\\\/wp-content\\\/uploads\\\/2026\\\/01\\\/waspe-100k-Mixed-BerriesDouble-Apple-lceBlueberry-RaspberryBlueberry-Honey.webp\",\"datePublished\":\"2026-01-04T03:49:40+00:00\",\"dateModified\":\"2026-02-10T10:54:14+00:00\",\"description\":\"Experience Gourmet Harvest Waspe 100k. Featuring unique Blueberry Honey and Double Apple. A premium 100,000 puff vaper 100k for connoisseurs.\",\"breadcrumb\":{\"@id\":\"https:\\\/\\\/vozolvapen.de\\\/product\\\/100k-vape-waspe-aiviou-100k-gourmet-harvest-series\\\/#breadcrumb\"},\"inLanguage\":\"pl-PL\",\"potentialAction\":[{\"@type\":\"ReadAction\",\"target\":[\"https:\\\/\\\/vozolvapen.de\\\/product\\\/100k-vape-waspe-aiviou-100k-gourmet-harvest-series\\\/\"]}]},{\"@type\":\"ImageObject\",\"inLanguage\":\"pl-PL\",\"@id\":\"https:\\\/\\\/vozolvapen.de\\\/product\\\/100k-vape-waspe-aiviou-100k-gourmet-harvest-series\\\/#primaryimage\",\"url\":\"https:\\\/\\\/vozolvapen.de\\\/wp-content\\\/uploads\\\/2026\\\/01\\\/waspe-100k-Mixed-BerriesDouble-Apple-lceBlueberry-RaspberryBlueberry-Honey.webp\",\"contentUrl\":\"https:\\\/\\\/vozolvapen.de\\\/wp-content\\\/uploads\\\/2026\\\/01\\\/waspe-100k-Mixed-BerriesDouble-Apple-lceBlueberry-RaspberryBlueberry-Honey.webp\",\"width\":1200,\"height\":1200,\"caption\":\"waspe 100k - Mixed Berries+Double Apple lce+Blueberry Raspberry+Blueberry Honey\"},{\"@type\":\"BreadcrumbList\",\"@id\":\"https:\\\/\\\/vozolvapen.de\\\/product\\\/100k-vape-waspe-aiviou-100k-gourmet-harvest-series\\\/#breadcrumb\",\"itemListElement\":[{\"@type\":\"ListItem\",\"position\":1,\"name\":\"Home\",\"item\":\"https:\\\/\\\/vozolvapen.de\\\/de\\\/\"},{\"@type\":\"ListItem\",\"position\":2,\"name\":\"Shop\",\"item\":\"https:\\\/\\\/vozolvapen.de\\\/shop\\\/\"},{\"@type\":\"ListItem\",\"position\":3,\"name\":\"100k Vape Waspe Aiviou 100k &#8211; Gourmet Harvest Series\"}]},{\"@type\":\"WebSite\",\"@id\":\"https:\\\/\\\/vozolvapen.de\\\/#website\",\"url\":\"https:\\\/\\\/vozolvapen.de\\\/\",\"name\":\"vozolvapen\",\"description\":\"vozolvapen\",\"publisher\":{\"@id\":\"https:\\\/\\\/vozolvapen.de\\\/#organization\"},\"potentialAction\":[{\"@type\":\"SearchAction\",\"target\":{\"@type\":\"EntryPoint\",\"urlTemplate\":\"https:\\\/\\\/vozolvapen.de\\\/?s={search_term_string}\"},\"query-input\":{\"@type\":\"PropertyValueSpecification\",\"valueRequired\":true,\"valueName\":\"search_term_string\"}}],\"inLanguage\":\"pl-PL\"},{\"@type\":\"Organization\",\"@id\":\"https:\\\/\\\/vozolvapen.de\\\/#organization\",\"name\":\"vozolvapen\",\"url\":\"https:\\\/\\\/vozolvapen.de\\\/\",\"logo\":{\"@type\":\"ImageObject\",\"inLanguage\":\"pl-PL\",\"@id\":\"https:\\\/\\\/vozolvapen.de\\\/#\\\/schema\\\/logo\\\/image\\\/\",\"url\":\"https:\\\/\\\/vozolvapen.de\\\/wp-content\\\/uploads\\\/2025\\\/12\\\/cropped-vozovapen-logo.webp\",\"contentUrl\":\"https:\\\/\\\/vozolvapen.de\\\/wp-content\\\/uploads\\\/2025\\\/12\\\/cropped-vozovapen-logo.webp\",\"width\":470,\"height\":110,\"caption\":\"vozolvapen\"},\"image\":{\"@id\":\"https:\\\/\\\/vozolvapen.de\\\/#\\\/schema\\\/logo\\\/image\\\/\"}}]}<\/script>\n<!-- \/ Yoast SEO Premium plugin. -->","yoast_head_json":{"title":"Gourmet Harvest Waspe 100k | Artisan 4 w 1 Vape - vozolvapen","description":"Do\u015bwiadcz Gourmet Harvest Waspe 100k. Zawiera unikalny mi\u00f3d jagodowy i podw\u00f3jne jab\u0142ko. Wysokiej jako\u015bci 100 000 puff\u00f3w vaper 100k dla koneser\u00f3w.","robots":{"index":"index","follow":"follow","max-snippet":"max-snippet:-1","max-image-preview":"max-image-preview:large","max-video-preview":"max-video-preview:-1"},"canonical":"https:\/\/vozolvapen.de\/pl\/product\/100k-vape-waspe-aiviou-100k-gourmet-harvest-series\/","og_locale":"pl_PL","og_type":"article","og_title":"100k Vape Waspe Aiviou 100k - Gourmet Harvest Series","og_description":"Experience Gourmet Harvest Waspe 100k. Featuring unique Blueberry Honey and Double Apple. A premium 100,000 puff vaper 100k for connoisseurs.","og_url":"https:\/\/vozolvapen.de\/pl\/product\/100k-vape-waspe-aiviou-100k-gourmet-harvest-series\/","og_site_name":"vozolvapen","article_modified_time":"2026-02-10T10:54:14+00:00","og_image":[{"width":1200,"height":1200,"url":"https:\/\/vozolvapen.de\/wp-content\/uploads\/2026\/01\/waspe-100k-Mixed-BerriesDouble-Apple-lceBlueberry-RaspberryBlueberry-Honey.webp","type":"image\/webp"}],"twitter_card":"summary_large_image","twitter_misc":{"Szacowany czas czytania":"2 minuty"},"schema":{"@context":"https:\/\/schema.org","@graph":[{"@type":"WebPage","@id":"https:\/\/vozolvapen.de\/product\/100k-vape-waspe-aiviou-100k-gourmet-harvest-series\/","url":"https:\/\/vozolvapen.de\/product\/100k-vape-waspe-aiviou-100k-gourmet-harvest-series\/","name":"Gourmet Harvest Waspe 100k | Artisan 4 w 1 Vape - vozolvapen","isPartOf":{"@id":"https:\/\/vozolvapen.de\/#website"},"primaryImageOfPage":{"@id":"https:\/\/vozolvapen.de\/product\/100k-vape-waspe-aiviou-100k-gourmet-harvest-series\/#primaryimage"},"image":{"@id":"https:\/\/vozolvapen.de\/product\/100k-vape-waspe-aiviou-100k-gourmet-harvest-series\/#primaryimage"},"thumbnailUrl":"https:\/\/vozolvapen.de\/wp-content\/uploads\/2026\/01\/waspe-100k-Mixed-BerriesDouble-Apple-lceBlueberry-RaspberryBlueberry-Honey.webp","datePublished":"2026-01-04T03:49:40+00:00","dateModified":"2026-02-10T10:54:14+00:00","description":"Do\u015bwiadcz Gourmet Harvest Waspe 100k. Zawiera unikalny mi\u00f3d jagodowy i podw\u00f3jne jab\u0142ko. Wysokiej jako\u015bci 100 000 puff\u00f3w vaper 100k dla koneser\u00f3w.","breadcrumb":{"@id":"https:\/\/vozolvapen.de\/product\/100k-vape-waspe-aiviou-100k-gourmet-harvest-series\/#breadcrumb"},"inLanguage":"pl-PL","potentialAction":[{"@type":"ReadAction","target":["https:\/\/vozolvapen.de\/product\/100k-vape-waspe-aiviou-100k-gourmet-harvest-series\/"]}]},{"@type":"ImageObject","inLanguage":"pl-PL","@id":"https:\/\/vozolvapen.de\/product\/100k-vape-waspe-aiviou-100k-gourmet-harvest-series\/#primaryimage","url":"https:\/\/vozolvapen.de\/wp-content\/uploads\/2026\/01\/waspe-100k-Mixed-BerriesDouble-Apple-lceBlueberry-RaspberryBlueberry-Honey.webp","contentUrl":"https:\/\/vozolvapen.de\/wp-content\/uploads\/2026\/01\/waspe-100k-Mixed-BerriesDouble-Apple-lceBlueberry-RaspberryBlueberry-Honey.webp","width":1200,"height":1200,"caption":"waspe 100k - Mixed Berries+Double Apple lce+Blueberry Raspberry+Blueberry Honey"},{"@type":"BreadcrumbList","@id":"https:\/\/vozolvapen.de\/product\/100k-vape-waspe-aiviou-100k-gourmet-harvest-series\/#breadcrumb","itemListElement":[{"@type":"ListItem","position":1,"name":"Home","item":"https:\/\/vozolvapen.de\/de\/"},{"@type":"ListItem","position":2,"name":"Shop","item":"https:\/\/vozolvapen.de\/shop\/"},{"@type":"ListItem","position":3,"name":"100k Vape Waspe Aiviou 100k &#8211; Gourmet Harvest Series"}]},{"@type":"WebSite","@id":"https:\/\/vozolvapen.de\/#website","url":"https:\/\/vozolvapen.de\/","name":"vozolvapen","description":"vozolvapen","publisher":{"@id":"https:\/\/vozolvapen.de\/#organization"},"potentialAction":[{"@type":"SearchAction","target":{"@type":"EntryPoint","urlTemplate":"https:\/\/vozolvapen.de\/?s={search_term_string}"},"query-input":{"@type":"PropertyValueSpecification","valueRequired":true,"valueName":"search_term_string"}}],"inLanguage":"pl-PL"},{"@type":"Organization","@id":"https:\/\/vozolvapen.de\/#organization","name":"vozolvapen","url":"https:\/\/vozolvapen.de\/","logo":{"@type":"ImageObject","inLanguage":"pl-PL","@id":"https:\/\/vozolvapen.de\/#\/schema\/logo\/image\/","url":"https:\/\/vozolvapen.de\/wp-content\/uploads\/2025\/12\/cropped-vozovapen-logo.webp","contentUrl":"https:\/\/vozolvapen.de\/wp-content\/uploads\/2025\/12\/cropped-vozovapen-logo.webp","width":470,"height":110,"caption":"vozolvapen"},"image":{"@id":"https:\/\/vozolvapen.de\/#\/schema\/logo\/image\/"}}]}},"tiered_pricing_type":"fixed","tiered_pricing_fixed_rules":{"30":"13.57","50":"11.57","100":"10.57","200":"10.07"},"tiered_pricing_product_settings":{"layout":"default","base_unit_name":{"singular":null,"plural":null},"default_variation":{}},"tiered_pricing_minimum_quantity":10,"tiered_pricing_roles_data":[],"tiered_pricing_percentage_rules":[],"tiered_pricing_maximum_quantity":null,"tiered_pricing_quantity_step":"10","_links":{"self":[{"href":"http:\/\/vozolvapen.de\/pl\/wp-json\/wp\/v2\/product\/52245","targetHints":{"allow":["GET"]}}],"collection":[{"href":"http:\/\/vozolvapen.de\/pl\/wp-json\/wp\/v2\/product"}],"about":[{"href":"http:\/\/vozolvapen.de\/pl\/wp-json\/wp\/v2\/types\/product"}],"replies":[{"embeddable":true,"href":"http:\/\/vozolvapen.de\/pl\/wp-json\/wp\/v2\/comments?post=52245"}],"wp:featuredmedia":[{"embeddable":true,"href":"http:\/\/vozolvapen.de\/pl\/wp-json\/wp\/v2\/media\/52394"}],"wp:attachment":[{"href":"http:\/\/vozolvapen.de\/pl\/wp-json\/wp\/v2\/media?parent=52245"}],"wp:term":[{"taxonomy":"product_brand","embeddable":true,"href":"http:\/\/vozolvapen.de\/pl\/wp-json\/wp\/v2\/product_brand?post=52245"},{"taxonomy":"product_cat","embeddable":true,"href":"http:\/\/vozolvapen.de\/pl\/wp-json\/wp\/v2\/product_cat?post=52245"},{"taxonomy":"product_tag","embeddable":true,"href":"http:\/\/vozolvapen.de\/pl\/wp-json\/wp\/v2\/product_tag?post=52245"}],"curies":[{"name":"wp","href":"https:\/\/api.w.org\/{rel}","templated":true}]}}