{"id":52661,"date":"2026-01-05T03:21:50","date_gmt":"2026-01-05T03:21:50","guid":{"rendered":"https:\/\/vozolvapen.de\/?post_type=product&#038;p=52661"},"modified":"2026-04-08T03:11:15","modified_gmt":"2026-04-08T03:11:15","slug":"puff-32k-bang-leader-32k-vape-strawberry-watermelon-kiwi-passion-fruit-guava","status":"publish","type":"product","link":"http:\/\/vozolvapen.de\/pl\/product\/puff-32k-bang-leader-32k-vape-strawberry-watermelon-kiwi-passion-fruit-guava\/","title":{"rendered":"Puff 32k Bang Leader 32K Vape - Strawberry Watermelon &amp; Kiwi Passion Fruit Guava"},"content":{"rendered":"<h1 data-path-to-node=\"14\"><b data-path-to-node=\"14\" data-index-in-node=\"0\">Bang Leader 32000 Puffs 2 w 1: Truskawka Arbuz i Kiwi Passion Fruit Guava<\/b><\/h1>\n<p data-path-to-node=\"15\"><b data-path-to-node=\"15\" data-index-in-node=\"0\">Egzotyczny letni sen:<\/b> Podr\u00f3\u017c w tropiki z ka\u017cdym zaci\u0105gni\u0119ciem. To <b data-path-to-node=\"15\" data-index-in-node=\"69\">Bang Leader 32K Vape<\/b> mie\u015bci a\u017c 56 ml najwy\u017cszej jako\u015bci e-cieczy. Wyrafinowany system podw\u00f3jnego zbiornika zapewnia, \u017ce delikatne nuty marakui i guawy pozostaj\u0105 \u017cywe i nigdy nie mieszaj\u0105 si\u0119 z klasycznym arbuzem truskawkowym.<\/p>\n<h2 data-path-to-node=\"16\"><b data-path-to-node=\"16\" data-index-in-node=\"0\">The Island Escape Deep Dive<\/b><\/h2>\n<ul data-path-to-node=\"17\">\n<li>\n<p data-path-to-node=\"17,0,0\"><b data-path-to-node=\"17,0,0\" data-index-in-node=\"0\">Mode A - Strawberry Watermelon:<\/b> Nostalgiczny, s\u0142odki owocowy duet, kt\u00f3ry definiuje \u201cAll-Day Vape\u201d.\u201d<\/p>\n<\/li>\n<li>\n<p data-path-to-node=\"17,1,0\"><b data-path-to-node=\"17,1,0\" data-index-in-node=\"0\">Mode B - Kiwi Passion Fruit Guava:<\/b> Z\u0142o\u017cona, cierpka i egzotyczna mieszanka, kt\u00f3ra \u0142askocze kubki smakowe w wyspiarskim stylu.<\/p>\n<\/li>\n<\/ul>\n<h2 data-path-to-node=\"18\"><b data-path-to-node=\"18\" data-index-in-node=\"0\">Dla kogo przeznaczony jest ten smak?<\/b><\/h2>\n<p data-path-to-node=\"18\"><b data-path-to-node=\"18\" data-index-in-node=\"24\">Koneser smak\u00f3w:<\/b> Idealny dla tych, kt\u00f3rzy ceni\u0105 wielowarstwowe, egzotyczne <b data-path-to-node=\"18\" data-index-in-node=\"103\">bang vape<\/b> profile o wysokiej wydajno\u015bci <b data-path-to-node=\"18\" data-index-in-node=\"141\">Puff 32k<\/b> format.<\/p>\n<h2 data-path-to-node=\"6\">Przewodnik po smakach Bang Leader 32K - truskawka, arbuz i kiwi, marakuja, guawa<\/h2>\n<p data-path-to-node=\"14\"><b data-path-to-node=\"14\" data-index-in-node=\"0\">Sensoryczna karta wynik\u00f3w:<\/b><\/p>\n<ul data-path-to-node=\"15\">\n<li>\n<p data-path-to-node=\"15,0,0\"><b data-path-to-node=\"15,0,0\" data-index-in-node=\"0\">Aromat :<\/b> \u2b50\u2b50\u2b50\u2b50\u2b50<\/p>\n<\/li>\n<li>\n<p data-path-to-node=\"15,1,0\"><b data-path-to-node=\"15,1,0\" data-index-in-node=\"0\">Odczucie w ustach :<\/b> \u2b50\u2b50\u2b50\u2b50\u2b50<\/p>\n<\/li>\n<li>\n<p data-path-to-node=\"15,2,0\"><b data-path-to-node=\"15,2,0\" data-index-in-node=\"0\">Poziom lodu :<\/b> \u2b50\u2b50\u2b50\u2606\u2606<\/p>\n<\/li>\n<li>\n<p data-path-to-node=\"15,3,0\"><b data-path-to-node=\"15,3,0\" data-index-in-node=\"0\">S\u0142odycz :<\/b> \u2b50\u2b50\u2b50\u2b50\u2606<\/p>\n<\/li>\n<\/ul>\n<p data-path-to-node=\"16\"><b data-path-to-node=\"16\" data-index-in-node=\"0\">Werdykt eksperta:<\/b> Najbardziej z\u0142o\u017cony <b data-path-to-node=\"16\" data-index-in-node=\"33\">bang vape<\/b> profil w ofercie. Egzotyczne nuty guawy i marakui zapewniaj\u0105 g\u0119ste, teksturowane odczucie w ustach, kt\u00f3re pi\u0119knie kontrastuje z prost\u0105 s\u0142odycz\u0105 truskawkowego arbuza.<\/p>\n<h2 data-path-to-node=\"60\">Specyfikacje Puff 32k Bang Leader 32K Vape Core<\/h2>\n<table data-path-to-node=\"10\">\n<thead>\n<tr>\n<td><strong>Specyfikacja techniczna<\/strong><\/td>\n<td><strong>Warto\u015b\u0107 Bang Leader 32K<\/strong><\/td>\n<td><strong>Profil wydajno\u015bci<\/strong><\/td>\n<\/tr>\n<\/thead>\n<tbody>\n<tr>\n<td><span data-path-to-node=\"10,1,0,0\"><b data-path-to-node=\"10,1,0,0\" data-index-in-node=\"0\">Waga urz\u0105dzenia<\/b><\/span><\/td>\n<td><span data-path-to-node=\"10,1,1,0\">105g Ergonomiczna konstrukcja<\/span><\/td>\n<td><span data-path-to-node=\"10,1,2,0\"><b data-path-to-node=\"10,1,2,0\" data-index-in-node=\"0\">Z\u0142o\u017cono\u015b\u0107:<\/b> \ud83c\udf34\ud83c\udf34\ud83c\udf34\u5f3a\u5316<\/span><\/td>\n<\/tr>\n<tr>\n<td><span data-path-to-node=\"10,2,0,0\"><b data-path-to-node=\"10,2,0,0\" data-index-in-node=\"0\">System prze\u0142\u0105cznik\u00f3w<\/b><\/span><\/td>\n<td><span data-path-to-node=\"10,2,1,0\">Prze\u0142\u0105cznik r\u0119czny 2 w 1<\/span><\/td>\n<td><span data-path-to-node=\"10,2,2,0\"><b data-path-to-node=\"10,2,2,0\" data-index-in-node=\"0\">G\u0142\u0119boko\u015b\u0107 aromatu:<\/b> Egzotyczne i kwiatowe<\/span><\/td>\n<\/tr>\n<tr>\n<td><span data-path-to-node=\"10,3,0,0\"><b data-path-to-node=\"10,3,0,0\" data-index-in-node=\"0\">Total Puffs<\/b><\/span><\/td>\n<td><span data-path-to-node=\"10,3,1,0\"><b data-path-to-node=\"10,3,1,0\" data-index-in-node=\"0\">32000 zaci\u0105gni\u0119\u0107<\/b> Pojemno\u015b\u0107<\/span><\/td>\n<td><span data-path-to-node=\"10,3,2,0\"><b data-path-to-node=\"10,3,2,0\" data-index-in-node=\"0\">G\u0119sto\u015b\u0107 pary:<\/b> G\u0119sty i bogaty<\/span><\/td>\n<\/tr>\n<tr>\n<td><span data-path-to-node=\"10,4,0,0\"><b data-path-to-node=\"10,4,0,0\" data-index-in-node=\"0\">Marka<\/b><\/span><\/td>\n<td><span data-path-to-node=\"10,4,1,0\"><b data-path-to-node=\"10,4,1,0\" data-index-in-node=\"0\">Bang Vape<\/b> Oficjalny<\/span><\/td>\n<td><span data-path-to-node=\"10,4,2,0\"><b data-path-to-node=\"10,4,2,0\" data-index-in-node=\"0\">Najlepsze dla:<\/b> Koneserzy smak\u00f3w<\/span><\/td>\n<\/tr>\n<\/tbody>\n<\/table>\n<h3 dir=\"auto\">Oto dalsze zalecenia dla Ciebie:<\/h3>\n<p dir=\"auto\">Odkryj jeszcze wi\u0119cej niesamowitych smak\u00f3w dzi\u0119ki Puff 32k Bang Leader 32K Vape!<\/p>\n<p dir=\"auto\"><a href=\"https:\/\/vozolvapen.de\/pl\/product-category\/bang-vape\/puff-32k-bang-leader-32k-vape-2-in-1\/\" target=\"_blank\" rel=\"noopener noreferrer nofollow\">Zobacz wszystkie odmiany tutaj \u2192<\/a><\/p>\n<p dir=\"auto\">Zapoznaj si\u0119 z nasz\u0105 pe\u0142n\u0105 kolekcj\u0105 i kupuj produkty najlepszych marek vape, kt\u00f3re pokochasz.<\/p>\n<p dir=\"auto\"><a href=\"https:\/\/vozolvapen.de\/pl\/\" target=\"_blank\" rel=\"noopener noreferrer nofollow\">Przegl\u0105daj teraz wszystkie marki \u2192<\/a><\/p>\n<p dir=\"auto\">Sprawd\u017a ca\u0142\u0105 seri\u0119 Bang Vape - ka\u017cdy smak, ka\u017cdy styl!<\/p>\n<p dir=\"auto\"><a href=\"https:\/\/vozolvapen.de\/pl\/product-category\/bang-vape\/\" target=\"_blank\" rel=\"noopener noreferrer nofollow\">Zobacz pe\u0142n\u0105 kolekcj\u0119 Bang Vape \u2192<\/a><\/p>","protected":false},"excerpt":{"rendered":"<p><b data-path-to-node=\"4,3,4,0\" data-index-in-node=\"0\">Island Paradise.<\/b> To <b data-path-to-node=\"4,3,4,0\" data-index-in-node=\"22\">Puff 32000<\/b> Gigant pozwala prze\u0142\u0105czy\u0107 si\u0119 z letniego klasyka na z\u0142o\u017con\u0105, pikantn\u0105 tropikaln\u0105 mieszank\u0119 za pomoc\u0105 jednego r\u0119cznego prze\u0142\u0105cznika.<\/p>","protected":false},"featured_media":53667,"comment_status":"open","ping_status":"closed","template":"","meta":{"_acf_changed":false},"product_brand":[],"product_cat":[134,108],"product_tag":[],"class_list":{"0":"post-52661","1":"product","2":"type-product","3":"status-publish","4":"has-post-thumbnail","6":"product_cat-eu-warehouse-in-stock","7":"product_cat-puff-32k-bang-leader-32k-vape-2-in-1","9":"first","10":"instock","11":"shipping-taxable","12":"purchasable","13":"product-type-variable"},"acf":[],"yoast_head":"<!-- This site is optimized with the Yoast SEO Premium plugin v26.1 (Yoast SEO v27.5) - https:\/\/yoast.com\/product\/yoast-seo-premium-wordpress\/ -->\n<title>Bang Leader 32k Vape | Strawberry Watermelon Kiwi - vozolvapen<\/title>\n<meta name=\"description\" content=\"Discover the exotic Strawberry Watermelon &amp; Kiwi Passion Fruit Guava Bang Leader 32000. 32,000 puffs of exotic bliss. Your go-to 32k vape for variety.\" \/>\n<meta name=\"robots\" content=\"index, follow, max-snippet:-1, max-image-preview:large, max-video-preview:-1\" \/>\n<link rel=\"canonical\" href=\"https:\/\/vozolvapen.de\/pl\/product\/puff-32k-bang-leader-32k-vape-strawberry-watermelon-kiwi-passion-fruit-guava\/\" \/>\n<meta property=\"og:locale\" content=\"pl_PL\" \/>\n<meta property=\"og:type\" content=\"article\" \/>\n<meta property=\"og:title\" content=\"Puff 32k Bang Leader 32K Vape - Strawberry Watermelon &amp; Kiwi Passion Fruit Guava\" \/>\n<meta property=\"og:description\" content=\"Discover the exotic Strawberry Watermelon &amp; Kiwi Passion Fruit Guava Bang Leader 32000. 32,000 puffs of exotic bliss. Your go-to 32k vape for variety.\" \/>\n<meta property=\"og:url\" content=\"https:\/\/vozolvapen.de\/pl\/product\/puff-32k-bang-leader-32k-vape-strawberry-watermelon-kiwi-passion-fruit-guava\/\" \/>\n<meta property=\"og:site_name\" content=\"vozolvapen\" \/>\n<meta property=\"article:modified_time\" content=\"2026-04-08T03:11:15+00:00\" \/>\n<meta property=\"og:image\" content=\"https:\/\/vozolvapen.de\/wp-content\/uploads\/2026\/01\/Puff-32k-Bang-Leader-32K-Vape-Strawberry-Watermelon-Kiwi-Passion-Fruit-Guava.webp\" \/>\n\t<meta property=\"og:image:width\" content=\"800\" \/>\n\t<meta property=\"og:image:height\" content=\"800\" \/>\n\t<meta property=\"og:image:type\" content=\"image\/webp\" \/>\n<meta name=\"twitter:card\" content=\"summary_large_image\" \/>\n<meta name=\"twitter:label1\" content=\"Szacowany czas czytania\" \/>\n\t<meta name=\"twitter:data1\" content=\"2 minuty\" \/>\n<script type=\"application\/ld+json\" class=\"yoast-schema-graph\">{\"@context\":\"https:\\\/\\\/schema.org\",\"@graph\":[{\"@type\":\"WebPage\",\"@id\":\"https:\\\/\\\/vozolvapen.de\\\/product\\\/puff-32k-bang-leader-32k-vape-strawberry-watermelon-kiwi-passion-fruit-guava\\\/\",\"url\":\"https:\\\/\\\/vozolvapen.de\\\/product\\\/puff-32k-bang-leader-32k-vape-strawberry-watermelon-kiwi-passion-fruit-guava\\\/\",\"name\":\"Bang Leader 32k Vape | Strawberry Watermelon Kiwi - vozolvapen\",\"isPartOf\":{\"@id\":\"https:\\\/\\\/vozolvapen.de\\\/#website\"},\"primaryImageOfPage\":{\"@id\":\"https:\\\/\\\/vozolvapen.de\\\/product\\\/puff-32k-bang-leader-32k-vape-strawberry-watermelon-kiwi-passion-fruit-guava\\\/#primaryimage\"},\"image\":{\"@id\":\"https:\\\/\\\/vozolvapen.de\\\/product\\\/puff-32k-bang-leader-32k-vape-strawberry-watermelon-kiwi-passion-fruit-guava\\\/#primaryimage\"},\"thumbnailUrl\":\"https:\\\/\\\/vozolvapen.de\\\/wp-content\\\/uploads\\\/2026\\\/01\\\/Puff-32k-Bang-Leader-32K-Vape-Strawberry-Watermelon-Kiwi-Passion-Fruit-Guava.webp\",\"datePublished\":\"2026-01-05T03:21:50+00:00\",\"dateModified\":\"2026-04-08T03:11:15+00:00\",\"description\":\"Discover the exotic Strawberry Watermelon & Kiwi Passion Fruit Guava Bang Leader 32000. 32,000 puffs of exotic bliss. Your go-to 32k vape for variety.\",\"breadcrumb\":{\"@id\":\"https:\\\/\\\/vozolvapen.de\\\/product\\\/puff-32k-bang-leader-32k-vape-strawberry-watermelon-kiwi-passion-fruit-guava\\\/#breadcrumb\"},\"inLanguage\":\"pl-PL\",\"potentialAction\":[{\"@type\":\"ReadAction\",\"target\":[\"https:\\\/\\\/vozolvapen.de\\\/product\\\/puff-32k-bang-leader-32k-vape-strawberry-watermelon-kiwi-passion-fruit-guava\\\/\"]}]},{\"@type\":\"ImageObject\",\"inLanguage\":\"pl-PL\",\"@id\":\"https:\\\/\\\/vozolvapen.de\\\/product\\\/puff-32k-bang-leader-32k-vape-strawberry-watermelon-kiwi-passion-fruit-guava\\\/#primaryimage\",\"url\":\"https:\\\/\\\/vozolvapen.de\\\/wp-content\\\/uploads\\\/2026\\\/01\\\/Puff-32k-Bang-Leader-32K-Vape-Strawberry-Watermelon-Kiwi-Passion-Fruit-Guava.webp\",\"contentUrl\":\"https:\\\/\\\/vozolvapen.de\\\/wp-content\\\/uploads\\\/2026\\\/01\\\/Puff-32k-Bang-Leader-32K-Vape-Strawberry-Watermelon-Kiwi-Passion-Fruit-Guava.webp\",\"width\":800,\"height\":800,\"caption\":\"Puff 32k Bang Leader 32K Vape - Strawberry Watermelon & Kiwi Passion Fruit Guava\"},{\"@type\":\"BreadcrumbList\",\"@id\":\"https:\\\/\\\/vozolvapen.de\\\/product\\\/puff-32k-bang-leader-32k-vape-strawberry-watermelon-kiwi-passion-fruit-guava\\\/#breadcrumb\",\"itemListElement\":[{\"@type\":\"ListItem\",\"position\":1,\"name\":\"Home\",\"item\":\"https:\\\/\\\/vozolvapen.de\\\/de\\\/\"},{\"@type\":\"ListItem\",\"position\":2,\"name\":\"Shop\",\"item\":\"https:\\\/\\\/vozolvapen.de\\\/shop\\\/\"},{\"@type\":\"ListItem\",\"position\":3,\"name\":\"Puff 32k Bang Leader 32K Vape &#8211; Strawberry Watermelon &#038; Kiwi Passion Fruit Guava\"}]},{\"@type\":\"WebSite\",\"@id\":\"https:\\\/\\\/vozolvapen.de\\\/#website\",\"url\":\"https:\\\/\\\/vozolvapen.de\\\/\",\"name\":\"vozolvapen\",\"description\":\"vozolvapen\",\"publisher\":{\"@id\":\"https:\\\/\\\/vozolvapen.de\\\/#organization\"},\"potentialAction\":[{\"@type\":\"SearchAction\",\"target\":{\"@type\":\"EntryPoint\",\"urlTemplate\":\"https:\\\/\\\/vozolvapen.de\\\/?s={search_term_string}\"},\"query-input\":{\"@type\":\"PropertyValueSpecification\",\"valueRequired\":true,\"valueName\":\"search_term_string\"}}],\"inLanguage\":\"pl-PL\"},{\"@type\":\"Organization\",\"@id\":\"https:\\\/\\\/vozolvapen.de\\\/#organization\",\"name\":\"vozolvapen\",\"url\":\"https:\\\/\\\/vozolvapen.de\\\/\",\"logo\":{\"@type\":\"ImageObject\",\"inLanguage\":\"pl-PL\",\"@id\":\"https:\\\/\\\/vozolvapen.de\\\/#\\\/schema\\\/logo\\\/image\\\/\",\"url\":\"https:\\\/\\\/vozolvapen.de\\\/wp-content\\\/uploads\\\/2025\\\/12\\\/cropped-vozovapen-logo.webp\",\"contentUrl\":\"https:\\\/\\\/vozolvapen.de\\\/wp-content\\\/uploads\\\/2025\\\/12\\\/cropped-vozovapen-logo.webp\",\"width\":470,\"height\":110,\"caption\":\"vozolvapen\"},\"image\":{\"@id\":\"https:\\\/\\\/vozolvapen.de\\\/#\\\/schema\\\/logo\\\/image\\\/\"}}]}<\/script>\n<!-- \/ Yoast SEO Premium plugin. -->","yoast_head_json":{"title":"Bang Leader 32k Vape | Strawberry Watermelon Kiwi - vozolvapen","description":"Odkryj egzotyczny produkt Strawberry Watermelon &amp; Kiwi Passion Fruit Guava Bang Leader 32000. 32 000 zaci\u0105gni\u0119\u0107 egzotycznej rozkoszy. Tw\u00f3j ulubiony vape 32k dla r\u00f3\u017cnorodno\u015bci.","robots":{"index":"index","follow":"follow","max-snippet":"max-snippet:-1","max-image-preview":"max-image-preview:large","max-video-preview":"max-video-preview:-1"},"canonical":"https:\/\/vozolvapen.de\/pl\/product\/puff-32k-bang-leader-32k-vape-strawberry-watermelon-kiwi-passion-fruit-guava\/","og_locale":"pl_PL","og_type":"article","og_title":"Puff 32k Bang Leader 32K Vape - Strawberry Watermelon & Kiwi Passion Fruit Guava","og_description":"Discover the exotic Strawberry Watermelon & Kiwi Passion Fruit Guava Bang Leader 32000. 32,000 puffs of exotic bliss. Your go-to 32k vape for variety.","og_url":"https:\/\/vozolvapen.de\/pl\/product\/puff-32k-bang-leader-32k-vape-strawberry-watermelon-kiwi-passion-fruit-guava\/","og_site_name":"vozolvapen","article_modified_time":"2026-04-08T03:11:15+00:00","og_image":[{"width":800,"height":800,"url":"https:\/\/vozolvapen.de\/wp-content\/uploads\/2026\/01\/Puff-32k-Bang-Leader-32K-Vape-Strawberry-Watermelon-Kiwi-Passion-Fruit-Guava.webp","type":"image\/webp"}],"twitter_card":"summary_large_image","twitter_misc":{"Szacowany czas czytania":"2 minuty"},"schema":{"@context":"https:\/\/schema.org","@graph":[{"@type":"WebPage","@id":"https:\/\/vozolvapen.de\/product\/puff-32k-bang-leader-32k-vape-strawberry-watermelon-kiwi-passion-fruit-guava\/","url":"https:\/\/vozolvapen.de\/product\/puff-32k-bang-leader-32k-vape-strawberry-watermelon-kiwi-passion-fruit-guava\/","name":"Bang Leader 32k Vape | Strawberry Watermelon Kiwi - vozolvapen","isPartOf":{"@id":"https:\/\/vozolvapen.de\/#website"},"primaryImageOfPage":{"@id":"https:\/\/vozolvapen.de\/product\/puff-32k-bang-leader-32k-vape-strawberry-watermelon-kiwi-passion-fruit-guava\/#primaryimage"},"image":{"@id":"https:\/\/vozolvapen.de\/product\/puff-32k-bang-leader-32k-vape-strawberry-watermelon-kiwi-passion-fruit-guava\/#primaryimage"},"thumbnailUrl":"https:\/\/vozolvapen.de\/wp-content\/uploads\/2026\/01\/Puff-32k-Bang-Leader-32K-Vape-Strawberry-Watermelon-Kiwi-Passion-Fruit-Guava.webp","datePublished":"2026-01-05T03:21:50+00:00","dateModified":"2026-04-08T03:11:15+00:00","description":"Odkryj egzotyczny produkt Strawberry Watermelon &amp; Kiwi Passion Fruit Guava Bang Leader 32000. 32 000 zaci\u0105gni\u0119\u0107 egzotycznej rozkoszy. Tw\u00f3j ulubiony vape 32k dla r\u00f3\u017cnorodno\u015bci.","breadcrumb":{"@id":"https:\/\/vozolvapen.de\/product\/puff-32k-bang-leader-32k-vape-strawberry-watermelon-kiwi-passion-fruit-guava\/#breadcrumb"},"inLanguage":"pl-PL","potentialAction":[{"@type":"ReadAction","target":["https:\/\/vozolvapen.de\/product\/puff-32k-bang-leader-32k-vape-strawberry-watermelon-kiwi-passion-fruit-guava\/"]}]},{"@type":"ImageObject","inLanguage":"pl-PL","@id":"https:\/\/vozolvapen.de\/product\/puff-32k-bang-leader-32k-vape-strawberry-watermelon-kiwi-passion-fruit-guava\/#primaryimage","url":"https:\/\/vozolvapen.de\/wp-content\/uploads\/2026\/01\/Puff-32k-Bang-Leader-32K-Vape-Strawberry-Watermelon-Kiwi-Passion-Fruit-Guava.webp","contentUrl":"https:\/\/vozolvapen.de\/wp-content\/uploads\/2026\/01\/Puff-32k-Bang-Leader-32K-Vape-Strawberry-Watermelon-Kiwi-Passion-Fruit-Guava.webp","width":800,"height":800,"caption":"Puff 32k Bang Leader 32K Vape - Strawberry Watermelon & Kiwi Passion Fruit Guava"},{"@type":"BreadcrumbList","@id":"https:\/\/vozolvapen.de\/product\/puff-32k-bang-leader-32k-vape-strawberry-watermelon-kiwi-passion-fruit-guava\/#breadcrumb","itemListElement":[{"@type":"ListItem","position":1,"name":"Home","item":"https:\/\/vozolvapen.de\/de\/"},{"@type":"ListItem","position":2,"name":"Shop","item":"https:\/\/vozolvapen.de\/shop\/"},{"@type":"ListItem","position":3,"name":"Puff 32k Bang Leader 32K Vape &#8211; Strawberry Watermelon &#038; Kiwi Passion Fruit Guava"}]},{"@type":"WebSite","@id":"https:\/\/vozolvapen.de\/#website","url":"https:\/\/vozolvapen.de\/","name":"vozolvapen","description":"vozolvapen","publisher":{"@id":"https:\/\/vozolvapen.de\/#organization"},"potentialAction":[{"@type":"SearchAction","target":{"@type":"EntryPoint","urlTemplate":"https:\/\/vozolvapen.de\/?s={search_term_string}"},"query-input":{"@type":"PropertyValueSpecification","valueRequired":true,"valueName":"search_term_string"}}],"inLanguage":"pl-PL"},{"@type":"Organization","@id":"https:\/\/vozolvapen.de\/#organization","name":"vozolvapen","url":"https:\/\/vozolvapen.de\/","logo":{"@type":"ImageObject","inLanguage":"pl-PL","@id":"https:\/\/vozolvapen.de\/#\/schema\/logo\/image\/","url":"https:\/\/vozolvapen.de\/wp-content\/uploads\/2025\/12\/cropped-vozovapen-logo.webp","contentUrl":"https:\/\/vozolvapen.de\/wp-content\/uploads\/2025\/12\/cropped-vozovapen-logo.webp","width":470,"height":110,"caption":"vozolvapen"},"image":{"@id":"https:\/\/vozolvapen.de\/#\/schema\/logo\/image\/"}}]}},"tiered_pricing_type":"fixed","tiered_pricing_fixed_rules":{"30":"10.6","50":"8.6","100":"7.6","200":"7.1"},"tiered_pricing_product_settings":{"layout":"default","base_unit_name":{"singular":null,"plural":null},"default_variation":{}},"tiered_pricing_minimum_quantity":10,"tiered_pricing_roles_data":[],"tiered_pricing_percentage_rules":[],"tiered_pricing_maximum_quantity":null,"tiered_pricing_quantity_step":"10","_links":{"self":[{"href":"http:\/\/vozolvapen.de\/pl\/wp-json\/wp\/v2\/product\/52661","targetHints":{"allow":["GET"]}}],"collection":[{"href":"http:\/\/vozolvapen.de\/pl\/wp-json\/wp\/v2\/product"}],"about":[{"href":"http:\/\/vozolvapen.de\/pl\/wp-json\/wp\/v2\/types\/product"}],"replies":[{"embeddable":true,"href":"http:\/\/vozolvapen.de\/pl\/wp-json\/wp\/v2\/comments?post=52661"}],"wp:featuredmedia":[{"embeddable":true,"href":"http:\/\/vozolvapen.de\/pl\/wp-json\/wp\/v2\/media\/53667"}],"wp:attachment":[{"href":"http:\/\/vozolvapen.de\/pl\/wp-json\/wp\/v2\/media?parent=52661"}],"wp:term":[{"taxonomy":"product_brand","embeddable":true,"href":"http:\/\/vozolvapen.de\/pl\/wp-json\/wp\/v2\/product_brand?post=52661"},{"taxonomy":"product_cat","embeddable":true,"href":"http:\/\/vozolvapen.de\/pl\/wp-json\/wp\/v2\/product_cat?post=52661"},{"taxonomy":"product_tag","embeddable":true,"href":"http:\/\/vozolvapen.de\/pl\/wp-json\/wp\/v2\/product_tag?post=52661"}],"curies":[{"name":"wp","href":"https:\/\/api.w.org\/{rel}","templated":true}]}}