{"id":52815,"date":"2026-01-05T03:21:56","date_gmt":"2026-01-05T03:21:56","guid":{"rendered":"https:\/\/vozolvapen.de\/?post_type=product&#038;p=52815"},"modified":"2026-04-08T03:11:25","modified_gmt":"2026-04-08T03:11:25","slug":"puff-32k-bang-leader-32k-vape-blueberry-raspberry-peach-mango-watermelon","status":"publish","type":"product","link":"http:\/\/vozolvapen.de\/pl\/product\/puff-32k-bang-leader-32k-vape-blueberry-raspberry-peach-mango-watermelon\/","title":{"rendered":"Puff 32k Bang Leader 32K Vape - Blueberry Raspberry &amp; Peach Mango Watermelon"},"content":{"rendered":"<h1 data-path-to-node=\"26\"><b data-path-to-node=\"26\" data-index-in-node=\"0\">Bang Leader 32000 Puffs 2 w 1: Jagoda Malina &amp; Brzoskwinia Mango Arbuz<\/b><\/h1>\n<p data-path-to-node=\"27\"><b data-path-to-node=\"27\" data-index-in-node=\"0\">The Orchard Symphony:<\/b> Wyrafinowane do\u015bwiadczenie 2 w 1, kt\u00f3re pokazuje precyzj\u0119 cewki siatkowej 1,0 \u03a9. To <b data-path-to-node=\"27\" data-index-in-node=\"113\">Puff 32k<\/b> Urz\u0105dzenie to jest wytrzyma\u0142\u0105 maszyn\u0105 do aromatyzowania, posiadaj\u0105c\u0105 r\u00f3wnowa\u017cnik energii 850 mAh z wydajnego ogniwa akumulatorowego 650 mAh, idealnego do osi\u0105gni\u0119cia kamienia milowego 32 000 zaci\u0105gni\u0119\u0107.<\/p>\n<h2 data-path-to-node=\"28\"><b data-path-to-node=\"28\" data-index-in-node=\"0\">The Harvest Medley Deep Dive<\/b><\/h2>\n<ul data-path-to-node=\"29\">\n<li>\n<p data-path-to-node=\"29,0,0\"><b data-path-to-node=\"29,0,0\" data-index-in-node=\"0\">Mode A - Blueberry Raspberry:<\/b> Cierpka, pikantna eksplozja niebieskich owoc\u00f3w, kt\u00f3ra jest jednocze\u015bnie ostra i s\u0142odka.<\/p>\n<\/li>\n<li>\n<p data-path-to-node=\"29,1,0\"><b data-path-to-node=\"29,1,0\" data-index-in-node=\"0\">Mode B - Peach Mango Watermelon:<\/b> G\u0142adka, zalana s\u0142o\u0144cem trifecta mi\u0119kkiej brzoskwini, tropikalnego mango i nawil\u017caj\u0105cego arbuza.<\/p>\n<\/li>\n<\/ul>\n<h2 data-path-to-node=\"30\"><b data-path-to-node=\"30\" data-index-in-node=\"0\">Dla kogo przeznaczony jest ten smak?<\/b><\/h2>\n<p data-path-to-node=\"30\"><b data-path-to-node=\"30\" data-index-in-node=\"24\">Owocowy purysta:<\/b> Idealny dla vaper\u00f3w, kt\u00f3rzy chc\u0105 naturalnego smaku <b data-path-to-node=\"30\" data-index-in-node=\"84\">smaki vape<\/b> o wysokiej z\u0142o\u017cono\u015bci i zerowym zm\u0119czeniu smakiem.<\/p>\n<h2 data-path-to-node=\"6\">Przewodnik po smakach Bang Leader 32K - Blueberry Raspberry &amp; Peach Mango Watermelon<\/h2>\n<p data-path-to-node=\"24\"><b data-path-to-node=\"24\" data-index-in-node=\"0\">Sensoryczna karta wynik\u00f3w:<\/b><\/p>\n<ul data-path-to-node=\"25\">\n<li>\n<p data-path-to-node=\"25,0,0\"><b data-path-to-node=\"25,0,0\" data-index-in-node=\"0\">Aromat :<\/b> \u2b50\u2b50\u2b50\u2b50\u2b50<\/p>\n<\/li>\n<li>\n<p data-path-to-node=\"25,1,0\"><b data-path-to-node=\"25,1,0\" data-index-in-node=\"0\">Odczucie w ustach :<\/b> \u2b50\u2b50\u2b50\u2b50\u2b50<\/p>\n<\/li>\n<li>\n<p data-path-to-node=\"25,2,0\"><b data-path-to-node=\"25,2,0\" data-index-in-node=\"0\">Poziom lodu :<\/b> \u2b50\u2b50\u2b50\u2606\u2606<\/p>\n<\/li>\n<li>\n<p data-path-to-node=\"25,3,0\"><b data-path-to-node=\"25,3,0\" data-index-in-node=\"0\">S\u0142odycz :<\/b> \u2b50\u2b50\u2b50\u2b50\u2606<\/p>\n<\/li>\n<\/ul>\n<p data-path-to-node=\"26\"><b data-path-to-node=\"26\" data-index-in-node=\"0\">Werdykt eksperta:<\/b> Prawdziwe \u201csadownicze arcydzie\u0142o\u201d. The <b data-path-to-node=\"26\" data-index-in-node=\"50\">Cewka o oczkach 1,0\u03a9<\/b> wyr\u00f3\u017cnia si\u0119 tutaj, wydobywaj\u0105c aksamitn\u0105 konsystencj\u0119 brzoskwini. To wyrafinowany <b data-path-to-node=\"26\" data-index-in-node=\"146\">vaper 32k<\/b> Wyb\u00f3r dla mi\u0142o\u015bnik\u00f3w owoc\u00f3w, kt\u00f3rzy lubi\u0105 g\u0142\u0119bi\u0119.<\/p>\n<h2 data-path-to-node=\"60\">Specyfikacje Puff 32k Bang Leader 32K Vape Core<\/h2>\n<table data-path-to-node=\"16\">\n<thead>\n<tr>\n<td><strong>Specyfikacja techniczna<\/strong><\/td>\n<td><strong>Warto\u015b\u0107 Bang Leader 32K<\/strong><\/td>\n<td><strong>Profil wydajno\u015bci<\/strong><\/td>\n<\/tr>\n<\/thead>\n<tbody>\n<tr>\n<td><span data-path-to-node=\"16,1,0,0\"><b data-path-to-node=\"16,1,0,0\" data-index-in-node=\"0\">Ca\u0142kowita pojemno\u015b\u0107<\/b><\/span><\/td>\n<td><span data-path-to-node=\"16,1,1,0\">Zbiornik cieczy 56 ml<\/span><\/td>\n<td><span data-path-to-node=\"16,1,2,0\"><b data-path-to-node=\"16,1,2,0\" data-index-in-node=\"0\">Jagodowa cierpko\u015b\u0107:<\/b> \ud83e\uded0\ud83e\uded0\ud83e\uded0\ud83e\uded0<\/span><\/td>\n<\/tr>\n<tr>\n<td><span data-path-to-node=\"16,2,0,0\"><b data-path-to-node=\"16,2,0,0\" data-index-in-node=\"0\">Port \u0142adowania<\/b><\/span><\/td>\n<td><span data-path-to-node=\"16,2,1,0\">Wydajny typ C<\/span><\/td>\n<td><span data-path-to-node=\"16,2,2,0\"><b data-path-to-node=\"16,2,2,0\" data-index-in-node=\"0\">Odczucie w ustach:<\/b> Aksamitna mieszanka owoc\u00f3w<\/span><\/td>\n<\/tr>\n<tr>\n<td><span data-path-to-node=\"16,3,0,0\"><b data-path-to-node=\"16,3,0,0\" data-index-in-node=\"0\">Puff Rating<\/b><\/span><\/td>\n<td><span data-path-to-node=\"16,3,1,0\"><b data-path-to-node=\"16,3,1,0\" data-index-in-node=\"0\">Puff 32k Bang Leader<\/b><\/span><\/td>\n<td><span data-path-to-node=\"16,3,2,0\"><b data-path-to-node=\"16,3,2,0\" data-index-in-node=\"0\">Poziom lodu:<\/b> \u0141agodny i orze\u017awiaj\u0105cy<\/span><\/td>\n<\/tr>\n<tr>\n<td><span data-path-to-node=\"16,4,0,0\"><b data-path-to-node=\"16,4,0,0\" data-index-in-node=\"0\">Materia\u0142 konstrukcyjny<\/b><\/span><\/td>\n<td><span data-path-to-node=\"16,4,1,0\">PCTG klasy spo\u017cywczej<\/span><\/td>\n<td><span data-path-to-node=\"16,4,2,0\"><b data-path-to-node=\"16,4,2,0\" data-index-in-node=\"0\">Najlepsze dla:<\/b> Fani mieszanki owocowej<\/span><\/td>\n<\/tr>\n<\/tbody>\n<\/table>\n<h3 dir=\"auto\">Oto dalsze zalecenia dla Ciebie:<\/h3>\n<p dir=\"auto\">Odkryj jeszcze wi\u0119cej niesamowitych smak\u00f3w dzi\u0119ki Puff 32k Bang Leader 32K Vape!<\/p>\n<p dir=\"auto\"><a href=\"https:\/\/vozolvapen.de\/pl\/product-category\/bang-vape\/puff-32k-bang-leader-32k-vape-2-in-1\/\" target=\"_blank\" rel=\"noopener noreferrer nofollow\">Zobacz wszystkie odmiany tutaj \u2192<\/a><\/p>\n<p dir=\"auto\">Zapoznaj si\u0119 z nasz\u0105 pe\u0142n\u0105 kolekcj\u0105 i kupuj produkty najlepszych marek vape, kt\u00f3re pokochasz.<\/p>\n<p dir=\"auto\"><a href=\"https:\/\/vozolvapen.de\/pl\/\" target=\"_blank\" rel=\"noopener noreferrer nofollow\">Przegl\u0105daj teraz wszystkie marki \u2192<\/a><\/p>\n<p dir=\"auto\">Sprawd\u017a ca\u0142\u0105 seri\u0119 Bang Vape - ka\u017cdy smak, ka\u017cdy styl!<\/p>\n<p dir=\"auto\"><a href=\"https:\/\/vozolvapen.de\/pl\/product-category\/bang-vape\/\" target=\"_blank\" rel=\"noopener noreferrer nofollow\">Zobacz pe\u0142n\u0105 kolekcj\u0119 Bang Vape \u2192<\/a><\/p>","protected":false},"excerpt":{"rendered":"<p><b data-path-to-node=\"4,5,4,0\" data-index-in-node=\"0\">The Orchard Blend.<\/b> Wyrafinowany <b data-path-to-node=\"4,5,4,0\" data-index-in-node=\"35\">Puff 32k<\/b> duet. Prze\u0142\u0105czaj mi\u0119dzy cierpkimi niebieskimi malinami a aksamitn\u0105, wielowarstwow\u0105 mieszank\u0105 brzoskwini, mango i melona.<\/p>","protected":false},"featured_media":53671,"comment_status":"open","ping_status":"closed","template":"","meta":{"_acf_changed":false},"product_brand":[],"product_cat":[134,108],"product_tag":[],"class_list":{"0":"post-52815","1":"product","2":"type-product","3":"status-publish","4":"has-post-thumbnail","6":"product_cat-eu-warehouse-in-stock","7":"product_cat-puff-32k-bang-leader-32k-vape-2-in-1","9":"first","10":"instock","11":"shipping-taxable","12":"purchasable","13":"product-type-variable"},"acf":[],"yoast_head":"<!-- This site is optimized with the Yoast SEO Premium plugin v26.1 (Yoast SEO v27.5) - https:\/\/yoast.com\/product\/yoast-seo-premium-wordpress\/ -->\n<title>Blueberry Raspberry &amp; Peach Mango Bang Leader 32k - vozolvapen<\/title>\n<meta name=\"description\" content=\"Experience the Blueberry Raspberry &amp; Peach Mango Watermelon Bang Leader 32000. 2-in-1 bang vape flavors with 32k puffs. Rapid shipping from EU.\" \/>\n<meta name=\"robots\" content=\"index, follow, max-snippet:-1, max-image-preview:large, max-video-preview:-1\" \/>\n<link rel=\"canonical\" href=\"https:\/\/vozolvapen.de\/pl\/product\/puff-32k-bang-leader-32k-vape-blueberry-raspberry-peach-mango-watermelon\/\" \/>\n<meta property=\"og:locale\" content=\"pl_PL\" \/>\n<meta property=\"og:type\" content=\"article\" \/>\n<meta property=\"og:title\" content=\"Puff 32k Bang Leader 32K Vape - Blueberry Raspberry &amp; Peach Mango Watermelon\" \/>\n<meta property=\"og:description\" content=\"Experience the Blueberry Raspberry &amp; Peach Mango Watermelon Bang Leader 32000. 2-in-1 bang vape flavors with 32k puffs. Rapid shipping from EU.\" \/>\n<meta property=\"og:url\" content=\"https:\/\/vozolvapen.de\/pl\/product\/puff-32k-bang-leader-32k-vape-blueberry-raspberry-peach-mango-watermelon\/\" \/>\n<meta property=\"og:site_name\" content=\"vozolvapen\" \/>\n<meta property=\"article:modified_time\" content=\"2026-04-08T03:11:25+00:00\" \/>\n<meta property=\"og:image\" content=\"https:\/\/vozolvapen.de\/wp-content\/uploads\/2026\/01\/Puff-32k-Bang-Leader-32K-Vape-Blueberry-Raspberry-Peach-Mango-Watermelon.webp\" \/>\n\t<meta property=\"og:image:width\" content=\"800\" \/>\n\t<meta property=\"og:image:height\" content=\"800\" \/>\n\t<meta property=\"og:image:type\" content=\"image\/webp\" \/>\n<meta name=\"twitter:card\" content=\"summary_large_image\" \/>\n<meta name=\"twitter:label1\" content=\"Szacowany czas czytania\" \/>\n\t<meta name=\"twitter:data1\" content=\"2 minuty\" \/>\n<script type=\"application\/ld+json\" class=\"yoast-schema-graph\">{\"@context\":\"https:\\\/\\\/schema.org\",\"@graph\":[{\"@type\":\"WebPage\",\"@id\":\"https:\\\/\\\/vozolvapen.de\\\/product\\\/puff-32k-bang-leader-32k-vape-blueberry-raspberry-peach-mango-watermelon\\\/\",\"url\":\"https:\\\/\\\/vozolvapen.de\\\/product\\\/puff-32k-bang-leader-32k-vape-blueberry-raspberry-peach-mango-watermelon\\\/\",\"name\":\"Blueberry Raspberry & Peach Mango Bang Leader 32k - vozolvapen\",\"isPartOf\":{\"@id\":\"https:\\\/\\\/vozolvapen.de\\\/#website\"},\"primaryImageOfPage\":{\"@id\":\"https:\\\/\\\/vozolvapen.de\\\/product\\\/puff-32k-bang-leader-32k-vape-blueberry-raspberry-peach-mango-watermelon\\\/#primaryimage\"},\"image\":{\"@id\":\"https:\\\/\\\/vozolvapen.de\\\/product\\\/puff-32k-bang-leader-32k-vape-blueberry-raspberry-peach-mango-watermelon\\\/#primaryimage\"},\"thumbnailUrl\":\"https:\\\/\\\/vozolvapen.de\\\/wp-content\\\/uploads\\\/2026\\\/01\\\/Puff-32k-Bang-Leader-32K-Vape-Blueberry-Raspberry-Peach-Mango-Watermelon.webp\",\"datePublished\":\"2026-01-05T03:21:56+00:00\",\"dateModified\":\"2026-04-08T03:11:25+00:00\",\"description\":\"Experience the Blueberry Raspberry & Peach Mango Watermelon Bang Leader 32000. 2-in-1 bang vape flavors with 32k puffs. Rapid shipping from EU.\",\"breadcrumb\":{\"@id\":\"https:\\\/\\\/vozolvapen.de\\\/product\\\/puff-32k-bang-leader-32k-vape-blueberry-raspberry-peach-mango-watermelon\\\/#breadcrumb\"},\"inLanguage\":\"pl-PL\",\"potentialAction\":[{\"@type\":\"ReadAction\",\"target\":[\"https:\\\/\\\/vozolvapen.de\\\/product\\\/puff-32k-bang-leader-32k-vape-blueberry-raspberry-peach-mango-watermelon\\\/\"]}]},{\"@type\":\"ImageObject\",\"inLanguage\":\"pl-PL\",\"@id\":\"https:\\\/\\\/vozolvapen.de\\\/product\\\/puff-32k-bang-leader-32k-vape-blueberry-raspberry-peach-mango-watermelon\\\/#primaryimage\",\"url\":\"https:\\\/\\\/vozolvapen.de\\\/wp-content\\\/uploads\\\/2026\\\/01\\\/Puff-32k-Bang-Leader-32K-Vape-Blueberry-Raspberry-Peach-Mango-Watermelon.webp\",\"contentUrl\":\"https:\\\/\\\/vozolvapen.de\\\/wp-content\\\/uploads\\\/2026\\\/01\\\/Puff-32k-Bang-Leader-32K-Vape-Blueberry-Raspberry-Peach-Mango-Watermelon.webp\",\"width\":800,\"height\":800,\"caption\":\"Puff 32k Bang Leader 32K Vape - Blueberry Raspberry & Peach Mango Watermelon\"},{\"@type\":\"BreadcrumbList\",\"@id\":\"https:\\\/\\\/vozolvapen.de\\\/product\\\/puff-32k-bang-leader-32k-vape-blueberry-raspberry-peach-mango-watermelon\\\/#breadcrumb\",\"itemListElement\":[{\"@type\":\"ListItem\",\"position\":1,\"name\":\"Home\",\"item\":\"https:\\\/\\\/vozolvapen.de\\\/de\\\/\"},{\"@type\":\"ListItem\",\"position\":2,\"name\":\"Shop\",\"item\":\"https:\\\/\\\/vozolvapen.de\\\/shop\\\/\"},{\"@type\":\"ListItem\",\"position\":3,\"name\":\"Puff 32k Bang Leader 32K Vape &#8211; Blueberry Raspberry &#038; Peach Mango Watermelon\"}]},{\"@type\":\"WebSite\",\"@id\":\"https:\\\/\\\/vozolvapen.de\\\/#website\",\"url\":\"https:\\\/\\\/vozolvapen.de\\\/\",\"name\":\"vozolvapen\",\"description\":\"vozolvapen\",\"publisher\":{\"@id\":\"https:\\\/\\\/vozolvapen.de\\\/#organization\"},\"potentialAction\":[{\"@type\":\"SearchAction\",\"target\":{\"@type\":\"EntryPoint\",\"urlTemplate\":\"https:\\\/\\\/vozolvapen.de\\\/?s={search_term_string}\"},\"query-input\":{\"@type\":\"PropertyValueSpecification\",\"valueRequired\":true,\"valueName\":\"search_term_string\"}}],\"inLanguage\":\"pl-PL\"},{\"@type\":\"Organization\",\"@id\":\"https:\\\/\\\/vozolvapen.de\\\/#organization\",\"name\":\"vozolvapen\",\"url\":\"https:\\\/\\\/vozolvapen.de\\\/\",\"logo\":{\"@type\":\"ImageObject\",\"inLanguage\":\"pl-PL\",\"@id\":\"https:\\\/\\\/vozolvapen.de\\\/#\\\/schema\\\/logo\\\/image\\\/\",\"url\":\"https:\\\/\\\/vozolvapen.de\\\/wp-content\\\/uploads\\\/2025\\\/12\\\/cropped-vozovapen-logo.webp\",\"contentUrl\":\"https:\\\/\\\/vozolvapen.de\\\/wp-content\\\/uploads\\\/2025\\\/12\\\/cropped-vozovapen-logo.webp\",\"width\":470,\"height\":110,\"caption\":\"vozolvapen\"},\"image\":{\"@id\":\"https:\\\/\\\/vozolvapen.de\\\/#\\\/schema\\\/logo\\\/image\\\/\"}}]}<\/script>\n<!-- \/ Yoast SEO Premium plugin. -->","yoast_head_json":{"title":"Blueberry Raspberry &amp; Peach Mango Bang Leader 32k - vozolvapen","description":"Do\u015bwiadcz Blueberry Raspberry &amp; Peach Mango Watermelon Bang Leader 32000. Smaki bang vape 2 w 1 z 32 tysi\u0105cami zaci\u0105gni\u0119\u0107. Szybka wysy\u0142ka z UE.","robots":{"index":"index","follow":"follow","max-snippet":"max-snippet:-1","max-image-preview":"max-image-preview:large","max-video-preview":"max-video-preview:-1"},"canonical":"https:\/\/vozolvapen.de\/pl\/product\/puff-32k-bang-leader-32k-vape-blueberry-raspberry-peach-mango-watermelon\/","og_locale":"pl_PL","og_type":"article","og_title":"Puff 32k Bang Leader 32K Vape - Blueberry Raspberry & Peach Mango Watermelon","og_description":"Experience the Blueberry Raspberry & Peach Mango Watermelon Bang Leader 32000. 2-in-1 bang vape flavors with 32k puffs. Rapid shipping from EU.","og_url":"https:\/\/vozolvapen.de\/pl\/product\/puff-32k-bang-leader-32k-vape-blueberry-raspberry-peach-mango-watermelon\/","og_site_name":"vozolvapen","article_modified_time":"2026-04-08T03:11:25+00:00","og_image":[{"width":800,"height":800,"url":"https:\/\/vozolvapen.de\/wp-content\/uploads\/2026\/01\/Puff-32k-Bang-Leader-32K-Vape-Blueberry-Raspberry-Peach-Mango-Watermelon.webp","type":"image\/webp"}],"twitter_card":"summary_large_image","twitter_misc":{"Szacowany czas czytania":"2 minuty"},"schema":{"@context":"https:\/\/schema.org","@graph":[{"@type":"WebPage","@id":"https:\/\/vozolvapen.de\/product\/puff-32k-bang-leader-32k-vape-blueberry-raspberry-peach-mango-watermelon\/","url":"https:\/\/vozolvapen.de\/product\/puff-32k-bang-leader-32k-vape-blueberry-raspberry-peach-mango-watermelon\/","name":"Blueberry Raspberry &amp; Peach Mango Bang Leader 32k - vozolvapen","isPartOf":{"@id":"https:\/\/vozolvapen.de\/#website"},"primaryImageOfPage":{"@id":"https:\/\/vozolvapen.de\/product\/puff-32k-bang-leader-32k-vape-blueberry-raspberry-peach-mango-watermelon\/#primaryimage"},"image":{"@id":"https:\/\/vozolvapen.de\/product\/puff-32k-bang-leader-32k-vape-blueberry-raspberry-peach-mango-watermelon\/#primaryimage"},"thumbnailUrl":"https:\/\/vozolvapen.de\/wp-content\/uploads\/2026\/01\/Puff-32k-Bang-Leader-32K-Vape-Blueberry-Raspberry-Peach-Mango-Watermelon.webp","datePublished":"2026-01-05T03:21:56+00:00","dateModified":"2026-04-08T03:11:25+00:00","description":"Do\u015bwiadcz Blueberry Raspberry &amp; Peach Mango Watermelon Bang Leader 32000. Smaki bang vape 2 w 1 z 32 tysi\u0105cami zaci\u0105gni\u0119\u0107. Szybka wysy\u0142ka z UE.","breadcrumb":{"@id":"https:\/\/vozolvapen.de\/product\/puff-32k-bang-leader-32k-vape-blueberry-raspberry-peach-mango-watermelon\/#breadcrumb"},"inLanguage":"pl-PL","potentialAction":[{"@type":"ReadAction","target":["https:\/\/vozolvapen.de\/product\/puff-32k-bang-leader-32k-vape-blueberry-raspberry-peach-mango-watermelon\/"]}]},{"@type":"ImageObject","inLanguage":"pl-PL","@id":"https:\/\/vozolvapen.de\/product\/puff-32k-bang-leader-32k-vape-blueberry-raspberry-peach-mango-watermelon\/#primaryimage","url":"https:\/\/vozolvapen.de\/wp-content\/uploads\/2026\/01\/Puff-32k-Bang-Leader-32K-Vape-Blueberry-Raspberry-Peach-Mango-Watermelon.webp","contentUrl":"https:\/\/vozolvapen.de\/wp-content\/uploads\/2026\/01\/Puff-32k-Bang-Leader-32K-Vape-Blueberry-Raspberry-Peach-Mango-Watermelon.webp","width":800,"height":800,"caption":"Puff 32k Bang Leader 32K Vape - Blueberry Raspberry & Peach Mango Watermelon"},{"@type":"BreadcrumbList","@id":"https:\/\/vozolvapen.de\/product\/puff-32k-bang-leader-32k-vape-blueberry-raspberry-peach-mango-watermelon\/#breadcrumb","itemListElement":[{"@type":"ListItem","position":1,"name":"Home","item":"https:\/\/vozolvapen.de\/de\/"},{"@type":"ListItem","position":2,"name":"Shop","item":"https:\/\/vozolvapen.de\/shop\/"},{"@type":"ListItem","position":3,"name":"Puff 32k Bang Leader 32K Vape &#8211; Blueberry Raspberry &#038; Peach Mango Watermelon"}]},{"@type":"WebSite","@id":"https:\/\/vozolvapen.de\/#website","url":"https:\/\/vozolvapen.de\/","name":"vozolvapen","description":"vozolvapen","publisher":{"@id":"https:\/\/vozolvapen.de\/#organization"},"potentialAction":[{"@type":"SearchAction","target":{"@type":"EntryPoint","urlTemplate":"https:\/\/vozolvapen.de\/?s={search_term_string}"},"query-input":{"@type":"PropertyValueSpecification","valueRequired":true,"valueName":"search_term_string"}}],"inLanguage":"pl-PL"},{"@type":"Organization","@id":"https:\/\/vozolvapen.de\/#organization","name":"vozolvapen","url":"https:\/\/vozolvapen.de\/","logo":{"@type":"ImageObject","inLanguage":"pl-PL","@id":"https:\/\/vozolvapen.de\/#\/schema\/logo\/image\/","url":"https:\/\/vozolvapen.de\/wp-content\/uploads\/2025\/12\/cropped-vozovapen-logo.webp","contentUrl":"https:\/\/vozolvapen.de\/wp-content\/uploads\/2025\/12\/cropped-vozovapen-logo.webp","width":470,"height":110,"caption":"vozolvapen"},"image":{"@id":"https:\/\/vozolvapen.de\/#\/schema\/logo\/image\/"}}]}},"tiered_pricing_type":"fixed","tiered_pricing_fixed_rules":{"30":"10.6","50":"8.6","100":"7.6","200":"7.1"},"tiered_pricing_product_settings":{"layout":"default","base_unit_name":{"singular":null,"plural":null},"default_variation":{}},"tiered_pricing_minimum_quantity":10,"tiered_pricing_roles_data":[],"tiered_pricing_percentage_rules":[],"tiered_pricing_maximum_quantity":null,"tiered_pricing_quantity_step":"10","_links":{"self":[{"href":"http:\/\/vozolvapen.de\/pl\/wp-json\/wp\/v2\/product\/52815","targetHints":{"allow":["GET"]}}],"collection":[{"href":"http:\/\/vozolvapen.de\/pl\/wp-json\/wp\/v2\/product"}],"about":[{"href":"http:\/\/vozolvapen.de\/pl\/wp-json\/wp\/v2\/types\/product"}],"replies":[{"embeddable":true,"href":"http:\/\/vozolvapen.de\/pl\/wp-json\/wp\/v2\/comments?post=52815"}],"wp:featuredmedia":[{"embeddable":true,"href":"http:\/\/vozolvapen.de\/pl\/wp-json\/wp\/v2\/media\/53671"}],"wp:attachment":[{"href":"http:\/\/vozolvapen.de\/pl\/wp-json\/wp\/v2\/media?parent=52815"}],"wp:term":[{"taxonomy":"product_brand","embeddable":true,"href":"http:\/\/vozolvapen.de\/pl\/wp-json\/wp\/v2\/product_brand?post=52815"},{"taxonomy":"product_cat","embeddable":true,"href":"http:\/\/vozolvapen.de\/pl\/wp-json\/wp\/v2\/product_cat?post=52815"},{"taxonomy":"product_tag","embeddable":true,"href":"http:\/\/vozolvapen.de\/pl\/wp-json\/wp\/v2\/product_tag?post=52815"}],"curies":[{"name":"wp","href":"https:\/\/api.w.org\/{rel}","templated":true}]}}