{"id":52969,"date":"2026-01-05T03:22:02","date_gmt":"2026-01-05T03:22:02","guid":{"rendered":"https:\/\/vozolvapen.de\/?post_type=product&#038;p=52969"},"modified":"2026-04-08T03:11:35","modified_gmt":"2026-04-08T03:11:35","slug":"puff-32k-bang-leader-32k-vape-blueberry-ice-black-dragon-ice","status":"publish","type":"product","link":"http:\/\/vozolvapen.de\/pl\/product\/puff-32k-bang-leader-32k-vape-blueberry-ice-black-dragon-ice\/","title":{"rendered":"Puff 32k Bang Leader 32K Vape - Blueberry Ice &amp; Black Dragon Ice"},"content":{"rendered":"<h1 data-path-to-node=\"38\"><b data-path-to-node=\"38\" data-index-in-node=\"0\">Bang Leader 32000 Puffs 2 w 1: Blueberry Ice &amp; Black Dragon Ice<\/b><\/h1>\n<p data-path-to-node=\"39\"><b data-path-to-node=\"39\" data-index-in-node=\"0\">The Midnight Dragon Chill:<\/b> Zanurz si\u0119 w tajemnicz\u0105 stron\u0119 <b data-path-to-node=\"39\" data-index-in-node=\"64\">Puff 32k<\/b> kolekcja. Ten zestaw wykorzystuje <b data-path-to-node=\"39\" data-index-in-node=\"107\">Bang Leader's<\/b> System podw\u00f3jnych zbiornik\u00f3w do przechowywania dw\u00f3ch najpopularniejszych smak\u00f3w \u201cIce\u201d w bran\u017cy, zapewniaj\u0105c <b data-path-to-node=\"39\" data-index-in-node=\"216\">32k vape<\/b> pozostaje mro\u017any do ostatniej kropli z 56 ml pojemno\u015bci.<\/p>\n<h2 data-path-to-node=\"40\"><b data-path-to-node=\"40\" data-index-in-node=\"0\">G\u0142\u0119bokie zanurzenie w mitycznym mrozie<\/b><\/h2>\n<ul data-path-to-node=\"41\">\n<li>\n<p data-path-to-node=\"41,0,0\"><b data-path-to-node=\"41,0,0\" data-index-in-node=\"0\">Spos\u00f3b A - Blueberry Ice:<\/b> Pulchne, sch\u0142odzone jagody z utrzymuj\u0105c\u0105 si\u0119 lodowat\u0105 s\u0142odycz\u0105.<\/p>\n<\/li>\n<li>\n<p data-path-to-node=\"41,1,0\"><b data-path-to-node=\"41,1,0\" data-index-in-node=\"0\">Tryb B - Black Dragon Ice:<\/b> Egzotyczna mieszanka ciemnych owoc\u00f3w (smoczy owoc i je\u017cyna) z ostrym mentolowym kopni\u0119ciem.<\/p>\n<\/li>\n<\/ul>\n<h2 data-path-to-node=\"42\"><b data-path-to-node=\"42\" data-index-in-node=\"0\">Dla kogo przeznaczony jest ten smak?<\/b><\/h2>\n<p data-path-to-node=\"42\"><b data-path-to-node=\"42\" data-index-in-node=\"24\">The Menthol Enthusiast:<\/b> Idealny dla tych, kt\u00f3rzy chc\u0105 wyrafinowanego, \u201cciemnego\u201d profilu owocowego z maksymaln\u0105 moc\u0105 ch\u0142odzenia.<\/p>\n<h2 data-path-to-node=\"6\">Przewodnik po smakach Bang Leader 32K - Blueberry Ice i Black Dragon Ice<\/h2>\n<p data-path-to-node=\"34\"><b data-path-to-node=\"34\" data-index-in-node=\"0\">Sensoryczna karta wynik\u00f3w:<\/b><\/p>\n<ul data-path-to-node=\"35\">\n<li>\n<p data-path-to-node=\"35,0,0\"><b data-path-to-node=\"35,0,0\" data-index-in-node=\"0\">Aromat :<\/b> \u2b50\u2b50\u2b50\u2b50\u2b50<\/p>\n<\/li>\n<li>\n<p data-path-to-node=\"35,1,0\"><b data-path-to-node=\"35,1,0\" data-index-in-node=\"0\">Odczucie w ustach :<\/b> \u2b50\u2b50\u2b50\u2b50\u2606<\/p>\n<\/li>\n<li>\n<p data-path-to-node=\"35,2,0\"><b data-path-to-node=\"35,2,0\" data-index-in-node=\"0\">Poziom lodu :<\/b> \u2b50\u2b50\u2b50\u2b50\u2b50<\/p>\n<\/li>\n<li>\n<p data-path-to-node=\"35,3,0\"><b data-path-to-node=\"35,3,0\" data-index-in-node=\"0\">S\u0142odycz :<\/b> \u2b50\u2b50\u2b50\u2606\u2606<\/p>\n<\/li>\n<\/ul>\n<p data-path-to-node=\"36\"><b data-path-to-node=\"36\" data-index-in-node=\"0\">Werdykt eksperta:<\/b> Intensywny i tajemniczy. The <b data-path-to-node=\"36\" data-index-in-node=\"44\">Black Dragon Ice<\/b> oferuje ciemny, egzotyczny smak jag\u00f3d, kt\u00f3ry jest wzmocniony przez maksymalne ustawienie lodu. Jest to produkt z najwy\u017cszej p\u00f3\u0142ki <b data-path-to-node=\"36\" data-index-in-node=\"159\">32k vape<\/b> dla entuzjast\u00f3w mentolu.<\/p>\n<h2 data-path-to-node=\"60\">Specyfikacje Puff 32k Bang Leader 32K Vape Core<\/h2>\n<table data-path-to-node=\"22\">\n<thead>\n<tr>\n<td><strong>Specyfikacja techniczna<\/strong><\/td>\n<td><strong>Warto\u015b\u0107 Bang Leader 32K<\/strong><\/td>\n<td><strong>Profil wydajno\u015bci<\/strong><\/td>\n<\/tr>\n<\/thead>\n<tbody>\n<tr>\n<td><span data-path-to-node=\"22,1,0,0\"><b data-path-to-node=\"22,1,0,0\" data-index-in-node=\"0\">Seria<\/b><\/span><\/td>\n<td><span data-path-to-node=\"22,1,1,0\"><b data-path-to-node=\"22,1,1,0\" data-index-in-node=\"0\">Puff 32000<\/b> Ice Edition<\/span><\/td>\n<td><span data-path-to-node=\"22,1,2,0\"><b data-path-to-node=\"22,1,2,0\" data-index-in-node=\"0\">Intensywno\u015b\u0107 ch\u0142odzenia:<\/b> \u2744\ufe0f\u2744\ufe0f\u2744\ufe0f\u2744\ufe0f\u2744\ufe0f<\/span><\/td>\n<\/tr>\n<tr>\n<td><span data-path-to-node=\"22,2,0,0\"><b data-path-to-node=\"22,2,0,0\" data-index-in-node=\"0\">Zbiornik E-Liquid<\/b><\/span><\/td>\n<td><span data-path-to-node=\"22,2,1,0\">Podw\u00f3jna izolacja 28ML<\/span><\/td>\n<td><span data-path-to-node=\"22,2,2,0\"><b data-path-to-node=\"22,2,2,0\" data-index-in-node=\"0\">Profil aromatu:<\/b> Mroczny i tajemniczy<\/span><\/td>\n<\/tr>\n<tr>\n<td><span data-path-to-node=\"22,3,0,0\"><b data-path-to-node=\"22,3,0,0\" data-index-in-node=\"0\">Puff Limit<\/b><\/span><\/td>\n<td><span data-path-to-node=\"22,3,1,0\">32 000 gwarantowane<\/span><\/td>\n<td><span data-path-to-node=\"22,3,2,0\"><b data-path-to-node=\"22,3,2,0\" data-index-in-node=\"0\">Uderzenie w gard\u0142o:<\/b> Ci\u0119\u017cki i satysfakcjonuj\u0105cy<\/span><\/td>\n<\/tr>\n<tr>\n<td><span data-path-to-node=\"22,4,0,0\"><b data-path-to-node=\"22,4,0,0\" data-index-in-node=\"0\">Funkcja techniczna<\/b><\/span><\/td>\n<td><span data-path-to-node=\"22,4,1,0\">Inteligentna kontrola przep\u0142ywu powietrza<\/span><\/td>\n<td><span data-path-to-node=\"22,4,2,0\"><b data-path-to-node=\"22,4,2,0\" data-index-in-node=\"0\">Najlepsze dla:<\/b> Hardkorowi vaperzy mentolowi<\/span><\/td>\n<\/tr>\n<\/tbody>\n<\/table>\n<h3 dir=\"auto\">Oto dalsze zalecenia dla Ciebie:<\/h3>\n<p dir=\"auto\">Odkryj jeszcze wi\u0119cej niesamowitych smak\u00f3w dzi\u0119ki Puff 32k Bang Leader 32K Vape!<\/p>\n<p dir=\"auto\"><a href=\"https:\/\/vozolvapen.de\/pl\/product-category\/bang-vape\/puff-32k-bang-leader-32k-vape-2-in-1\/\" target=\"_blank\" rel=\"noopener noreferrer nofollow\">Zobacz wszystkie odmiany tutaj \u2192<\/a><\/p>\n<p dir=\"auto\">Zapoznaj si\u0119 z nasz\u0105 pe\u0142n\u0105 kolekcj\u0105 i kupuj produkty najlepszych marek vape, kt\u00f3re pokochasz.<\/p>\n<p dir=\"auto\"><a href=\"https:\/\/vozolvapen.de\/pl\/\" target=\"_blank\" rel=\"noopener noreferrer nofollow\">Przegl\u0105daj teraz wszystkie marki \u2192<\/a><\/p>\n<p dir=\"auto\">Sprawd\u017a ca\u0142\u0105 seri\u0119 Bang Vape - ka\u017cdy smak, ka\u017cdy styl!<\/p>\n<p dir=\"auto\"><a href=\"https:\/\/vozolvapen.de\/pl\/product-category\/bang-vape\/\" target=\"_blank\" rel=\"noopener noreferrer nofollow\">Zobacz pe\u0142n\u0105 kolekcj\u0119 Bang Vape \u2192<\/a><\/p>","protected":false},"excerpt":{"rendered":"<p><b data-path-to-node=\"4,7,4,0\" data-index-in-node=\"0\">Midnight Frost.<\/b> Zadziorne 2 w 1 <b data-path-to-node=\"4,7,4,0\" data-index-in-node=\"32\">32k vape<\/b> dla mi\u0142o\u015bnik\u00f3w mentolu. Prze\u0142\u0105czaj mi\u0119dzy s\u0142odkimi, sch\u0142odzonymi jagodami a egzotycznym kopni\u0119ciem Black Dragon Ice.<\/p>","protected":false},"featured_media":53675,"comment_status":"open","ping_status":"closed","template":"","meta":{"_acf_changed":false},"product_brand":[],"product_cat":[134,108],"product_tag":[],"class_list":{"0":"post-52969","1":"product","2":"type-product","3":"status-publish","4":"has-post-thumbnail","6":"product_cat-eu-warehouse-in-stock","7":"product_cat-puff-32k-bang-leader-32k-vape-2-in-1","9":"first","10":"instock","11":"shipping-taxable","12":"purchasable","13":"product-type-variable"},"acf":[],"yoast_head":"<!-- This site is optimized with the Yoast SEO Premium plugin v26.1 (Yoast SEO v27.5) - https:\/\/yoast.com\/product\/yoast-seo-premium-wordpress\/ -->\n<title>Blueberry Ice &amp; Black Dragon Ice Bang Leader 32k - vozolvapen<\/title>\n<meta name=\"description\" content=\"Discover the icy Blueberry Ice &amp; Black Dragon Ice Bang Leader 32000. 32,000 puffs of mysterious dark fruits. The coldest vaper 32k in the lineup.\" \/>\n<meta name=\"robots\" content=\"index, follow, max-snippet:-1, max-image-preview:large, max-video-preview:-1\" \/>\n<link rel=\"canonical\" href=\"https:\/\/vozolvapen.de\/pl\/product\/puff-32k-bang-leader-32k-vape-blueberry-ice-black-dragon-ice\/\" \/>\n<meta property=\"og:locale\" content=\"pl_PL\" \/>\n<meta property=\"og:type\" content=\"article\" \/>\n<meta property=\"og:title\" content=\"Puff 32k Bang Leader 32K Vape - Blueberry Ice &amp; Black Dragon Ice\" \/>\n<meta property=\"og:description\" content=\"Discover the icy Blueberry Ice &amp; Black Dragon Ice Bang Leader 32000. 32,000 puffs of mysterious dark fruits. The coldest vaper 32k in the lineup.\" \/>\n<meta property=\"og:url\" content=\"https:\/\/vozolvapen.de\/pl\/product\/puff-32k-bang-leader-32k-vape-blueberry-ice-black-dragon-ice\/\" \/>\n<meta property=\"og:site_name\" content=\"vozolvapen\" \/>\n<meta property=\"article:modified_time\" content=\"2026-04-08T03:11:35+00:00\" \/>\n<meta property=\"og:image\" content=\"https:\/\/vozolvapen.de\/wp-content\/uploads\/2026\/01\/Puff-32k-Bang-Leader-32K-Vape-Blueberry-Ice-Black-Dragon-Ice.webp\" \/>\n\t<meta property=\"og:image:width\" content=\"800\" \/>\n\t<meta property=\"og:image:height\" content=\"800\" \/>\n\t<meta property=\"og:image:type\" content=\"image\/webp\" \/>\n<meta name=\"twitter:card\" content=\"summary_large_image\" \/>\n<meta name=\"twitter:label1\" content=\"Szacowany czas czytania\" \/>\n\t<meta name=\"twitter:data1\" content=\"2 minuty\" \/>\n<script type=\"application\/ld+json\" class=\"yoast-schema-graph\">{\"@context\":\"https:\\\/\\\/schema.org\",\"@graph\":[{\"@type\":\"WebPage\",\"@id\":\"https:\\\/\\\/vozolvapen.de\\\/product\\\/puff-32k-bang-leader-32k-vape-blueberry-ice-black-dragon-ice\\\/\",\"url\":\"https:\\\/\\\/vozolvapen.de\\\/product\\\/puff-32k-bang-leader-32k-vape-blueberry-ice-black-dragon-ice\\\/\",\"name\":\"Blueberry Ice & Black Dragon Ice Bang Leader 32k - vozolvapen\",\"isPartOf\":{\"@id\":\"https:\\\/\\\/vozolvapen.de\\\/#website\"},\"primaryImageOfPage\":{\"@id\":\"https:\\\/\\\/vozolvapen.de\\\/product\\\/puff-32k-bang-leader-32k-vape-blueberry-ice-black-dragon-ice\\\/#primaryimage\"},\"image\":{\"@id\":\"https:\\\/\\\/vozolvapen.de\\\/product\\\/puff-32k-bang-leader-32k-vape-blueberry-ice-black-dragon-ice\\\/#primaryimage\"},\"thumbnailUrl\":\"https:\\\/\\\/vozolvapen.de\\\/wp-content\\\/uploads\\\/2026\\\/01\\\/Puff-32k-Bang-Leader-32K-Vape-Blueberry-Ice-Black-Dragon-Ice.webp\",\"datePublished\":\"2026-01-05T03:22:02+00:00\",\"dateModified\":\"2026-04-08T03:11:35+00:00\",\"description\":\"Discover the icy Blueberry Ice & Black Dragon Ice Bang Leader 32000. 32,000 puffs of mysterious dark fruits. The coldest vaper 32k in the lineup.\",\"breadcrumb\":{\"@id\":\"https:\\\/\\\/vozolvapen.de\\\/product\\\/puff-32k-bang-leader-32k-vape-blueberry-ice-black-dragon-ice\\\/#breadcrumb\"},\"inLanguage\":\"pl-PL\",\"potentialAction\":[{\"@type\":\"ReadAction\",\"target\":[\"https:\\\/\\\/vozolvapen.de\\\/product\\\/puff-32k-bang-leader-32k-vape-blueberry-ice-black-dragon-ice\\\/\"]}]},{\"@type\":\"ImageObject\",\"inLanguage\":\"pl-PL\",\"@id\":\"https:\\\/\\\/vozolvapen.de\\\/product\\\/puff-32k-bang-leader-32k-vape-blueberry-ice-black-dragon-ice\\\/#primaryimage\",\"url\":\"https:\\\/\\\/vozolvapen.de\\\/wp-content\\\/uploads\\\/2026\\\/01\\\/Puff-32k-Bang-Leader-32K-Vape-Blueberry-Ice-Black-Dragon-Ice.webp\",\"contentUrl\":\"https:\\\/\\\/vozolvapen.de\\\/wp-content\\\/uploads\\\/2026\\\/01\\\/Puff-32k-Bang-Leader-32K-Vape-Blueberry-Ice-Black-Dragon-Ice.webp\",\"width\":800,\"height\":800,\"caption\":\"Puff 32k Bang Leader 32K Vape - Blueberry Ice & Black Dragon Ice\"},{\"@type\":\"BreadcrumbList\",\"@id\":\"https:\\\/\\\/vozolvapen.de\\\/product\\\/puff-32k-bang-leader-32k-vape-blueberry-ice-black-dragon-ice\\\/#breadcrumb\",\"itemListElement\":[{\"@type\":\"ListItem\",\"position\":1,\"name\":\"Home\",\"item\":\"https:\\\/\\\/vozolvapen.de\\\/de\\\/\"},{\"@type\":\"ListItem\",\"position\":2,\"name\":\"Shop\",\"item\":\"https:\\\/\\\/vozolvapen.de\\\/shop\\\/\"},{\"@type\":\"ListItem\",\"position\":3,\"name\":\"Puff 32k Bang Leader 32K Vape &#8211; Blueberry Ice &#038; Black Dragon Ice\"}]},{\"@type\":\"WebSite\",\"@id\":\"https:\\\/\\\/vozolvapen.de\\\/#website\",\"url\":\"https:\\\/\\\/vozolvapen.de\\\/\",\"name\":\"vozolvapen\",\"description\":\"vozolvapen\",\"publisher\":{\"@id\":\"https:\\\/\\\/vozolvapen.de\\\/#organization\"},\"potentialAction\":[{\"@type\":\"SearchAction\",\"target\":{\"@type\":\"EntryPoint\",\"urlTemplate\":\"https:\\\/\\\/vozolvapen.de\\\/?s={search_term_string}\"},\"query-input\":{\"@type\":\"PropertyValueSpecification\",\"valueRequired\":true,\"valueName\":\"search_term_string\"}}],\"inLanguage\":\"pl-PL\"},{\"@type\":\"Organization\",\"@id\":\"https:\\\/\\\/vozolvapen.de\\\/#organization\",\"name\":\"vozolvapen\",\"url\":\"https:\\\/\\\/vozolvapen.de\\\/\",\"logo\":{\"@type\":\"ImageObject\",\"inLanguage\":\"pl-PL\",\"@id\":\"https:\\\/\\\/vozolvapen.de\\\/#\\\/schema\\\/logo\\\/image\\\/\",\"url\":\"https:\\\/\\\/vozolvapen.de\\\/wp-content\\\/uploads\\\/2025\\\/12\\\/cropped-vozovapen-logo.webp\",\"contentUrl\":\"https:\\\/\\\/vozolvapen.de\\\/wp-content\\\/uploads\\\/2025\\\/12\\\/cropped-vozovapen-logo.webp\",\"width\":470,\"height\":110,\"caption\":\"vozolvapen\"},\"image\":{\"@id\":\"https:\\\/\\\/vozolvapen.de\\\/#\\\/schema\\\/logo\\\/image\\\/\"}}]}<\/script>\n<!-- \/ Yoast SEO Premium plugin. -->","yoast_head_json":{"title":"Blueberry Ice &amp; Black Dragon Ice Bang Leader 32k - vozolvapen","description":"Odkryj lodowaty Blueberry Ice &amp; Black Dragon Ice Bang Leader 32000. 32 000 zaci\u0105gni\u0119\u0107 tajemniczymi ciemnymi owocami. Najzimniejszy vaper 32k w ofercie.","robots":{"index":"index","follow":"follow","max-snippet":"max-snippet:-1","max-image-preview":"max-image-preview:large","max-video-preview":"max-video-preview:-1"},"canonical":"https:\/\/vozolvapen.de\/pl\/product\/puff-32k-bang-leader-32k-vape-blueberry-ice-black-dragon-ice\/","og_locale":"pl_PL","og_type":"article","og_title":"Puff 32k Bang Leader 32K Vape - Blueberry Ice & Black Dragon Ice","og_description":"Discover the icy Blueberry Ice & Black Dragon Ice Bang Leader 32000. 32,000 puffs of mysterious dark fruits. The coldest vaper 32k in the lineup.","og_url":"https:\/\/vozolvapen.de\/pl\/product\/puff-32k-bang-leader-32k-vape-blueberry-ice-black-dragon-ice\/","og_site_name":"vozolvapen","article_modified_time":"2026-04-08T03:11:35+00:00","og_image":[{"width":800,"height":800,"url":"https:\/\/vozolvapen.de\/wp-content\/uploads\/2026\/01\/Puff-32k-Bang-Leader-32K-Vape-Blueberry-Ice-Black-Dragon-Ice.webp","type":"image\/webp"}],"twitter_card":"summary_large_image","twitter_misc":{"Szacowany czas czytania":"2 minuty"},"schema":{"@context":"https:\/\/schema.org","@graph":[{"@type":"WebPage","@id":"https:\/\/vozolvapen.de\/product\/puff-32k-bang-leader-32k-vape-blueberry-ice-black-dragon-ice\/","url":"https:\/\/vozolvapen.de\/product\/puff-32k-bang-leader-32k-vape-blueberry-ice-black-dragon-ice\/","name":"Blueberry Ice &amp; Black Dragon Ice Bang Leader 32k - vozolvapen","isPartOf":{"@id":"https:\/\/vozolvapen.de\/#website"},"primaryImageOfPage":{"@id":"https:\/\/vozolvapen.de\/product\/puff-32k-bang-leader-32k-vape-blueberry-ice-black-dragon-ice\/#primaryimage"},"image":{"@id":"https:\/\/vozolvapen.de\/product\/puff-32k-bang-leader-32k-vape-blueberry-ice-black-dragon-ice\/#primaryimage"},"thumbnailUrl":"https:\/\/vozolvapen.de\/wp-content\/uploads\/2026\/01\/Puff-32k-Bang-Leader-32K-Vape-Blueberry-Ice-Black-Dragon-Ice.webp","datePublished":"2026-01-05T03:22:02+00:00","dateModified":"2026-04-08T03:11:35+00:00","description":"Odkryj lodowaty Blueberry Ice &amp; Black Dragon Ice Bang Leader 32000. 32 000 zaci\u0105gni\u0119\u0107 tajemniczymi ciemnymi owocami. Najzimniejszy vaper 32k w ofercie.","breadcrumb":{"@id":"https:\/\/vozolvapen.de\/product\/puff-32k-bang-leader-32k-vape-blueberry-ice-black-dragon-ice\/#breadcrumb"},"inLanguage":"pl-PL","potentialAction":[{"@type":"ReadAction","target":["https:\/\/vozolvapen.de\/product\/puff-32k-bang-leader-32k-vape-blueberry-ice-black-dragon-ice\/"]}]},{"@type":"ImageObject","inLanguage":"pl-PL","@id":"https:\/\/vozolvapen.de\/product\/puff-32k-bang-leader-32k-vape-blueberry-ice-black-dragon-ice\/#primaryimage","url":"https:\/\/vozolvapen.de\/wp-content\/uploads\/2026\/01\/Puff-32k-Bang-Leader-32K-Vape-Blueberry-Ice-Black-Dragon-Ice.webp","contentUrl":"https:\/\/vozolvapen.de\/wp-content\/uploads\/2026\/01\/Puff-32k-Bang-Leader-32K-Vape-Blueberry-Ice-Black-Dragon-Ice.webp","width":800,"height":800,"caption":"Puff 32k Bang Leader 32K Vape - Blueberry Ice & Black Dragon Ice"},{"@type":"BreadcrumbList","@id":"https:\/\/vozolvapen.de\/product\/puff-32k-bang-leader-32k-vape-blueberry-ice-black-dragon-ice\/#breadcrumb","itemListElement":[{"@type":"ListItem","position":1,"name":"Home","item":"https:\/\/vozolvapen.de\/de\/"},{"@type":"ListItem","position":2,"name":"Shop","item":"https:\/\/vozolvapen.de\/shop\/"},{"@type":"ListItem","position":3,"name":"Puff 32k Bang Leader 32K Vape &#8211; Blueberry Ice &#038; Black Dragon Ice"}]},{"@type":"WebSite","@id":"https:\/\/vozolvapen.de\/#website","url":"https:\/\/vozolvapen.de\/","name":"vozolvapen","description":"vozolvapen","publisher":{"@id":"https:\/\/vozolvapen.de\/#organization"},"potentialAction":[{"@type":"SearchAction","target":{"@type":"EntryPoint","urlTemplate":"https:\/\/vozolvapen.de\/?s={search_term_string}"},"query-input":{"@type":"PropertyValueSpecification","valueRequired":true,"valueName":"search_term_string"}}],"inLanguage":"pl-PL"},{"@type":"Organization","@id":"https:\/\/vozolvapen.de\/#organization","name":"vozolvapen","url":"https:\/\/vozolvapen.de\/","logo":{"@type":"ImageObject","inLanguage":"pl-PL","@id":"https:\/\/vozolvapen.de\/#\/schema\/logo\/image\/","url":"https:\/\/vozolvapen.de\/wp-content\/uploads\/2025\/12\/cropped-vozovapen-logo.webp","contentUrl":"https:\/\/vozolvapen.de\/wp-content\/uploads\/2025\/12\/cropped-vozovapen-logo.webp","width":470,"height":110,"caption":"vozolvapen"},"image":{"@id":"https:\/\/vozolvapen.de\/#\/schema\/logo\/image\/"}}]}},"tiered_pricing_type":"fixed","tiered_pricing_fixed_rules":{"30":"10.6","50":"8.6","100":"7.6","200":"7.1"},"tiered_pricing_product_settings":{"layout":"default","base_unit_name":{"singular":null,"plural":null},"default_variation":{}},"tiered_pricing_minimum_quantity":10,"tiered_pricing_roles_data":[],"tiered_pricing_percentage_rules":[],"tiered_pricing_maximum_quantity":null,"tiered_pricing_quantity_step":"10","_links":{"self":[{"href":"http:\/\/vozolvapen.de\/pl\/wp-json\/wp\/v2\/product\/52969","targetHints":{"allow":["GET"]}}],"collection":[{"href":"http:\/\/vozolvapen.de\/pl\/wp-json\/wp\/v2\/product"}],"about":[{"href":"http:\/\/vozolvapen.de\/pl\/wp-json\/wp\/v2\/types\/product"}],"replies":[{"embeddable":true,"href":"http:\/\/vozolvapen.de\/pl\/wp-json\/wp\/v2\/comments?post=52969"}],"wp:featuredmedia":[{"embeddable":true,"href":"http:\/\/vozolvapen.de\/pl\/wp-json\/wp\/v2\/media\/53675"}],"wp:attachment":[{"href":"http:\/\/vozolvapen.de\/pl\/wp-json\/wp\/v2\/media?parent=52969"}],"wp:term":[{"taxonomy":"product_brand","embeddable":true,"href":"http:\/\/vozolvapen.de\/pl\/wp-json\/wp\/v2\/product_brand?post=52969"},{"taxonomy":"product_cat","embeddable":true,"href":"http:\/\/vozolvapen.de\/pl\/wp-json\/wp\/v2\/product_cat?post=52969"},{"taxonomy":"product_tag","embeddable":true,"href":"http:\/\/vozolvapen.de\/pl\/wp-json\/wp\/v2\/product_tag?post=52969"}],"curies":[{"name":"wp","href":"https:\/\/api.w.org\/{rel}","templated":true}]}}