{"id":53123,"date":"2026-01-05T03:22:08","date_gmt":"2026-01-05T03:22:08","guid":{"rendered":"https:\/\/vozolvapen.de\/?post_type=product&#038;p=53123"},"modified":"2026-04-08T03:12:15","modified_gmt":"2026-04-08T03:12:15","slug":"puff-32k-bang-leader-32k-vape-red-bull-blueberry-watermelon","status":"publish","type":"product","link":"http:\/\/vozolvapen.de\/pl\/product\/puff-32k-bang-leader-32k-vape-red-bull-blueberry-watermelon\/","title":{"rendered":"Puff 32k Bang Leader 32K Vape - Red Bull &amp; Blueberry Watermelon"},"content":{"rendered":"<h1 data-path-to-node=\"50\"><b data-path-to-node=\"50\" data-index-in-node=\"0\">Bang Leader 32000 Puffs 2 w 1: Red Bull &amp; Blueberry Watermelon<\/b><\/h1>\n<p data-path-to-node=\"51\"><b data-path-to-node=\"51\" data-index-in-node=\"0\">Energized Berry Burst:<\/b> Dla tych, kt\u00f3rzy potrzebuj\u0105 wysokoenergetycznego profilu smakowego. To <b data-path-to-node=\"51\" data-index-in-node=\"81\">Puff 32k Bang Leader 32K Vape<\/b> \u0142\u0105czy legendarny \u201czing\u201d klasycznego napoju energetycznego z nawadniaj\u0105c\u0105 s\u0142odycz\u0105 letnich jag\u00f3d.<\/p>\n<h2 data-path-to-node=\"52\"><b data-path-to-node=\"52\" data-index-in-node=\"0\">The Electric Refresh Deep Dive<\/b><\/h2>\n<ul data-path-to-node=\"53\">\n<li>\n<p data-path-to-node=\"53,0,0\"><b data-path-to-node=\"53,0,0\" data-index-in-node=\"0\">Tryb A - Red Bull:<\/b> Cierpki, b\u0105belkowy smak napoju energetycznego, kt\u00f3ry zapewnia ostre i energetyzuj\u0105ce uderzenie w gard\u0142o.<\/p>\n<\/li>\n<li>\n<p data-path-to-node=\"53,1,0\"><b data-path-to-node=\"53,1,0\" data-index-in-node=\"0\">Mode B - Blueberry Watermelon:<\/b> Koj\u0105ca, soczysta mieszanka jag\u00f3d i melona r\u00f3wnowa\u017cy przyp\u0142yw energii.<\/p>\n<\/li>\n<\/ul>\n<h2 data-path-to-node=\"54\"><b data-path-to-node=\"54\" data-index-in-node=\"0\">Dla kogo przeznaczony jest ten smak?<\/b><\/h2>\n<p data-path-to-node=\"54\"><b data-path-to-node=\"54\" data-index-in-node=\"24\">Zapracowany profesjonalista:<\/b> Dla tych, kt\u00f3rzy chc\u0105 <b data-path-to-node=\"54\" data-index-in-node=\"68\">32k vape<\/b> kt\u00f3ry oferuje \u201cpodnosz\u0105cy na duchu\u201d smak wraz z relaksuj\u0105cym owocowym finiszem.<\/p>\n<h2 data-path-to-node=\"6\">Przewodnik po smakach Bang Leader 32K - Red Bull i Blueberry Watermelon<\/h2>\n<p data-path-to-node=\"44\"><b data-path-to-node=\"44\" data-index-in-node=\"0\">Sensoryczna karta wynik\u00f3w:<\/b><\/p>\n<ul data-path-to-node=\"45\">\n<li>\n<p data-path-to-node=\"45,0,0\"><b data-path-to-node=\"45,0,0\" data-index-in-node=\"0\">Aromat :<\/b> \u2b50\u2b50\u2b50\u2b50\u2b50<\/p>\n<\/li>\n<li>\n<p data-path-to-node=\"45,1,0\"><b data-path-to-node=\"45,1,0\" data-index-in-node=\"0\">Odczucie w ustach :<\/b> \u2b50\u2b50\u2b50\u2b50\u2606<\/p>\n<\/li>\n<li>\n<p data-path-to-node=\"45,2,0\"><b data-path-to-node=\"45,2,0\" data-index-in-node=\"0\">Poziom lodu :<\/b> \u2b50\u2b50\u2b50\u2b50\u2606<\/p>\n<\/li>\n<li>\n<p data-path-to-node=\"45,3,0\"><b data-path-to-node=\"45,3,0\" data-index-in-node=\"0\">S\u0142odycz :<\/b> \u2b50\u2b50\u2b50\u2606\u2606<\/p>\n<\/li>\n<\/ul>\n<p data-path-to-node=\"46\"><b data-path-to-node=\"46\" data-index-in-node=\"0\">Werdykt eksperta:<\/b> Specjalista ds. energii. Specjalista ds. <b data-path-to-node=\"46\" data-index-in-node=\"43\">Red Bull<\/b> strona zapewnia unikalne cierpkie, gazowane uderzenie w gard\u0142o, kt\u00f3re jest natychmiast rozpoznawalne. Orze\u017awiaj\u0105cy <b data-path-to-node=\"46\" data-index-in-node=\"154\">Puff 32000<\/b> wyb\u00f3r na poranny \u201cpick-me-up\u201d.\u201d<\/p>\n<h2 data-path-to-node=\"60\">Specyfikacje Puff 32k Bang Leader 32K Vape Core<\/h2>\n<table data-path-to-node=\"28\">\n<thead>\n<tr>\n<td><strong>Specyfikacja techniczna<\/strong><\/td>\n<td><strong>Warto\u015b\u0107 Bang Leader 32K<\/strong><\/td>\n<td><strong>Profil wydajno\u015bci<\/strong><\/td>\n<\/tr>\n<\/thead>\n<tbody>\n<tr>\n<td><span data-path-to-node=\"28,1,0,0\"><b data-path-to-node=\"28,1,0,0\" data-index-in-node=\"0\">Profil smakowy<\/b><\/span><\/td>\n<td><span data-path-to-node=\"28,1,1,0\">Energy &amp; Fruit Duo<\/span><\/td>\n<td><span data-path-to-node=\"28,1,2,0\"><b data-path-to-node=\"28,1,2,0\" data-index-in-node=\"0\">Zing Factor:<\/b> \u26a1\u26a1\u26a1\u26a1\u26a1<\/span><\/td>\n<\/tr>\n<tr>\n<td><span data-path-to-node=\"28,2,0,0\"><b data-path-to-node=\"28,2,0,0\" data-index-in-node=\"0\">Total Puffs<\/b><\/span><\/td>\n<td><span data-path-to-node=\"28,2,1,0\"><b data-path-to-node=\"28,2,1,0\" data-index-in-node=\"0\">Puff 32k<\/b> Wysoka pojemno\u015b\u0107<\/span><\/td>\n<td><span data-path-to-node=\"28,2,2,0\"><b data-path-to-node=\"28,2,2,0\" data-index-in-node=\"0\">Poziom kwasowo\u015bci:<\/b> Tart &amp; Bubbly<\/span><\/td>\n<\/tr>\n<tr>\n<td><span data-path-to-node=\"28,3,0,0\"><b data-path-to-node=\"28,3,0,0\" data-index-in-node=\"0\">\u0141adowanie<\/b><\/span><\/td>\n<td><span data-path-to-node=\"28,3,1,0\">Technologia szybkiego \u0142adowania<\/span><\/td>\n<td><span data-path-to-node=\"28,3,2,0\"><b data-path-to-node=\"28,3,2,0\" data-index-in-node=\"0\">Charakter opar\u00f3w:<\/b> Ostry i podnosz\u0105cy na duchu<\/span><\/td>\n<\/tr>\n<tr>\n<td><span data-path-to-node=\"28,4,0,0\"><b data-path-to-node=\"28,4,0,0\" data-index-in-node=\"0\">Waga<\/b><\/span><\/td>\n<td><span data-path-to-node=\"28,4,1,0\">105g Ultra-Light<\/span><\/td>\n<td><span data-path-to-node=\"28,4,2,0\"><b data-path-to-node=\"28,4,2,0\" data-index-in-node=\"0\">Najlepsze dla:<\/b> Poranny zastrzyk energii<\/span><\/td>\n<\/tr>\n<\/tbody>\n<\/table>\n<h3 dir=\"auto\">Oto dalsze zalecenia dla Ciebie:<\/h3>\n<p dir=\"auto\">Odkryj jeszcze wi\u0119cej niesamowitych smak\u00f3w dzi\u0119ki Puff 32k Bang Leader 32K Vape!<\/p>\n<p dir=\"auto\"><a href=\"https:\/\/vozolvapen.de\/pl\/product-category\/bang-vape\/puff-32k-bang-leader-32k-vape-2-in-1\/\" target=\"_blank\" rel=\"noopener noreferrer nofollow\">Zobacz wszystkie odmiany tutaj \u2192<\/a><\/p>\n<p dir=\"auto\">Zapoznaj si\u0119 z nasz\u0105 pe\u0142n\u0105 kolekcj\u0105 i kupuj produkty najlepszych marek vape, kt\u00f3re pokochasz.<\/p>\n<p dir=\"auto\"><a href=\"https:\/\/vozolvapen.de\/pl\/\" target=\"_blank\" rel=\"noopener noreferrer nofollow\">Przegl\u0105daj teraz wszystkie marki \u2192<\/a><\/p>\n<p dir=\"auto\">Sprawd\u017a ca\u0142\u0105 seri\u0119 Bang Vape - ka\u017cdy smak, ka\u017cdy styl!<\/p>\n<p dir=\"auto\"><a href=\"https:\/\/vozolvapen.de\/pl\/product-category\/bang-vape\/\" target=\"_blank\" rel=\"noopener noreferrer nofollow\">Zobacz pe\u0142n\u0105 kolekcj\u0119 Bang Vape \u2192<\/a><\/p>","protected":false},"excerpt":{"rendered":"<p><b data-path-to-node=\"4,9,4,0\" data-index-in-node=\"0\">Zastrzyk energii.<\/b> Wysoka wydajno\u015b\u0107 <b data-path-to-node=\"4,9,4,0\" data-index-in-node=\"37\">vaper 32k<\/b>. Prze\u0142\u0105cz si\u0119 z cierpkiego smaku klasycznego napoju energetycznego na koj\u0105c\u0105, nawadniaj\u0105c\u0105 mieszank\u0119 melona z jagodami.<\/p>","protected":false},"featured_media":53679,"comment_status":"open","ping_status":"closed","template":"","meta":{"_acf_changed":false},"product_brand":[],"product_cat":[134,108],"product_tag":[],"class_list":{"0":"post-53123","1":"product","2":"type-product","3":"status-publish","4":"has-post-thumbnail","6":"product_cat-eu-warehouse-in-stock","7":"product_cat-puff-32k-bang-leader-32k-vape-2-in-1","9":"first","10":"instock","11":"shipping-taxable","12":"purchasable","13":"product-type-variable"},"acf":[],"yoast_head":"<!-- This site is optimized with the Yoast SEO Premium plugin v26.1 (Yoast SEO v27.5) - https:\/\/yoast.com\/product\/yoast-seo-premium-wordpress\/ -->\n<title>Red Bull &amp; Blueberry Watermelon Bang Leader 32k - vozolvapen<\/title>\n<meta name=\"description\" content=\"Energize your day with Red Bull &amp; Blueberry Watermelon Bang Leader 32000. 32k vape puffs with a unique 2-in-1 energy flavor. Fast EU shipping.\" \/>\n<meta name=\"robots\" content=\"index, follow, max-snippet:-1, max-image-preview:large, max-video-preview:-1\" \/>\n<link rel=\"canonical\" href=\"https:\/\/vozolvapen.de\/pl\/product\/puff-32k-bang-leader-32k-vape-red-bull-blueberry-watermelon\/\" \/>\n<meta property=\"og:locale\" content=\"pl_PL\" \/>\n<meta property=\"og:type\" content=\"article\" \/>\n<meta property=\"og:title\" content=\"Puff 32k Bang Leader 32K Vape - Red Bull &amp; Blueberry Watermelon\" \/>\n<meta property=\"og:description\" content=\"Energize your day with Red Bull &amp; Blueberry Watermelon Bang Leader 32000. 32k vape puffs with a unique 2-in-1 energy flavor. Fast EU shipping.\" \/>\n<meta property=\"og:url\" content=\"https:\/\/vozolvapen.de\/pl\/product\/puff-32k-bang-leader-32k-vape-red-bull-blueberry-watermelon\/\" \/>\n<meta property=\"og:site_name\" content=\"vozolvapen\" \/>\n<meta property=\"article:modified_time\" content=\"2026-04-08T03:12:15+00:00\" \/>\n<meta property=\"og:image\" content=\"https:\/\/vozolvapen.de\/wp-content\/uploads\/2026\/01\/Puff-32k-Bang-Leader-32K-Vape-Red-Bull-Blueberry-Watermelon.webp\" \/>\n\t<meta property=\"og:image:width\" content=\"800\" \/>\n\t<meta property=\"og:image:height\" content=\"800\" \/>\n\t<meta property=\"og:image:type\" content=\"image\/webp\" \/>\n<meta name=\"twitter:card\" content=\"summary_large_image\" \/>\n<meta name=\"twitter:label1\" content=\"Szacowany czas czytania\" \/>\n\t<meta name=\"twitter:data1\" content=\"2 minuty\" \/>\n<script type=\"application\/ld+json\" class=\"yoast-schema-graph\">{\"@context\":\"https:\\\/\\\/schema.org\",\"@graph\":[{\"@type\":\"WebPage\",\"@id\":\"https:\\\/\\\/vozolvapen.de\\\/product\\\/puff-32k-bang-leader-32k-vape-red-bull-blueberry-watermelon\\\/\",\"url\":\"https:\\\/\\\/vozolvapen.de\\\/product\\\/puff-32k-bang-leader-32k-vape-red-bull-blueberry-watermelon\\\/\",\"name\":\"Red Bull & Blueberry Watermelon Bang Leader 32k - vozolvapen\",\"isPartOf\":{\"@id\":\"https:\\\/\\\/vozolvapen.de\\\/#website\"},\"primaryImageOfPage\":{\"@id\":\"https:\\\/\\\/vozolvapen.de\\\/product\\\/puff-32k-bang-leader-32k-vape-red-bull-blueberry-watermelon\\\/#primaryimage\"},\"image\":{\"@id\":\"https:\\\/\\\/vozolvapen.de\\\/product\\\/puff-32k-bang-leader-32k-vape-red-bull-blueberry-watermelon\\\/#primaryimage\"},\"thumbnailUrl\":\"https:\\\/\\\/vozolvapen.de\\\/wp-content\\\/uploads\\\/2026\\\/01\\\/Puff-32k-Bang-Leader-32K-Vape-Red-Bull-Blueberry-Watermelon.webp\",\"datePublished\":\"2026-01-05T03:22:08+00:00\",\"dateModified\":\"2026-04-08T03:12:15+00:00\",\"description\":\"Energize your day with Red Bull & Blueberry Watermelon Bang Leader 32000. 32k vape puffs with a unique 2-in-1 energy flavor. Fast EU shipping.\",\"breadcrumb\":{\"@id\":\"https:\\\/\\\/vozolvapen.de\\\/product\\\/puff-32k-bang-leader-32k-vape-red-bull-blueberry-watermelon\\\/#breadcrumb\"},\"inLanguage\":\"pl-PL\",\"potentialAction\":[{\"@type\":\"ReadAction\",\"target\":[\"https:\\\/\\\/vozolvapen.de\\\/product\\\/puff-32k-bang-leader-32k-vape-red-bull-blueberry-watermelon\\\/\"]}]},{\"@type\":\"ImageObject\",\"inLanguage\":\"pl-PL\",\"@id\":\"https:\\\/\\\/vozolvapen.de\\\/product\\\/puff-32k-bang-leader-32k-vape-red-bull-blueberry-watermelon\\\/#primaryimage\",\"url\":\"https:\\\/\\\/vozolvapen.de\\\/wp-content\\\/uploads\\\/2026\\\/01\\\/Puff-32k-Bang-Leader-32K-Vape-Red-Bull-Blueberry-Watermelon.webp\",\"contentUrl\":\"https:\\\/\\\/vozolvapen.de\\\/wp-content\\\/uploads\\\/2026\\\/01\\\/Puff-32k-Bang-Leader-32K-Vape-Red-Bull-Blueberry-Watermelon.webp\",\"width\":800,\"height\":800,\"caption\":\"Puff 32k Bang Leader 32K Vape - Red Bull & Blueberry Watermelon\"},{\"@type\":\"BreadcrumbList\",\"@id\":\"https:\\\/\\\/vozolvapen.de\\\/product\\\/puff-32k-bang-leader-32k-vape-red-bull-blueberry-watermelon\\\/#breadcrumb\",\"itemListElement\":[{\"@type\":\"ListItem\",\"position\":1,\"name\":\"Home\",\"item\":\"https:\\\/\\\/vozolvapen.de\\\/de\\\/\"},{\"@type\":\"ListItem\",\"position\":2,\"name\":\"Shop\",\"item\":\"https:\\\/\\\/vozolvapen.de\\\/shop\\\/\"},{\"@type\":\"ListItem\",\"position\":3,\"name\":\"Puff 32k Bang Leader 32K Vape &#8211; Red Bull &#038; Blueberry Watermelon\"}]},{\"@type\":\"WebSite\",\"@id\":\"https:\\\/\\\/vozolvapen.de\\\/#website\",\"url\":\"https:\\\/\\\/vozolvapen.de\\\/\",\"name\":\"vozolvapen\",\"description\":\"vozolvapen\",\"publisher\":{\"@id\":\"https:\\\/\\\/vozolvapen.de\\\/#organization\"},\"potentialAction\":[{\"@type\":\"SearchAction\",\"target\":{\"@type\":\"EntryPoint\",\"urlTemplate\":\"https:\\\/\\\/vozolvapen.de\\\/?s={search_term_string}\"},\"query-input\":{\"@type\":\"PropertyValueSpecification\",\"valueRequired\":true,\"valueName\":\"search_term_string\"}}],\"inLanguage\":\"pl-PL\"},{\"@type\":\"Organization\",\"@id\":\"https:\\\/\\\/vozolvapen.de\\\/#organization\",\"name\":\"vozolvapen\",\"url\":\"https:\\\/\\\/vozolvapen.de\\\/\",\"logo\":{\"@type\":\"ImageObject\",\"inLanguage\":\"pl-PL\",\"@id\":\"https:\\\/\\\/vozolvapen.de\\\/#\\\/schema\\\/logo\\\/image\\\/\",\"url\":\"https:\\\/\\\/vozolvapen.de\\\/wp-content\\\/uploads\\\/2025\\\/12\\\/cropped-vozovapen-logo.webp\",\"contentUrl\":\"https:\\\/\\\/vozolvapen.de\\\/wp-content\\\/uploads\\\/2025\\\/12\\\/cropped-vozovapen-logo.webp\",\"width\":470,\"height\":110,\"caption\":\"vozolvapen\"},\"image\":{\"@id\":\"https:\\\/\\\/vozolvapen.de\\\/#\\\/schema\\\/logo\\\/image\\\/\"}}]}<\/script>\n<!-- \/ Yoast SEO Premium plugin. -->","yoast_head_json":{"title":"Red Bull &amp; Blueberry Watermelon Bang Leader 32k - vozolvapen","description":"Dodaj sobie energii dzi\u0119ki Red Bull &amp; Blueberry Watermelon Bang Leader 32000. 32 tys. zaci\u0105gni\u0119\u0107 vape o wyj\u0105tkowym smaku energetycznym 2 w 1. Szybka wysy\u0142ka na terenie UE.","robots":{"index":"index","follow":"follow","max-snippet":"max-snippet:-1","max-image-preview":"max-image-preview:large","max-video-preview":"max-video-preview:-1"},"canonical":"https:\/\/vozolvapen.de\/pl\/product\/puff-32k-bang-leader-32k-vape-red-bull-blueberry-watermelon\/","og_locale":"pl_PL","og_type":"article","og_title":"Puff 32k Bang Leader 32K Vape - Red Bull & Blueberry Watermelon","og_description":"Energize your day with Red Bull & Blueberry Watermelon Bang Leader 32000. 32k vape puffs with a unique 2-in-1 energy flavor. Fast EU shipping.","og_url":"https:\/\/vozolvapen.de\/pl\/product\/puff-32k-bang-leader-32k-vape-red-bull-blueberry-watermelon\/","og_site_name":"vozolvapen","article_modified_time":"2026-04-08T03:12:15+00:00","og_image":[{"width":800,"height":800,"url":"https:\/\/vozolvapen.de\/wp-content\/uploads\/2026\/01\/Puff-32k-Bang-Leader-32K-Vape-Red-Bull-Blueberry-Watermelon.webp","type":"image\/webp"}],"twitter_card":"summary_large_image","twitter_misc":{"Szacowany czas czytania":"2 minuty"},"schema":{"@context":"https:\/\/schema.org","@graph":[{"@type":"WebPage","@id":"https:\/\/vozolvapen.de\/product\/puff-32k-bang-leader-32k-vape-red-bull-blueberry-watermelon\/","url":"https:\/\/vozolvapen.de\/product\/puff-32k-bang-leader-32k-vape-red-bull-blueberry-watermelon\/","name":"Red Bull &amp; Blueberry Watermelon Bang Leader 32k - vozolvapen","isPartOf":{"@id":"https:\/\/vozolvapen.de\/#website"},"primaryImageOfPage":{"@id":"https:\/\/vozolvapen.de\/product\/puff-32k-bang-leader-32k-vape-red-bull-blueberry-watermelon\/#primaryimage"},"image":{"@id":"https:\/\/vozolvapen.de\/product\/puff-32k-bang-leader-32k-vape-red-bull-blueberry-watermelon\/#primaryimage"},"thumbnailUrl":"https:\/\/vozolvapen.de\/wp-content\/uploads\/2026\/01\/Puff-32k-Bang-Leader-32K-Vape-Red-Bull-Blueberry-Watermelon.webp","datePublished":"2026-01-05T03:22:08+00:00","dateModified":"2026-04-08T03:12:15+00:00","description":"Dodaj sobie energii dzi\u0119ki Red Bull &amp; Blueberry Watermelon Bang Leader 32000. 32 tys. zaci\u0105gni\u0119\u0107 vape o wyj\u0105tkowym smaku energetycznym 2 w 1. Szybka wysy\u0142ka na terenie UE.","breadcrumb":{"@id":"https:\/\/vozolvapen.de\/product\/puff-32k-bang-leader-32k-vape-red-bull-blueberry-watermelon\/#breadcrumb"},"inLanguage":"pl-PL","potentialAction":[{"@type":"ReadAction","target":["https:\/\/vozolvapen.de\/product\/puff-32k-bang-leader-32k-vape-red-bull-blueberry-watermelon\/"]}]},{"@type":"ImageObject","inLanguage":"pl-PL","@id":"https:\/\/vozolvapen.de\/product\/puff-32k-bang-leader-32k-vape-red-bull-blueberry-watermelon\/#primaryimage","url":"https:\/\/vozolvapen.de\/wp-content\/uploads\/2026\/01\/Puff-32k-Bang-Leader-32K-Vape-Red-Bull-Blueberry-Watermelon.webp","contentUrl":"https:\/\/vozolvapen.de\/wp-content\/uploads\/2026\/01\/Puff-32k-Bang-Leader-32K-Vape-Red-Bull-Blueberry-Watermelon.webp","width":800,"height":800,"caption":"Puff 32k Bang Leader 32K Vape - Red Bull & Blueberry Watermelon"},{"@type":"BreadcrumbList","@id":"https:\/\/vozolvapen.de\/product\/puff-32k-bang-leader-32k-vape-red-bull-blueberry-watermelon\/#breadcrumb","itemListElement":[{"@type":"ListItem","position":1,"name":"Home","item":"https:\/\/vozolvapen.de\/de\/"},{"@type":"ListItem","position":2,"name":"Shop","item":"https:\/\/vozolvapen.de\/shop\/"},{"@type":"ListItem","position":3,"name":"Puff 32k Bang Leader 32K Vape &#8211; Red Bull &#038; Blueberry Watermelon"}]},{"@type":"WebSite","@id":"https:\/\/vozolvapen.de\/#website","url":"https:\/\/vozolvapen.de\/","name":"vozolvapen","description":"vozolvapen","publisher":{"@id":"https:\/\/vozolvapen.de\/#organization"},"potentialAction":[{"@type":"SearchAction","target":{"@type":"EntryPoint","urlTemplate":"https:\/\/vozolvapen.de\/?s={search_term_string}"},"query-input":{"@type":"PropertyValueSpecification","valueRequired":true,"valueName":"search_term_string"}}],"inLanguage":"pl-PL"},{"@type":"Organization","@id":"https:\/\/vozolvapen.de\/#organization","name":"vozolvapen","url":"https:\/\/vozolvapen.de\/","logo":{"@type":"ImageObject","inLanguage":"pl-PL","@id":"https:\/\/vozolvapen.de\/#\/schema\/logo\/image\/","url":"https:\/\/vozolvapen.de\/wp-content\/uploads\/2025\/12\/cropped-vozovapen-logo.webp","contentUrl":"https:\/\/vozolvapen.de\/wp-content\/uploads\/2025\/12\/cropped-vozovapen-logo.webp","width":470,"height":110,"caption":"vozolvapen"},"image":{"@id":"https:\/\/vozolvapen.de\/#\/schema\/logo\/image\/"}}]}},"tiered_pricing_type":"fixed","tiered_pricing_fixed_rules":{"30":"10.6","50":"8.6","100":"7.6","200":"7.1"},"tiered_pricing_product_settings":{"layout":"default","base_unit_name":{"singular":null,"plural":null},"default_variation":{}},"tiered_pricing_minimum_quantity":10,"tiered_pricing_roles_data":[],"tiered_pricing_percentage_rules":[],"tiered_pricing_maximum_quantity":null,"tiered_pricing_quantity_step":"10","_links":{"self":[{"href":"http:\/\/vozolvapen.de\/pl\/wp-json\/wp\/v2\/product\/53123","targetHints":{"allow":["GET"]}}],"collection":[{"href":"http:\/\/vozolvapen.de\/pl\/wp-json\/wp\/v2\/product"}],"about":[{"href":"http:\/\/vozolvapen.de\/pl\/wp-json\/wp\/v2\/types\/product"}],"replies":[{"embeddable":true,"href":"http:\/\/vozolvapen.de\/pl\/wp-json\/wp\/v2\/comments?post=53123"}],"wp:featuredmedia":[{"embeddable":true,"href":"http:\/\/vozolvapen.de\/pl\/wp-json\/wp\/v2\/media\/53679"}],"wp:attachment":[{"href":"http:\/\/vozolvapen.de\/pl\/wp-json\/wp\/v2\/media?parent=53123"}],"wp:term":[{"taxonomy":"product_brand","embeddable":true,"href":"http:\/\/vozolvapen.de\/pl\/wp-json\/wp\/v2\/product_brand?post=53123"},{"taxonomy":"product_cat","embeddable":true,"href":"http:\/\/vozolvapen.de\/pl\/wp-json\/wp\/v2\/product_cat?post=53123"},{"taxonomy":"product_tag","embeddable":true,"href":"http:\/\/vozolvapen.de\/pl\/wp-json\/wp\/v2\/product_tag?post=53123"}],"curies":[{"name":"wp","href":"https:\/\/api.w.org\/{rel}","templated":true}]}}