{"id":53200,"date":"2026-01-05T03:22:11","date_gmt":"2026-01-05T03:22:11","guid":{"rendered":"https:\/\/vozolvapen.de\/?post_type=product&#038;p=53200"},"modified":"2026-04-08T03:12:26","modified_gmt":"2026-04-08T03:12:26","slug":"puff-32k-bang-leader-32k-vape-red-bull-watermelon-bubble-candy","status":"publish","type":"product","link":"http:\/\/vozolvapen.de\/pl\/product\/puff-32k-bang-leader-32k-vape-red-bull-watermelon-bubble-candy\/","title":{"rendered":"Puff 32k Bang Leader 32K Vape - Red Bull &amp; Watermelon Bubble Candy"},"content":{"rendered":"<h1 data-path-to-node=\"2\"><b data-path-to-node=\"2\" data-index-in-node=\"0\">Bang Leader 32000 Puffs 2 w 1: Red Bull &amp; Watermelon Bubble Candy<\/b><\/h1>\n<p data-path-to-node=\"3\"><b data-path-to-node=\"3\" data-index-in-node=\"0\">The Sweet Spark:<\/b> Poczuj przyp\u0142yw energii po\u0142\u0105czony z nostalgiczn\u0105 s\u0142odycz\u0105. To <b data-path-to-node=\"3\" data-index-in-node=\"84\">Puff 32k Bang Leader 32K Vape<\/b> oferuje wysokooktanowy \u201czing\u201d z jednej strony i s\u0142odk\u0105 chmur\u0119 z drugiej. Ca\u0142kowita pojemno\u015b\u0107 56 ml zapewnia zaspokojenie poziomu energii i g\u0142odu cukru nawet przez 32 000 zaci\u0105gni\u0119\u0107.<\/p>\n<h2 data-path-to-node=\"4\"><b data-path-to-node=\"4\" data-index-in-node=\"0\">Energetyzuj\u0105ca konfekcja - g\u0142\u0119bokie zanurzenie<\/b><\/h2>\n<ul data-path-to-node=\"5\">\n<li>\n<p data-path-to-node=\"5,0,0\"><b data-path-to-node=\"5,0,0\" data-index-in-node=\"0\">Tryb A - Red Bull:<\/b> Ostry, cierpki i gazowany smak napoju energetycznego, kt\u00f3ry zapewnia natychmiastowe pobudzenie podniebienia.<\/p>\n<\/li>\n<li>\n<p data-path-to-node=\"5,1,0\"><b data-path-to-node=\"5,1,0\" data-index-in-node=\"0\">Tryb B - Watermelon Bubble Candy:<\/b> S\u0142odkie, soczyste nuty arbuza w klasycznej, s\u0142odkiej bazie gumy balonowej.<\/p>\n<\/li>\n<\/ul>\n<h2 data-path-to-node=\"6\"><b data-path-to-node=\"6\" data-index-in-node=\"0\">Dla kogo przeznaczony jest ten smak?<\/b><\/h2>\n<p data-path-to-node=\"6\"><b data-path-to-node=\"6\" data-index-in-node=\"24\">The Party Goer:<\/b> Idealny dla tych, kt\u00f3rzy chc\u0105 <b data-path-to-node=\"6\" data-index-in-node=\"69\">vaper 32k<\/b> kt\u00f3ry smakuje jak nocne wyj\u015bcie do sklepu ze s\u0142odyczami.<\/p>\n<h2 data-path-to-node=\"6\">Przewodnik po smakach Bang Leader 32K - Red Bull i arbuzowe cukierki b\u0105belkowe<\/h2>\n<p data-path-to-node=\"49\"><b data-path-to-node=\"49\" data-index-in-node=\"0\">Sensoryczna karta wynik\u00f3w:<\/b><\/p>\n<ul data-path-to-node=\"50\">\n<li>\n<p data-path-to-node=\"50,0,0\"><b data-path-to-node=\"50,0,0\" data-index-in-node=\"0\">Aromat :<\/b> \u2b50\u2b50\u2b50\u2b50\u2b50<\/p>\n<\/li>\n<li>\n<p data-path-to-node=\"50,1,0\"><b data-path-to-node=\"50,1,0\" data-index-in-node=\"0\">Odczucie w ustach :<\/b> \u2b50\u2b50\u2b50\u2b50\u2606<\/p>\n<\/li>\n<li>\n<p data-path-to-node=\"50,2,0\"><b data-path-to-node=\"50,2,0\" data-index-in-node=\"0\">Poziom lodu :<\/b> \u2b50\u2b50\u2b50\u2606\u2606<\/p>\n<\/li>\n<li>\n<p data-path-to-node=\"50,3,0\"><b data-path-to-node=\"50,3,0\" data-index-in-node=\"0\">S\u0142odycz :<\/b> \u2b50\u2b50\u2b50\u2b50\u2b50<\/p>\n<\/li>\n<\/ul>\n<p data-path-to-node=\"51\"><b data-path-to-node=\"51\" data-index-in-node=\"0\">Werdykt eksperta:<\/b> Do\u015bwiadczenie \u201cSugar Rush\u201d. To <b data-path-to-node=\"51\" data-index-in-node=\"48\">Puff 32k<\/b> po\u0142\u0105czenie jest odwa\u017cne i g\u0142o\u015bne. B\u0105belkowa strona s\u0142odyczy jest s\u0142odka i g\u0119sta, dzi\u0119ki czemu jest bardzo intensywna. <b data-path-to-node=\"51\" data-index-in-node=\"157\">bang vape<\/b> dla tych, kt\u00f3rzy kochaj\u0105 ci\u0119\u017ckie smaki.<\/p>\n<h2 data-path-to-node=\"60\">Specyfikacje Puff 32k Bang Leader 32K Vape Core<\/h2>\n<table data-path-to-node=\"31\">\n<thead>\n<tr>\n<td><strong>Specyfikacja techniczna<\/strong><\/td>\n<td><strong>Warto\u015b\u0107 Bang Leader 32K<\/strong><\/td>\n<td><strong>Profil wydajno\u015bci<\/strong><\/td>\n<\/tr>\n<\/thead>\n<tbody>\n<tr>\n<td><span data-path-to-node=\"31,1,0,0\"><b data-path-to-node=\"31,1,0,0\" data-index-in-node=\"0\">Model<\/b><\/span><\/td>\n<td><span data-path-to-node=\"31,1,1,0\"><b data-path-to-node=\"31,1,1,0\" data-index-in-node=\"0\">Bang Leader 32000<\/b><\/span><\/td>\n<td><span data-path-to-node=\"31,1,2,0\"><b data-path-to-node=\"31,1,2,0\" data-index-in-node=\"0\">Poziom s\u0142odyczy:<\/b> \ud83c\udf6d\ud83c\udf6d\ud83c\udf6d\ud83c\udf6d\ud83c\udf6d<\/span><\/td>\n<\/tr>\n<tr>\n<td><span data-path-to-node=\"31,2,0,0\"><b data-path-to-node=\"31,2,0,0\" data-index-in-node=\"0\">Obj\u0119to\u015b\u0107 cieczy<\/b><\/span><\/td>\n<td><span data-path-to-node=\"31,2,1,0\">56ML Pojemno\u015b\u0107 ca\u0142kowita<\/span><\/td>\n<td><span data-path-to-node=\"31,2,2,0\"><b data-path-to-node=\"31,2,2,0\" data-index-in-node=\"0\">Wibracja:<\/b> Zabawa i wysoka energia<\/span><\/td>\n<\/tr>\n<tr>\n<td><span data-path-to-node=\"31,3,0,0\"><b data-path-to-node=\"31,3,0,0\" data-index-in-node=\"0\">Budowa cewki<\/b><\/span><\/td>\n<td><span data-path-to-node=\"31,3,1,0\">1.0\u03a9 Mesh Heat Sync<\/span><\/td>\n<td><span data-path-to-node=\"31,3,2,0\"><b data-path-to-node=\"31,3,2,0\" data-index-in-node=\"0\">Tekstura pary:<\/b> G\u0119ste i s\u0142odkie<\/span><\/td>\n<\/tr>\n<tr>\n<td><span data-path-to-node=\"31,4,0,0\"><b data-path-to-node=\"31,4,0,0\" data-index-in-node=\"0\">Nikotyna<\/b><\/span><\/td>\n<td><span data-path-to-node=\"31,4,1,0\"><b data-path-to-node=\"31,4,1,0\" data-index-in-node=\"0\">vaper 32k<\/b> R\u00f3\u017cnorodno\u015b\u0107 si\u0142y<\/span><\/td>\n<td><span data-path-to-node=\"31,4,2,0\"><b data-path-to-node=\"31,4,2,0\" data-index-in-node=\"0\">Najlepsze dla:<\/b> Poszukiwacze s\u0142odkich przyg\u00f3d<\/span><\/td>\n<\/tr>\n<\/tbody>\n<\/table>\n<h3 dir=\"auto\">Oto dalsze zalecenia dla Ciebie:<\/h3>\n<p dir=\"auto\">Odkryj jeszcze wi\u0119cej niesamowitych smak\u00f3w dzi\u0119ki Puff 32k Bang Leader 32K Vape!<\/p>\n<p dir=\"auto\"><a href=\"https:\/\/vozolvapen.de\/pl\/product-category\/bang-vape\/puff-32k-bang-leader-32k-vape-2-in-1\/\" target=\"_blank\" rel=\"noopener noreferrer nofollow\">Zobacz wszystkie odmiany tutaj \u2192<\/a><\/p>\n<p dir=\"auto\">Zapoznaj si\u0119 z nasz\u0105 pe\u0142n\u0105 kolekcj\u0105 i kupuj produkty najlepszych marek vape, kt\u00f3re pokochasz.<\/p>\n<p dir=\"auto\"><a href=\"https:\/\/vozolvapen.de\/pl\/\" target=\"_blank\" rel=\"noopener noreferrer nofollow\">Przegl\u0105daj teraz wszystkie marki \u2192<\/a><\/p>\n<p dir=\"auto\">Sprawd\u017a ca\u0142\u0105 seri\u0119 Bang Vape - ka\u017cdy smak, ka\u017cdy styl!<\/p>\n<p dir=\"auto\"><a href=\"https:\/\/vozolvapen.de\/pl\/product-category\/bang-vape\/\" target=\"_blank\" rel=\"noopener noreferrer nofollow\">Zobacz pe\u0142n\u0105 kolekcj\u0119 Bang Vape \u2192<\/a><\/p>","protected":false},"excerpt":{"rendered":"<p><b data-path-to-node=\"4,10,4,0\" data-index-in-node=\"0\">Sugar &amp; Spark.<\/b> Odwa\u017cny <b data-path-to-node=\"4,10,4,0\" data-index-in-node=\"22\">Puff 32k<\/b> po\u0142\u0105czenie. Jedna strona zapewnia zastrzyk energii, podczas gdy druga oferuje arbuzow\u0105 eksplozj\u0119 s\u0142odyczy.<\/p>","protected":false},"featured_media":53681,"comment_status":"open","ping_status":"closed","template":"","meta":{"_acf_changed":false},"product_brand":[],"product_cat":[134,108],"product_tag":[],"class_list":{"0":"post-53200","1":"product","2":"type-product","3":"status-publish","4":"has-post-thumbnail","6":"product_cat-eu-warehouse-in-stock","7":"product_cat-puff-32k-bang-leader-32k-vape-2-in-1","9":"first","10":"instock","11":"shipping-taxable","12":"purchasable","13":"product-type-variable"},"acf":[],"yoast_head":"<!-- This site is optimized with the Yoast SEO Premium plugin v26.1 (Yoast SEO v27.5) - https:\/\/yoast.com\/product\/yoast-seo-premium-wordpress\/ -->\n<title>Red Bull &amp; Watermelon Bubble Candy Bang Leader 32k - vozolvapen<\/title>\n<meta name=\"description\" content=\"Get the Red Bull &amp; Watermelon Bubble Candy Bang Leader 32000. A sugary 32k vape with 2-in-1 tech. 56ml capacity. The ultimate Bang Vape choice.\" \/>\n<meta name=\"robots\" content=\"index, follow, max-snippet:-1, max-image-preview:large, max-video-preview:-1\" \/>\n<link rel=\"canonical\" href=\"https:\/\/vozolvapen.de\/pl\/product\/puff-32k-bang-leader-32k-vape-red-bull-watermelon-bubble-candy\/\" \/>\n<meta property=\"og:locale\" content=\"pl_PL\" \/>\n<meta property=\"og:type\" content=\"article\" \/>\n<meta property=\"og:title\" content=\"Puff 32k Bang Leader 32K Vape - Red Bull &amp; Watermelon Bubble Candy\" \/>\n<meta property=\"og:description\" content=\"Get the Red Bull &amp; Watermelon Bubble Candy Bang Leader 32000. A sugary 32k vape with 2-in-1 tech. 56ml capacity. The ultimate Bang Vape choice.\" \/>\n<meta property=\"og:url\" content=\"https:\/\/vozolvapen.de\/pl\/product\/puff-32k-bang-leader-32k-vape-red-bull-watermelon-bubble-candy\/\" \/>\n<meta property=\"og:site_name\" content=\"vozolvapen\" \/>\n<meta property=\"article:modified_time\" content=\"2026-04-08T03:12:26+00:00\" \/>\n<meta property=\"og:image\" content=\"https:\/\/vozolvapen.de\/wp-content\/uploads\/2026\/01\/Puff-32k-Bang-Leader-32K-Vape-Red-Bull-Watermelon-Bubble-Candy.webp\" \/>\n\t<meta property=\"og:image:width\" content=\"800\" \/>\n\t<meta property=\"og:image:height\" content=\"800\" \/>\n\t<meta property=\"og:image:type\" content=\"image\/webp\" \/>\n<meta name=\"twitter:card\" content=\"summary_large_image\" \/>\n<meta name=\"twitter:label1\" content=\"Szacowany czas czytania\" \/>\n\t<meta name=\"twitter:data1\" content=\"2 minuty\" \/>\n<script type=\"application\/ld+json\" class=\"yoast-schema-graph\">{\"@context\":\"https:\\\/\\\/schema.org\",\"@graph\":[{\"@type\":\"WebPage\",\"@id\":\"https:\\\/\\\/vozolvapen.de\\\/product\\\/puff-32k-bang-leader-32k-vape-red-bull-watermelon-bubble-candy\\\/\",\"url\":\"https:\\\/\\\/vozolvapen.de\\\/product\\\/puff-32k-bang-leader-32k-vape-red-bull-watermelon-bubble-candy\\\/\",\"name\":\"Red Bull & Watermelon Bubble Candy Bang Leader 32k - vozolvapen\",\"isPartOf\":{\"@id\":\"https:\\\/\\\/vozolvapen.de\\\/#website\"},\"primaryImageOfPage\":{\"@id\":\"https:\\\/\\\/vozolvapen.de\\\/product\\\/puff-32k-bang-leader-32k-vape-red-bull-watermelon-bubble-candy\\\/#primaryimage\"},\"image\":{\"@id\":\"https:\\\/\\\/vozolvapen.de\\\/product\\\/puff-32k-bang-leader-32k-vape-red-bull-watermelon-bubble-candy\\\/#primaryimage\"},\"thumbnailUrl\":\"https:\\\/\\\/vozolvapen.de\\\/wp-content\\\/uploads\\\/2026\\\/01\\\/Puff-32k-Bang-Leader-32K-Vape-Red-Bull-Watermelon-Bubble-Candy.webp\",\"datePublished\":\"2026-01-05T03:22:11+00:00\",\"dateModified\":\"2026-04-08T03:12:26+00:00\",\"description\":\"Get the Red Bull & Watermelon Bubble Candy Bang Leader 32000. A sugary 32k vape with 2-in-1 tech. 56ml capacity. The ultimate Bang Vape choice.\",\"breadcrumb\":{\"@id\":\"https:\\\/\\\/vozolvapen.de\\\/product\\\/puff-32k-bang-leader-32k-vape-red-bull-watermelon-bubble-candy\\\/#breadcrumb\"},\"inLanguage\":\"pl-PL\",\"potentialAction\":[{\"@type\":\"ReadAction\",\"target\":[\"https:\\\/\\\/vozolvapen.de\\\/product\\\/puff-32k-bang-leader-32k-vape-red-bull-watermelon-bubble-candy\\\/\"]}]},{\"@type\":\"ImageObject\",\"inLanguage\":\"pl-PL\",\"@id\":\"https:\\\/\\\/vozolvapen.de\\\/product\\\/puff-32k-bang-leader-32k-vape-red-bull-watermelon-bubble-candy\\\/#primaryimage\",\"url\":\"https:\\\/\\\/vozolvapen.de\\\/wp-content\\\/uploads\\\/2026\\\/01\\\/Puff-32k-Bang-Leader-32K-Vape-Red-Bull-Watermelon-Bubble-Candy.webp\",\"contentUrl\":\"https:\\\/\\\/vozolvapen.de\\\/wp-content\\\/uploads\\\/2026\\\/01\\\/Puff-32k-Bang-Leader-32K-Vape-Red-Bull-Watermelon-Bubble-Candy.webp\",\"width\":800,\"height\":800,\"caption\":\"Puff 32k Bang Leader 32K Vape - Red Bull & Watermelon Bubble Candy\"},{\"@type\":\"BreadcrumbList\",\"@id\":\"https:\\\/\\\/vozolvapen.de\\\/product\\\/puff-32k-bang-leader-32k-vape-red-bull-watermelon-bubble-candy\\\/#breadcrumb\",\"itemListElement\":[{\"@type\":\"ListItem\",\"position\":1,\"name\":\"Home\",\"item\":\"https:\\\/\\\/vozolvapen.de\\\/de\\\/\"},{\"@type\":\"ListItem\",\"position\":2,\"name\":\"Shop\",\"item\":\"https:\\\/\\\/vozolvapen.de\\\/shop\\\/\"},{\"@type\":\"ListItem\",\"position\":3,\"name\":\"Puff 32k Bang Leader 32K Vape &#8211; Red Bull &#038; Watermelon Bubble Candy\"}]},{\"@type\":\"WebSite\",\"@id\":\"https:\\\/\\\/vozolvapen.de\\\/#website\",\"url\":\"https:\\\/\\\/vozolvapen.de\\\/\",\"name\":\"vozolvapen\",\"description\":\"vozolvapen\",\"publisher\":{\"@id\":\"https:\\\/\\\/vozolvapen.de\\\/#organization\"},\"potentialAction\":[{\"@type\":\"SearchAction\",\"target\":{\"@type\":\"EntryPoint\",\"urlTemplate\":\"https:\\\/\\\/vozolvapen.de\\\/?s={search_term_string}\"},\"query-input\":{\"@type\":\"PropertyValueSpecification\",\"valueRequired\":true,\"valueName\":\"search_term_string\"}}],\"inLanguage\":\"pl-PL\"},{\"@type\":\"Organization\",\"@id\":\"https:\\\/\\\/vozolvapen.de\\\/#organization\",\"name\":\"vozolvapen\",\"url\":\"https:\\\/\\\/vozolvapen.de\\\/\",\"logo\":{\"@type\":\"ImageObject\",\"inLanguage\":\"pl-PL\",\"@id\":\"https:\\\/\\\/vozolvapen.de\\\/#\\\/schema\\\/logo\\\/image\\\/\",\"url\":\"https:\\\/\\\/vozolvapen.de\\\/wp-content\\\/uploads\\\/2025\\\/12\\\/cropped-vozovapen-logo.webp\",\"contentUrl\":\"https:\\\/\\\/vozolvapen.de\\\/wp-content\\\/uploads\\\/2025\\\/12\\\/cropped-vozovapen-logo.webp\",\"width\":470,\"height\":110,\"caption\":\"vozolvapen\"},\"image\":{\"@id\":\"https:\\\/\\\/vozolvapen.de\\\/#\\\/schema\\\/logo\\\/image\\\/\"}}]}<\/script>\n<!-- \/ Yoast SEO Premium plugin. -->","yoast_head_json":{"title":"Red Bull &amp; Watermelon Bubble Candy Bang Leader 32k - vozolvapen","description":"Zdob\u0105d\u017a Red Bull &amp; Watermelon Bubble Candy Bang Leader 32000. S\u0142odki vape 32k z technologi\u0105 2 w 1. Pojemno\u015b\u0107 56 ml. Najlepszy wyb\u00f3r Bang Vape.","robots":{"index":"index","follow":"follow","max-snippet":"max-snippet:-1","max-image-preview":"max-image-preview:large","max-video-preview":"max-video-preview:-1"},"canonical":"https:\/\/vozolvapen.de\/pl\/product\/puff-32k-bang-leader-32k-vape-red-bull-watermelon-bubble-candy\/","og_locale":"pl_PL","og_type":"article","og_title":"Puff 32k Bang Leader 32K Vape - Red Bull & Watermelon Bubble Candy","og_description":"Get the Red Bull & Watermelon Bubble Candy Bang Leader 32000. A sugary 32k vape with 2-in-1 tech. 56ml capacity. The ultimate Bang Vape choice.","og_url":"https:\/\/vozolvapen.de\/pl\/product\/puff-32k-bang-leader-32k-vape-red-bull-watermelon-bubble-candy\/","og_site_name":"vozolvapen","article_modified_time":"2026-04-08T03:12:26+00:00","og_image":[{"width":800,"height":800,"url":"https:\/\/vozolvapen.de\/wp-content\/uploads\/2026\/01\/Puff-32k-Bang-Leader-32K-Vape-Red-Bull-Watermelon-Bubble-Candy.webp","type":"image\/webp"}],"twitter_card":"summary_large_image","twitter_misc":{"Szacowany czas czytania":"2 minuty"},"schema":{"@context":"https:\/\/schema.org","@graph":[{"@type":"WebPage","@id":"https:\/\/vozolvapen.de\/product\/puff-32k-bang-leader-32k-vape-red-bull-watermelon-bubble-candy\/","url":"https:\/\/vozolvapen.de\/product\/puff-32k-bang-leader-32k-vape-red-bull-watermelon-bubble-candy\/","name":"Red Bull &amp; Watermelon Bubble Candy Bang Leader 32k - vozolvapen","isPartOf":{"@id":"https:\/\/vozolvapen.de\/#website"},"primaryImageOfPage":{"@id":"https:\/\/vozolvapen.de\/product\/puff-32k-bang-leader-32k-vape-red-bull-watermelon-bubble-candy\/#primaryimage"},"image":{"@id":"https:\/\/vozolvapen.de\/product\/puff-32k-bang-leader-32k-vape-red-bull-watermelon-bubble-candy\/#primaryimage"},"thumbnailUrl":"https:\/\/vozolvapen.de\/wp-content\/uploads\/2026\/01\/Puff-32k-Bang-Leader-32K-Vape-Red-Bull-Watermelon-Bubble-Candy.webp","datePublished":"2026-01-05T03:22:11+00:00","dateModified":"2026-04-08T03:12:26+00:00","description":"Zdob\u0105d\u017a Red Bull &amp; Watermelon Bubble Candy Bang Leader 32000. S\u0142odki vape 32k z technologi\u0105 2 w 1. Pojemno\u015b\u0107 56 ml. Najlepszy wyb\u00f3r Bang Vape.","breadcrumb":{"@id":"https:\/\/vozolvapen.de\/product\/puff-32k-bang-leader-32k-vape-red-bull-watermelon-bubble-candy\/#breadcrumb"},"inLanguage":"pl-PL","potentialAction":[{"@type":"ReadAction","target":["https:\/\/vozolvapen.de\/product\/puff-32k-bang-leader-32k-vape-red-bull-watermelon-bubble-candy\/"]}]},{"@type":"ImageObject","inLanguage":"pl-PL","@id":"https:\/\/vozolvapen.de\/product\/puff-32k-bang-leader-32k-vape-red-bull-watermelon-bubble-candy\/#primaryimage","url":"https:\/\/vozolvapen.de\/wp-content\/uploads\/2026\/01\/Puff-32k-Bang-Leader-32K-Vape-Red-Bull-Watermelon-Bubble-Candy.webp","contentUrl":"https:\/\/vozolvapen.de\/wp-content\/uploads\/2026\/01\/Puff-32k-Bang-Leader-32K-Vape-Red-Bull-Watermelon-Bubble-Candy.webp","width":800,"height":800,"caption":"Puff 32k Bang Leader 32K Vape - Red Bull & Watermelon Bubble Candy"},{"@type":"BreadcrumbList","@id":"https:\/\/vozolvapen.de\/product\/puff-32k-bang-leader-32k-vape-red-bull-watermelon-bubble-candy\/#breadcrumb","itemListElement":[{"@type":"ListItem","position":1,"name":"Home","item":"https:\/\/vozolvapen.de\/de\/"},{"@type":"ListItem","position":2,"name":"Shop","item":"https:\/\/vozolvapen.de\/shop\/"},{"@type":"ListItem","position":3,"name":"Puff 32k Bang Leader 32K Vape &#8211; Red Bull &#038; Watermelon Bubble Candy"}]},{"@type":"WebSite","@id":"https:\/\/vozolvapen.de\/#website","url":"https:\/\/vozolvapen.de\/","name":"vozolvapen","description":"vozolvapen","publisher":{"@id":"https:\/\/vozolvapen.de\/#organization"},"potentialAction":[{"@type":"SearchAction","target":{"@type":"EntryPoint","urlTemplate":"https:\/\/vozolvapen.de\/?s={search_term_string}"},"query-input":{"@type":"PropertyValueSpecification","valueRequired":true,"valueName":"search_term_string"}}],"inLanguage":"pl-PL"},{"@type":"Organization","@id":"https:\/\/vozolvapen.de\/#organization","name":"vozolvapen","url":"https:\/\/vozolvapen.de\/","logo":{"@type":"ImageObject","inLanguage":"pl-PL","@id":"https:\/\/vozolvapen.de\/#\/schema\/logo\/image\/","url":"https:\/\/vozolvapen.de\/wp-content\/uploads\/2025\/12\/cropped-vozovapen-logo.webp","contentUrl":"https:\/\/vozolvapen.de\/wp-content\/uploads\/2025\/12\/cropped-vozovapen-logo.webp","width":470,"height":110,"caption":"vozolvapen"},"image":{"@id":"https:\/\/vozolvapen.de\/#\/schema\/logo\/image\/"}}]}},"tiered_pricing_type":"fixed","tiered_pricing_fixed_rules":{"30":"10.6","50":"8.6","100":"7.6","200":"7.1"},"tiered_pricing_product_settings":{"layout":"default","base_unit_name":{"singular":null,"plural":null},"default_variation":{}},"tiered_pricing_minimum_quantity":10,"tiered_pricing_roles_data":[],"tiered_pricing_percentage_rules":[],"tiered_pricing_maximum_quantity":null,"tiered_pricing_quantity_step":"10","_links":{"self":[{"href":"http:\/\/vozolvapen.de\/pl\/wp-json\/wp\/v2\/product\/53200","targetHints":{"allow":["GET"]}}],"collection":[{"href":"http:\/\/vozolvapen.de\/pl\/wp-json\/wp\/v2\/product"}],"about":[{"href":"http:\/\/vozolvapen.de\/pl\/wp-json\/wp\/v2\/types\/product"}],"replies":[{"embeddable":true,"href":"http:\/\/vozolvapen.de\/pl\/wp-json\/wp\/v2\/comments?post=53200"}],"wp:featuredmedia":[{"embeddable":true,"href":"http:\/\/vozolvapen.de\/pl\/wp-json\/wp\/v2\/media\/53681"}],"wp:attachment":[{"href":"http:\/\/vozolvapen.de\/pl\/wp-json\/wp\/v2\/media?parent=53200"}],"wp:term":[{"taxonomy":"product_brand","embeddable":true,"href":"http:\/\/vozolvapen.de\/pl\/wp-json\/wp\/v2\/product_brand?post=53200"},{"taxonomy":"product_cat","embeddable":true,"href":"http:\/\/vozolvapen.de\/pl\/wp-json\/wp\/v2\/product_cat?post=53200"},{"taxonomy":"product_tag","embeddable":true,"href":"http:\/\/vozolvapen.de\/pl\/wp-json\/wp\/v2\/product_tag?post=53200"}],"curies":[{"name":"wp","href":"https:\/\/api.w.org\/{rel}","templated":true}]}}