{"id":53510,"date":"2026-01-05T03:22:25","date_gmt":"2026-01-05T03:22:25","guid":{"rendered":"https:\/\/vozolvapen.de\/?post_type=product&#038;p=53510"},"modified":"2026-04-08T03:12:50","modified_gmt":"2026-04-08T03:12:50","slug":"puff-32k-bang-leader-32k-vape-avocado-ice-lemon-lime","status":"publish","type":"product","link":"http:\/\/vozolvapen.de\/pl\/product\/puff-32k-bang-leader-32k-vape-avocado-ice-lemon-lime\/","title":{"rendered":"Puff 32k Bang Leader 32K Vape - Avocado Ice &amp; Lemon Lime"},"content":{"rendered":"<h1 data-path-to-node=\"26\"><b data-path-to-node=\"26\" data-index-in-node=\"0\">Bang Leader 32000 Puffs 2 w 1: Avocado Ice &amp; Lemon Lime<\/b><\/h1>\n<p data-path-to-node=\"27\"><b data-path-to-node=\"27\" data-index-in-node=\"0\">Egzotyczne od\u015bwie\u017cenie:<\/b> By\u0107 mo\u017ce najbardziej wyj\u0105tkowa oferta w <b data-path-to-node=\"27\" data-index-in-node=\"60\">bang vape<\/b> sk\u0142ad. Ta kombinacja \u0142\u0105czy w sobie ma\u015blan\u0105 g\u0142adko\u015b\u0107 awokado z cytrusow\u0105 sk\u00f3rk\u0105 o wysokim napi\u0119ciu. To wyrafinowany <b data-path-to-node=\"27\" data-index-in-node=\"194\">Puff 32k<\/b> do\u015bwiadczenie przeznaczone dla os\u00f3b znudzonych standardowymi smakami.<\/p>\n<h2 data-path-to-node=\"28\"><b data-path-to-node=\"28\" data-index-in-node=\"0\">G\u0142\u0119bokie zanurzenie Botanical Zest<\/b><\/h2>\n<ul data-path-to-node=\"29\">\n<li>\n<p data-path-to-node=\"29,0,0\"><b data-path-to-node=\"29,0,0\" data-index-in-node=\"0\">Spos\u00f3b A - Avocado Ice:<\/b> Kremowy, \u0142agodny i wyj\u0105tkowo \u201czielony\u201d smak z ch\u0142odz\u0105cym wyko\u0144czeniem.<\/p>\n<\/li>\n<li>\n<p data-path-to-node=\"29,1,0\"><b data-path-to-node=\"29,1,0\" data-index-in-node=\"0\">Tryb B - Lemon Lime:<\/b> Ostry, musuj\u0105cy duet cytrus\u00f3w, kt\u00f3ry doskonale oczyszcza podniebienie.<\/p>\n<\/li>\n<\/ul>\n<h2 data-path-to-node=\"30\"><b data-path-to-node=\"30\" data-index-in-node=\"0\">Dla kogo przeznaczony jest ten smak?<\/b><\/h2>\n<p data-path-to-node=\"30\"><b data-path-to-node=\"30\" data-index-in-node=\"24\">Trendsetter:<\/b> Idealny dla <b data-path-to-node=\"30\" data-index-in-node=\"57\">vaper 32k<\/b> u\u017cytkownik szukaj\u0105cy czego\u015b niekonwencjonalnego i ultra-od\u015bwie\u017caj\u0105cego.<\/p>\n<h2 data-path-to-node=\"6\">Przewodnik po smakach Bang Leader 32K - Avocado Ice i Lemon Lime<\/h2>\n<p data-path-to-node=\"69\"><b data-path-to-node=\"69\" data-index-in-node=\"0\">Sensoryczna karta wynik\u00f3w:<\/b><\/p>\n<ul data-path-to-node=\"70\">\n<li>\n<p data-path-to-node=\"70,0,0\"><b data-path-to-node=\"70,0,0\" data-index-in-node=\"0\">Aromat :<\/b> \u2b50\u2b50\u2b50\u2b50\u2606<\/p>\n<\/li>\n<li>\n<p data-path-to-node=\"70,1,0\"><b data-path-to-node=\"70,1,0\" data-index-in-node=\"0\">Odczucie w ustach :<\/b> \u2b50\u2b50\u2b50\u2b50\u2b50<\/p>\n<\/li>\n<li>\n<p data-path-to-node=\"70,2,0\"><b data-path-to-node=\"70,2,0\" data-index-in-node=\"0\">Poziom lodu :<\/b> \u2b50\u2b50\u2b50\u2b50\u2606<\/p>\n<\/li>\n<li>\n<p data-path-to-node=\"70,3,0\"><b data-path-to-node=\"70,3,0\" data-index-in-node=\"0\">S\u0142odycz :<\/b> \u2b50\u2b50\u2606\u2606\u2606<\/p>\n<\/li>\n<\/ul>\n<p data-path-to-node=\"71\"><b data-path-to-node=\"71\" data-index-in-node=\"0\">Werdykt eksperta:<\/b> Dla mi\u0142o\u015bnik\u00f3w przyg\u00f3d. The <b data-path-to-node=\"71\" data-index-in-node=\"47\">L\u00f3d z awokado<\/b> jest zaskakuj\u0105co \u0142agodny i ma\u015blany, zapewniaj\u0105c wyj\u0105tkowe odczucie w ustach. W po\u0142\u0105czeniu z <b data-path-to-node=\"71\" data-index-in-node=\"141\">Lemon Lime<\/b> cytrusowy pop, to klasa mistrzowska w nowoczesnym <b data-path-to-node=\"71\" data-index-in-node=\"193\">smaki vape<\/b>.<\/p>\n<h2 data-path-to-node=\"60\">Specyfikacje Puff 32k Bang Leader 32K Vape Core<\/h2>\n<table data-path-to-node=\"43\">\n<thead>\n<tr>\n<td><strong>Specyfikacja techniczna<\/strong><\/td>\n<td><strong>Warto\u015b\u0107 Bang Leader 32K<\/strong><\/td>\n<td><strong>Profil wydajno\u015bci<\/strong><\/td>\n<\/tr>\n<\/thead>\n<tbody>\n<tr>\n<td><span data-path-to-node=\"43,1,0,0\"><b data-path-to-node=\"43,1,0,0\" data-index-in-node=\"0\">Model<\/b><\/span><\/td>\n<td><span data-path-to-node=\"43,1,1,0\"><b data-path-to-node=\"43,1,1,0\" data-index-in-node=\"0\">Vaper 32k<\/b> Wyj\u0105tkowy<\/span><\/td>\n<td><span data-path-to-node=\"43,1,2,0\"><b data-path-to-node=\"43,1,2,0\" data-index-in-node=\"0\">Odczucie w ustach:<\/b> Kremowo-ma\u015blany \ud83e\udd51<\/span><\/td>\n<\/tr>\n<tr>\n<td><span data-path-to-node=\"43,2,0,0\"><b data-path-to-node=\"43,2,0,0\" data-index-in-node=\"0\">Sk\u00f3rka cytrusowa<\/b><\/span><\/td>\n<td><span data-path-to-node=\"43,2,1,0\">\ud83c\udf4b\ud83c\udf4b\ud83c\udf4b\ud83c\udf4b\ud83c\udf4b<\/span><\/td>\n<td><span data-path-to-node=\"43,2,2,0\"><b data-path-to-node=\"43,2,2,0\" data-index-in-node=\"0\">Intensywno\u015b\u0107 ch\u0142odzenia:<\/b> \u2744\ufe0f\u2744\ufe0f\u2744\ufe0f\u2744\ufe0f<\/span><\/td>\n<\/tr>\n<tr>\n<td><span data-path-to-node=\"43,3,0,0\"><b data-path-to-node=\"43,3,0,0\" data-index-in-node=\"0\">Sprz\u0119t<\/b><\/span><\/td>\n<td><span data-path-to-node=\"43,3,1,0\">Aktywacja podw\u00f3jnej cewki<\/span><\/td>\n<td><span data-path-to-node=\"43,3,2,0\"><b data-path-to-node=\"43,3,2,0\" data-index-in-node=\"0\">Charakter smakowy:<\/b> Czysty i botaniczny<\/span><\/td>\n<\/tr>\n<tr>\n<td><span data-path-to-node=\"43,4,0,0\"><b data-path-to-node=\"43,4,0,0\" data-index-in-node=\"0\">Wysy\u0142ka<\/b><\/span><\/td>\n<td><span data-path-to-node=\"43,4,1,0\">Lokalny magazyn UE<\/span><\/td>\n<td><span data-path-to-node=\"43,4,2,0\"><b data-path-to-node=\"43,4,2,0\" data-index-in-node=\"0\">Najlepsze dla:<\/b> Eksperymentalni Vaperzy<\/span><\/td>\n<\/tr>\n<\/tbody>\n<\/table>\n<h2><strong>Puff 32k Bang Leader 32K Vape <\/strong><strong>Wideo\uff1a<\/strong><\/h2>\n<p><iframe title=\"Puff 32k Bang Leader 32000 32k Puff jednorazowy Vape\" src=\"https:\/\/player.vimeo.com\/video\/1151459652?badge=0&amp;autopause=0&amp;player_id=0&amp;app_id=58479\" width=\"400\" height=\"711\" frameborder=\"0\"><\/iframe><\/p>\n<h3 dir=\"auto\">Oto dalsze zalecenia dla Ciebie:<\/h3>\n<p dir=\"auto\">Odkryj jeszcze wi\u0119cej niesamowitych smak\u00f3w dzi\u0119ki Puff 32k Bang Leader 32K Vape!<\/p>\n<p dir=\"auto\"><a href=\"https:\/\/vozolvapen.de\/pl\/product-category\/bang-vape\/puff-32k-bang-leader-32k-vape-2-in-1\/\" target=\"_blank\" rel=\"noopener noreferrer nofollow\">Zobacz wszystkie odmiany tutaj \u2192<\/a><\/p>\n<p dir=\"auto\">Zapoznaj si\u0119 z nasz\u0105 pe\u0142n\u0105 kolekcj\u0105 i kupuj produkty najlepszych marek vape, kt\u00f3re pokochasz.<\/p>\n<p dir=\"auto\"><a href=\"https:\/\/vozolvapen.de\/pl\/\" target=\"_blank\" rel=\"noopener noreferrer nofollow\">Przegl\u0105daj teraz wszystkie marki \u2192<\/a><\/p>\n<p dir=\"auto\">Sprawd\u017a ca\u0142\u0105 seri\u0119 Bang Vape - ka\u017cdy smak, ka\u017cdy styl!<\/p>\n<p dir=\"auto\"><a href=\"https:\/\/vozolvapen.de\/pl\/product-category\/bang-vape\/\" target=\"_blank\" rel=\"noopener noreferrer nofollow\">Zobacz pe\u0142n\u0105 kolekcj\u0119 Bang Vape \u2192<\/a><\/p>","protected":false},"excerpt":{"rendered":"<p><b data-path-to-node=\"4,14,4,0\" data-index-in-node=\"0\">Egzotyczne od\u015bwie\u017cenie.<\/b> Odwa\u017cny <b data-path-to-node=\"4,14,4,0\" data-index-in-node=\"25\">Puff 32k<\/b> Po\u0142\u0105czenie dla odwa\u017cnych waper\u00f3w. Kremowe awokado spotyka si\u0119 z musuj\u0105cym, cytrusowym cytrynowo-limonkowym \u015brodkiem do czyszczenia podniebienia.<\/p>","protected":false},"featured_media":53687,"comment_status":"open","ping_status":"closed","template":"","meta":{"_acf_changed":false},"product_brand":[],"product_cat":[134,108],"product_tag":[],"class_list":{"0":"post-53510","1":"product","2":"type-product","3":"status-publish","4":"has-post-thumbnail","6":"product_cat-eu-warehouse-in-stock","7":"product_cat-puff-32k-bang-leader-32k-vape-2-in-1","9":"first","10":"instock","11":"shipping-taxable","12":"purchasable","13":"product-type-variable"},"acf":[],"yoast_head":"<!-- This site is optimized with the Yoast SEO Premium plugin v26.1 (Yoast SEO v27.5) - https:\/\/yoast.com\/product\/yoast-seo-premium-wordpress\/ -->\n<title>Avocado Ice &amp; Lemon Lime Bang Leader 32k Vape - vozolvapen<\/title>\n<meta name=\"description\" content=\"Discover the unique Avocado Ice &amp; Lemon Lime Bang Leader 32000. 32,000 puffs of exotic refreshment. The most innovative 32k vape on the market.\" \/>\n<meta name=\"robots\" content=\"index, follow, max-snippet:-1, max-image-preview:large, max-video-preview:-1\" \/>\n<link rel=\"canonical\" href=\"https:\/\/vozolvapen.de\/pl\/product\/puff-32k-bang-leader-32k-vape-avocado-ice-lemon-lime\/\" \/>\n<meta property=\"og:locale\" content=\"pl_PL\" \/>\n<meta property=\"og:type\" content=\"article\" \/>\n<meta property=\"og:title\" content=\"Puff 32k Bang Leader 32K Vape - Avocado Ice &amp; Lemon Lime\" \/>\n<meta property=\"og:description\" content=\"Discover the unique Avocado Ice &amp; Lemon Lime Bang Leader 32000. 32,000 puffs of exotic refreshment. The most innovative 32k vape on the market.\" \/>\n<meta property=\"og:url\" content=\"https:\/\/vozolvapen.de\/pl\/product\/puff-32k-bang-leader-32k-vape-avocado-ice-lemon-lime\/\" \/>\n<meta property=\"og:site_name\" content=\"vozolvapen\" \/>\n<meta property=\"article:modified_time\" content=\"2026-04-08T03:12:50+00:00\" \/>\n<meta property=\"og:image\" content=\"https:\/\/vozolvapen.de\/wp-content\/uploads\/2026\/01\/Puff-32k-Bang-Leader-32K-Vape-Avocado-Ice-Lemon-Lime.webp\" \/>\n\t<meta property=\"og:image:width\" content=\"800\" \/>\n\t<meta property=\"og:image:height\" content=\"800\" \/>\n\t<meta property=\"og:image:type\" content=\"image\/webp\" \/>\n<meta name=\"twitter:card\" content=\"summary_large_image\" \/>\n<meta name=\"twitter:label1\" content=\"Szacowany czas czytania\" \/>\n\t<meta name=\"twitter:data1\" content=\"2 minuty\" \/>\n<script type=\"application\/ld+json\" class=\"yoast-schema-graph\">{\"@context\":\"https:\\\/\\\/schema.org\",\"@graph\":[{\"@type\":\"WebPage\",\"@id\":\"https:\\\/\\\/vozolvapen.de\\\/product\\\/puff-32k-bang-leader-32k-vape-avocado-ice-lemon-lime\\\/\",\"url\":\"https:\\\/\\\/vozolvapen.de\\\/product\\\/puff-32k-bang-leader-32k-vape-avocado-ice-lemon-lime\\\/\",\"name\":\"Avocado Ice & Lemon Lime Bang Leader 32k Vape - vozolvapen\",\"isPartOf\":{\"@id\":\"https:\\\/\\\/vozolvapen.de\\\/#website\"},\"primaryImageOfPage\":{\"@id\":\"https:\\\/\\\/vozolvapen.de\\\/product\\\/puff-32k-bang-leader-32k-vape-avocado-ice-lemon-lime\\\/#primaryimage\"},\"image\":{\"@id\":\"https:\\\/\\\/vozolvapen.de\\\/product\\\/puff-32k-bang-leader-32k-vape-avocado-ice-lemon-lime\\\/#primaryimage\"},\"thumbnailUrl\":\"https:\\\/\\\/vozolvapen.de\\\/wp-content\\\/uploads\\\/2026\\\/01\\\/Puff-32k-Bang-Leader-32K-Vape-Avocado-Ice-Lemon-Lime.webp\",\"datePublished\":\"2026-01-05T03:22:25+00:00\",\"dateModified\":\"2026-04-08T03:12:50+00:00\",\"description\":\"Discover the unique Avocado Ice & Lemon Lime Bang Leader 32000. 32,000 puffs of exotic refreshment. The most innovative 32k vape on the market.\",\"breadcrumb\":{\"@id\":\"https:\\\/\\\/vozolvapen.de\\\/product\\\/puff-32k-bang-leader-32k-vape-avocado-ice-lemon-lime\\\/#breadcrumb\"},\"inLanguage\":\"pl-PL\",\"potentialAction\":[{\"@type\":\"ReadAction\",\"target\":[\"https:\\\/\\\/vozolvapen.de\\\/product\\\/puff-32k-bang-leader-32k-vape-avocado-ice-lemon-lime\\\/\"]}]},{\"@type\":\"ImageObject\",\"inLanguage\":\"pl-PL\",\"@id\":\"https:\\\/\\\/vozolvapen.de\\\/product\\\/puff-32k-bang-leader-32k-vape-avocado-ice-lemon-lime\\\/#primaryimage\",\"url\":\"https:\\\/\\\/vozolvapen.de\\\/wp-content\\\/uploads\\\/2026\\\/01\\\/Puff-32k-Bang-Leader-32K-Vape-Avocado-Ice-Lemon-Lime.webp\",\"contentUrl\":\"https:\\\/\\\/vozolvapen.de\\\/wp-content\\\/uploads\\\/2026\\\/01\\\/Puff-32k-Bang-Leader-32K-Vape-Avocado-Ice-Lemon-Lime.webp\",\"width\":800,\"height\":800,\"caption\":\"Puff 32k Bang Leader 32K Vape - Avocado Ice & Lemon Lime\"},{\"@type\":\"BreadcrumbList\",\"@id\":\"https:\\\/\\\/vozolvapen.de\\\/product\\\/puff-32k-bang-leader-32k-vape-avocado-ice-lemon-lime\\\/#breadcrumb\",\"itemListElement\":[{\"@type\":\"ListItem\",\"position\":1,\"name\":\"Home\",\"item\":\"https:\\\/\\\/vozolvapen.de\\\/de\\\/\"},{\"@type\":\"ListItem\",\"position\":2,\"name\":\"Shop\",\"item\":\"https:\\\/\\\/vozolvapen.de\\\/shop\\\/\"},{\"@type\":\"ListItem\",\"position\":3,\"name\":\"Puff 32k Bang Leader 32K Vape &#8211; Avocado Ice &#038; Lemon Lime\"}]},{\"@type\":\"WebSite\",\"@id\":\"https:\\\/\\\/vozolvapen.de\\\/#website\",\"url\":\"https:\\\/\\\/vozolvapen.de\\\/\",\"name\":\"vozolvapen\",\"description\":\"vozolvapen\",\"publisher\":{\"@id\":\"https:\\\/\\\/vozolvapen.de\\\/#organization\"},\"potentialAction\":[{\"@type\":\"SearchAction\",\"target\":{\"@type\":\"EntryPoint\",\"urlTemplate\":\"https:\\\/\\\/vozolvapen.de\\\/?s={search_term_string}\"},\"query-input\":{\"@type\":\"PropertyValueSpecification\",\"valueRequired\":true,\"valueName\":\"search_term_string\"}}],\"inLanguage\":\"pl-PL\"},{\"@type\":\"Organization\",\"@id\":\"https:\\\/\\\/vozolvapen.de\\\/#organization\",\"name\":\"vozolvapen\",\"url\":\"https:\\\/\\\/vozolvapen.de\\\/\",\"logo\":{\"@type\":\"ImageObject\",\"inLanguage\":\"pl-PL\",\"@id\":\"https:\\\/\\\/vozolvapen.de\\\/#\\\/schema\\\/logo\\\/image\\\/\",\"url\":\"https:\\\/\\\/vozolvapen.de\\\/wp-content\\\/uploads\\\/2025\\\/12\\\/cropped-vozovapen-logo.webp\",\"contentUrl\":\"https:\\\/\\\/vozolvapen.de\\\/wp-content\\\/uploads\\\/2025\\\/12\\\/cropped-vozovapen-logo.webp\",\"width\":470,\"height\":110,\"caption\":\"vozolvapen\"},\"image\":{\"@id\":\"https:\\\/\\\/vozolvapen.de\\\/#\\\/schema\\\/logo\\\/image\\\/\"}}]}<\/script>\n<!-- \/ Yoast SEO Premium plugin. -->","yoast_head_json":{"title":"Avocado Ice &amp; Lemon Lime Bang Leader 32k Vape - vozolvapen","description":"Odkryj wyj\u0105tkowy Avocado Ice &amp; Lemon Lime Bang Leader 32000. 32 000 zaci\u0105gni\u0119\u0107 egzotycznego orze\u017awienia. Najbardziej innowacyjny waporyzator 32k na rynku.","robots":{"index":"index","follow":"follow","max-snippet":"max-snippet:-1","max-image-preview":"max-image-preview:large","max-video-preview":"max-video-preview:-1"},"canonical":"https:\/\/vozolvapen.de\/pl\/product\/puff-32k-bang-leader-32k-vape-avocado-ice-lemon-lime\/","og_locale":"pl_PL","og_type":"article","og_title":"Puff 32k Bang Leader 32K Vape - Avocado Ice & Lemon Lime","og_description":"Discover the unique Avocado Ice & Lemon Lime Bang Leader 32000. 32,000 puffs of exotic refreshment. The most innovative 32k vape on the market.","og_url":"https:\/\/vozolvapen.de\/pl\/product\/puff-32k-bang-leader-32k-vape-avocado-ice-lemon-lime\/","og_site_name":"vozolvapen","article_modified_time":"2026-04-08T03:12:50+00:00","og_image":[{"width":800,"height":800,"url":"https:\/\/vozolvapen.de\/wp-content\/uploads\/2026\/01\/Puff-32k-Bang-Leader-32K-Vape-Avocado-Ice-Lemon-Lime.webp","type":"image\/webp"}],"twitter_card":"summary_large_image","twitter_misc":{"Szacowany czas czytania":"2 minuty"},"schema":{"@context":"https:\/\/schema.org","@graph":[{"@type":"WebPage","@id":"https:\/\/vozolvapen.de\/product\/puff-32k-bang-leader-32k-vape-avocado-ice-lemon-lime\/","url":"https:\/\/vozolvapen.de\/product\/puff-32k-bang-leader-32k-vape-avocado-ice-lemon-lime\/","name":"Avocado Ice &amp; Lemon Lime Bang Leader 32k Vape - vozolvapen","isPartOf":{"@id":"https:\/\/vozolvapen.de\/#website"},"primaryImageOfPage":{"@id":"https:\/\/vozolvapen.de\/product\/puff-32k-bang-leader-32k-vape-avocado-ice-lemon-lime\/#primaryimage"},"image":{"@id":"https:\/\/vozolvapen.de\/product\/puff-32k-bang-leader-32k-vape-avocado-ice-lemon-lime\/#primaryimage"},"thumbnailUrl":"https:\/\/vozolvapen.de\/wp-content\/uploads\/2026\/01\/Puff-32k-Bang-Leader-32K-Vape-Avocado-Ice-Lemon-Lime.webp","datePublished":"2026-01-05T03:22:25+00:00","dateModified":"2026-04-08T03:12:50+00:00","description":"Odkryj wyj\u0105tkowy Avocado Ice &amp; Lemon Lime Bang Leader 32000. 32 000 zaci\u0105gni\u0119\u0107 egzotycznego orze\u017awienia. Najbardziej innowacyjny waporyzator 32k na rynku.","breadcrumb":{"@id":"https:\/\/vozolvapen.de\/product\/puff-32k-bang-leader-32k-vape-avocado-ice-lemon-lime\/#breadcrumb"},"inLanguage":"pl-PL","potentialAction":[{"@type":"ReadAction","target":["https:\/\/vozolvapen.de\/product\/puff-32k-bang-leader-32k-vape-avocado-ice-lemon-lime\/"]}]},{"@type":"ImageObject","inLanguage":"pl-PL","@id":"https:\/\/vozolvapen.de\/product\/puff-32k-bang-leader-32k-vape-avocado-ice-lemon-lime\/#primaryimage","url":"https:\/\/vozolvapen.de\/wp-content\/uploads\/2026\/01\/Puff-32k-Bang-Leader-32K-Vape-Avocado-Ice-Lemon-Lime.webp","contentUrl":"https:\/\/vozolvapen.de\/wp-content\/uploads\/2026\/01\/Puff-32k-Bang-Leader-32K-Vape-Avocado-Ice-Lemon-Lime.webp","width":800,"height":800,"caption":"Puff 32k Bang Leader 32K Vape - Avocado Ice & Lemon Lime"},{"@type":"BreadcrumbList","@id":"https:\/\/vozolvapen.de\/product\/puff-32k-bang-leader-32k-vape-avocado-ice-lemon-lime\/#breadcrumb","itemListElement":[{"@type":"ListItem","position":1,"name":"Home","item":"https:\/\/vozolvapen.de\/de\/"},{"@type":"ListItem","position":2,"name":"Shop","item":"https:\/\/vozolvapen.de\/shop\/"},{"@type":"ListItem","position":3,"name":"Puff 32k Bang Leader 32K Vape &#8211; Avocado Ice &#038; Lemon Lime"}]},{"@type":"WebSite","@id":"https:\/\/vozolvapen.de\/#website","url":"https:\/\/vozolvapen.de\/","name":"vozolvapen","description":"vozolvapen","publisher":{"@id":"https:\/\/vozolvapen.de\/#organization"},"potentialAction":[{"@type":"SearchAction","target":{"@type":"EntryPoint","urlTemplate":"https:\/\/vozolvapen.de\/?s={search_term_string}"},"query-input":{"@type":"PropertyValueSpecification","valueRequired":true,"valueName":"search_term_string"}}],"inLanguage":"pl-PL"},{"@type":"Organization","@id":"https:\/\/vozolvapen.de\/#organization","name":"vozolvapen","url":"https:\/\/vozolvapen.de\/","logo":{"@type":"ImageObject","inLanguage":"pl-PL","@id":"https:\/\/vozolvapen.de\/#\/schema\/logo\/image\/","url":"https:\/\/vozolvapen.de\/wp-content\/uploads\/2025\/12\/cropped-vozovapen-logo.webp","contentUrl":"https:\/\/vozolvapen.de\/wp-content\/uploads\/2025\/12\/cropped-vozovapen-logo.webp","width":470,"height":110,"caption":"vozolvapen"},"image":{"@id":"https:\/\/vozolvapen.de\/#\/schema\/logo\/image\/"}}]}},"tiered_pricing_type":"fixed","tiered_pricing_fixed_rules":{"30":"10.6","50":"8.6","100":"7.6","200":"7.1"},"tiered_pricing_product_settings":{"layout":"default","base_unit_name":{"singular":null,"plural":null},"default_variation":{}},"tiered_pricing_minimum_quantity":10,"tiered_pricing_roles_data":[],"tiered_pricing_percentage_rules":[],"tiered_pricing_maximum_quantity":null,"tiered_pricing_quantity_step":"10","_links":{"self":[{"href":"http:\/\/vozolvapen.de\/pl\/wp-json\/wp\/v2\/product\/53510","targetHints":{"allow":["GET"]}}],"collection":[{"href":"http:\/\/vozolvapen.de\/pl\/wp-json\/wp\/v2\/product"}],"about":[{"href":"http:\/\/vozolvapen.de\/pl\/wp-json\/wp\/v2\/types\/product"}],"replies":[{"embeddable":true,"href":"http:\/\/vozolvapen.de\/pl\/wp-json\/wp\/v2\/comments?post=53510"}],"wp:featuredmedia":[{"embeddable":true,"href":"http:\/\/vozolvapen.de\/pl\/wp-json\/wp\/v2\/media\/53687"}],"wp:attachment":[{"href":"http:\/\/vozolvapen.de\/pl\/wp-json\/wp\/v2\/media?parent=53510"}],"wp:term":[{"taxonomy":"product_brand","embeddable":true,"href":"http:\/\/vozolvapen.de\/pl\/wp-json\/wp\/v2\/product_brand?post=53510"},{"taxonomy":"product_cat","embeddable":true,"href":"http:\/\/vozolvapen.de\/pl\/wp-json\/wp\/v2\/product_cat?post=53510"},{"taxonomy":"product_tag","embeddable":true,"href":"http:\/\/vozolvapen.de\/pl\/wp-json\/wp\/v2\/product_tag?post=53510"}],"curies":[{"name":"wp","href":"https:\/\/api.w.org\/{rel}","templated":true}]}}