{"id":53587,"date":"2026-01-05T03:22:28","date_gmt":"2026-01-05T03:22:28","guid":{"rendered":"https:\/\/vozolvapen.de\/?post_type=product&#038;p=53587"},"modified":"2026-04-08T03:12:55","modified_gmt":"2026-04-08T03:12:55","slug":"puff-32k-bang-leader-32k-vape-cola-ice-cherry-cranberry","status":"publish","type":"product","link":"http:\/\/vozolvapen.de\/pl\/product\/puff-32k-bang-leader-32k-vape-cola-ice-cherry-cranberry\/","title":{"rendered":"Puff 32k Bang Leader 32K Vape - Cola Ice &amp; Cherry Cranberry"},"content":{"rendered":"<h1 data-path-to-node=\"32\"><b data-path-to-node=\"32\" data-index-in-node=\"0\">Bang Leader 32000 Puffs 2 w 1: Cola Ice &amp; Cherry Cranberry<\/b><\/h1>\n<p data-path-to-node=\"33\"><b data-path-to-node=\"33\" data-index-in-node=\"0\">Sparkling Fizz:<\/b> Arcydzie\u0142o inspirowane napojami. To <b data-path-to-node=\"33\" data-index-in-node=\"58\">Puff 32000<\/b> Urz\u0105dzenie zawiera musuj\u0105c\u0105 col\u0119 z jednej strony i cierpk\u0105 mieszank\u0119 czerwonych jag\u00f3d z drugiej. To najlepszy wyb\u00f3r dla fan\u00f3w napoj\u00f3w gazowanych. <b data-path-to-node=\"33\" data-index-in-node=\"208\">smaki vape<\/b>.<\/p>\n<h2 data-path-to-node=\"34\"><b data-path-to-node=\"34\" data-index-in-node=\"0\">The Soda Fountain Deep Dive<\/b><\/h2>\n<ul data-path-to-node=\"35\">\n<li>\n<p data-path-to-node=\"35,0,0\"><b data-path-to-node=\"35,0,0\" data-index-in-node=\"0\">Tryb A - Cola Ice:<\/b> Autentyczny, musuj\u0105cy smak coli z wyko\u0144czeniem \u201ckostki lodu\u201d poni\u017cej zera.<\/p>\n<\/li>\n<li>\n<p data-path-to-node=\"35,1,0\"><b data-path-to-node=\"35,1,0\" data-index-in-node=\"0\">Mode B - Cherry Cranberry:<\/b> Cierpko-s\u0142odkie zderzenie czerwonych wi\u015bni i ostrej \u017curawiny.<\/p>\n<\/li>\n<\/ul>\n<h2 data-path-to-node=\"36\"><b data-path-to-node=\"36\" data-index-in-node=\"0\">Dla kogo przeznaczony jest ten smak?<\/b><\/h2>\n<p data-path-to-node=\"36\"><b data-path-to-node=\"36\" data-index-in-node=\"24\">Fanatyk napoj\u00f3w gazowanych:<\/b> Dla tych, kt\u00f3rzy chc\u0105 <b data-path-to-node=\"36\" data-index-in-node=\"67\">bang vape<\/b> smakuje jak sch\u0142odzona szklanka wi\u015bniowej coli.<\/p>\n<h2 data-path-to-node=\"6\">Przewodnik po smakach Bang Leader 32K - Cola Ice i Cherry Cranberry<\/h2>\n<p data-path-to-node=\"74\"><b data-path-to-node=\"74\" data-index-in-node=\"0\">Sensoryczna karta wynik\u00f3w:<\/b><\/p>\n<ul data-path-to-node=\"75\">\n<li>\n<p data-path-to-node=\"75,0,0\"><b data-path-to-node=\"75,0,0\" data-index-in-node=\"0\">Aromat :<\/b> \u2b50\u2b50\u2b50\u2b50\u2b50<\/p>\n<\/li>\n<li>\n<p data-path-to-node=\"75,1,0\"><b data-path-to-node=\"75,1,0\" data-index-in-node=\"0\">Odczucie w ustach :<\/b> \u2b50\u2b50\u2b50\u2b50\u2606<\/p>\n<\/li>\n<li>\n<p data-path-to-node=\"75,2,0\"><b data-path-to-node=\"75,2,0\" data-index-in-node=\"0\">Poziom lodu :<\/b> \u2b50\u2b50\u2b50\u2b50\u2606<\/p>\n<\/li>\n<li>\n<p data-path-to-node=\"75,3,0\"><b data-path-to-node=\"75,3,0\" data-index-in-node=\"0\">S\u0142odycz :<\/b> \u2b50\u2b50\u2b50\u2b50\u2606<\/p>\n<\/li>\n<\/ul>\n<p data-path-to-node=\"76\"><b data-path-to-node=\"76\" data-index-in-node=\"0\">Werdykt eksperta:<\/b> Soda gazowana - rozkosz. The <b data-path-to-node=\"76\" data-index-in-node=\"42\">Cola Ice<\/b> doskonale odwzorowuje sch\u0142odzon\u0105 szklank\u0119 napoju gazowanego. To <b data-path-to-node=\"76\" data-index-in-node=\"102\">vaper 32k<\/b> zapewnia uczucie musowania, kt\u00f3re trudno znale\u017a\u0107 w innych jednoraz\u00f3wkach.<\/p>\n<h2 data-path-to-node=\"60\">Specyfikacje Puff 32k Bang Leader 32K Vape Core<\/h2>\n<table data-path-to-node=\"46\">\n<thead>\n<tr>\n<td><strong>Specyfikacja techniczna<\/strong><\/td>\n<td><strong>Warto\u015b\u0107 Bang Leader 32K<\/strong><\/td>\n<td><strong>Profil wydajno\u015bci<\/strong><\/td>\n<\/tr>\n<\/thead>\n<tbody>\n<tr>\n<td><span data-path-to-node=\"46,1,0,0\"><b data-path-to-node=\"46,1,0,0\" data-index-in-node=\"0\">Koncepcja smaku<\/b><\/span><\/td>\n<td><span data-path-to-node=\"46,1,1,0\">Mieszanka do fontann sodowych<\/span><\/td>\n<td><span data-path-to-node=\"46,1,2,0\"><b data-path-to-node=\"46,1,2,0\" data-index-in-node=\"0\">Odczucie nasycenia dwutlenkiem w\u0119gla:<\/b> \ud83e\udee7\ud83e\udee7\ud83e\udee7\ud83e\udee7\ud83e\udee7<\/span><\/td>\n<\/tr>\n<tr>\n<td><span data-path-to-node=\"46,2,0,0\"><b data-path-to-node=\"46,2,0,0\" data-index-in-node=\"0\">Puffy<\/b><\/span><\/td>\n<td><span data-path-to-node=\"46,2,1,0\"><b data-path-to-node=\"46,2,1,0\" data-index-in-node=\"0\">32000 zaci\u0105gni\u0119\u0107<\/b> Wyj\u015bcie<\/span><\/td>\n<td><span data-path-to-node=\"46,2,2,0\"><b data-path-to-node=\"46,2,2,0\" data-index-in-node=\"0\">Poziom lodu:<\/b> Sub-Zero<\/span><\/td>\n<\/tr>\n<tr>\n<td><span data-path-to-node=\"46,3,0,0\"><b data-path-to-node=\"46,3,0,0\" data-index-in-node=\"0\">Nikotyna<\/b><\/span><\/td>\n<td><span data-path-to-node=\"46,3,1,0\">0% \/ 2% \/ 3% \/ 5%<\/span><\/td>\n<td><span data-path-to-node=\"46,3,2,0\"><b data-path-to-node=\"46,3,2,0\" data-index-in-node=\"0\">G\u0119sto\u015b\u0107 pary:<\/b> L\u015bni\u0105cy i przewiewny<\/span><\/td>\n<\/tr>\n<tr>\n<td><span data-path-to-node=\"46,4,0,0\"><b data-path-to-node=\"46,4,0,0\" data-index-in-node=\"0\">Waga<\/b><\/span><\/td>\n<td><span data-path-to-node=\"46,4,1,0\">105g Lekki<\/span><\/td>\n<td><span data-path-to-node=\"46,4,2,0\"><b data-path-to-node=\"46,4,2,0\" data-index-in-node=\"0\">Najlepsze dla:<\/b> Entuzja\u015bci napoj\u00f3w<\/span><\/td>\n<\/tr>\n<\/tbody>\n<\/table>\n<h2><strong>Puff 32k Bang Leader 32K Vape <\/strong><strong>Wideo\uff1a<\/strong><\/h2>\n<p><iframe title=\"Puff 32k Bang Leader 32000 32k Puff jednorazowy Vape\" src=\"https:\/\/player.vimeo.com\/video\/1151459652?badge=0&amp;autopause=0&amp;player_id=0&amp;app_id=58479\" width=\"400\" height=\"711\" frameborder=\"0\"><\/iframe><\/p>\n<h3 dir=\"auto\">Oto dalsze zalecenia dla Ciebie:<\/h3>\n<p dir=\"auto\">Odkryj jeszcze wi\u0119cej niesamowitych smak\u00f3w dzi\u0119ki Puff 32k Bang Leader 32K Vape!<\/p>\n<p dir=\"auto\"><a href=\"https:\/\/vozolvapen.de\/pl\/product-category\/bang-vape\/puff-32k-bang-leader-32k-vape-2-in-1\/\" target=\"_blank\" rel=\"noopener noreferrer nofollow\">Zobacz wszystkie odmiany tutaj \u2192<\/a><\/p>\n<p dir=\"auto\">Zapoznaj si\u0119 z nasz\u0105 pe\u0142n\u0105 kolekcj\u0105 i kupuj produkty najlepszych marek vape, kt\u00f3re pokochasz.<\/p>\n<p dir=\"auto\"><a href=\"https:\/\/vozolvapen.de\/pl\/\" target=\"_blank\" rel=\"noopener noreferrer nofollow\">Przegl\u0105daj teraz wszystkie marki \u2192<\/a><\/p>\n<p dir=\"auto\">Sprawd\u017a ca\u0142\u0105 seri\u0119 Bang Vape - ka\u017cdy smak, ka\u017cdy styl!<\/p>\n<p dir=\"auto\"><a href=\"https:\/\/vozolvapen.de\/pl\/product-category\/bang-vape\/\" target=\"_blank\" rel=\"noopener noreferrer nofollow\">Zobacz pe\u0142n\u0105 kolekcj\u0119 Bang Vape \u2192<\/a><\/p>","protected":false},"excerpt":{"rendered":"<p><b data-path-to-node=\"4,15,4,0\" data-index-in-node=\"0\">The Soda Fountain.<\/b> Musuj\u0105cy <b data-path-to-node=\"4,15,4,0\" data-index-in-node=\"35\">vaper 32k<\/b> wyb\u00f3r. Prze\u0142\u0105cz mi\u0119dzy autentyczn\u0105 lodowat\u0105 col\u0105 a cierpk\u0105, orze\u017awiaj\u0105c\u0105 mieszank\u0105 wi\u015bni i \u017curawiny.<\/p>","protected":false},"featured_media":53688,"comment_status":"open","ping_status":"closed","template":"","meta":{"_acf_changed":false},"product_brand":[],"product_cat":[134,108],"product_tag":[],"class_list":{"0":"post-53587","1":"product","2":"type-product","3":"status-publish","4":"has-post-thumbnail","6":"product_cat-eu-warehouse-in-stock","7":"product_cat-puff-32k-bang-leader-32k-vape-2-in-1","9":"first","10":"instock","11":"shipping-taxable","12":"purchasable","13":"product-type-variable"},"acf":[],"yoast_head":"<!-- This site is optimized with the Yoast SEO Premium plugin v26.1 (Yoast SEO v27.5) - https:\/\/yoast.com\/product\/yoast-seo-premium-wordpress\/ -->\n<title>Cola Ice &amp; Cherry Cranberry Bang Leader 32k - vozolvapen<\/title>\n<meta name=\"description\" content=\"Shop the fizzy Cola Ice &amp; Cherry Cranberry Bang Leader 32000. 32k vape puffs with soda-inspired 2-in-1 flavors. Fast EU warehouse delivery.\" \/>\n<meta name=\"robots\" content=\"index, follow, max-snippet:-1, max-image-preview:large, max-video-preview:-1\" \/>\n<link rel=\"canonical\" href=\"https:\/\/vozolvapen.de\/pl\/product\/puff-32k-bang-leader-32k-vape-cola-ice-cherry-cranberry\/\" \/>\n<meta property=\"og:locale\" content=\"pl_PL\" \/>\n<meta property=\"og:type\" content=\"article\" \/>\n<meta property=\"og:title\" content=\"Puff 32k Bang Leader 32K Vape - Cola Ice &amp; Cherry Cranberry\" \/>\n<meta property=\"og:description\" content=\"Shop the fizzy Cola Ice &amp; Cherry Cranberry Bang Leader 32000. 32k vape puffs with soda-inspired 2-in-1 flavors. Fast EU warehouse delivery.\" \/>\n<meta property=\"og:url\" content=\"https:\/\/vozolvapen.de\/pl\/product\/puff-32k-bang-leader-32k-vape-cola-ice-cherry-cranberry\/\" \/>\n<meta property=\"og:site_name\" content=\"vozolvapen\" \/>\n<meta property=\"article:modified_time\" content=\"2026-04-08T03:12:55+00:00\" \/>\n<meta property=\"og:image\" content=\"https:\/\/vozolvapen.de\/wp-content\/uploads\/2026\/01\/Puff-32k-Bang-Leader-32K-Vape-Cola-Ice-Cherry-Cranberry.webp\" \/>\n\t<meta property=\"og:image:width\" content=\"800\" \/>\n\t<meta property=\"og:image:height\" content=\"800\" \/>\n\t<meta property=\"og:image:type\" content=\"image\/webp\" \/>\n<meta name=\"twitter:card\" content=\"summary_large_image\" \/>\n<meta name=\"twitter:label1\" content=\"Szacowany czas czytania\" \/>\n\t<meta name=\"twitter:data1\" content=\"2 minuty\" \/>\n<script type=\"application\/ld+json\" class=\"yoast-schema-graph\">{\"@context\":\"https:\\\/\\\/schema.org\",\"@graph\":[{\"@type\":\"WebPage\",\"@id\":\"https:\\\/\\\/vozolvapen.de\\\/product\\\/puff-32k-bang-leader-32k-vape-cola-ice-cherry-cranberry\\\/\",\"url\":\"https:\\\/\\\/vozolvapen.de\\\/product\\\/puff-32k-bang-leader-32k-vape-cola-ice-cherry-cranberry\\\/\",\"name\":\"Cola Ice & Cherry Cranberry Bang Leader 32k - vozolvapen\",\"isPartOf\":{\"@id\":\"https:\\\/\\\/vozolvapen.de\\\/#website\"},\"primaryImageOfPage\":{\"@id\":\"https:\\\/\\\/vozolvapen.de\\\/product\\\/puff-32k-bang-leader-32k-vape-cola-ice-cherry-cranberry\\\/#primaryimage\"},\"image\":{\"@id\":\"https:\\\/\\\/vozolvapen.de\\\/product\\\/puff-32k-bang-leader-32k-vape-cola-ice-cherry-cranberry\\\/#primaryimage\"},\"thumbnailUrl\":\"https:\\\/\\\/vozolvapen.de\\\/wp-content\\\/uploads\\\/2026\\\/01\\\/Puff-32k-Bang-Leader-32K-Vape-Cola-Ice-Cherry-Cranberry.webp\",\"datePublished\":\"2026-01-05T03:22:28+00:00\",\"dateModified\":\"2026-04-08T03:12:55+00:00\",\"description\":\"Shop the fizzy Cola Ice & Cherry Cranberry Bang Leader 32000. 32k vape puffs with soda-inspired 2-in-1 flavors. Fast EU warehouse delivery.\",\"breadcrumb\":{\"@id\":\"https:\\\/\\\/vozolvapen.de\\\/product\\\/puff-32k-bang-leader-32k-vape-cola-ice-cherry-cranberry\\\/#breadcrumb\"},\"inLanguage\":\"pl-PL\",\"potentialAction\":[{\"@type\":\"ReadAction\",\"target\":[\"https:\\\/\\\/vozolvapen.de\\\/product\\\/puff-32k-bang-leader-32k-vape-cola-ice-cherry-cranberry\\\/\"]}]},{\"@type\":\"ImageObject\",\"inLanguage\":\"pl-PL\",\"@id\":\"https:\\\/\\\/vozolvapen.de\\\/product\\\/puff-32k-bang-leader-32k-vape-cola-ice-cherry-cranberry\\\/#primaryimage\",\"url\":\"https:\\\/\\\/vozolvapen.de\\\/wp-content\\\/uploads\\\/2026\\\/01\\\/Puff-32k-Bang-Leader-32K-Vape-Cola-Ice-Cherry-Cranberry.webp\",\"contentUrl\":\"https:\\\/\\\/vozolvapen.de\\\/wp-content\\\/uploads\\\/2026\\\/01\\\/Puff-32k-Bang-Leader-32K-Vape-Cola-Ice-Cherry-Cranberry.webp\",\"width\":800,\"height\":800,\"caption\":\"Puff 32k Bang Leader 32K Vape - Cola Ice & Cherry Cranberry\"},{\"@type\":\"BreadcrumbList\",\"@id\":\"https:\\\/\\\/vozolvapen.de\\\/product\\\/puff-32k-bang-leader-32k-vape-cola-ice-cherry-cranberry\\\/#breadcrumb\",\"itemListElement\":[{\"@type\":\"ListItem\",\"position\":1,\"name\":\"Home\",\"item\":\"https:\\\/\\\/vozolvapen.de\\\/de\\\/\"},{\"@type\":\"ListItem\",\"position\":2,\"name\":\"Shop\",\"item\":\"https:\\\/\\\/vozolvapen.de\\\/shop\\\/\"},{\"@type\":\"ListItem\",\"position\":3,\"name\":\"Puff 32k Bang Leader 32K Vape &#8211; Cola Ice &#038; Cherry Cranberry\"}]},{\"@type\":\"WebSite\",\"@id\":\"https:\\\/\\\/vozolvapen.de\\\/#website\",\"url\":\"https:\\\/\\\/vozolvapen.de\\\/\",\"name\":\"vozolvapen\",\"description\":\"vozolvapen\",\"publisher\":{\"@id\":\"https:\\\/\\\/vozolvapen.de\\\/#organization\"},\"potentialAction\":[{\"@type\":\"SearchAction\",\"target\":{\"@type\":\"EntryPoint\",\"urlTemplate\":\"https:\\\/\\\/vozolvapen.de\\\/?s={search_term_string}\"},\"query-input\":{\"@type\":\"PropertyValueSpecification\",\"valueRequired\":true,\"valueName\":\"search_term_string\"}}],\"inLanguage\":\"pl-PL\"},{\"@type\":\"Organization\",\"@id\":\"https:\\\/\\\/vozolvapen.de\\\/#organization\",\"name\":\"vozolvapen\",\"url\":\"https:\\\/\\\/vozolvapen.de\\\/\",\"logo\":{\"@type\":\"ImageObject\",\"inLanguage\":\"pl-PL\",\"@id\":\"https:\\\/\\\/vozolvapen.de\\\/#\\\/schema\\\/logo\\\/image\\\/\",\"url\":\"https:\\\/\\\/vozolvapen.de\\\/wp-content\\\/uploads\\\/2025\\\/12\\\/cropped-vozovapen-logo.webp\",\"contentUrl\":\"https:\\\/\\\/vozolvapen.de\\\/wp-content\\\/uploads\\\/2025\\\/12\\\/cropped-vozovapen-logo.webp\",\"width\":470,\"height\":110,\"caption\":\"vozolvapen\"},\"image\":{\"@id\":\"https:\\\/\\\/vozolvapen.de\\\/#\\\/schema\\\/logo\\\/image\\\/\"}}]}<\/script>\n<!-- \/ Yoast SEO Premium plugin. -->","yoast_head_json":{"title":"Cola Ice &amp; Cherry Cranberry Bang Leader 32k - vozolvapen","description":"Kup gazowan\u0105 Col\u0119 Ice i Cherry Cranberry Bang Leader 32000. 32 tys. vape puff\u00f3w o smakach 2 w 1 inspirowanych napojami gazowanymi. Szybka dostawa z magazynu w UE.","robots":{"index":"index","follow":"follow","max-snippet":"max-snippet:-1","max-image-preview":"max-image-preview:large","max-video-preview":"max-video-preview:-1"},"canonical":"https:\/\/vozolvapen.de\/pl\/product\/puff-32k-bang-leader-32k-vape-cola-ice-cherry-cranberry\/","og_locale":"pl_PL","og_type":"article","og_title":"Puff 32k Bang Leader 32K Vape - Cola Ice & Cherry Cranberry","og_description":"Shop the fizzy Cola Ice & Cherry Cranberry Bang Leader 32000. 32k vape puffs with soda-inspired 2-in-1 flavors. Fast EU warehouse delivery.","og_url":"https:\/\/vozolvapen.de\/pl\/product\/puff-32k-bang-leader-32k-vape-cola-ice-cherry-cranberry\/","og_site_name":"vozolvapen","article_modified_time":"2026-04-08T03:12:55+00:00","og_image":[{"width":800,"height":800,"url":"https:\/\/vozolvapen.de\/wp-content\/uploads\/2026\/01\/Puff-32k-Bang-Leader-32K-Vape-Cola-Ice-Cherry-Cranberry.webp","type":"image\/webp"}],"twitter_card":"summary_large_image","twitter_misc":{"Szacowany czas czytania":"2 minuty"},"schema":{"@context":"https:\/\/schema.org","@graph":[{"@type":"WebPage","@id":"https:\/\/vozolvapen.de\/product\/puff-32k-bang-leader-32k-vape-cola-ice-cherry-cranberry\/","url":"https:\/\/vozolvapen.de\/product\/puff-32k-bang-leader-32k-vape-cola-ice-cherry-cranberry\/","name":"Cola Ice &amp; Cherry Cranberry Bang Leader 32k - vozolvapen","isPartOf":{"@id":"https:\/\/vozolvapen.de\/#website"},"primaryImageOfPage":{"@id":"https:\/\/vozolvapen.de\/product\/puff-32k-bang-leader-32k-vape-cola-ice-cherry-cranberry\/#primaryimage"},"image":{"@id":"https:\/\/vozolvapen.de\/product\/puff-32k-bang-leader-32k-vape-cola-ice-cherry-cranberry\/#primaryimage"},"thumbnailUrl":"https:\/\/vozolvapen.de\/wp-content\/uploads\/2026\/01\/Puff-32k-Bang-Leader-32K-Vape-Cola-Ice-Cherry-Cranberry.webp","datePublished":"2026-01-05T03:22:28+00:00","dateModified":"2026-04-08T03:12:55+00:00","description":"Kup gazowan\u0105 Col\u0119 Ice i Cherry Cranberry Bang Leader 32000. 32 tys. vape puff\u00f3w o smakach 2 w 1 inspirowanych napojami gazowanymi. Szybka dostawa z magazynu w UE.","breadcrumb":{"@id":"https:\/\/vozolvapen.de\/product\/puff-32k-bang-leader-32k-vape-cola-ice-cherry-cranberry\/#breadcrumb"},"inLanguage":"pl-PL","potentialAction":[{"@type":"ReadAction","target":["https:\/\/vozolvapen.de\/product\/puff-32k-bang-leader-32k-vape-cola-ice-cherry-cranberry\/"]}]},{"@type":"ImageObject","inLanguage":"pl-PL","@id":"https:\/\/vozolvapen.de\/product\/puff-32k-bang-leader-32k-vape-cola-ice-cherry-cranberry\/#primaryimage","url":"https:\/\/vozolvapen.de\/wp-content\/uploads\/2026\/01\/Puff-32k-Bang-Leader-32K-Vape-Cola-Ice-Cherry-Cranberry.webp","contentUrl":"https:\/\/vozolvapen.de\/wp-content\/uploads\/2026\/01\/Puff-32k-Bang-Leader-32K-Vape-Cola-Ice-Cherry-Cranberry.webp","width":800,"height":800,"caption":"Puff 32k Bang Leader 32K Vape - Cola Ice & Cherry Cranberry"},{"@type":"BreadcrumbList","@id":"https:\/\/vozolvapen.de\/product\/puff-32k-bang-leader-32k-vape-cola-ice-cherry-cranberry\/#breadcrumb","itemListElement":[{"@type":"ListItem","position":1,"name":"Home","item":"https:\/\/vozolvapen.de\/de\/"},{"@type":"ListItem","position":2,"name":"Shop","item":"https:\/\/vozolvapen.de\/shop\/"},{"@type":"ListItem","position":3,"name":"Puff 32k Bang Leader 32K Vape &#8211; Cola Ice &#038; Cherry Cranberry"}]},{"@type":"WebSite","@id":"https:\/\/vozolvapen.de\/#website","url":"https:\/\/vozolvapen.de\/","name":"vozolvapen","description":"vozolvapen","publisher":{"@id":"https:\/\/vozolvapen.de\/#organization"},"potentialAction":[{"@type":"SearchAction","target":{"@type":"EntryPoint","urlTemplate":"https:\/\/vozolvapen.de\/?s={search_term_string}"},"query-input":{"@type":"PropertyValueSpecification","valueRequired":true,"valueName":"search_term_string"}}],"inLanguage":"pl-PL"},{"@type":"Organization","@id":"https:\/\/vozolvapen.de\/#organization","name":"vozolvapen","url":"https:\/\/vozolvapen.de\/","logo":{"@type":"ImageObject","inLanguage":"pl-PL","@id":"https:\/\/vozolvapen.de\/#\/schema\/logo\/image\/","url":"https:\/\/vozolvapen.de\/wp-content\/uploads\/2025\/12\/cropped-vozovapen-logo.webp","contentUrl":"https:\/\/vozolvapen.de\/wp-content\/uploads\/2025\/12\/cropped-vozovapen-logo.webp","width":470,"height":110,"caption":"vozolvapen"},"image":{"@id":"https:\/\/vozolvapen.de\/#\/schema\/logo\/image\/"}}]}},"tiered_pricing_type":"fixed","tiered_pricing_fixed_rules":{"30":"10.6","50":"8.6","100":"7.6","200":"7.1"},"tiered_pricing_product_settings":{"layout":"default","base_unit_name":{"singular":null,"plural":null},"default_variation":{}},"tiered_pricing_minimum_quantity":10,"tiered_pricing_roles_data":[],"tiered_pricing_percentage_rules":[],"tiered_pricing_maximum_quantity":null,"tiered_pricing_quantity_step":"10","_links":{"self":[{"href":"http:\/\/vozolvapen.de\/pl\/wp-json\/wp\/v2\/product\/53587","targetHints":{"allow":["GET"]}}],"collection":[{"href":"http:\/\/vozolvapen.de\/pl\/wp-json\/wp\/v2\/product"}],"about":[{"href":"http:\/\/vozolvapen.de\/pl\/wp-json\/wp\/v2\/types\/product"}],"replies":[{"embeddable":true,"href":"http:\/\/vozolvapen.de\/pl\/wp-json\/wp\/v2\/comments?post=53587"}],"wp:featuredmedia":[{"embeddable":true,"href":"http:\/\/vozolvapen.de\/pl\/wp-json\/wp\/v2\/media\/53688"}],"wp:attachment":[{"href":"http:\/\/vozolvapen.de\/pl\/wp-json\/wp\/v2\/media?parent=53587"}],"wp:term":[{"taxonomy":"product_brand","embeddable":true,"href":"http:\/\/vozolvapen.de\/pl\/wp-json\/wp\/v2\/product_brand?post=53587"},{"taxonomy":"product_cat","embeddable":true,"href":"http:\/\/vozolvapen.de\/pl\/wp-json\/wp\/v2\/product_cat?post=53587"},{"taxonomy":"product_tag","embeddable":true,"href":"http:\/\/vozolvapen.de\/pl\/wp-json\/wp\/v2\/product_tag?post=53587"}],"curies":[{"name":"wp","href":"https:\/\/api.w.org\/{rel}","templated":true}]}}