{"id":53843,"date":"2026-01-05T03:28:26","date_gmt":"2026-01-05T03:28:26","guid":{"rendered":"https:\/\/vozolvapen.de\/?post_type=product&#038;p=53843"},"modified":"2026-04-08T03:13:13","modified_gmt":"2026-04-08T03:13:13","slug":"puff-32k-bang-leader-32k-vape-honeydew-melon-watermelon-raspberry","status":"publish","type":"product","link":"http:\/\/vozolvapen.de\/pl\/product\/puff-32k-bang-leader-32k-vape-honeydew-melon-watermelon-raspberry\/","title":{"rendered":"Puff 32k Bang Leader 32K Vape - Honeydew Melon &amp; Watermelon Raspberry"},"content":{"rendered":"<h1 data-path-to-node=\"50\"><b data-path-to-node=\"50\" data-index-in-node=\"0\">Bang Leader 32000 Puffs 2 w 1: Melon miodowy i arbuz malina<\/b><\/h1>\n<p data-path-to-node=\"51\"><b data-path-to-node=\"51\" data-index-in-node=\"0\">The Melon Symphony:<\/b> Nawil\u017caj\u0105ce i nasycone jagodami wyko\u0144czenie kolekcji. To <b data-path-to-node=\"51\" data-index-in-node=\"81\">Puff 32000<\/b> Seria wykorzystuje system dw\u00f3ch zbiornik\u00f3w, aby zaoferowa\u0107 dwa r\u00f3\u017cne doznania melona - jeden kremowy i \u0142agodny, drugi jasny i cierpki.<\/p>\n<h2 data-path-to-node=\"52\"><b data-path-to-node=\"52\" data-index-in-node=\"0\">Dog\u0142\u0119bne nawodnienie<\/b><\/h2>\n<ul data-path-to-node=\"53\">\n<li>\n<p data-path-to-node=\"53,0,0\"><b data-path-to-node=\"53,0,0\" data-index-in-node=\"0\">Tryb A - Melon spadziowy:<\/b> S\u0142odkie, jedwabiste i \u0142agodne nuty melona, kt\u00f3re s\u0105 niezwykle g\u0142adkie w gardle.<\/p>\n<\/li>\n<li>\n<p data-path-to-node=\"53,1,0\"><b data-path-to-node=\"53,1,0\" data-index-in-node=\"0\">Mode B - Watermelon Raspberry:<\/b> Orze\u017awiaj\u0105ca arbuzowa baza z ostr\u0105 malinow\u0105 nut\u0105.\u201c<\/p>\n<\/li>\n<\/ul>\n<h2 data-path-to-node=\"54\"><b data-path-to-node=\"54\" data-index-in-node=\"0\">Dla kogo przeznaczony jest ten smak?<\/b><\/h2>\n<p data-path-to-node=\"54\"><b data-path-to-node=\"54\" data-index-in-node=\"24\">The Smooth Chaser:<\/b> Idealny dla u\u017cytkownik\u00f3w, kt\u00f3rzy chc\u0105 <b data-path-to-node=\"54\" data-index-in-node=\"72\">vaper 32k<\/b> kt\u00f3ry jest nawil\u017caj\u0105cy, lekki i doskonale zbalansowany.<\/p>\n<h2 data-path-to-node=\"6\">Przewodnik po smakach Bang Leader 32K - Honeydew Melon i Watermelon Raspberry<\/h2>\n<p data-path-to-node=\"89\"><b data-path-to-node=\"89\" data-index-in-node=\"0\">Sensoryczna karta wynik\u00f3w:<\/b><\/p>\n<ul data-path-to-node=\"90\">\n<li>\n<p data-path-to-node=\"90,0,0\"><b data-path-to-node=\"90,0,0\" data-index-in-node=\"0\">Aromat :<\/b> \u2b50\u2b50\u2b50\u2b50\u2606<\/p>\n<\/li>\n<li>\n<p data-path-to-node=\"90,1,0\"><b data-path-to-node=\"90,1,0\" data-index-in-node=\"0\">Odczucie w ustach :<\/b> \u2b50\u2b50\u2b50\u2b50\u2b50<\/p>\n<\/li>\n<li>\n<p data-path-to-node=\"90,2,0\"><b data-path-to-node=\"90,2,0\" data-index-in-node=\"0\">Poziom lodu :<\/b> \u2b50\u2b50\u2b50\u2606\u2606<\/p>\n<\/li>\n<li>\n<p data-path-to-node=\"90,3,0\"><b data-path-to-node=\"90,3,0\" data-index-in-node=\"0\">S\u0142odycz :<\/b> \u2b50\u2b50\u2b50\u2606\u2606<\/p>\n<\/li>\n<\/ul>\n<p data-path-to-node=\"91\"><b data-path-to-node=\"91\" data-index-in-node=\"0\">Werdykt eksperta:<\/b> \u0141agodny i nawil\u017caj\u0105cy. To <b data-path-to-node=\"91\" data-index-in-node=\"43\">Puff 32000<\/b> Wyb\u00f3r jest lekki dla gard\u0142a i niezwykle g\u0142adki. The <b data-path-to-node=\"91\" data-index-in-node=\"114\">Melon spadziowy<\/b> strona jest jedwabista i spokojna, dzi\u0119ki czemu jest idealna na ca\u0142y dzie\u0144 <b data-path-to-node=\"91\" data-index-in-node=\"181\">bang vape<\/b> dla relaksu.<\/p>\n<h2 data-path-to-node=\"60\">Specyfikacje Puff 32k Bang Leader 32K Vape Core<\/h2>\n<table data-path-to-node=\"55\">\n<thead>\n<tr>\n<td><strong>Specyfikacja techniczna<\/strong><\/td>\n<td><strong>Warto\u015b\u0107 Bang Leader 32K<\/strong><\/td>\n<td><strong>Profil wydajno\u015bci<\/strong><\/td>\n<\/tr>\n<\/thead>\n<tbody>\n<tr>\n<td><span data-path-to-node=\"55,1,0,0\"><b data-path-to-node=\"55,1,0,0\" data-index-in-node=\"0\">Puff Count<\/b><\/span><\/td>\n<td><span data-path-to-node=\"55,1,1,0\"><b data-path-to-node=\"55,1,1,0\" data-index-in-node=\"0\">Puff 32k<\/b> Niezawodny<\/span><\/td>\n<td><span data-path-to-node=\"55,1,2,0\"><b data-path-to-node=\"55,1,2,0\" data-index-in-node=\"0\">Poziom nawodnienia:<\/b> \ud83c\udf0a\ud83c\udf0a\ud83c\udf0a\ud83c\udf0a\ud83c\udf0a<\/span><\/td>\n<\/tr>\n<tr>\n<td><span data-path-to-node=\"55,2,0,0\"><b data-path-to-node=\"55,2,0,0\" data-index-in-node=\"0\">Specyfikacja baterii<\/b><\/span><\/td>\n<td><span data-path-to-node=\"55,2,1,0\">Akumulator 650 mAh<\/span><\/td>\n<td><span data-path-to-node=\"55,2,2,0\"><b data-path-to-node=\"55,2,2,0\" data-index-in-node=\"0\">S\u0142odycz:<\/b> Subtelny i naturalny<\/span><\/td>\n<\/tr>\n<tr>\n<td><span data-path-to-node=\"55,3,0,0\"><b data-path-to-node=\"55,3,0,0\" data-index-in-node=\"0\">Budowa cewki<\/b><\/span><\/td>\n<td><span data-path-to-node=\"55,3,1,0\">1.0 Ohm Precision Mesh<\/span><\/td>\n<td><span data-path-to-node=\"55,3,2,0\"><b data-path-to-node=\"55,3,2,0\" data-index-in-node=\"0\">Poziom lodu:<\/b> Orze\u017awiaj\u0105cy i lekki<\/span><\/td>\n<\/tr>\n<tr>\n<td><span data-path-to-node=\"55,4,0,0\"><b data-path-to-node=\"55,4,0,0\" data-index-in-node=\"0\">Wymiary<\/b><\/span><\/td>\n<td><span data-path-to-node=\"55,4,1,0\">Smuk\u0142a obudowa 105g<\/span><\/td>\n<td><span data-path-to-node=\"55,4,2,0\"><b data-path-to-node=\"55,4,2,0\" data-index-in-node=\"0\">Najlepsze dla:<\/b> Smooth Summer Vaping<\/span><\/td>\n<\/tr>\n<\/tbody>\n<\/table>\n<h2><strong>Puff 32k Bang Leader 32K Vape <\/strong><strong>Wideo\uff1a<\/strong><\/h2>\n<p><iframe title=\"Puff 32k Bang Leader 32000 32k Puff jednorazowy Vape\" src=\"https:\/\/player.vimeo.com\/video\/1151459652?badge=0&amp;autopause=0&amp;player_id=0&amp;app_id=58479\" width=\"400\" height=\"711\" frameborder=\"0\"><\/iframe><\/p>\n<h3 dir=\"auto\">Oto dalsze zalecenia dla Ciebie:<\/h3>\n<p dir=\"auto\">Odkryj jeszcze wi\u0119cej niesamowitych smak\u00f3w dzi\u0119ki Puff 32k Bang Leader 32K Vape!<\/p>\n<p dir=\"auto\"><a href=\"https:\/\/vozolvapen.de\/pl\/product-category\/bang-vape\/puff-32k-bang-leader-32k-vape-2-in-1\/\" target=\"_blank\" rel=\"noopener noreferrer nofollow\">Zobacz wszystkie odmiany tutaj \u2192<\/a><\/p>\n<p dir=\"auto\">Zapoznaj si\u0119 z nasz\u0105 pe\u0142n\u0105 kolekcj\u0105 i kupuj produkty najlepszych marek vape, kt\u00f3re pokochasz.<\/p>\n<p dir=\"auto\"><a href=\"https:\/\/vozolvapen.de\/pl\/\" target=\"_blank\" rel=\"noopener noreferrer nofollow\">Przegl\u0105daj teraz wszystkie marki \u2192<\/a><\/p>\n<p dir=\"auto\">Sprawd\u017a ca\u0142\u0105 seri\u0119 Bang Vape - ka\u017cdy smak, ka\u017cdy styl!<\/p>\n<p dir=\"auto\"><a href=\"https:\/\/vozolvapen.de\/pl\/product-category\/bang-vape\/\" target=\"_blank\" rel=\"noopener noreferrer nofollow\">Zobacz pe\u0142n\u0105 kolekcj\u0119 Bang Vape \u2192<\/a><\/p>","protected":false},"excerpt":{"rendered":"<p><b data-path-to-node=\"4,18,4,0\" data-index-in-node=\"0\">The Melon Symphony.<\/b> Nawil\u017caj\u0105cy <b data-path-to-node=\"4,18,4,0\" data-index-in-node=\"32\">Puff 32k<\/b> arcydzie\u0142o. Prze\u0142\u0105czaj mi\u0119dzy jedwabistym miodem spadziowym a jasn\u0105, cierpk\u0105 mieszank\u0105 arbuza i malin.<\/p>","protected":false},"featured_media":53922,"comment_status":"open","ping_status":"closed","template":"","meta":{"_acf_changed":false},"product_brand":[],"product_cat":[134,108],"product_tag":[],"class_list":{"0":"post-53843","1":"product","2":"type-product","3":"status-publish","4":"has-post-thumbnail","6":"product_cat-eu-warehouse-in-stock","7":"product_cat-puff-32k-bang-leader-32k-vape-2-in-1","9":"first","10":"instock","11":"featured","12":"shipping-taxable","13":"purchasable","14":"product-type-variable"},"acf":[],"yoast_head":"<!-- This site is optimized with the Yoast SEO Premium plugin v26.1 (Yoast SEO v27.5) - https:\/\/yoast.com\/product\/yoast-seo-premium-wordpress\/ -->\n<title>Honeydew Melon &amp; Watermelon Raspberry Bang Leader - vozolvapen<\/title>\n<meta name=\"description\" content=\"Try the mellow Honeydew Melon &amp; Watermelon Raspberry Bang Leader 32000. Hydrating 32k vape puffs. 2-in-1 flavors. EU warehouse stock.\" \/>\n<meta name=\"robots\" content=\"index, follow, max-snippet:-1, max-image-preview:large, max-video-preview:-1\" \/>\n<link rel=\"canonical\" href=\"https:\/\/vozolvapen.de\/pl\/product\/puff-32k-bang-leader-32k-vape-honeydew-melon-watermelon-raspberry\/\" \/>\n<meta property=\"og:locale\" content=\"pl_PL\" \/>\n<meta property=\"og:type\" content=\"article\" \/>\n<meta property=\"og:title\" content=\"Puff 32k Bang Leader 32K Vape - Honeydew Melon &amp; Watermelon Raspberry\" \/>\n<meta property=\"og:description\" content=\"Try the mellow Honeydew Melon &amp; Watermelon Raspberry Bang Leader 32000. Hydrating 32k vape puffs. 2-in-1 flavors. EU warehouse stock.\" \/>\n<meta property=\"og:url\" content=\"https:\/\/vozolvapen.de\/pl\/product\/puff-32k-bang-leader-32k-vape-honeydew-melon-watermelon-raspberry\/\" \/>\n<meta property=\"og:site_name\" content=\"vozolvapen\" \/>\n<meta property=\"article:modified_time\" content=\"2026-04-08T03:13:13+00:00\" \/>\n<meta property=\"og:image\" content=\"https:\/\/vozolvapen.de\/wp-content\/uploads\/2026\/01\/Puff-32k-Bang-Leader-32K-Vape-Honeydew-Melon-Watermelon-Raspberry.webp\" \/>\n\t<meta property=\"og:image:width\" content=\"800\" \/>\n\t<meta property=\"og:image:height\" content=\"800\" \/>\n\t<meta property=\"og:image:type\" content=\"image\/webp\" \/>\n<meta name=\"twitter:card\" content=\"summary_large_image\" \/>\n<meta name=\"twitter:label1\" content=\"Szacowany czas czytania\" \/>\n\t<meta name=\"twitter:data1\" content=\"2 minuty\" \/>\n<script type=\"application\/ld+json\" class=\"yoast-schema-graph\">{\"@context\":\"https:\\\/\\\/schema.org\",\"@graph\":[{\"@type\":\"WebPage\",\"@id\":\"https:\\\/\\\/vozolvapen.de\\\/product\\\/puff-32k-bang-leader-32k-vape-honeydew-melon-watermelon-raspberry\\\/\",\"url\":\"https:\\\/\\\/vozolvapen.de\\\/product\\\/puff-32k-bang-leader-32k-vape-honeydew-melon-watermelon-raspberry\\\/\",\"name\":\"Honeydew Melon & Watermelon Raspberry Bang Leader - vozolvapen\",\"isPartOf\":{\"@id\":\"https:\\\/\\\/vozolvapen.de\\\/#website\"},\"primaryImageOfPage\":{\"@id\":\"https:\\\/\\\/vozolvapen.de\\\/product\\\/puff-32k-bang-leader-32k-vape-honeydew-melon-watermelon-raspberry\\\/#primaryimage\"},\"image\":{\"@id\":\"https:\\\/\\\/vozolvapen.de\\\/product\\\/puff-32k-bang-leader-32k-vape-honeydew-melon-watermelon-raspberry\\\/#primaryimage\"},\"thumbnailUrl\":\"https:\\\/\\\/vozolvapen.de\\\/wp-content\\\/uploads\\\/2026\\\/01\\\/Puff-32k-Bang-Leader-32K-Vape-Honeydew-Melon-Watermelon-Raspberry.webp\",\"datePublished\":\"2026-01-05T03:28:26+00:00\",\"dateModified\":\"2026-04-08T03:13:13+00:00\",\"description\":\"Try the mellow Honeydew Melon & Watermelon Raspberry Bang Leader 32000. Hydrating 32k vape puffs. 2-in-1 flavors. EU warehouse stock.\",\"breadcrumb\":{\"@id\":\"https:\\\/\\\/vozolvapen.de\\\/product\\\/puff-32k-bang-leader-32k-vape-honeydew-melon-watermelon-raspberry\\\/#breadcrumb\"},\"inLanguage\":\"pl-PL\",\"potentialAction\":[{\"@type\":\"ReadAction\",\"target\":[\"https:\\\/\\\/vozolvapen.de\\\/product\\\/puff-32k-bang-leader-32k-vape-honeydew-melon-watermelon-raspberry\\\/\"]}]},{\"@type\":\"ImageObject\",\"inLanguage\":\"pl-PL\",\"@id\":\"https:\\\/\\\/vozolvapen.de\\\/product\\\/puff-32k-bang-leader-32k-vape-honeydew-melon-watermelon-raspberry\\\/#primaryimage\",\"url\":\"https:\\\/\\\/vozolvapen.de\\\/wp-content\\\/uploads\\\/2026\\\/01\\\/Puff-32k-Bang-Leader-32K-Vape-Honeydew-Melon-Watermelon-Raspberry.webp\",\"contentUrl\":\"https:\\\/\\\/vozolvapen.de\\\/wp-content\\\/uploads\\\/2026\\\/01\\\/Puff-32k-Bang-Leader-32K-Vape-Honeydew-Melon-Watermelon-Raspberry.webp\",\"width\":800,\"height\":800,\"caption\":\"Puff 32k Bang Leader 32K Vape - Honeydew Melon & Watermelon Raspberry\"},{\"@type\":\"BreadcrumbList\",\"@id\":\"https:\\\/\\\/vozolvapen.de\\\/product\\\/puff-32k-bang-leader-32k-vape-honeydew-melon-watermelon-raspberry\\\/#breadcrumb\",\"itemListElement\":[{\"@type\":\"ListItem\",\"position\":1,\"name\":\"Home\",\"item\":\"https:\\\/\\\/vozolvapen.de\\\/de\\\/\"},{\"@type\":\"ListItem\",\"position\":2,\"name\":\"Shop\",\"item\":\"https:\\\/\\\/vozolvapen.de\\\/shop\\\/\"},{\"@type\":\"ListItem\",\"position\":3,\"name\":\"Puff 32k Bang Leader 32K Vape &#8211; Honeydew Melon &#038; Watermelon Raspberry\"}]},{\"@type\":\"WebSite\",\"@id\":\"https:\\\/\\\/vozolvapen.de\\\/#website\",\"url\":\"https:\\\/\\\/vozolvapen.de\\\/\",\"name\":\"vozolvapen\",\"description\":\"vozolvapen\",\"publisher\":{\"@id\":\"https:\\\/\\\/vozolvapen.de\\\/#organization\"},\"potentialAction\":[{\"@type\":\"SearchAction\",\"target\":{\"@type\":\"EntryPoint\",\"urlTemplate\":\"https:\\\/\\\/vozolvapen.de\\\/?s={search_term_string}\"},\"query-input\":{\"@type\":\"PropertyValueSpecification\",\"valueRequired\":true,\"valueName\":\"search_term_string\"}}],\"inLanguage\":\"pl-PL\"},{\"@type\":\"Organization\",\"@id\":\"https:\\\/\\\/vozolvapen.de\\\/#organization\",\"name\":\"vozolvapen\",\"url\":\"https:\\\/\\\/vozolvapen.de\\\/\",\"logo\":{\"@type\":\"ImageObject\",\"inLanguage\":\"pl-PL\",\"@id\":\"https:\\\/\\\/vozolvapen.de\\\/#\\\/schema\\\/logo\\\/image\\\/\",\"url\":\"https:\\\/\\\/vozolvapen.de\\\/wp-content\\\/uploads\\\/2025\\\/12\\\/cropped-vozovapen-logo.webp\",\"contentUrl\":\"https:\\\/\\\/vozolvapen.de\\\/wp-content\\\/uploads\\\/2025\\\/12\\\/cropped-vozovapen-logo.webp\",\"width\":470,\"height\":110,\"caption\":\"vozolvapen\"},\"image\":{\"@id\":\"https:\\\/\\\/vozolvapen.de\\\/#\\\/schema\\\/logo\\\/image\\\/\"}}]}<\/script>\n<!-- \/ Yoast SEO Premium plugin. -->","yoast_head_json":{"title":"Honeydew Melon &amp; Watermelon Raspberry Bang Leader - vozolvapen","description":"Wypr\u00f3buj \u0142agodny Honeydew Melon &amp; Watermelon Raspberry Bang Leader 32000. Nawadniaj\u0105ce 32 tys. zaci\u0105gni\u0119\u0107. Smaki 2 w 1. Magazyn w UE.","robots":{"index":"index","follow":"follow","max-snippet":"max-snippet:-1","max-image-preview":"max-image-preview:large","max-video-preview":"max-video-preview:-1"},"canonical":"https:\/\/vozolvapen.de\/pl\/product\/puff-32k-bang-leader-32k-vape-honeydew-melon-watermelon-raspberry\/","og_locale":"pl_PL","og_type":"article","og_title":"Puff 32k Bang Leader 32K Vape - Honeydew Melon & Watermelon Raspberry","og_description":"Try the mellow Honeydew Melon & Watermelon Raspberry Bang Leader 32000. Hydrating 32k vape puffs. 2-in-1 flavors. EU warehouse stock.","og_url":"https:\/\/vozolvapen.de\/pl\/product\/puff-32k-bang-leader-32k-vape-honeydew-melon-watermelon-raspberry\/","og_site_name":"vozolvapen","article_modified_time":"2026-04-08T03:13:13+00:00","og_image":[{"width":800,"height":800,"url":"https:\/\/vozolvapen.de\/wp-content\/uploads\/2026\/01\/Puff-32k-Bang-Leader-32K-Vape-Honeydew-Melon-Watermelon-Raspberry.webp","type":"image\/webp"}],"twitter_card":"summary_large_image","twitter_misc":{"Szacowany czas czytania":"2 minuty"},"schema":{"@context":"https:\/\/schema.org","@graph":[{"@type":"WebPage","@id":"https:\/\/vozolvapen.de\/product\/puff-32k-bang-leader-32k-vape-honeydew-melon-watermelon-raspberry\/","url":"https:\/\/vozolvapen.de\/product\/puff-32k-bang-leader-32k-vape-honeydew-melon-watermelon-raspberry\/","name":"Honeydew Melon &amp; Watermelon Raspberry Bang Leader - vozolvapen","isPartOf":{"@id":"https:\/\/vozolvapen.de\/#website"},"primaryImageOfPage":{"@id":"https:\/\/vozolvapen.de\/product\/puff-32k-bang-leader-32k-vape-honeydew-melon-watermelon-raspberry\/#primaryimage"},"image":{"@id":"https:\/\/vozolvapen.de\/product\/puff-32k-bang-leader-32k-vape-honeydew-melon-watermelon-raspberry\/#primaryimage"},"thumbnailUrl":"https:\/\/vozolvapen.de\/wp-content\/uploads\/2026\/01\/Puff-32k-Bang-Leader-32K-Vape-Honeydew-Melon-Watermelon-Raspberry.webp","datePublished":"2026-01-05T03:28:26+00:00","dateModified":"2026-04-08T03:13:13+00:00","description":"Wypr\u00f3buj \u0142agodny Honeydew Melon &amp; Watermelon Raspberry Bang Leader 32000. Nawadniaj\u0105ce 32 tys. zaci\u0105gni\u0119\u0107. Smaki 2 w 1. Magazyn w UE.","breadcrumb":{"@id":"https:\/\/vozolvapen.de\/product\/puff-32k-bang-leader-32k-vape-honeydew-melon-watermelon-raspberry\/#breadcrumb"},"inLanguage":"pl-PL","potentialAction":[{"@type":"ReadAction","target":["https:\/\/vozolvapen.de\/product\/puff-32k-bang-leader-32k-vape-honeydew-melon-watermelon-raspberry\/"]}]},{"@type":"ImageObject","inLanguage":"pl-PL","@id":"https:\/\/vozolvapen.de\/product\/puff-32k-bang-leader-32k-vape-honeydew-melon-watermelon-raspberry\/#primaryimage","url":"https:\/\/vozolvapen.de\/wp-content\/uploads\/2026\/01\/Puff-32k-Bang-Leader-32K-Vape-Honeydew-Melon-Watermelon-Raspberry.webp","contentUrl":"https:\/\/vozolvapen.de\/wp-content\/uploads\/2026\/01\/Puff-32k-Bang-Leader-32K-Vape-Honeydew-Melon-Watermelon-Raspberry.webp","width":800,"height":800,"caption":"Puff 32k Bang Leader 32K Vape - Honeydew Melon & Watermelon Raspberry"},{"@type":"BreadcrumbList","@id":"https:\/\/vozolvapen.de\/product\/puff-32k-bang-leader-32k-vape-honeydew-melon-watermelon-raspberry\/#breadcrumb","itemListElement":[{"@type":"ListItem","position":1,"name":"Home","item":"https:\/\/vozolvapen.de\/de\/"},{"@type":"ListItem","position":2,"name":"Shop","item":"https:\/\/vozolvapen.de\/shop\/"},{"@type":"ListItem","position":3,"name":"Puff 32k Bang Leader 32K Vape &#8211; Honeydew Melon &#038; Watermelon Raspberry"}]},{"@type":"WebSite","@id":"https:\/\/vozolvapen.de\/#website","url":"https:\/\/vozolvapen.de\/","name":"vozolvapen","description":"vozolvapen","publisher":{"@id":"https:\/\/vozolvapen.de\/#organization"},"potentialAction":[{"@type":"SearchAction","target":{"@type":"EntryPoint","urlTemplate":"https:\/\/vozolvapen.de\/?s={search_term_string}"},"query-input":{"@type":"PropertyValueSpecification","valueRequired":true,"valueName":"search_term_string"}}],"inLanguage":"pl-PL"},{"@type":"Organization","@id":"https:\/\/vozolvapen.de\/#organization","name":"vozolvapen","url":"https:\/\/vozolvapen.de\/","logo":{"@type":"ImageObject","inLanguage":"pl-PL","@id":"https:\/\/vozolvapen.de\/#\/schema\/logo\/image\/","url":"https:\/\/vozolvapen.de\/wp-content\/uploads\/2025\/12\/cropped-vozovapen-logo.webp","contentUrl":"https:\/\/vozolvapen.de\/wp-content\/uploads\/2025\/12\/cropped-vozovapen-logo.webp","width":470,"height":110,"caption":"vozolvapen"},"image":{"@id":"https:\/\/vozolvapen.de\/#\/schema\/logo\/image\/"}}]}},"tiered_pricing_type":"fixed","tiered_pricing_fixed_rules":{"30":"10.6","50":"8.6","100":"7.6","200":"7.1"},"tiered_pricing_product_settings":{"layout":"default","base_unit_name":{"singular":null,"plural":null},"default_variation":{}},"tiered_pricing_minimum_quantity":10,"tiered_pricing_roles_data":[],"tiered_pricing_percentage_rules":[],"tiered_pricing_maximum_quantity":null,"tiered_pricing_quantity_step":"10","_links":{"self":[{"href":"http:\/\/vozolvapen.de\/pl\/wp-json\/wp\/v2\/product\/53843","targetHints":{"allow":["GET"]}}],"collection":[{"href":"http:\/\/vozolvapen.de\/pl\/wp-json\/wp\/v2\/product"}],"about":[{"href":"http:\/\/vozolvapen.de\/pl\/wp-json\/wp\/v2\/types\/product"}],"replies":[{"embeddable":true,"href":"http:\/\/vozolvapen.de\/pl\/wp-json\/wp\/v2\/comments?post=53843"}],"wp:featuredmedia":[{"embeddable":true,"href":"http:\/\/vozolvapen.de\/pl\/wp-json\/wp\/v2\/media\/53922"}],"wp:attachment":[{"href":"http:\/\/vozolvapen.de\/pl\/wp-json\/wp\/v2\/media?parent=53843"}],"wp:term":[{"taxonomy":"product_brand","embeddable":true,"href":"http:\/\/vozolvapen.de\/pl\/wp-json\/wp\/v2\/product_brand?post=53843"},{"taxonomy":"product_cat","embeddable":true,"href":"http:\/\/vozolvapen.de\/pl\/wp-json\/wp\/v2\/product_cat?post=53843"},{"taxonomy":"product_tag","embeddable":true,"href":"http:\/\/vozolvapen.de\/pl\/wp-json\/wp\/v2\/product_tag?post=53843"}],"curies":[{"name":"wp","href":"https:\/\/api.w.org\/{rel}","templated":true}]}}