{"id":54024,"date":"2026-01-06T06:03:34","date_gmt":"2026-01-06T06:03:34","guid":{"rendered":"https:\/\/vozolvapen.de\/?post_type=product&#038;p=54024"},"modified":"2026-02-10T10:53:27","modified_gmt":"2026-02-10T10:53:27","slug":"40k-vape-waspe-aiviou-40000-watermelon-ice-lemon-lime","status":"publish","type":"product","link":"http:\/\/vozolvapen.de\/pl\/product\/40k-vape-waspe-aiviou-40000-watermelon-ice-lemon-lime\/","title":{"rendered":"40k Vape Waspe Aiviou 40000 - Watermelon Ice &amp; Lemon Lime"},"content":{"rendered":"<h1 data-path-to-node=\"3\"><b data-path-to-node=\"3\" data-index-in-node=\"0\">\u00a0Waspe Aiviou 40000 Puffs - The Ultimate Icy Pulse (Watermelon Ice &amp; Lemon Lime)<\/b><\/h1>\n<p data-path-to-node=\"4\">Wkrocz w przysz\u0142o\u015b\u0107 waporyzacji o du\u017cej pojemno\u015bci z urz\u0105dzeniem <b data-path-to-node=\"4\" data-index-in-node=\"54\">Waspe Aiviou 40000<\/b>. To nie jest tylko <b data-path-to-node=\"4\" data-index-in-node=\"92\">40k vape<\/b>; To podr\u00f3\u017c dla dw\u00f3ch zmys\u0142\u00f3w. Zaprojektowany dla wyrafinowanych <b data-path-to-node=\"4\" data-index-in-node=\"162\">vaper waspe 40000<\/b> To urz\u0105dzenie oferuje dwa r\u00f3\u017cne profile: g\u0142\u0119boki, mro\u017cony arbuz i musuj\u0105c\u0105, pikantn\u0105 limonk\u0119 cytrynow\u0105.<\/p>\n<h3 data-path-to-node=\"5\"><b data-path-to-node=\"5\" data-index-in-node=\"0\">Symfonia smak\u00f3w: precyzja 2 w 1<\/b><\/h3>\n<ul data-path-to-node=\"6\">\n<li>\n<p data-path-to-node=\"6,0,0\"><b data-path-to-node=\"6,0,0\" data-index-in-node=\"0\">Tryb A - Watermelon Ice:<\/b> Wyobra\u017a sobie dojrza\u0142ego w s\u0142o\u0144cu arbuza rozbitego na bloku arktycznego lodu. Wdech jest g\u0142adki i s\u0142odki, a wydech pozostawia d\u0142ugotrwa\u0142y szron.<\/p>\n<\/li>\n<li>\n<p data-path-to-node=\"6,1,0\"><b data-path-to-node=\"6,1,0\" data-index-in-node=\"0\">Tryb B - Lemon Lime:<\/b> Cytrusowy szok o wysokim napi\u0119ciu. Na\u015bladuje uczucie zimnego cytrynowo-limonkowego napoju gazowanego - musuj\u0105cego, cierpkiego i niesamowicie orze\u017awiaj\u0105cego.<\/p>\n<\/li>\n<\/ul>\n<h3 data-path-to-node=\"7\"><b data-path-to-node=\"7\" data-index-in-node=\"0\">Zaawansowany modu\u0142 in\u017cynieryjny<\/b><\/h3>\n<ul data-path-to-node=\"8\">\n<li>\n<p data-path-to-node=\"8,0,0\"><b data-path-to-node=\"8,0,0\" data-index-in-node=\"0\">Technologia Dual Mesh:<\/b> Wyposa\u017cony w <b data-path-to-node=\"8,0,0\" data-index-in-node=\"34\">Cewka siatkowa 0,9ohm + 0,9ohm<\/b> System Waspe 40k zapewnia, \u017ce cz\u0105steczki aromatu s\u0105 doskonale rozpylane, zapobiegaj\u0105c \u201cprzypalonemu smakowi\u201d cz\u0119sto wyst\u0119puj\u0105cemu w jednorazowych produktach o wysokiej zawarto\u015bci dmuchawy.<\/p>\n<\/li>\n<li>\n<p data-path-to-node=\"8,1,0\"><b data-path-to-node=\"8,1,0\" data-index-in-node=\"0\">Zbiornik o pojemno\u015bci 36 ml:<\/b> Dzi\u0119ki 36 ml najwy\u017cszej jako\u015bci e-liquidu masz gwarancj\u0119 <b data-path-to-node=\"8,1,0\" data-index-in-node=\"74\">40000 zaci\u0105gni\u0119\u0107<\/b> sta\u0142ego nasycenia.<\/p>\n<\/li>\n<\/ul>\n<h3 data-path-to-node=\"9\"><b data-path-to-node=\"9\" data-index-in-node=\"0\">Do\u015bwiadczenie w zakresie inteligentnych diod LED i sprz\u0119tu<\/b><\/h3>\n<p data-path-to-node=\"10\">Zintegrowany <b data-path-to-node=\"10\" data-index-in-node=\"15\">Wy\u015bwietlacz LED<\/b> zapewnia informacje zwrotne w czasie rzeczywistym na temat \u017cywotno\u015bci baterii 650 mAh i pozosta\u0142ego poziomu energii. Nigdy nie daj si\u0119 zaskoczy\u0107; <b data-path-to-node=\"10\" data-index-in-node=\"142\">\u0141adowanie typu C<\/b> Gwarantuje, \u017ce sp\u0119dzisz wi\u0119cej czasu na wapowaniu, a mniej na czekaniu.<\/p>\n<h2 data-path-to-node=\"11\"><b data-path-to-node=\"11\" data-index-in-node=\"0\">Puff B2B i przewaga sprzeda\u017cy hurtowej<\/b><\/h2>\n<p data-path-to-node=\"12\">Dla naszego <b data-path-to-node=\"12\" data-index-in-node=\"8\">Puff B2B<\/b> partnerzy <b data-path-to-node=\"12\" data-index-in-node=\"31\">Waspe Aiviou 40000<\/b> to pot\u0119\u017cne SKU. Pakowany w pude\u0142ka po 10 sztuk, jego wysokiej jako\u015bci konstrukcja i waga 120 g odzwierciedlaj\u0105 wysok\u0105 jako\u015b\u0107. <b data-path-to-node=\"12\" data-index-in-node=\"149\">d\u0142ugopis vape<\/b> kt\u00f3ry przyci\u0105ga uwag\u0119 na p\u00f3\u0142kach sklepowych.<\/p>\n<h2 data-path-to-node=\"22\">Dla kogo to jest?<\/h2>\n<ul>\n<li>\n<p data-path-to-node=\"4,0,0\"><b data-path-to-node=\"4,0,0\" data-index-in-node=\"0\">Poszukiwacz \u201cArctic Refresh\u201d:<\/b> Idealny dla waper\u00f3w, kt\u00f3rzy potrzebuj\u0105 natychmiastowego \u201coch\u0142odzenia\u201d. Je\u015bli uwielbiasz ostry kontrast mi\u0119dzy s\u0142odkim melonem a kwa\u015bnymi cytrusami, ten <b data-path-to-node=\"4,0,0\" data-index-in-node=\"156\">waspe 40k<\/b> to Tw\u00f3j letni niezb\u0119dnik.<\/p>\n<\/li>\n<li>\n<p data-path-to-node=\"4,1,0\"><b data-path-to-node=\"4,1,0\" data-index-in-node=\"0\">Entuzjasta \u201cporannego wapowania\u201d:<\/b> Cytrynowo-limonkowy aromat zapewnia naturaln\u0105 pobudk\u0119, a arbuzowy l\u00f3d zapewnia \u0142agodny, nie mdl\u0105cy pocz\u0105tek dnia.<\/p>\n<\/li>\n<\/ul>\n<h2 data-path-to-node=\"12\">40k Vape Waspe Aiviou 40000 FAQ<\/h2>\n<h3 data-path-to-node=\"91,0,0\"><b data-path-to-node=\"91,0,0\" data-index-in-node=\"0\">P: Jak zmieni\u0107 smaki w Waspe Aiviou 40000?<\/b><\/h3>\n<p data-path-to-node=\"91,0,1,0,0\">O: Na urz\u0105dzeniu znajduje si\u0119 fizyczny prze\u0142\u0105cznik, kt\u00f3ry umo\u017cliwia natychmiastow\u0105 zmian\u0119 mi\u0119dzy dwoma zbiornikami o pojemno\u015bci 18 ml.<\/p>\n<h3 data-path-to-node=\"91,0,1,0,0\"><b data-path-to-node=\"91,1,0\" data-index-in-node=\"0\">P: Czy liczba 40 000 puff\u00f3w jest prawdziwa?<\/b><\/h3>\n<p data-path-to-node=\"91,1,1,0,0\">O: Tak, dzi\u0119ki ogromnej <b data-path-to-node=\"91,1,1,0,0\" data-index-in-node=\"30\">Zbiornik o pojemno\u015bci 36 ml<\/b> i wydajny <b data-path-to-node=\"91,1,1,0,0\" data-index-in-node=\"59\">Cewki z podw\u00f3jn\u0105 siatk\u0105<\/b>, To urz\u0105dzenie zosta\u0142o zaprojektowane tak, aby osi\u0105gn\u0105\u0107 40 000 zaci\u0105gni\u0119\u0107 w standardowych warunkach u\u017cytkowania.<\/p>\n<h3 data-path-to-node=\"91,2,0\"><b data-path-to-node=\"91,2,0\" data-index-in-node=\"0\">P: Czy mog\u0119 na\u0142adowa\u0107 to pi\u00f3ro vape?<\/b><\/h3>\n<p data-path-to-node=\"91,2,1,0,0\">O: Tak, jest wyposa\u017cony w <b data-path-to-node=\"91,2,1,0,0\" data-index-in-node=\"22\">Port \u0142adowania typu C<\/b> do szybkiego uzupe\u0142niania baterii o pojemno\u015bci 650 mAh.<\/p>\n<h3 data-path-to-node=\"77\"><b data-path-to-node=\"77\" data-index-in-node=\"0\">Dalsze zalecenia:<\/b><\/h3>\n<p data-path-to-node=\"78\">Odkryj jeszcze wi\u0119cej niesamowitych smak\u00f3w dzi\u0119ki <strong>40k Vape Waspe Aiviou 40000<\/strong>!<\/p>\n<p data-path-to-node=\"79\"><a class=\"ng-star-inserted\" href=\"https:\/\/vozolvapen.de\/pl\/product-category\/waspe-vape\/40k-vape-waspe-aiviou-40000-2-in-1\/\" target=\"_blank\" rel=\"noopener noreferrer nofollow\" data-hveid=\"0\" data-ved=\"0CAAQ_4QMahgKEwjxyYqx9_CRAxUAAAAAHQAAAAAQ9wE\">Zobacz wszystkie odmiany tutaj \u2192<\/a><\/p>\n<p data-path-to-node=\"80\">Zapoznaj si\u0119 z nasz\u0105 pe\u0142n\u0105 kolekcj\u0105 i kupuj produkty najlepszych marek vape, kt\u00f3re pokochasz.<\/p>\n<p data-path-to-node=\"81\"><a class=\"ng-star-inserted\" href=\"https:\/\/vozolvapen.de\/pl\/\" target=\"_blank\" rel=\"noopener noreferrer nofollow\" data-hveid=\"0\" data-ved=\"0CAAQ_4QMahgKEwjxyYqx9_CRAxUAAAAAHQAAAAAQ-AE\">Przegl\u0105daj teraz wszystkie marki \u2192<\/a><\/p>\n<p data-path-to-node=\"82\">Sprawd\u017a ca\u0142o\u015b\u0107\u00a0<b data-path-to-node=\"82\" data-index-in-node=\"23\">Waspe Aiviou<\/b>\u00a0Seria - ka\u017cdy smak, ka\u017cdy styl!<\/p>\n<p data-path-to-node=\"83\"><a class=\"ng-star-inserted\" href=\"https:\/\/vozolvapen.de\/pl\/product-category\/waspe-vape\/\" target=\"_blank\" rel=\"noopener noreferrer nofollow\" data-hveid=\"0\" data-ved=\"0CAAQ_4QMahgKEwjxyYqx9_CRAxUAAAAAHQAAAAAQ-QE\">Zobacz pe\u0142n\u0105 kolekcj\u0119 Waspe \u2192<\/a><\/p>","protected":false},"excerpt":{"rendered":"<p><b data-path-to-node=\"3,1,4,0\" data-index-in-node=\"0\">Arctic Citrus Duo.<\/b> Zamie\u0144 mro\u017conego arbuza na aromatyczn\u0105 cytryn\u0119 z limonk\u0105. To <b data-path-to-node=\"3,1,4,0\" data-index-in-node=\"79\">vaper 40000 zaci\u0105gni\u0119\u0107<\/b> Urz\u0105dzenie oferuje najlepsze ch\u0142odzenie 2 w 1.<\/p>","protected":false},"featured_media":55183,"comment_status":"open","ping_status":"closed","template":"","meta":{"_acf_changed":false},"product_brand":[],"product_cat":[109,134],"product_tag":[],"class_list":{"0":"post-54024","1":"product","2":"type-product","3":"status-publish","4":"has-post-thumbnail","6":"product_cat-40k-vape-waspe-aiviou-40000-2-in-1","7":"product_cat-eu-warehouse-in-stock","9":"first","10":"instock","11":"shipping-taxable","12":"purchasable","13":"product-type-variable"},"acf":[],"yoast_head":"<!-- This site is optimized with the Yoast SEO Premium plugin v26.1 (Yoast SEO v27.5) - https:\/\/yoast.com\/product\/yoast-seo-premium-wordpress\/ -->\n<title>Watermelon Ice &amp; Lemon Lime Waspe 40k - vozolvapen<\/title>\n<meta name=\"description\" content=\"Shop the Watermelon Ice &amp; Lemon Lime Waspe Aiviou 40000. 40k vape with 36ml oil and 2-in-1 flavor tech. Best vape flavours 2026.\" \/>\n<meta name=\"robots\" content=\"index, follow, max-snippet:-1, max-image-preview:large, max-video-preview:-1\" \/>\n<link rel=\"canonical\" href=\"https:\/\/vozolvapen.de\/pl\/product\/40k-vape-waspe-aiviou-40000-watermelon-ice-lemon-lime\/\" \/>\n<meta property=\"og:locale\" content=\"pl_PL\" \/>\n<meta property=\"og:type\" content=\"article\" \/>\n<meta property=\"og:title\" content=\"40k Vape Waspe Aiviou 40000 - Watermelon Ice &amp; Lemon Lime\" \/>\n<meta property=\"og:description\" content=\"Shop the Watermelon Ice &amp; Lemon Lime Waspe Aiviou 40000. 40k vape with 36ml oil and 2-in-1 flavor tech. Best vape flavours 2026.\" \/>\n<meta property=\"og:url\" content=\"https:\/\/vozolvapen.de\/pl\/product\/40k-vape-waspe-aiviou-40000-watermelon-ice-lemon-lime\/\" \/>\n<meta property=\"og:site_name\" content=\"vozolvapen\" \/>\n<meta property=\"article:modified_time\" content=\"2026-02-10T10:53:27+00:00\" \/>\n<meta property=\"og:image\" content=\"https:\/\/vozolvapen.de\/wp-content\/uploads\/2026\/01\/40k-Vape-Waspe-Aiviou-40000-Watermelon-Ice-Lemon-Lime-2.webp\" \/>\n\t<meta property=\"og:image:width\" content=\"1200\" \/>\n\t<meta property=\"og:image:height\" content=\"1200\" \/>\n\t<meta property=\"og:image:type\" content=\"image\/webp\" \/>\n<meta name=\"twitter:card\" content=\"summary_large_image\" \/>\n<meta name=\"twitter:label1\" content=\"Szacowany czas czytania\" \/>\n\t<meta name=\"twitter:data1\" content=\"3 minuty\" \/>\n<script type=\"application\/ld+json\" class=\"yoast-schema-graph\">{\"@context\":\"https:\\\/\\\/schema.org\",\"@graph\":[{\"@type\":\"WebPage\",\"@id\":\"https:\\\/\\\/vozolvapen.de\\\/product\\\/40k-vape-waspe-aiviou-40000-watermelon-ice-lemon-lime\\\/\",\"url\":\"https:\\\/\\\/vozolvapen.de\\\/product\\\/40k-vape-waspe-aiviou-40000-watermelon-ice-lemon-lime\\\/\",\"name\":\"Watermelon Ice & Lemon Lime Waspe 40k - vozolvapen\",\"isPartOf\":{\"@id\":\"https:\\\/\\\/vozolvapen.de\\\/#website\"},\"primaryImageOfPage\":{\"@id\":\"https:\\\/\\\/vozolvapen.de\\\/product\\\/40k-vape-waspe-aiviou-40000-watermelon-ice-lemon-lime\\\/#primaryimage\"},\"image\":{\"@id\":\"https:\\\/\\\/vozolvapen.de\\\/product\\\/40k-vape-waspe-aiviou-40000-watermelon-ice-lemon-lime\\\/#primaryimage\"},\"thumbnailUrl\":\"https:\\\/\\\/vozolvapen.de\\\/wp-content\\\/uploads\\\/2026\\\/01\\\/40k-Vape-Waspe-Aiviou-40000-Watermelon-Ice-Lemon-Lime-2.webp\",\"datePublished\":\"2026-01-06T06:03:34+00:00\",\"dateModified\":\"2026-02-10T10:53:27+00:00\",\"description\":\"Shop the Watermelon Ice & Lemon Lime Waspe Aiviou 40000. 40k vape with 36ml oil and 2-in-1 flavor tech. Best vape flavours 2026.\",\"breadcrumb\":{\"@id\":\"https:\\\/\\\/vozolvapen.de\\\/product\\\/40k-vape-waspe-aiviou-40000-watermelon-ice-lemon-lime\\\/#breadcrumb\"},\"inLanguage\":\"pl-PL\",\"potentialAction\":[{\"@type\":\"ReadAction\",\"target\":[\"https:\\\/\\\/vozolvapen.de\\\/product\\\/40k-vape-waspe-aiviou-40000-watermelon-ice-lemon-lime\\\/\"]}]},{\"@type\":\"ImageObject\",\"inLanguage\":\"pl-PL\",\"@id\":\"https:\\\/\\\/vozolvapen.de\\\/product\\\/40k-vape-waspe-aiviou-40000-watermelon-ice-lemon-lime\\\/#primaryimage\",\"url\":\"https:\\\/\\\/vozolvapen.de\\\/wp-content\\\/uploads\\\/2026\\\/01\\\/40k-Vape-Waspe-Aiviou-40000-Watermelon-Ice-Lemon-Lime-2.webp\",\"contentUrl\":\"https:\\\/\\\/vozolvapen.de\\\/wp-content\\\/uploads\\\/2026\\\/01\\\/40k-Vape-Waspe-Aiviou-40000-Watermelon-Ice-Lemon-Lime-2.webp\",\"width\":1200,\"height\":1200,\"caption\":\"40k Vape Waspe Aiviou 40000 - Watermelon Ice & Lemon Lime (2)\"},{\"@type\":\"BreadcrumbList\",\"@id\":\"https:\\\/\\\/vozolvapen.de\\\/product\\\/40k-vape-waspe-aiviou-40000-watermelon-ice-lemon-lime\\\/#breadcrumb\",\"itemListElement\":[{\"@type\":\"ListItem\",\"position\":1,\"name\":\"Home\",\"item\":\"https:\\\/\\\/vozolvapen.de\\\/de\\\/\"},{\"@type\":\"ListItem\",\"position\":2,\"name\":\"Shop\",\"item\":\"https:\\\/\\\/vozolvapen.de\\\/shop\\\/\"},{\"@type\":\"ListItem\",\"position\":3,\"name\":\"40k Vape Waspe Aiviou 40000 &#8211; Watermelon Ice &#038; Lemon Lime\"}]},{\"@type\":\"WebSite\",\"@id\":\"https:\\\/\\\/vozolvapen.de\\\/#website\",\"url\":\"https:\\\/\\\/vozolvapen.de\\\/\",\"name\":\"vozolvapen\",\"description\":\"vozolvapen\",\"publisher\":{\"@id\":\"https:\\\/\\\/vozolvapen.de\\\/#organization\"},\"potentialAction\":[{\"@type\":\"SearchAction\",\"target\":{\"@type\":\"EntryPoint\",\"urlTemplate\":\"https:\\\/\\\/vozolvapen.de\\\/?s={search_term_string}\"},\"query-input\":{\"@type\":\"PropertyValueSpecification\",\"valueRequired\":true,\"valueName\":\"search_term_string\"}}],\"inLanguage\":\"pl-PL\"},{\"@type\":\"Organization\",\"@id\":\"https:\\\/\\\/vozolvapen.de\\\/#organization\",\"name\":\"vozolvapen\",\"url\":\"https:\\\/\\\/vozolvapen.de\\\/\",\"logo\":{\"@type\":\"ImageObject\",\"inLanguage\":\"pl-PL\",\"@id\":\"https:\\\/\\\/vozolvapen.de\\\/#\\\/schema\\\/logo\\\/image\\\/\",\"url\":\"https:\\\/\\\/vozolvapen.de\\\/wp-content\\\/uploads\\\/2025\\\/12\\\/cropped-vozovapen-logo.webp\",\"contentUrl\":\"https:\\\/\\\/vozolvapen.de\\\/wp-content\\\/uploads\\\/2025\\\/12\\\/cropped-vozovapen-logo.webp\",\"width\":470,\"height\":110,\"caption\":\"vozolvapen\"},\"image\":{\"@id\":\"https:\\\/\\\/vozolvapen.de\\\/#\\\/schema\\\/logo\\\/image\\\/\"}}]}<\/script>\n<!-- \/ Yoast SEO Premium plugin. -->","yoast_head_json":{"title":"Watermelon Ice &amp; Lemon Lime Waspe 40k - vozolvapen","description":"Kup Watermelon Ice &amp; Lemon Lime Waspe Aiviou 40000. Waporyzator 40k z 36 ml olejku i technologi\u0105 smakow\u0105 2 w 1. Najlepsze smaki vape 2026.","robots":{"index":"index","follow":"follow","max-snippet":"max-snippet:-1","max-image-preview":"max-image-preview:large","max-video-preview":"max-video-preview:-1"},"canonical":"https:\/\/vozolvapen.de\/pl\/product\/40k-vape-waspe-aiviou-40000-watermelon-ice-lemon-lime\/","og_locale":"pl_PL","og_type":"article","og_title":"40k Vape Waspe Aiviou 40000 - Watermelon Ice & Lemon Lime","og_description":"Shop the Watermelon Ice & Lemon Lime Waspe Aiviou 40000. 40k vape with 36ml oil and 2-in-1 flavor tech. Best vape flavours 2026.","og_url":"https:\/\/vozolvapen.de\/pl\/product\/40k-vape-waspe-aiviou-40000-watermelon-ice-lemon-lime\/","og_site_name":"vozolvapen","article_modified_time":"2026-02-10T10:53:27+00:00","og_image":[{"width":1200,"height":1200,"url":"https:\/\/vozolvapen.de\/wp-content\/uploads\/2026\/01\/40k-Vape-Waspe-Aiviou-40000-Watermelon-Ice-Lemon-Lime-2.webp","type":"image\/webp"}],"twitter_card":"summary_large_image","twitter_misc":{"Szacowany czas czytania":"3 minuty"},"schema":{"@context":"https:\/\/schema.org","@graph":[{"@type":"WebPage","@id":"https:\/\/vozolvapen.de\/product\/40k-vape-waspe-aiviou-40000-watermelon-ice-lemon-lime\/","url":"https:\/\/vozolvapen.de\/product\/40k-vape-waspe-aiviou-40000-watermelon-ice-lemon-lime\/","name":"Watermelon Ice &amp; Lemon Lime Waspe 40k - vozolvapen","isPartOf":{"@id":"https:\/\/vozolvapen.de\/#website"},"primaryImageOfPage":{"@id":"https:\/\/vozolvapen.de\/product\/40k-vape-waspe-aiviou-40000-watermelon-ice-lemon-lime\/#primaryimage"},"image":{"@id":"https:\/\/vozolvapen.de\/product\/40k-vape-waspe-aiviou-40000-watermelon-ice-lemon-lime\/#primaryimage"},"thumbnailUrl":"https:\/\/vozolvapen.de\/wp-content\/uploads\/2026\/01\/40k-Vape-Waspe-Aiviou-40000-Watermelon-Ice-Lemon-Lime-2.webp","datePublished":"2026-01-06T06:03:34+00:00","dateModified":"2026-02-10T10:53:27+00:00","description":"Kup Watermelon Ice &amp; Lemon Lime Waspe Aiviou 40000. Waporyzator 40k z 36 ml olejku i technologi\u0105 smakow\u0105 2 w 1. Najlepsze smaki vape 2026.","breadcrumb":{"@id":"https:\/\/vozolvapen.de\/product\/40k-vape-waspe-aiviou-40000-watermelon-ice-lemon-lime\/#breadcrumb"},"inLanguage":"pl-PL","potentialAction":[{"@type":"ReadAction","target":["https:\/\/vozolvapen.de\/product\/40k-vape-waspe-aiviou-40000-watermelon-ice-lemon-lime\/"]}]},{"@type":"ImageObject","inLanguage":"pl-PL","@id":"https:\/\/vozolvapen.de\/product\/40k-vape-waspe-aiviou-40000-watermelon-ice-lemon-lime\/#primaryimage","url":"https:\/\/vozolvapen.de\/wp-content\/uploads\/2026\/01\/40k-Vape-Waspe-Aiviou-40000-Watermelon-Ice-Lemon-Lime-2.webp","contentUrl":"https:\/\/vozolvapen.de\/wp-content\/uploads\/2026\/01\/40k-Vape-Waspe-Aiviou-40000-Watermelon-Ice-Lemon-Lime-2.webp","width":1200,"height":1200,"caption":"40k Vape Waspe Aiviou 40000 - Watermelon Ice & Lemon Lime (2)"},{"@type":"BreadcrumbList","@id":"https:\/\/vozolvapen.de\/product\/40k-vape-waspe-aiviou-40000-watermelon-ice-lemon-lime\/#breadcrumb","itemListElement":[{"@type":"ListItem","position":1,"name":"Home","item":"https:\/\/vozolvapen.de\/de\/"},{"@type":"ListItem","position":2,"name":"Shop","item":"https:\/\/vozolvapen.de\/shop\/"},{"@type":"ListItem","position":3,"name":"40k Vape Waspe Aiviou 40000 &#8211; Watermelon Ice &#038; Lemon Lime"}]},{"@type":"WebSite","@id":"https:\/\/vozolvapen.de\/#website","url":"https:\/\/vozolvapen.de\/","name":"vozolvapen","description":"vozolvapen","publisher":{"@id":"https:\/\/vozolvapen.de\/#organization"},"potentialAction":[{"@type":"SearchAction","target":{"@type":"EntryPoint","urlTemplate":"https:\/\/vozolvapen.de\/?s={search_term_string}"},"query-input":{"@type":"PropertyValueSpecification","valueRequired":true,"valueName":"search_term_string"}}],"inLanguage":"pl-PL"},{"@type":"Organization","@id":"https:\/\/vozolvapen.de\/#organization","name":"vozolvapen","url":"https:\/\/vozolvapen.de\/","logo":{"@type":"ImageObject","inLanguage":"pl-PL","@id":"https:\/\/vozolvapen.de\/#\/schema\/logo\/image\/","url":"https:\/\/vozolvapen.de\/wp-content\/uploads\/2025\/12\/cropped-vozovapen-logo.webp","contentUrl":"https:\/\/vozolvapen.de\/wp-content\/uploads\/2025\/12\/cropped-vozovapen-logo.webp","width":470,"height":110,"caption":"vozolvapen"},"image":{"@id":"https:\/\/vozolvapen.de\/#\/schema\/logo\/image\/"}}]}},"tiered_pricing_type":"fixed","tiered_pricing_fixed_rules":{"30":"12.2","50":"10.2","100":"9.2","200":"8.7"},"tiered_pricing_product_settings":{"layout":"default","base_unit_name":{"singular":null,"plural":null},"default_variation":{}},"tiered_pricing_minimum_quantity":10,"tiered_pricing_roles_data":[],"tiered_pricing_percentage_rules":[],"tiered_pricing_maximum_quantity":null,"tiered_pricing_quantity_step":"10","_links":{"self":[{"href":"http:\/\/vozolvapen.de\/pl\/wp-json\/wp\/v2\/product\/54024","targetHints":{"allow":["GET"]}}],"collection":[{"href":"http:\/\/vozolvapen.de\/pl\/wp-json\/wp\/v2\/product"}],"about":[{"href":"http:\/\/vozolvapen.de\/pl\/wp-json\/wp\/v2\/types\/product"}],"replies":[{"embeddable":true,"href":"http:\/\/vozolvapen.de\/pl\/wp-json\/wp\/v2\/comments?post=54024"}],"wp:featuredmedia":[{"embeddable":true,"href":"http:\/\/vozolvapen.de\/pl\/wp-json\/wp\/v2\/media\/55183"}],"wp:attachment":[{"href":"http:\/\/vozolvapen.de\/pl\/wp-json\/wp\/v2\/media?parent=54024"}],"wp:term":[{"taxonomy":"product_brand","embeddable":true,"href":"http:\/\/vozolvapen.de\/pl\/wp-json\/wp\/v2\/product_brand?post=54024"},{"taxonomy":"product_cat","embeddable":true,"href":"http:\/\/vozolvapen.de\/pl\/wp-json\/wp\/v2\/product_cat?post=54024"},{"taxonomy":"product_tag","embeddable":true,"href":"http:\/\/vozolvapen.de\/pl\/wp-json\/wp\/v2\/product_tag?post=54024"}],"curies":[{"name":"wp","href":"https:\/\/api.w.org\/{rel}","templated":true}]}}