{"id":54109,"date":"2026-01-06T06:03:36","date_gmt":"2026-01-06T06:03:36","guid":{"rendered":"https:\/\/vozolvapen.de\/?post_type=product&#038;p=54109"},"modified":"2026-02-10T10:53:25","modified_gmt":"2026-02-10T10:53:25","slug":"40k-vape-waspe-aiviou-40000-fizzy-cherry-ice-blueberry-cotton-candy","status":"publish","type":"product","link":"http:\/\/vozolvapen.de\/pl\/product\/40k-vape-waspe-aiviou-40000-fizzy-cherry-ice-blueberry-cotton-candy\/","title":{"rendered":"40k Vape Waspe Aiviou 40000 - Fizzy Cherry Ice &amp; Blueberry Cotton Candy"},"content":{"rendered":"<h1 data-path-to-node=\"15\"><b data-path-to-node=\"15\" data-index-in-node=\"0\">Waspe 40k - The Carnival Edition (Fizzy Cherry Ice &amp; Blueberry Cotton Candy)<\/b><\/h1>\n<p data-path-to-node=\"16\">Uznany za najlepszego pretendenta do <b data-path-to-node=\"16\" data-index-in-node=\"30\">beste vape 2026<\/b>, Ten duet smakowy to arcydzie\u0142o cukiernictwa. The <b data-path-to-node=\"16\" data-index-in-node=\"110\">vaper 40000 zaci\u0105gni\u0119\u0107<\/b> Wydajno\u015b\u0107 oznacza, \u017ce mo\u017cesz cieszy\u0107 si\u0119 s\u0142odycz\u0105 weso\u0142ego miasteczka przez wiele tygodni.<\/p>\n<h2 data-path-to-node=\"17\"><b data-path-to-node=\"17\" data-index-in-node=\"0\">Podw\u00f3jny podzia\u0142 sensoryczny<\/b><\/h2>\n<ul data-path-to-node=\"18\">\n<li>\n<p data-path-to-node=\"18,0,0\"><b data-path-to-node=\"18,0,0\" data-index-in-node=\"0\">Fizzy Cherry Ice:<\/b> Musuj\u0105ca, musuj\u0105ca wi\u015bniowa eksplozja. Doskonale oddaje uczucie \u201cmusowania\u201d, po kt\u00f3rym nast\u0119puje ostry, ch\u0142odz\u0105cy finisz.<\/p>\n<\/li>\n<li>\n<p data-path-to-node=\"18,1,0\"><b data-path-to-node=\"18,1,0\" data-index-in-node=\"0\">Wata cukrowa z jagodami:<\/b> Mi\u0119kki, zwiewny i nostalgicznie s\u0142odki. Jest jak niebieska chmura cukru, kt\u00f3ra rozp\u0142ywa si\u0119 na j\u0119zyku, dostarczana przez g\u0142adkie <b data-path-to-node=\"18,1,0\" data-index-in-node=\"139\">Cewka o oczkach 0,9\u03a9<\/b>.<\/p>\n<\/li>\n<\/ul>\n<h2 data-path-to-node=\"19\"><b data-path-to-node=\"19\" data-index-in-node=\"0\">Modu\u0142 techniczny \u201cSmart-Vape\u201d<\/b><\/h2>\n<p data-path-to-node=\"20\">The <b data-path-to-node=\"20\" data-index-in-node=\"4\">Waspe Aiviou 40000<\/b> ergonomiczny 61<i data-path-to-node=\"20\" data-index-in-node=\"47\">31<\/i>115 mm rama. Pomimo swojej ogromnej pojemno\u015bci pozostaje przeno\u015bny <b data-path-to-node=\"20\" data-index-in-node=\"114\">d\u0142ugopis vape<\/b> wyb\u00f3r. Ekran LED \u015bwieci przy ka\u017cdym naci\u015bni\u0119ciu, wskazuj\u0105c stan z futurystyczn\u0105 precyzj\u0105.<\/p>\n<h2 data-path-to-node=\"21\"><b data-path-to-node=\"21\" data-index-in-node=\"0\">Mo\u017cliwo\u015bci sprzeda\u017cy hurtowej B2B<\/b><\/h2>\n<p data-path-to-node=\"22\">Zapas <b data-path-to-node=\"22\" data-index-in-node=\"10\">waspe 40k<\/b> aby zadowoli\u0107 klient\u00f3w poszukuj\u0105cych hybryd \u201cs\u0142odkich napoj\u00f3w\u201d. Model ten jest obecnie trendem w poszukiwaniach <b data-path-to-node=\"22\" data-index-in-node=\"125\">beste vape 2026<\/b> na rynkach europejskich i p\u00f3\u0142nocnoameryka\u0144skich.<\/p>\n<h2 data-path-to-node=\"22\">Dla kogo to jest?<\/h2>\n<ul>\n<li>\n<p data-path-to-node=\"6,0,0\"><b data-path-to-node=\"6,0,0\" data-index-in-node=\"0\">Fanatyk s\u0142odyczy:<\/b> Je\u015bli twoje podniebienie pragnie nostalgii za karnawa\u0142owymi przysmakami i fontannami gazowanymi, to <b data-path-to-node=\"6,0,0\" data-index-in-node=\"107\">40k vape<\/b> to spe\u0142nienie marze\u0144.<\/p>\n<\/li>\n<li>\n<p data-path-to-node=\"6,1,0\"><b data-path-to-node=\"6,1,0\" data-index-in-node=\"0\">The Sweetness Explorer:<\/b> Zaprojektowany dla tych, kt\u00f3rzy chc\u0105 prze\u0142\u0105czy\u0107 si\u0119 z b\u0105belkowego, musuj\u0105cego wdechu wi\u015bniowego na mi\u0119kki, przewiewny wydech chmury cukru bez zmiany urz\u0105dzenia.<\/p>\n<\/li>\n<\/ul>\n<h2 data-path-to-node=\"12\">40k Vape Waspe Aiviou 40000 FAQ<\/h2>\n<h3 data-path-to-node=\"91,0,0\"><b data-path-to-node=\"91,0,0\" data-index-in-node=\"0\">P: Jak zmieni\u0107 smaki w Waspe Aiviou 40000?<\/b><\/h3>\n<p data-path-to-node=\"91,0,1,0,0\">O: Na urz\u0105dzeniu znajduje si\u0119 fizyczny prze\u0142\u0105cznik, kt\u00f3ry umo\u017cliwia natychmiastow\u0105 zmian\u0119 mi\u0119dzy dwoma zbiornikami o pojemno\u015bci 18 ml.<\/p>\n<h3 data-path-to-node=\"91,0,1,0,0\"><b data-path-to-node=\"91,1,0\" data-index-in-node=\"0\">P: Czy liczba 40 000 puff\u00f3w jest prawdziwa?<\/b><\/h3>\n<p data-path-to-node=\"91,1,1,0,0\">O: Tak, dzi\u0119ki ogromnej <b data-path-to-node=\"91,1,1,0,0\" data-index-in-node=\"30\">Zbiornik o pojemno\u015bci 36 ml<\/b> i wydajny <b data-path-to-node=\"91,1,1,0,0\" data-index-in-node=\"59\">Cewki z podw\u00f3jn\u0105 siatk\u0105<\/b>, To urz\u0105dzenie zosta\u0142o zaprojektowane tak, aby osi\u0105gn\u0105\u0107 40 000 zaci\u0105gni\u0119\u0107 w standardowych warunkach u\u017cytkowania.<\/p>\n<h3 data-path-to-node=\"91,2,0\"><b data-path-to-node=\"91,2,0\" data-index-in-node=\"0\">P: Czy mog\u0119 na\u0142adowa\u0107 to pi\u00f3ro vape?<\/b><\/h3>\n<p data-path-to-node=\"91,2,1,0,0\">O: Tak, jest wyposa\u017cony w <b data-path-to-node=\"91,2,1,0,0\" data-index-in-node=\"22\">Port \u0142adowania typu C<\/b> do szybkiego uzupe\u0142niania baterii o pojemno\u015bci 650 mAh.<\/p>\n<h3 data-path-to-node=\"77\"><b data-path-to-node=\"77\" data-index-in-node=\"0\">Dalsze zalecenia:<\/b><\/h3>\n<p data-path-to-node=\"78\">Odkryj jeszcze wi\u0119cej niesamowitych smak\u00f3w dzi\u0119ki <strong>40k Vape Waspe Aiviou 40000<\/strong>!<\/p>\n<p data-path-to-node=\"79\"><a class=\"ng-star-inserted\" href=\"https:\/\/vozolvapen.de\/pl\/product-category\/waspe-vape\/40k-vape-waspe-aiviou-40000-2-in-1\/\" target=\"_blank\" rel=\"noopener noreferrer nofollow\" data-hveid=\"0\" data-ved=\"0CAAQ_4QMahgKEwjxyYqx9_CRAxUAAAAAHQAAAAAQ9wE\">Zobacz wszystkie odmiany tutaj \u2192<\/a><\/p>\n<p data-path-to-node=\"80\">Zapoznaj si\u0119 z nasz\u0105 pe\u0142n\u0105 kolekcj\u0105 i kupuj produkty najlepszych marek vape, kt\u00f3re pokochasz.<\/p>\n<p data-path-to-node=\"81\"><a class=\"ng-star-inserted\" href=\"https:\/\/vozolvapen.de\/pl\/\" target=\"_blank\" rel=\"noopener noreferrer nofollow\" data-hveid=\"0\" data-ved=\"0CAAQ_4QMahgKEwjxyYqx9_CRAxUAAAAAHQAAAAAQ-AE\">Przegl\u0105daj teraz wszystkie marki \u2192<\/a><\/p>\n<p data-path-to-node=\"82\">Sprawd\u017a ca\u0142o\u015b\u0107\u00a0<b data-path-to-node=\"82\" data-index-in-node=\"23\">Waspe Aiviou<\/b>\u00a0Seria - ka\u017cdy smak, ka\u017cdy styl!<\/p>\n<p data-path-to-node=\"83\"><a class=\"ng-star-inserted\" href=\"https:\/\/vozolvapen.de\/pl\/product-category\/waspe-vape\/\" target=\"_blank\" rel=\"noopener noreferrer nofollow\" data-hveid=\"0\" data-ved=\"0CAAQ_4QMahgKEwjxyYqx9_CRAxUAAAAAHQAAAAAQ-QE\">Zobacz pe\u0142n\u0105 kolekcj\u0119 Waspe \u2192<\/a><\/p>","protected":false},"excerpt":{"rendered":"<p><b data-path-to-node=\"3,2,4,0\" data-index-in-node=\"0\">Soda i cukier.<\/b> Musuj\u0105cy wi\u015bniowy fizz z jednej strony i s\u0142odka wata cukrowa z drugiej. Najwy\u017cszy poziom <b data-path-to-node=\"3,2,4,0\" data-index-in-node=\"98\">d\u0142ugopis vape<\/b> dla mi\u0142o\u015bnik\u00f3w deser\u00f3w.<\/p>","protected":false},"featured_media":55729,"comment_status":"open","ping_status":"closed","template":"","meta":{"_acf_changed":false},"product_brand":[],"product_cat":[109,134],"product_tag":[],"class_list":{"0":"post-54109","1":"product","2":"type-product","3":"status-publish","4":"has-post-thumbnail","6":"product_cat-40k-vape-waspe-aiviou-40000-2-in-1","7":"product_cat-eu-warehouse-in-stock","9":"first","10":"instock","11":"shipping-taxable","12":"purchasable","13":"product-type-variable"},"acf":[],"yoast_head":"<!-- This site is optimized with the Yoast SEO Premium plugin v26.1 (Yoast SEO v27.5) - https:\/\/yoast.com\/product\/yoast-seo-premium-wordpress\/ -->\n<title>Fizzy Cherry &amp; Blue Cotton Candy Waspe 40k - vozolvapen<\/title>\n<meta name=\"description\" content=\"Experience Fizzy Cherry &amp; Blueberry Cotton Candy Waspe Aiviou 40000. Dual mesh coil 40k vape with LED display. Perfect for puff B2B.\" \/>\n<meta name=\"robots\" content=\"index, follow, max-snippet:-1, max-image-preview:large, max-video-preview:-1\" \/>\n<link rel=\"canonical\" href=\"https:\/\/vozolvapen.de\/pl\/product\/40k-vape-waspe-aiviou-40000-fizzy-cherry-ice-blueberry-cotton-candy\/\" \/>\n<meta property=\"og:locale\" content=\"pl_PL\" \/>\n<meta property=\"og:type\" content=\"article\" \/>\n<meta property=\"og:title\" content=\"40k Vape Waspe Aiviou 40000 - Fizzy Cherry Ice &amp; Blueberry Cotton Candy\" \/>\n<meta property=\"og:description\" content=\"Experience Fizzy Cherry &amp; Blueberry Cotton Candy Waspe Aiviou 40000. Dual mesh coil 40k vape with LED display. Perfect for puff B2B.\" \/>\n<meta property=\"og:url\" content=\"https:\/\/vozolvapen.de\/pl\/product\/40k-vape-waspe-aiviou-40000-fizzy-cherry-ice-blueberry-cotton-candy\/\" \/>\n<meta property=\"og:site_name\" content=\"vozolvapen\" \/>\n<meta property=\"article:modified_time\" content=\"2026-02-10T10:53:25+00:00\" \/>\n<meta property=\"og:image\" content=\"https:\/\/vozolvapen.de\/wp-content\/uploads\/2026\/01\/40k-Vape-Waspe-Aiviou-40000-Fizzy-Cherry-Ice-Blueberry-Cotton-Candy-3.webp\" \/>\n\t<meta property=\"og:image:width\" content=\"1200\" \/>\n\t<meta property=\"og:image:height\" content=\"1200\" \/>\n\t<meta property=\"og:image:type\" content=\"image\/webp\" \/>\n<meta name=\"twitter:card\" content=\"summary_large_image\" \/>\n<meta name=\"twitter:label1\" content=\"Szacowany czas czytania\" \/>\n\t<meta name=\"twitter:data1\" content=\"2 minuty\" \/>\n<script type=\"application\/ld+json\" class=\"yoast-schema-graph\">{\"@context\":\"https:\\\/\\\/schema.org\",\"@graph\":[{\"@type\":\"WebPage\",\"@id\":\"https:\\\/\\\/vozolvapen.de\\\/product\\\/40k-vape-waspe-aiviou-40000-fizzy-cherry-ice-blueberry-cotton-candy\\\/\",\"url\":\"https:\\\/\\\/vozolvapen.de\\\/product\\\/40k-vape-waspe-aiviou-40000-fizzy-cherry-ice-blueberry-cotton-candy\\\/\",\"name\":\"Fizzy Cherry & Blue Cotton Candy Waspe 40k - vozolvapen\",\"isPartOf\":{\"@id\":\"https:\\\/\\\/vozolvapen.de\\\/#website\"},\"primaryImageOfPage\":{\"@id\":\"https:\\\/\\\/vozolvapen.de\\\/product\\\/40k-vape-waspe-aiviou-40000-fizzy-cherry-ice-blueberry-cotton-candy\\\/#primaryimage\"},\"image\":{\"@id\":\"https:\\\/\\\/vozolvapen.de\\\/product\\\/40k-vape-waspe-aiviou-40000-fizzy-cherry-ice-blueberry-cotton-candy\\\/#primaryimage\"},\"thumbnailUrl\":\"https:\\\/\\\/vozolvapen.de\\\/wp-content\\\/uploads\\\/2026\\\/01\\\/40k-Vape-Waspe-Aiviou-40000-Fizzy-Cherry-Ice-Blueberry-Cotton-Candy-3.webp\",\"datePublished\":\"2026-01-06T06:03:36+00:00\",\"dateModified\":\"2026-02-10T10:53:25+00:00\",\"description\":\"Experience Fizzy Cherry & Blueberry Cotton Candy Waspe Aiviou 40000. Dual mesh coil 40k vape with LED display. Perfect for puff B2B.\",\"breadcrumb\":{\"@id\":\"https:\\\/\\\/vozolvapen.de\\\/product\\\/40k-vape-waspe-aiviou-40000-fizzy-cherry-ice-blueberry-cotton-candy\\\/#breadcrumb\"},\"inLanguage\":\"pl-PL\",\"potentialAction\":[{\"@type\":\"ReadAction\",\"target\":[\"https:\\\/\\\/vozolvapen.de\\\/product\\\/40k-vape-waspe-aiviou-40000-fizzy-cherry-ice-blueberry-cotton-candy\\\/\"]}]},{\"@type\":\"ImageObject\",\"inLanguage\":\"pl-PL\",\"@id\":\"https:\\\/\\\/vozolvapen.de\\\/product\\\/40k-vape-waspe-aiviou-40000-fizzy-cherry-ice-blueberry-cotton-candy\\\/#primaryimage\",\"url\":\"https:\\\/\\\/vozolvapen.de\\\/wp-content\\\/uploads\\\/2026\\\/01\\\/40k-Vape-Waspe-Aiviou-40000-Fizzy-Cherry-Ice-Blueberry-Cotton-Candy-3.webp\",\"contentUrl\":\"https:\\\/\\\/vozolvapen.de\\\/wp-content\\\/uploads\\\/2026\\\/01\\\/40k-Vape-Waspe-Aiviou-40000-Fizzy-Cherry-Ice-Blueberry-Cotton-Candy-3.webp\",\"width\":1200,\"height\":1200,\"caption\":\"40k Vape Waspe Aiviou 40000 - Fizzy Cherry Ice & Blueberry Cotton Candy (3)\"},{\"@type\":\"BreadcrumbList\",\"@id\":\"https:\\\/\\\/vozolvapen.de\\\/product\\\/40k-vape-waspe-aiviou-40000-fizzy-cherry-ice-blueberry-cotton-candy\\\/#breadcrumb\",\"itemListElement\":[{\"@type\":\"ListItem\",\"position\":1,\"name\":\"Home\",\"item\":\"https:\\\/\\\/vozolvapen.de\\\/de\\\/\"},{\"@type\":\"ListItem\",\"position\":2,\"name\":\"Shop\",\"item\":\"https:\\\/\\\/vozolvapen.de\\\/shop\\\/\"},{\"@type\":\"ListItem\",\"position\":3,\"name\":\"40k Vape Waspe Aiviou 40000 &#8211; Fizzy Cherry Ice &#038; Blueberry Cotton Candy\"}]},{\"@type\":\"WebSite\",\"@id\":\"https:\\\/\\\/vozolvapen.de\\\/#website\",\"url\":\"https:\\\/\\\/vozolvapen.de\\\/\",\"name\":\"vozolvapen\",\"description\":\"vozolvapen\",\"publisher\":{\"@id\":\"https:\\\/\\\/vozolvapen.de\\\/#organization\"},\"potentialAction\":[{\"@type\":\"SearchAction\",\"target\":{\"@type\":\"EntryPoint\",\"urlTemplate\":\"https:\\\/\\\/vozolvapen.de\\\/?s={search_term_string}\"},\"query-input\":{\"@type\":\"PropertyValueSpecification\",\"valueRequired\":true,\"valueName\":\"search_term_string\"}}],\"inLanguage\":\"pl-PL\"},{\"@type\":\"Organization\",\"@id\":\"https:\\\/\\\/vozolvapen.de\\\/#organization\",\"name\":\"vozolvapen\",\"url\":\"https:\\\/\\\/vozolvapen.de\\\/\",\"logo\":{\"@type\":\"ImageObject\",\"inLanguage\":\"pl-PL\",\"@id\":\"https:\\\/\\\/vozolvapen.de\\\/#\\\/schema\\\/logo\\\/image\\\/\",\"url\":\"https:\\\/\\\/vozolvapen.de\\\/wp-content\\\/uploads\\\/2025\\\/12\\\/cropped-vozovapen-logo.webp\",\"contentUrl\":\"https:\\\/\\\/vozolvapen.de\\\/wp-content\\\/uploads\\\/2025\\\/12\\\/cropped-vozovapen-logo.webp\",\"width\":470,\"height\":110,\"caption\":\"vozolvapen\"},\"image\":{\"@id\":\"https:\\\/\\\/vozolvapen.de\\\/#\\\/schema\\\/logo\\\/image\\\/\"}}]}<\/script>\n<!-- \/ Yoast SEO Premium plugin. -->","yoast_head_json":{"title":"Fizzy Cherry &amp; Blue Cotton Candy Waspe 40k - vozolvapen","description":"Do\u015bwiadcz Fizzy Cherry &amp; Blueberry Cotton Candy Waspe Aiviou 40000. Podw\u00f3jna cewka siatkowa 40k z wy\u015bwietlaczem LED. Idealny do puff B2B.","robots":{"index":"index","follow":"follow","max-snippet":"max-snippet:-1","max-image-preview":"max-image-preview:large","max-video-preview":"max-video-preview:-1"},"canonical":"https:\/\/vozolvapen.de\/pl\/product\/40k-vape-waspe-aiviou-40000-fizzy-cherry-ice-blueberry-cotton-candy\/","og_locale":"pl_PL","og_type":"article","og_title":"40k Vape Waspe Aiviou 40000 - Fizzy Cherry Ice & Blueberry Cotton Candy","og_description":"Experience Fizzy Cherry & Blueberry Cotton Candy Waspe Aiviou 40000. Dual mesh coil 40k vape with LED display. Perfect for puff B2B.","og_url":"https:\/\/vozolvapen.de\/pl\/product\/40k-vape-waspe-aiviou-40000-fizzy-cherry-ice-blueberry-cotton-candy\/","og_site_name":"vozolvapen","article_modified_time":"2026-02-10T10:53:25+00:00","og_image":[{"width":1200,"height":1200,"url":"https:\/\/vozolvapen.de\/wp-content\/uploads\/2026\/01\/40k-Vape-Waspe-Aiviou-40000-Fizzy-Cherry-Ice-Blueberry-Cotton-Candy-3.webp","type":"image\/webp"}],"twitter_card":"summary_large_image","twitter_misc":{"Szacowany czas czytania":"2 minuty"},"schema":{"@context":"https:\/\/schema.org","@graph":[{"@type":"WebPage","@id":"https:\/\/vozolvapen.de\/product\/40k-vape-waspe-aiviou-40000-fizzy-cherry-ice-blueberry-cotton-candy\/","url":"https:\/\/vozolvapen.de\/product\/40k-vape-waspe-aiviou-40000-fizzy-cherry-ice-blueberry-cotton-candy\/","name":"Fizzy Cherry &amp; Blue Cotton Candy Waspe 40k - vozolvapen","isPartOf":{"@id":"https:\/\/vozolvapen.de\/#website"},"primaryImageOfPage":{"@id":"https:\/\/vozolvapen.de\/product\/40k-vape-waspe-aiviou-40000-fizzy-cherry-ice-blueberry-cotton-candy\/#primaryimage"},"image":{"@id":"https:\/\/vozolvapen.de\/product\/40k-vape-waspe-aiviou-40000-fizzy-cherry-ice-blueberry-cotton-candy\/#primaryimage"},"thumbnailUrl":"https:\/\/vozolvapen.de\/wp-content\/uploads\/2026\/01\/40k-Vape-Waspe-Aiviou-40000-Fizzy-Cherry-Ice-Blueberry-Cotton-Candy-3.webp","datePublished":"2026-01-06T06:03:36+00:00","dateModified":"2026-02-10T10:53:25+00:00","description":"Do\u015bwiadcz Fizzy Cherry &amp; Blueberry Cotton Candy Waspe Aiviou 40000. Podw\u00f3jna cewka siatkowa 40k z wy\u015bwietlaczem LED. Idealny do puff B2B.","breadcrumb":{"@id":"https:\/\/vozolvapen.de\/product\/40k-vape-waspe-aiviou-40000-fizzy-cherry-ice-blueberry-cotton-candy\/#breadcrumb"},"inLanguage":"pl-PL","potentialAction":[{"@type":"ReadAction","target":["https:\/\/vozolvapen.de\/product\/40k-vape-waspe-aiviou-40000-fizzy-cherry-ice-blueberry-cotton-candy\/"]}]},{"@type":"ImageObject","inLanguage":"pl-PL","@id":"https:\/\/vozolvapen.de\/product\/40k-vape-waspe-aiviou-40000-fizzy-cherry-ice-blueberry-cotton-candy\/#primaryimage","url":"https:\/\/vozolvapen.de\/wp-content\/uploads\/2026\/01\/40k-Vape-Waspe-Aiviou-40000-Fizzy-Cherry-Ice-Blueberry-Cotton-Candy-3.webp","contentUrl":"https:\/\/vozolvapen.de\/wp-content\/uploads\/2026\/01\/40k-Vape-Waspe-Aiviou-40000-Fizzy-Cherry-Ice-Blueberry-Cotton-Candy-3.webp","width":1200,"height":1200,"caption":"40k Vape Waspe Aiviou 40000 - Fizzy Cherry Ice & Blueberry Cotton Candy (3)"},{"@type":"BreadcrumbList","@id":"https:\/\/vozolvapen.de\/product\/40k-vape-waspe-aiviou-40000-fizzy-cherry-ice-blueberry-cotton-candy\/#breadcrumb","itemListElement":[{"@type":"ListItem","position":1,"name":"Home","item":"https:\/\/vozolvapen.de\/de\/"},{"@type":"ListItem","position":2,"name":"Shop","item":"https:\/\/vozolvapen.de\/shop\/"},{"@type":"ListItem","position":3,"name":"40k Vape Waspe Aiviou 40000 &#8211; Fizzy Cherry Ice &#038; Blueberry Cotton Candy"}]},{"@type":"WebSite","@id":"https:\/\/vozolvapen.de\/#website","url":"https:\/\/vozolvapen.de\/","name":"vozolvapen","description":"vozolvapen","publisher":{"@id":"https:\/\/vozolvapen.de\/#organization"},"potentialAction":[{"@type":"SearchAction","target":{"@type":"EntryPoint","urlTemplate":"https:\/\/vozolvapen.de\/?s={search_term_string}"},"query-input":{"@type":"PropertyValueSpecification","valueRequired":true,"valueName":"search_term_string"}}],"inLanguage":"pl-PL"},{"@type":"Organization","@id":"https:\/\/vozolvapen.de\/#organization","name":"vozolvapen","url":"https:\/\/vozolvapen.de\/","logo":{"@type":"ImageObject","inLanguage":"pl-PL","@id":"https:\/\/vozolvapen.de\/#\/schema\/logo\/image\/","url":"https:\/\/vozolvapen.de\/wp-content\/uploads\/2025\/12\/cropped-vozovapen-logo.webp","contentUrl":"https:\/\/vozolvapen.de\/wp-content\/uploads\/2025\/12\/cropped-vozovapen-logo.webp","width":470,"height":110,"caption":"vozolvapen"},"image":{"@id":"https:\/\/vozolvapen.de\/#\/schema\/logo\/image\/"}}]}},"tiered_pricing_type":"fixed","tiered_pricing_fixed_rules":{"30":"12.2","50":"10.2","100":"9.2","200":"8.7"},"tiered_pricing_product_settings":{"layout":"default","base_unit_name":{"singular":null,"plural":null},"default_variation":{}},"tiered_pricing_minimum_quantity":10,"tiered_pricing_roles_data":[],"tiered_pricing_percentage_rules":[],"tiered_pricing_maximum_quantity":null,"tiered_pricing_quantity_step":"10","_links":{"self":[{"href":"http:\/\/vozolvapen.de\/pl\/wp-json\/wp\/v2\/product\/54109","targetHints":{"allow":["GET"]}}],"collection":[{"href":"http:\/\/vozolvapen.de\/pl\/wp-json\/wp\/v2\/product"}],"about":[{"href":"http:\/\/vozolvapen.de\/pl\/wp-json\/wp\/v2\/types\/product"}],"replies":[{"embeddable":true,"href":"http:\/\/vozolvapen.de\/pl\/wp-json\/wp\/v2\/comments?post=54109"}],"wp:featuredmedia":[{"embeddable":true,"href":"http:\/\/vozolvapen.de\/pl\/wp-json\/wp\/v2\/media\/55729"}],"wp:attachment":[{"href":"http:\/\/vozolvapen.de\/pl\/wp-json\/wp\/v2\/media?parent=54109"}],"wp:term":[{"taxonomy":"product_brand","embeddable":true,"href":"http:\/\/vozolvapen.de\/pl\/wp-json\/wp\/v2\/product_brand?post=54109"},{"taxonomy":"product_cat","embeddable":true,"href":"http:\/\/vozolvapen.de\/pl\/wp-json\/wp\/v2\/product_cat?post=54109"},{"taxonomy":"product_tag","embeddable":true,"href":"http:\/\/vozolvapen.de\/pl\/wp-json\/wp\/v2\/product_tag?post=54109"}],"curies":[{"name":"wp","href":"https:\/\/api.w.org\/{rel}","templated":true}]}}