{"id":54449,"date":"2026-01-06T06:03:50","date_gmt":"2026-01-06T06:03:50","guid":{"rendered":"https:\/\/vozolvapen.de\/?post_type=product&#038;p=54449"},"modified":"2026-02-10T10:53:16","modified_gmt":"2026-02-10T10:53:16","slug":"40k-vape-waspe-aiviou-40000-grape-ice-strawberry-kiwi","status":"publish","type":"product","link":"http:\/\/vozolvapen.de\/pl\/product\/40k-vape-waspe-aiviou-40000-grape-ice-strawberry-kiwi\/","title":{"rendered":"40k Vape Waspe Aiviou 40000 - Grape Ice &amp; Strawberry Kiwi"},"content":{"rendered":"<h1 data-path-to-node=\"51\"><b data-path-to-node=\"51\" data-index-in-node=\"0\">Waspe 40k - The Vineyard Frost (Grape Ice &amp; Strawberry Kiwi)<\/b><\/h1>\n<p data-path-to-node=\"52\">The <b data-path-to-node=\"52\" data-index-in-node=\"4\">vaper waspe 40000<\/b> Edycja Grape Ice zosta\u0142a zaprojektowana z my\u015bl\u0105 o uderzeniu. \u0141\u0105czy w sobie ci\u0119\u017ckie, odwa\u017cne nuty fioletowych winogron z pikantn\u0105, lekk\u0105 zabaw\u0105 truskawkowego kiwi.<\/p>\n<h2 data-path-to-node=\"53\"><b data-path-to-node=\"53\" data-index-in-node=\"0\">Podr\u00f3\u017c sensoryczna<\/b><\/h2>\n<ul data-path-to-node=\"54\">\n<li>\n<p data-path-to-node=\"54,0,0\"><b data-path-to-node=\"54,0,0\" data-index-in-node=\"0\">Grape Ice:<\/b> Pomy\u015bl o mro\u017conych fioletowych winogronach - s\u0142odkich, lekko cierpkich i niesamowicie zimnych.<\/p>\n<\/li>\n<li>\n<p data-path-to-node=\"54,1,0\"><b data-path-to-node=\"54,1,0\" data-index-in-node=\"0\">Truskawka Kiwi:<\/b> Klasyczny smak \u201cpen vape\u201d, zapewniaj\u0105cy zr\u00f3wnowa\u017cony, pikantno-s\u0142odki wydech, kt\u00f3ry doskonale oczyszcza podniebienie.<\/p>\n<\/li>\n<\/ul>\n<h2 data-path-to-node=\"55\"><b data-path-to-node=\"55\" data-index-in-node=\"0\">Inteligentny wy\u015bwietlacz LED<\/b><\/h2>\n<p data-path-to-node=\"56\">Monitoruj swoje <b data-path-to-node=\"56\" data-index-in-node=\"13\">36 ml e-liquidu<\/b> za po\u015brednictwem ekranu o wysokiej rozdzielczo\u015bci. Ekran <b data-path-to-node=\"56\" data-index-in-node=\"70\">waspe 40k<\/b> eliminuje konieczno\u015b\u0107 zgadywania, dzi\u0119ki czemu jest niezawodnym wyborem na dalekie podr\u00f3\u017ce lub intensywne tygodnie pracy.<\/p>\n<h2 data-path-to-node=\"22\">Dla kogo to jest?<\/h2>\n<ul>\n<li>\n<p data-path-to-node=\"14,0,0\"><b data-path-to-node=\"14,0,0\" data-index-in-node=\"0\">By\u0142y palacz:<\/b> Odwa\u017cny, ci\u0119\u017cki Grape Ice zapewnia satysfakcjonuj\u0105cy \u201cci\u0119\u017car\u201d w gardle, podczas gdy Strawberry Kiwi oferuje l\u017cejsz\u0105, pikantn\u0105 alternatyw\u0119 na swobodne sesje.<\/p>\n<\/li>\n<li>\n<p data-path-to-node=\"14,1,0\"><b data-path-to-node=\"14,1,0\" data-index-in-node=\"0\">Klasyczny Vaper:<\/b> Idealny dla ka\u017cdego, kto rozpocz\u0105\u0142 swoj\u0105 podr\u00f3\u017c z tymi kultowymi produktami <b data-path-to-node=\"14,1,0\" data-index-in-node=\"82\">najlepsze smaki vape<\/b> i chce je w obudowie o du\u017cej pojemno\u015bci 40k.<\/p>\n<\/li>\n<\/ul>\n<h2 data-path-to-node=\"12\">40k Vape Waspe Aiviou 40000 FAQ<\/h2>\n<h3 data-path-to-node=\"91,0,0\"><b data-path-to-node=\"91,0,0\" data-index-in-node=\"0\">P: Jak zmieni\u0107 smaki w Waspe Aiviou 40000?<\/b><\/h3>\n<p data-path-to-node=\"91,0,1,0,0\">O: Na urz\u0105dzeniu znajduje si\u0119 fizyczny prze\u0142\u0105cznik, kt\u00f3ry umo\u017cliwia natychmiastow\u0105 zmian\u0119 mi\u0119dzy dwoma zbiornikami o pojemno\u015bci 18 ml.<\/p>\n<h3 data-path-to-node=\"91,0,1,0,0\"><b data-path-to-node=\"91,1,0\" data-index-in-node=\"0\">P: Czy liczba 40 000 puff\u00f3w jest prawdziwa?<\/b><\/h3>\n<p data-path-to-node=\"91,1,1,0,0\">O: Tak, dzi\u0119ki ogromnej <b data-path-to-node=\"91,1,1,0,0\" data-index-in-node=\"30\">Zbiornik o pojemno\u015bci 36 ml<\/b> i wydajny <b data-path-to-node=\"91,1,1,0,0\" data-index-in-node=\"59\">Cewki z podw\u00f3jn\u0105 siatk\u0105<\/b>, To urz\u0105dzenie zosta\u0142o zaprojektowane tak, aby osi\u0105gn\u0105\u0107 40 000 zaci\u0105gni\u0119\u0107 w standardowych warunkach u\u017cytkowania.<\/p>\n<h3 data-path-to-node=\"91,2,0\"><b data-path-to-node=\"91,2,0\" data-index-in-node=\"0\">P: Czy mog\u0119 na\u0142adowa\u0107 to pi\u00f3ro vape?<\/b><\/h3>\n<p data-path-to-node=\"91,2,1,0,0\">O: Tak, jest wyposa\u017cony w <b data-path-to-node=\"91,2,1,0,0\" data-index-in-node=\"22\">Port \u0142adowania typu C<\/b> do szybkiego uzupe\u0142niania baterii o pojemno\u015bci 650 mAh.<\/p>\n<h3 data-path-to-node=\"77\"><b data-path-to-node=\"77\" data-index-in-node=\"0\">Dalsze zalecenia:<\/b><\/h3>\n<p data-path-to-node=\"78\">Odkryj jeszcze wi\u0119cej niesamowitych smak\u00f3w dzi\u0119ki <strong>40k Vape Waspe Aiviou 40000<\/strong>!<\/p>\n<p data-path-to-node=\"79\"><a class=\"ng-star-inserted\" href=\"https:\/\/vozolvapen.de\/pl\/product-category\/waspe-vape\/40k-vape-waspe-aiviou-40000-2-in-1\/\" target=\"_blank\" rel=\"noopener noreferrer nofollow\" data-hveid=\"0\" data-ved=\"0CAAQ_4QMahgKEwjxyYqx9_CRAxUAAAAAHQAAAAAQ9wE\">Zobacz wszystkie odmiany tutaj \u2192<\/a><\/p>\n<p data-path-to-node=\"80\">Zapoznaj si\u0119 z nasz\u0105 pe\u0142n\u0105 kolekcj\u0105 i kupuj produkty najlepszych marek vape, kt\u00f3re pokochasz.<\/p>\n<p data-path-to-node=\"81\"><a class=\"ng-star-inserted\" href=\"https:\/\/vozolvapen.de\/pl\/\" target=\"_blank\" rel=\"noopener noreferrer nofollow\" data-hveid=\"0\" data-ved=\"0CAAQ_4QMahgKEwjxyYqx9_CRAxUAAAAAHQAAAAAQ-AE\">Przegl\u0105daj teraz wszystkie marki \u2192<\/a><\/p>\n<p data-path-to-node=\"82\">Sprawd\u017a ca\u0142o\u015b\u0107\u00a0<b data-path-to-node=\"82\" data-index-in-node=\"23\">Waspe Aiviou<\/b>\u00a0Seria - ka\u017cdy smak, ka\u017cdy styl!<\/p>\n<p data-path-to-node=\"83\"><a class=\"ng-star-inserted\" href=\"https:\/\/vozolvapen.de\/pl\/product-category\/waspe-vape\/\" target=\"_blank\" rel=\"noopener noreferrer nofollow\" data-hveid=\"0\" data-ved=\"0CAAQ_4QMahgKEwjxyYqx9_CRAxUAAAAAHQAAAAAQ-QE\">Zobacz pe\u0142n\u0105 kolekcj\u0119 Waspe \u2192<\/a><\/p>","protected":false},"excerpt":{"rendered":"<p><b data-path-to-node=\"3,6,4,0\" data-index-in-node=\"0\">Vineyard Frost.<\/b> Lodowate fioletowe winogrona spotykaj\u0105 si\u0119 z pikantno-s\u0142odk\u0105 doskona\u0142o\u015bci\u0105 truskawki-kiwi. 40 000 zaci\u0105gni\u0119\u0107 o sta\u0142ej mocy podw\u00f3jnych oczek.<\/p>","protected":false},"featured_media":55741,"comment_status":"open","ping_status":"closed","template":"","meta":{"_acf_changed":false},"product_brand":[],"product_cat":[109,134],"product_tag":[],"class_list":{"0":"post-54449","1":"product","2":"type-product","3":"status-publish","4":"has-post-thumbnail","6":"product_cat-40k-vape-waspe-aiviou-40000-2-in-1","7":"product_cat-eu-warehouse-in-stock","9":"first","10":"instock","11":"shipping-taxable","12":"purchasable","13":"product-type-variable"},"acf":[],"yoast_head":"<!-- This site is optimized with the Yoast SEO Premium plugin v26.1 (Yoast SEO v27.5) - https:\/\/yoast.com\/product\/yoast-seo-premium-wordpress\/ -->\n<title>Grape Ice &amp; Strawberry Kiwi Waspe 40000 - vozolvapen<\/title>\n<meta name=\"description\" content=\"Experience the Grape Ice &amp; Strawberry Kiwi Waspe Aiviou 40000. 2-in-1 double flavor 40k vape. Best vape flavours for daily use.\" \/>\n<meta name=\"robots\" content=\"index, follow, max-snippet:-1, max-image-preview:large, max-video-preview:-1\" \/>\n<link rel=\"canonical\" href=\"https:\/\/vozolvapen.de\/pl\/product\/40k-vape-waspe-aiviou-40000-grape-ice-strawberry-kiwi\/\" \/>\n<meta property=\"og:locale\" content=\"pl_PL\" \/>\n<meta property=\"og:type\" content=\"article\" \/>\n<meta property=\"og:title\" content=\"40k Vape Waspe Aiviou 40000 - Grape Ice &amp; Strawberry Kiwi\" \/>\n<meta property=\"og:description\" content=\"Experience the Grape Ice &amp; Strawberry Kiwi Waspe Aiviou 40000. 2-in-1 double flavor 40k vape. Best vape flavours for daily use.\" \/>\n<meta property=\"og:url\" content=\"https:\/\/vozolvapen.de\/pl\/product\/40k-vape-waspe-aiviou-40000-grape-ice-strawberry-kiwi\/\" \/>\n<meta property=\"og:site_name\" content=\"vozolvapen\" \/>\n<meta property=\"article:modified_time\" content=\"2026-02-10T10:53:16+00:00\" \/>\n<meta property=\"og:image\" content=\"https:\/\/vozolvapen.de\/wp-content\/uploads\/2026\/01\/40k-Vape-Waspe-Aiviou-40000-Grape-Ice-Strawberry-Kiwi-4.webp\" \/>\n\t<meta property=\"og:image:width\" content=\"1200\" \/>\n\t<meta property=\"og:image:height\" content=\"1200\" \/>\n\t<meta property=\"og:image:type\" content=\"image\/webp\" \/>\n<meta name=\"twitter:card\" content=\"summary_large_image\" \/>\n<meta name=\"twitter:label1\" content=\"Szacowany czas czytania\" \/>\n\t<meta name=\"twitter:data1\" content=\"2 minuty\" \/>\n<script type=\"application\/ld+json\" class=\"yoast-schema-graph\">{\"@context\":\"https:\\\/\\\/schema.org\",\"@graph\":[{\"@type\":\"WebPage\",\"@id\":\"https:\\\/\\\/vozolvapen.de\\\/product\\\/40k-vape-waspe-aiviou-40000-grape-ice-strawberry-kiwi\\\/\",\"url\":\"https:\\\/\\\/vozolvapen.de\\\/product\\\/40k-vape-waspe-aiviou-40000-grape-ice-strawberry-kiwi\\\/\",\"name\":\"Grape Ice & Strawberry Kiwi Waspe 40000 - vozolvapen\",\"isPartOf\":{\"@id\":\"https:\\\/\\\/vozolvapen.de\\\/#website\"},\"primaryImageOfPage\":{\"@id\":\"https:\\\/\\\/vozolvapen.de\\\/product\\\/40k-vape-waspe-aiviou-40000-grape-ice-strawberry-kiwi\\\/#primaryimage\"},\"image\":{\"@id\":\"https:\\\/\\\/vozolvapen.de\\\/product\\\/40k-vape-waspe-aiviou-40000-grape-ice-strawberry-kiwi\\\/#primaryimage\"},\"thumbnailUrl\":\"https:\\\/\\\/vozolvapen.de\\\/wp-content\\\/uploads\\\/2026\\\/01\\\/40k-Vape-Waspe-Aiviou-40000-Grape-Ice-Strawberry-Kiwi-4.webp\",\"datePublished\":\"2026-01-06T06:03:50+00:00\",\"dateModified\":\"2026-02-10T10:53:16+00:00\",\"description\":\"Experience the Grape Ice & Strawberry Kiwi Waspe Aiviou 40000. 2-in-1 double flavor 40k vape. Best vape flavours for daily use.\",\"breadcrumb\":{\"@id\":\"https:\\\/\\\/vozolvapen.de\\\/product\\\/40k-vape-waspe-aiviou-40000-grape-ice-strawberry-kiwi\\\/#breadcrumb\"},\"inLanguage\":\"pl-PL\",\"potentialAction\":[{\"@type\":\"ReadAction\",\"target\":[\"https:\\\/\\\/vozolvapen.de\\\/product\\\/40k-vape-waspe-aiviou-40000-grape-ice-strawberry-kiwi\\\/\"]}]},{\"@type\":\"ImageObject\",\"inLanguage\":\"pl-PL\",\"@id\":\"https:\\\/\\\/vozolvapen.de\\\/product\\\/40k-vape-waspe-aiviou-40000-grape-ice-strawberry-kiwi\\\/#primaryimage\",\"url\":\"https:\\\/\\\/vozolvapen.de\\\/wp-content\\\/uploads\\\/2026\\\/01\\\/40k-Vape-Waspe-Aiviou-40000-Grape-Ice-Strawberry-Kiwi-4.webp\",\"contentUrl\":\"https:\\\/\\\/vozolvapen.de\\\/wp-content\\\/uploads\\\/2026\\\/01\\\/40k-Vape-Waspe-Aiviou-40000-Grape-Ice-Strawberry-Kiwi-4.webp\",\"width\":1200,\"height\":1200,\"caption\":\"40k Vape Waspe Aiviou 40000 - Grape Ice & Strawberry Kiwi (4)\"},{\"@type\":\"BreadcrumbList\",\"@id\":\"https:\\\/\\\/vozolvapen.de\\\/product\\\/40k-vape-waspe-aiviou-40000-grape-ice-strawberry-kiwi\\\/#breadcrumb\",\"itemListElement\":[{\"@type\":\"ListItem\",\"position\":1,\"name\":\"Home\",\"item\":\"https:\\\/\\\/vozolvapen.de\\\/de\\\/\"},{\"@type\":\"ListItem\",\"position\":2,\"name\":\"Shop\",\"item\":\"https:\\\/\\\/vozolvapen.de\\\/shop\\\/\"},{\"@type\":\"ListItem\",\"position\":3,\"name\":\"40k Vape Waspe Aiviou 40000 &#8211; Grape Ice &#038; Strawberry Kiwi\"}]},{\"@type\":\"WebSite\",\"@id\":\"https:\\\/\\\/vozolvapen.de\\\/#website\",\"url\":\"https:\\\/\\\/vozolvapen.de\\\/\",\"name\":\"vozolvapen\",\"description\":\"vozolvapen\",\"publisher\":{\"@id\":\"https:\\\/\\\/vozolvapen.de\\\/#organization\"},\"potentialAction\":[{\"@type\":\"SearchAction\",\"target\":{\"@type\":\"EntryPoint\",\"urlTemplate\":\"https:\\\/\\\/vozolvapen.de\\\/?s={search_term_string}\"},\"query-input\":{\"@type\":\"PropertyValueSpecification\",\"valueRequired\":true,\"valueName\":\"search_term_string\"}}],\"inLanguage\":\"pl-PL\"},{\"@type\":\"Organization\",\"@id\":\"https:\\\/\\\/vozolvapen.de\\\/#organization\",\"name\":\"vozolvapen\",\"url\":\"https:\\\/\\\/vozolvapen.de\\\/\",\"logo\":{\"@type\":\"ImageObject\",\"inLanguage\":\"pl-PL\",\"@id\":\"https:\\\/\\\/vozolvapen.de\\\/#\\\/schema\\\/logo\\\/image\\\/\",\"url\":\"https:\\\/\\\/vozolvapen.de\\\/wp-content\\\/uploads\\\/2025\\\/12\\\/cropped-vozovapen-logo.webp\",\"contentUrl\":\"https:\\\/\\\/vozolvapen.de\\\/wp-content\\\/uploads\\\/2025\\\/12\\\/cropped-vozovapen-logo.webp\",\"width\":470,\"height\":110,\"caption\":\"vozolvapen\"},\"image\":{\"@id\":\"https:\\\/\\\/vozolvapen.de\\\/#\\\/schema\\\/logo\\\/image\\\/\"}}]}<\/script>\n<!-- \/ Yoast SEO Premium plugin. -->","yoast_head_json":{"title":"Grape Ice &amp; Strawberry Kiwi Waspe 40000 - vozolvapen","description":"Poznaj Grape Ice &amp; Strawberry Kiwi Waspe Aiviou 40000. 2 w 1 podw\u00f3jny smak 40k vape. Najlepsze smaki vape do codziennego u\u017cytku.","robots":{"index":"index","follow":"follow","max-snippet":"max-snippet:-1","max-image-preview":"max-image-preview:large","max-video-preview":"max-video-preview:-1"},"canonical":"https:\/\/vozolvapen.de\/pl\/product\/40k-vape-waspe-aiviou-40000-grape-ice-strawberry-kiwi\/","og_locale":"pl_PL","og_type":"article","og_title":"40k Vape Waspe Aiviou 40000 - Grape Ice & Strawberry Kiwi","og_description":"Experience the Grape Ice & Strawberry Kiwi Waspe Aiviou 40000. 2-in-1 double flavor 40k vape. Best vape flavours for daily use.","og_url":"https:\/\/vozolvapen.de\/pl\/product\/40k-vape-waspe-aiviou-40000-grape-ice-strawberry-kiwi\/","og_site_name":"vozolvapen","article_modified_time":"2026-02-10T10:53:16+00:00","og_image":[{"width":1200,"height":1200,"url":"https:\/\/vozolvapen.de\/wp-content\/uploads\/2026\/01\/40k-Vape-Waspe-Aiviou-40000-Grape-Ice-Strawberry-Kiwi-4.webp","type":"image\/webp"}],"twitter_card":"summary_large_image","twitter_misc":{"Szacowany czas czytania":"2 minuty"},"schema":{"@context":"https:\/\/schema.org","@graph":[{"@type":"WebPage","@id":"https:\/\/vozolvapen.de\/product\/40k-vape-waspe-aiviou-40000-grape-ice-strawberry-kiwi\/","url":"https:\/\/vozolvapen.de\/product\/40k-vape-waspe-aiviou-40000-grape-ice-strawberry-kiwi\/","name":"Grape Ice &amp; Strawberry Kiwi Waspe 40000 - vozolvapen","isPartOf":{"@id":"https:\/\/vozolvapen.de\/#website"},"primaryImageOfPage":{"@id":"https:\/\/vozolvapen.de\/product\/40k-vape-waspe-aiviou-40000-grape-ice-strawberry-kiwi\/#primaryimage"},"image":{"@id":"https:\/\/vozolvapen.de\/product\/40k-vape-waspe-aiviou-40000-grape-ice-strawberry-kiwi\/#primaryimage"},"thumbnailUrl":"https:\/\/vozolvapen.de\/wp-content\/uploads\/2026\/01\/40k-Vape-Waspe-Aiviou-40000-Grape-Ice-Strawberry-Kiwi-4.webp","datePublished":"2026-01-06T06:03:50+00:00","dateModified":"2026-02-10T10:53:16+00:00","description":"Poznaj Grape Ice &amp; Strawberry Kiwi Waspe Aiviou 40000. 2 w 1 podw\u00f3jny smak 40k vape. Najlepsze smaki vape do codziennego u\u017cytku.","breadcrumb":{"@id":"https:\/\/vozolvapen.de\/product\/40k-vape-waspe-aiviou-40000-grape-ice-strawberry-kiwi\/#breadcrumb"},"inLanguage":"pl-PL","potentialAction":[{"@type":"ReadAction","target":["https:\/\/vozolvapen.de\/product\/40k-vape-waspe-aiviou-40000-grape-ice-strawberry-kiwi\/"]}]},{"@type":"ImageObject","inLanguage":"pl-PL","@id":"https:\/\/vozolvapen.de\/product\/40k-vape-waspe-aiviou-40000-grape-ice-strawberry-kiwi\/#primaryimage","url":"https:\/\/vozolvapen.de\/wp-content\/uploads\/2026\/01\/40k-Vape-Waspe-Aiviou-40000-Grape-Ice-Strawberry-Kiwi-4.webp","contentUrl":"https:\/\/vozolvapen.de\/wp-content\/uploads\/2026\/01\/40k-Vape-Waspe-Aiviou-40000-Grape-Ice-Strawberry-Kiwi-4.webp","width":1200,"height":1200,"caption":"40k Vape Waspe Aiviou 40000 - Grape Ice & Strawberry Kiwi (4)"},{"@type":"BreadcrumbList","@id":"https:\/\/vozolvapen.de\/product\/40k-vape-waspe-aiviou-40000-grape-ice-strawberry-kiwi\/#breadcrumb","itemListElement":[{"@type":"ListItem","position":1,"name":"Home","item":"https:\/\/vozolvapen.de\/de\/"},{"@type":"ListItem","position":2,"name":"Shop","item":"https:\/\/vozolvapen.de\/shop\/"},{"@type":"ListItem","position":3,"name":"40k Vape Waspe Aiviou 40000 &#8211; Grape Ice &#038; Strawberry Kiwi"}]},{"@type":"WebSite","@id":"https:\/\/vozolvapen.de\/#website","url":"https:\/\/vozolvapen.de\/","name":"vozolvapen","description":"vozolvapen","publisher":{"@id":"https:\/\/vozolvapen.de\/#organization"},"potentialAction":[{"@type":"SearchAction","target":{"@type":"EntryPoint","urlTemplate":"https:\/\/vozolvapen.de\/?s={search_term_string}"},"query-input":{"@type":"PropertyValueSpecification","valueRequired":true,"valueName":"search_term_string"}}],"inLanguage":"pl-PL"},{"@type":"Organization","@id":"https:\/\/vozolvapen.de\/#organization","name":"vozolvapen","url":"https:\/\/vozolvapen.de\/","logo":{"@type":"ImageObject","inLanguage":"pl-PL","@id":"https:\/\/vozolvapen.de\/#\/schema\/logo\/image\/","url":"https:\/\/vozolvapen.de\/wp-content\/uploads\/2025\/12\/cropped-vozovapen-logo.webp","contentUrl":"https:\/\/vozolvapen.de\/wp-content\/uploads\/2025\/12\/cropped-vozovapen-logo.webp","width":470,"height":110,"caption":"vozolvapen"},"image":{"@id":"https:\/\/vozolvapen.de\/#\/schema\/logo\/image\/"}}]}},"tiered_pricing_type":"fixed","tiered_pricing_fixed_rules":{"30":"12.2","50":"10.2","100":"9.2","200":"8.7"},"tiered_pricing_product_settings":{"layout":"default","base_unit_name":{"singular":null,"plural":null},"default_variation":{}},"tiered_pricing_minimum_quantity":10,"tiered_pricing_roles_data":[],"tiered_pricing_percentage_rules":[],"tiered_pricing_maximum_quantity":null,"tiered_pricing_quantity_step":"10","_links":{"self":[{"href":"http:\/\/vozolvapen.de\/pl\/wp-json\/wp\/v2\/product\/54449","targetHints":{"allow":["GET"]}}],"collection":[{"href":"http:\/\/vozolvapen.de\/pl\/wp-json\/wp\/v2\/product"}],"about":[{"href":"http:\/\/vozolvapen.de\/pl\/wp-json\/wp\/v2\/types\/product"}],"replies":[{"embeddable":true,"href":"http:\/\/vozolvapen.de\/pl\/wp-json\/wp\/v2\/comments?post=54449"}],"wp:featuredmedia":[{"embeddable":true,"href":"http:\/\/vozolvapen.de\/pl\/wp-json\/wp\/v2\/media\/55741"}],"wp:attachment":[{"href":"http:\/\/vozolvapen.de\/pl\/wp-json\/wp\/v2\/media?parent=54449"}],"wp:term":[{"taxonomy":"product_brand","embeddable":true,"href":"http:\/\/vozolvapen.de\/pl\/wp-json\/wp\/v2\/product_brand?post=54449"},{"taxonomy":"product_cat","embeddable":true,"href":"http:\/\/vozolvapen.de\/pl\/wp-json\/wp\/v2\/product_cat?post=54449"},{"taxonomy":"product_tag","embeddable":true,"href":"http:\/\/vozolvapen.de\/pl\/wp-json\/wp\/v2\/product_tag?post=54449"}],"curies":[{"name":"wp","href":"https:\/\/api.w.org\/{rel}","templated":true}]}}