{"id":54874,"date":"2026-01-06T06:04:06","date_gmt":"2026-01-06T06:04:06","guid":{"rendered":"https:\/\/vozolvapen.de\/?post_type=product&#038;p=54874"},"modified":"2026-02-10T10:53:04","modified_gmt":"2026-02-10T10:53:04","slug":"40k-vape-waspe-aiviou-40000-strawberry-watermelon-bubblegum-mixed-fruit","status":"publish","type":"product","link":"http:\/\/vozolvapen.de\/pl\/product\/40k-vape-waspe-aiviou-40000-strawberry-watermelon-bubblegum-mixed-fruit\/","title":{"rendered":"40k Vape Waspe Aiviou 40000 - truskawka, arbuz, guma balonowa i mieszane owoce"},"content":{"rendered":"<h1 data-path-to-node=\"3\"><b data-path-to-node=\"3\" data-index-in-node=\"0\">Waspe Aiviou 40000 - Po\u0142\u0105czenie s\u0142odyczy i sadu<\/b><\/h1>\n<p data-path-to-node=\"4\">Poznaj zabawn\u0105 stron\u0119 <b data-path-to-node=\"4\" data-index-in-node=\"35\">waspe 40k<\/b>. Ten podw\u00f3jny smak \u0142\u0105czy w sobie s\u0142odk\u0105 nostalgi\u0119 weso\u0142ego miasteczka z wyrafinowan\u0105 z\u0142o\u017cono\u015bci\u0105 sk\u0105panego w s\u0142o\u0144cu sadu. Jako najwy\u017cej oceniany <b data-path-to-node=\"4\" data-index-in-node=\"198\">vaper 40000 zaci\u0105gni\u0119\u0107<\/b> Urz\u0105dzenie zapewnia zaspokojenie s\u0142odkiego apetytu na wiele tygodni.<\/p>\n<h2 data-path-to-node=\"5\"><b data-path-to-node=\"5\" data-index-in-node=\"0\">Podr\u00f3\u017c sensoryczna: Tryb A vs. Tryb B<\/b><\/h2>\n<ul data-path-to-node=\"6\">\n<li>\n<p data-path-to-node=\"6,0,0\"><b data-path-to-node=\"6,0,0\" data-index-in-node=\"0\">Mode A - Strawberry Watermelon Bubblegum:<\/b> S\u0142odka eksplozja do \u017cucia. Klasyczny sok truskawkowo-melonowy jest nasycony g\u0119st\u0105 baz\u0105 gumy balonowej, kt\u00f3ra tworzy g\u0119ste, aromatyczne chmury.<\/p>\n<\/li>\n<li>\n<p data-path-to-node=\"6,1,0\"><b data-path-to-node=\"6,1,0\" data-index-in-node=\"0\">Tryb B - Mieszane owoce:<\/b> Wielowarstwowe do\u015bwiadczenie \u201cponczu owocowego\u201d. Ten tryb wykorzystuje <b data-path-to-node=\"6,1,0\" data-index-in-node=\"87\">Cewka o oczkach 0,9\u03a9<\/b> aby podkre\u015bli\u0107 subtelne nuty cytrus\u00f3w, jag\u00f3d i owoc\u00f3w pestkowych w ka\u017cdym zaci\u0105gni\u0119ciu.<\/p>\n<\/li>\n<\/ul>\n<h2 data-path-to-node=\"7\"><b data-path-to-node=\"7\" data-index-in-node=\"0\">Ocena wydajno\u015bci eksperta<\/b><\/h2>\n<table data-path-to-node=\"8\">\n<thead>\n<tr>\n<td><strong>Metryczny<\/strong><\/td>\n<td><strong>Ocena<\/strong><\/td>\n<td><strong>Profil<\/strong><\/td>\n<\/tr>\n<\/thead>\n<tbody>\n<tr>\n<td><span data-path-to-node=\"8,1,0,0\"><b data-path-to-node=\"8,1,0,0\" data-index-in-node=\"0\">Aromat<\/b><\/span><\/td>\n<td><span data-path-to-node=\"8,1,1,0\">\u2b50\u2b50\u2b50\u2b50\u2b50<\/span><\/td>\n<td><span data-path-to-node=\"8,1,2,0\">High Room Note<\/span><\/td>\n<\/tr>\n<tr>\n<td><span data-path-to-node=\"8,2,0,0\"><b data-path-to-node=\"8,2,0,0\" data-index-in-node=\"0\">S\u0142odycz<\/b><\/span><\/td>\n<td><span data-path-to-node=\"8,2,1,0\">\u2b50\u2b50\u2b50\u2b50\u2b50<\/span><\/td>\n<td><span data-path-to-node=\"8,2,2,0\">S\u0142odycze cukiernicze<\/span><\/td>\n<\/tr>\n<tr>\n<td><span data-path-to-node=\"8,3,0,0\"><b data-path-to-node=\"8,3,0,0\" data-index-in-node=\"0\">Odczucie w ustach<\/b><\/span><\/td>\n<td><span data-path-to-node=\"8,3,1,0\">\u2b50\u2b50\u2b50\u2b50\u2606<\/span><\/td>\n<td><span data-path-to-node=\"8,3,2,0\">Gruby i do \u017cucia<\/span><\/td>\n<\/tr>\n<tr>\n<td><span data-path-to-node=\"8,4,0,0\"><b data-path-to-node=\"8,4,0,0\" data-index-in-node=\"0\">Poziom lodu<\/b><\/span><\/td>\n<td><span data-path-to-node=\"8,4,1,0\">\u2b50\u2b50\u2606\u2606\u2606<\/span><\/td>\n<td><span data-path-to-node=\"8,4,2,0\">Niski\/\u0142agodny<\/span><\/td>\n<\/tr>\n<\/tbody>\n<\/table>\n<h2 data-path-to-node=\"9\"><b data-path-to-node=\"9\" data-index-in-node=\"0\">Technical &amp; B2B Spotlight<\/b><\/h2>\n<p data-path-to-node=\"10\">The <b data-path-to-node=\"10\" data-index-in-node=\"4\">Waspe Aiviou 40000<\/b> zosta\u0142a stworzona z my\u015bl\u0105 o niezawodno\u015bci. Dla <b data-path-to-node=\"10\" data-index-in-node=\"53\">puff b2b<\/b> Dystrybutorzy, ten smak jest \u201cbezpiecznym\u201d SKU, oferuj\u0105cym szeroki wyb\u00f3r zar\u00f3wno mi\u0142o\u015bnikom s\u0142odyczy, jak i owocowym purystom. The <b data-path-to-node=\"10\" data-index-in-node=\"176\">\u0141adowanie typu C<\/b> zapewnia, \u017ce bateria 650 mAh jest zawsze gotowa do nast\u0119pnej sesji.<\/p>\n<h2 data-path-to-node=\"22\">Dla kogo to jest?<\/h2>\n<ul>\n<li>\n<p data-path-to-node=\"24,0,0\"><b data-path-to-node=\"24,0,0\" data-index-in-node=\"0\">Poszukiwacz r\u00f3\u017cnorodno\u015bci:<\/b> Idealny dla waper\u00f3w, kt\u00f3rzy \u0142atwo si\u0119 nudz\u0105. Jedna strona oferuje zabawny cukierkowy klimat, podczas gdy druga oferuje wyrafinowan\u0105, ci\u0105gle zmieniaj\u0105c\u0105 si\u0119 mieszank\u0119 sadu.<\/p>\n<\/li>\n<li>\n<p data-path-to-node=\"24,1,0\"><b data-path-to-node=\"24,1,0\" data-index-in-node=\"0\">Puff B2B Retailers:<\/b> Smak o wysokiej rotacji, kt\u00f3ry przemawia do niemal ka\u017cdej grupy demograficznej, od mi\u0142o\u015bnik\u00f3w s\u0142odyczy po fan\u00f3w tradycyjnych owoc\u00f3w.<\/p>\n<\/li>\n<\/ul>\n<h2 data-path-to-node=\"12\">40k Vape Waspe Aiviou 40000 FAQ<\/h2>\n<h3 data-path-to-node=\"91,0,0\"><b data-path-to-node=\"91,0,0\" data-index-in-node=\"0\">P: Jak zmieni\u0107 smaki w Waspe Aiviou 40000?<\/b><\/h3>\n<p data-path-to-node=\"91,0,1,0,0\">O: Na urz\u0105dzeniu znajduje si\u0119 fizyczny prze\u0142\u0105cznik, kt\u00f3ry umo\u017cliwia natychmiastow\u0105 zmian\u0119 mi\u0119dzy dwoma zbiornikami o pojemno\u015bci 18 ml.<\/p>\n<h3 data-path-to-node=\"91,0,1,0,0\"><b data-path-to-node=\"91,1,0\" data-index-in-node=\"0\">P: Czy liczba 40 000 puff\u00f3w jest prawdziwa?<\/b><\/h3>\n<p data-path-to-node=\"91,1,1,0,0\">O: Tak, dzi\u0119ki ogromnej <b data-path-to-node=\"91,1,1,0,0\" data-index-in-node=\"30\">Zbiornik o pojemno\u015bci 36 ml<\/b> i wydajny <b data-path-to-node=\"91,1,1,0,0\" data-index-in-node=\"59\">Cewki z podw\u00f3jn\u0105 siatk\u0105<\/b>, To urz\u0105dzenie zosta\u0142o zaprojektowane tak, aby osi\u0105gn\u0105\u0107 40 000 zaci\u0105gni\u0119\u0107 w standardowych warunkach u\u017cytkowania.<\/p>\n<h3 data-path-to-node=\"91,2,0\"><b data-path-to-node=\"91,2,0\" data-index-in-node=\"0\">P: Czy mog\u0119 na\u0142adowa\u0107 to pi\u00f3ro vape?<\/b><\/h3>\n<p data-path-to-node=\"91,2,1,0,0\">O: Tak, jest wyposa\u017cony w <b data-path-to-node=\"91,2,1,0,0\" data-index-in-node=\"22\">Port \u0142adowania typu C<\/b> do szybkiego uzupe\u0142niania baterii o pojemno\u015bci 650 mAh.<\/p>\n<h3 data-path-to-node=\"77\"><b data-path-to-node=\"77\" data-index-in-node=\"0\">Dalsze zalecenia:<\/b><\/h3>\n<p data-path-to-node=\"78\">Odkryj jeszcze wi\u0119cej niesamowitych smak\u00f3w dzi\u0119ki <strong>40k Vape Waspe Aiviou 40000<\/strong>!<\/p>\n<p data-path-to-node=\"79\"><a class=\"ng-star-inserted\" href=\"https:\/\/vozolvapen.de\/pl\/product-category\/waspe-vape\/40k-vape-waspe-aiviou-40000-2-in-1\/\" target=\"_blank\" rel=\"noopener noreferrer nofollow\" data-hveid=\"0\" data-ved=\"0CAAQ_4QMahgKEwjxyYqx9_CRAxUAAAAAHQAAAAAQ9wE\">Zobacz wszystkie odmiany tutaj \u2192<\/a><\/p>\n<p data-path-to-node=\"80\">Zapoznaj si\u0119 z nasz\u0105 pe\u0142n\u0105 kolekcj\u0105 i kupuj produkty najlepszych marek vape, kt\u00f3re pokochasz.<\/p>\n<p data-path-to-node=\"81\"><a class=\"ng-star-inserted\" href=\"https:\/\/vozolvapen.de\/pl\/\" target=\"_blank\" rel=\"noopener noreferrer nofollow\" data-hveid=\"0\" data-ved=\"0CAAQ_4QMahgKEwjxyYqx9_CRAxUAAAAAHQAAAAAQ-AE\">Przegl\u0105daj teraz wszystkie marki \u2192<\/a><\/p>\n<p data-path-to-node=\"82\">Sprawd\u017a ca\u0142o\u015b\u0107\u00a0<b data-path-to-node=\"82\" data-index-in-node=\"23\">Waspe Aiviou<\/b>\u00a0Seria - ka\u017cdy smak, ka\u017cdy styl!<\/p>\n<p data-path-to-node=\"83\"><a class=\"ng-star-inserted\" href=\"https:\/\/vozolvapen.de\/pl\/product-category\/waspe-vape\/\" target=\"_blank\" rel=\"noopener noreferrer nofollow\" data-hveid=\"0\" data-ved=\"0CAAQ_4QMahgKEwjxyYqx9_CRAxUAAAAAHQAAAAAQ-QE\">Zobacz pe\u0142n\u0105 kolekcj\u0119 Waspe \u2192<\/a><\/p>","protected":false},"excerpt":{"rendered":"<p><b data-path-to-node=\"3,11,4,0\" data-index-in-node=\"0\">Pakiet r\u00f3\u017cnorodno\u015bci.<\/b> Zmie\u0144 s\u0142odk\u0105 gum\u0119 arbuzow\u0105 na soczyst\u0105, wieloowocow\u0105 mieszank\u0119 sadownicz\u0105. 40 000 zaci\u0105gni\u0119\u0107 zapewniaj\u0105cych nieprzerwan\u0105 rozrywk\u0119.<\/p>","protected":false},"featured_media":55757,"comment_status":"open","ping_status":"closed","template":"","meta":{"_acf_changed":false},"product_brand":[],"product_cat":[109,134],"product_tag":[],"class_list":{"0":"post-54874","1":"product","2":"type-product","3":"status-publish","4":"has-post-thumbnail","6":"product_cat-40k-vape-waspe-aiviou-40000-2-in-1","7":"product_cat-eu-warehouse-in-stock","9":"first","10":"instock","11":"shipping-taxable","12":"purchasable","13":"product-type-variable"},"acf":[],"yoast_head":"<!-- This site is optimized with the Yoast SEO Premium plugin v26.1 (Yoast SEO v27.5) - https:\/\/yoast.com\/product\/yoast-seo-premium-wordpress\/ -->\n<title>Straw. Watermelon B-Gum &amp; Mixed Fruit Waspe 40k - vozolvapen<\/title>\n<meta name=\"description\" content=\"Get 40000 puffs with Strawberry Watermelon Bubblegum &amp; Mixed Fruit Waspe Aiviou 40000. Double flavor tech. Premium puff B2B gear.\" \/>\n<meta name=\"robots\" content=\"index, follow, max-snippet:-1, max-image-preview:large, max-video-preview:-1\" \/>\n<link rel=\"canonical\" href=\"https:\/\/vozolvapen.de\/pl\/product\/40k-vape-waspe-aiviou-40000-strawberry-watermelon-bubblegum-mixed-fruit\/\" \/>\n<meta property=\"og:locale\" content=\"pl_PL\" \/>\n<meta property=\"og:type\" content=\"article\" \/>\n<meta property=\"og:title\" content=\"40k Vape Waspe Aiviou 40000 - Strawberry Watermelon Bubblegum &amp; Mixed Fruit\" \/>\n<meta property=\"og:description\" content=\"Get 40000 puffs with Strawberry Watermelon Bubblegum &amp; Mixed Fruit Waspe Aiviou 40000. Double flavor tech. Premium puff B2B gear.\" \/>\n<meta property=\"og:url\" content=\"https:\/\/vozolvapen.de\/pl\/product\/40k-vape-waspe-aiviou-40000-strawberry-watermelon-bubblegum-mixed-fruit\/\" \/>\n<meta property=\"og:site_name\" content=\"vozolvapen\" \/>\n<meta property=\"article:modified_time\" content=\"2026-02-10T10:53:04+00:00\" \/>\n<meta property=\"og:image\" content=\"https:\/\/vozolvapen.de\/wp-content\/uploads\/2026\/01\/40k-Vape-Waspe-Aiviou-40000-Strawberry-Watermelon-Bubblegum-Mixed-Fruit-3.webp\" \/>\n\t<meta property=\"og:image:width\" content=\"1200\" \/>\n\t<meta property=\"og:image:height\" content=\"1200\" \/>\n\t<meta property=\"og:image:type\" content=\"image\/webp\" \/>\n<meta name=\"twitter:card\" content=\"summary_large_image\" \/>\n<meta name=\"twitter:label1\" content=\"Szacowany czas czytania\" \/>\n\t<meta name=\"twitter:data1\" content=\"2 minuty\" \/>\n<script type=\"application\/ld+json\" class=\"yoast-schema-graph\">{\"@context\":\"https:\\\/\\\/schema.org\",\"@graph\":[{\"@type\":\"WebPage\",\"@id\":\"https:\\\/\\\/vozolvapen.de\\\/product\\\/40k-vape-waspe-aiviou-40000-strawberry-watermelon-bubblegum-mixed-fruit\\\/\",\"url\":\"https:\\\/\\\/vozolvapen.de\\\/product\\\/40k-vape-waspe-aiviou-40000-strawberry-watermelon-bubblegum-mixed-fruit\\\/\",\"name\":\"Straw. Watermelon B-Gum & Mixed Fruit Waspe 40k - vozolvapen\",\"isPartOf\":{\"@id\":\"https:\\\/\\\/vozolvapen.de\\\/#website\"},\"primaryImageOfPage\":{\"@id\":\"https:\\\/\\\/vozolvapen.de\\\/product\\\/40k-vape-waspe-aiviou-40000-strawberry-watermelon-bubblegum-mixed-fruit\\\/#primaryimage\"},\"image\":{\"@id\":\"https:\\\/\\\/vozolvapen.de\\\/product\\\/40k-vape-waspe-aiviou-40000-strawberry-watermelon-bubblegum-mixed-fruit\\\/#primaryimage\"},\"thumbnailUrl\":\"https:\\\/\\\/vozolvapen.de\\\/wp-content\\\/uploads\\\/2026\\\/01\\\/40k-Vape-Waspe-Aiviou-40000-Strawberry-Watermelon-Bubblegum-Mixed-Fruit-3.webp\",\"datePublished\":\"2026-01-06T06:04:06+00:00\",\"dateModified\":\"2026-02-10T10:53:04+00:00\",\"description\":\"Get 40000 puffs with Strawberry Watermelon Bubblegum & Mixed Fruit Waspe Aiviou 40000. Double flavor tech. Premium puff B2B gear.\",\"breadcrumb\":{\"@id\":\"https:\\\/\\\/vozolvapen.de\\\/product\\\/40k-vape-waspe-aiviou-40000-strawberry-watermelon-bubblegum-mixed-fruit\\\/#breadcrumb\"},\"inLanguage\":\"pl-PL\",\"potentialAction\":[{\"@type\":\"ReadAction\",\"target\":[\"https:\\\/\\\/vozolvapen.de\\\/product\\\/40k-vape-waspe-aiviou-40000-strawberry-watermelon-bubblegum-mixed-fruit\\\/\"]}]},{\"@type\":\"ImageObject\",\"inLanguage\":\"pl-PL\",\"@id\":\"https:\\\/\\\/vozolvapen.de\\\/product\\\/40k-vape-waspe-aiviou-40000-strawberry-watermelon-bubblegum-mixed-fruit\\\/#primaryimage\",\"url\":\"https:\\\/\\\/vozolvapen.de\\\/wp-content\\\/uploads\\\/2026\\\/01\\\/40k-Vape-Waspe-Aiviou-40000-Strawberry-Watermelon-Bubblegum-Mixed-Fruit-3.webp\",\"contentUrl\":\"https:\\\/\\\/vozolvapen.de\\\/wp-content\\\/uploads\\\/2026\\\/01\\\/40k-Vape-Waspe-Aiviou-40000-Strawberry-Watermelon-Bubblegum-Mixed-Fruit-3.webp\",\"width\":1200,\"height\":1200,\"caption\":\"40k Vape Waspe Aiviou 40000 - Strawberry Watermelon Bubblegum & Mixed Fruit (3)\"},{\"@type\":\"BreadcrumbList\",\"@id\":\"https:\\\/\\\/vozolvapen.de\\\/product\\\/40k-vape-waspe-aiviou-40000-strawberry-watermelon-bubblegum-mixed-fruit\\\/#breadcrumb\",\"itemListElement\":[{\"@type\":\"ListItem\",\"position\":1,\"name\":\"Home\",\"item\":\"https:\\\/\\\/vozolvapen.de\\\/de\\\/\"},{\"@type\":\"ListItem\",\"position\":2,\"name\":\"Shop\",\"item\":\"https:\\\/\\\/vozolvapen.de\\\/shop\\\/\"},{\"@type\":\"ListItem\",\"position\":3,\"name\":\"40k Vape Waspe Aiviou 40000 &#8211; Strawberry Watermelon Bubblegum &#038; Mixed Fruit\"}]},{\"@type\":\"WebSite\",\"@id\":\"https:\\\/\\\/vozolvapen.de\\\/#website\",\"url\":\"https:\\\/\\\/vozolvapen.de\\\/\",\"name\":\"vozolvapen\",\"description\":\"vozolvapen\",\"publisher\":{\"@id\":\"https:\\\/\\\/vozolvapen.de\\\/#organization\"},\"potentialAction\":[{\"@type\":\"SearchAction\",\"target\":{\"@type\":\"EntryPoint\",\"urlTemplate\":\"https:\\\/\\\/vozolvapen.de\\\/?s={search_term_string}\"},\"query-input\":{\"@type\":\"PropertyValueSpecification\",\"valueRequired\":true,\"valueName\":\"search_term_string\"}}],\"inLanguage\":\"pl-PL\"},{\"@type\":\"Organization\",\"@id\":\"https:\\\/\\\/vozolvapen.de\\\/#organization\",\"name\":\"vozolvapen\",\"url\":\"https:\\\/\\\/vozolvapen.de\\\/\",\"logo\":{\"@type\":\"ImageObject\",\"inLanguage\":\"pl-PL\",\"@id\":\"https:\\\/\\\/vozolvapen.de\\\/#\\\/schema\\\/logo\\\/image\\\/\",\"url\":\"https:\\\/\\\/vozolvapen.de\\\/wp-content\\\/uploads\\\/2025\\\/12\\\/cropped-vozovapen-logo.webp\",\"contentUrl\":\"https:\\\/\\\/vozolvapen.de\\\/wp-content\\\/uploads\\\/2025\\\/12\\\/cropped-vozovapen-logo.webp\",\"width\":470,\"height\":110,\"caption\":\"vozolvapen\"},\"image\":{\"@id\":\"https:\\\/\\\/vozolvapen.de\\\/#\\\/schema\\\/logo\\\/image\\\/\"}}]}<\/script>\n<!-- \/ Yoast SEO Premium plugin. -->","yoast_head_json":{"title":"S\u0142oma. Watermelon B-Gum &amp; Mixed Fruit Waspe 40k - vozolvapen","description":"Uzyskaj 40000 zaci\u0105gni\u0119\u0107 dzi\u0119ki Strawberry Watermelon Bubblegum &amp; Mixed Fruit Waspe Aiviou 40000. Technologia podw\u00f3jnego smaku. Najwy\u017cszej jako\u015bci sprz\u0119t B2B.","robots":{"index":"index","follow":"follow","max-snippet":"max-snippet:-1","max-image-preview":"max-image-preview:large","max-video-preview":"max-video-preview:-1"},"canonical":"https:\/\/vozolvapen.de\/pl\/product\/40k-vape-waspe-aiviou-40000-strawberry-watermelon-bubblegum-mixed-fruit\/","og_locale":"pl_PL","og_type":"article","og_title":"40k Vape Waspe Aiviou 40000 - Strawberry Watermelon Bubblegum & Mixed Fruit","og_description":"Get 40000 puffs with Strawberry Watermelon Bubblegum & Mixed Fruit Waspe Aiviou 40000. Double flavor tech. Premium puff B2B gear.","og_url":"https:\/\/vozolvapen.de\/pl\/product\/40k-vape-waspe-aiviou-40000-strawberry-watermelon-bubblegum-mixed-fruit\/","og_site_name":"vozolvapen","article_modified_time":"2026-02-10T10:53:04+00:00","og_image":[{"width":1200,"height":1200,"url":"https:\/\/vozolvapen.de\/wp-content\/uploads\/2026\/01\/40k-Vape-Waspe-Aiviou-40000-Strawberry-Watermelon-Bubblegum-Mixed-Fruit-3.webp","type":"image\/webp"}],"twitter_card":"summary_large_image","twitter_misc":{"Szacowany czas czytania":"2 minuty"},"schema":{"@context":"https:\/\/schema.org","@graph":[{"@type":"WebPage","@id":"https:\/\/vozolvapen.de\/product\/40k-vape-waspe-aiviou-40000-strawberry-watermelon-bubblegum-mixed-fruit\/","url":"https:\/\/vozolvapen.de\/product\/40k-vape-waspe-aiviou-40000-strawberry-watermelon-bubblegum-mixed-fruit\/","name":"S\u0142oma. Watermelon B-Gum &amp; Mixed Fruit Waspe 40k - vozolvapen","isPartOf":{"@id":"https:\/\/vozolvapen.de\/#website"},"primaryImageOfPage":{"@id":"https:\/\/vozolvapen.de\/product\/40k-vape-waspe-aiviou-40000-strawberry-watermelon-bubblegum-mixed-fruit\/#primaryimage"},"image":{"@id":"https:\/\/vozolvapen.de\/product\/40k-vape-waspe-aiviou-40000-strawberry-watermelon-bubblegum-mixed-fruit\/#primaryimage"},"thumbnailUrl":"https:\/\/vozolvapen.de\/wp-content\/uploads\/2026\/01\/40k-Vape-Waspe-Aiviou-40000-Strawberry-Watermelon-Bubblegum-Mixed-Fruit-3.webp","datePublished":"2026-01-06T06:04:06+00:00","dateModified":"2026-02-10T10:53:04+00:00","description":"Uzyskaj 40000 zaci\u0105gni\u0119\u0107 dzi\u0119ki Strawberry Watermelon Bubblegum &amp; Mixed Fruit Waspe Aiviou 40000. Technologia podw\u00f3jnego smaku. Najwy\u017cszej jako\u015bci sprz\u0119t B2B.","breadcrumb":{"@id":"https:\/\/vozolvapen.de\/product\/40k-vape-waspe-aiviou-40000-strawberry-watermelon-bubblegum-mixed-fruit\/#breadcrumb"},"inLanguage":"pl-PL","potentialAction":[{"@type":"ReadAction","target":["https:\/\/vozolvapen.de\/product\/40k-vape-waspe-aiviou-40000-strawberry-watermelon-bubblegum-mixed-fruit\/"]}]},{"@type":"ImageObject","inLanguage":"pl-PL","@id":"https:\/\/vozolvapen.de\/product\/40k-vape-waspe-aiviou-40000-strawberry-watermelon-bubblegum-mixed-fruit\/#primaryimage","url":"https:\/\/vozolvapen.de\/wp-content\/uploads\/2026\/01\/40k-Vape-Waspe-Aiviou-40000-Strawberry-Watermelon-Bubblegum-Mixed-Fruit-3.webp","contentUrl":"https:\/\/vozolvapen.de\/wp-content\/uploads\/2026\/01\/40k-Vape-Waspe-Aiviou-40000-Strawberry-Watermelon-Bubblegum-Mixed-Fruit-3.webp","width":1200,"height":1200,"caption":"40k Vape Waspe Aiviou 40000 - Strawberry Watermelon Bubblegum & Mixed Fruit (3)"},{"@type":"BreadcrumbList","@id":"https:\/\/vozolvapen.de\/product\/40k-vape-waspe-aiviou-40000-strawberry-watermelon-bubblegum-mixed-fruit\/#breadcrumb","itemListElement":[{"@type":"ListItem","position":1,"name":"Home","item":"https:\/\/vozolvapen.de\/de\/"},{"@type":"ListItem","position":2,"name":"Shop","item":"https:\/\/vozolvapen.de\/shop\/"},{"@type":"ListItem","position":3,"name":"40k Vape Waspe Aiviou 40000 &#8211; Strawberry Watermelon Bubblegum &#038; Mixed Fruit"}]},{"@type":"WebSite","@id":"https:\/\/vozolvapen.de\/#website","url":"https:\/\/vozolvapen.de\/","name":"vozolvapen","description":"vozolvapen","publisher":{"@id":"https:\/\/vozolvapen.de\/#organization"},"potentialAction":[{"@type":"SearchAction","target":{"@type":"EntryPoint","urlTemplate":"https:\/\/vozolvapen.de\/?s={search_term_string}"},"query-input":{"@type":"PropertyValueSpecification","valueRequired":true,"valueName":"search_term_string"}}],"inLanguage":"pl-PL"},{"@type":"Organization","@id":"https:\/\/vozolvapen.de\/#organization","name":"vozolvapen","url":"https:\/\/vozolvapen.de\/","logo":{"@type":"ImageObject","inLanguage":"pl-PL","@id":"https:\/\/vozolvapen.de\/#\/schema\/logo\/image\/","url":"https:\/\/vozolvapen.de\/wp-content\/uploads\/2025\/12\/cropped-vozovapen-logo.webp","contentUrl":"https:\/\/vozolvapen.de\/wp-content\/uploads\/2025\/12\/cropped-vozovapen-logo.webp","width":470,"height":110,"caption":"vozolvapen"},"image":{"@id":"https:\/\/vozolvapen.de\/#\/schema\/logo\/image\/"}}]}},"tiered_pricing_type":"fixed","tiered_pricing_fixed_rules":{"30":"12.2","50":"10.2","100":"9.2","200":"8.7"},"tiered_pricing_product_settings":{"layout":"default","base_unit_name":{"singular":null,"plural":null},"default_variation":{}},"tiered_pricing_minimum_quantity":10,"tiered_pricing_roles_data":[],"tiered_pricing_percentage_rules":[],"tiered_pricing_maximum_quantity":null,"tiered_pricing_quantity_step":"10","_links":{"self":[{"href":"http:\/\/vozolvapen.de\/pl\/wp-json\/wp\/v2\/product\/54874","targetHints":{"allow":["GET"]}}],"collection":[{"href":"http:\/\/vozolvapen.de\/pl\/wp-json\/wp\/v2\/product"}],"about":[{"href":"http:\/\/vozolvapen.de\/pl\/wp-json\/wp\/v2\/types\/product"}],"replies":[{"embeddable":true,"href":"http:\/\/vozolvapen.de\/pl\/wp-json\/wp\/v2\/comments?post=54874"}],"wp:featuredmedia":[{"embeddable":true,"href":"http:\/\/vozolvapen.de\/pl\/wp-json\/wp\/v2\/media\/55757"}],"wp:attachment":[{"href":"http:\/\/vozolvapen.de\/pl\/wp-json\/wp\/v2\/media?parent=54874"}],"wp:term":[{"taxonomy":"product_brand","embeddable":true,"href":"http:\/\/vozolvapen.de\/pl\/wp-json\/wp\/v2\/product_brand?post=54874"},{"taxonomy":"product_cat","embeddable":true,"href":"http:\/\/vozolvapen.de\/pl\/wp-json\/wp\/v2\/product_cat?post=54874"},{"taxonomy":"product_tag","embeddable":true,"href":"http:\/\/vozolvapen.de\/pl\/wp-json\/wp\/v2\/product_tag?post=54874"}],"curies":[{"name":"wp","href":"https:\/\/api.w.org\/{rel}","templated":true}]}}