{"id":55045,"date":"2026-01-06T06:04:13","date_gmt":"2026-01-06T06:04:13","guid":{"rendered":"https:\/\/vozolvapen.de\/?post_type=product&#038;p=55045"},"modified":"2026-02-10T10:53:00","modified_gmt":"2026-02-10T10:53:00","slug":"40k-vape-waspe-aiviou-40000-sour-apple-raspberry-strawberry-big-bang","status":"publish","type":"product","link":"http:\/\/vozolvapen.de\/pl\/product\/40k-vape-waspe-aiviou-40000-sour-apple-raspberry-strawberry-big-bang\/","title":{"rendered":"40k Vape Waspe Aiviou 40000 - Kwa\u015bne jab\u0142ko, malina i truskawka Big Bang"},"content":{"rendered":"<h1 data-path-to-node=\"21\"><b data-path-to-node=\"21\" data-index-in-node=\"0\">Waspe Aiviou 40000 - smakowite do\u015bwiadczenie \u201cBig Bang\u201d<\/b><\/h1>\n<p data-path-to-node=\"22\">Dla waper\u00f3w wymagaj\u0105cych intensywno\u015bci <b data-path-to-node=\"22\" data-index-in-node=\"37\">vaper waspe 40000<\/b> Seria Sour jest ju\u017c dost\u0119pna. To urz\u0105dzenie \u0142\u0105czy w sobie elektryczny, kwa\u015bny k\u0119s z pot\u0119\u017cn\u0105 eksplozj\u0105 s\u0142odkiego soku truskawkowego.<\/p>\n<h2 data-path-to-node=\"23\"><b data-path-to-node=\"23\" data-index-in-node=\"0\">Podzia\u0142 intensywno\u015bci<\/b><\/h2>\n<ul data-path-to-node=\"24\">\n<li>\n<p data-path-to-node=\"24,0,0\"><b data-path-to-node=\"24,0,0\" data-index-in-node=\"0\">Kwa\u015bne jab\u0142ko malina:<\/b> Arcydzie\u0142o oczyszczaj\u0105ce podniebienie. Nuty jab\u0142ka Granny Smith s\u0105 ostre i chrupi\u0105ce, podczas gdy malina dodaje pikantn\u0105 warstw\u0119 jag\u00f3d.<\/p>\n<\/li>\n<li>\n<p data-path-to-node=\"24,1,0\"><b data-path-to-node=\"24,1,0\" data-index-in-node=\"0\">Strawberry Big Bang:<\/b> Wybuchowy, ultra-s\u0142odki profil truskawkowy. Zosta\u0142 zaprojektowany, aby nasyci\u0107 zmys\u0142y, zapewniaj\u0105c \u201cwielki wybuch\u201d smaku po kwa\u015bnym resecie.<\/p>\n<\/li>\n<\/ul>\n<h2 data-path-to-node=\"25\"><b data-path-to-node=\"25\" data-index-in-node=\"0\">Technical Edge<\/b><\/h2>\n<p data-path-to-node=\"26\">Wykorzystanie <b data-path-to-node=\"26\" data-index-in-node=\"12\">Cewka siatkowa 0,9ohm+0,9ohm<\/b>, Waspe 40k zachowuje wyrazisto\u015b\u0107 smaku nawet po wyczerpaniu baterii. To sprawia, \u017ce jest to najlepszy wyb\u00f3r dla tych, kt\u00f3rzy szukaj\u0105 <b data-path-to-node=\"26\" data-index-in-node=\"159\">najlepsze smaki vape<\/b> z zerow\u0105 degradacj\u0105.<\/p>\n<h2 data-path-to-node=\"22\">Dla kogo to jest?<\/h2>\n<ul>\n<li>\n<p data-path-to-node=\"28,0,0\"><b data-path-to-node=\"28,0,0\" data-index-in-node=\"0\">The Palate Cleanser:<\/b> Idealny dla waper\u00f3w, dla kt\u00f3rych inne soki s\u0105 zbyt s\u0142odkie. Sour Apple Raspberry resetuje kubki smakowe, podczas gdy Strawberry Big Bang zapewnia mocne s\u0142odkie wyko\u0144czenie.<\/p>\n<\/li>\n<li>\n<p data-path-to-node=\"28,1,0\"><b data-path-to-node=\"28,1,0\" data-index-in-node=\"0\">Mi\u0142o\u015bnicy kwa\u015bnych smak\u00f3w:<\/b> Idealny dla tych, kt\u00f3rzy pragn\u0105 smakowitego, pikantnego wdechu.<\/p>\n<\/li>\n<\/ul>\n<h2 data-path-to-node=\"12\">40k Vape Waspe Aiviou 40000 FAQ<\/h2>\n<h3 data-path-to-node=\"91,0,0\"><b data-path-to-node=\"91,0,0\" data-index-in-node=\"0\">P: Jak zmieni\u0107 smaki w Waspe Aiviou 40000?<\/b><\/h3>\n<p data-path-to-node=\"91,0,1,0,0\">O: Na urz\u0105dzeniu znajduje si\u0119 fizyczny prze\u0142\u0105cznik, kt\u00f3ry umo\u017cliwia natychmiastow\u0105 zmian\u0119 mi\u0119dzy dwoma zbiornikami o pojemno\u015bci 18 ml.<\/p>\n<h3 data-path-to-node=\"91,0,1,0,0\"><b data-path-to-node=\"91,1,0\" data-index-in-node=\"0\">P: Czy liczba 40 000 puff\u00f3w jest prawdziwa?<\/b><\/h3>\n<p data-path-to-node=\"91,1,1,0,0\">O: Tak, dzi\u0119ki ogromnej <b data-path-to-node=\"91,1,1,0,0\" data-index-in-node=\"30\">Zbiornik o pojemno\u015bci 36 ml<\/b> i wydajny <b data-path-to-node=\"91,1,1,0,0\" data-index-in-node=\"59\">Cewki z podw\u00f3jn\u0105 siatk\u0105<\/b>, To urz\u0105dzenie zosta\u0142o zaprojektowane tak, aby osi\u0105gn\u0105\u0107 40 000 zaci\u0105gni\u0119\u0107 w standardowych warunkach u\u017cytkowania.<\/p>\n<h3 data-path-to-node=\"91,2,0\"><b data-path-to-node=\"91,2,0\" data-index-in-node=\"0\">P: Czy mog\u0119 na\u0142adowa\u0107 to pi\u00f3ro vape?<\/b><\/h3>\n<p data-path-to-node=\"91,2,1,0,0\">O: Tak, jest wyposa\u017cony w <b data-path-to-node=\"91,2,1,0,0\" data-index-in-node=\"22\">Port \u0142adowania typu C<\/b> do szybkiego uzupe\u0142niania baterii o pojemno\u015bci 650 mAh.<\/p>\n<h3 data-path-to-node=\"77\"><b data-path-to-node=\"77\" data-index-in-node=\"0\">Dalsze zalecenia:<\/b><\/h3>\n<p data-path-to-node=\"78\">Odkryj jeszcze wi\u0119cej niesamowitych smak\u00f3w dzi\u0119ki <strong>40k Vape Waspe Aiviou 40000<\/strong>!<\/p>\n<p data-path-to-node=\"79\"><a class=\"ng-star-inserted\" href=\"https:\/\/vozolvapen.de\/pl\/product-category\/waspe-vape\/40k-vape-waspe-aiviou-40000-2-in-1\/\" target=\"_blank\" rel=\"noopener noreferrer nofollow\" data-hveid=\"0\" data-ved=\"0CAAQ_4QMahgKEwjxyYqx9_CRAxUAAAAAHQAAAAAQ9wE\">Zobacz wszystkie odmiany tutaj \u2192<\/a><\/p>\n<p data-path-to-node=\"80\">Zapoznaj si\u0119 z nasz\u0105 pe\u0142n\u0105 kolekcj\u0105 i kupuj produkty najlepszych marek vape, kt\u00f3re pokochasz.<\/p>\n<p data-path-to-node=\"81\"><a class=\"ng-star-inserted\" href=\"https:\/\/vozolvapen.de\/pl\/\" target=\"_blank\" rel=\"noopener noreferrer nofollow\" data-hveid=\"0\" data-ved=\"0CAAQ_4QMahgKEwjxyYqx9_CRAxUAAAAAHQAAAAAQ-AE\">Przegl\u0105daj teraz wszystkie marki \u2192<\/a><\/p>\n<p data-path-to-node=\"82\">Sprawd\u017a ca\u0142o\u015b\u0107\u00a0<b data-path-to-node=\"82\" data-index-in-node=\"23\">Waspe Aiviou<\/b>\u00a0Seria - ka\u017cdy smak, ka\u017cdy styl!<\/p>\n<p data-path-to-node=\"83\"><a class=\"ng-star-inserted\" href=\"https:\/\/vozolvapen.de\/pl\/product-category\/waspe-vape\/\" target=\"_blank\" rel=\"noopener noreferrer nofollow\" data-hveid=\"0\" data-ved=\"0CAAQ_4QMahgKEwjxyYqx9_CRAxUAAAAAHQAAAAAQ-QE\">Zobacz pe\u0142n\u0105 kolekcj\u0119 Waspe \u2192<\/a><\/p>","protected":false},"excerpt":{"rendered":"<p><b data-path-to-node=\"3,13,4,0\" data-index-in-node=\"0\">Reset podniebienia.<\/b> Zapychaj\u0105ca usta mieszanka kwa\u015bnych jab\u0142ek, kt\u00f3ra przygotowuje scen\u0119 dla pot\u0119\u017cnej eksplozji s\u0142odkich truskawek \u201cBig Bang\u201d.<\/p>","protected":false},"featured_media":55763,"comment_status":"open","ping_status":"closed","template":"","meta":{"_acf_changed":false},"product_brand":[],"product_cat":[109,134],"product_tag":[],"class_list":{"0":"post-55045","1":"product","2":"type-product","3":"status-publish","4":"has-post-thumbnail","6":"product_cat-40k-vape-waspe-aiviou-40000-2-in-1","7":"product_cat-eu-warehouse-in-stock","9":"first","10":"instock","11":"shipping-taxable","12":"purchasable","13":"product-type-variable"},"acf":[],"yoast_head":"<!-- This site is optimized with the Yoast SEO Premium plugin v26.1 (Yoast SEO v27.5) - https:\/\/yoast.com\/product\/yoast-seo-premium-wordpress\/ -->\n<title>Sour Apple Raspberry &amp; Straw. Big Bang Waspe 40k - vozolvapen<\/title>\n<meta name=\"description\" content=\"Shop the Zesty Sour Apple &amp; Strawberry Big Bang Waspe Aiviou 40000. 2-in-1 flavor 40k vape. High-performance 0.9\u03a9 mesh.\" \/>\n<meta name=\"robots\" content=\"index, follow, max-snippet:-1, max-image-preview:large, max-video-preview:-1\" \/>\n<link rel=\"canonical\" href=\"https:\/\/vozolvapen.de\/pl\/product\/40k-vape-waspe-aiviou-40000-sour-apple-raspberry-strawberry-big-bang\/\" \/>\n<meta property=\"og:locale\" content=\"pl_PL\" \/>\n<meta property=\"og:type\" content=\"article\" \/>\n<meta property=\"og:title\" content=\"40k Vape Waspe Aiviou 40000 - Sour Apple Raspberry &amp; Strawberry Big Bang\" \/>\n<meta property=\"og:description\" content=\"Shop the Zesty Sour Apple &amp; Strawberry Big Bang Waspe Aiviou 40000. 2-in-1 flavor 40k vape. High-performance 0.9\u03a9 mesh.\" \/>\n<meta property=\"og:url\" content=\"https:\/\/vozolvapen.de\/pl\/product\/40k-vape-waspe-aiviou-40000-sour-apple-raspberry-strawberry-big-bang\/\" \/>\n<meta property=\"og:site_name\" content=\"vozolvapen\" \/>\n<meta property=\"article:modified_time\" content=\"2026-02-10T10:53:00+00:00\" \/>\n<meta property=\"og:image\" content=\"https:\/\/vozolvapen.de\/wp-content\/uploads\/2026\/01\/40k-Vape-Waspe-Aiviou-40000-Sour-Apple-Raspberry-Strawberry-Big-Bang-3.webp\" \/>\n\t<meta property=\"og:image:width\" content=\"1200\" \/>\n\t<meta property=\"og:image:height\" content=\"1200\" \/>\n\t<meta property=\"og:image:type\" content=\"image\/webp\" \/>\n<meta name=\"twitter:card\" content=\"summary_large_image\" \/>\n<meta name=\"twitter:label1\" content=\"Szacowany czas czytania\" \/>\n\t<meta name=\"twitter:data1\" content=\"2 minuty\" \/>\n<script type=\"application\/ld+json\" class=\"yoast-schema-graph\">{\"@context\":\"https:\\\/\\\/schema.org\",\"@graph\":[{\"@type\":\"WebPage\",\"@id\":\"https:\\\/\\\/vozolvapen.de\\\/product\\\/40k-vape-waspe-aiviou-40000-sour-apple-raspberry-strawberry-big-bang\\\/\",\"url\":\"https:\\\/\\\/vozolvapen.de\\\/product\\\/40k-vape-waspe-aiviou-40000-sour-apple-raspberry-strawberry-big-bang\\\/\",\"name\":\"Sour Apple Raspberry & Straw. Big Bang Waspe 40k - vozolvapen\",\"isPartOf\":{\"@id\":\"https:\\\/\\\/vozolvapen.de\\\/#website\"},\"primaryImageOfPage\":{\"@id\":\"https:\\\/\\\/vozolvapen.de\\\/product\\\/40k-vape-waspe-aiviou-40000-sour-apple-raspberry-strawberry-big-bang\\\/#primaryimage\"},\"image\":{\"@id\":\"https:\\\/\\\/vozolvapen.de\\\/product\\\/40k-vape-waspe-aiviou-40000-sour-apple-raspberry-strawberry-big-bang\\\/#primaryimage\"},\"thumbnailUrl\":\"https:\\\/\\\/vozolvapen.de\\\/wp-content\\\/uploads\\\/2026\\\/01\\\/40k-Vape-Waspe-Aiviou-40000-Sour-Apple-Raspberry-Strawberry-Big-Bang-3.webp\",\"datePublished\":\"2026-01-06T06:04:13+00:00\",\"dateModified\":\"2026-02-10T10:53:00+00:00\",\"description\":\"Shop the Zesty Sour Apple & Strawberry Big Bang Waspe Aiviou 40000. 2-in-1 flavor 40k vape. High-performance 0.9\u03a9 mesh.\",\"breadcrumb\":{\"@id\":\"https:\\\/\\\/vozolvapen.de\\\/product\\\/40k-vape-waspe-aiviou-40000-sour-apple-raspberry-strawberry-big-bang\\\/#breadcrumb\"},\"inLanguage\":\"pl-PL\",\"potentialAction\":[{\"@type\":\"ReadAction\",\"target\":[\"https:\\\/\\\/vozolvapen.de\\\/product\\\/40k-vape-waspe-aiviou-40000-sour-apple-raspberry-strawberry-big-bang\\\/\"]}]},{\"@type\":\"ImageObject\",\"inLanguage\":\"pl-PL\",\"@id\":\"https:\\\/\\\/vozolvapen.de\\\/product\\\/40k-vape-waspe-aiviou-40000-sour-apple-raspberry-strawberry-big-bang\\\/#primaryimage\",\"url\":\"https:\\\/\\\/vozolvapen.de\\\/wp-content\\\/uploads\\\/2026\\\/01\\\/40k-Vape-Waspe-Aiviou-40000-Sour-Apple-Raspberry-Strawberry-Big-Bang-3.webp\",\"contentUrl\":\"https:\\\/\\\/vozolvapen.de\\\/wp-content\\\/uploads\\\/2026\\\/01\\\/40k-Vape-Waspe-Aiviou-40000-Sour-Apple-Raspberry-Strawberry-Big-Bang-3.webp\",\"width\":1200,\"height\":1200,\"caption\":\"40k Vape Waspe Aiviou 40000 - Sour Apple Raspberry & Strawberry Big Bang (3)\"},{\"@type\":\"BreadcrumbList\",\"@id\":\"https:\\\/\\\/vozolvapen.de\\\/product\\\/40k-vape-waspe-aiviou-40000-sour-apple-raspberry-strawberry-big-bang\\\/#breadcrumb\",\"itemListElement\":[{\"@type\":\"ListItem\",\"position\":1,\"name\":\"Home\",\"item\":\"https:\\\/\\\/vozolvapen.de\\\/de\\\/\"},{\"@type\":\"ListItem\",\"position\":2,\"name\":\"Shop\",\"item\":\"https:\\\/\\\/vozolvapen.de\\\/shop\\\/\"},{\"@type\":\"ListItem\",\"position\":3,\"name\":\"40k Vape Waspe Aiviou 40000 &#8211; Sour Apple Raspberry &#038; Strawberry Big Bang\"}]},{\"@type\":\"WebSite\",\"@id\":\"https:\\\/\\\/vozolvapen.de\\\/#website\",\"url\":\"https:\\\/\\\/vozolvapen.de\\\/\",\"name\":\"vozolvapen\",\"description\":\"vozolvapen\",\"publisher\":{\"@id\":\"https:\\\/\\\/vozolvapen.de\\\/#organization\"},\"potentialAction\":[{\"@type\":\"SearchAction\",\"target\":{\"@type\":\"EntryPoint\",\"urlTemplate\":\"https:\\\/\\\/vozolvapen.de\\\/?s={search_term_string}\"},\"query-input\":{\"@type\":\"PropertyValueSpecification\",\"valueRequired\":true,\"valueName\":\"search_term_string\"}}],\"inLanguage\":\"pl-PL\"},{\"@type\":\"Organization\",\"@id\":\"https:\\\/\\\/vozolvapen.de\\\/#organization\",\"name\":\"vozolvapen\",\"url\":\"https:\\\/\\\/vozolvapen.de\\\/\",\"logo\":{\"@type\":\"ImageObject\",\"inLanguage\":\"pl-PL\",\"@id\":\"https:\\\/\\\/vozolvapen.de\\\/#\\\/schema\\\/logo\\\/image\\\/\",\"url\":\"https:\\\/\\\/vozolvapen.de\\\/wp-content\\\/uploads\\\/2025\\\/12\\\/cropped-vozovapen-logo.webp\",\"contentUrl\":\"https:\\\/\\\/vozolvapen.de\\\/wp-content\\\/uploads\\\/2025\\\/12\\\/cropped-vozovapen-logo.webp\",\"width\":470,\"height\":110,\"caption\":\"vozolvapen\"},\"image\":{\"@id\":\"https:\\\/\\\/vozolvapen.de\\\/#\\\/schema\\\/logo\\\/image\\\/\"}}]}<\/script>\n<!-- \/ Yoast SEO Premium plugin. -->","yoast_head_json":{"title":"Kwa\u015bne jab\u0142ko, malina i s\u0142omka. Big Bang Waspe 40k - vozolvapen","description":"Kup Zesty Sour Apple &amp; Strawberry Big Bang Waspe Aiviou 40000. Waporyzator 2 w 1 o smaku 40k. Wysokowydajna siatka 0,9\u03a9.","robots":{"index":"index","follow":"follow","max-snippet":"max-snippet:-1","max-image-preview":"max-image-preview:large","max-video-preview":"max-video-preview:-1"},"canonical":"https:\/\/vozolvapen.de\/pl\/product\/40k-vape-waspe-aiviou-40000-sour-apple-raspberry-strawberry-big-bang\/","og_locale":"pl_PL","og_type":"article","og_title":"40k Vape Waspe Aiviou 40000 - Sour Apple Raspberry & Strawberry Big Bang","og_description":"Shop the Zesty Sour Apple & Strawberry Big Bang Waspe Aiviou 40000. 2-in-1 flavor 40k vape. High-performance 0.9\u03a9 mesh.","og_url":"https:\/\/vozolvapen.de\/pl\/product\/40k-vape-waspe-aiviou-40000-sour-apple-raspberry-strawberry-big-bang\/","og_site_name":"vozolvapen","article_modified_time":"2026-02-10T10:53:00+00:00","og_image":[{"width":1200,"height":1200,"url":"https:\/\/vozolvapen.de\/wp-content\/uploads\/2026\/01\/40k-Vape-Waspe-Aiviou-40000-Sour-Apple-Raspberry-Strawberry-Big-Bang-3.webp","type":"image\/webp"}],"twitter_card":"summary_large_image","twitter_misc":{"Szacowany czas czytania":"2 minuty"},"schema":{"@context":"https:\/\/schema.org","@graph":[{"@type":"WebPage","@id":"https:\/\/vozolvapen.de\/product\/40k-vape-waspe-aiviou-40000-sour-apple-raspberry-strawberry-big-bang\/","url":"https:\/\/vozolvapen.de\/product\/40k-vape-waspe-aiviou-40000-sour-apple-raspberry-strawberry-big-bang\/","name":"Kwa\u015bne jab\u0142ko, malina i s\u0142omka. Big Bang Waspe 40k - vozolvapen","isPartOf":{"@id":"https:\/\/vozolvapen.de\/#website"},"primaryImageOfPage":{"@id":"https:\/\/vozolvapen.de\/product\/40k-vape-waspe-aiviou-40000-sour-apple-raspberry-strawberry-big-bang\/#primaryimage"},"image":{"@id":"https:\/\/vozolvapen.de\/product\/40k-vape-waspe-aiviou-40000-sour-apple-raspberry-strawberry-big-bang\/#primaryimage"},"thumbnailUrl":"https:\/\/vozolvapen.de\/wp-content\/uploads\/2026\/01\/40k-Vape-Waspe-Aiviou-40000-Sour-Apple-Raspberry-Strawberry-Big-Bang-3.webp","datePublished":"2026-01-06T06:04:13+00:00","dateModified":"2026-02-10T10:53:00+00:00","description":"Kup Zesty Sour Apple &amp; Strawberry Big Bang Waspe Aiviou 40000. Waporyzator 2 w 1 o smaku 40k. Wysokowydajna siatka 0,9\u03a9.","breadcrumb":{"@id":"https:\/\/vozolvapen.de\/product\/40k-vape-waspe-aiviou-40000-sour-apple-raspberry-strawberry-big-bang\/#breadcrumb"},"inLanguage":"pl-PL","potentialAction":[{"@type":"ReadAction","target":["https:\/\/vozolvapen.de\/product\/40k-vape-waspe-aiviou-40000-sour-apple-raspberry-strawberry-big-bang\/"]}]},{"@type":"ImageObject","inLanguage":"pl-PL","@id":"https:\/\/vozolvapen.de\/product\/40k-vape-waspe-aiviou-40000-sour-apple-raspberry-strawberry-big-bang\/#primaryimage","url":"https:\/\/vozolvapen.de\/wp-content\/uploads\/2026\/01\/40k-Vape-Waspe-Aiviou-40000-Sour-Apple-Raspberry-Strawberry-Big-Bang-3.webp","contentUrl":"https:\/\/vozolvapen.de\/wp-content\/uploads\/2026\/01\/40k-Vape-Waspe-Aiviou-40000-Sour-Apple-Raspberry-Strawberry-Big-Bang-3.webp","width":1200,"height":1200,"caption":"40k Vape Waspe Aiviou 40000 - Sour Apple Raspberry & Strawberry Big Bang (3)"},{"@type":"BreadcrumbList","@id":"https:\/\/vozolvapen.de\/product\/40k-vape-waspe-aiviou-40000-sour-apple-raspberry-strawberry-big-bang\/#breadcrumb","itemListElement":[{"@type":"ListItem","position":1,"name":"Home","item":"https:\/\/vozolvapen.de\/de\/"},{"@type":"ListItem","position":2,"name":"Shop","item":"https:\/\/vozolvapen.de\/shop\/"},{"@type":"ListItem","position":3,"name":"40k Vape Waspe Aiviou 40000 &#8211; Sour Apple Raspberry &#038; Strawberry Big Bang"}]},{"@type":"WebSite","@id":"https:\/\/vozolvapen.de\/#website","url":"https:\/\/vozolvapen.de\/","name":"vozolvapen","description":"vozolvapen","publisher":{"@id":"https:\/\/vozolvapen.de\/#organization"},"potentialAction":[{"@type":"SearchAction","target":{"@type":"EntryPoint","urlTemplate":"https:\/\/vozolvapen.de\/?s={search_term_string}"},"query-input":{"@type":"PropertyValueSpecification","valueRequired":true,"valueName":"search_term_string"}}],"inLanguage":"pl-PL"},{"@type":"Organization","@id":"https:\/\/vozolvapen.de\/#organization","name":"vozolvapen","url":"https:\/\/vozolvapen.de\/","logo":{"@type":"ImageObject","inLanguage":"pl-PL","@id":"https:\/\/vozolvapen.de\/#\/schema\/logo\/image\/","url":"https:\/\/vozolvapen.de\/wp-content\/uploads\/2025\/12\/cropped-vozovapen-logo.webp","contentUrl":"https:\/\/vozolvapen.de\/wp-content\/uploads\/2025\/12\/cropped-vozovapen-logo.webp","width":470,"height":110,"caption":"vozolvapen"},"image":{"@id":"https:\/\/vozolvapen.de\/#\/schema\/logo\/image\/"}}]}},"tiered_pricing_type":"fixed","tiered_pricing_fixed_rules":{"30":"12.2","50":"10.2","100":"9.2","200":"8.7"},"tiered_pricing_product_settings":{"layout":"default","base_unit_name":{"singular":null,"plural":null},"default_variation":{}},"tiered_pricing_minimum_quantity":10,"tiered_pricing_roles_data":[],"tiered_pricing_percentage_rules":[],"tiered_pricing_maximum_quantity":null,"tiered_pricing_quantity_step":"10","_links":{"self":[{"href":"http:\/\/vozolvapen.de\/pl\/wp-json\/wp\/v2\/product\/55045","targetHints":{"allow":["GET"]}}],"collection":[{"href":"http:\/\/vozolvapen.de\/pl\/wp-json\/wp\/v2\/product"}],"about":[{"href":"http:\/\/vozolvapen.de\/pl\/wp-json\/wp\/v2\/types\/product"}],"replies":[{"embeddable":true,"href":"http:\/\/vozolvapen.de\/pl\/wp-json\/wp\/v2\/comments?post=55045"}],"wp:featuredmedia":[{"embeddable":true,"href":"http:\/\/vozolvapen.de\/pl\/wp-json\/wp\/v2\/media\/55763"}],"wp:attachment":[{"href":"http:\/\/vozolvapen.de\/pl\/wp-json\/wp\/v2\/media?parent=55045"}],"wp:term":[{"taxonomy":"product_brand","embeddable":true,"href":"http:\/\/vozolvapen.de\/pl\/wp-json\/wp\/v2\/product_brand?post=55045"},{"taxonomy":"product_cat","embeddable":true,"href":"http:\/\/vozolvapen.de\/pl\/wp-json\/wp\/v2\/product_cat?post=55045"},{"taxonomy":"product_tag","embeddable":true,"href":"http:\/\/vozolvapen.de\/pl\/wp-json\/wp\/v2\/product_tag?post=55045"}],"curies":[{"name":"wp","href":"https:\/\/api.w.org\/{rel}","templated":true}]}}