{"id":55472,"date":"2026-01-06T06:04:29","date_gmt":"2026-01-06T06:04:29","guid":{"rendered":"https:\/\/vozolvapen.de\/?post_type=product&#038;p=55472"},"modified":"2026-02-10T10:52:49","modified_gmt":"2026-02-10T10:52:49","slug":"40k-vape-waspe-aiviou-40000-banana-pineapple-ice-red-bull-ice","status":"publish","type":"product","link":"http:\/\/vozolvapen.de\/pl\/product\/40k-vape-waspe-aiviou-40000-banana-pineapple-ice-red-bull-ice\/","title":{"rendered":"40k Vape Waspe Aiviou 40000 - Banana Pineapple Ice &amp; Red Bull Ice"},"content":{"rendered":"<h1 data-path-to-node=\"61\"><b data-path-to-node=\"61\" data-index-in-node=\"0\">Waspe 40k - Tropical Energy (Banana Pineapple &amp; Red Bull)<\/b><\/h1>\n<p data-path-to-node=\"62\">Zapewnij sobie energi\u0119, kt\u00f3rej potrzebujesz i smak, kt\u00f3ry uwielbiasz. To <b data-path-to-node=\"62\" data-index-in-node=\"55\">vaper 40000 zaci\u0105gni\u0119\u0107<\/b> Urz\u0105dzenie jest przeznaczone dla waper\u00f3w o wysokiej intensywno\u015bci, kt\u00f3rzy chc\u0105 kremowej tropikalnej ucieczki w po\u0142\u0105czeniu z ostrym energetycznym \u201czingiem\u201d.\u201d<\/p>\n<h2 data-path-to-node=\"63\"><b data-path-to-node=\"63\" data-index-in-node=\"0\">Narracja smaku<\/b><\/h2>\n<ul data-path-to-node=\"64\">\n<li>\n<p data-path-to-node=\"64,0,0\"><b data-path-to-node=\"64,0,0\" data-index-in-node=\"0\">L\u00f3d bananowo-ananasowy:<\/b> Sch\u0142odzony karaibski koktajl. Kremow\u0105 baz\u0119 bananow\u0105 podkre\u015bla cierpka kwaskowato\u015b\u0107 mro\u017conego ananasa.<\/p>\n<\/li>\n<li>\n<p data-path-to-node=\"64,1,0\"><b data-path-to-node=\"64,1,0\" data-index-in-node=\"0\">Red Bull Ice:<\/b> Doskona\u0142a replika napoju energetycznego. Jest cierpki, zimny i zapewnia orze\u017awiaj\u0105ce doznania przy ka\u017cdym zaci\u0105gni\u0119ciu.<\/p>\n<\/li>\n<\/ul>\n<h2 data-path-to-node=\"65\"><b data-path-to-node=\"65\" data-index-in-node=\"0\">Specyfikacja produktu<\/b><\/h2>\n<ul data-path-to-node=\"66\">\n<li>\n<p data-path-to-node=\"66,0,0\"><b data-path-to-node=\"66,0,0\" data-index-in-node=\"0\">Wy\u015bwietlacz:<\/b> Inteligentny monitor LED akumulatora\/oleju<\/p>\n<\/li>\n<li>\n<p data-path-to-node=\"66,1,0\"><b data-path-to-node=\"66,1,0\" data-index-in-node=\"0\">Cewka:<\/b> Podw\u00f3jna siatka 0,9\u03a9<\/p>\n<\/li>\n<li>\n<p data-path-to-node=\"66,2,0\"><b data-path-to-node=\"66,2,0\" data-index-in-node=\"0\">Rozmiar:<\/b> 61<i data-path-to-node=\"66,2,0\" data-index-in-node=\"8\">31<\/i>115 mm<\/p>\n<\/li>\n<\/ul>\n<h2 data-path-to-node=\"22\">Dla kogo to jest?<\/h2>\n<ul>\n<li>\n<p data-path-to-node=\"38,0,0\"><b data-path-to-node=\"38,0,0\" data-index-in-node=\"0\">The Performance Vaper:<\/b> Idealny dla os\u00f3b chodz\u0105cych na si\u0142owni\u0119 lub graczy, kt\u00f3rzy chc\u0105 ostrego, zimnego, energetyzuj\u0105cego smaku, aby utrzyma\u0107 koncentracj\u0119 i orze\u017awienie.<\/p>\n<\/li>\n<li>\n<p data-path-to-node=\"38,1,0\"><b data-path-to-node=\"38,1,0\" data-index-in-node=\"0\">Kremowy vs. Ostry:<\/b> Dla tych, kt\u00f3rzy uwielbiaj\u0105 kremow\u0105 konsystencj\u0119 banana, ale chc\u0105 opcji ostrego napoju energetycznego.<\/p>\n<\/li>\n<\/ul>\n<h2 data-path-to-node=\"12\">40k Vape Waspe Aiviou 40000 FAQ<\/h2>\n<h3 data-path-to-node=\"91,0,0\"><b data-path-to-node=\"91,0,0\" data-index-in-node=\"0\">P: Jak zmieni\u0107 smaki w Waspe Aiviou 40000?<\/b><\/h3>\n<p data-path-to-node=\"91,0,1,0,0\">O: Na urz\u0105dzeniu znajduje si\u0119 fizyczny prze\u0142\u0105cznik, kt\u00f3ry umo\u017cliwia natychmiastow\u0105 zmian\u0119 mi\u0119dzy dwoma zbiornikami o pojemno\u015bci 18 ml.<\/p>\n<h3 data-path-to-node=\"91,0,1,0,0\"><b data-path-to-node=\"91,1,0\" data-index-in-node=\"0\">P: Czy liczba 40 000 puff\u00f3w jest prawdziwa?<\/b><\/h3>\n<p data-path-to-node=\"91,1,1,0,0\">O: Tak, dzi\u0119ki ogromnej <b data-path-to-node=\"91,1,1,0,0\" data-index-in-node=\"30\">Zbiornik o pojemno\u015bci 36 ml<\/b> i wydajny <b data-path-to-node=\"91,1,1,0,0\" data-index-in-node=\"59\">Cewki z podw\u00f3jn\u0105 siatk\u0105<\/b>, To urz\u0105dzenie zosta\u0142o zaprojektowane tak, aby osi\u0105gn\u0105\u0107 40 000 zaci\u0105gni\u0119\u0107 w standardowych warunkach u\u017cytkowania.<\/p>\n<h3 data-path-to-node=\"91,2,0\"><b data-path-to-node=\"91,2,0\" data-index-in-node=\"0\">P: Czy mog\u0119 na\u0142adowa\u0107 to pi\u00f3ro vape?<\/b><\/h3>\n<p data-path-to-node=\"91,2,1,0,0\">O: Tak, jest wyposa\u017cony w <b data-path-to-node=\"91,2,1,0,0\" data-index-in-node=\"22\">Port \u0142adowania typu C<\/b> do szybkiego uzupe\u0142niania baterii o pojemno\u015bci 650 mAh.<\/p>\n<h3 data-path-to-node=\"77\"><b data-path-to-node=\"77\" data-index-in-node=\"0\">Dalsze zalecenia:<\/b><\/h3>\n<p data-path-to-node=\"78\">Odkryj jeszcze wi\u0119cej niesamowitych smak\u00f3w dzi\u0119ki <strong>40k Vape Waspe Aiviou 40000<\/strong>!<\/p>\n<p data-path-to-node=\"79\"><a class=\"ng-star-inserted\" href=\"https:\/\/vozolvapen.de\/pl\/product-category\/waspe-vape\/40k-vape-waspe-aiviou-40000-2-in-1\/\" target=\"_blank\" rel=\"noopener noreferrer nofollow\" data-hveid=\"0\" data-ved=\"0CAAQ_4QMahgKEwjxyYqx9_CRAxUAAAAAHQAAAAAQ9wE\">Zobacz wszystkie odmiany tutaj \u2192<\/a><\/p>\n<p data-path-to-node=\"80\">Zapoznaj si\u0119 z nasz\u0105 pe\u0142n\u0105 kolekcj\u0105 i kupuj produkty najlepszych marek vape, kt\u00f3re pokochasz.<\/p>\n<p data-path-to-node=\"81\"><a class=\"ng-star-inserted\" href=\"https:\/\/vozolvapen.de\/pl\/\" target=\"_blank\" rel=\"noopener noreferrer nofollow\" data-hveid=\"0\" data-ved=\"0CAAQ_4QMahgKEwjxyYqx9_CRAxUAAAAAHQAAAAAQ-AE\">Przegl\u0105daj teraz wszystkie marki \u2192<\/a><\/p>\n<p data-path-to-node=\"82\">Sprawd\u017a ca\u0142o\u015b\u0107\u00a0<b data-path-to-node=\"82\" data-index-in-node=\"23\">Waspe Aiviou<\/b>\u00a0Seria - ka\u017cdy smak, ka\u017cdy styl!<\/p>\n<p data-path-to-node=\"83\"><a class=\"ng-star-inserted\" href=\"https:\/\/vozolvapen.de\/pl\/product-category\/waspe-vape\/\" target=\"_blank\" rel=\"noopener noreferrer nofollow\" data-hveid=\"0\" data-ved=\"0CAAQ_4QMahgKEwjxyYqx9_CRAxUAAAAAHQAAAAAQ-QE\">Zobacz pe\u0142n\u0105 kolekcj\u0119 Waspe \u2192<\/a><\/p>","protected":false},"excerpt":{"rendered":"<p><b data-path-to-node=\"3,18,4,0\" data-index-in-node=\"0\">Wysokooktanowe tropiki.<\/b> Kremowy ananasowo-bananowy mr\u00f3z po\u0142\u0105czony z ostrym, lodowatym uderzeniem napoju energetycznego. Idealny dla aktywnych <b data-path-to-node=\"3,18,4,0\" data-index-in-node=\"119\">40k vape<\/b> u\u017cytkownik.<\/p>","protected":false},"featured_media":55776,"comment_status":"open","ping_status":"closed","template":"","meta":{"_acf_changed":false},"product_brand":[],"product_cat":[109,134],"product_tag":[],"class_list":{"0":"post-55472","1":"product","2":"type-product","3":"status-publish","4":"has-post-thumbnail","6":"product_cat-40k-vape-waspe-aiviou-40000-2-in-1","7":"product_cat-eu-warehouse-in-stock","9":"first","10":"instock","11":"shipping-taxable","12":"purchasable","13":"product-type-variable"},"acf":[],"yoast_head":"<!-- This site is optimized with the Yoast SEO Premium plugin v26.1 (Yoast SEO v27.5) - https:\/\/yoast.com\/product\/yoast-seo-premium-wordpress\/ -->\n<title>Banana Pineapple &amp; Red Bull Ice Waspe 40000 - vozolvapen<\/title>\n<meta name=\"description\" content=\"Get energized with Banana Pineapple &amp; Red Bull Ice Waspe Aiviou 40000. 40k vaper puffs. Type-C fast charging.\" \/>\n<meta name=\"robots\" content=\"index, follow, max-snippet:-1, max-image-preview:large, max-video-preview:-1\" \/>\n<link rel=\"canonical\" href=\"https:\/\/vozolvapen.de\/pl\/product\/40k-vape-waspe-aiviou-40000-banana-pineapple-ice-red-bull-ice\/\" \/>\n<meta property=\"og:locale\" content=\"pl_PL\" \/>\n<meta property=\"og:type\" content=\"article\" \/>\n<meta property=\"og:title\" content=\"40k Vape Waspe Aiviou 40000 - Banana Pineapple Ice &amp; Red Bull Ice\" \/>\n<meta property=\"og:description\" content=\"Get energized with Banana Pineapple &amp; Red Bull Ice Waspe Aiviou 40000. 40k vaper puffs. Type-C fast charging.\" \/>\n<meta property=\"og:url\" content=\"https:\/\/vozolvapen.de\/pl\/product\/40k-vape-waspe-aiviou-40000-banana-pineapple-ice-red-bull-ice\/\" \/>\n<meta property=\"og:site_name\" content=\"vozolvapen\" \/>\n<meta property=\"article:modified_time\" content=\"2026-02-10T10:52:49+00:00\" \/>\n<meta property=\"og:image\" content=\"https:\/\/vozolvapen.de\/wp-content\/uploads\/2026\/01\/40k-Vape-Waspe-Aiviou-40000-Banana-Pineapple-Ice-Red-Bull-Ice-3.webp\" \/>\n\t<meta property=\"og:image:width\" content=\"1200\" \/>\n\t<meta property=\"og:image:height\" content=\"1200\" \/>\n\t<meta property=\"og:image:type\" content=\"image\/webp\" \/>\n<meta name=\"twitter:card\" content=\"summary_large_image\" \/>\n<meta name=\"twitter:label1\" content=\"Szacowany czas czytania\" \/>\n\t<meta name=\"twitter:data1\" content=\"2 minuty\" \/>\n<script type=\"application\/ld+json\" class=\"yoast-schema-graph\">{\"@context\":\"https:\\\/\\\/schema.org\",\"@graph\":[{\"@type\":\"WebPage\",\"@id\":\"https:\\\/\\\/vozolvapen.de\\\/product\\\/40k-vape-waspe-aiviou-40000-banana-pineapple-ice-red-bull-ice\\\/\",\"url\":\"https:\\\/\\\/vozolvapen.de\\\/product\\\/40k-vape-waspe-aiviou-40000-banana-pineapple-ice-red-bull-ice\\\/\",\"name\":\"Banana Pineapple & Red Bull Ice Waspe 40000 - vozolvapen\",\"isPartOf\":{\"@id\":\"https:\\\/\\\/vozolvapen.de\\\/#website\"},\"primaryImageOfPage\":{\"@id\":\"https:\\\/\\\/vozolvapen.de\\\/product\\\/40k-vape-waspe-aiviou-40000-banana-pineapple-ice-red-bull-ice\\\/#primaryimage\"},\"image\":{\"@id\":\"https:\\\/\\\/vozolvapen.de\\\/product\\\/40k-vape-waspe-aiviou-40000-banana-pineapple-ice-red-bull-ice\\\/#primaryimage\"},\"thumbnailUrl\":\"https:\\\/\\\/vozolvapen.de\\\/wp-content\\\/uploads\\\/2026\\\/01\\\/40k-Vape-Waspe-Aiviou-40000-Banana-Pineapple-Ice-Red-Bull-Ice-3.webp\",\"datePublished\":\"2026-01-06T06:04:29+00:00\",\"dateModified\":\"2026-02-10T10:52:49+00:00\",\"description\":\"Get energized with Banana Pineapple & Red Bull Ice Waspe Aiviou 40000. 40k vaper puffs. Type-C fast charging.\",\"breadcrumb\":{\"@id\":\"https:\\\/\\\/vozolvapen.de\\\/product\\\/40k-vape-waspe-aiviou-40000-banana-pineapple-ice-red-bull-ice\\\/#breadcrumb\"},\"inLanguage\":\"pl-PL\",\"potentialAction\":[{\"@type\":\"ReadAction\",\"target\":[\"https:\\\/\\\/vozolvapen.de\\\/product\\\/40k-vape-waspe-aiviou-40000-banana-pineapple-ice-red-bull-ice\\\/\"]}]},{\"@type\":\"ImageObject\",\"inLanguage\":\"pl-PL\",\"@id\":\"https:\\\/\\\/vozolvapen.de\\\/product\\\/40k-vape-waspe-aiviou-40000-banana-pineapple-ice-red-bull-ice\\\/#primaryimage\",\"url\":\"https:\\\/\\\/vozolvapen.de\\\/wp-content\\\/uploads\\\/2026\\\/01\\\/40k-Vape-Waspe-Aiviou-40000-Banana-Pineapple-Ice-Red-Bull-Ice-3.webp\",\"contentUrl\":\"https:\\\/\\\/vozolvapen.de\\\/wp-content\\\/uploads\\\/2026\\\/01\\\/40k-Vape-Waspe-Aiviou-40000-Banana-Pineapple-Ice-Red-Bull-Ice-3.webp\",\"width\":1200,\"height\":1200,\"caption\":\"40k Vape Waspe Aiviou 40000 - Banana Pineapple Ice & Red Bull Ice (3)\"},{\"@type\":\"BreadcrumbList\",\"@id\":\"https:\\\/\\\/vozolvapen.de\\\/product\\\/40k-vape-waspe-aiviou-40000-banana-pineapple-ice-red-bull-ice\\\/#breadcrumb\",\"itemListElement\":[{\"@type\":\"ListItem\",\"position\":1,\"name\":\"Home\",\"item\":\"https:\\\/\\\/vozolvapen.de\\\/de\\\/\"},{\"@type\":\"ListItem\",\"position\":2,\"name\":\"Shop\",\"item\":\"https:\\\/\\\/vozolvapen.de\\\/shop\\\/\"},{\"@type\":\"ListItem\",\"position\":3,\"name\":\"40k Vape Waspe Aiviou 40000 &#8211; Banana Pineapple Ice &#038; Red Bull Ice\"}]},{\"@type\":\"WebSite\",\"@id\":\"https:\\\/\\\/vozolvapen.de\\\/#website\",\"url\":\"https:\\\/\\\/vozolvapen.de\\\/\",\"name\":\"vozolvapen\",\"description\":\"vozolvapen\",\"publisher\":{\"@id\":\"https:\\\/\\\/vozolvapen.de\\\/#organization\"},\"potentialAction\":[{\"@type\":\"SearchAction\",\"target\":{\"@type\":\"EntryPoint\",\"urlTemplate\":\"https:\\\/\\\/vozolvapen.de\\\/?s={search_term_string}\"},\"query-input\":{\"@type\":\"PropertyValueSpecification\",\"valueRequired\":true,\"valueName\":\"search_term_string\"}}],\"inLanguage\":\"pl-PL\"},{\"@type\":\"Organization\",\"@id\":\"https:\\\/\\\/vozolvapen.de\\\/#organization\",\"name\":\"vozolvapen\",\"url\":\"https:\\\/\\\/vozolvapen.de\\\/\",\"logo\":{\"@type\":\"ImageObject\",\"inLanguage\":\"pl-PL\",\"@id\":\"https:\\\/\\\/vozolvapen.de\\\/#\\\/schema\\\/logo\\\/image\\\/\",\"url\":\"https:\\\/\\\/vozolvapen.de\\\/wp-content\\\/uploads\\\/2025\\\/12\\\/cropped-vozovapen-logo.webp\",\"contentUrl\":\"https:\\\/\\\/vozolvapen.de\\\/wp-content\\\/uploads\\\/2025\\\/12\\\/cropped-vozovapen-logo.webp\",\"width\":470,\"height\":110,\"caption\":\"vozolvapen\"},\"image\":{\"@id\":\"https:\\\/\\\/vozolvapen.de\\\/#\\\/schema\\\/logo\\\/image\\\/\"}}]}<\/script>\n<!-- \/ Yoast SEO Premium plugin. -->","yoast_head_json":{"title":"Banana Pineapple &amp; Red Bull Ice Waspe 40000 - vozolvapen","description":"Dodaj sobie energii dzi\u0119ki Banana Pineapple &amp; Red Bull Ice Waspe Aiviou 40000. 40 tys. zaci\u0105gni\u0119\u0107. Szybkie \u0142adowanie typu C.","robots":{"index":"index","follow":"follow","max-snippet":"max-snippet:-1","max-image-preview":"max-image-preview:large","max-video-preview":"max-video-preview:-1"},"canonical":"https:\/\/vozolvapen.de\/pl\/product\/40k-vape-waspe-aiviou-40000-banana-pineapple-ice-red-bull-ice\/","og_locale":"pl_PL","og_type":"article","og_title":"40k Vape Waspe Aiviou 40000 - Banana Pineapple Ice & Red Bull Ice","og_description":"Get energized with Banana Pineapple & Red Bull Ice Waspe Aiviou 40000. 40k vaper puffs. Type-C fast charging.","og_url":"https:\/\/vozolvapen.de\/pl\/product\/40k-vape-waspe-aiviou-40000-banana-pineapple-ice-red-bull-ice\/","og_site_name":"vozolvapen","article_modified_time":"2026-02-10T10:52:49+00:00","og_image":[{"width":1200,"height":1200,"url":"https:\/\/vozolvapen.de\/wp-content\/uploads\/2026\/01\/40k-Vape-Waspe-Aiviou-40000-Banana-Pineapple-Ice-Red-Bull-Ice-3.webp","type":"image\/webp"}],"twitter_card":"summary_large_image","twitter_misc":{"Szacowany czas czytania":"2 minuty"},"schema":{"@context":"https:\/\/schema.org","@graph":[{"@type":"WebPage","@id":"https:\/\/vozolvapen.de\/product\/40k-vape-waspe-aiviou-40000-banana-pineapple-ice-red-bull-ice\/","url":"https:\/\/vozolvapen.de\/product\/40k-vape-waspe-aiviou-40000-banana-pineapple-ice-red-bull-ice\/","name":"Banana Pineapple &amp; Red Bull Ice Waspe 40000 - vozolvapen","isPartOf":{"@id":"https:\/\/vozolvapen.de\/#website"},"primaryImageOfPage":{"@id":"https:\/\/vozolvapen.de\/product\/40k-vape-waspe-aiviou-40000-banana-pineapple-ice-red-bull-ice\/#primaryimage"},"image":{"@id":"https:\/\/vozolvapen.de\/product\/40k-vape-waspe-aiviou-40000-banana-pineapple-ice-red-bull-ice\/#primaryimage"},"thumbnailUrl":"https:\/\/vozolvapen.de\/wp-content\/uploads\/2026\/01\/40k-Vape-Waspe-Aiviou-40000-Banana-Pineapple-Ice-Red-Bull-Ice-3.webp","datePublished":"2026-01-06T06:04:29+00:00","dateModified":"2026-02-10T10:52:49+00:00","description":"Dodaj sobie energii dzi\u0119ki Banana Pineapple &amp; Red Bull Ice Waspe Aiviou 40000. 40 tys. zaci\u0105gni\u0119\u0107. Szybkie \u0142adowanie typu C.","breadcrumb":{"@id":"https:\/\/vozolvapen.de\/product\/40k-vape-waspe-aiviou-40000-banana-pineapple-ice-red-bull-ice\/#breadcrumb"},"inLanguage":"pl-PL","potentialAction":[{"@type":"ReadAction","target":["https:\/\/vozolvapen.de\/product\/40k-vape-waspe-aiviou-40000-banana-pineapple-ice-red-bull-ice\/"]}]},{"@type":"ImageObject","inLanguage":"pl-PL","@id":"https:\/\/vozolvapen.de\/product\/40k-vape-waspe-aiviou-40000-banana-pineapple-ice-red-bull-ice\/#primaryimage","url":"https:\/\/vozolvapen.de\/wp-content\/uploads\/2026\/01\/40k-Vape-Waspe-Aiviou-40000-Banana-Pineapple-Ice-Red-Bull-Ice-3.webp","contentUrl":"https:\/\/vozolvapen.de\/wp-content\/uploads\/2026\/01\/40k-Vape-Waspe-Aiviou-40000-Banana-Pineapple-Ice-Red-Bull-Ice-3.webp","width":1200,"height":1200,"caption":"40k Vape Waspe Aiviou 40000 - Banana Pineapple Ice & Red Bull Ice (3)"},{"@type":"BreadcrumbList","@id":"https:\/\/vozolvapen.de\/product\/40k-vape-waspe-aiviou-40000-banana-pineapple-ice-red-bull-ice\/#breadcrumb","itemListElement":[{"@type":"ListItem","position":1,"name":"Home","item":"https:\/\/vozolvapen.de\/de\/"},{"@type":"ListItem","position":2,"name":"Shop","item":"https:\/\/vozolvapen.de\/shop\/"},{"@type":"ListItem","position":3,"name":"40k Vape Waspe Aiviou 40000 &#8211; Banana Pineapple Ice &#038; Red Bull Ice"}]},{"@type":"WebSite","@id":"https:\/\/vozolvapen.de\/#website","url":"https:\/\/vozolvapen.de\/","name":"vozolvapen","description":"vozolvapen","publisher":{"@id":"https:\/\/vozolvapen.de\/#organization"},"potentialAction":[{"@type":"SearchAction","target":{"@type":"EntryPoint","urlTemplate":"https:\/\/vozolvapen.de\/?s={search_term_string}"},"query-input":{"@type":"PropertyValueSpecification","valueRequired":true,"valueName":"search_term_string"}}],"inLanguage":"pl-PL"},{"@type":"Organization","@id":"https:\/\/vozolvapen.de\/#organization","name":"vozolvapen","url":"https:\/\/vozolvapen.de\/","logo":{"@type":"ImageObject","inLanguage":"pl-PL","@id":"https:\/\/vozolvapen.de\/#\/schema\/logo\/image\/","url":"https:\/\/vozolvapen.de\/wp-content\/uploads\/2025\/12\/cropped-vozovapen-logo.webp","contentUrl":"https:\/\/vozolvapen.de\/wp-content\/uploads\/2025\/12\/cropped-vozovapen-logo.webp","width":470,"height":110,"caption":"vozolvapen"},"image":{"@id":"https:\/\/vozolvapen.de\/#\/schema\/logo\/image\/"}}]}},"tiered_pricing_type":"fixed","tiered_pricing_fixed_rules":{"30":"12.2","50":"10.2","100":"9.2","200":"8.7"},"tiered_pricing_product_settings":{"layout":"default","base_unit_name":{"singular":null,"plural":null},"default_variation":{}},"tiered_pricing_minimum_quantity":10,"tiered_pricing_roles_data":[],"tiered_pricing_percentage_rules":[],"tiered_pricing_maximum_quantity":null,"tiered_pricing_quantity_step":"10","_links":{"self":[{"href":"http:\/\/vozolvapen.de\/pl\/wp-json\/wp\/v2\/product\/55472","targetHints":{"allow":["GET"]}}],"collection":[{"href":"http:\/\/vozolvapen.de\/pl\/wp-json\/wp\/v2\/product"}],"about":[{"href":"http:\/\/vozolvapen.de\/pl\/wp-json\/wp\/v2\/types\/product"}],"replies":[{"embeddable":true,"href":"http:\/\/vozolvapen.de\/pl\/wp-json\/wp\/v2\/comments?post=55472"}],"wp:featuredmedia":[{"embeddable":true,"href":"http:\/\/vozolvapen.de\/pl\/wp-json\/wp\/v2\/media\/55776"}],"wp:attachment":[{"href":"http:\/\/vozolvapen.de\/pl\/wp-json\/wp\/v2\/media?parent=55472"}],"wp:term":[{"taxonomy":"product_brand","embeddable":true,"href":"http:\/\/vozolvapen.de\/pl\/wp-json\/wp\/v2\/product_brand?post=55472"},{"taxonomy":"product_cat","embeddable":true,"href":"http:\/\/vozolvapen.de\/pl\/wp-json\/wp\/v2\/product_cat?post=55472"},{"taxonomy":"product_tag","embeddable":true,"href":"http:\/\/vozolvapen.de\/pl\/wp-json\/wp\/v2\/product_tag?post=55472"}],"curies":[{"name":"wp","href":"https:\/\/api.w.org\/{rel}","templated":true}]}}