{"id":56110,"date":"2026-01-07T05:21:42","date_gmt":"2026-01-07T05:21:42","guid":{"rendered":"https:\/\/vozolvapen.de\/?post_type=product&#038;p=56110"},"modified":"2026-02-10T10:52:27","modified_gmt":"2026-02-10T10:52:27","slug":"razz-bar-60000-60k-puffs-lemon-peach-passion-fruit","status":"publish","type":"product","link":"http:\/\/vozolvapen.de\/pl\/product\/razz-bar-60000-60k-puffs-lemon-peach-passion-fruit\/","title":{"rendered":"Razz Bar 60000 60k puff\u00f3w - Lemon peach passion fruit"},"content":{"rendered":"<h1 data-path-to-node=\"68\"><b data-path-to-node=\"68\" data-index-in-node=\"0\">Razz Bar 60000 \u2013 Lemon Peach Passion Fruit<\/b><\/h1>\n<p data-path-to-node=\"69\">Experience a triple-layered masterpiece with the <b data-path-to-node=\"69\" data-index-in-node=\"49\">Razz Bar 60000 Lemon Peach Passion Fruit<\/b>. This <b data-path-to-node=\"69\" data-index-in-node=\"96\">Razz Bar 60k Vape<\/b> combines zesty citrus, floral peach, and exotic passion fruit for a sophisticated and zingy exhale.<\/p>\n<h2 data-path-to-node=\"70\"><b data-path-to-node=\"70\" data-index-in-node=\"0\">Flavors Ratings \u2013 Lemon Peach Passion Fruit<\/b><\/h2>\n<ul data-path-to-node=\"71\">\n<li>\n<p data-path-to-node=\"71,0,0\"><b data-path-to-node=\"71,0,0\" data-index-in-node=\"0\">Sweetness:<\/b> \u2605\u2605\u2605\u2606\u2606<\/p>\n<\/li>\n<li>\n<p data-path-to-node=\"71,1,0\"><b data-path-to-node=\"71,1,0\" data-index-in-node=\"0\">Ice Level:<\/b> \u2605\u2605\u2606\u2606\u2606<\/p>\n<\/li>\n<li>\n<p data-path-to-node=\"71,2,0\"><b data-path-to-node=\"71,2,0\" data-index-in-node=\"0\">Aroma:<\/b> \u2605\u2605\u2605\u2605\u2605<\/p>\n<\/li>\n<li>\n<p data-path-to-node=\"71,3,0\"><b data-path-to-node=\"71,3,0\" data-index-in-node=\"0\">Flavor Verdict:<\/b> Aromatic and exotic. The passion fruit adds a sharp depth that elevates the sweet peach and tart lemon.<\/p>\n<\/li>\n<\/ul>\n<h2 data-path-to-node=\"72\"><b data-path-to-node=\"72\" data-index-in-node=\"0\">\ud83c\udfaf Who is this for?<\/b><\/h2>\n<ul data-path-to-node=\"73\">\n<li>\n<p data-path-to-node=\"73,0,0\"><b data-path-to-node=\"73,0,0\" data-index-in-node=\"0\">Flavor Connoisseurs:<\/b> Those who enjoy complex, multi-layered &#8220;cocktail&#8221; style vapes.<\/p>\n<\/li>\n<li>\n<p data-path-to-node=\"73,1,0\"><b data-path-to-node=\"73,1,0\" data-index-in-node=\"0\">Zest Seekers:<\/b> Ideal if you love a citrus &#8220;spark&#8221; combined with floral notes.<\/p>\n<\/li>\n<li>\n<p data-path-to-node=\"73,2,0\"><b data-path-to-node=\"73,2,0\" data-index-in-node=\"0\">The Sophisticated Vaper:<\/b> For those looking for a premium, non-traditional fruit experience.<\/p>\n<\/li>\n<\/ul>\n<h2><strong>Razz Bar 60000 60k puffs <\/strong><strong>Video\uff1a<\/strong><\/h2>\n<p><iframe title=\"Razz Bar 60000 60k puffs Crystal\" src=\"https:\/\/player.vimeo.com\/video\/1152116198?badge=0&amp;autopause=0&amp;player_id=0&amp;app_id=58479\" width=\"400\" height=\"711\" frameborder=\"0\"><\/iframe><\/p>\n<h2 data-path-to-node=\"8\"><b data-path-to-node=\"8\" data-index-in-node=\"0\">Razz Bar 60000 60k puffs Specifications<\/b><\/h2>\n<ul data-path-to-node=\"46\">\n<li>\n<p data-path-to-node=\"46,0,0\"><b data-path-to-node=\"46,0,0\" data-index-in-node=\"0\">Flavor:<\/b> Triple Tropical Zest<\/p>\n<\/li>\n<li>\n<p data-path-to-node=\"46,1,0\"><b data-path-to-node=\"46,1,0\" data-index-in-node=\"0\">Series:<\/b> Razz Bar 60k<\/p>\n<\/li>\n<li>\n<p data-path-to-node=\"46,2,0\"><b data-path-to-node=\"46,2,0\" data-index-in-node=\"0\">Tank:<\/b> 30ML Large Pod Capacity<\/p>\n<\/li>\n<li>\n<p data-path-to-node=\"46,3,0\"><b data-path-to-node=\"46,3,0\" data-index-in-node=\"0\">Coil:<\/b> 1.0\u03a9 Mesh (Smooth Airflow)<\/p>\n<\/li>\n<li>\n<p data-path-to-node=\"46,4,0\"><b data-path-to-node=\"46,4,0\" data-index-in-node=\"0\">Screen:<\/b> LED Power &amp; Oil Indicator<\/p>\n<\/li>\n<li>\n<p data-path-to-node=\"46,5,0\"><b data-path-to-node=\"46,5,0\" data-index-in-node=\"0\">Nicotine:<\/b> 2% \/ 5% Salt Nic<\/p>\n<\/li>\n<\/ul>\n<h2 data-path-to-node=\"47\"><b data-path-to-node=\"47\" data-index-in-node=\"0\">\ud83c\udfaf Who is the Razz Bar 60000 for?<\/b><\/h2>\n<ul data-path-to-node=\"48\">\n<li>\n<p data-path-to-node=\"48,0,0\"><b data-path-to-node=\"48,0,0\" data-index-in-node=\"0\">The Flavor Connoisseur:<\/b> For the vaper who enjoys complex, multi-layered notes that change from the inhale to the exhale.<\/p>\n<\/li>\n<li>\n<p data-path-to-node=\"48,1,0\"><b data-path-to-node=\"48,1,0\" data-index-in-node=\"0\">The &#8220;Power User&#8221;:<\/b> Those who hate the &#8220;flavor drop-off&#8221; in smaller disposables. The Razz Bar 60k keeps the taste sharp until the end.<\/p>\n<\/li>\n<\/ul>\n<h3 data-path-to-node=\"12\"><b data-path-to-node=\"12\" data-index-in-node=\"0\">Here are further recommendations for you:<\/b><\/h3>\n<p data-path-to-node=\"12\">Discover even more incredible flavors with the <b data-path-to-node=\"12\" data-index-in-node=\"89\">Razz Bar 60000 puff<\/b> Vape!<\/p>\n<p data-path-to-node=\"12\"><a href=\"https:\/\/vozolvapen.de\/product-category\/razz-bar\/razz-bar-60000-60k-puffs-crystal\" target=\"_blank\" rel=\"noopener noreferrer nofollow\">[View all varieties here \u2192] <\/a><\/p>\n<p data-path-to-node=\"12\">Explore our full collection and shop top vape brands you\u2019ll love.<\/p>\n<p data-path-to-node=\"12\"><a href=\"https:\/\/vozolvapen.de\/\" target=\"_blank\" rel=\"noopener noreferrer nofollow\">[Browse all brands now \u2192] <\/a><\/p>\n<p data-path-to-node=\"12\">Check out the complete <b data-path-to-node=\"12\" data-index-in-node=\"258\">Razz Bar<\/b> series \u2014 every flavor, every style!<\/p>\n<p data-path-to-node=\"12\"><a href=\"https:\/\/vozolvapen.de\/product-category\/razz-bar\" target=\"_blank\" rel=\"noopener noreferrer nofollow\"> [See the full Razz Bar collection \u2192]<\/a><\/p>\n","protected":false},"excerpt":{"rendered":"<p>Wyrafinowana mieszanka pikantnej cytryny, s\u0142odkiej brzoskwini i egzotycznej marakui. Z\u0142o\u017cony <b data-path-to-node=\"3,8,4,0\" data-index-in-node=\"87\">Razz Bar 60000 Vape<\/b> do\u015bwiadczenie stworzone dla koneser\u00f3w smaku.<\/p>","protected":false},"featured_media":56438,"comment_status":"open","ping_status":"closed","template":"","meta":{"_acf_changed":false},"product_brand":[],"product_cat":[134,111],"product_tag":[],"class_list":{"0":"post-56110","1":"product","2":"type-product","3":"status-publish","4":"has-post-thumbnail","6":"product_cat-eu-warehouse-in-stock","7":"product_cat-razz-bar-60000-60k-puffs-crystal","9":"first","10":"instock","11":"shipping-taxable","12":"purchasable","13":"product-type-variable"},"acf":[],"yoast_head":"<!-- This site is optimized with the Yoast SEO Premium plugin v26.1 (Yoast SEO v27.5) - https:\/\/yoast.com\/product\/yoast-seo-premium-wordpress\/ -->\n<title>Lemon Peach Passion Fruit | Razz Bar 60000 | 60k Vape - vozolvapen<\/title>\n<meta name=\"description\" content=\"Experience Lemon Peach Passion Fruit Razz Bar 60k puff. A tropical triple-threat with 60000 puffs &amp; LED screen. Order from our EU warehouse.\" \/>\n<meta name=\"robots\" content=\"index, follow, max-snippet:-1, max-image-preview:large, max-video-preview:-1\" \/>\n<link rel=\"canonical\" href=\"https:\/\/vozolvapen.de\/pl\/product\/razz-bar-60000-60k-puffs-lemon-peach-passion-fruit\/\" \/>\n<meta property=\"og:locale\" content=\"pl_PL\" \/>\n<meta property=\"og:type\" content=\"article\" \/>\n<meta property=\"og:title\" content=\"Razz Bar 60000 60k puffs - Lemon peach passion fruit\" \/>\n<meta property=\"og:description\" content=\"Experience Lemon Peach Passion Fruit Razz Bar 60k puff. A tropical triple-threat with 60000 puffs &amp; LED screen. Order from our EU warehouse.\" \/>\n<meta property=\"og:url\" content=\"https:\/\/vozolvapen.de\/pl\/product\/razz-bar-60000-60k-puffs-lemon-peach-passion-fruit\/\" \/>\n<meta property=\"og:site_name\" content=\"vozolvapen\" \/>\n<meta property=\"article:modified_time\" content=\"2026-02-10T10:52:27+00:00\" \/>\n<meta property=\"og:image\" content=\"https:\/\/vozolvapen.de\/wp-content\/uploads\/2026\/01\/Razz-Bar-60000-60k-puffs-Lemon-peach-passion-fruit.webp\" \/>\n\t<meta property=\"og:image:width\" content=\"1200\" \/>\n\t<meta property=\"og:image:height\" content=\"1200\" \/>\n\t<meta property=\"og:image:type\" content=\"image\/webp\" \/>\n<meta name=\"twitter:card\" content=\"summary_large_image\" \/>\n<meta name=\"twitter:label1\" content=\"Szacowany czas czytania\" \/>\n\t<meta name=\"twitter:data1\" content=\"2 minuty\" \/>\n<script type=\"application\/ld+json\" class=\"yoast-schema-graph\">{\"@context\":\"https:\\\/\\\/schema.org\",\"@graph\":[{\"@type\":\"WebPage\",\"@id\":\"https:\\\/\\\/vozolvapen.de\\\/product\\\/razz-bar-60000-60k-puffs-lemon-peach-passion-fruit\\\/\",\"url\":\"https:\\\/\\\/vozolvapen.de\\\/product\\\/razz-bar-60000-60k-puffs-lemon-peach-passion-fruit\\\/\",\"name\":\"Lemon Peach Passion Fruit | Razz Bar 60000 | 60k Vape - vozolvapen\",\"isPartOf\":{\"@id\":\"https:\\\/\\\/vozolvapen.de\\\/#website\"},\"primaryImageOfPage\":{\"@id\":\"https:\\\/\\\/vozolvapen.de\\\/product\\\/razz-bar-60000-60k-puffs-lemon-peach-passion-fruit\\\/#primaryimage\"},\"image\":{\"@id\":\"https:\\\/\\\/vozolvapen.de\\\/product\\\/razz-bar-60000-60k-puffs-lemon-peach-passion-fruit\\\/#primaryimage\"},\"thumbnailUrl\":\"https:\\\/\\\/vozolvapen.de\\\/wp-content\\\/uploads\\\/2026\\\/01\\\/Razz-Bar-60000-60k-puffs-Lemon-peach-passion-fruit.webp\",\"datePublished\":\"2026-01-07T05:21:42+00:00\",\"dateModified\":\"2026-02-10T10:52:27+00:00\",\"description\":\"Experience Lemon Peach Passion Fruit Razz Bar 60k puff. A tropical triple-threat with 60000 puffs & LED screen. Order from our EU warehouse.\",\"breadcrumb\":{\"@id\":\"https:\\\/\\\/vozolvapen.de\\\/product\\\/razz-bar-60000-60k-puffs-lemon-peach-passion-fruit\\\/#breadcrumb\"},\"inLanguage\":\"pl-PL\",\"potentialAction\":[{\"@type\":\"ReadAction\",\"target\":[\"https:\\\/\\\/vozolvapen.de\\\/product\\\/razz-bar-60000-60k-puffs-lemon-peach-passion-fruit\\\/\"]}]},{\"@type\":\"ImageObject\",\"inLanguage\":\"pl-PL\",\"@id\":\"https:\\\/\\\/vozolvapen.de\\\/product\\\/razz-bar-60000-60k-puffs-lemon-peach-passion-fruit\\\/#primaryimage\",\"url\":\"https:\\\/\\\/vozolvapen.de\\\/wp-content\\\/uploads\\\/2026\\\/01\\\/Razz-Bar-60000-60k-puffs-Lemon-peach-passion-fruit.webp\",\"contentUrl\":\"https:\\\/\\\/vozolvapen.de\\\/wp-content\\\/uploads\\\/2026\\\/01\\\/Razz-Bar-60000-60k-puffs-Lemon-peach-passion-fruit.webp\",\"width\":1200,\"height\":1200,\"caption\":\"Razz Bar 60000 60k puffs - Lemon peach passion fruit\"},{\"@type\":\"BreadcrumbList\",\"@id\":\"https:\\\/\\\/vozolvapen.de\\\/product\\\/razz-bar-60000-60k-puffs-lemon-peach-passion-fruit\\\/#breadcrumb\",\"itemListElement\":[{\"@type\":\"ListItem\",\"position\":1,\"name\":\"Home\",\"item\":\"https:\\\/\\\/vozolvapen.de\\\/de\\\/\"},{\"@type\":\"ListItem\",\"position\":2,\"name\":\"Shop\",\"item\":\"https:\\\/\\\/vozolvapen.de\\\/shop\\\/\"},{\"@type\":\"ListItem\",\"position\":3,\"name\":\"Razz Bar 60000 60k puffs &#8211; Lemon peach passion fruit\"}]},{\"@type\":\"WebSite\",\"@id\":\"https:\\\/\\\/vozolvapen.de\\\/#website\",\"url\":\"https:\\\/\\\/vozolvapen.de\\\/\",\"name\":\"vozolvapen\",\"description\":\"vozolvapen\",\"publisher\":{\"@id\":\"https:\\\/\\\/vozolvapen.de\\\/#organization\"},\"potentialAction\":[{\"@type\":\"SearchAction\",\"target\":{\"@type\":\"EntryPoint\",\"urlTemplate\":\"https:\\\/\\\/vozolvapen.de\\\/?s={search_term_string}\"},\"query-input\":{\"@type\":\"PropertyValueSpecification\",\"valueRequired\":true,\"valueName\":\"search_term_string\"}}],\"inLanguage\":\"pl-PL\"},{\"@type\":\"Organization\",\"@id\":\"https:\\\/\\\/vozolvapen.de\\\/#organization\",\"name\":\"vozolvapen\",\"url\":\"https:\\\/\\\/vozolvapen.de\\\/\",\"logo\":{\"@type\":\"ImageObject\",\"inLanguage\":\"pl-PL\",\"@id\":\"https:\\\/\\\/vozolvapen.de\\\/#\\\/schema\\\/logo\\\/image\\\/\",\"url\":\"https:\\\/\\\/vozolvapen.de\\\/wp-content\\\/uploads\\\/2025\\\/12\\\/cropped-vozovapen-logo.webp\",\"contentUrl\":\"https:\\\/\\\/vozolvapen.de\\\/wp-content\\\/uploads\\\/2025\\\/12\\\/cropped-vozovapen-logo.webp\",\"width\":470,\"height\":110,\"caption\":\"vozolvapen\"},\"image\":{\"@id\":\"https:\\\/\\\/vozolvapen.de\\\/#\\\/schema\\\/logo\\\/image\\\/\"}}]}<\/script>\n<!-- \/ Yoast SEO Premium plugin. -->","yoast_head_json":{"title":"Lemon Peach Passion Fruit | Razz Bar 60000 | 60k Vape - vozolvapen","description":"Do\u015bwiadczenie Lemon Peach Passion Fruit Razz Bar 60k puff. Tropikalna potr\u00f3jna atrakcja z 60000 puffami i ekranem LED. Zam\u00f3w z naszego magazynu w UE.","robots":{"index":"index","follow":"follow","max-snippet":"max-snippet:-1","max-image-preview":"max-image-preview:large","max-video-preview":"max-video-preview:-1"},"canonical":"https:\/\/vozolvapen.de\/pl\/product\/razz-bar-60000-60k-puffs-lemon-peach-passion-fruit\/","og_locale":"pl_PL","og_type":"article","og_title":"Razz Bar 60000 60k puffs - Lemon peach passion fruit","og_description":"Experience Lemon Peach Passion Fruit Razz Bar 60k puff. A tropical triple-threat with 60000 puffs & LED screen. Order from our EU warehouse.","og_url":"https:\/\/vozolvapen.de\/pl\/product\/razz-bar-60000-60k-puffs-lemon-peach-passion-fruit\/","og_site_name":"vozolvapen","article_modified_time":"2026-02-10T10:52:27+00:00","og_image":[{"width":1200,"height":1200,"url":"https:\/\/vozolvapen.de\/wp-content\/uploads\/2026\/01\/Razz-Bar-60000-60k-puffs-Lemon-peach-passion-fruit.webp","type":"image\/webp"}],"twitter_card":"summary_large_image","twitter_misc":{"Szacowany czas czytania":"2 minuty"},"schema":{"@context":"https:\/\/schema.org","@graph":[{"@type":"WebPage","@id":"https:\/\/vozolvapen.de\/product\/razz-bar-60000-60k-puffs-lemon-peach-passion-fruit\/","url":"https:\/\/vozolvapen.de\/product\/razz-bar-60000-60k-puffs-lemon-peach-passion-fruit\/","name":"Lemon Peach Passion Fruit | Razz Bar 60000 | 60k Vape - vozolvapen","isPartOf":{"@id":"https:\/\/vozolvapen.de\/#website"},"primaryImageOfPage":{"@id":"https:\/\/vozolvapen.de\/product\/razz-bar-60000-60k-puffs-lemon-peach-passion-fruit\/#primaryimage"},"image":{"@id":"https:\/\/vozolvapen.de\/product\/razz-bar-60000-60k-puffs-lemon-peach-passion-fruit\/#primaryimage"},"thumbnailUrl":"https:\/\/vozolvapen.de\/wp-content\/uploads\/2026\/01\/Razz-Bar-60000-60k-puffs-Lemon-peach-passion-fruit.webp","datePublished":"2026-01-07T05:21:42+00:00","dateModified":"2026-02-10T10:52:27+00:00","description":"Do\u015bwiadczenie Lemon Peach Passion Fruit Razz Bar 60k puff. Tropikalna potr\u00f3jna atrakcja z 60000 puffami i ekranem LED. Zam\u00f3w z naszego magazynu w UE.","breadcrumb":{"@id":"https:\/\/vozolvapen.de\/product\/razz-bar-60000-60k-puffs-lemon-peach-passion-fruit\/#breadcrumb"},"inLanguage":"pl-PL","potentialAction":[{"@type":"ReadAction","target":["https:\/\/vozolvapen.de\/product\/razz-bar-60000-60k-puffs-lemon-peach-passion-fruit\/"]}]},{"@type":"ImageObject","inLanguage":"pl-PL","@id":"https:\/\/vozolvapen.de\/product\/razz-bar-60000-60k-puffs-lemon-peach-passion-fruit\/#primaryimage","url":"https:\/\/vozolvapen.de\/wp-content\/uploads\/2026\/01\/Razz-Bar-60000-60k-puffs-Lemon-peach-passion-fruit.webp","contentUrl":"https:\/\/vozolvapen.de\/wp-content\/uploads\/2026\/01\/Razz-Bar-60000-60k-puffs-Lemon-peach-passion-fruit.webp","width":1200,"height":1200,"caption":"Razz Bar 60000 60k puffs - Lemon peach passion fruit"},{"@type":"BreadcrumbList","@id":"https:\/\/vozolvapen.de\/product\/razz-bar-60000-60k-puffs-lemon-peach-passion-fruit\/#breadcrumb","itemListElement":[{"@type":"ListItem","position":1,"name":"Home","item":"https:\/\/vozolvapen.de\/de\/"},{"@type":"ListItem","position":2,"name":"Shop","item":"https:\/\/vozolvapen.de\/shop\/"},{"@type":"ListItem","position":3,"name":"Razz Bar 60000 60k puffs &#8211; Lemon peach passion fruit"}]},{"@type":"WebSite","@id":"https:\/\/vozolvapen.de\/#website","url":"https:\/\/vozolvapen.de\/","name":"vozolvapen","description":"vozolvapen","publisher":{"@id":"https:\/\/vozolvapen.de\/#organization"},"potentialAction":[{"@type":"SearchAction","target":{"@type":"EntryPoint","urlTemplate":"https:\/\/vozolvapen.de\/?s={search_term_string}"},"query-input":{"@type":"PropertyValueSpecification","valueRequired":true,"valueName":"search_term_string"}}],"inLanguage":"pl-PL"},{"@type":"Organization","@id":"https:\/\/vozolvapen.de\/#organization","name":"vozolvapen","url":"https:\/\/vozolvapen.de\/","logo":{"@type":"ImageObject","inLanguage":"pl-PL","@id":"https:\/\/vozolvapen.de\/#\/schema\/logo\/image\/","url":"https:\/\/vozolvapen.de\/wp-content\/uploads\/2025\/12\/cropped-vozovapen-logo.webp","contentUrl":"https:\/\/vozolvapen.de\/wp-content\/uploads\/2025\/12\/cropped-vozovapen-logo.webp","width":470,"height":110,"caption":"vozolvapen"},"image":{"@id":"https:\/\/vozolvapen.de\/#\/schema\/logo\/image\/"}}]}},"tiered_pricing_type":"fixed","tiered_pricing_fixed_rules":{"100":"9.3","400":"8.25"},"tiered_pricing_product_settings":{"layout":"default","base_unit_name":{"singular":null,"plural":null},"default_variation":{}},"tiered_pricing_minimum_quantity":50,"tiered_pricing_roles_data":[],"tiered_pricing_percentage_rules":[],"tiered_pricing_maximum_quantity":null,"tiered_pricing_quantity_step":"10","_links":{"self":[{"href":"http:\/\/vozolvapen.de\/pl\/wp-json\/wp\/v2\/product\/56110","targetHints":{"allow":["GET"]}}],"collection":[{"href":"http:\/\/vozolvapen.de\/pl\/wp-json\/wp\/v2\/product"}],"about":[{"href":"http:\/\/vozolvapen.de\/pl\/wp-json\/wp\/v2\/types\/product"}],"replies":[{"embeddable":true,"href":"http:\/\/vozolvapen.de\/pl\/wp-json\/wp\/v2\/comments?post=56110"}],"wp:featuredmedia":[{"embeddable":true,"href":"http:\/\/vozolvapen.de\/pl\/wp-json\/wp\/v2\/media\/56438"}],"wp:attachment":[{"href":"http:\/\/vozolvapen.de\/pl\/wp-json\/wp\/v2\/media?parent=56110"}],"wp:term":[{"taxonomy":"product_brand","embeddable":true,"href":"http:\/\/vozolvapen.de\/pl\/wp-json\/wp\/v2\/product_brand?post=56110"},{"taxonomy":"product_cat","embeddable":true,"href":"http:\/\/vozolvapen.de\/pl\/wp-json\/wp\/v2\/product_cat?post=56110"},{"taxonomy":"product_tag","embeddable":true,"href":"http:\/\/vozolvapen.de\/pl\/wp-json\/wp\/v2\/product_tag?post=56110"}],"curies":[{"name":"wp","href":"https:\/\/api.w.org\/{rel}","templated":true}]}}