{"id":57259,"date":"2026-01-09T03:05:45","date_gmt":"2026-01-09T03:05:45","guid":{"rendered":"https:\/\/vozolvapen.de\/?post_type=product&#038;p=57259"},"modified":"2026-02-10T10:46:10","modified_gmt":"2026-02-10T10:46:10","slug":"jnr-falcon-x-18000-puff-vape-white-peach-razz","status":"publish","type":"product","link":"http:\/\/vozolvapen.de\/pl\/product\/jnr-falcon-x-18000-puff-vape-white-peach-razz\/","title":{"rendered":"JNR Falcon-X 18000 Puff Vape - White Peach Razz"},"content":{"rendered":"<h1 data-path-to-node=\"9\"><b data-path-to-node=\"9\" data-index-in-node=\"0\">White Peach Razz - JNR Falcon-X 18000 jnr puff<\/b><\/h1>\n<p data-path-to-node=\"10\">Odkryj eleganckie po\u0142\u0105czenie White Peach Razz, w kt\u00f3rym aksamitna s\u0142odycz \u0142\u0105czy si\u0119 z elektryzuj\u0105cym posmakiem. Nap\u0119dzany przez <b data-path-to-node=\"10\" data-index-in-node=\"109\">jnr falcon 18000<\/b>, Smak ten zapewnia wyrafinowan\u0105, ca\u0142odzienn\u0105 inhalacj\u0119 dla tych, kt\u00f3rzy wymagaj\u0105 wi\u0119cej od swoich produkt\u00f3w. <b data-path-to-node=\"10\" data-index-in-node=\"214\">jnr puff<\/b>.<\/p>\n<h2 data-path-to-node=\"11\"><b data-path-to-node=\"11\" data-index-in-node=\"0\">Profil smakowy<\/b><\/h2>\n<p data-path-to-node=\"11\">White Peach Razz ma baz\u0119 delikatnej, dojrzewaj\u0105cej w s\u0142o\u0144cu bia\u0142ej brzoskwini, kt\u00f3ra zapewnia g\u0142adk\u0105, kwiatow\u0105 s\u0142odycz. Natychmiast kontrastuje z ni\u0105 iskra \u201crazz\u201d - ostre wyko\u0144czenie z niebieskich malin, kt\u00f3re oczyszcza podniebienie i pozostawia pikantne mrowienie.<\/p>\n<h2 data-path-to-node=\"12\"><b data-path-to-node=\"12\" data-index-in-node=\"0\">Przewodnik personalizacji<\/b><\/h2>\n<p data-path-to-node=\"12\">Aby podkre\u015bli\u0107 aksamitn\u0105 brzoskwiniow\u0105 tekstur\u0119, utrzymuj przep\u0142yw powietrza w wi\u0119kszo\u015bci zamkni\u0119ty, aby uzyska\u0107 ciep\u0142e, skoncentrowane uderzenie MTL (Mouth-to-Lung). Aby wydoby\u0107 zing \u201crazz\u201d, otw\u00f3rz przep\u0142yw powietrza, aby podw\u00f3jna cewka siatkowa lekko sch\u0142odzi\u0142a par\u0119.<\/p>\n<h2 data-path-to-node=\"5\">JNR Falcon-X 18000 Flavor - White Peach Razz<\/h2>\n<table data-path-to-node=\"6\">\n<thead>\n<tr>\n<td><strong>Cecha<\/strong><\/td>\n<td><strong>Ocena<\/strong><\/td>\n<td><strong>Werdykt<\/strong><\/td>\n<\/tr>\n<\/thead>\n<tbody>\n<tr>\n<td><span data-path-to-node=\"6,1,0,0\"><b data-path-to-node=\"6,1,0,0\" data-index-in-node=\"0\">S\u0142odycz<\/b><\/span><\/td>\n<td><span data-path-to-node=\"6,1,1,0\">\u2605\u2605\u2605\u2605\u2606<\/span><\/td>\n<td><span data-path-to-node=\"6,1,2,0\">Aksamitne bia\u0142e cukry brzoskwiniowe zapewniaj\u0105 bogat\u0105 baz\u0119.<\/span><\/td>\n<\/tr>\n<tr>\n<td><span data-path-to-node=\"6,2,0,0\"><b data-path-to-node=\"6,2,0,0\" data-index-in-node=\"0\">Icy\/Coolness<\/b><\/span><\/td>\n<td><span data-path-to-node=\"6,2,1,0\">\u2605\u2605\u2606\u2606\u2606<\/span><\/td>\n<td><span data-path-to-node=\"6,2,2,0\">Subtelne sch\u0142odzenie pozwala owocowym aromatom prowadzi\u0107.<\/span><\/td>\n<\/tr>\n<tr>\n<td><span data-path-to-node=\"6,3,0,0\"><b data-path-to-node=\"6,3,0,0\" data-index-in-node=\"0\">Aromat\/kompleksowo\u015b\u0107<\/b><\/span><\/td>\n<td><span data-path-to-node=\"6,3,1,0\">\u2605\u2605\u2605\u2605\u2606<\/span><\/td>\n<td><span data-path-to-node=\"6,3,2,0\">Wyrafinowany i elegancki zapach owocowy.<\/span><\/td>\n<\/tr>\n<tr>\n<td><span data-path-to-node=\"6,4,0,0\"><b data-path-to-node=\"6,4,0,0\" data-index-in-node=\"0\">Podstawowe uwagi<\/b><\/span><\/td>\n<td><span data-path-to-node=\"6,4,1,0\"><b data-path-to-node=\"6,4,1,0\" data-index-in-node=\"0\">Bia\u0142a brzoskwinia<\/b><\/span><\/td>\n<td><span data-path-to-node=\"6,4,2,0\"><b data-path-to-node=\"6,4,2,0\" data-index-in-node=\"0\">Niebieska malina<\/b><\/span><\/td>\n<\/tr>\n<\/tbody>\n<\/table>\n<h2><strong>JNR Falcon-X 18000 <\/strong><strong>Wideo\uff1a<\/strong><\/h2>\n<p><iframe title=\"JNR Falcon X 18000 Puff Vape\" src=\"https:\/\/player.vimeo.com\/video\/1151536729?badge=0&amp;autopause=0&amp;player_id=0&amp;app_id=58479\" width=\"400\" height=\"711\" frameborder=\"0\"><\/iframe><\/p>\n<h3 data-path-to-node=\"2\">JNR Falcon-X 18000 Puff Vape - specyfikacja techniczna<\/h3>\n<table data-path-to-node=\"8\">\n<thead>\n<tr>\n<td><strong>Funkcja sprz\u0119towa<\/strong><\/td>\n<td><strong>Szczeg\u00f3\u0142y specyfikacji<\/strong><\/td>\n<\/tr>\n<\/thead>\n<tbody>\n<tr>\n<td><span data-path-to-node=\"8,1,0,0\"><b data-path-to-node=\"8,1,0,0\" data-index-in-node=\"0\">Seria marek<\/b><\/span><\/td>\n<td><span data-path-to-node=\"8,1,1,0\"><b data-path-to-node=\"8,1,1,0\" data-index-in-node=\"0\">jnr 18000<\/b> Falcon-X<\/span><\/td>\n<\/tr>\n<tr>\n<td><span data-path-to-node=\"8,2,0,0\"><b data-path-to-node=\"8,2,0,0\" data-index-in-node=\"0\">Pojemno\u015b\u0107 zbiornika<\/b><\/span><\/td>\n<td><span data-path-to-node=\"8,2,1,0\">24 ml kapsu\u0142ka o du\u017cej pojemno\u015bci<\/span><\/td>\n<\/tr>\n<tr>\n<td><span data-path-to-node=\"8,3,0,0\"><b data-path-to-node=\"8,3,0,0\" data-index-in-node=\"0\">Technologia cewek<\/b><\/span><\/td>\n<td><span data-path-to-node=\"8,3,1,0\">Zaawansowana podw\u00f3jna siatka 0,6\u03a9 (zoptymalizowana pod k\u0105tem smaku)<\/span><\/td>\n<\/tr>\n<tr>\n<td><span data-path-to-node=\"8,4,0,0\"><b data-path-to-node=\"8,4,0,0\" data-index-in-node=\"0\">Zdolno\u015b\u0107 trafienia<\/b><\/span><\/td>\n<td><span data-path-to-node=\"8,4,1,0\">18,000 Puffs (<b data-path-to-node=\"8,4,1,0\" data-index-in-node=\"14\">puff 18k jnr<\/b>)<\/span><\/td>\n<\/tr>\n<tr>\n<td><span data-path-to-node=\"8,5,0,0\"><b data-path-to-node=\"8,5,0,0\" data-index-in-node=\"0\">Interfejs \u0142adowania<\/b><\/span><\/td>\n<td><span data-path-to-node=\"8,5,1,0\">Szybkie \u0142adowanie typu C<\/span><\/td>\n<\/tr>\n<tr>\n<td><span data-path-to-node=\"8,6,0,0\"><b data-path-to-node=\"8,6,0,0\" data-index-in-node=\"0\">Interfejs u\u017cytkownika<\/b><\/span><\/td>\n<td><span data-path-to-node=\"8,6,1,0\">Cyfrowy wska\u017anik poziomu w czasie rzeczywistym<\/span><\/td>\n<\/tr>\n<tr>\n<td><span data-path-to-node=\"8,7,0,0\"><b data-path-to-node=\"8,7,0,0\" data-index-in-node=\"0\">Si\u0142a nikotyny<\/b><\/span><\/td>\n<td><span data-path-to-node=\"8,7,1,0\">Dost\u0119pne w wersjach 2% i 5% Salt Nic<\/span><\/td>\n<\/tr>\n<\/tbody>\n<\/table>\n<h3 dir=\"auto\">Oto dalsze zalecenia dla Ciebie:<\/h3>\n<p dir=\"auto\">Odkryj jeszcze wi\u0119cej niesamowitych smak\u00f3w dzi\u0119ki JNR Falcon-X 18000 Puff Vape!<\/p>\n<p dir=\"auto\"><a href=\"https:\/\/vozolvapen.de\/pl\/product-category\/jnr-vape\/jnr-falcon-x-18000-puff-vape\/\" target=\"_blank\" rel=\"noopener noreferrer nofollow\">Zobacz wszystkie odmiany tutaj \u2192<\/a><\/p>\n<p dir=\"auto\">Zapoznaj si\u0119 z nasz\u0105 pe\u0142n\u0105 kolekcj\u0105 i kupuj produkty najlepszych marek vape, kt\u00f3re pokochasz.<\/p>\n<p dir=\"auto\"><a href=\"https:\/\/vozolvapen.de\/pl\/\" target=\"_blank\" rel=\"noopener noreferrer nofollow\">Przegl\u0105daj teraz wszystkie marki \u2192<\/a><\/p>\n<p dir=\"auto\">Sprawd\u017a ca\u0142\u0105 seri\u0119 JNR Vape - ka\u017cdy smak, ka\u017cdy styl!<\/p>\n<p dir=\"auto\"><a href=\"https:\/\/vozolvapen.de\/pl\/product-category\/jnr-vape\/\" target=\"_blank\" rel=\"noopener noreferrer nofollow\">Zobacz pe\u0142n\u0105 kolekcj\u0119 JNR Vape \u2192<\/a><\/p>","protected":false},"excerpt":{"rendered":"<p>S\u0142odka bia\u0142a brzoskwinia \u0142\u0105czy si\u0119 z pikantn\u0105 niebiesk\u0105 malin\u0105. To <b data-path-to-node=\"3,2,4,0\" data-index-in-node=\"51\">JNR 18000<\/b> Model ten posiada regulowany przep\u0142yw powietrza dla idealnej podr\u00f3\u017cy 18 000 zaci\u0105gni\u0119\u0107.<\/p>","protected":false},"featured_media":58562,"comment_status":"open","ping_status":"closed","template":"","meta":{"_acf_changed":false},"product_brand":[],"product_cat":[134,59],"product_tag":[],"class_list":{"0":"post-57259","1":"product","2":"type-product","3":"status-publish","4":"has-post-thumbnail","6":"product_cat-eu-warehouse-in-stock","7":"product_cat-jnr-falcon-x-18000-puff-vape","9":"first","10":"instock","11":"shipping-taxable","12":"purchasable","13":"product-type-variable"},"acf":[],"yoast_head":"<!-- This site is optimized with the Yoast SEO Premium plugin v26.1 (Yoast SEO v27.5) - https:\/\/yoast.com\/product\/yoast-seo-premium-wordpress\/ -->\n<title>White Peach Razz JNR 18000 | JNR Falcon-X 18k - vozolvapen<\/title>\n<meta name=\"description\" content=\"Experience White Peach Razz JNR Puff 18000. 18k puffs, 24ML capacity, and 0.6\u03a9 Mesh Coil. Fast shipping from our European warehouse.\" \/>\n<meta name=\"robots\" content=\"index, follow, max-snippet:-1, max-image-preview:large, max-video-preview:-1\" \/>\n<link rel=\"canonical\" href=\"https:\/\/vozolvapen.de\/pl\/product\/jnr-falcon-x-18000-puff-vape-white-peach-razz\/\" \/>\n<meta property=\"og:locale\" content=\"pl_PL\" \/>\n<meta property=\"og:type\" content=\"article\" \/>\n<meta property=\"og:title\" content=\"JNR Falcon-X 18000 Puff Vape - White Peach Razz\" \/>\n<meta property=\"og:description\" content=\"Experience White Peach Razz JNR Puff 18000. 18k puffs, 24ML capacity, and 0.6\u03a9 Mesh Coil. Fast shipping from our European warehouse.\" \/>\n<meta property=\"og:url\" content=\"https:\/\/vozolvapen.de\/pl\/product\/jnr-falcon-x-18000-puff-vape-white-peach-razz\/\" \/>\n<meta property=\"og:site_name\" content=\"vozolvapen\" \/>\n<meta property=\"article:modified_time\" content=\"2026-02-10T10:46:10+00:00\" \/>\n<meta property=\"og:image\" content=\"https:\/\/vozolvapen.de\/wp-content\/uploads\/2026\/01\/JNR-Falcon-X-18000-White-Peach-Razz.webp\" \/>\n\t<meta property=\"og:image:width\" content=\"1200\" \/>\n\t<meta property=\"og:image:height\" content=\"1200\" \/>\n\t<meta property=\"og:image:type\" content=\"image\/webp\" \/>\n<meta name=\"twitter:card\" content=\"summary_large_image\" \/>\n<meta name=\"twitter:label1\" content=\"Szacowany czas czytania\" \/>\n\t<meta name=\"twitter:data1\" content=\"2 minuty\" \/>\n<script type=\"application\/ld+json\" class=\"yoast-schema-graph\">{\"@context\":\"https:\\\/\\\/schema.org\",\"@graph\":[{\"@type\":\"WebPage\",\"@id\":\"https:\\\/\\\/vozolvapen.de\\\/product\\\/jnr-falcon-x-18000-puff-vape-white-peach-razz\\\/\",\"url\":\"https:\\\/\\\/vozolvapen.de\\\/product\\\/jnr-falcon-x-18000-puff-vape-white-peach-razz\\\/\",\"name\":\"White Peach Razz JNR 18000 | JNR Falcon-X 18k - vozolvapen\",\"isPartOf\":{\"@id\":\"https:\\\/\\\/vozolvapen.de\\\/#website\"},\"primaryImageOfPage\":{\"@id\":\"https:\\\/\\\/vozolvapen.de\\\/product\\\/jnr-falcon-x-18000-puff-vape-white-peach-razz\\\/#primaryimage\"},\"image\":{\"@id\":\"https:\\\/\\\/vozolvapen.de\\\/product\\\/jnr-falcon-x-18000-puff-vape-white-peach-razz\\\/#primaryimage\"},\"thumbnailUrl\":\"https:\\\/\\\/vozolvapen.de\\\/wp-content\\\/uploads\\\/2026\\\/01\\\/JNR-Falcon-X-18000-White-Peach-Razz.webp\",\"datePublished\":\"2026-01-09T03:05:45+00:00\",\"dateModified\":\"2026-02-10T10:46:10+00:00\",\"description\":\"Experience White Peach Razz JNR Puff 18000. 18k puffs, 24ML capacity, and 0.6\u03a9 Mesh Coil. Fast shipping from our European warehouse.\",\"breadcrumb\":{\"@id\":\"https:\\\/\\\/vozolvapen.de\\\/product\\\/jnr-falcon-x-18000-puff-vape-white-peach-razz\\\/#breadcrumb\"},\"inLanguage\":\"pl-PL\",\"potentialAction\":[{\"@type\":\"ReadAction\",\"target\":[\"https:\\\/\\\/vozolvapen.de\\\/product\\\/jnr-falcon-x-18000-puff-vape-white-peach-razz\\\/\"]}]},{\"@type\":\"ImageObject\",\"inLanguage\":\"pl-PL\",\"@id\":\"https:\\\/\\\/vozolvapen.de\\\/product\\\/jnr-falcon-x-18000-puff-vape-white-peach-razz\\\/#primaryimage\",\"url\":\"https:\\\/\\\/vozolvapen.de\\\/wp-content\\\/uploads\\\/2026\\\/01\\\/JNR-Falcon-X-18000-White-Peach-Razz.webp\",\"contentUrl\":\"https:\\\/\\\/vozolvapen.de\\\/wp-content\\\/uploads\\\/2026\\\/01\\\/JNR-Falcon-X-18000-White-Peach-Razz.webp\",\"width\":1200,\"height\":1200,\"caption\":\"JNR Falcon X 18000 - White Peach Razz\"},{\"@type\":\"BreadcrumbList\",\"@id\":\"https:\\\/\\\/vozolvapen.de\\\/product\\\/jnr-falcon-x-18000-puff-vape-white-peach-razz\\\/#breadcrumb\",\"itemListElement\":[{\"@type\":\"ListItem\",\"position\":1,\"name\":\"Home\",\"item\":\"https:\\\/\\\/vozolvapen.de\\\/de\\\/\"},{\"@type\":\"ListItem\",\"position\":2,\"name\":\"Shop\",\"item\":\"https:\\\/\\\/vozolvapen.de\\\/shop\\\/\"},{\"@type\":\"ListItem\",\"position\":3,\"name\":\"JNR Falcon-X 18000 Puff Vape &#8211; White Peach Razz\"}]},{\"@type\":\"WebSite\",\"@id\":\"https:\\\/\\\/vozolvapen.de\\\/#website\",\"url\":\"https:\\\/\\\/vozolvapen.de\\\/\",\"name\":\"vozolvapen\",\"description\":\"vozolvapen\",\"publisher\":{\"@id\":\"https:\\\/\\\/vozolvapen.de\\\/#organization\"},\"potentialAction\":[{\"@type\":\"SearchAction\",\"target\":{\"@type\":\"EntryPoint\",\"urlTemplate\":\"https:\\\/\\\/vozolvapen.de\\\/?s={search_term_string}\"},\"query-input\":{\"@type\":\"PropertyValueSpecification\",\"valueRequired\":true,\"valueName\":\"search_term_string\"}}],\"inLanguage\":\"pl-PL\"},{\"@type\":\"Organization\",\"@id\":\"https:\\\/\\\/vozolvapen.de\\\/#organization\",\"name\":\"vozolvapen\",\"url\":\"https:\\\/\\\/vozolvapen.de\\\/\",\"logo\":{\"@type\":\"ImageObject\",\"inLanguage\":\"pl-PL\",\"@id\":\"https:\\\/\\\/vozolvapen.de\\\/#\\\/schema\\\/logo\\\/image\\\/\",\"url\":\"https:\\\/\\\/vozolvapen.de\\\/wp-content\\\/uploads\\\/2025\\\/12\\\/cropped-vozovapen-logo.webp\",\"contentUrl\":\"https:\\\/\\\/vozolvapen.de\\\/wp-content\\\/uploads\\\/2025\\\/12\\\/cropped-vozovapen-logo.webp\",\"width\":470,\"height\":110,\"caption\":\"vozolvapen\"},\"image\":{\"@id\":\"https:\\\/\\\/vozolvapen.de\\\/#\\\/schema\\\/logo\\\/image\\\/\"}}]}<\/script>\n<!-- \/ Yoast SEO Premium plugin. -->","yoast_head_json":{"title":"White Peach Razz JNR 18000 | JNR Falcon-X 18k - vozolvapen","description":"Do\u015bwiadczenie White Peach Razz JNR Puff 18000. 18 tys. zaci\u0105gni\u0119\u0107, pojemno\u015b\u0107 24 ml i cewka siatkowa 0,6\u03a9. Szybka wysy\u0142ka z naszego europejskiego magazynu.","robots":{"index":"index","follow":"follow","max-snippet":"max-snippet:-1","max-image-preview":"max-image-preview:large","max-video-preview":"max-video-preview:-1"},"canonical":"https:\/\/vozolvapen.de\/pl\/product\/jnr-falcon-x-18000-puff-vape-white-peach-razz\/","og_locale":"pl_PL","og_type":"article","og_title":"JNR Falcon-X 18000 Puff Vape - White Peach Razz","og_description":"Experience White Peach Razz JNR Puff 18000. 18k puffs, 24ML capacity, and 0.6\u03a9 Mesh Coil. Fast shipping from our European warehouse.","og_url":"https:\/\/vozolvapen.de\/pl\/product\/jnr-falcon-x-18000-puff-vape-white-peach-razz\/","og_site_name":"vozolvapen","article_modified_time":"2026-02-10T10:46:10+00:00","og_image":[{"width":1200,"height":1200,"url":"https:\/\/vozolvapen.de\/wp-content\/uploads\/2026\/01\/JNR-Falcon-X-18000-White-Peach-Razz.webp","type":"image\/webp"}],"twitter_card":"summary_large_image","twitter_misc":{"Szacowany czas czytania":"2 minuty"},"schema":{"@context":"https:\/\/schema.org","@graph":[{"@type":"WebPage","@id":"https:\/\/vozolvapen.de\/product\/jnr-falcon-x-18000-puff-vape-white-peach-razz\/","url":"https:\/\/vozolvapen.de\/product\/jnr-falcon-x-18000-puff-vape-white-peach-razz\/","name":"White Peach Razz JNR 18000 | JNR Falcon-X 18k - vozolvapen","isPartOf":{"@id":"https:\/\/vozolvapen.de\/#website"},"primaryImageOfPage":{"@id":"https:\/\/vozolvapen.de\/product\/jnr-falcon-x-18000-puff-vape-white-peach-razz\/#primaryimage"},"image":{"@id":"https:\/\/vozolvapen.de\/product\/jnr-falcon-x-18000-puff-vape-white-peach-razz\/#primaryimage"},"thumbnailUrl":"https:\/\/vozolvapen.de\/wp-content\/uploads\/2026\/01\/JNR-Falcon-X-18000-White-Peach-Razz.webp","datePublished":"2026-01-09T03:05:45+00:00","dateModified":"2026-02-10T10:46:10+00:00","description":"Do\u015bwiadczenie White Peach Razz JNR Puff 18000. 18 tys. zaci\u0105gni\u0119\u0107, pojemno\u015b\u0107 24 ml i cewka siatkowa 0,6\u03a9. Szybka wysy\u0142ka z naszego europejskiego magazynu.","breadcrumb":{"@id":"https:\/\/vozolvapen.de\/product\/jnr-falcon-x-18000-puff-vape-white-peach-razz\/#breadcrumb"},"inLanguage":"pl-PL","potentialAction":[{"@type":"ReadAction","target":["https:\/\/vozolvapen.de\/product\/jnr-falcon-x-18000-puff-vape-white-peach-razz\/"]}]},{"@type":"ImageObject","inLanguage":"pl-PL","@id":"https:\/\/vozolvapen.de\/product\/jnr-falcon-x-18000-puff-vape-white-peach-razz\/#primaryimage","url":"https:\/\/vozolvapen.de\/wp-content\/uploads\/2026\/01\/JNR-Falcon-X-18000-White-Peach-Razz.webp","contentUrl":"https:\/\/vozolvapen.de\/wp-content\/uploads\/2026\/01\/JNR-Falcon-X-18000-White-Peach-Razz.webp","width":1200,"height":1200,"caption":"JNR Falcon X 18000 - White Peach Razz"},{"@type":"BreadcrumbList","@id":"https:\/\/vozolvapen.de\/product\/jnr-falcon-x-18000-puff-vape-white-peach-razz\/#breadcrumb","itemListElement":[{"@type":"ListItem","position":1,"name":"Home","item":"https:\/\/vozolvapen.de\/de\/"},{"@type":"ListItem","position":2,"name":"Shop","item":"https:\/\/vozolvapen.de\/shop\/"},{"@type":"ListItem","position":3,"name":"JNR Falcon-X 18000 Puff Vape &#8211; White Peach Razz"}]},{"@type":"WebSite","@id":"https:\/\/vozolvapen.de\/#website","url":"https:\/\/vozolvapen.de\/","name":"vozolvapen","description":"vozolvapen","publisher":{"@id":"https:\/\/vozolvapen.de\/#organization"},"potentialAction":[{"@type":"SearchAction","target":{"@type":"EntryPoint","urlTemplate":"https:\/\/vozolvapen.de\/?s={search_term_string}"},"query-input":{"@type":"PropertyValueSpecification","valueRequired":true,"valueName":"search_term_string"}}],"inLanguage":"pl-PL"},{"@type":"Organization","@id":"https:\/\/vozolvapen.de\/#organization","name":"vozolvapen","url":"https:\/\/vozolvapen.de\/","logo":{"@type":"ImageObject","inLanguage":"pl-PL","@id":"https:\/\/vozolvapen.de\/#\/schema\/logo\/image\/","url":"https:\/\/vozolvapen.de\/wp-content\/uploads\/2025\/12\/cropped-vozovapen-logo.webp","contentUrl":"https:\/\/vozolvapen.de\/wp-content\/uploads\/2025\/12\/cropped-vozovapen-logo.webp","width":470,"height":110,"caption":"vozolvapen"},"image":{"@id":"https:\/\/vozolvapen.de\/#\/schema\/logo\/image\/"}}]}},"tiered_pricing_type":"fixed","tiered_pricing_fixed_rules":{"30":"13.86","50":"10.86","100":"9.86","200":"8.86"},"tiered_pricing_product_settings":{"layout":"default","base_unit_name":{"singular":null,"plural":null},"default_variation":{}},"tiered_pricing_minimum_quantity":10,"tiered_pricing_roles_data":[],"tiered_pricing_percentage_rules":[],"tiered_pricing_maximum_quantity":null,"tiered_pricing_quantity_step":"10","_links":{"self":[{"href":"http:\/\/vozolvapen.de\/pl\/wp-json\/wp\/v2\/product\/57259","targetHints":{"allow":["GET"]}}],"collection":[{"href":"http:\/\/vozolvapen.de\/pl\/wp-json\/wp\/v2\/product"}],"about":[{"href":"http:\/\/vozolvapen.de\/pl\/wp-json\/wp\/v2\/types\/product"}],"replies":[{"embeddable":true,"href":"http:\/\/vozolvapen.de\/pl\/wp-json\/wp\/v2\/comments?post=57259"}],"wp:featuredmedia":[{"embeddable":true,"href":"http:\/\/vozolvapen.de\/pl\/wp-json\/wp\/v2\/media\/58562"}],"wp:attachment":[{"href":"http:\/\/vozolvapen.de\/pl\/wp-json\/wp\/v2\/media?parent=57259"}],"wp:term":[{"taxonomy":"product_brand","embeddable":true,"href":"http:\/\/vozolvapen.de\/pl\/wp-json\/wp\/v2\/product_brand?post=57259"},{"taxonomy":"product_cat","embeddable":true,"href":"http:\/\/vozolvapen.de\/pl\/wp-json\/wp\/v2\/product_cat?post=57259"},{"taxonomy":"product_tag","embeddable":true,"href":"http:\/\/vozolvapen.de\/pl\/wp-json\/wp\/v2\/product_tag?post=57259"}],"curies":[{"name":"wp","href":"https:\/\/api.w.org\/{rel}","templated":true}]}}