{"id":57817,"date":"2026-01-09T03:06:07","date_gmt":"2026-01-09T03:06:07","guid":{"rendered":"https:\/\/vozolvapen.de\/?post_type=product&#038;p=57817"},"modified":"2026-02-10T10:45:56","modified_gmt":"2026-02-10T10:45:56","slug":"jnr-falcon-x-18000-puff-vape-peach-mango-pineapple","status":"publish","type":"product","link":"http:\/\/vozolvapen.de\/pl\/product\/jnr-falcon-x-18000-puff-vape-peach-mango-pineapple\/","title":{"rendered":"JNR Falcon-X 18000 Puff Vape - Brzoskwinia Mango Ananas"},"content":{"rendered":"<h1 data-path-to-node=\"51\"><b data-path-to-node=\"51\" data-index-in-node=\"0\">Brzoskwinia Mango Ananas - JNR Falcon-X 18000 jnr 18000<\/b><\/h1>\n<p data-path-to-node=\"52\">Przenie\u015b swoje zmys\u0142y do tropikalnego raju dzi\u0119ki Peach Mango Pineapple. To <b data-path-to-node=\"52\" data-index-in-node=\"78\">puff 18k jnr<\/b> Powerhouse to soczysta mieszanka smoothie zaprojektowana z my\u015bl\u0105 o maksymalnym nasyceniu smakiem.<\/p>\n<h2 data-path-to-node=\"53\"><b data-path-to-node=\"53\" data-index-in-node=\"0\">Profil smakowy<\/b><\/h2>\n<p data-path-to-node=\"53\">Kremowa baza mango stanowi podstaw\u0119, po kt\u00f3rej nast\u0119puje aksamitna brzoskwinia i ostry, pikantny finisz ananasa. Jest to g\u0119sty, tropikalny poncz o wysokiej intensywno\u015bci smaku.<\/p>\n<h2 data-path-to-node=\"54\"><b data-path-to-node=\"54\" data-index-in-node=\"0\">Przewodnik personalizacji<\/b><\/h2>\n<p data-path-to-node=\"54\">Jest to smak typu \u201ccloud chaser\u201d. Otw\u00f3rz ca\u0142kowicie przep\u0142yw powietrza i ciesz si\u0119 <b data-path-to-node=\"54\" data-index-in-node=\"92\">jnr falcon 18000<\/b> Dwurdzeniowa wydajno\u015b\u0107 dla ograniczonego bezpo\u015bredniego uderzenia w p\u0142uca (RDL), kt\u00f3re wype\u0142nia pomieszczenie tropikalnym aromatem.<\/p>\n<h2 data-path-to-node=\"26\">JNR Falcon-X 18000 Flavor - Brzoskwinia Mango Ananas<\/h2>\n<table data-path-to-node=\"24\">\n<thead>\n<tr>\n<td><strong>Cecha<\/strong><\/td>\n<td><strong>Ocena<\/strong><\/td>\n<td><strong>Werdykt<\/strong><\/td>\n<\/tr>\n<\/thead>\n<tbody>\n<tr>\n<td><span data-path-to-node=\"24,1,0,0\"><b data-path-to-node=\"24,1,0,0\" data-index-in-node=\"0\">S\u0142odycz<\/b><\/span><\/td>\n<td><span data-path-to-node=\"24,1,1,0\">\u2605\u2605\u2605\u2605\u2605<\/span><\/td>\n<td><span data-path-to-node=\"24,1,2,0\">Bujne, tropikalne nasycenie w stylu smoothie.<\/span><\/td>\n<\/tr>\n<tr>\n<td><span data-path-to-node=\"24,2,0,0\"><b data-path-to-node=\"24,2,0,0\" data-index-in-node=\"0\">Icy\/Coolness<\/b><\/span><\/td>\n<td><span data-path-to-node=\"24,2,1,0\">\u2605\u2605\u2606\u2606\u2606<\/span><\/td>\n<td><span data-path-to-node=\"24,2,2,0\">Minimalna ilo\u015b\u0107 lodu, aby skupi\u0107 si\u0119 na kremowej konsystencji mango.<\/span><\/td>\n<\/tr>\n<tr>\n<td><span data-path-to-node=\"24,3,0,0\"><b data-path-to-node=\"24,3,0,0\" data-index-in-node=\"0\">Aromat\/kompleksowo\u015b\u0107<\/b><\/span><\/td>\n<td><span data-path-to-node=\"24,3,1,0\">\u2605\u2605\u2605\u2605\u2605<\/span><\/td>\n<td><span data-path-to-node=\"24,3,2,0\">Eksploduje egzotycznymi, tropikalnymi zapachami.<\/span><\/td>\n<\/tr>\n<tr>\n<td><span data-path-to-node=\"24,4,0,0\"><b data-path-to-node=\"24,4,0,0\" data-index-in-node=\"0\">Podstawowe uwagi<\/b><\/span><\/td>\n<td><span data-path-to-node=\"24,4,1,0\"><b data-path-to-node=\"24,4,1,0\" data-index-in-node=\"0\">Kremowe mango<\/b><\/span><\/td>\n<td><span data-path-to-node=\"24,4,2,0\"><b data-path-to-node=\"24,4,2,0\" data-index-in-node=\"0\">Aksamitna brzoskwinia<\/b><\/span><\/td>\n<\/tr>\n<\/tbody>\n<\/table>\n<h2><strong>JNR Falcon-X 18000 <\/strong><strong>Wideo\uff1a<\/strong><\/h2>\n<p><iframe title=\"JNR Falcon X 18000 Puff Vape\" src=\"https:\/\/player.vimeo.com\/video\/1151536729?badge=0&amp;autopause=0&amp;player_id=0&amp;app_id=58479\" width=\"400\" height=\"711\" frameborder=\"0\"><\/iframe><\/p>\n<h3 data-path-to-node=\"2\">JNR Falcon-X 18000 Puff Vape - specyfikacja techniczna<\/h3>\n<table data-path-to-node=\"4\">\n<thead>\n<tr>\n<td><strong>Komponent techniczny<\/strong><\/td>\n<td><strong>Wydajno\u015b\u0107 JNR Falcon-X 18000<\/strong><\/td>\n<\/tr>\n<\/thead>\n<tbody>\n<tr>\n<td><span data-path-to-node=\"4,1,0,0\"><b data-path-to-node=\"4,1,0,0\" data-index-in-node=\"0\">Architektura modelu<\/b><\/span><\/td>\n<td><span data-path-to-node=\"4,1,1,0\">JNR Falcon-X 18000 (<b data-path-to-node=\"4,1,1,0\" data-index-in-node=\"20\">jnr 2026<\/b> Edition)<\/span><\/td>\n<\/tr>\n<tr>\n<td><span data-path-to-node=\"4,2,0,0\"><b data-path-to-node=\"4,2,0,0\" data-index-in-node=\"0\">Core Power<\/b><\/span><\/td>\n<td><span data-path-to-node=\"4,2,1,0\">System dwurdzeniowy z cewk\u0105 siatkow\u0105 0,6\u03a9<\/span><\/td>\n<\/tr>\n<tr>\n<td><span data-path-to-node=\"4,3,0,0\"><b data-path-to-node=\"4,3,0,0\" data-index-in-node=\"0\">Puff Endurance<\/b><\/span><\/td>\n<td><span data-path-to-node=\"4,3,1,0\">Do 18 000 zaci\u0105gni\u0119\u0107 (<b data-path-to-node=\"4,3,1,0\" data-index-in-node=\"20\">jnr puff 18000<\/b>)<\/span><\/td>\n<\/tr>\n<tr>\n<td><span data-path-to-node=\"4,4,0,0\"><b data-path-to-node=\"4,4,0,0\" data-index-in-node=\"0\">Kontrola opar\u00f3w<\/b><\/span><\/td>\n<td><span data-path-to-node=\"4,4,1,0\">W pe\u0142ni regulowany prze\u0142\u0105cznik przep\u0142ywu powietrza<\/span><\/td>\n<\/tr>\n<tr>\n<td><span data-path-to-node=\"4,5,0,0\"><b data-path-to-node=\"4,5,0,0\" data-index-in-node=\"0\">\u017bywotno\u015b\u0107 baterii<\/b><\/span><\/td>\n<td><span data-path-to-node=\"4,5,1,0\">Zintegrowane ogniwo akumulatorowe 960 mAh<\/span><\/td>\n<\/tr>\n<tr>\n<td><span data-path-to-node=\"4,6,0,0\"><b data-path-to-node=\"4,6,0,0\" data-index-in-node=\"0\">Zbiornik soku<\/b><\/span><\/td>\n<td><span data-path-to-node=\"4,6,1,0\">24 ml wst\u0119pnie nape\u0142nionego p\u0142ynu premium<\/span><\/td>\n<\/tr>\n<tr>\n<td><span data-path-to-node=\"4,7,0,0\"><b data-path-to-node=\"4,7,0,0\" data-index-in-node=\"0\">Wizualne sprz\u0119\u017cenie zwrotne<\/b><\/span><\/td>\n<td><span data-path-to-node=\"4,7,1,0\">Inteligentny wy\u015bwietlacz cyfrowy (bateria i olej %)<\/span><\/td>\n<\/tr>\n<\/tbody>\n<\/table>\n<h3 dir=\"auto\">Oto dalsze zalecenia dla Ciebie:<\/h3>\n<p dir=\"auto\">Odkryj jeszcze wi\u0119cej niesamowitych smak\u00f3w dzi\u0119ki JNR Falcon-X 18000 Puff Vape!<\/p>\n<p dir=\"auto\"><a href=\"https:\/\/vozolvapen.de\/pl\/product-category\/jnr-vape\/jnr-falcon-x-18000-puff-vape\/\" target=\"_blank\" rel=\"noopener noreferrer nofollow\">Zobacz wszystkie odmiany tutaj \u2192<\/a><\/p>\n<p dir=\"auto\">Zapoznaj si\u0119 z nasz\u0105 pe\u0142n\u0105 kolekcj\u0105 i kupuj produkty najlepszych marek vape, kt\u00f3re pokochasz.<\/p>\n<p dir=\"auto\"><a href=\"https:\/\/vozolvapen.de\/pl\/\" target=\"_blank\" rel=\"noopener noreferrer nofollow\">Przegl\u0105daj teraz wszystkie marki \u2192<\/a><\/p>\n<p dir=\"auto\">Sprawd\u017a ca\u0142\u0105 seri\u0119 JNR Vape - ka\u017cdy smak, ka\u017cdy styl!<\/p>\n<p dir=\"auto\"><a href=\"https:\/\/vozolvapen.de\/pl\/product-category\/jnr-vape\/\" target=\"_blank\" rel=\"noopener noreferrer nofollow\">Zobacz pe\u0142n\u0105 kolekcj\u0119 JNR Vape \u2192<\/a><\/p>","protected":false},"excerpt":{"rendered":"<p>Bujny tropikalny smoothie w wersji vape. The <b data-path-to-node=\"3,8,4,0\" data-index-in-node=\"40\">JNR Falcon-X 18000<\/b> Oferuje 24 ml intensywnego mango, brzoskwini i ananasa na 18 000 zaci\u0105gni\u0119\u0107.<\/p>","protected":false},"featured_media":58566,"comment_status":"open","ping_status":"closed","template":"","meta":{"_acf_changed":false},"product_brand":[],"product_cat":[134,59],"product_tag":[],"class_list":{"0":"post-57817","1":"product","2":"type-product","3":"status-publish","4":"has-post-thumbnail","6":"product_cat-eu-warehouse-in-stock","7":"product_cat-jnr-falcon-x-18000-puff-vape","9":"first","10":"instock","11":"shipping-taxable","12":"purchasable","13":"product-type-variable"},"acf":[],"yoast_head":"<!-- This site is optimized with the Yoast SEO Premium plugin v26.1 (Yoast SEO v27.5) - https:\/\/yoast.com\/product\/yoast-seo-premium-wordpress\/ -->\n<title>Peach Mango Pineapple JNR 18000 | JNR 18k - vozolvapen<\/title>\n<meta name=\"description\" content=\"Tropical Peach Mango Pineapple JNR 18000. 18k puffs with Dual Mesh Coil. Fast 1-3 day EU warehouse delivery. JNR 2026 series.\" \/>\n<meta name=\"robots\" content=\"index, follow, max-snippet:-1, max-image-preview:large, max-video-preview:-1\" \/>\n<link rel=\"canonical\" href=\"https:\/\/vozolvapen.de\/pl\/product\/jnr-falcon-x-18000-puff-vape-peach-mango-pineapple\/\" \/>\n<meta property=\"og:locale\" content=\"pl_PL\" \/>\n<meta property=\"og:type\" content=\"article\" \/>\n<meta property=\"og:title\" content=\"JNR Falcon-X 18000 Puff Vape - Peach Mango Pineapple\" \/>\n<meta property=\"og:description\" content=\"Tropical Peach Mango Pineapple JNR 18000. 18k puffs with Dual Mesh Coil. Fast 1-3 day EU warehouse delivery. JNR 2026 series.\" \/>\n<meta property=\"og:url\" content=\"https:\/\/vozolvapen.de\/pl\/product\/jnr-falcon-x-18000-puff-vape-peach-mango-pineapple\/\" \/>\n<meta property=\"og:site_name\" content=\"vozolvapen\" \/>\n<meta property=\"article:modified_time\" content=\"2026-02-10T10:45:56+00:00\" \/>\n<meta property=\"og:image\" content=\"https:\/\/vozolvapen.de\/wp-content\/uploads\/2026\/01\/JNR-Falcon-X-18000-18K-Puffs-Disposable-Vape-Adjustable-Airflow-EU-Warehouse-Flavors-list-1.webp\" \/>\n\t<meta property=\"og:image:width\" content=\"1200\" \/>\n\t<meta property=\"og:image:height\" content=\"1029\" \/>\n\t<meta property=\"og:image:type\" content=\"image\/webp\" \/>\n<meta name=\"twitter:card\" content=\"summary_large_image\" \/>\n<meta name=\"twitter:label1\" content=\"Szacowany czas czytania\" \/>\n\t<meta name=\"twitter:data1\" content=\"2 minuty\" \/>\n<script type=\"application\/ld+json\" class=\"yoast-schema-graph\">{\"@context\":\"https:\\\/\\\/schema.org\",\"@graph\":[{\"@type\":\"WebPage\",\"@id\":\"https:\\\/\\\/vozolvapen.de\\\/product\\\/jnr-falcon-x-18000-puff-vape-peach-mango-pineapple\\\/\",\"url\":\"https:\\\/\\\/vozolvapen.de\\\/product\\\/jnr-falcon-x-18000-puff-vape-peach-mango-pineapple\\\/\",\"name\":\"Peach Mango Pineapple JNR 18000 | JNR 18k - vozolvapen\",\"isPartOf\":{\"@id\":\"https:\\\/\\\/vozolvapen.de\\\/#website\"},\"primaryImageOfPage\":{\"@id\":\"https:\\\/\\\/vozolvapen.de\\\/product\\\/jnr-falcon-x-18000-puff-vape-peach-mango-pineapple\\\/#primaryimage\"},\"image\":{\"@id\":\"https:\\\/\\\/vozolvapen.de\\\/product\\\/jnr-falcon-x-18000-puff-vape-peach-mango-pineapple\\\/#primaryimage\"},\"thumbnailUrl\":\"https:\\\/\\\/vozolvapen.de\\\/wp-content\\\/uploads\\\/2026\\\/01\\\/JNR-Falcon-X-18000-18K-Puffs-Disposable-Vape-Adjustable-Airflow-EU-Warehouse-Flavors-list-1.webp\",\"datePublished\":\"2026-01-09T03:06:07+00:00\",\"dateModified\":\"2026-02-10T10:45:56+00:00\",\"description\":\"Tropical Peach Mango Pineapple JNR 18000. 18k puffs with Dual Mesh Coil. Fast 1-3 day EU warehouse delivery. JNR 2026 series.\",\"breadcrumb\":{\"@id\":\"https:\\\/\\\/vozolvapen.de\\\/product\\\/jnr-falcon-x-18000-puff-vape-peach-mango-pineapple\\\/#breadcrumb\"},\"inLanguage\":\"pl-PL\",\"potentialAction\":[{\"@type\":\"ReadAction\",\"target\":[\"https:\\\/\\\/vozolvapen.de\\\/product\\\/jnr-falcon-x-18000-puff-vape-peach-mango-pineapple\\\/\"]}]},{\"@type\":\"ImageObject\",\"inLanguage\":\"pl-PL\",\"@id\":\"https:\\\/\\\/vozolvapen.de\\\/product\\\/jnr-falcon-x-18000-puff-vape-peach-mango-pineapple\\\/#primaryimage\",\"url\":\"https:\\\/\\\/vozolvapen.de\\\/wp-content\\\/uploads\\\/2026\\\/01\\\/JNR-Falcon-X-18000-18K-Puffs-Disposable-Vape-Adjustable-Airflow-EU-Warehouse-Flavors-list-1.webp\",\"contentUrl\":\"https:\\\/\\\/vozolvapen.de\\\/wp-content\\\/uploads\\\/2026\\\/01\\\/JNR-Falcon-X-18000-18K-Puffs-Disposable-Vape-Adjustable-Airflow-EU-Warehouse-Flavors-list-1.webp\",\"width\":1200,\"height\":1029,\"caption\":\"JNR Falcon X 18000 18K Puffs Disposable Vape Adjustable Airflow EU Warehouse Flavors list\"},{\"@type\":\"BreadcrumbList\",\"@id\":\"https:\\\/\\\/vozolvapen.de\\\/product\\\/jnr-falcon-x-18000-puff-vape-peach-mango-pineapple\\\/#breadcrumb\",\"itemListElement\":[{\"@type\":\"ListItem\",\"position\":1,\"name\":\"Home\",\"item\":\"https:\\\/\\\/vozolvapen.de\\\/de\\\/\"},{\"@type\":\"ListItem\",\"position\":2,\"name\":\"Shop\",\"item\":\"https:\\\/\\\/vozolvapen.de\\\/shop\\\/\"},{\"@type\":\"ListItem\",\"position\":3,\"name\":\"JNR Falcon-X 18000 Puff Vape &#8211; Peach Mango Pineapple\"}]},{\"@type\":\"WebSite\",\"@id\":\"https:\\\/\\\/vozolvapen.de\\\/#website\",\"url\":\"https:\\\/\\\/vozolvapen.de\\\/\",\"name\":\"vozolvapen\",\"description\":\"vozolvapen\",\"publisher\":{\"@id\":\"https:\\\/\\\/vozolvapen.de\\\/#organization\"},\"potentialAction\":[{\"@type\":\"SearchAction\",\"target\":{\"@type\":\"EntryPoint\",\"urlTemplate\":\"https:\\\/\\\/vozolvapen.de\\\/?s={search_term_string}\"},\"query-input\":{\"@type\":\"PropertyValueSpecification\",\"valueRequired\":true,\"valueName\":\"search_term_string\"}}],\"inLanguage\":\"pl-PL\"},{\"@type\":\"Organization\",\"@id\":\"https:\\\/\\\/vozolvapen.de\\\/#organization\",\"name\":\"vozolvapen\",\"url\":\"https:\\\/\\\/vozolvapen.de\\\/\",\"logo\":{\"@type\":\"ImageObject\",\"inLanguage\":\"pl-PL\",\"@id\":\"https:\\\/\\\/vozolvapen.de\\\/#\\\/schema\\\/logo\\\/image\\\/\",\"url\":\"https:\\\/\\\/vozolvapen.de\\\/wp-content\\\/uploads\\\/2025\\\/12\\\/cropped-vozovapen-logo.webp\",\"contentUrl\":\"https:\\\/\\\/vozolvapen.de\\\/wp-content\\\/uploads\\\/2025\\\/12\\\/cropped-vozovapen-logo.webp\",\"width\":470,\"height\":110,\"caption\":\"vozolvapen\"},\"image\":{\"@id\":\"https:\\\/\\\/vozolvapen.de\\\/#\\\/schema\\\/logo\\\/image\\\/\"}}]}<\/script>\n<!-- \/ Yoast SEO Premium plugin. -->","yoast_head_json":{"title":"Peach Mango Pineapple JNR 18000 | JNR 18k - vozolvapen","description":"Tropical Peach Mango Pineapple JNR 18000. 18 tys. zaci\u0105gni\u0119\u0107 z podw\u00f3jn\u0105 cewk\u0105 siatkow\u0105. Szybka dostawa do magazynu UE w ci\u0105gu 1-3 dni. Seria JNR 2026.","robots":{"index":"index","follow":"follow","max-snippet":"max-snippet:-1","max-image-preview":"max-image-preview:large","max-video-preview":"max-video-preview:-1"},"canonical":"https:\/\/vozolvapen.de\/pl\/product\/jnr-falcon-x-18000-puff-vape-peach-mango-pineapple\/","og_locale":"pl_PL","og_type":"article","og_title":"JNR Falcon-X 18000 Puff Vape - Peach Mango Pineapple","og_description":"Tropical Peach Mango Pineapple JNR 18000. 18k puffs with Dual Mesh Coil. Fast 1-3 day EU warehouse delivery. JNR 2026 series.","og_url":"https:\/\/vozolvapen.de\/pl\/product\/jnr-falcon-x-18000-puff-vape-peach-mango-pineapple\/","og_site_name":"vozolvapen","article_modified_time":"2026-02-10T10:45:56+00:00","og_image":[{"width":1200,"height":1029,"url":"https:\/\/vozolvapen.de\/wp-content\/uploads\/2026\/01\/JNR-Falcon-X-18000-18K-Puffs-Disposable-Vape-Adjustable-Airflow-EU-Warehouse-Flavors-list-1.webp","type":"image\/webp"}],"twitter_card":"summary_large_image","twitter_misc":{"Szacowany czas czytania":"2 minuty"},"schema":{"@context":"https:\/\/schema.org","@graph":[{"@type":"WebPage","@id":"https:\/\/vozolvapen.de\/product\/jnr-falcon-x-18000-puff-vape-peach-mango-pineapple\/","url":"https:\/\/vozolvapen.de\/product\/jnr-falcon-x-18000-puff-vape-peach-mango-pineapple\/","name":"Peach Mango Pineapple JNR 18000 | JNR 18k - vozolvapen","isPartOf":{"@id":"https:\/\/vozolvapen.de\/#website"},"primaryImageOfPage":{"@id":"https:\/\/vozolvapen.de\/product\/jnr-falcon-x-18000-puff-vape-peach-mango-pineapple\/#primaryimage"},"image":{"@id":"https:\/\/vozolvapen.de\/product\/jnr-falcon-x-18000-puff-vape-peach-mango-pineapple\/#primaryimage"},"thumbnailUrl":"https:\/\/vozolvapen.de\/wp-content\/uploads\/2026\/01\/JNR-Falcon-X-18000-18K-Puffs-Disposable-Vape-Adjustable-Airflow-EU-Warehouse-Flavors-list-1.webp","datePublished":"2026-01-09T03:06:07+00:00","dateModified":"2026-02-10T10:45:56+00:00","description":"Tropical Peach Mango Pineapple JNR 18000. 18 tys. zaci\u0105gni\u0119\u0107 z podw\u00f3jn\u0105 cewk\u0105 siatkow\u0105. Szybka dostawa do magazynu UE w ci\u0105gu 1-3 dni. Seria JNR 2026.","breadcrumb":{"@id":"https:\/\/vozolvapen.de\/product\/jnr-falcon-x-18000-puff-vape-peach-mango-pineapple\/#breadcrumb"},"inLanguage":"pl-PL","potentialAction":[{"@type":"ReadAction","target":["https:\/\/vozolvapen.de\/product\/jnr-falcon-x-18000-puff-vape-peach-mango-pineapple\/"]}]},{"@type":"ImageObject","inLanguage":"pl-PL","@id":"https:\/\/vozolvapen.de\/product\/jnr-falcon-x-18000-puff-vape-peach-mango-pineapple\/#primaryimage","url":"https:\/\/vozolvapen.de\/wp-content\/uploads\/2026\/01\/JNR-Falcon-X-18000-18K-Puffs-Disposable-Vape-Adjustable-Airflow-EU-Warehouse-Flavors-list-1.webp","contentUrl":"https:\/\/vozolvapen.de\/wp-content\/uploads\/2026\/01\/JNR-Falcon-X-18000-18K-Puffs-Disposable-Vape-Adjustable-Airflow-EU-Warehouse-Flavors-list-1.webp","width":1200,"height":1029,"caption":"JNR Falcon X 18000 18K Puffs Disposable Vape Adjustable Airflow EU Warehouse Flavors list"},{"@type":"BreadcrumbList","@id":"https:\/\/vozolvapen.de\/product\/jnr-falcon-x-18000-puff-vape-peach-mango-pineapple\/#breadcrumb","itemListElement":[{"@type":"ListItem","position":1,"name":"Home","item":"https:\/\/vozolvapen.de\/de\/"},{"@type":"ListItem","position":2,"name":"Shop","item":"https:\/\/vozolvapen.de\/shop\/"},{"@type":"ListItem","position":3,"name":"JNR Falcon-X 18000 Puff Vape &#8211; Peach Mango Pineapple"}]},{"@type":"WebSite","@id":"https:\/\/vozolvapen.de\/#website","url":"https:\/\/vozolvapen.de\/","name":"vozolvapen","description":"vozolvapen","publisher":{"@id":"https:\/\/vozolvapen.de\/#organization"},"potentialAction":[{"@type":"SearchAction","target":{"@type":"EntryPoint","urlTemplate":"https:\/\/vozolvapen.de\/?s={search_term_string}"},"query-input":{"@type":"PropertyValueSpecification","valueRequired":true,"valueName":"search_term_string"}}],"inLanguage":"pl-PL"},{"@type":"Organization","@id":"https:\/\/vozolvapen.de\/#organization","name":"vozolvapen","url":"https:\/\/vozolvapen.de\/","logo":{"@type":"ImageObject","inLanguage":"pl-PL","@id":"https:\/\/vozolvapen.de\/#\/schema\/logo\/image\/","url":"https:\/\/vozolvapen.de\/wp-content\/uploads\/2025\/12\/cropped-vozovapen-logo.webp","contentUrl":"https:\/\/vozolvapen.de\/wp-content\/uploads\/2025\/12\/cropped-vozovapen-logo.webp","width":470,"height":110,"caption":"vozolvapen"},"image":{"@id":"https:\/\/vozolvapen.de\/#\/schema\/logo\/image\/"}}]}},"tiered_pricing_type":"fixed","tiered_pricing_fixed_rules":{"30":"13.86","50":"10.86","100":"9.86","200":"8.86"},"tiered_pricing_product_settings":{"layout":"default","base_unit_name":{"singular":null,"plural":null},"default_variation":{}},"tiered_pricing_minimum_quantity":10,"tiered_pricing_roles_data":[],"tiered_pricing_percentage_rules":[],"tiered_pricing_maximum_quantity":null,"tiered_pricing_quantity_step":"10","_links":{"self":[{"href":"http:\/\/vozolvapen.de\/pl\/wp-json\/wp\/v2\/product\/57817","targetHints":{"allow":["GET"]}}],"collection":[{"href":"http:\/\/vozolvapen.de\/pl\/wp-json\/wp\/v2\/product"}],"about":[{"href":"http:\/\/vozolvapen.de\/pl\/wp-json\/wp\/v2\/types\/product"}],"replies":[{"embeddable":true,"href":"http:\/\/vozolvapen.de\/pl\/wp-json\/wp\/v2\/comments?post=57817"}],"wp:featuredmedia":[{"embeddable":true,"href":"http:\/\/vozolvapen.de\/pl\/wp-json\/wp\/v2\/media\/58566"}],"wp:attachment":[{"href":"http:\/\/vozolvapen.de\/pl\/wp-json\/wp\/v2\/media?parent=57817"}],"wp:term":[{"taxonomy":"product_brand","embeddable":true,"href":"http:\/\/vozolvapen.de\/pl\/wp-json\/wp\/v2\/product_brand?post=57817"},{"taxonomy":"product_cat","embeddable":true,"href":"http:\/\/vozolvapen.de\/pl\/wp-json\/wp\/v2\/product_cat?post=57817"},{"taxonomy":"product_tag","embeddable":true,"href":"http:\/\/vozolvapen.de\/pl\/wp-json\/wp\/v2\/product_tag?post=57817"}],"curies":[{"name":"wp","href":"https:\/\/api.w.org\/{rel}","templated":true}]}}