{"id":58003,"date":"2026-01-09T03:06:14","date_gmt":"2026-01-09T03:06:14","guid":{"rendered":"https:\/\/vozolvapen.de\/?post_type=product&#038;p=58003"},"modified":"2026-02-10T10:45:51","modified_gmt":"2026-02-10T10:45:51","slug":"jnr-falcon-x-18000-puff-vape-banana-ice","status":"publish","type":"product","link":"http:\/\/vozolvapen.de\/pl\/product\/jnr-falcon-x-18000-puff-vape-banana-ice\/","title":{"rendered":"JNR Falcon-X 18000 Puff Vape - Banana Ice"},"content":{"rendered":"<h1 data-path-to-node=\"64\"><b data-path-to-node=\"64\" data-index-in-node=\"0\">Banana Ice - JNR Falcon-X 18000 puff 18k jnr<\/b><\/h1>\n<p data-path-to-node=\"65\">Rozkoszuj si\u0119 kremow\u0105, mro\u017con\u0105 rozkosz\u0105 Banana Ice. To <b data-path-to-node=\"65\" data-index-in-node=\"58\">jnr falcon 18000<\/b> odtwarza smak mro\u017conego banana, oferuj\u0105c \u0142agodne uderzenie w gard\u0142o i utrzymuj\u0105cy si\u0119 s\u0142odki finisz.<\/p>\n<h2 data-path-to-node=\"66\"><b data-path-to-node=\"66\" data-index-in-node=\"0\">Profil smakowy<\/b><\/h2>\n<p data-path-to-node=\"66\">Bogaty, dojrza\u0142y i kremowy smak cukierk\u00f3w bananowych, po kt\u00f3rym nast\u0119puje wyra\u017any, ostry mentol. Cewka Dual Mesh Coil zapobiega \u201cprzypaleniu\u201d banana, utrzymuj\u0105c jego kremow\u0105 konsystencj\u0119 a\u017c do 18 000 zaci\u0105gni\u0119cia.<\/p>\n<h2 data-path-to-node=\"67\"><b data-path-to-node=\"67\" data-index-in-node=\"0\">Przewodnik personalizacji<\/b><\/h2>\n<p data-path-to-node=\"67\">Banana Ice najlepiej smakuje przy szeroko otwartym przep\u0142ywie powietrza, aby utrzyma\u0107 ch\u0142odn\u0105 par\u0119 i \u201cpuszysty\u201d, a nie g\u0119sty smak banana.<\/p>\n<h2 data-path-to-node=\"26\">Smak JNR Falcon-X 18000 - Banana Ice<\/h2>\n<table data-path-to-node=\"30\">\n<thead>\n<tr>\n<td><strong>Cecha<\/strong><\/td>\n<td><strong>Ocena<\/strong><\/td>\n<td><strong>Werdykt<\/strong><\/td>\n<\/tr>\n<\/thead>\n<tbody>\n<tr>\n<td><span data-path-to-node=\"30,1,0,0\"><b data-path-to-node=\"30,1,0,0\" data-index-in-node=\"0\">S\u0142odycz<\/b><\/span><\/td>\n<td><span data-path-to-node=\"30,1,1,0\">\u2605\u2605\u2605\u2605\u2606<\/span><\/td>\n<td><span data-path-to-node=\"30,1,2,0\">Kremowy, cukierkowy smak banan\u00f3w.<\/span><\/td>\n<\/tr>\n<tr>\n<td><span data-path-to-node=\"30,2,0,0\"><b data-path-to-node=\"30,2,0,0\" data-index-in-node=\"0\">Icy\/Coolness<\/b><\/span><\/td>\n<td><span data-path-to-node=\"30,2,1,0\">\u2605\u2605\u2605\u2605\u2606<\/span><\/td>\n<td><span data-path-to-node=\"30,2,2,0\">Mocny mr\u00f3z, kt\u00f3ry oczyszcza podniebienie.<\/span><\/td>\n<\/tr>\n<tr>\n<td><span data-path-to-node=\"30,3,0,0\"><b data-path-to-node=\"30,3,0,0\" data-index-in-node=\"0\">Aromat\/kompleksowo\u015b\u0107<\/b><\/span><\/td>\n<td><span data-path-to-node=\"30,3,1,0\">\u2605\u2605\u2605\u2606\u2606<\/span><\/td>\n<td><span data-path-to-node=\"30,3,2,0\">Proste, odwa\u017cne i niezmiennie pyszne.<\/span><\/td>\n<\/tr>\n<tr>\n<td><span data-path-to-node=\"30,4,0,0\"><b data-path-to-node=\"30,4,0,0\" data-index-in-node=\"0\">Podstawowe uwagi<\/b><\/span><\/td>\n<td><span data-path-to-node=\"30,4,1,0\"><b data-path-to-node=\"30,4,1,0\" data-index-in-node=\"0\">Kremowy banan<\/b><\/span><\/td>\n<td><span data-path-to-node=\"30,4,2,0\"><b data-path-to-node=\"30,4,2,0\" data-index-in-node=\"0\">Peppermint Frost<\/b><\/span><\/td>\n<\/tr>\n<\/tbody>\n<\/table>\n<h2><strong>JNR Falcon-X 18000 <\/strong><strong>Wideo\uff1a<\/strong><\/h2>\n<p><iframe title=\"JNR Falcon X 18000 Puff Vape\" src=\"https:\/\/player.vimeo.com\/video\/1151536729?badge=0&amp;autopause=0&amp;player_id=0&amp;app_id=58479\" width=\"400\" height=\"711\" frameborder=\"0\"><\/iframe><\/p>\n<h3 data-path-to-node=\"2\">JNR Falcon-X 18000 Puff Vape - specyfikacja techniczna<\/h3>\n<table data-path-to-node=\"16\">\n<thead>\n<tr>\n<td><strong>Komponent<\/strong><\/td>\n<td><strong>Mo\u017cliwo\u015bci Falcon-X 18000<\/strong><\/td>\n<\/tr>\n<\/thead>\n<tbody>\n<tr>\n<td><span data-path-to-node=\"16,1,0,0\"><b data-path-to-node=\"16,1,0,0\" data-index-in-node=\"0\">Styl przep\u0142ywu powietrza<\/b><\/span><\/td>\n<td><span data-path-to-node=\"16,1,1,0\">Regulowany (wsparcie od MTL do RDL)<\/span><\/td>\n<\/tr>\n<tr>\n<td><span data-path-to-node=\"16,2,0,0\"><b data-path-to-node=\"16,2,0,0\" data-index-in-node=\"0\">Silnik grzewczy<\/b><\/span><\/td>\n<td><span data-path-to-node=\"16,2,1,0\">Podw\u00f3jna cewka siatkowa (<b data-path-to-node=\"16,2,1,0\" data-index-in-node=\"16\">Rezystancja 0,6\u03a9<\/b>)<\/span><\/td>\n<\/tr>\n<tr>\n<td><span data-path-to-node=\"16,3,0,0\"><b data-path-to-node=\"16,3,0,0\" data-index-in-node=\"0\">Puff Rating<\/b><\/span><\/td>\n<td><span data-path-to-node=\"16,3,1,0\">18 000 puff\u00f3w o niezmiennym smaku<\/span><\/td>\n<\/tr>\n<tr>\n<td><span data-path-to-node=\"16,4,0,0\"><b data-path-to-node=\"16,4,0,0\" data-index-in-node=\"0\">Ekran monitora<\/b><\/span><\/td>\n<td><span data-path-to-node=\"16,4,1,0\">Cyfrowy wy\u015bwietlacz \u017cywotno\u015bci oleju i akumulatora<\/span><\/td>\n<\/tr>\n<tr>\n<td><span data-path-to-node=\"16,5,0,0\"><b data-path-to-node=\"16,5,0,0\" data-index-in-node=\"0\">Pojemno\u015b\u0107 cieczy<\/b><\/span><\/td>\n<td><span data-path-to-node=\"16,5,1,0\">24 ml zbiornik o d\u0142ugiej \u017cywotno\u015bci<\/span><\/td>\n<\/tr>\n<tr>\n<td><span data-path-to-node=\"16,6,0,0\"><b data-path-to-node=\"16,6,0,0\" data-index-in-node=\"0\">Akcje regionalne<\/b><\/span><\/td>\n<td><span data-path-to-node=\"16,6,1,0\">Magazyn europejski (<b data-path-to-node=\"16,6,1,0\" data-index-in-node=\"20\">jnr 2026<\/b> zapas\u00f3w)<\/span><\/td>\n<\/tr>\n<tr>\n<td><span data-path-to-node=\"16,7,0,0\"><b data-path-to-node=\"16,7,0,0\" data-index-in-node=\"0\">Poziom nikotyny<\/b><\/span><\/td>\n<td><span data-path-to-node=\"16,7,1,0\">S\u00f3l o wysokim nasyceniu 20 mg \/ 50 mg<\/span><\/td>\n<\/tr>\n<\/tbody>\n<\/table>\n<h3 dir=\"auto\">Oto dalsze zalecenia dla Ciebie:<\/h3>\n<p dir=\"auto\">Odkryj jeszcze wi\u0119cej niesamowitych smak\u00f3w dzi\u0119ki JNR Falcon-X 18000 Puff Vape!<\/p>\n<p dir=\"auto\"><a href=\"https:\/\/vozolvapen.de\/pl\/product-category\/jnr-vape\/jnr-falcon-x-18000-puff-vape\/\" target=\"_blank\" rel=\"noopener noreferrer nofollow\">Zobacz wszystkie odmiany tutaj \u2192<\/a><\/p>\n<p dir=\"auto\">Zapoznaj si\u0119 z nasz\u0105 pe\u0142n\u0105 kolekcj\u0105 i kupuj produkty najlepszych marek vape, kt\u00f3re pokochasz.<\/p>\n<p dir=\"auto\"><a href=\"https:\/\/vozolvapen.de\/pl\/\" target=\"_blank\" rel=\"noopener noreferrer nofollow\">Przegl\u0105daj teraz wszystkie marki \u2192<\/a><\/p>\n<p dir=\"auto\">Sprawd\u017a ca\u0142\u0105 seri\u0119 JNR Vape - ka\u017cdy smak, ka\u017cdy styl!<\/p>\n<p dir=\"auto\"><a href=\"https:\/\/vozolvapen.de\/pl\/product-category\/jnr-vape\/\" target=\"_blank\" rel=\"noopener noreferrer nofollow\">Zobacz pe\u0142n\u0105 kolekcj\u0119 JNR Vape \u2192<\/a><\/p>","protected":false},"excerpt":{"rendered":"<p>Kremowy cukierek bananowy z silnym arktycznym mrozem. The <b data-path-to-node=\"3,10,4,0\" data-index-in-node=\"51\">JNR Falcon-X<\/b> wykorzystuje cewk\u0119 0,6\u03a9, aby utrzyma\u0107 bogaty smak banan\u00f3w przez wszystkie 18 000 zaci\u0105gni\u0119\u0107.<\/p>","protected":false},"featured_media":58570,"comment_status":"open","ping_status":"closed","template":"","meta":{"_acf_changed":false},"product_brand":[],"product_cat":[134,59],"product_tag":[],"class_list":{"0":"post-58003","1":"product","2":"type-product","3":"status-publish","4":"has-post-thumbnail","6":"product_cat-eu-warehouse-in-stock","7":"product_cat-jnr-falcon-x-18000-puff-vape","9":"first","10":"instock","11":"shipping-taxable","12":"purchasable","13":"product-type-variable"},"acf":[],"yoast_head":"<!-- This site is optimized with the Yoast SEO Premium plugin v26.1 (Yoast SEO v27.5) - https:\/\/yoast.com\/product\/yoast-seo-premium-wordpress\/ -->\n<title>Banana Ice JNR 18k | JNR Falcon 18000 Puff - vozolvapen<\/title>\n<meta name=\"description\" content=\"Frozen Banana Ice JNR 18000. 18k puffs of creamy menthol flavor. European warehouse stock. Best JNR 2026 disposable vapes.\" \/>\n<meta name=\"robots\" content=\"index, follow, max-snippet:-1, max-image-preview:large, max-video-preview:-1\" \/>\n<link rel=\"canonical\" href=\"https:\/\/vozolvapen.de\/pl\/product\/jnr-falcon-x-18000-puff-vape-banana-ice\/\" \/>\n<meta property=\"og:locale\" content=\"pl_PL\" \/>\n<meta property=\"og:type\" content=\"article\" \/>\n<meta property=\"og:title\" content=\"JNR Falcon-X 18000 Puff Vape - Banana Ice\" \/>\n<meta property=\"og:description\" content=\"Frozen Banana Ice JNR 18000. 18k puffs of creamy menthol flavor. European warehouse stock. Best JNR 2026 disposable vapes.\" \/>\n<meta property=\"og:url\" content=\"https:\/\/vozolvapen.de\/pl\/product\/jnr-falcon-x-18000-puff-vape-banana-ice\/\" \/>\n<meta property=\"og:site_name\" content=\"vozolvapen\" \/>\n<meta property=\"article:modified_time\" content=\"2026-02-10T10:45:51+00:00\" \/>\n<meta property=\"og:image\" content=\"https:\/\/vozolvapen.de\/wp-content\/uploads\/2026\/01\/JNR-Falcon-X-18000-Banana-Ice.webp\" \/>\n\t<meta property=\"og:image:width\" content=\"1200\" \/>\n\t<meta property=\"og:image:height\" content=\"1200\" \/>\n\t<meta property=\"og:image:type\" content=\"image\/webp\" \/>\n<meta name=\"twitter:card\" content=\"summary_large_image\" \/>\n<meta name=\"twitter:label1\" content=\"Szacowany czas czytania\" \/>\n\t<meta name=\"twitter:data1\" content=\"2 minuty\" \/>\n<script type=\"application\/ld+json\" class=\"yoast-schema-graph\">{\"@context\":\"https:\\\/\\\/schema.org\",\"@graph\":[{\"@type\":\"WebPage\",\"@id\":\"https:\\\/\\\/vozolvapen.de\\\/product\\\/jnr-falcon-x-18000-puff-vape-banana-ice\\\/\",\"url\":\"https:\\\/\\\/vozolvapen.de\\\/product\\\/jnr-falcon-x-18000-puff-vape-banana-ice\\\/\",\"name\":\"Banana Ice JNR 18k | JNR Falcon 18000 Puff - vozolvapen\",\"isPartOf\":{\"@id\":\"https:\\\/\\\/vozolvapen.de\\\/#website\"},\"primaryImageOfPage\":{\"@id\":\"https:\\\/\\\/vozolvapen.de\\\/product\\\/jnr-falcon-x-18000-puff-vape-banana-ice\\\/#primaryimage\"},\"image\":{\"@id\":\"https:\\\/\\\/vozolvapen.de\\\/product\\\/jnr-falcon-x-18000-puff-vape-banana-ice\\\/#primaryimage\"},\"thumbnailUrl\":\"https:\\\/\\\/vozolvapen.de\\\/wp-content\\\/uploads\\\/2026\\\/01\\\/JNR-Falcon-X-18000-Banana-Ice.webp\",\"datePublished\":\"2026-01-09T03:06:14+00:00\",\"dateModified\":\"2026-02-10T10:45:51+00:00\",\"description\":\"Frozen Banana Ice JNR 18000. 18k puffs of creamy menthol flavor. European warehouse stock. Best JNR 2026 disposable vapes.\",\"breadcrumb\":{\"@id\":\"https:\\\/\\\/vozolvapen.de\\\/product\\\/jnr-falcon-x-18000-puff-vape-banana-ice\\\/#breadcrumb\"},\"inLanguage\":\"pl-PL\",\"potentialAction\":[{\"@type\":\"ReadAction\",\"target\":[\"https:\\\/\\\/vozolvapen.de\\\/product\\\/jnr-falcon-x-18000-puff-vape-banana-ice\\\/\"]}]},{\"@type\":\"ImageObject\",\"inLanguage\":\"pl-PL\",\"@id\":\"https:\\\/\\\/vozolvapen.de\\\/product\\\/jnr-falcon-x-18000-puff-vape-banana-ice\\\/#primaryimage\",\"url\":\"https:\\\/\\\/vozolvapen.de\\\/wp-content\\\/uploads\\\/2026\\\/01\\\/JNR-Falcon-X-18000-Banana-Ice.webp\",\"contentUrl\":\"https:\\\/\\\/vozolvapen.de\\\/wp-content\\\/uploads\\\/2026\\\/01\\\/JNR-Falcon-X-18000-Banana-Ice.webp\",\"width\":1200,\"height\":1200,\"caption\":\"JNR Falcon X 18000 Banana Ice\"},{\"@type\":\"BreadcrumbList\",\"@id\":\"https:\\\/\\\/vozolvapen.de\\\/product\\\/jnr-falcon-x-18000-puff-vape-banana-ice\\\/#breadcrumb\",\"itemListElement\":[{\"@type\":\"ListItem\",\"position\":1,\"name\":\"Home\",\"item\":\"https:\\\/\\\/vozolvapen.de\\\/de\\\/\"},{\"@type\":\"ListItem\",\"position\":2,\"name\":\"Shop\",\"item\":\"https:\\\/\\\/vozolvapen.de\\\/shop\\\/\"},{\"@type\":\"ListItem\",\"position\":3,\"name\":\"JNR Falcon-X 18000 Puff Vape &#8211; Banana Ice\"}]},{\"@type\":\"WebSite\",\"@id\":\"https:\\\/\\\/vozolvapen.de\\\/#website\",\"url\":\"https:\\\/\\\/vozolvapen.de\\\/\",\"name\":\"vozolvapen\",\"description\":\"vozolvapen\",\"publisher\":{\"@id\":\"https:\\\/\\\/vozolvapen.de\\\/#organization\"},\"potentialAction\":[{\"@type\":\"SearchAction\",\"target\":{\"@type\":\"EntryPoint\",\"urlTemplate\":\"https:\\\/\\\/vozolvapen.de\\\/?s={search_term_string}\"},\"query-input\":{\"@type\":\"PropertyValueSpecification\",\"valueRequired\":true,\"valueName\":\"search_term_string\"}}],\"inLanguage\":\"pl-PL\"},{\"@type\":\"Organization\",\"@id\":\"https:\\\/\\\/vozolvapen.de\\\/#organization\",\"name\":\"vozolvapen\",\"url\":\"https:\\\/\\\/vozolvapen.de\\\/\",\"logo\":{\"@type\":\"ImageObject\",\"inLanguage\":\"pl-PL\",\"@id\":\"https:\\\/\\\/vozolvapen.de\\\/#\\\/schema\\\/logo\\\/image\\\/\",\"url\":\"https:\\\/\\\/vozolvapen.de\\\/wp-content\\\/uploads\\\/2025\\\/12\\\/cropped-vozovapen-logo.webp\",\"contentUrl\":\"https:\\\/\\\/vozolvapen.de\\\/wp-content\\\/uploads\\\/2025\\\/12\\\/cropped-vozovapen-logo.webp\",\"width\":470,\"height\":110,\"caption\":\"vozolvapen\"},\"image\":{\"@id\":\"https:\\\/\\\/vozolvapen.de\\\/#\\\/schema\\\/logo\\\/image\\\/\"}}]}<\/script>\n<!-- \/ Yoast SEO Premium plugin. -->","yoast_head_json":{"title":"Banana Ice JNR 18k | JNR Falcon 18000 Puff - vozolvapen","description":"Frozen Banana Ice JNR 18000. 18 tys. puff\u00f3w o kremowym mentolowym smaku. Magazyn europejski. Najlepsze waporyzatory jednorazowe JNR 2026.","robots":{"index":"index","follow":"follow","max-snippet":"max-snippet:-1","max-image-preview":"max-image-preview:large","max-video-preview":"max-video-preview:-1"},"canonical":"https:\/\/vozolvapen.de\/pl\/product\/jnr-falcon-x-18000-puff-vape-banana-ice\/","og_locale":"pl_PL","og_type":"article","og_title":"JNR Falcon-X 18000 Puff Vape - Banana Ice","og_description":"Frozen Banana Ice JNR 18000. 18k puffs of creamy menthol flavor. European warehouse stock. Best JNR 2026 disposable vapes.","og_url":"https:\/\/vozolvapen.de\/pl\/product\/jnr-falcon-x-18000-puff-vape-banana-ice\/","og_site_name":"vozolvapen","article_modified_time":"2026-02-10T10:45:51+00:00","og_image":[{"width":1200,"height":1200,"url":"https:\/\/vozolvapen.de\/wp-content\/uploads\/2026\/01\/JNR-Falcon-X-18000-Banana-Ice.webp","type":"image\/webp"}],"twitter_card":"summary_large_image","twitter_misc":{"Szacowany czas czytania":"2 minuty"},"schema":{"@context":"https:\/\/schema.org","@graph":[{"@type":"WebPage","@id":"https:\/\/vozolvapen.de\/product\/jnr-falcon-x-18000-puff-vape-banana-ice\/","url":"https:\/\/vozolvapen.de\/product\/jnr-falcon-x-18000-puff-vape-banana-ice\/","name":"Banana Ice JNR 18k | JNR Falcon 18000 Puff - vozolvapen","isPartOf":{"@id":"https:\/\/vozolvapen.de\/#website"},"primaryImageOfPage":{"@id":"https:\/\/vozolvapen.de\/product\/jnr-falcon-x-18000-puff-vape-banana-ice\/#primaryimage"},"image":{"@id":"https:\/\/vozolvapen.de\/product\/jnr-falcon-x-18000-puff-vape-banana-ice\/#primaryimage"},"thumbnailUrl":"https:\/\/vozolvapen.de\/wp-content\/uploads\/2026\/01\/JNR-Falcon-X-18000-Banana-Ice.webp","datePublished":"2026-01-09T03:06:14+00:00","dateModified":"2026-02-10T10:45:51+00:00","description":"Frozen Banana Ice JNR 18000. 18 tys. puff\u00f3w o kremowym mentolowym smaku. Magazyn europejski. Najlepsze waporyzatory jednorazowe JNR 2026.","breadcrumb":{"@id":"https:\/\/vozolvapen.de\/product\/jnr-falcon-x-18000-puff-vape-banana-ice\/#breadcrumb"},"inLanguage":"pl-PL","potentialAction":[{"@type":"ReadAction","target":["https:\/\/vozolvapen.de\/product\/jnr-falcon-x-18000-puff-vape-banana-ice\/"]}]},{"@type":"ImageObject","inLanguage":"pl-PL","@id":"https:\/\/vozolvapen.de\/product\/jnr-falcon-x-18000-puff-vape-banana-ice\/#primaryimage","url":"https:\/\/vozolvapen.de\/wp-content\/uploads\/2026\/01\/JNR-Falcon-X-18000-Banana-Ice.webp","contentUrl":"https:\/\/vozolvapen.de\/wp-content\/uploads\/2026\/01\/JNR-Falcon-X-18000-Banana-Ice.webp","width":1200,"height":1200,"caption":"JNR Falcon X 18000 Banana Ice"},{"@type":"BreadcrumbList","@id":"https:\/\/vozolvapen.de\/product\/jnr-falcon-x-18000-puff-vape-banana-ice\/#breadcrumb","itemListElement":[{"@type":"ListItem","position":1,"name":"Home","item":"https:\/\/vozolvapen.de\/de\/"},{"@type":"ListItem","position":2,"name":"Shop","item":"https:\/\/vozolvapen.de\/shop\/"},{"@type":"ListItem","position":3,"name":"JNR Falcon-X 18000 Puff Vape &#8211; Banana Ice"}]},{"@type":"WebSite","@id":"https:\/\/vozolvapen.de\/#website","url":"https:\/\/vozolvapen.de\/","name":"vozolvapen","description":"vozolvapen","publisher":{"@id":"https:\/\/vozolvapen.de\/#organization"},"potentialAction":[{"@type":"SearchAction","target":{"@type":"EntryPoint","urlTemplate":"https:\/\/vozolvapen.de\/?s={search_term_string}"},"query-input":{"@type":"PropertyValueSpecification","valueRequired":true,"valueName":"search_term_string"}}],"inLanguage":"pl-PL"},{"@type":"Organization","@id":"https:\/\/vozolvapen.de\/#organization","name":"vozolvapen","url":"https:\/\/vozolvapen.de\/","logo":{"@type":"ImageObject","inLanguage":"pl-PL","@id":"https:\/\/vozolvapen.de\/#\/schema\/logo\/image\/","url":"https:\/\/vozolvapen.de\/wp-content\/uploads\/2025\/12\/cropped-vozovapen-logo.webp","contentUrl":"https:\/\/vozolvapen.de\/wp-content\/uploads\/2025\/12\/cropped-vozovapen-logo.webp","width":470,"height":110,"caption":"vozolvapen"},"image":{"@id":"https:\/\/vozolvapen.de\/#\/schema\/logo\/image\/"}}]}},"tiered_pricing_type":"fixed","tiered_pricing_fixed_rules":{"30":"13.86","50":"10.86","100":"9.86","200":"8.86"},"tiered_pricing_product_settings":{"layout":"default","base_unit_name":{"singular":null,"plural":null},"default_variation":{}},"tiered_pricing_minimum_quantity":10,"tiered_pricing_roles_data":[],"tiered_pricing_percentage_rules":[],"tiered_pricing_maximum_quantity":null,"tiered_pricing_quantity_step":"10","_links":{"self":[{"href":"http:\/\/vozolvapen.de\/pl\/wp-json\/wp\/v2\/product\/58003","targetHints":{"allow":["GET"]}}],"collection":[{"href":"http:\/\/vozolvapen.de\/pl\/wp-json\/wp\/v2\/product"}],"about":[{"href":"http:\/\/vozolvapen.de\/pl\/wp-json\/wp\/v2\/types\/product"}],"replies":[{"embeddable":true,"href":"http:\/\/vozolvapen.de\/pl\/wp-json\/wp\/v2\/comments?post=58003"}],"wp:featuredmedia":[{"embeddable":true,"href":"http:\/\/vozolvapen.de\/pl\/wp-json\/wp\/v2\/media\/58570"}],"wp:attachment":[{"href":"http:\/\/vozolvapen.de\/pl\/wp-json\/wp\/v2\/media?parent=58003"}],"wp:term":[{"taxonomy":"product_brand","embeddable":true,"href":"http:\/\/vozolvapen.de\/pl\/wp-json\/wp\/v2\/product_brand?post=58003"},{"taxonomy":"product_cat","embeddable":true,"href":"http:\/\/vozolvapen.de\/pl\/wp-json\/wp\/v2\/product_cat?post=58003"},{"taxonomy":"product_tag","embeddable":true,"href":"http:\/\/vozolvapen.de\/pl\/wp-json\/wp\/v2\/product_tag?post=58003"}],"curies":[{"name":"wp","href":"https:\/\/api.w.org\/{rel}","templated":true}]}}