{"id":58096,"date":"2026-01-09T03:06:19","date_gmt":"2026-01-09T03:06:19","guid":{"rendered":"https:\/\/vozolvapen.de\/?post_type=product&#038;p=58096"},"modified":"2026-02-10T10:45:49","modified_gmt":"2026-02-10T10:45:49","slug":"jnr-falcon-x-18000-puff-vape-skittles","status":"publish","type":"product","link":"http:\/\/vozolvapen.de\/pl\/product\/jnr-falcon-x-18000-puff-vape-skittles\/","title":{"rendered":"JNR Falcon-X 18000 Puff Vape - Skittles"},"content":{"rendered":"<h1 data-path-to-node=\"70\"><b data-path-to-node=\"70\" data-index-in-node=\"0\">Skittles - JNR Falcon-X 18000 jnr 18000<\/b><\/h1>\n<p data-path-to-node=\"71\">Zasmakuj t\u0119czy z cukierkami Skittles <b data-path-to-node=\"71\" data-index-in-node=\"36\">jnr puff 18000<\/b>. Ten inspirowany cukierkami smak to wir nut cytrusowych, winogronowych i jagodowych, kt\u00f3ry sprawi, \u017ce Twoje kubki smakowe b\u0119d\u0105 zgadywa\u0107.<\/p>\n<h2 data-path-to-node=\"72\"><b data-path-to-node=\"72\" data-index-in-node=\"0\">Profil smakowy<\/b><\/h2>\n<p data-path-to-node=\"72\">Z\u0142o\u017cona, s\u0142odka mieszanka cukierk\u00f3w limonkowych, cytrynowych, pomara\u0144czowych, winogronowych i truskawkowych. Jest to s\u0142odki i lekko pikantny cukierniczy sen o wysokim nasyceniu.<\/p>\n<h2 data-path-to-node=\"73\"><b data-path-to-node=\"73\" data-index-in-node=\"0\">Przewodnik personalizacji<\/b><\/h2>\n<p data-path-to-node=\"73\">U\u017cyj cyfrowego wy\u015bwietlacza, aby monitorowa\u0107 poziom p\u0142ynu, poniewa\u017c b\u0119dziesz chcia\u0142 waporyzowa\u0107 ten tyto\u0144 bez przerwy! U\u017cyj \u015bredniego przep\u0142ywu powietrza, aby rozr\u00f3\u017cni\u0107 wszystkie nuty cukierk\u00f3w owocowych.<\/p>\n<h2 data-path-to-node=\"26\">JNR Falcon-X 18000 Smak - Skittles<\/h2>\n<table data-path-to-node=\"33\">\n<thead>\n<tr>\n<td><strong>Cecha<\/strong><\/td>\n<td><strong>Ocena<\/strong><\/td>\n<td><strong>Werdykt<\/strong><\/td>\n<\/tr>\n<\/thead>\n<tbody>\n<tr>\n<td><span data-path-to-node=\"33,1,0,0\"><b data-path-to-node=\"33,1,0,0\" data-index-in-node=\"0\">S\u0142odycz<\/b><\/span><\/td>\n<td><span data-path-to-node=\"33,1,1,0\">\u2605\u2605\u2605\u2605\u2605<\/span><\/td>\n<td><span data-path-to-node=\"33,1,2,0\">Wielobarwna t\u0119cza cukru pudru.<\/span><\/td>\n<\/tr>\n<tr>\n<td><span data-path-to-node=\"33,2,0,0\"><b data-path-to-node=\"33,2,0,0\" data-index-in-node=\"0\">Icy\/Coolness<\/b><\/span><\/td>\n<td><span data-path-to-node=\"33,2,1,0\">\u2605\u2605\u2606\u2606\u2606<\/span><\/td>\n<td><span data-path-to-node=\"33,2,2,0\">Bardzo lekkie sch\u0142odzenie, aby na\u015bladowa\u0107 sch\u0142odzone cukierki.<\/span><\/td>\n<\/tr>\n<tr>\n<td><span data-path-to-node=\"33,3,0,0\"><b data-path-to-node=\"33,3,0,0\" data-index-in-node=\"0\">Aromat\/kompleksowo\u015b\u0107<\/b><\/span><\/td>\n<td><span data-path-to-node=\"33,3,1,0\">\u2605\u2605\u2605\u2605\u2605<\/span><\/td>\n<td><span data-path-to-node=\"33,3,2,0\">\u017bywy i nostalgiczny zapach mieszanki owoc\u00f3w.<\/span><\/td>\n<\/tr>\n<tr>\n<td><span data-path-to-node=\"33,4,0,0\"><b data-path-to-node=\"33,4,0,0\" data-index-in-node=\"0\">Podstawowe uwagi<\/b><\/span><\/td>\n<td><span data-path-to-node=\"33,4,1,0\"><b data-path-to-node=\"33,4,1,0\" data-index-in-node=\"0\">Sk\u00f3rka cytrusowa<\/b><\/span><\/td>\n<td><span data-path-to-node=\"33,4,2,0\"><b data-path-to-node=\"33,4,2,0\" data-index-in-node=\"0\">Cukierki winogronowe<\/b><\/span><\/td>\n<\/tr>\n<\/tbody>\n<\/table>\n<h2><strong>JNR Falcon-X 18000 <\/strong><strong>Wideo\uff1a<\/strong><\/h2>\n<p><iframe title=\"JNR Falcon X 18000 Puff Vape\" src=\"https:\/\/player.vimeo.com\/video\/1151536729?badge=0&amp;autopause=0&amp;player_id=0&amp;app_id=58479\" width=\"400\" height=\"711\" frameborder=\"0\"><\/iframe><\/p>\n<h3 data-path-to-node=\"2\">JNR Falcon-X 18000 Puff Vape - specyfikacja techniczna<\/h3>\n<table data-path-to-node=\"4\">\n<thead>\n<tr>\n<td><strong>Komponent techniczny<\/strong><\/td>\n<td><strong>Wydajno\u015b\u0107 JNR Falcon-X 18000<\/strong><\/td>\n<\/tr>\n<\/thead>\n<tbody>\n<tr>\n<td><span data-path-to-node=\"4,1,0,0\"><b data-path-to-node=\"4,1,0,0\" data-index-in-node=\"0\">Architektura modelu<\/b><\/span><\/td>\n<td><span data-path-to-node=\"4,1,1,0\">JNR Falcon-X 18000 (<b data-path-to-node=\"4,1,1,0\" data-index-in-node=\"20\">jnr 2026<\/b> Edition)<\/span><\/td>\n<\/tr>\n<tr>\n<td><span data-path-to-node=\"4,2,0,0\"><b data-path-to-node=\"4,2,0,0\" data-index-in-node=\"0\">Core Power<\/b><\/span><\/td>\n<td><span data-path-to-node=\"4,2,1,0\">System dwurdzeniowy z cewk\u0105 siatkow\u0105 0,6\u03a9<\/span><\/td>\n<\/tr>\n<tr>\n<td><span data-path-to-node=\"4,3,0,0\"><b data-path-to-node=\"4,3,0,0\" data-index-in-node=\"0\">Puff Endurance<\/b><\/span><\/td>\n<td><span data-path-to-node=\"4,3,1,0\">Do 18 000 zaci\u0105gni\u0119\u0107 (<b data-path-to-node=\"4,3,1,0\" data-index-in-node=\"20\">jnr puff 18000<\/b>)<\/span><\/td>\n<\/tr>\n<tr>\n<td><span data-path-to-node=\"4,4,0,0\"><b data-path-to-node=\"4,4,0,0\" data-index-in-node=\"0\">Kontrola opar\u00f3w<\/b><\/span><\/td>\n<td><span data-path-to-node=\"4,4,1,0\">W pe\u0142ni regulowany prze\u0142\u0105cznik przep\u0142ywu powietrza<\/span><\/td>\n<\/tr>\n<tr>\n<td><span data-path-to-node=\"4,5,0,0\"><b data-path-to-node=\"4,5,0,0\" data-index-in-node=\"0\">\u017bywotno\u015b\u0107 baterii<\/b><\/span><\/td>\n<td><span data-path-to-node=\"4,5,1,0\">Zintegrowane ogniwo akumulatorowe 960 mAh<\/span><\/td>\n<\/tr>\n<tr>\n<td><span data-path-to-node=\"4,6,0,0\"><b data-path-to-node=\"4,6,0,0\" data-index-in-node=\"0\">Zbiornik soku<\/b><\/span><\/td>\n<td><span data-path-to-node=\"4,6,1,0\">24 ml wst\u0119pnie nape\u0142nionego p\u0142ynu premium<\/span><\/td>\n<\/tr>\n<tr>\n<td><span data-path-to-node=\"4,7,0,0\"><b data-path-to-node=\"4,7,0,0\" data-index-in-node=\"0\">Wizualne sprz\u0119\u017cenie zwrotne<\/b><\/span><\/td>\n<td><span data-path-to-node=\"4,7,1,0\">Inteligentny wy\u015bwietlacz cyfrowy (bateria i olej %)<\/span><\/td>\n<\/tr>\n<\/tbody>\n<\/table>\n<h3 dir=\"auto\">Oto dalsze zalecenia dla Ciebie:<\/h3>\n<p dir=\"auto\">Odkryj jeszcze wi\u0119cej niesamowitych smak\u00f3w dzi\u0119ki JNR Falcon-X 18000 Puff Vape!<\/p>\n<p dir=\"auto\"><a href=\"https:\/\/vozolvapen.de\/pl\/product-category\/jnr-vape\/jnr-falcon-x-18000-puff-vape\/\" target=\"_blank\" rel=\"noopener noreferrer nofollow\">Zobacz wszystkie odmiany tutaj \u2192<\/a><\/p>\n<p dir=\"auto\">Zapoznaj si\u0119 z nasz\u0105 pe\u0142n\u0105 kolekcj\u0105 i kupuj produkty najlepszych marek vape, kt\u00f3re pokochasz.<\/p>\n<p dir=\"auto\"><a href=\"https:\/\/vozolvapen.de\/pl\/\" target=\"_blank\" rel=\"noopener noreferrer nofollow\">Przegl\u0105daj teraz wszystkie marki \u2192<\/a><\/p>\n<p dir=\"auto\">Sprawd\u017a ca\u0142\u0105 seri\u0119 JNR Vape - ka\u017cdy smak, ka\u017cdy styl!<\/p>\n<p dir=\"auto\"><a href=\"https:\/\/vozolvapen.de\/pl\/product-category\/jnr-vape\/\" target=\"_blank\" rel=\"noopener noreferrer nofollow\">Zobacz pe\u0142n\u0105 kolekcj\u0119 JNR Vape \u2192<\/a><\/p>","protected":false},"excerpt":{"rendered":"<p>Wibruj\u0105ca eksplozja s\u0142odkich nut mieszanych owoc\u00f3w. To <b data-path-to-node=\"3,11,4,0\" data-index-in-node=\"53\">JNR 18000<\/b> Model ten wyposa\u017cony jest w regulowany przep\u0142yw powietrza, kt\u00f3ry pozwala dostosowa\u0107 18-karatowe chmury.<\/p>","protected":false},"featured_media":58571,"comment_status":"open","ping_status":"closed","template":"","meta":{"_acf_changed":false},"product_brand":[],"product_cat":[134,59],"product_tag":[],"class_list":{"0":"post-58096","1":"product","2":"type-product","3":"status-publish","4":"has-post-thumbnail","6":"product_cat-eu-warehouse-in-stock","7":"product_cat-jnr-falcon-x-18000-puff-vape","9":"first","10":"instock","11":"shipping-taxable","12":"purchasable","13":"product-type-variable"},"acf":[],"yoast_head":"<!-- This site is optimized with the Yoast SEO Premium plugin v26.1 (Yoast SEO v27.5) - https:\/\/yoast.com\/product\/yoast-seo-premium-wordpress\/ -->\n<title>Skittles JNR Falcon-X 18000 | JNR Puff 18000 - vozolvapen<\/title>\n<meta name=\"description\" content=\"Taste the rainbow with Skittles JNR 18000. 18k puffs of candy fruit flavor. Dual Mesh Coil. Fast 1-3 day delivery from EU.\" \/>\n<meta name=\"robots\" content=\"index, follow, max-snippet:-1, max-image-preview:large, max-video-preview:-1\" \/>\n<link rel=\"canonical\" href=\"https:\/\/vozolvapen.de\/pl\/product\/jnr-falcon-x-18000-puff-vape-skittles\/\" \/>\n<meta property=\"og:locale\" content=\"pl_PL\" \/>\n<meta property=\"og:type\" content=\"article\" \/>\n<meta property=\"og:title\" content=\"JNR Falcon-X 18000 Puff Vape - Skittles\" \/>\n<meta property=\"og:description\" content=\"Taste the rainbow with Skittles JNR 18000. 18k puffs of candy fruit flavor. Dual Mesh Coil. Fast 1-3 day delivery from EU.\" \/>\n<meta property=\"og:url\" content=\"https:\/\/vozolvapen.de\/pl\/product\/jnr-falcon-x-18000-puff-vape-skittles\/\" \/>\n<meta property=\"og:site_name\" content=\"vozolvapen\" \/>\n<meta property=\"article:modified_time\" content=\"2026-02-10T10:45:49+00:00\" \/>\n<meta property=\"og:image\" content=\"https:\/\/vozolvapen.de\/wp-content\/uploads\/2026\/01\/JNR-Falcon-X-18000-Skittles.webp\" \/>\n\t<meta property=\"og:image:width\" content=\"1200\" \/>\n\t<meta property=\"og:image:height\" content=\"1200\" \/>\n\t<meta property=\"og:image:type\" content=\"image\/webp\" \/>\n<meta name=\"twitter:card\" content=\"summary_large_image\" \/>\n<meta name=\"twitter:label1\" content=\"Szacowany czas czytania\" \/>\n\t<meta name=\"twitter:data1\" content=\"2 minuty\" \/>\n<script type=\"application\/ld+json\" class=\"yoast-schema-graph\">{\"@context\":\"https:\\\/\\\/schema.org\",\"@graph\":[{\"@type\":\"WebPage\",\"@id\":\"https:\\\/\\\/vozolvapen.de\\\/product\\\/jnr-falcon-x-18000-puff-vape-skittles\\\/\",\"url\":\"https:\\\/\\\/vozolvapen.de\\\/product\\\/jnr-falcon-x-18000-puff-vape-skittles\\\/\",\"name\":\"Skittles JNR Falcon-X 18000 | JNR Puff 18000 - vozolvapen\",\"isPartOf\":{\"@id\":\"https:\\\/\\\/vozolvapen.de\\\/#website\"},\"primaryImageOfPage\":{\"@id\":\"https:\\\/\\\/vozolvapen.de\\\/product\\\/jnr-falcon-x-18000-puff-vape-skittles\\\/#primaryimage\"},\"image\":{\"@id\":\"https:\\\/\\\/vozolvapen.de\\\/product\\\/jnr-falcon-x-18000-puff-vape-skittles\\\/#primaryimage\"},\"thumbnailUrl\":\"https:\\\/\\\/vozolvapen.de\\\/wp-content\\\/uploads\\\/2026\\\/01\\\/JNR-Falcon-X-18000-Skittles.webp\",\"datePublished\":\"2026-01-09T03:06:19+00:00\",\"dateModified\":\"2026-02-10T10:45:49+00:00\",\"description\":\"Taste the rainbow with Skittles JNR 18000. 18k puffs of candy fruit flavor. Dual Mesh Coil. Fast 1-3 day delivery from EU.\",\"breadcrumb\":{\"@id\":\"https:\\\/\\\/vozolvapen.de\\\/product\\\/jnr-falcon-x-18000-puff-vape-skittles\\\/#breadcrumb\"},\"inLanguage\":\"pl-PL\",\"potentialAction\":[{\"@type\":\"ReadAction\",\"target\":[\"https:\\\/\\\/vozolvapen.de\\\/product\\\/jnr-falcon-x-18000-puff-vape-skittles\\\/\"]}]},{\"@type\":\"ImageObject\",\"inLanguage\":\"pl-PL\",\"@id\":\"https:\\\/\\\/vozolvapen.de\\\/product\\\/jnr-falcon-x-18000-puff-vape-skittles\\\/#primaryimage\",\"url\":\"https:\\\/\\\/vozolvapen.de\\\/wp-content\\\/uploads\\\/2026\\\/01\\\/JNR-Falcon-X-18000-Skittles.webp\",\"contentUrl\":\"https:\\\/\\\/vozolvapen.de\\\/wp-content\\\/uploads\\\/2026\\\/01\\\/JNR-Falcon-X-18000-Skittles.webp\",\"width\":1200,\"height\":1200,\"caption\":\"JNR Falcon X 18000 - Skittles\"},{\"@type\":\"BreadcrumbList\",\"@id\":\"https:\\\/\\\/vozolvapen.de\\\/product\\\/jnr-falcon-x-18000-puff-vape-skittles\\\/#breadcrumb\",\"itemListElement\":[{\"@type\":\"ListItem\",\"position\":1,\"name\":\"Home\",\"item\":\"https:\\\/\\\/vozolvapen.de\\\/de\\\/\"},{\"@type\":\"ListItem\",\"position\":2,\"name\":\"Shop\",\"item\":\"https:\\\/\\\/vozolvapen.de\\\/shop\\\/\"},{\"@type\":\"ListItem\",\"position\":3,\"name\":\"JNR Falcon-X 18000 Puff Vape &#8211; Skittles\"}]},{\"@type\":\"WebSite\",\"@id\":\"https:\\\/\\\/vozolvapen.de\\\/#website\",\"url\":\"https:\\\/\\\/vozolvapen.de\\\/\",\"name\":\"vozolvapen\",\"description\":\"vozolvapen\",\"publisher\":{\"@id\":\"https:\\\/\\\/vozolvapen.de\\\/#organization\"},\"potentialAction\":[{\"@type\":\"SearchAction\",\"target\":{\"@type\":\"EntryPoint\",\"urlTemplate\":\"https:\\\/\\\/vozolvapen.de\\\/?s={search_term_string}\"},\"query-input\":{\"@type\":\"PropertyValueSpecification\",\"valueRequired\":true,\"valueName\":\"search_term_string\"}}],\"inLanguage\":\"pl-PL\"},{\"@type\":\"Organization\",\"@id\":\"https:\\\/\\\/vozolvapen.de\\\/#organization\",\"name\":\"vozolvapen\",\"url\":\"https:\\\/\\\/vozolvapen.de\\\/\",\"logo\":{\"@type\":\"ImageObject\",\"inLanguage\":\"pl-PL\",\"@id\":\"https:\\\/\\\/vozolvapen.de\\\/#\\\/schema\\\/logo\\\/image\\\/\",\"url\":\"https:\\\/\\\/vozolvapen.de\\\/wp-content\\\/uploads\\\/2025\\\/12\\\/cropped-vozovapen-logo.webp\",\"contentUrl\":\"https:\\\/\\\/vozolvapen.de\\\/wp-content\\\/uploads\\\/2025\\\/12\\\/cropped-vozovapen-logo.webp\",\"width\":470,\"height\":110,\"caption\":\"vozolvapen\"},\"image\":{\"@id\":\"https:\\\/\\\/vozolvapen.de\\\/#\\\/schema\\\/logo\\\/image\\\/\"}}]}<\/script>\n<!-- \/ Yoast SEO Premium plugin. -->","yoast_head_json":{"title":"Skittles JNR Falcon-X 18000 | JNR Puff 18000 - vozolvapen","description":"Zasmakuj t\u0119czy z cukierkami Skittles JNR 18000. 18 tysi\u0119cy zaci\u0105gni\u0119\u0107 o smaku owocowych cukierk\u00f3w. Podw\u00f3jna cewka siatkowa. Szybka dostawa z UE w ci\u0105gu 1-3 dni.","robots":{"index":"index","follow":"follow","max-snippet":"max-snippet:-1","max-image-preview":"max-image-preview:large","max-video-preview":"max-video-preview:-1"},"canonical":"https:\/\/vozolvapen.de\/pl\/product\/jnr-falcon-x-18000-puff-vape-skittles\/","og_locale":"pl_PL","og_type":"article","og_title":"JNR Falcon-X 18000 Puff Vape - Skittles","og_description":"Taste the rainbow with Skittles JNR 18000. 18k puffs of candy fruit flavor. Dual Mesh Coil. Fast 1-3 day delivery from EU.","og_url":"https:\/\/vozolvapen.de\/pl\/product\/jnr-falcon-x-18000-puff-vape-skittles\/","og_site_name":"vozolvapen","article_modified_time":"2026-02-10T10:45:49+00:00","og_image":[{"width":1200,"height":1200,"url":"https:\/\/vozolvapen.de\/wp-content\/uploads\/2026\/01\/JNR-Falcon-X-18000-Skittles.webp","type":"image\/webp"}],"twitter_card":"summary_large_image","twitter_misc":{"Szacowany czas czytania":"2 minuty"},"schema":{"@context":"https:\/\/schema.org","@graph":[{"@type":"WebPage","@id":"https:\/\/vozolvapen.de\/product\/jnr-falcon-x-18000-puff-vape-skittles\/","url":"https:\/\/vozolvapen.de\/product\/jnr-falcon-x-18000-puff-vape-skittles\/","name":"Skittles JNR Falcon-X 18000 | JNR Puff 18000 - vozolvapen","isPartOf":{"@id":"https:\/\/vozolvapen.de\/#website"},"primaryImageOfPage":{"@id":"https:\/\/vozolvapen.de\/product\/jnr-falcon-x-18000-puff-vape-skittles\/#primaryimage"},"image":{"@id":"https:\/\/vozolvapen.de\/product\/jnr-falcon-x-18000-puff-vape-skittles\/#primaryimage"},"thumbnailUrl":"https:\/\/vozolvapen.de\/wp-content\/uploads\/2026\/01\/JNR-Falcon-X-18000-Skittles.webp","datePublished":"2026-01-09T03:06:19+00:00","dateModified":"2026-02-10T10:45:49+00:00","description":"Zasmakuj t\u0119czy z cukierkami Skittles JNR 18000. 18 tysi\u0119cy zaci\u0105gni\u0119\u0107 o smaku owocowych cukierk\u00f3w. Podw\u00f3jna cewka siatkowa. Szybka dostawa z UE w ci\u0105gu 1-3 dni.","breadcrumb":{"@id":"https:\/\/vozolvapen.de\/product\/jnr-falcon-x-18000-puff-vape-skittles\/#breadcrumb"},"inLanguage":"pl-PL","potentialAction":[{"@type":"ReadAction","target":["https:\/\/vozolvapen.de\/product\/jnr-falcon-x-18000-puff-vape-skittles\/"]}]},{"@type":"ImageObject","inLanguage":"pl-PL","@id":"https:\/\/vozolvapen.de\/product\/jnr-falcon-x-18000-puff-vape-skittles\/#primaryimage","url":"https:\/\/vozolvapen.de\/wp-content\/uploads\/2026\/01\/JNR-Falcon-X-18000-Skittles.webp","contentUrl":"https:\/\/vozolvapen.de\/wp-content\/uploads\/2026\/01\/JNR-Falcon-X-18000-Skittles.webp","width":1200,"height":1200,"caption":"JNR Falcon X 18000 - Skittles"},{"@type":"BreadcrumbList","@id":"https:\/\/vozolvapen.de\/product\/jnr-falcon-x-18000-puff-vape-skittles\/#breadcrumb","itemListElement":[{"@type":"ListItem","position":1,"name":"Home","item":"https:\/\/vozolvapen.de\/de\/"},{"@type":"ListItem","position":2,"name":"Shop","item":"https:\/\/vozolvapen.de\/shop\/"},{"@type":"ListItem","position":3,"name":"JNR Falcon-X 18000 Puff Vape &#8211; Skittles"}]},{"@type":"WebSite","@id":"https:\/\/vozolvapen.de\/#website","url":"https:\/\/vozolvapen.de\/","name":"vozolvapen","description":"vozolvapen","publisher":{"@id":"https:\/\/vozolvapen.de\/#organization"},"potentialAction":[{"@type":"SearchAction","target":{"@type":"EntryPoint","urlTemplate":"https:\/\/vozolvapen.de\/?s={search_term_string}"},"query-input":{"@type":"PropertyValueSpecification","valueRequired":true,"valueName":"search_term_string"}}],"inLanguage":"pl-PL"},{"@type":"Organization","@id":"https:\/\/vozolvapen.de\/#organization","name":"vozolvapen","url":"https:\/\/vozolvapen.de\/","logo":{"@type":"ImageObject","inLanguage":"pl-PL","@id":"https:\/\/vozolvapen.de\/#\/schema\/logo\/image\/","url":"https:\/\/vozolvapen.de\/wp-content\/uploads\/2025\/12\/cropped-vozovapen-logo.webp","contentUrl":"https:\/\/vozolvapen.de\/wp-content\/uploads\/2025\/12\/cropped-vozovapen-logo.webp","width":470,"height":110,"caption":"vozolvapen"},"image":{"@id":"https:\/\/vozolvapen.de\/#\/schema\/logo\/image\/"}}]}},"tiered_pricing_type":"fixed","tiered_pricing_fixed_rules":{"30":"13.86","50":"10.86","100":"9.86","200":"8.86"},"tiered_pricing_product_settings":{"layout":"default","base_unit_name":{"singular":null,"plural":null},"default_variation":{}},"tiered_pricing_minimum_quantity":10,"tiered_pricing_roles_data":[],"tiered_pricing_percentage_rules":[],"tiered_pricing_maximum_quantity":null,"tiered_pricing_quantity_step":"10","_links":{"self":[{"href":"http:\/\/vozolvapen.de\/pl\/wp-json\/wp\/v2\/product\/58096","targetHints":{"allow":["GET"]}}],"collection":[{"href":"http:\/\/vozolvapen.de\/pl\/wp-json\/wp\/v2\/product"}],"about":[{"href":"http:\/\/vozolvapen.de\/pl\/wp-json\/wp\/v2\/types\/product"}],"replies":[{"embeddable":true,"href":"http:\/\/vozolvapen.de\/pl\/wp-json\/wp\/v2\/comments?post=58096"}],"wp:featuredmedia":[{"embeddable":true,"href":"http:\/\/vozolvapen.de\/pl\/wp-json\/wp\/v2\/media\/58571"}],"wp:attachment":[{"href":"http:\/\/vozolvapen.de\/pl\/wp-json\/wp\/v2\/media?parent=58096"}],"wp:term":[{"taxonomy":"product_brand","embeddable":true,"href":"http:\/\/vozolvapen.de\/pl\/wp-json\/wp\/v2\/product_brand?post=58096"},{"taxonomy":"product_cat","embeddable":true,"href":"http:\/\/vozolvapen.de\/pl\/wp-json\/wp\/v2\/product_cat?post=58096"},{"taxonomy":"product_tag","embeddable":true,"href":"http:\/\/vozolvapen.de\/pl\/wp-json\/wp\/v2\/product_tag?post=58096"}],"curies":[{"name":"wp","href":"https:\/\/api.w.org\/{rel}","templated":true}]}}