{"id":58469,"date":"2026-01-09T03:06:35","date_gmt":"2026-01-09T03:06:35","guid":{"rendered":"https:\/\/vozolvapen.de\/?post_type=product&#038;p=58469"},"modified":"2026-02-10T10:45:40","modified_gmt":"2026-02-10T10:45:40","slug":"jnr-falcon-x-18000-puff-vape-watermelon-lychee","status":"publish","type":"product","link":"http:\/\/vozolvapen.de\/pl\/product\/jnr-falcon-x-18000-puff-vape-watermelon-lychee\/","title":{"rendered":"JNR Falcon-X 18000 Puff Vape - Arbuz Lychee"},"content":{"rendered":"<h1 data-path-to-node=\"94\"><b data-path-to-node=\"94\" data-index-in-node=\"0\">Arbuz Lychee - JNR Falcon-X 18000 jnr 2026<\/b><\/h1>\n<p data-path-to-node=\"95\">Odkryj egzotyczne arcydzie\u0142o z Watermelon Lychee. To <b data-path-to-node=\"95\" data-index-in-node=\"60\">jnr falcon 18000<\/b> Smak jest przeznaczony dla wyrafinowanych waper\u00f3w, kt\u00f3rzy lubi\u0105 kwiatowe nuty i wysokie nawil\u017cenie.<\/p>\n<h2 data-path-to-node=\"96\"><b data-path-to-node=\"96\" data-index-in-node=\"0\">Profil smakowy<\/b><\/h2>\n<p data-path-to-node=\"96\">Baz\u0105 jest orze\u017awiaj\u0105cy, soczysty arbuz, kt\u00f3ry pi\u0119knie podkre\u015bla egzotyczna, r\u00f3\u017cana, kwiatowa s\u0142odycz bia\u0142ego liczi. Zapach jest elegancki i niezwykle g\u0142adki.<\/p>\n<h2 data-path-to-node=\"97\"><b data-path-to-node=\"97\" data-index-in-node=\"0\">Przewodnik personalizacji<\/b><\/h2>\n<p data-path-to-node=\"97\">Aby doceni\u0107 delikatne nuty liczi, u\u017cyj mocniejszego przep\u0142ywu powietrza. Ogrzeje to par\u0119 i wydob\u0119dzie kwiatowe aromaty, kt\u00f3re sprawiaj\u0105, \u017ce ten <b data-path-to-node=\"97\" data-index-in-node=\"158\">jnr puff<\/b> tak wyj\u0105tkowy.<\/p>\n<h2 data-path-to-node=\"26\">JNR Falcon-X 18000 Flavor - Watermelon Lychee<\/h2>\n<table data-path-to-node=\"45\">\n<thead>\n<tr>\n<td><strong>Cecha<\/strong><\/td>\n<td><strong>Ocena<\/strong><\/td>\n<td><strong>Werdykt<\/strong><\/td>\n<\/tr>\n<\/thead>\n<tbody>\n<tr>\n<td><span data-path-to-node=\"45,1,0,0\"><b data-path-to-node=\"45,1,0,0\" data-index-in-node=\"0\">S\u0142odycz<\/b><\/span><\/td>\n<td><span data-path-to-node=\"45,1,1,0\">\u2605\u2605\u2605\u2606\u2606<\/span><\/td>\n<td><span data-path-to-node=\"45,1,2,0\">Delikatna, kwiatowa, egzotyczna s\u0142odycz.<\/span><\/td>\n<\/tr>\n<tr>\n<td><span data-path-to-node=\"45,2,0,0\"><b data-path-to-node=\"45,2,0,0\" data-index-in-node=\"0\">Icy\/Coolness<\/b><\/span><\/td>\n<td><span data-path-to-node=\"45,2,1,0\">\u2605\u2605\u2605\u2606\u2606<\/span><\/td>\n<td><span data-path-to-node=\"45,2,2,0\">Idealny ch\u0142\u00f3d na \u015brednim poziomie do codziennego wapowania.<\/span><\/td>\n<\/tr>\n<tr>\n<td><span data-path-to-node=\"45,3,0,0\"><b data-path-to-node=\"45,3,0,0\" data-index-in-node=\"0\">Aromat\/kompleksowo\u015b\u0107<\/b><\/span><\/td>\n<td><span data-path-to-node=\"45,3,1,0\">\u2605\u2605\u2605\u2605\u2605<\/span><\/td>\n<td><span data-path-to-node=\"45,3,2,0\">Wyj\u0105tkowy r\u00f3\u017cany aromat liczi.<\/span><\/td>\n<\/tr>\n<tr>\n<td><span data-path-to-node=\"45,4,0,0\"><b data-path-to-node=\"45,4,0,0\" data-index-in-node=\"0\">Podstawowe uwagi<\/b><\/span><\/td>\n<td><span data-path-to-node=\"45,4,1,0\"><b data-path-to-node=\"45,4,1,0\" data-index-in-node=\"0\">Soczysty arbuz<\/b><\/span><\/td>\n<td><span data-path-to-node=\"45,4,2,0\"><b data-path-to-node=\"45,4,2,0\" data-index-in-node=\"0\">Egzotyczne liczi<\/b><\/span><\/td>\n<\/tr>\n<\/tbody>\n<\/table>\n<h2><strong>JNR Falcon-X 18000 <\/strong><strong>Wideo\uff1a<\/strong><\/h2>\n<p><iframe title=\"JNR Falcon X 18000 Puff Vape\" src=\"https:\/\/player.vimeo.com\/video\/1151536729?badge=0&amp;autopause=0&amp;player_id=0&amp;app_id=58479\" width=\"400\" height=\"711\" frameborder=\"0\"><\/iframe><\/p>\n<h3 data-path-to-node=\"2\">JNR Falcon-X 18000 Puff Vape - specyfikacja techniczna<\/h3>\n<table data-path-to-node=\"12\">\n<thead>\n<tr>\n<td><strong>Specyfikacja JNR Falcon-X<\/strong><\/td>\n<td><strong>Szczeg\u00f3\u0142owe warto\u015bci<\/strong><\/td>\n<\/tr>\n<\/thead>\n<tbody>\n<tr>\n<td><span data-path-to-node=\"12,1,0,0\"><b data-path-to-node=\"12,1,0,0\" data-index-in-node=\"0\">Waga urz\u0105dzenia<\/b><\/span><\/td>\n<td><span data-path-to-node=\"12,1,1,0\">Lekka, kryszta\u0142owa konstrukcja 115 g<\/span><\/td>\n<\/tr>\n<tr>\n<td><span data-path-to-node=\"12,2,0,0\"><b data-path-to-node=\"12,2,0,0\" data-index-in-node=\"0\">Szybko\u015b\u0107 wysy\u0142ki<\/b><\/span><\/td>\n<td><span data-path-to-node=\"12,2,1,0\">Dostawa w ci\u0105gu 1-3 dni (magazyn w UE)<\/span><\/td>\n<\/tr>\n<tr>\n<td><span data-path-to-node=\"12,3,0,0\"><b data-path-to-node=\"12,3,0,0\" data-index-in-node=\"0\">Rozmiar opakowania<\/b><\/span><\/td>\n<td><span data-path-to-node=\"12,3,1,0\">10 opakowa\u0144 w pude\u0142ku ekspozycyjnym<\/span><\/td>\n<\/tr>\n<tr>\n<td><span data-path-to-node=\"12,4,0,0\"><b data-path-to-node=\"12,4,0,0\" data-index-in-node=\"0\">Maksymalna moc wyj\u015bciowa<\/b><\/span><\/td>\n<td><span data-path-to-node=\"12,4,1,0\">18 000 satysfakcjonuj\u0105cych trafie\u0144 (<b data-path-to-node=\"12,4,1,0\" data-index-in-node=\"26\">jnr puff<\/b>)<\/span><\/td>\n<\/tr>\n<tr>\n<td><span data-path-to-node=\"12,5,0,0\"><b data-path-to-node=\"12,5,0,0\" data-index-in-node=\"0\">\u0179r\u00f3d\u0142o energii<\/b><\/span><\/td>\n<td><span data-path-to-node=\"12,5,1,0\">Akumulator 960 mAh<\/span><\/td>\n<\/tr>\n<tr>\n<td><span data-path-to-node=\"12,6,0,0\"><b data-path-to-node=\"12,6,0,0\" data-index-in-node=\"0\">P\u0142ynna baza<\/b><\/span><\/td>\n<td><span data-path-to-node=\"12,6,1,0\">E-liquid klasy profesjonalnej o pojemno\u015bci 24 ml<\/span><\/td>\n<\/tr>\n<tr>\n<td><span data-path-to-node=\"12,7,0,0\"><b data-path-to-node=\"12,7,0,0\" data-index-in-node=\"0\">Konserwacja<\/b><\/span><\/td>\n<td><span data-path-to-node=\"12,7,1,0\">Aktywowane rysowaniem \/ bezobs\u0142ugowe<\/span><\/td>\n<\/tr>\n<\/tbody>\n<\/table>\n<h3 dir=\"auto\">Oto dalsze zalecenia dla Ciebie:<\/h3>\n<p dir=\"auto\">Odkryj jeszcze wi\u0119cej niesamowitych smak\u00f3w dzi\u0119ki JNR Falcon-X 18000 Puff Vape!<\/p>\n<p dir=\"auto\"><a href=\"https:\/\/vozolvapen.de\/pl\/product-category\/jnr-vape\/jnr-falcon-x-18000-puff-vape\/\" target=\"_blank\" rel=\"noopener noreferrer nofollow\">Zobacz wszystkie odmiany tutaj \u2192<\/a><\/p>\n<p dir=\"auto\">Zapoznaj si\u0119 z nasz\u0105 pe\u0142n\u0105 kolekcj\u0105 i kupuj produkty najlepszych marek vape, kt\u00f3re pokochasz.<\/p>\n<p dir=\"auto\"><a href=\"https:\/\/vozolvapen.de\/pl\/\" target=\"_blank\" rel=\"noopener noreferrer nofollow\">Przegl\u0105daj teraz wszystkie marki \u2192<\/a><\/p>\n<p dir=\"auto\">Sprawd\u017a ca\u0142\u0105 seri\u0119 JNR Vape - ka\u017cdy smak, ka\u017cdy styl!<\/p>\n<p dir=\"auto\"><a href=\"https:\/\/vozolvapen.de\/pl\/product-category\/jnr-vape\/\" target=\"_blank\" rel=\"noopener noreferrer nofollow\">Zobacz pe\u0142n\u0105 kolekcj\u0119 JNR Vape \u2192<\/a><\/p>","protected":false},"excerpt":{"rendered":"<p>Orze\u017awiaj\u0105ca arbuzowa baza wzbogacona egzotycznym liczi. To <b data-path-to-node=\"3,15,4,0\" data-index-in-node=\"61\">JNR 18000 puff<\/b> Urz\u0105dzenie oferuje wyj\u0105tkowe, kwiatowe doznania z 18 000 zaci\u0105gni\u0119\u0107.<\/p>","protected":false},"featured_media":58575,"comment_status":"open","ping_status":"closed","template":"","meta":{"_acf_changed":false},"product_brand":[],"product_cat":[134,59],"product_tag":[],"class_list":{"0":"post-58469","1":"product","2":"type-product","3":"status-publish","4":"has-post-thumbnail","6":"product_cat-eu-warehouse-in-stock","7":"product_cat-jnr-falcon-x-18000-puff-vape","9":"first","10":"instock","11":"shipping-taxable","12":"purchasable","13":"product-type-variable"},"acf":[],"yoast_head":"<!-- This site is optimized with the Yoast SEO Premium plugin v26.1 (Yoast SEO v27.5) - https:\/\/yoast.com\/product\/yoast-seo-premium-wordpress\/ -->\n<title>Watermelon Lychee JNR Falcon 18000 | JNR 18k - vozolvapen<\/title>\n<meta name=\"description\" content=\"Exotic Watermelon Lychee JNR 18000. 18k puffs of floral fruit. Digital display. Fast delivery from our EU warehouse.\" \/>\n<meta name=\"robots\" content=\"index, follow, max-snippet:-1, max-image-preview:large, max-video-preview:-1\" \/>\n<link rel=\"canonical\" href=\"https:\/\/vozolvapen.de\/pl\/product\/jnr-falcon-x-18000-puff-vape-watermelon-lychee\/\" \/>\n<meta property=\"og:locale\" content=\"pl_PL\" \/>\n<meta property=\"og:type\" content=\"article\" \/>\n<meta property=\"og:title\" content=\"JNR Falcon-X 18000 Puff Vape - Watermelon Lychee\" \/>\n<meta property=\"og:description\" content=\"Exotic Watermelon Lychee JNR 18000. 18k puffs of floral fruit. Digital display. Fast delivery from our EU warehouse.\" \/>\n<meta property=\"og:url\" content=\"https:\/\/vozolvapen.de\/pl\/product\/jnr-falcon-x-18000-puff-vape-watermelon-lychee\/\" \/>\n<meta property=\"og:site_name\" content=\"vozolvapen\" \/>\n<meta property=\"article:modified_time\" content=\"2026-02-10T10:45:40+00:00\" \/>\n<meta property=\"og:image\" content=\"https:\/\/vozolvapen.de\/wp-content\/uploads\/2026\/01\/JNR-Falcon-X-18000-Watermelon-Lychee.webp\" \/>\n\t<meta property=\"og:image:width\" content=\"1200\" \/>\n\t<meta property=\"og:image:height\" content=\"1200\" \/>\n\t<meta property=\"og:image:type\" content=\"image\/webp\" \/>\n<meta name=\"twitter:card\" content=\"summary_large_image\" \/>\n<meta name=\"twitter:label1\" content=\"Szacowany czas czytania\" \/>\n\t<meta name=\"twitter:data1\" content=\"2 minuty\" \/>\n<script type=\"application\/ld+json\" class=\"yoast-schema-graph\">{\"@context\":\"https:\\\/\\\/schema.org\",\"@graph\":[{\"@type\":\"WebPage\",\"@id\":\"https:\\\/\\\/vozolvapen.de\\\/product\\\/jnr-falcon-x-18000-puff-vape-watermelon-lychee\\\/\",\"url\":\"https:\\\/\\\/vozolvapen.de\\\/product\\\/jnr-falcon-x-18000-puff-vape-watermelon-lychee\\\/\",\"name\":\"Watermelon Lychee JNR Falcon 18000 | JNR 18k - vozolvapen\",\"isPartOf\":{\"@id\":\"https:\\\/\\\/vozolvapen.de\\\/#website\"},\"primaryImageOfPage\":{\"@id\":\"https:\\\/\\\/vozolvapen.de\\\/product\\\/jnr-falcon-x-18000-puff-vape-watermelon-lychee\\\/#primaryimage\"},\"image\":{\"@id\":\"https:\\\/\\\/vozolvapen.de\\\/product\\\/jnr-falcon-x-18000-puff-vape-watermelon-lychee\\\/#primaryimage\"},\"thumbnailUrl\":\"https:\\\/\\\/vozolvapen.de\\\/wp-content\\\/uploads\\\/2026\\\/01\\\/JNR-Falcon-X-18000-Watermelon-Lychee.webp\",\"datePublished\":\"2026-01-09T03:06:35+00:00\",\"dateModified\":\"2026-02-10T10:45:40+00:00\",\"description\":\"Exotic Watermelon Lychee JNR 18000. 18k puffs of floral fruit. Digital display. Fast delivery from our EU warehouse.\",\"breadcrumb\":{\"@id\":\"https:\\\/\\\/vozolvapen.de\\\/product\\\/jnr-falcon-x-18000-puff-vape-watermelon-lychee\\\/#breadcrumb\"},\"inLanguage\":\"pl-PL\",\"potentialAction\":[{\"@type\":\"ReadAction\",\"target\":[\"https:\\\/\\\/vozolvapen.de\\\/product\\\/jnr-falcon-x-18000-puff-vape-watermelon-lychee\\\/\"]}]},{\"@type\":\"ImageObject\",\"inLanguage\":\"pl-PL\",\"@id\":\"https:\\\/\\\/vozolvapen.de\\\/product\\\/jnr-falcon-x-18000-puff-vape-watermelon-lychee\\\/#primaryimage\",\"url\":\"https:\\\/\\\/vozolvapen.de\\\/wp-content\\\/uploads\\\/2026\\\/01\\\/JNR-Falcon-X-18000-Watermelon-Lychee.webp\",\"contentUrl\":\"https:\\\/\\\/vozolvapen.de\\\/wp-content\\\/uploads\\\/2026\\\/01\\\/JNR-Falcon-X-18000-Watermelon-Lychee.webp\",\"width\":1200,\"height\":1200,\"caption\":\"JNR Falcon X 18000 - Watermelon Lychee\"},{\"@type\":\"BreadcrumbList\",\"@id\":\"https:\\\/\\\/vozolvapen.de\\\/product\\\/jnr-falcon-x-18000-puff-vape-watermelon-lychee\\\/#breadcrumb\",\"itemListElement\":[{\"@type\":\"ListItem\",\"position\":1,\"name\":\"Home\",\"item\":\"https:\\\/\\\/vozolvapen.de\\\/de\\\/\"},{\"@type\":\"ListItem\",\"position\":2,\"name\":\"Shop\",\"item\":\"https:\\\/\\\/vozolvapen.de\\\/shop\\\/\"},{\"@type\":\"ListItem\",\"position\":3,\"name\":\"JNR Falcon-X 18000 Puff Vape &#8211; Watermelon Lychee\"}]},{\"@type\":\"WebSite\",\"@id\":\"https:\\\/\\\/vozolvapen.de\\\/#website\",\"url\":\"https:\\\/\\\/vozolvapen.de\\\/\",\"name\":\"vozolvapen\",\"description\":\"vozolvapen\",\"publisher\":{\"@id\":\"https:\\\/\\\/vozolvapen.de\\\/#organization\"},\"potentialAction\":[{\"@type\":\"SearchAction\",\"target\":{\"@type\":\"EntryPoint\",\"urlTemplate\":\"https:\\\/\\\/vozolvapen.de\\\/?s={search_term_string}\"},\"query-input\":{\"@type\":\"PropertyValueSpecification\",\"valueRequired\":true,\"valueName\":\"search_term_string\"}}],\"inLanguage\":\"pl-PL\"},{\"@type\":\"Organization\",\"@id\":\"https:\\\/\\\/vozolvapen.de\\\/#organization\",\"name\":\"vozolvapen\",\"url\":\"https:\\\/\\\/vozolvapen.de\\\/\",\"logo\":{\"@type\":\"ImageObject\",\"inLanguage\":\"pl-PL\",\"@id\":\"https:\\\/\\\/vozolvapen.de\\\/#\\\/schema\\\/logo\\\/image\\\/\",\"url\":\"https:\\\/\\\/vozolvapen.de\\\/wp-content\\\/uploads\\\/2025\\\/12\\\/cropped-vozovapen-logo.webp\",\"contentUrl\":\"https:\\\/\\\/vozolvapen.de\\\/wp-content\\\/uploads\\\/2025\\\/12\\\/cropped-vozovapen-logo.webp\",\"width\":470,\"height\":110,\"caption\":\"vozolvapen\"},\"image\":{\"@id\":\"https:\\\/\\\/vozolvapen.de\\\/#\\\/schema\\\/logo\\\/image\\\/\"}}]}<\/script>\n<!-- \/ Yoast SEO Premium plugin. -->","yoast_head_json":{"title":"Watermelon Lychee JNR Falcon 18000 | JNR 18k - vozolvapen","description":"Exotic Watermelon Lychee JNR 18000. 18-kilogramowe pufy z kwiatowymi owocami. Cyfrowy wy\u015bwietlacz. Szybka dostawa z naszego magazynu w UE.","robots":{"index":"index","follow":"follow","max-snippet":"max-snippet:-1","max-image-preview":"max-image-preview:large","max-video-preview":"max-video-preview:-1"},"canonical":"https:\/\/vozolvapen.de\/pl\/product\/jnr-falcon-x-18000-puff-vape-watermelon-lychee\/","og_locale":"pl_PL","og_type":"article","og_title":"JNR Falcon-X 18000 Puff Vape - Watermelon Lychee","og_description":"Exotic Watermelon Lychee JNR 18000. 18k puffs of floral fruit. Digital display. Fast delivery from our EU warehouse.","og_url":"https:\/\/vozolvapen.de\/pl\/product\/jnr-falcon-x-18000-puff-vape-watermelon-lychee\/","og_site_name":"vozolvapen","article_modified_time":"2026-02-10T10:45:40+00:00","og_image":[{"width":1200,"height":1200,"url":"https:\/\/vozolvapen.de\/wp-content\/uploads\/2026\/01\/JNR-Falcon-X-18000-Watermelon-Lychee.webp","type":"image\/webp"}],"twitter_card":"summary_large_image","twitter_misc":{"Szacowany czas czytania":"2 minuty"},"schema":{"@context":"https:\/\/schema.org","@graph":[{"@type":"WebPage","@id":"https:\/\/vozolvapen.de\/product\/jnr-falcon-x-18000-puff-vape-watermelon-lychee\/","url":"https:\/\/vozolvapen.de\/product\/jnr-falcon-x-18000-puff-vape-watermelon-lychee\/","name":"Watermelon Lychee JNR Falcon 18000 | JNR 18k - vozolvapen","isPartOf":{"@id":"https:\/\/vozolvapen.de\/#website"},"primaryImageOfPage":{"@id":"https:\/\/vozolvapen.de\/product\/jnr-falcon-x-18000-puff-vape-watermelon-lychee\/#primaryimage"},"image":{"@id":"https:\/\/vozolvapen.de\/product\/jnr-falcon-x-18000-puff-vape-watermelon-lychee\/#primaryimage"},"thumbnailUrl":"https:\/\/vozolvapen.de\/wp-content\/uploads\/2026\/01\/JNR-Falcon-X-18000-Watermelon-Lychee.webp","datePublished":"2026-01-09T03:06:35+00:00","dateModified":"2026-02-10T10:45:40+00:00","description":"Exotic Watermelon Lychee JNR 18000. 18-kilogramowe pufy z kwiatowymi owocami. Cyfrowy wy\u015bwietlacz. Szybka dostawa z naszego magazynu w UE.","breadcrumb":{"@id":"https:\/\/vozolvapen.de\/product\/jnr-falcon-x-18000-puff-vape-watermelon-lychee\/#breadcrumb"},"inLanguage":"pl-PL","potentialAction":[{"@type":"ReadAction","target":["https:\/\/vozolvapen.de\/product\/jnr-falcon-x-18000-puff-vape-watermelon-lychee\/"]}]},{"@type":"ImageObject","inLanguage":"pl-PL","@id":"https:\/\/vozolvapen.de\/product\/jnr-falcon-x-18000-puff-vape-watermelon-lychee\/#primaryimage","url":"https:\/\/vozolvapen.de\/wp-content\/uploads\/2026\/01\/JNR-Falcon-X-18000-Watermelon-Lychee.webp","contentUrl":"https:\/\/vozolvapen.de\/wp-content\/uploads\/2026\/01\/JNR-Falcon-X-18000-Watermelon-Lychee.webp","width":1200,"height":1200,"caption":"JNR Falcon X 18000 - Watermelon Lychee"},{"@type":"BreadcrumbList","@id":"https:\/\/vozolvapen.de\/product\/jnr-falcon-x-18000-puff-vape-watermelon-lychee\/#breadcrumb","itemListElement":[{"@type":"ListItem","position":1,"name":"Home","item":"https:\/\/vozolvapen.de\/de\/"},{"@type":"ListItem","position":2,"name":"Shop","item":"https:\/\/vozolvapen.de\/shop\/"},{"@type":"ListItem","position":3,"name":"JNR Falcon-X 18000 Puff Vape &#8211; Watermelon Lychee"}]},{"@type":"WebSite","@id":"https:\/\/vozolvapen.de\/#website","url":"https:\/\/vozolvapen.de\/","name":"vozolvapen","description":"vozolvapen","publisher":{"@id":"https:\/\/vozolvapen.de\/#organization"},"potentialAction":[{"@type":"SearchAction","target":{"@type":"EntryPoint","urlTemplate":"https:\/\/vozolvapen.de\/?s={search_term_string}"},"query-input":{"@type":"PropertyValueSpecification","valueRequired":true,"valueName":"search_term_string"}}],"inLanguage":"pl-PL"},{"@type":"Organization","@id":"https:\/\/vozolvapen.de\/#organization","name":"vozolvapen","url":"https:\/\/vozolvapen.de\/","logo":{"@type":"ImageObject","inLanguage":"pl-PL","@id":"https:\/\/vozolvapen.de\/#\/schema\/logo\/image\/","url":"https:\/\/vozolvapen.de\/wp-content\/uploads\/2025\/12\/cropped-vozovapen-logo.webp","contentUrl":"https:\/\/vozolvapen.de\/wp-content\/uploads\/2025\/12\/cropped-vozovapen-logo.webp","width":470,"height":110,"caption":"vozolvapen"},"image":{"@id":"https:\/\/vozolvapen.de\/#\/schema\/logo\/image\/"}}]}},"tiered_pricing_type":"fixed","tiered_pricing_fixed_rules":{"30":"13.86","50":"10.86","100":"9.86","200":"8.86"},"tiered_pricing_product_settings":{"layout":"default","base_unit_name":{"singular":null,"plural":null},"default_variation":{}},"tiered_pricing_minimum_quantity":10,"tiered_pricing_roles_data":[],"tiered_pricing_percentage_rules":[],"tiered_pricing_maximum_quantity":null,"tiered_pricing_quantity_step":"10","_links":{"self":[{"href":"http:\/\/vozolvapen.de\/pl\/wp-json\/wp\/v2\/product\/58469","targetHints":{"allow":["GET"]}}],"collection":[{"href":"http:\/\/vozolvapen.de\/pl\/wp-json\/wp\/v2\/product"}],"about":[{"href":"http:\/\/vozolvapen.de\/pl\/wp-json\/wp\/v2\/types\/product"}],"replies":[{"embeddable":true,"href":"http:\/\/vozolvapen.de\/pl\/wp-json\/wp\/v2\/comments?post=58469"}],"wp:featuredmedia":[{"embeddable":true,"href":"http:\/\/vozolvapen.de\/pl\/wp-json\/wp\/v2\/media\/58575"}],"wp:attachment":[{"href":"http:\/\/vozolvapen.de\/pl\/wp-json\/wp\/v2\/media?parent=58469"}],"wp:term":[{"taxonomy":"product_brand","embeddable":true,"href":"http:\/\/vozolvapen.de\/pl\/wp-json\/wp\/v2\/product_brand?post=58469"},{"taxonomy":"product_cat","embeddable":true,"href":"http:\/\/vozolvapen.de\/pl\/wp-json\/wp\/v2\/product_cat?post=58469"},{"taxonomy":"product_tag","embeddable":true,"href":"http:\/\/vozolvapen.de\/pl\/wp-json\/wp\/v2\/product_tag?post=58469"}],"curies":[{"name":"wp","href":"https:\/\/api.w.org\/{rel}","templated":true}]}}