{"id":58703,"date":"2026-01-09T05:59:11","date_gmt":"2026-01-09T05:59:11","guid":{"rendered":"https:\/\/vozolvapen.de\/?post_type=product&#038;p=58703"},"modified":"2026-02-10T10:45:33","modified_gmt":"2026-02-10T10:45:33","slug":"60k-vape-waspe-aiviou-60000-frozen-berry-dragon","status":"publish","type":"product","link":"http:\/\/vozolvapen.de\/pl\/product\/60k-vape-waspe-aiviou-60000-frozen-berry-dragon\/","title":{"rendered":"60k Vape Waspe Aiviou 60000 - Frozen Berry Dragon"},"content":{"rendered":"<h1>Waspe Aiviou 60000 Frozen Berry Dragon: Blueberry Ice, Black Dragon Ice, Fizzy Cherry Ice<\/h1>\n<p data-path-to-node=\"17\"><b data-path-to-node=\"17\" data-index-in-node=\"0\">Egzotyczna Arktyka:<\/b> Ten zestaw to odwa\u017cne, ciemne nuty i wyko\u0144czenia poni\u017cej zera. The <b data-path-to-node=\"17\" data-index-in-node=\"85\">Waspe 60k<\/b> pozwala w mgnieniu oka prze\u0142\u0105czy\u0107 si\u0119 z tajemniczego, kwiatowego Black Dragon na musuj\u0105c\u0105 Fizzy Cherry.<\/p>\n<h2 data-path-to-node=\"18\"><b data-path-to-node=\"18\" data-index-in-node=\"0\">Mroczne i lodowate g\u0142\u0119bokie zanurzenie<\/b><\/h2>\n<ul data-path-to-node=\"19\">\n<li>\n<p data-path-to-node=\"19,0,0\"><b data-path-to-node=\"19,0,0\" data-index-in-node=\"0\">Spos\u00f3b 1 - Blueberry Ice:<\/b> Cierpkie dzikie jagody z pot\u0119\u017cnym mentolowym kopni\u0119ciem.<\/p>\n<\/li>\n<li>\n<p data-path-to-node=\"19,1,0\"><b data-path-to-node=\"19,1,0\" data-index-in-node=\"0\">Tryb 2 - Black Dragon Ice:<\/b> Egzotyczny smoczy owoc z tajemnicz\u0105, ch\u0142odz\u0105c\u0105 nut\u0105 kwiatow\u0105.<\/p>\n<\/li>\n<li>\n<p data-path-to-node=\"19,2,0\"><b data-path-to-node=\"19,2,0\" data-index-in-node=\"0\">Tryb 3 - Fizzy Cherry Ice:<\/b> Musuj\u0105cy wi\u015bniowy smak sody z jasnym, lodowatym musowaniem.<\/p>\n<\/li>\n<\/ul>\n<h2 data-path-to-node=\"20\"><b data-path-to-node=\"20\" data-index-in-node=\"0\">Dla kogo przeznaczony jest ten smak?<\/b><\/h2>\n<ul data-path-to-node=\"21\">\n<li>\n<p data-path-to-node=\"21,0,0\"><b data-path-to-node=\"21,0,0\" data-index-in-node=\"0\">The Ice Lover:<\/b> Idealny dla tych, kt\u00f3rzy pragn\u0105 mocnego uderzenia w gard\u0142o i mro\u017anego wydechu.<\/p>\n<\/li>\n<\/ul>\n<h2 data-path-to-node=\"60\">Specyfikacja rdzenia 60k Vape Waspe Aiviou 60000<\/h2>\n<table data-path-to-node=\"4\">\n<thead>\n<tr>\n<td><strong>Podstawowe parametry techniczne<\/strong><\/td>\n<td><strong>Specyfikacja WASPE Aiviou 60000<\/strong><\/td>\n<\/tr>\n<\/thead>\n<tbody>\n<tr>\n<td><span data-path-to-node=\"4,1,0,0\"><b data-path-to-node=\"4,1,0,0\" data-index-in-node=\"0\">Model produktu<\/b><\/span><\/td>\n<td><span data-path-to-node=\"4,1,1,0\">Waspe Aiviou 60000 (<b data-path-to-node=\"4,1,1,0\" data-index-in-node=\"20\">vape 2026<\/b> Flagship Edition)<\/span><\/td>\n<\/tr>\n<tr>\n<td><span data-path-to-node=\"4,2,0,0\"><b data-path-to-node=\"4,2,0,0\" data-index-in-node=\"0\">Puff Count<\/b><\/span><\/td>\n<td><span data-path-to-node=\"4,2,1,0\">\u0141\u0105cznie do 60 000 zaci\u0105gni\u0119\u0107 (<b data-path-to-node=\"4,2,1,0\" data-index-in-node=\"26\">vaper 60k<\/b>)<\/span><\/td>\n<\/tr>\n<tr>\n<td><span data-path-to-node=\"4,3,0,0\"><b data-path-to-node=\"4,3,0,0\" data-index-in-node=\"0\">System rozpylania<\/b><\/span><\/td>\n<td><span data-path-to-node=\"4,3,1,0\">Potr\u00f3jne, wydajne cewki siatkowe 0,9\u03a9<\/span><\/td>\n<\/tr>\n<tr>\n<td><span data-path-to-node=\"4,4,0,0\"><b data-path-to-node=\"4,4,0,0\" data-index-in-node=\"0\">Tryby smaku<\/b><\/span><\/td>\n<td><span data-path-to-node=\"4,4,1,0\">System prze\u0142\u0105cznik\u00f3w 3 w 1 (<b data-path-to-node=\"4,4,1,0\" data-index-in-node=\"22\">vaper 3 smaki<\/b>)<\/span><\/td>\n<\/tr>\n<tr>\n<td><span data-path-to-node=\"4,5,0,0\"><b data-path-to-node=\"4,5,0,0\" data-index-in-node=\"0\">Pojemno\u015b\u0107 akumulatora<\/b><\/span><\/td>\n<td><span data-path-to-node=\"4,5,1,0\">Wysokowydajna bateria 650 mAh (szybkie \u0142adowanie typu C)<\/span><\/td>\n<\/tr>\n<tr>\n<td><span data-path-to-node=\"4,6,0,0\"><b data-path-to-node=\"4,6,0,0\" data-index-in-node=\"0\">Obj\u0119to\u015b\u0107 p\u0142ynu E-Liquid<\/b><\/span><\/td>\n<td><span data-path-to-node=\"4,6,1,0\">Zbiornik o bardzo du\u017cej pojemno\u015bci 54 ml<\/span><\/td>\n<\/tr>\n<tr>\n<td><span data-path-to-node=\"4,7,0,0\"><b data-path-to-node=\"4,7,0,0\" data-index-in-node=\"0\">Interfejs u\u017cytkownika<\/b><\/span><\/td>\n<td><span data-path-to-node=\"4,7,1,0\">Inteligentny wy\u015bwietlacz cyfrowy LED (bateria i olej w czasie rzeczywistym)<\/span><\/td>\n<\/tr>\n<\/tbody>\n<\/table>\n<p>Aby zapewni\u0107 prawdziwe wra\u017cenia z gry \u201cFrozen\u201d <b data-path-to-node=\"7\" data-index-in-node=\"43\">Aiviou 60000<\/b> wykorzystuje wysokowydajn\u0105 bateri\u0119 do zasilania cewek 0,9\u03a9 typu sub-ohm. Taka konfiguracja maksymalizuje \u201cuderzenie w gard\u0142o\u201d mentolu w trybach Black Dragon i Fizzy Cherry, tworz\u0105c g\u0119st\u0105, arktyczn\u0105 par\u0119, kt\u00f3ra skutecznie przenosi g\u0142\u0119bokie aromaty jagodowe.<\/p>\n<h3 data-path-to-node=\"77\"><b data-path-to-node=\"77\" data-index-in-node=\"0\">Dalsze zalecenia:<\/b><\/h3>\n<p data-path-to-node=\"78\">Odkryj jeszcze wi\u0119cej niesamowitych smak\u00f3w dzi\u0119ki 60k Vape Waspe Aiviou 60000!<\/p>\n<p data-path-to-node=\"79\"><a class=\"ng-star-inserted\" href=\"https:\/\/vozolvapen.de\/pl\/product-category\/waspe-vape\/60k-vape-waspe-aiviou-60000-3-in-1\/\" target=\"_blank\" rel=\"noopener noreferrer nofollow\" data-hveid=\"0\" data-ved=\"0CAAQ_4QMahgKEwjxyYqx9_CRAxUAAAAAHQAAAAAQ9wE\">Zobacz wszystkie odmiany tutaj \u2192<\/a><\/p>\n<p data-path-to-node=\"80\">Zapoznaj si\u0119 z nasz\u0105 pe\u0142n\u0105 kolekcj\u0105 i kupuj produkty najlepszych marek vape, kt\u00f3re pokochasz.<\/p>\n<p data-path-to-node=\"81\"><a class=\"ng-star-inserted\" href=\"https:\/\/vozolvapen.de\/pl\/\" target=\"_blank\" rel=\"noopener noreferrer nofollow\" data-hveid=\"0\" data-ved=\"0CAAQ_4QMahgKEwjxyYqx9_CRAxUAAAAAHQAAAAAQ-AE\">Przegl\u0105daj teraz wszystkie marki \u2192<\/a><\/p>\n<p data-path-to-node=\"82\">Sprawd\u017a ca\u0142o\u015b\u0107\u00a0<b data-path-to-node=\"82\" data-index-in-node=\"23\">Waspe Aiviou<\/b>\u00a0Seria - ka\u017cdy smak, ka\u017cdy styl!<\/p>\n<p data-path-to-node=\"83\"><a class=\"ng-star-inserted\" href=\"https:\/\/vozolvapen.de\/pl\/product-category\/waspe-vape\/\" target=\"_blank\" rel=\"noopener noreferrer nofollow\" data-hveid=\"0\" data-ved=\"0CAAQ_4QMahgKEwjxyYqx9_CRAxUAAAAAHQAAAAAQ-QE\">Zobacz pe\u0142n\u0105 kolekcj\u0119 Waspe \u2192<\/a><\/p>","protected":false},"excerpt":{"rendered":"<p>Ostateczna arktyczna podr\u00f3\u017c. To <b data-path-to-node=\"9\" data-index-in-node=\"266\">vaper 60000 zaci\u0105gni\u0119\u0107<\/b> Urz\u0105dzenie posiada trzy lodowe komory, kt\u00f3re pozwalaj\u0105 w mgnieniu oka prze\u0142\u0105czy\u0107 si\u0119 z tajemniczego Black Dragon na musuj\u0105c\u0105 Fizzy Cherry.<\/p>","protected":false},"featured_media":59114,"comment_status":"open","ping_status":"closed","template":"","meta":{"_acf_changed":false},"product_brand":[],"product_cat":[113,134],"product_tag":[],"class_list":{"0":"post-58703","1":"product","2":"type-product","3":"status-publish","4":"has-post-thumbnail","6":"product_cat-60k-vape-waspe-aiviou-60000-3-in-1","7":"product_cat-eu-warehouse-in-stock","9":"first","10":"instock","11":"shipping-taxable","12":"purchasable","13":"product-type-variable"},"acf":[],"yoast_head":"<!-- This site is optimized with the Yoast SEO Premium plugin v26.1 (Yoast SEO v27.5) - https:\/\/yoast.com\/product\/yoast-seo-premium-wordpress\/ -->\n<title>Frozen Berry Dragon | Waspe 60k 3-in-1 Switch - vozolvapen<\/title>\n<meta name=\"description\" content=\"Shop Frozen Berry Dragon Waspe 60k. 60k puffs of Blueberry, Black Dragon &amp; Fizzy Cherry Ice. Premium vaper tres flavors with LED screen.\" \/>\n<meta name=\"robots\" content=\"index, follow, max-snippet:-1, max-image-preview:large, max-video-preview:-1\" \/>\n<link rel=\"canonical\" href=\"https:\/\/vozolvapen.de\/pl\/product\/60k-vape-waspe-aiviou-60000-frozen-berry-dragon\/\" \/>\n<meta property=\"og:locale\" content=\"pl_PL\" \/>\n<meta property=\"og:type\" content=\"article\" \/>\n<meta property=\"og:title\" content=\"60k Vape Waspe Aiviou 60000 - Frozen Berry Dragon\" \/>\n<meta property=\"og:description\" content=\"Shop Frozen Berry Dragon Waspe 60k. 60k puffs of Blueberry, Black Dragon &amp; Fizzy Cherry Ice. Premium vaper tres flavors with LED screen.\" \/>\n<meta property=\"og:url\" content=\"https:\/\/vozolvapen.de\/pl\/product\/60k-vape-waspe-aiviou-60000-frozen-berry-dragon\/\" \/>\n<meta property=\"og:site_name\" content=\"vozolvapen\" \/>\n<meta property=\"article:modified_time\" content=\"2026-02-10T10:45:33+00:00\" \/>\n<meta property=\"og:image\" content=\"https:\/\/vozolvapen.de\/wp-content\/uploads\/2026\/01\/60k-Vape-Waspe-Aiviou-60000-Blueberry-Ice-Black-Dragon-Ice-Fizzy-Cherry-Ice-2.webp\" \/>\n\t<meta property=\"og:image:width\" content=\"1200\" \/>\n\t<meta property=\"og:image:height\" content=\"1200\" \/>\n\t<meta property=\"og:image:type\" content=\"image\/webp\" \/>\n<meta name=\"twitter:card\" content=\"summary_large_image\" \/>\n<meta name=\"twitter:label1\" content=\"Szacowany czas czytania\" \/>\n\t<meta name=\"twitter:data1\" content=\"2 minuty\" \/>\n<script type=\"application\/ld+json\" class=\"yoast-schema-graph\">{\"@context\":\"https:\\\/\\\/schema.org\",\"@graph\":[{\"@type\":\"WebPage\",\"@id\":\"https:\\\/\\\/vozolvapen.de\\\/product\\\/60k-vape-waspe-aiviou-60000-frozen-berry-dragon\\\/\",\"url\":\"https:\\\/\\\/vozolvapen.de\\\/product\\\/60k-vape-waspe-aiviou-60000-frozen-berry-dragon\\\/\",\"name\":\"Frozen Berry Dragon | Waspe 60k 3-in-1 Switch - vozolvapen\",\"isPartOf\":{\"@id\":\"https:\\\/\\\/vozolvapen.de\\\/#website\"},\"primaryImageOfPage\":{\"@id\":\"https:\\\/\\\/vozolvapen.de\\\/product\\\/60k-vape-waspe-aiviou-60000-frozen-berry-dragon\\\/#primaryimage\"},\"image\":{\"@id\":\"https:\\\/\\\/vozolvapen.de\\\/product\\\/60k-vape-waspe-aiviou-60000-frozen-berry-dragon\\\/#primaryimage\"},\"thumbnailUrl\":\"https:\\\/\\\/vozolvapen.de\\\/wp-content\\\/uploads\\\/2026\\\/01\\\/60k-Vape-Waspe-Aiviou-60000-Blueberry-Ice-Black-Dragon-Ice-Fizzy-Cherry-Ice-2.webp\",\"datePublished\":\"2026-01-09T05:59:11+00:00\",\"dateModified\":\"2026-02-10T10:45:33+00:00\",\"description\":\"Shop Frozen Berry Dragon Waspe 60k. 60k puffs of Blueberry, Black Dragon & Fizzy Cherry Ice. Premium vaper tres flavors with LED screen.\",\"breadcrumb\":{\"@id\":\"https:\\\/\\\/vozolvapen.de\\\/product\\\/60k-vape-waspe-aiviou-60000-frozen-berry-dragon\\\/#breadcrumb\"},\"inLanguage\":\"pl-PL\",\"potentialAction\":[{\"@type\":\"ReadAction\",\"target\":[\"https:\\\/\\\/vozolvapen.de\\\/product\\\/60k-vape-waspe-aiviou-60000-frozen-berry-dragon\\\/\"]}]},{\"@type\":\"ImageObject\",\"inLanguage\":\"pl-PL\",\"@id\":\"https:\\\/\\\/vozolvapen.de\\\/product\\\/60k-vape-waspe-aiviou-60000-frozen-berry-dragon\\\/#primaryimage\",\"url\":\"https:\\\/\\\/vozolvapen.de\\\/wp-content\\\/uploads\\\/2026\\\/01\\\/60k-Vape-Waspe-Aiviou-60000-Blueberry-Ice-Black-Dragon-Ice-Fizzy-Cherry-Ice-2.webp\",\"contentUrl\":\"https:\\\/\\\/vozolvapen.de\\\/wp-content\\\/uploads\\\/2026\\\/01\\\/60k-Vape-Waspe-Aiviou-60000-Blueberry-Ice-Black-Dragon-Ice-Fizzy-Cherry-Ice-2.webp\",\"width\":1200,\"height\":1200,\"caption\":\"60k Vape Waspe Aiviou 60000 - Blueberry Ice & Black Dragon Ice & Fizzy Cherry Ice (2)\"},{\"@type\":\"BreadcrumbList\",\"@id\":\"https:\\\/\\\/vozolvapen.de\\\/product\\\/60k-vape-waspe-aiviou-60000-frozen-berry-dragon\\\/#breadcrumb\",\"itemListElement\":[{\"@type\":\"ListItem\",\"position\":1,\"name\":\"Home\",\"item\":\"https:\\\/\\\/vozolvapen.de\\\/de\\\/\"},{\"@type\":\"ListItem\",\"position\":2,\"name\":\"Shop\",\"item\":\"https:\\\/\\\/vozolvapen.de\\\/shop\\\/\"},{\"@type\":\"ListItem\",\"position\":3,\"name\":\"60k Vape Waspe Aiviou 60000 &#8211; Frozen Berry Dragon\"}]},{\"@type\":\"WebSite\",\"@id\":\"https:\\\/\\\/vozolvapen.de\\\/#website\",\"url\":\"https:\\\/\\\/vozolvapen.de\\\/\",\"name\":\"vozolvapen\",\"description\":\"vozolvapen\",\"publisher\":{\"@id\":\"https:\\\/\\\/vozolvapen.de\\\/#organization\"},\"potentialAction\":[{\"@type\":\"SearchAction\",\"target\":{\"@type\":\"EntryPoint\",\"urlTemplate\":\"https:\\\/\\\/vozolvapen.de\\\/?s={search_term_string}\"},\"query-input\":{\"@type\":\"PropertyValueSpecification\",\"valueRequired\":true,\"valueName\":\"search_term_string\"}}],\"inLanguage\":\"pl-PL\"},{\"@type\":\"Organization\",\"@id\":\"https:\\\/\\\/vozolvapen.de\\\/#organization\",\"name\":\"vozolvapen\",\"url\":\"https:\\\/\\\/vozolvapen.de\\\/\",\"logo\":{\"@type\":\"ImageObject\",\"inLanguage\":\"pl-PL\",\"@id\":\"https:\\\/\\\/vozolvapen.de\\\/#\\\/schema\\\/logo\\\/image\\\/\",\"url\":\"https:\\\/\\\/vozolvapen.de\\\/wp-content\\\/uploads\\\/2025\\\/12\\\/cropped-vozovapen-logo.webp\",\"contentUrl\":\"https:\\\/\\\/vozolvapen.de\\\/wp-content\\\/uploads\\\/2025\\\/12\\\/cropped-vozovapen-logo.webp\",\"width\":470,\"height\":110,\"caption\":\"vozolvapen\"},\"image\":{\"@id\":\"https:\\\/\\\/vozolvapen.de\\\/#\\\/schema\\\/logo\\\/image\\\/\"}}]}<\/script>\n<!-- \/ Yoast SEO Premium plugin. -->","yoast_head_json":{"title":"Frozen Berry Dragon | Waspe 60k Switch 3 w 1 - vozolvapen","description":"Sklep Frozen Berry Dragon Waspe 60k. 60 tysi\u0119cy zaci\u0105gni\u0119\u0107 Blueberry, Black Dragon i Fizzy Cherry Ice. Smaki vaper tres klasy premium z ekranem LED.","robots":{"index":"index","follow":"follow","max-snippet":"max-snippet:-1","max-image-preview":"max-image-preview:large","max-video-preview":"max-video-preview:-1"},"canonical":"https:\/\/vozolvapen.de\/pl\/product\/60k-vape-waspe-aiviou-60000-frozen-berry-dragon\/","og_locale":"pl_PL","og_type":"article","og_title":"60k Vape Waspe Aiviou 60000 - Frozen Berry Dragon","og_description":"Shop Frozen Berry Dragon Waspe 60k. 60k puffs of Blueberry, Black Dragon & Fizzy Cherry Ice. Premium vaper tres flavors with LED screen.","og_url":"https:\/\/vozolvapen.de\/pl\/product\/60k-vape-waspe-aiviou-60000-frozen-berry-dragon\/","og_site_name":"vozolvapen","article_modified_time":"2026-02-10T10:45:33+00:00","og_image":[{"width":1200,"height":1200,"url":"https:\/\/vozolvapen.de\/wp-content\/uploads\/2026\/01\/60k-Vape-Waspe-Aiviou-60000-Blueberry-Ice-Black-Dragon-Ice-Fizzy-Cherry-Ice-2.webp","type":"image\/webp"}],"twitter_card":"summary_large_image","twitter_misc":{"Szacowany czas czytania":"2 minuty"},"schema":{"@context":"https:\/\/schema.org","@graph":[{"@type":"WebPage","@id":"https:\/\/vozolvapen.de\/product\/60k-vape-waspe-aiviou-60000-frozen-berry-dragon\/","url":"https:\/\/vozolvapen.de\/product\/60k-vape-waspe-aiviou-60000-frozen-berry-dragon\/","name":"Frozen Berry Dragon | Waspe 60k Switch 3 w 1 - vozolvapen","isPartOf":{"@id":"https:\/\/vozolvapen.de\/#website"},"primaryImageOfPage":{"@id":"https:\/\/vozolvapen.de\/product\/60k-vape-waspe-aiviou-60000-frozen-berry-dragon\/#primaryimage"},"image":{"@id":"https:\/\/vozolvapen.de\/product\/60k-vape-waspe-aiviou-60000-frozen-berry-dragon\/#primaryimage"},"thumbnailUrl":"https:\/\/vozolvapen.de\/wp-content\/uploads\/2026\/01\/60k-Vape-Waspe-Aiviou-60000-Blueberry-Ice-Black-Dragon-Ice-Fizzy-Cherry-Ice-2.webp","datePublished":"2026-01-09T05:59:11+00:00","dateModified":"2026-02-10T10:45:33+00:00","description":"Sklep Frozen Berry Dragon Waspe 60k. 60 tysi\u0119cy zaci\u0105gni\u0119\u0107 Blueberry, Black Dragon i Fizzy Cherry Ice. Smaki vaper tres klasy premium z ekranem LED.","breadcrumb":{"@id":"https:\/\/vozolvapen.de\/product\/60k-vape-waspe-aiviou-60000-frozen-berry-dragon\/#breadcrumb"},"inLanguage":"pl-PL","potentialAction":[{"@type":"ReadAction","target":["https:\/\/vozolvapen.de\/product\/60k-vape-waspe-aiviou-60000-frozen-berry-dragon\/"]}]},{"@type":"ImageObject","inLanguage":"pl-PL","@id":"https:\/\/vozolvapen.de\/product\/60k-vape-waspe-aiviou-60000-frozen-berry-dragon\/#primaryimage","url":"https:\/\/vozolvapen.de\/wp-content\/uploads\/2026\/01\/60k-Vape-Waspe-Aiviou-60000-Blueberry-Ice-Black-Dragon-Ice-Fizzy-Cherry-Ice-2.webp","contentUrl":"https:\/\/vozolvapen.de\/wp-content\/uploads\/2026\/01\/60k-Vape-Waspe-Aiviou-60000-Blueberry-Ice-Black-Dragon-Ice-Fizzy-Cherry-Ice-2.webp","width":1200,"height":1200,"caption":"60k Vape Waspe Aiviou 60000 - Blueberry Ice & Black Dragon Ice & Fizzy Cherry Ice (2)"},{"@type":"BreadcrumbList","@id":"https:\/\/vozolvapen.de\/product\/60k-vape-waspe-aiviou-60000-frozen-berry-dragon\/#breadcrumb","itemListElement":[{"@type":"ListItem","position":1,"name":"Home","item":"https:\/\/vozolvapen.de\/de\/"},{"@type":"ListItem","position":2,"name":"Shop","item":"https:\/\/vozolvapen.de\/shop\/"},{"@type":"ListItem","position":3,"name":"60k Vape Waspe Aiviou 60000 &#8211; Frozen Berry Dragon"}]},{"@type":"WebSite","@id":"https:\/\/vozolvapen.de\/#website","url":"https:\/\/vozolvapen.de\/","name":"vozolvapen","description":"vozolvapen","publisher":{"@id":"https:\/\/vozolvapen.de\/#organization"},"potentialAction":[{"@type":"SearchAction","target":{"@type":"EntryPoint","urlTemplate":"https:\/\/vozolvapen.de\/?s={search_term_string}"},"query-input":{"@type":"PropertyValueSpecification","valueRequired":true,"valueName":"search_term_string"}}],"inLanguage":"pl-PL"},{"@type":"Organization","@id":"https:\/\/vozolvapen.de\/#organization","name":"vozolvapen","url":"https:\/\/vozolvapen.de\/","logo":{"@type":"ImageObject","inLanguage":"pl-PL","@id":"https:\/\/vozolvapen.de\/#\/schema\/logo\/image\/","url":"https:\/\/vozolvapen.de\/wp-content\/uploads\/2025\/12\/cropped-vozovapen-logo.webp","contentUrl":"https:\/\/vozolvapen.de\/wp-content\/uploads\/2025\/12\/cropped-vozovapen-logo.webp","width":470,"height":110,"caption":"vozolvapen"},"image":{"@id":"https:\/\/vozolvapen.de\/#\/schema\/logo\/image\/"}}]}},"tiered_pricing_type":"fixed","tiered_pricing_fixed_rules":{"30":"13.4","50":"11.4","100":"10.4","200":"9.9"},"tiered_pricing_product_settings":{"layout":"default","base_unit_name":{"singular":null,"plural":null},"default_variation":{}},"tiered_pricing_minimum_quantity":10,"tiered_pricing_roles_data":[],"tiered_pricing_percentage_rules":[],"tiered_pricing_maximum_quantity":null,"tiered_pricing_quantity_step":"10","_links":{"self":[{"href":"http:\/\/vozolvapen.de\/pl\/wp-json\/wp\/v2\/product\/58703","targetHints":{"allow":["GET"]}}],"collection":[{"href":"http:\/\/vozolvapen.de\/pl\/wp-json\/wp\/v2\/product"}],"about":[{"href":"http:\/\/vozolvapen.de\/pl\/wp-json\/wp\/v2\/types\/product"}],"replies":[{"embeddable":true,"href":"http:\/\/vozolvapen.de\/pl\/wp-json\/wp\/v2\/comments?post=58703"}],"wp:featuredmedia":[{"embeddable":true,"href":"http:\/\/vozolvapen.de\/pl\/wp-json\/wp\/v2\/media\/59114"}],"wp:attachment":[{"href":"http:\/\/vozolvapen.de\/pl\/wp-json\/wp\/v2\/media?parent=58703"}],"wp:term":[{"taxonomy":"product_brand","embeddable":true,"href":"http:\/\/vozolvapen.de\/pl\/wp-json\/wp\/v2\/product_brand?post=58703"},{"taxonomy":"product_cat","embeddable":true,"href":"http:\/\/vozolvapen.de\/pl\/wp-json\/wp\/v2\/product_cat?post=58703"},{"taxonomy":"product_tag","embeddable":true,"href":"http:\/\/vozolvapen.de\/pl\/wp-json\/wp\/v2\/product_tag?post=58703"}],"curies":[{"name":"wp","href":"https:\/\/api.w.org\/{rel}","templated":true}]}}