{"id":58863,"date":"2026-01-09T05:59:19","date_gmt":"2026-01-09T05:59:19","guid":{"rendered":"https:\/\/vozolvapen.de\/?post_type=product&#038;p=58863"},"modified":"2026-02-10T10:45:21","modified_gmt":"2026-02-10T10:45:21","slug":"60k-vape-waspe-aiviou-60000-rainbow-berry-medley","status":"publish","type":"product","link":"http:\/\/vozolvapen.de\/pl\/product\/60k-vape-waspe-aiviou-60000-rainbow-berry-medley\/","title":{"rendered":"60k Vape Waspe Aiviou 60000 - Rainbow Berry Medley"},"content":{"rendered":"<h1>Waspe Aiviou 60000 Rainbow Berry Medley: Mieszane jagody, \u017celki, mieszane owoce<\/h1>\n<p data-path-to-node=\"45\"><b data-path-to-node=\"45\" data-index-in-node=\"0\">Do\u017cynki:<\/b> Wszechstronna kolekcja jag\u00f3d i s\u0142odyczy. To <b data-path-to-node=\"45\" data-index-in-node=\"71\">Waspe 60k<\/b> Zestaw zosta\u0142 zaprojektowany tak, aby zapewni\u0107, \u017ce nigdy nie dostaniesz \u201cvapers tongue\u201d, oferuj\u0105c trzy r\u00f3\u017cne s\u0142odkie profile.<\/p>\n<h2 data-path-to-node=\"46\"><b data-path-to-node=\"46\" data-index-in-node=\"0\">G\u0142\u0119bokie zanurzenie w owocach i \u017celkach<\/b><\/h2>\n<ul data-path-to-node=\"47\">\n<li>\n<p data-path-to-node=\"47,0,0\"><b data-path-to-node=\"47,0,0\" data-index-in-node=\"0\">Spos\u00f3b 1 - Mieszane jagody:<\/b> Ciemna mieszanka malin, je\u017cyn i jag\u00f3d.<\/p>\n<\/li>\n<li>\n<p data-path-to-node=\"47,1,0\"><b data-path-to-node=\"47,1,0\" data-index-in-node=\"0\">Tryb 2 - Gummy Bear:<\/b> Zabawny, wielobarwny smak cukierk\u00f3w ze s\u0142odycz\u0105 do \u017cucia.<\/p>\n<\/li>\n<li>\n<p data-path-to-node=\"47,2,0\"><b data-path-to-node=\"47,2,0\" data-index-in-node=\"0\">Tryb 3 - Mieszane owoce:<\/b> Klasyczna mieszanka najlepszych owoc\u00f3w sadowniczych na \u015bwiecie w stylu \u201cFruit Punch\u201d.<\/p>\n<\/li>\n<\/ul>\n<h2 data-path-to-node=\"48\"><b data-path-to-node=\"48\" data-index-in-node=\"0\">Dla kogo przeznaczony jest ten smak?<\/b><\/h2>\n<ul data-path-to-node=\"49\">\n<li>\n<p data-path-to-node=\"49,0,0\"><b data-path-to-node=\"49,0,0\" data-index-in-node=\"0\">Poszukiwacz r\u00f3\u017cnorodno\u015bci:<\/b> Idealny dla tych, kt\u00f3rzy chc\u0105 zupe\u0142nie innego smaku za ka\u017cdym razem, gdy prze\u0142\u0105czaj\u0105 prze\u0142\u0105cznik.<\/p>\n<\/li>\n<\/ul>\n<h2 data-path-to-node=\"60\">Specyfikacja rdzenia 60k Vape Waspe Aiviou 60000<\/h2>\n<table data-path-to-node=\"12\">\n<thead>\n<tr>\n<td><strong>Specyfikacja sprz\u0119towa WASPE 60k<\/strong><\/td>\n<td><strong>Opis dzia\u0142ania<\/strong><\/td>\n<\/tr>\n<\/thead>\n<tbody>\n<tr>\n<td><span data-path-to-node=\"12,1,0,0\"><b data-path-to-node=\"12,1,0,0\" data-index-in-node=\"0\">Struktura przechowywania<\/b><\/span><\/td>\n<td><span data-path-to-node=\"12,1,1,0\">Niezale\u017cna konstrukcja z trzema komorami (<b data-path-to-node=\"12,1,1,0\" data-index-in-node=\"35\">smaki vaper tres<\/b>)<\/span><\/td>\n<\/tr>\n<tr>\n<td><span data-path-to-node=\"12,2,0,0\"><b data-path-to-node=\"12,2,0,0\" data-index-in-node=\"0\">Element grzejny<\/b><\/span><\/td>\n<td><span data-path-to-node=\"12,2,1,0\">Potr\u00f3jny rdze\u0144 o strukturze plastra miodu 0,9ohm (0,9+0,9+0,9)<\/span><\/td>\n<\/tr>\n<tr>\n<td><span data-path-to-node=\"12,3,0,0\"><b data-path-to-node=\"12,3,0,0\" data-index-in-node=\"0\">Pojemno\u015b\u0107 zbiornika<\/b><\/span><\/td>\n<td><span data-path-to-node=\"12,3,1,0\">18 ml na komor\u0119 \/ 54 ml \u0142\u0105cznie<\/span><\/td>\n<\/tr>\n<tr>\n<td><span data-path-to-node=\"12,4,0,0\"><b data-path-to-node=\"12,4,0,0\" data-index-in-node=\"0\">Wytrzyma\u0142o\u015b\u0107<\/b><\/span><\/td>\n<td><span data-path-to-node=\"12,4,1,0\">Sp\u00f3jny <b data-path-to-node=\"12,4,1,0\" data-index-in-node=\"11\">vaper 60000 zaci\u0105gni\u0119\u0107<\/b> Wyj\u015bcie<\/span><\/td>\n<\/tr>\n<tr>\n<td><span data-path-to-node=\"12,5,0,0\"><b data-path-to-node=\"12,5,0,0\" data-index-in-node=\"0\">Wyko\u0144czenie zewn\u0119trzne<\/b><\/span><\/td>\n<td><span data-path-to-node=\"12,5,1,0\">Grawerowanie laserowe + pow\u0142oka przyjazna dla sk\u00f3ry<\/span><\/td>\n<\/tr>\n<tr>\n<td><span data-path-to-node=\"12,6,0,0\"><b data-path-to-node=\"12,6,0,0\" data-index-in-node=\"0\">System wy\u015bwietlania<\/b><\/span><\/td>\n<td><span data-path-to-node=\"12,6,1,0\">Kolorowy ekran LED do monitorowania oleju i akumulatora<\/span><\/td>\n<\/tr>\n<tr>\n<td><span data-path-to-node=\"12,7,0,0\"><b data-path-to-node=\"12,7,0,0\" data-index-in-node=\"0\">Opakowanie<\/b><\/span><\/td>\n<td><span data-path-to-node=\"12,7,1,0\">10 sztuk w pude\u0142ku ekspozycyjnym (indywidualnie zapiecz\u0119towane)<\/span><\/td>\n<\/tr>\n<\/tbody>\n<\/table>\n<p>Mieszanka jag\u00f3d i gumijag\u00f3d mo\u017ce cz\u0119sto sta\u0107 si\u0119 \u201czamulona\u201d, ale <b data-path-to-node=\"15\" data-index-in-node=\"78\">Niezale\u017cna tr\u00f3jkomorowa konstrukcja 18ML<\/b> sprawia, \u017ce ka\u017cdy profil smakowy jest ca\u0142kowicie odr\u0119bny. The <b data-path-to-node=\"15\" data-index-in-node=\"168\">Inteligentny ekran LED<\/b> pozwala bez obaw prze\u0142\u0105cza\u0107 si\u0119 mi\u0119dzy tymi z\u0142o\u017conymi mieszankami jag\u00f3d, wiedz\u0105c dok\u0142adnie, ile ka\u017cdego \u201cnajlepszego p\u0142ynu vape\u201d pozosta\u0142o w urz\u0105dzeniu.<\/p>\n<h3 data-path-to-node=\"77\"><b data-path-to-node=\"77\" data-index-in-node=\"0\">Dalsze zalecenia:<\/b><\/h3>\n<p data-path-to-node=\"78\">Odkryj jeszcze wi\u0119cej niesamowitych smak\u00f3w dzi\u0119ki 60k Vape Waspe Aiviou 60000!<\/p>\n<p data-path-to-node=\"79\"><a class=\"ng-star-inserted\" href=\"https:\/\/vozolvapen.de\/pl\/product-category\/waspe-vape\/60k-vape-waspe-aiviou-60000-3-in-1\/\" target=\"_blank\" rel=\"noopener noreferrer nofollow\" data-hveid=\"0\" data-ved=\"0CAAQ_4QMahgKEwjxyYqx9_CRAxUAAAAAHQAAAAAQ9wE\">Zobacz wszystkie odmiany tutaj \u2192<\/a><\/p>\n<p data-path-to-node=\"80\">Zapoznaj si\u0119 z nasz\u0105 pe\u0142n\u0105 kolekcj\u0105 i kupuj produkty najlepszych marek vape, kt\u00f3re pokochasz.<\/p>\n<p data-path-to-node=\"81\"><a class=\"ng-star-inserted\" href=\"https:\/\/vozolvapen.de\/pl\/\" target=\"_blank\" rel=\"noopener noreferrer nofollow\" data-hveid=\"0\" data-ved=\"0CAAQ_4QMahgKEwjxyYqx9_CRAxUAAAAAHQAAAAAQ-AE\">Przegl\u0105daj teraz wszystkie marki \u2192<\/a><\/p>\n<p data-path-to-node=\"82\">Sprawd\u017a ca\u0142o\u015b\u0107\u00a0<b data-path-to-node=\"82\" data-index-in-node=\"23\">Waspe Aiviou<\/b>\u00a0Seria - ka\u017cdy smak, ka\u017cdy styl!<\/p>\n<p data-path-to-node=\"83\"><a class=\"ng-star-inserted\" href=\"https:\/\/vozolvapen.de\/pl\/product-category\/waspe-vape\/\" target=\"_blank\" rel=\"noopener noreferrer nofollow\" data-hveid=\"0\" data-ved=\"0CAAQ_4QMahgKEwjxyYqx9_CRAxUAAAAAHQAAAAAQ-QE\">Zobacz pe\u0142n\u0105 kolekcj\u0119 Waspe \u2192<\/a><\/p>","protected":false},"excerpt":{"rendered":"<p>Sklep ze s\u0142odyczami w kieszeni. To <b data-path-to-node=\"21\" data-index-in-node=\"261\">Waspe 60k<\/b> Zestaw zosta\u0142 zaprojektowany, aby zapobiec \u201cj\u0119zykowi wampir\u00f3w\u201d, oferuj\u0105c trzy r\u00f3\u017cne s\u0142odkie profile: ciemne le\u015bne jagody, nostalgiczne \u017celki i mieszane owoce sadu.<\/p>","protected":false},"featured_media":59130,"comment_status":"open","ping_status":"closed","template":"","meta":{"_acf_changed":false},"product_brand":[],"product_cat":[113,134],"product_tag":[],"class_list":{"0":"post-58863","1":"product","2":"type-product","3":"status-publish","4":"has-post-thumbnail","6":"product_cat-60k-vape-waspe-aiviou-60000-3-in-1","7":"product_cat-eu-warehouse-in-stock","9":"first","10":"instock","11":"shipping-taxable","12":"purchasable","13":"product-type-variable"},"acf":[],"yoast_head":"<!-- This site is optimized with the Yoast SEO Premium plugin v26.1 (Yoast SEO v27.5) - https:\/\/yoast.com\/product\/yoast-seo-premium-wordpress\/ -->\n<title>Rainbow Berry Medley | Waspe 60k 3-in-1 Puffs - vozolvapen<\/title>\n<meta name=\"description\" content=\"60k puffs of Mixed Berries, Gummy Bear &amp; Fruit. Waspe Aiviou 60000. 3-in-1 flavor switch. 54ml ultra-large capacity. Fast EU stock.\" \/>\n<meta name=\"robots\" content=\"index, follow, max-snippet:-1, max-image-preview:large, max-video-preview:-1\" \/>\n<link rel=\"canonical\" href=\"https:\/\/vozolvapen.de\/pl\/product\/60k-vape-waspe-aiviou-60000-rainbow-berry-medley\/\" \/>\n<meta property=\"og:locale\" content=\"pl_PL\" \/>\n<meta property=\"og:type\" content=\"article\" \/>\n<meta property=\"og:title\" content=\"60k Vape Waspe Aiviou 60000 - Rainbow Berry Medley\" \/>\n<meta property=\"og:description\" content=\"60k puffs of Mixed Berries, Gummy Bear &amp; Fruit. Waspe Aiviou 60000. 3-in-1 flavor switch. 54ml ultra-large capacity. Fast EU stock.\" \/>\n<meta property=\"og:url\" content=\"https:\/\/vozolvapen.de\/pl\/product\/60k-vape-waspe-aiviou-60000-rainbow-berry-medley\/\" \/>\n<meta property=\"og:site_name\" content=\"vozolvapen\" \/>\n<meta property=\"article:modified_time\" content=\"2026-02-10T10:45:21+00:00\" \/>\n<meta property=\"og:image\" content=\"https:\/\/vozolvapen.de\/wp-content\/uploads\/2026\/01\/60k-Vape-Waspe-Aiviou-60000-Mixed-Berries-Gummy-Bear-Mixed-Fruit-3.webp\" \/>\n\t<meta property=\"og:image:width\" content=\"1200\" \/>\n\t<meta property=\"og:image:height\" content=\"1200\" \/>\n\t<meta property=\"og:image:type\" content=\"image\/webp\" \/>\n<meta name=\"twitter:card\" content=\"summary_large_image\" \/>\n<meta name=\"twitter:label1\" content=\"Szacowany czas czytania\" \/>\n\t<meta name=\"twitter:data1\" content=\"2 minuty\" \/>\n<script type=\"application\/ld+json\" class=\"yoast-schema-graph\">{\"@context\":\"https:\\\/\\\/schema.org\",\"@graph\":[{\"@type\":\"WebPage\",\"@id\":\"https:\\\/\\\/vozolvapen.de\\\/product\\\/60k-vape-waspe-aiviou-60000-rainbow-berry-medley\\\/\",\"url\":\"https:\\\/\\\/vozolvapen.de\\\/product\\\/60k-vape-waspe-aiviou-60000-rainbow-berry-medley\\\/\",\"name\":\"Rainbow Berry Medley | Waspe 60k 3-in-1 Puffs - vozolvapen\",\"isPartOf\":{\"@id\":\"https:\\\/\\\/vozolvapen.de\\\/#website\"},\"primaryImageOfPage\":{\"@id\":\"https:\\\/\\\/vozolvapen.de\\\/product\\\/60k-vape-waspe-aiviou-60000-rainbow-berry-medley\\\/#primaryimage\"},\"image\":{\"@id\":\"https:\\\/\\\/vozolvapen.de\\\/product\\\/60k-vape-waspe-aiviou-60000-rainbow-berry-medley\\\/#primaryimage\"},\"thumbnailUrl\":\"https:\\\/\\\/vozolvapen.de\\\/wp-content\\\/uploads\\\/2026\\\/01\\\/60k-Vape-Waspe-Aiviou-60000-Mixed-Berries-Gummy-Bear-Mixed-Fruit-3.webp\",\"datePublished\":\"2026-01-09T05:59:19+00:00\",\"dateModified\":\"2026-02-10T10:45:21+00:00\",\"description\":\"60k puffs of Mixed Berries, Gummy Bear & Fruit. Waspe Aiviou 60000. 3-in-1 flavor switch. 54ml ultra-large capacity. Fast EU stock.\",\"breadcrumb\":{\"@id\":\"https:\\\/\\\/vozolvapen.de\\\/product\\\/60k-vape-waspe-aiviou-60000-rainbow-berry-medley\\\/#breadcrumb\"},\"inLanguage\":\"pl-PL\",\"potentialAction\":[{\"@type\":\"ReadAction\",\"target\":[\"https:\\\/\\\/vozolvapen.de\\\/product\\\/60k-vape-waspe-aiviou-60000-rainbow-berry-medley\\\/\"]}]},{\"@type\":\"ImageObject\",\"inLanguage\":\"pl-PL\",\"@id\":\"https:\\\/\\\/vozolvapen.de\\\/product\\\/60k-vape-waspe-aiviou-60000-rainbow-berry-medley\\\/#primaryimage\",\"url\":\"https:\\\/\\\/vozolvapen.de\\\/wp-content\\\/uploads\\\/2026\\\/01\\\/60k-Vape-Waspe-Aiviou-60000-Mixed-Berries-Gummy-Bear-Mixed-Fruit-3.webp\",\"contentUrl\":\"https:\\\/\\\/vozolvapen.de\\\/wp-content\\\/uploads\\\/2026\\\/01\\\/60k-Vape-Waspe-Aiviou-60000-Mixed-Berries-Gummy-Bear-Mixed-Fruit-3.webp\",\"width\":1200,\"height\":1200,\"caption\":\"60k Vape Waspe Aiviou 60000 - Mixed Berries & Gummy Bear & Mixed Fruit (3)\"},{\"@type\":\"BreadcrumbList\",\"@id\":\"https:\\\/\\\/vozolvapen.de\\\/product\\\/60k-vape-waspe-aiviou-60000-rainbow-berry-medley\\\/#breadcrumb\",\"itemListElement\":[{\"@type\":\"ListItem\",\"position\":1,\"name\":\"Home\",\"item\":\"https:\\\/\\\/vozolvapen.de\\\/de\\\/\"},{\"@type\":\"ListItem\",\"position\":2,\"name\":\"Shop\",\"item\":\"https:\\\/\\\/vozolvapen.de\\\/shop\\\/\"},{\"@type\":\"ListItem\",\"position\":3,\"name\":\"60k Vape Waspe Aiviou 60000 &#8211; Rainbow Berry Medley\"}]},{\"@type\":\"WebSite\",\"@id\":\"https:\\\/\\\/vozolvapen.de\\\/#website\",\"url\":\"https:\\\/\\\/vozolvapen.de\\\/\",\"name\":\"vozolvapen\",\"description\":\"vozolvapen\",\"publisher\":{\"@id\":\"https:\\\/\\\/vozolvapen.de\\\/#organization\"},\"potentialAction\":[{\"@type\":\"SearchAction\",\"target\":{\"@type\":\"EntryPoint\",\"urlTemplate\":\"https:\\\/\\\/vozolvapen.de\\\/?s={search_term_string}\"},\"query-input\":{\"@type\":\"PropertyValueSpecification\",\"valueRequired\":true,\"valueName\":\"search_term_string\"}}],\"inLanguage\":\"pl-PL\"},{\"@type\":\"Organization\",\"@id\":\"https:\\\/\\\/vozolvapen.de\\\/#organization\",\"name\":\"vozolvapen\",\"url\":\"https:\\\/\\\/vozolvapen.de\\\/\",\"logo\":{\"@type\":\"ImageObject\",\"inLanguage\":\"pl-PL\",\"@id\":\"https:\\\/\\\/vozolvapen.de\\\/#\\\/schema\\\/logo\\\/image\\\/\",\"url\":\"https:\\\/\\\/vozolvapen.de\\\/wp-content\\\/uploads\\\/2025\\\/12\\\/cropped-vozovapen-logo.webp\",\"contentUrl\":\"https:\\\/\\\/vozolvapen.de\\\/wp-content\\\/uploads\\\/2025\\\/12\\\/cropped-vozovapen-logo.webp\",\"width\":470,\"height\":110,\"caption\":\"vozolvapen\"},\"image\":{\"@id\":\"https:\\\/\\\/vozolvapen.de\\\/#\\\/schema\\\/logo\\\/image\\\/\"}}]}<\/script>\n<!-- \/ Yoast SEO Premium plugin. -->","yoast_head_json":{"title":"Rainbow Berry Medley | Waspe 60k 3w1 Puffs - vozolvapen","description":"60 tysi\u0119cy puff\u00f3w Mixed Berries, Gummy Bear &amp; Fruit. Waspe Aiviou 60000. Prze\u0142\u0105cznik smaku 3 w 1. Bardzo du\u017ca pojemno\u015b\u0107 54 ml. Szybki magazyn w UE.","robots":{"index":"index","follow":"follow","max-snippet":"max-snippet:-1","max-image-preview":"max-image-preview:large","max-video-preview":"max-video-preview:-1"},"canonical":"https:\/\/vozolvapen.de\/pl\/product\/60k-vape-waspe-aiviou-60000-rainbow-berry-medley\/","og_locale":"pl_PL","og_type":"article","og_title":"60k Vape Waspe Aiviou 60000 - Rainbow Berry Medley","og_description":"60k puffs of Mixed Berries, Gummy Bear & Fruit. Waspe Aiviou 60000. 3-in-1 flavor switch. 54ml ultra-large capacity. Fast EU stock.","og_url":"https:\/\/vozolvapen.de\/pl\/product\/60k-vape-waspe-aiviou-60000-rainbow-berry-medley\/","og_site_name":"vozolvapen","article_modified_time":"2026-02-10T10:45:21+00:00","og_image":[{"width":1200,"height":1200,"url":"https:\/\/vozolvapen.de\/wp-content\/uploads\/2026\/01\/60k-Vape-Waspe-Aiviou-60000-Mixed-Berries-Gummy-Bear-Mixed-Fruit-3.webp","type":"image\/webp"}],"twitter_card":"summary_large_image","twitter_misc":{"Szacowany czas czytania":"2 minuty"},"schema":{"@context":"https:\/\/schema.org","@graph":[{"@type":"WebPage","@id":"https:\/\/vozolvapen.de\/product\/60k-vape-waspe-aiviou-60000-rainbow-berry-medley\/","url":"https:\/\/vozolvapen.de\/product\/60k-vape-waspe-aiviou-60000-rainbow-berry-medley\/","name":"Rainbow Berry Medley | Waspe 60k 3w1 Puffs - vozolvapen","isPartOf":{"@id":"https:\/\/vozolvapen.de\/#website"},"primaryImageOfPage":{"@id":"https:\/\/vozolvapen.de\/product\/60k-vape-waspe-aiviou-60000-rainbow-berry-medley\/#primaryimage"},"image":{"@id":"https:\/\/vozolvapen.de\/product\/60k-vape-waspe-aiviou-60000-rainbow-berry-medley\/#primaryimage"},"thumbnailUrl":"https:\/\/vozolvapen.de\/wp-content\/uploads\/2026\/01\/60k-Vape-Waspe-Aiviou-60000-Mixed-Berries-Gummy-Bear-Mixed-Fruit-3.webp","datePublished":"2026-01-09T05:59:19+00:00","dateModified":"2026-02-10T10:45:21+00:00","description":"60 tysi\u0119cy puff\u00f3w Mixed Berries, Gummy Bear &amp; Fruit. Waspe Aiviou 60000. Prze\u0142\u0105cznik smaku 3 w 1. Bardzo du\u017ca pojemno\u015b\u0107 54 ml. Szybki magazyn w UE.","breadcrumb":{"@id":"https:\/\/vozolvapen.de\/product\/60k-vape-waspe-aiviou-60000-rainbow-berry-medley\/#breadcrumb"},"inLanguage":"pl-PL","potentialAction":[{"@type":"ReadAction","target":["https:\/\/vozolvapen.de\/product\/60k-vape-waspe-aiviou-60000-rainbow-berry-medley\/"]}]},{"@type":"ImageObject","inLanguage":"pl-PL","@id":"https:\/\/vozolvapen.de\/product\/60k-vape-waspe-aiviou-60000-rainbow-berry-medley\/#primaryimage","url":"https:\/\/vozolvapen.de\/wp-content\/uploads\/2026\/01\/60k-Vape-Waspe-Aiviou-60000-Mixed-Berries-Gummy-Bear-Mixed-Fruit-3.webp","contentUrl":"https:\/\/vozolvapen.de\/wp-content\/uploads\/2026\/01\/60k-Vape-Waspe-Aiviou-60000-Mixed-Berries-Gummy-Bear-Mixed-Fruit-3.webp","width":1200,"height":1200,"caption":"60k Vape Waspe Aiviou 60000 - Mixed Berries & Gummy Bear & Mixed Fruit (3)"},{"@type":"BreadcrumbList","@id":"https:\/\/vozolvapen.de\/product\/60k-vape-waspe-aiviou-60000-rainbow-berry-medley\/#breadcrumb","itemListElement":[{"@type":"ListItem","position":1,"name":"Home","item":"https:\/\/vozolvapen.de\/de\/"},{"@type":"ListItem","position":2,"name":"Shop","item":"https:\/\/vozolvapen.de\/shop\/"},{"@type":"ListItem","position":3,"name":"60k Vape Waspe Aiviou 60000 &#8211; Rainbow Berry Medley"}]},{"@type":"WebSite","@id":"https:\/\/vozolvapen.de\/#website","url":"https:\/\/vozolvapen.de\/","name":"vozolvapen","description":"vozolvapen","publisher":{"@id":"https:\/\/vozolvapen.de\/#organization"},"potentialAction":[{"@type":"SearchAction","target":{"@type":"EntryPoint","urlTemplate":"https:\/\/vozolvapen.de\/?s={search_term_string}"},"query-input":{"@type":"PropertyValueSpecification","valueRequired":true,"valueName":"search_term_string"}}],"inLanguage":"pl-PL"},{"@type":"Organization","@id":"https:\/\/vozolvapen.de\/#organization","name":"vozolvapen","url":"https:\/\/vozolvapen.de\/","logo":{"@type":"ImageObject","inLanguage":"pl-PL","@id":"https:\/\/vozolvapen.de\/#\/schema\/logo\/image\/","url":"https:\/\/vozolvapen.de\/wp-content\/uploads\/2025\/12\/cropped-vozovapen-logo.webp","contentUrl":"https:\/\/vozolvapen.de\/wp-content\/uploads\/2025\/12\/cropped-vozovapen-logo.webp","width":470,"height":110,"caption":"vozolvapen"},"image":{"@id":"https:\/\/vozolvapen.de\/#\/schema\/logo\/image\/"}}]}},"tiered_pricing_type":"fixed","tiered_pricing_fixed_rules":{"30":"13.4","50":"11.4","100":"10.4","200":"9.9"},"tiered_pricing_product_settings":{"layout":"default","base_unit_name":{"singular":null,"plural":null},"default_variation":{}},"tiered_pricing_minimum_quantity":10,"tiered_pricing_roles_data":[],"tiered_pricing_percentage_rules":[],"tiered_pricing_maximum_quantity":null,"tiered_pricing_quantity_step":"10","_links":{"self":[{"href":"http:\/\/vozolvapen.de\/pl\/wp-json\/wp\/v2\/product\/58863","targetHints":{"allow":["GET"]}}],"collection":[{"href":"http:\/\/vozolvapen.de\/pl\/wp-json\/wp\/v2\/product"}],"about":[{"href":"http:\/\/vozolvapen.de\/pl\/wp-json\/wp\/v2\/types\/product"}],"replies":[{"embeddable":true,"href":"http:\/\/vozolvapen.de\/pl\/wp-json\/wp\/v2\/comments?post=58863"}],"wp:featuredmedia":[{"embeddable":true,"href":"http:\/\/vozolvapen.de\/pl\/wp-json\/wp\/v2\/media\/59130"}],"wp:attachment":[{"href":"http:\/\/vozolvapen.de\/pl\/wp-json\/wp\/v2\/media?parent=58863"}],"wp:term":[{"taxonomy":"product_brand","embeddable":true,"href":"http:\/\/vozolvapen.de\/pl\/wp-json\/wp\/v2\/product_brand?post=58863"},{"taxonomy":"product_cat","embeddable":true,"href":"http:\/\/vozolvapen.de\/pl\/wp-json\/wp\/v2\/product_cat?post=58863"},{"taxonomy":"product_tag","embeddable":true,"href":"http:\/\/vozolvapen.de\/pl\/wp-json\/wp\/v2\/product_tag?post=58863"}],"curies":[{"name":"wp","href":"https:\/\/api.w.org\/{rel}","templated":true}]}}