{"id":58983,"date":"2026-01-09T05:59:26","date_gmt":"2026-01-09T05:59:26","guid":{"rendered":"https:\/\/vozolvapen.de\/?post_type=product&#038;p=58983"},"modified":"2026-02-10T10:45:14","modified_gmt":"2026-02-10T10:45:14","slug":"60k-vape-waspe-aiviou-60000-island-smoothie-mix","status":"publish","type":"product","link":"http:\/\/vozolvapen.de\/pl\/product\/60k-vape-waspe-aiviou-60000-island-smoothie-mix\/","title":{"rendered":"60k Vape Waspe Aiviou 60000 - Island Smoothie Mix"},"content":{"rendered":"<h1>Waspe Aiviou 60000 Island Smoothie Mix: Truskawkowo-bananowy, Ananasowo-kokosowy z lodem, Mango z lodem<\/h1>\n<p data-path-to-node=\"66\"><b data-path-to-node=\"66\" data-index-in-node=\"0\">Karaibski sen:<\/b> Przenie\u015b pla\u017c\u0119 do swojego waporyzatora. To <b data-path-to-node=\"66\" data-index-in-node=\"56\">Waspe 60k<\/b> Seria koncentruje si\u0119 na kremowych, egzotycznych profilach, kt\u00f3re s\u0105 wzmocnione przez system potr\u00f3jnych zwoj\u00f3w siatki.<\/p>\n<h2 data-path-to-node=\"67\"><b data-path-to-node=\"67\" data-index-in-node=\"0\">Kremowe i egzotyczne g\u0142\u0119bokie zanurzenie<\/b><\/h2>\n<ul data-path-to-node=\"68\">\n<li>\n<p data-path-to-node=\"68,0,0\"><b data-path-to-node=\"68,0,0\" data-index-in-node=\"0\">Mode 1 - Strawberry Banana:<\/b> Klasyczny owocowy duet o kremowej konsystencji.<\/p>\n<\/li>\n<li>\n<p data-path-to-node=\"68,1,0\"><b data-path-to-node=\"68,1,0\" data-index-in-node=\"0\">Spos\u00f3b 2 - L\u00f3d ananasowo-kokosowy:<\/b> Inspirowana Pi\u00f1a Colad\u0105 mieszanka z du\u017c\u0105 ilo\u015bci\u0105 kokosa.<\/p>\n<\/li>\n<li>\n<p data-path-to-node=\"68,2,0\"><b data-path-to-node=\"68,2,0\" data-index-in-node=\"0\">Tryb 3 - Mango Ice:<\/b> Dojrza\u0142e, mi\u0119siste mango Alphonso z ch\u0142odz\u0105cym lodowym finiszem.<\/p>\n<\/li>\n<\/ul>\n<h2 data-path-to-node=\"69\"><b data-path-to-node=\"69\" data-index-in-node=\"0\">Dla kogo przeznaczony jest ten smak?<\/b><\/h2>\n<ul data-path-to-node=\"70\">\n<li>\n<p data-path-to-node=\"70,0,0\"><b data-path-to-node=\"70,0,0\" data-index-in-node=\"0\">The Vacationer:<\/b> Idealny dla waper\u00f3w, kt\u00f3rzy preferuj\u0105 \u201cg\u0119ste\u201d, kremowe smaki owocowe zamiast ostrych.<\/p>\n<\/li>\n<\/ul>\n<h2 data-path-to-node=\"60\">Specyfikacja rdzenia 60k Vape Waspe Aiviou 60000<\/h2>\n<table data-path-to-node=\"16\">\n<thead>\n<tr>\n<td><strong>Cechy Waspe Aiviou<\/strong><\/td>\n<td><strong>Szczeg\u00f3\u0142y specyfikacji<\/strong><\/td>\n<\/tr>\n<\/thead>\n<tbody>\n<tr>\n<td><span data-path-to-node=\"16,1,0,0\"><b data-path-to-node=\"16,1,0,0\" data-index-in-node=\"0\">Poziom wydajno\u015bci<\/b><\/span><\/td>\n<td><span data-path-to-node=\"16,1,1,0\">Pierwsze na \u015bwiecie urz\u0105dzenie o pojemno\u015bci 54 ml (<b data-path-to-node=\"16,1,1,0\" data-index-in-node=\"34\">60k Vape<\/b>)<\/span><\/td>\n<\/tr>\n<tr>\n<td><span data-path-to-node=\"16,2,0,0\"><b data-path-to-node=\"16,2,0,0\" data-index-in-node=\"0\">Prze\u0142\u0105czanie smak\u00f3w<\/b><\/span><\/td>\n<td><span data-path-to-node=\"16,2,1,0\">Fizyczny prze\u0142\u0105cznik\/obrotowy prze\u0142\u0105cznik 3 smak\u00f3w<\/span><\/td>\n<\/tr>\n<tr>\n<td><span data-path-to-node=\"16,3,0,0\"><b data-path-to-node=\"16,3,0,0\" data-index-in-node=\"0\">Wydajno\u015b\u0107 atomizacji<\/b><\/span><\/td>\n<td><span data-path-to-node=\"16,3,1,0\">30% Zwi\u0119kszona g\u0119sto\u015b\u0107 pary i wierno\u015b\u0107 smaku<\/span><\/td>\n<\/tr>\n<tr>\n<td><span data-path-to-node=\"16,4,0,0\"><b data-path-to-node=\"16,4,0,0\" data-index-in-node=\"0\">Pr\u0119dko\u015b\u0107 \u0142adowania<\/b><\/span><\/td>\n<td><span data-path-to-node=\"16,4,1,0\">Oko\u0142o 30 minut do zasilania 80%<\/span><\/td>\n<\/tr>\n<tr>\n<td><span data-path-to-node=\"16,5,0,0\"><b data-path-to-node=\"16,5,0,0\" data-index-in-node=\"0\">\u017bywotno\u015b\u0107 urz\u0105dzenia<\/b><\/span><\/td>\n<td><span data-path-to-node=\"16,5,1,0\">Odpowiednik 6-8 standardowych urz\u0105dze\u0144 jednorazowych<\/span><\/td>\n<\/tr>\n<tr>\n<td><span data-path-to-node=\"16,6,0,0\"><b data-path-to-node=\"16,6,0,0\" data-index-in-node=\"0\">Stan zapas\u00f3w<\/b><\/span><\/td>\n<td><span data-path-to-node=\"16,6,1,0\">Bezpo\u015bredni magazyn w UE\/USA (dostawa w ci\u0105gu 1-3 dni)<\/span><\/td>\n<\/tr>\n<tr>\n<td><span data-path-to-node=\"16,7,0,0\"><b data-path-to-node=\"16,7,0,0\" data-index-in-node=\"0\">Znaczenie rynkowe<\/b><\/span><\/td>\n<td><span data-path-to-node=\"16,7,1,0\">2026 Bran\u017cowy poziom odniesienia Produkt<\/span><\/td>\n<\/tr>\n<\/tbody>\n<\/table>\n<p>Bogate, egzotyczne nuty kokosa i mango s\u0105 o\u017cywiane przez <b data-path-to-node=\"21\" data-index-in-node=\"71\">Doskona\u0142a konstrukcja przep\u0142ywu powietrza<\/b> Aiviou 60000. Sprz\u0119t pozwala na odparowanie tych \u201cci\u0119\u017ckich\u201d tropikalnych p\u0142yn\u00f3w w lekkie, puszyste chmury. The <b data-path-to-node=\"21\" data-index-in-node=\"210\">Ocena vaper 60000 zaci\u0105gni\u0119\u0107<\/b> oznacza, \u017ce Tw\u00f3j prywatny wypad na wysp\u0119 b\u0119dzie trwa\u0142 d\u0142u\u017cej ni\u017c jakiekolwiek inne urz\u0105dzenie na rynku.<\/p>\n<h3 data-path-to-node=\"77\"><b data-path-to-node=\"77\" data-index-in-node=\"0\">Dalsze zalecenia:<\/b><\/h3>\n<p data-path-to-node=\"78\">Odkryj jeszcze wi\u0119cej niesamowitych smak\u00f3w dzi\u0119ki 60k Vape Waspe Aiviou 60000!<\/p>\n<p data-path-to-node=\"79\"><a class=\"ng-star-inserted\" href=\"https:\/\/vozolvapen.de\/pl\/product-category\/waspe-vape\/60k-vape-waspe-aiviou-60000-3-in-1\/\" target=\"_blank\" rel=\"noopener noreferrer nofollow\" data-hveid=\"0\" data-ved=\"0CAAQ_4QMahgKEwjxyYqx9_CRAxUAAAAAHQAAAAAQ9wE\">Zobacz wszystkie odmiany tutaj \u2192<\/a><\/p>\n<p data-path-to-node=\"80\">Zapoznaj si\u0119 z nasz\u0105 pe\u0142n\u0105 kolekcj\u0105 i kupuj produkty najlepszych marek vape, kt\u00f3re pokochasz.<\/p>\n<p data-path-to-node=\"81\"><a class=\"ng-star-inserted\" href=\"https:\/\/vozolvapen.de\/pl\/\" target=\"_blank\" rel=\"noopener noreferrer nofollow\" data-hveid=\"0\" data-ved=\"0CAAQ_4QMahgKEwjxyYqx9_CRAxUAAAAAHQAAAAAQ-AE\">Przegl\u0105daj teraz wszystkie marki \u2192<\/a><\/p>\n<p data-path-to-node=\"82\">Sprawd\u017a ca\u0142o\u015b\u0107\u00a0<b data-path-to-node=\"82\" data-index-in-node=\"23\">Waspe Aiviou<\/b>\u00a0Seria - ka\u017cdy smak, ka\u017cdy styl!<\/p>\n<p data-path-to-node=\"83\"><a class=\"ng-star-inserted\" href=\"https:\/\/vozolvapen.de\/pl\/product-category\/waspe-vape\/\" target=\"_blank\" rel=\"noopener noreferrer nofollow\" data-hveid=\"0\" data-ved=\"0CAAQ_4QMahgKEwjxyYqx9_CRAxUAAAAAHQAAAAAQ-QE\">Zobacz pe\u0142n\u0105 kolekcj\u0119 Waspe \u2192<\/a><\/p>","protected":false},"excerpt":{"rendered":"<p>Tw\u00f3j prywatny karaibski wypad. Do\u015bwiadcz kremowego kokosa, g\u0142adkiej truskawki-banana i lodowatego mango w tym napoju o du\u017cej pojemno\u015bci. <b data-path-to-node=\"30\" data-index-in-node=\"339\">vaper 3 smaki<\/b> Edycja 2026.<\/p>","protected":false},"featured_media":59142,"comment_status":"open","ping_status":"closed","template":"","meta":{"_acf_changed":false},"product_brand":[],"product_cat":[113,134],"product_tag":[],"class_list":{"0":"post-58983","1":"product","2":"type-product","3":"status-publish","4":"has-post-thumbnail","6":"product_cat-60k-vape-waspe-aiviou-60000-3-in-1","7":"product_cat-eu-warehouse-in-stock","9":"first","10":"instock","11":"shipping-taxable","12":"purchasable","13":"product-type-variable"},"acf":[],"yoast_head":"<!-- This site is optimized with the Yoast SEO Premium plugin v26.1 (Yoast SEO v27.5) - https:\/\/yoast.com\/product\/yoast-seo-premium-wordpress\/ -->\n<title>Island Smoothie Mix | Waspe Aiviou 60k - vozolvapen<\/title>\n<meta name=\"description\" content=\"60k puffs of Banana, Coconut &amp; Mango Ice. Waspe 60k 3-in-1 exotic series. Smart LED display &amp; Type-C charging. Vaper 60000 puffs.\" \/>\n<meta name=\"robots\" content=\"index, follow, max-snippet:-1, max-image-preview:large, max-video-preview:-1\" \/>\n<link rel=\"canonical\" href=\"https:\/\/vozolvapen.de\/pl\/product\/60k-vape-waspe-aiviou-60000-island-smoothie-mix\/\" \/>\n<meta property=\"og:locale\" content=\"pl_PL\" \/>\n<meta property=\"og:type\" content=\"article\" \/>\n<meta property=\"og:title\" content=\"60k Vape Waspe Aiviou 60000 - Island Smoothie Mix\" \/>\n<meta property=\"og:description\" content=\"60k puffs of Banana, Coconut &amp; Mango Ice. Waspe 60k 3-in-1 exotic series. Smart LED display &amp; Type-C charging. Vaper 60000 puffs.\" \/>\n<meta property=\"og:url\" content=\"https:\/\/vozolvapen.de\/pl\/product\/60k-vape-waspe-aiviou-60000-island-smoothie-mix\/\" \/>\n<meta property=\"og:site_name\" content=\"vozolvapen\" \/>\n<meta property=\"article:modified_time\" content=\"2026-02-10T10:45:14+00:00\" \/>\n<meta property=\"og:image\" content=\"https:\/\/vozolvapen.de\/wp-content\/uploads\/2026\/01\/60k-Vape-Waspe-Aiviou-60000-Strawberry-Banana-Pineapple-Coconut-Ice-Mango-Ice-3.webp\" \/>\n\t<meta property=\"og:image:width\" content=\"1200\" \/>\n\t<meta property=\"og:image:height\" content=\"1200\" \/>\n\t<meta property=\"og:image:type\" content=\"image\/webp\" \/>\n<meta name=\"twitter:card\" content=\"summary_large_image\" \/>\n<meta name=\"twitter:label1\" content=\"Szacowany czas czytania\" \/>\n\t<meta name=\"twitter:data1\" content=\"2 minuty\" \/>\n<script type=\"application\/ld+json\" class=\"yoast-schema-graph\">{\"@context\":\"https:\\\/\\\/schema.org\",\"@graph\":[{\"@type\":\"WebPage\",\"@id\":\"https:\\\/\\\/vozolvapen.de\\\/product\\\/60k-vape-waspe-aiviou-60000-island-smoothie-mix\\\/\",\"url\":\"https:\\\/\\\/vozolvapen.de\\\/product\\\/60k-vape-waspe-aiviou-60000-island-smoothie-mix\\\/\",\"name\":\"Island Smoothie Mix | Waspe Aiviou 60k - vozolvapen\",\"isPartOf\":{\"@id\":\"https:\\\/\\\/vozolvapen.de\\\/#website\"},\"primaryImageOfPage\":{\"@id\":\"https:\\\/\\\/vozolvapen.de\\\/product\\\/60k-vape-waspe-aiviou-60000-island-smoothie-mix\\\/#primaryimage\"},\"image\":{\"@id\":\"https:\\\/\\\/vozolvapen.de\\\/product\\\/60k-vape-waspe-aiviou-60000-island-smoothie-mix\\\/#primaryimage\"},\"thumbnailUrl\":\"https:\\\/\\\/vozolvapen.de\\\/wp-content\\\/uploads\\\/2026\\\/01\\\/60k-Vape-Waspe-Aiviou-60000-Strawberry-Banana-Pineapple-Coconut-Ice-Mango-Ice-3.webp\",\"datePublished\":\"2026-01-09T05:59:26+00:00\",\"dateModified\":\"2026-02-10T10:45:14+00:00\",\"description\":\"60k puffs of Banana, Coconut & Mango Ice. Waspe 60k 3-in-1 exotic series. Smart LED display & Type-C charging. Vaper 60000 puffs.\",\"breadcrumb\":{\"@id\":\"https:\\\/\\\/vozolvapen.de\\\/product\\\/60k-vape-waspe-aiviou-60000-island-smoothie-mix\\\/#breadcrumb\"},\"inLanguage\":\"pl-PL\",\"potentialAction\":[{\"@type\":\"ReadAction\",\"target\":[\"https:\\\/\\\/vozolvapen.de\\\/product\\\/60k-vape-waspe-aiviou-60000-island-smoothie-mix\\\/\"]}]},{\"@type\":\"ImageObject\",\"inLanguage\":\"pl-PL\",\"@id\":\"https:\\\/\\\/vozolvapen.de\\\/product\\\/60k-vape-waspe-aiviou-60000-island-smoothie-mix\\\/#primaryimage\",\"url\":\"https:\\\/\\\/vozolvapen.de\\\/wp-content\\\/uploads\\\/2026\\\/01\\\/60k-Vape-Waspe-Aiviou-60000-Strawberry-Banana-Pineapple-Coconut-Ice-Mango-Ice-3.webp\",\"contentUrl\":\"https:\\\/\\\/vozolvapen.de\\\/wp-content\\\/uploads\\\/2026\\\/01\\\/60k-Vape-Waspe-Aiviou-60000-Strawberry-Banana-Pineapple-Coconut-Ice-Mango-Ice-3.webp\",\"width\":1200,\"height\":1200,\"caption\":\"60k Vape Waspe Aiviou 60000 - Strawberry Banana & Pineapple Coconut Ice & Mango Ice (3)\"},{\"@type\":\"BreadcrumbList\",\"@id\":\"https:\\\/\\\/vozolvapen.de\\\/product\\\/60k-vape-waspe-aiviou-60000-island-smoothie-mix\\\/#breadcrumb\",\"itemListElement\":[{\"@type\":\"ListItem\",\"position\":1,\"name\":\"Home\",\"item\":\"https:\\\/\\\/vozolvapen.de\\\/de\\\/\"},{\"@type\":\"ListItem\",\"position\":2,\"name\":\"Shop\",\"item\":\"https:\\\/\\\/vozolvapen.de\\\/shop\\\/\"},{\"@type\":\"ListItem\",\"position\":3,\"name\":\"60k Vape Waspe Aiviou 60000 &#8211; Island Smoothie Mix\"}]},{\"@type\":\"WebSite\",\"@id\":\"https:\\\/\\\/vozolvapen.de\\\/#website\",\"url\":\"https:\\\/\\\/vozolvapen.de\\\/\",\"name\":\"vozolvapen\",\"description\":\"vozolvapen\",\"publisher\":{\"@id\":\"https:\\\/\\\/vozolvapen.de\\\/#organization\"},\"potentialAction\":[{\"@type\":\"SearchAction\",\"target\":{\"@type\":\"EntryPoint\",\"urlTemplate\":\"https:\\\/\\\/vozolvapen.de\\\/?s={search_term_string}\"},\"query-input\":{\"@type\":\"PropertyValueSpecification\",\"valueRequired\":true,\"valueName\":\"search_term_string\"}}],\"inLanguage\":\"pl-PL\"},{\"@type\":\"Organization\",\"@id\":\"https:\\\/\\\/vozolvapen.de\\\/#organization\",\"name\":\"vozolvapen\",\"url\":\"https:\\\/\\\/vozolvapen.de\\\/\",\"logo\":{\"@type\":\"ImageObject\",\"inLanguage\":\"pl-PL\",\"@id\":\"https:\\\/\\\/vozolvapen.de\\\/#\\\/schema\\\/logo\\\/image\\\/\",\"url\":\"https:\\\/\\\/vozolvapen.de\\\/wp-content\\\/uploads\\\/2025\\\/12\\\/cropped-vozovapen-logo.webp\",\"contentUrl\":\"https:\\\/\\\/vozolvapen.de\\\/wp-content\\\/uploads\\\/2025\\\/12\\\/cropped-vozovapen-logo.webp\",\"width\":470,\"height\":110,\"caption\":\"vozolvapen\"},\"image\":{\"@id\":\"https:\\\/\\\/vozolvapen.de\\\/#\\\/schema\\\/logo\\\/image\\\/\"}}]}<\/script>\n<!-- \/ Yoast SEO Premium plugin. -->","yoast_head_json":{"title":"Island Smoothie Mix | Waspe Aiviou 60k - vozolvapen","description":"60 tysi\u0119cy puff\u00f3w Banana, Coconut &amp; Mango Ice. Egzotyczna seria Waspe 60k 3 w 1. Inteligentny wy\u015bwietlacz LED i \u0142adowanie typu C. Vaper 60000 zaci\u0105gni\u0119\u0107.","robots":{"index":"index","follow":"follow","max-snippet":"max-snippet:-1","max-image-preview":"max-image-preview:large","max-video-preview":"max-video-preview:-1"},"canonical":"https:\/\/vozolvapen.de\/pl\/product\/60k-vape-waspe-aiviou-60000-island-smoothie-mix\/","og_locale":"pl_PL","og_type":"article","og_title":"60k Vape Waspe Aiviou 60000 - Island Smoothie Mix","og_description":"60k puffs of Banana, Coconut & Mango Ice. Waspe 60k 3-in-1 exotic series. Smart LED display & Type-C charging. Vaper 60000 puffs.","og_url":"https:\/\/vozolvapen.de\/pl\/product\/60k-vape-waspe-aiviou-60000-island-smoothie-mix\/","og_site_name":"vozolvapen","article_modified_time":"2026-02-10T10:45:14+00:00","og_image":[{"width":1200,"height":1200,"url":"https:\/\/vozolvapen.de\/wp-content\/uploads\/2026\/01\/60k-Vape-Waspe-Aiviou-60000-Strawberry-Banana-Pineapple-Coconut-Ice-Mango-Ice-3.webp","type":"image\/webp"}],"twitter_card":"summary_large_image","twitter_misc":{"Szacowany czas czytania":"2 minuty"},"schema":{"@context":"https:\/\/schema.org","@graph":[{"@type":"WebPage","@id":"https:\/\/vozolvapen.de\/product\/60k-vape-waspe-aiviou-60000-island-smoothie-mix\/","url":"https:\/\/vozolvapen.de\/product\/60k-vape-waspe-aiviou-60000-island-smoothie-mix\/","name":"Island Smoothie Mix | Waspe Aiviou 60k - vozolvapen","isPartOf":{"@id":"https:\/\/vozolvapen.de\/#website"},"primaryImageOfPage":{"@id":"https:\/\/vozolvapen.de\/product\/60k-vape-waspe-aiviou-60000-island-smoothie-mix\/#primaryimage"},"image":{"@id":"https:\/\/vozolvapen.de\/product\/60k-vape-waspe-aiviou-60000-island-smoothie-mix\/#primaryimage"},"thumbnailUrl":"https:\/\/vozolvapen.de\/wp-content\/uploads\/2026\/01\/60k-Vape-Waspe-Aiviou-60000-Strawberry-Banana-Pineapple-Coconut-Ice-Mango-Ice-3.webp","datePublished":"2026-01-09T05:59:26+00:00","dateModified":"2026-02-10T10:45:14+00:00","description":"60 tysi\u0119cy puff\u00f3w Banana, Coconut &amp; Mango Ice. Egzotyczna seria Waspe 60k 3 w 1. Inteligentny wy\u015bwietlacz LED i \u0142adowanie typu C. Vaper 60000 zaci\u0105gni\u0119\u0107.","breadcrumb":{"@id":"https:\/\/vozolvapen.de\/product\/60k-vape-waspe-aiviou-60000-island-smoothie-mix\/#breadcrumb"},"inLanguage":"pl-PL","potentialAction":[{"@type":"ReadAction","target":["https:\/\/vozolvapen.de\/product\/60k-vape-waspe-aiviou-60000-island-smoothie-mix\/"]}]},{"@type":"ImageObject","inLanguage":"pl-PL","@id":"https:\/\/vozolvapen.de\/product\/60k-vape-waspe-aiviou-60000-island-smoothie-mix\/#primaryimage","url":"https:\/\/vozolvapen.de\/wp-content\/uploads\/2026\/01\/60k-Vape-Waspe-Aiviou-60000-Strawberry-Banana-Pineapple-Coconut-Ice-Mango-Ice-3.webp","contentUrl":"https:\/\/vozolvapen.de\/wp-content\/uploads\/2026\/01\/60k-Vape-Waspe-Aiviou-60000-Strawberry-Banana-Pineapple-Coconut-Ice-Mango-Ice-3.webp","width":1200,"height":1200,"caption":"60k Vape Waspe Aiviou 60000 - Strawberry Banana & Pineapple Coconut Ice & Mango Ice (3)"},{"@type":"BreadcrumbList","@id":"https:\/\/vozolvapen.de\/product\/60k-vape-waspe-aiviou-60000-island-smoothie-mix\/#breadcrumb","itemListElement":[{"@type":"ListItem","position":1,"name":"Home","item":"https:\/\/vozolvapen.de\/de\/"},{"@type":"ListItem","position":2,"name":"Shop","item":"https:\/\/vozolvapen.de\/shop\/"},{"@type":"ListItem","position":3,"name":"60k Vape Waspe Aiviou 60000 &#8211; Island Smoothie Mix"}]},{"@type":"WebSite","@id":"https:\/\/vozolvapen.de\/#website","url":"https:\/\/vozolvapen.de\/","name":"vozolvapen","description":"vozolvapen","publisher":{"@id":"https:\/\/vozolvapen.de\/#organization"},"potentialAction":[{"@type":"SearchAction","target":{"@type":"EntryPoint","urlTemplate":"https:\/\/vozolvapen.de\/?s={search_term_string}"},"query-input":{"@type":"PropertyValueSpecification","valueRequired":true,"valueName":"search_term_string"}}],"inLanguage":"pl-PL"},{"@type":"Organization","@id":"https:\/\/vozolvapen.de\/#organization","name":"vozolvapen","url":"https:\/\/vozolvapen.de\/","logo":{"@type":"ImageObject","inLanguage":"pl-PL","@id":"https:\/\/vozolvapen.de\/#\/schema\/logo\/image\/","url":"https:\/\/vozolvapen.de\/wp-content\/uploads\/2025\/12\/cropped-vozovapen-logo.webp","contentUrl":"https:\/\/vozolvapen.de\/wp-content\/uploads\/2025\/12\/cropped-vozovapen-logo.webp","width":470,"height":110,"caption":"vozolvapen"},"image":{"@id":"https:\/\/vozolvapen.de\/#\/schema\/logo\/image\/"}}]}},"tiered_pricing_type":"fixed","tiered_pricing_fixed_rules":{"30":"13.4","50":"11.4","100":"10.4","200":"9.9"},"tiered_pricing_product_settings":{"layout":"default","base_unit_name":{"singular":null,"plural":null},"default_variation":{}},"tiered_pricing_minimum_quantity":10,"tiered_pricing_roles_data":[],"tiered_pricing_percentage_rules":[],"tiered_pricing_maximum_quantity":null,"tiered_pricing_quantity_step":"10","_links":{"self":[{"href":"http:\/\/vozolvapen.de\/pl\/wp-json\/wp\/v2\/product\/58983","targetHints":{"allow":["GET"]}}],"collection":[{"href":"http:\/\/vozolvapen.de\/pl\/wp-json\/wp\/v2\/product"}],"about":[{"href":"http:\/\/vozolvapen.de\/pl\/wp-json\/wp\/v2\/types\/product"}],"replies":[{"embeddable":true,"href":"http:\/\/vozolvapen.de\/pl\/wp-json\/wp\/v2\/comments?post=58983"}],"wp:featuredmedia":[{"embeddable":true,"href":"http:\/\/vozolvapen.de\/pl\/wp-json\/wp\/v2\/media\/59142"}],"wp:attachment":[{"href":"http:\/\/vozolvapen.de\/pl\/wp-json\/wp\/v2\/media?parent=58983"}],"wp:term":[{"taxonomy":"product_brand","embeddable":true,"href":"http:\/\/vozolvapen.de\/pl\/wp-json\/wp\/v2\/product_brand?post=58983"},{"taxonomy":"product_cat","embeddable":true,"href":"http:\/\/vozolvapen.de\/pl\/wp-json\/wp\/v2\/product_cat?post=58983"},{"taxonomy":"product_tag","embeddable":true,"href":"http:\/\/vozolvapen.de\/pl\/wp-json\/wp\/v2\/product_tag?post=58983"}],"curies":[{"name":"wp","href":"https:\/\/api.w.org\/{rel}","templated":true}]}}