{"id":59063,"date":"2026-01-09T05:59:30","date_gmt":"2026-01-09T05:59:30","guid":{"rendered":"https:\/\/vozolvapen.de\/?post_type=product&#038;p=59063"},"modified":"2026-02-10T10:45:08","modified_gmt":"2026-02-10T10:45:08","slug":"60k-vape-waspe-aiviou-60000-blueberry-apple-dream","status":"publish","type":"product","link":"http:\/\/vozolvapen.de\/pl\/product\/60k-vape-waspe-aiviou-60000-blueberry-apple-dream\/","title":{"rendered":"60k Vape Waspe Aiviou 60000 - Blueberry Apple Dream"},"content":{"rendered":"<h1>Waspe Aiviou 60000 <b data-path-to-node=\"79\" data-index-in-node=\"0\"><span class=\"citation-2\">Blueberry Apple Dream: Blueberry Raspberry, Blueberry Cotton Candy, Double Apple Ice<\/span><\/b><\/h1>\n<p data-path-to-node=\"80\"><b data-path-to-node=\"80\" data-index-in-node=\"0\">Przewiewny i rze\u015bki zestaw:<\/b> Lekka, ale aromatyczna mieszanka, kt\u00f3ra \u0142\u0105czy cierpko\u015b\u0107 jag\u00f3d z chrupko\u015bci\u0105 jab\u0142ek. Flagowy produkt dla <b data-path-to-node=\"80\" data-index-in-node=\"138\">vape 2026<\/b> sezon.<\/p>\n<h2 data-path-to-node=\"81\"><b data-path-to-node=\"81\" data-index-in-node=\"0\">The Berry &amp; Orchard Deep Dive<\/b><\/h2>\n<ul data-path-to-node=\"82\">\n<li>\n<p data-path-to-node=\"82,0,0\"><b data-path-to-node=\"82,0,0\" data-index-in-node=\"0\">Tryb 1 - Blueberry Raspberry:<\/b> Ostry, niebiesko-czerwony posmak jag\u00f3d, kt\u00f3ry jest bardzo orze\u017awiaj\u0105cy.<\/p>\n<\/li>\n<li>\n<p data-path-to-node=\"82,1,0\"><b data-path-to-node=\"82,1,0\" data-index-in-node=\"0\">Tryb 2 - Wata cukrowa jagodowa:<\/b> Zwiewna, s\u0142odka wersja tradycyjnych jag\u00f3d.<\/p>\n<\/li>\n<li>\n<p data-path-to-node=\"82,2,0\"><b data-path-to-node=\"82,2,0\" data-index-in-node=\"0\">Tryb 3 - Double Apple Ice:<\/b> Mieszanka czerwonych i zielonych jab\u0142ek z nut\u0105 any\u017cu i lodu.<\/p>\n<\/li>\n<\/ul>\n<h2 data-path-to-node=\"83\"><b data-path-to-node=\"83\" data-index-in-node=\"0\">Dla kogo przeznaczony jest ten smak?<\/b><\/h2>\n<ul data-path-to-node=\"84\">\n<li>\n<p data-path-to-node=\"84,0,0\"><b data-path-to-node=\"84,0,0\" data-index-in-node=\"0\">Light Vaper:<\/b> Idealny dla tych, kt\u00f3rzy chc\u0105 urz\u0105dzenia o wysokiej wydajno\u015bci bez zbyt ci\u0119\u017ckich, syropowatych smak\u00f3w.<\/p>\n<\/li>\n<\/ul>\n<h2 data-path-to-node=\"60\">Specyfikacja rdzenia 60k Vape Waspe Aiviou 60000<\/h2>\n<table data-path-to-node=\"16\">\n<thead>\n<tr>\n<td><strong>Cechy Waspe Aiviou<\/strong><\/td>\n<td><strong>Szczeg\u00f3\u0142y specyfikacji<\/strong><\/td>\n<\/tr>\n<\/thead>\n<tbody>\n<tr>\n<td><span data-path-to-node=\"16,1,0,0\"><b data-path-to-node=\"16,1,0,0\" data-index-in-node=\"0\">Poziom wydajno\u015bci<\/b><\/span><\/td>\n<td><span data-path-to-node=\"16,1,1,0\">Pierwsze na \u015bwiecie urz\u0105dzenie o pojemno\u015bci 54 ml (<b data-path-to-node=\"16,1,1,0\" data-index-in-node=\"34\">60k Vape<\/b>)<\/span><\/td>\n<\/tr>\n<tr>\n<td><span data-path-to-node=\"16,2,0,0\"><b data-path-to-node=\"16,2,0,0\" data-index-in-node=\"0\">Prze\u0142\u0105czanie smak\u00f3w<\/b><\/span><\/td>\n<td><span data-path-to-node=\"16,2,1,0\">Fizyczny prze\u0142\u0105cznik\/obrotowy prze\u0142\u0105cznik 3 smak\u00f3w<\/span><\/td>\n<\/tr>\n<tr>\n<td><span data-path-to-node=\"16,3,0,0\"><b data-path-to-node=\"16,3,0,0\" data-index-in-node=\"0\">Wydajno\u015b\u0107 atomizacji<\/b><\/span><\/td>\n<td><span data-path-to-node=\"16,3,1,0\">30% Zwi\u0119kszona g\u0119sto\u015b\u0107 pary i wierno\u015b\u0107 smaku<\/span><\/td>\n<\/tr>\n<tr>\n<td><span data-path-to-node=\"16,4,0,0\"><b data-path-to-node=\"16,4,0,0\" data-index-in-node=\"0\">Pr\u0119dko\u015b\u0107 \u0142adowania<\/b><\/span><\/td>\n<td><span data-path-to-node=\"16,4,1,0\">Oko\u0142o 30 minut do zasilania 80%<\/span><\/td>\n<\/tr>\n<tr>\n<td><span data-path-to-node=\"16,5,0,0\"><b data-path-to-node=\"16,5,0,0\" data-index-in-node=\"0\">\u017bywotno\u015b\u0107 urz\u0105dzenia<\/b><\/span><\/td>\n<td><span data-path-to-node=\"16,5,1,0\">Odpowiednik 6-8 standardowych urz\u0105dze\u0144 jednorazowych<\/span><\/td>\n<\/tr>\n<tr>\n<td><span data-path-to-node=\"16,6,0,0\"><b data-path-to-node=\"16,6,0,0\" data-index-in-node=\"0\">Stan zapas\u00f3w<\/b><\/span><\/td>\n<td><span data-path-to-node=\"16,6,1,0\">Bezpo\u015bredni magazyn w UE\/USA (dostawa w ci\u0105gu 1-3 dni)<\/span><\/td>\n<\/tr>\n<tr>\n<td><span data-path-to-node=\"16,7,0,0\"><b data-path-to-node=\"16,7,0,0\" data-index-in-node=\"0\">Znaczenie rynkowe<\/b><\/span><\/td>\n<td><span data-path-to-node=\"16,7,1,0\">2026 Bran\u017cowy poziom odniesienia Produkt<\/span><\/td>\n<\/tr>\n<\/tbody>\n<\/table>\n<p>To przewiewne i rze\u015bkie po\u0142\u0105czenie korzysta z <b data-path-to-node=\"25\" data-index-in-node=\"44\">Precyzyjnie zaprojektowany siatkowy element grzejny<\/b>, kt\u00f3ry podkre\u015bla ostry \u201ctrzask\u201d Double Apple i lekk\u0105 s\u0142odycz Cotton Candy. The <b data-path-to-node=\"25\" data-index-in-node=\"182\">Monitor LED<\/b> ma tutaj kluczowe znaczenie, umo\u017cliwiaj\u0105c zr\u00f3wnowa\u017cenie zu\u017cycia we wszystkich trzech komorach, aby zmaksymalizowa\u0107 \u017cywotno\u015b\u0107 60 000 zaci\u0105gni\u0119\u0107.<\/p>\n<h3 data-path-to-node=\"77\"><b data-path-to-node=\"77\" data-index-in-node=\"0\">Dalsze zalecenia:<\/b><\/h3>\n<p data-path-to-node=\"78\">Odkryj jeszcze wi\u0119cej niesamowitych smak\u00f3w dzi\u0119ki 60k Vape Waspe Aiviou 60000!<\/p>\n<p data-path-to-node=\"79\"><a class=\"ng-star-inserted\" href=\"https:\/\/vozolvapen.de\/pl\/product-category\/waspe-vape\/60k-vape-waspe-aiviou-60000-3-in-1\/\" target=\"_blank\" rel=\"noopener noreferrer nofollow\" data-hveid=\"0\" data-ved=\"0CAAQ_4QMahgKEwjxyYqx9_CRAxUAAAAAHQAAAAAQ9wE\">Zobacz wszystkie odmiany tutaj \u2192<\/a><\/p>\n<p data-path-to-node=\"80\">Zapoznaj si\u0119 z nasz\u0105 pe\u0142n\u0105 kolekcj\u0105 i kupuj produkty najlepszych marek vape, kt\u00f3re pokochasz.<\/p>\n<p data-path-to-node=\"81\"><a class=\"ng-star-inserted\" href=\"https:\/\/vozolvapen.de\/pl\/\" target=\"_blank\" rel=\"noopener noreferrer nofollow\" data-hveid=\"0\" data-ved=\"0CAAQ_4QMahgKEwjxyYqx9_CRAxUAAAAAHQAAAAAQ-AE\">Przegl\u0105daj teraz wszystkie marki \u2192<\/a><\/p>\n<p data-path-to-node=\"82\">Sprawd\u017a ca\u0142o\u015b\u0107\u00a0<b data-path-to-node=\"82\" data-index-in-node=\"23\">Waspe Aiviou<\/b>\u00a0Seria - ka\u017cdy smak, ka\u017cdy styl!<\/p>\n<p data-path-to-node=\"83\"><a class=\"ng-star-inserted\" href=\"https:\/\/vozolvapen.de\/pl\/product-category\/waspe-vape\/\" target=\"_blank\" rel=\"noopener noreferrer nofollow\" data-hveid=\"0\" data-ved=\"0CAAQ_4QMahgKEwjxyYqx9_CRAxUAAAAAHQAAAAAQ-QE\">Zobacz pe\u0142n\u0105 kolekcj\u0119 Waspe \u2192<\/a><\/p>","protected":false},"excerpt":{"rendered":"<p>Lekki, rze\u015bki i zwiewny. Przej\u015bcie od cierpkiej maliny jagodowej do s\u0142odkiej waty cukrowej i chrupi\u0105cego podw\u00f3jnego jab\u0142ka. <b data-path-to-node=\"36\" data-index-in-node=\"327\">smaki vaper tres<\/b> w wysokowydajnym modelu Waspe 60k.<\/p>","protected":false},"featured_media":59150,"comment_status":"open","ping_status":"closed","template":"","meta":{"_acf_changed":false},"product_brand":[],"product_cat":[113,134],"product_tag":[],"class_list":{"0":"post-59063","1":"product","2":"type-product","3":"status-publish","4":"has-post-thumbnail","6":"product_cat-60k-vape-waspe-aiviou-60000-3-in-1","7":"product_cat-eu-warehouse-in-stock","9":"first","10":"instock","11":"featured","12":"shipping-taxable","13":"purchasable","14":"product-type-variable"},"acf":[],"yoast_head":"<!-- This site is optimized with the Yoast SEO Premium plugin v26.1 (Yoast SEO v27.5) - https:\/\/yoast.com\/product\/yoast-seo-premium-wordpress\/ -->\n<title>Blueberry Apple Dream | Waspe 60k 3-in-1 Vape - vozolvapen<\/title>\n<meta name=\"description\" content=\"60k puffs of Blueberry, Cotton Candy &amp; Double Apple. Waspe Aiviou 60000. Triple mesh switch. Fast EU stock 2026.\" \/>\n<meta name=\"robots\" content=\"index, follow, max-snippet:-1, max-image-preview:large, max-video-preview:-1\" \/>\n<link rel=\"canonical\" href=\"https:\/\/vozolvapen.de\/pl\/product\/60k-vape-waspe-aiviou-60000-blueberry-apple-dream\/\" \/>\n<meta property=\"og:locale\" content=\"pl_PL\" \/>\n<meta property=\"og:type\" content=\"article\" \/>\n<meta property=\"og:title\" content=\"60k Vape Waspe Aiviou 60000 - Blueberry Apple Dream\" \/>\n<meta property=\"og:description\" content=\"60k puffs of Blueberry, Cotton Candy &amp; Double Apple. Waspe Aiviou 60000. Triple mesh switch. Fast EU stock 2026.\" \/>\n<meta property=\"og:url\" content=\"https:\/\/vozolvapen.de\/pl\/product\/60k-vape-waspe-aiviou-60000-blueberry-apple-dream\/\" \/>\n<meta property=\"og:site_name\" content=\"vozolvapen\" \/>\n<meta property=\"article:modified_time\" content=\"2026-02-10T10:45:08+00:00\" \/>\n<meta property=\"og:image\" content=\"https:\/\/vozolvapen.de\/wp-content\/uploads\/2026\/01\/60k-Vape-Waspe-Aiviou-60000-Blueberry-Raspberry-Blueberry-Cotton-Candy-Double-Apple-Ice-3.webp\" \/>\n\t<meta property=\"og:image:width\" content=\"1200\" \/>\n\t<meta property=\"og:image:height\" content=\"1200\" \/>\n\t<meta property=\"og:image:type\" content=\"image\/webp\" \/>\n<meta name=\"twitter:card\" content=\"summary_large_image\" \/>\n<meta name=\"twitter:label1\" content=\"Szacowany czas czytania\" \/>\n\t<meta name=\"twitter:data1\" content=\"2 minuty\" \/>\n<script type=\"application\/ld+json\" class=\"yoast-schema-graph\">{\"@context\":\"https:\\\/\\\/schema.org\",\"@graph\":[{\"@type\":\"WebPage\",\"@id\":\"https:\\\/\\\/vozolvapen.de\\\/product\\\/60k-vape-waspe-aiviou-60000-blueberry-apple-dream\\\/\",\"url\":\"https:\\\/\\\/vozolvapen.de\\\/product\\\/60k-vape-waspe-aiviou-60000-blueberry-apple-dream\\\/\",\"name\":\"Blueberry Apple Dream | Waspe 60k 3-in-1 Vape - vozolvapen\",\"isPartOf\":{\"@id\":\"https:\\\/\\\/vozolvapen.de\\\/#website\"},\"primaryImageOfPage\":{\"@id\":\"https:\\\/\\\/vozolvapen.de\\\/product\\\/60k-vape-waspe-aiviou-60000-blueberry-apple-dream\\\/#primaryimage\"},\"image\":{\"@id\":\"https:\\\/\\\/vozolvapen.de\\\/product\\\/60k-vape-waspe-aiviou-60000-blueberry-apple-dream\\\/#primaryimage\"},\"thumbnailUrl\":\"https:\\\/\\\/vozolvapen.de\\\/wp-content\\\/uploads\\\/2026\\\/01\\\/60k-Vape-Waspe-Aiviou-60000-Blueberry-Raspberry-Blueberry-Cotton-Candy-Double-Apple-Ice-3.webp\",\"datePublished\":\"2026-01-09T05:59:30+00:00\",\"dateModified\":\"2026-02-10T10:45:08+00:00\",\"description\":\"60k puffs of Blueberry, Cotton Candy & Double Apple. Waspe Aiviou 60000. Triple mesh switch. Fast EU stock 2026.\",\"breadcrumb\":{\"@id\":\"https:\\\/\\\/vozolvapen.de\\\/product\\\/60k-vape-waspe-aiviou-60000-blueberry-apple-dream\\\/#breadcrumb\"},\"inLanguage\":\"pl-PL\",\"potentialAction\":[{\"@type\":\"ReadAction\",\"target\":[\"https:\\\/\\\/vozolvapen.de\\\/product\\\/60k-vape-waspe-aiviou-60000-blueberry-apple-dream\\\/\"]}]},{\"@type\":\"ImageObject\",\"inLanguage\":\"pl-PL\",\"@id\":\"https:\\\/\\\/vozolvapen.de\\\/product\\\/60k-vape-waspe-aiviou-60000-blueberry-apple-dream\\\/#primaryimage\",\"url\":\"https:\\\/\\\/vozolvapen.de\\\/wp-content\\\/uploads\\\/2026\\\/01\\\/60k-Vape-Waspe-Aiviou-60000-Blueberry-Raspberry-Blueberry-Cotton-Candy-Double-Apple-Ice-3.webp\",\"contentUrl\":\"https:\\\/\\\/vozolvapen.de\\\/wp-content\\\/uploads\\\/2026\\\/01\\\/60k-Vape-Waspe-Aiviou-60000-Blueberry-Raspberry-Blueberry-Cotton-Candy-Double-Apple-Ice-3.webp\",\"width\":1200,\"height\":1200,\"caption\":\"60k Vape Waspe Aiviou 60000 - Blueberry Raspberry & Blueberry Cotton Candy & Double Apple Ice (3)\"},{\"@type\":\"BreadcrumbList\",\"@id\":\"https:\\\/\\\/vozolvapen.de\\\/product\\\/60k-vape-waspe-aiviou-60000-blueberry-apple-dream\\\/#breadcrumb\",\"itemListElement\":[{\"@type\":\"ListItem\",\"position\":1,\"name\":\"Home\",\"item\":\"https:\\\/\\\/vozolvapen.de\\\/de\\\/\"},{\"@type\":\"ListItem\",\"position\":2,\"name\":\"Shop\",\"item\":\"https:\\\/\\\/vozolvapen.de\\\/shop\\\/\"},{\"@type\":\"ListItem\",\"position\":3,\"name\":\"60k Vape Waspe Aiviou 60000 &#8211; Blueberry Apple Dream\"}]},{\"@type\":\"WebSite\",\"@id\":\"https:\\\/\\\/vozolvapen.de\\\/#website\",\"url\":\"https:\\\/\\\/vozolvapen.de\\\/\",\"name\":\"vozolvapen\",\"description\":\"vozolvapen\",\"publisher\":{\"@id\":\"https:\\\/\\\/vozolvapen.de\\\/#organization\"},\"potentialAction\":[{\"@type\":\"SearchAction\",\"target\":{\"@type\":\"EntryPoint\",\"urlTemplate\":\"https:\\\/\\\/vozolvapen.de\\\/?s={search_term_string}\"},\"query-input\":{\"@type\":\"PropertyValueSpecification\",\"valueRequired\":true,\"valueName\":\"search_term_string\"}}],\"inLanguage\":\"pl-PL\"},{\"@type\":\"Organization\",\"@id\":\"https:\\\/\\\/vozolvapen.de\\\/#organization\",\"name\":\"vozolvapen\",\"url\":\"https:\\\/\\\/vozolvapen.de\\\/\",\"logo\":{\"@type\":\"ImageObject\",\"inLanguage\":\"pl-PL\",\"@id\":\"https:\\\/\\\/vozolvapen.de\\\/#\\\/schema\\\/logo\\\/image\\\/\",\"url\":\"https:\\\/\\\/vozolvapen.de\\\/wp-content\\\/uploads\\\/2025\\\/12\\\/cropped-vozovapen-logo.webp\",\"contentUrl\":\"https:\\\/\\\/vozolvapen.de\\\/wp-content\\\/uploads\\\/2025\\\/12\\\/cropped-vozovapen-logo.webp\",\"width\":470,\"height\":110,\"caption\":\"vozolvapen\"},\"image\":{\"@id\":\"https:\\\/\\\/vozolvapen.de\\\/#\\\/schema\\\/logo\\\/image\\\/\"}}]}<\/script>\n<!-- \/ Yoast SEO Premium plugin. -->","yoast_head_json":{"title":"Blueberry Apple Dream | Waspe 60k 3 w 1 Vape - vozolvapen","description":"60 tysi\u0119cy puff\u00f3w Blueberry, Cotton Candy i Double Apple. Waspe Aiviou 60000. Potr\u00f3jny prze\u0142\u0105cznik siatkowy. Szybki zapas UE 2026.","robots":{"index":"index","follow":"follow","max-snippet":"max-snippet:-1","max-image-preview":"max-image-preview:large","max-video-preview":"max-video-preview:-1"},"canonical":"https:\/\/vozolvapen.de\/pl\/product\/60k-vape-waspe-aiviou-60000-blueberry-apple-dream\/","og_locale":"pl_PL","og_type":"article","og_title":"60k Vape Waspe Aiviou 60000 - Blueberry Apple Dream","og_description":"60k puffs of Blueberry, Cotton Candy & Double Apple. Waspe Aiviou 60000. Triple mesh switch. Fast EU stock 2026.","og_url":"https:\/\/vozolvapen.de\/pl\/product\/60k-vape-waspe-aiviou-60000-blueberry-apple-dream\/","og_site_name":"vozolvapen","article_modified_time":"2026-02-10T10:45:08+00:00","og_image":[{"width":1200,"height":1200,"url":"https:\/\/vozolvapen.de\/wp-content\/uploads\/2026\/01\/60k-Vape-Waspe-Aiviou-60000-Blueberry-Raspberry-Blueberry-Cotton-Candy-Double-Apple-Ice-3.webp","type":"image\/webp"}],"twitter_card":"summary_large_image","twitter_misc":{"Szacowany czas czytania":"2 minuty"},"schema":{"@context":"https:\/\/schema.org","@graph":[{"@type":"WebPage","@id":"https:\/\/vozolvapen.de\/product\/60k-vape-waspe-aiviou-60000-blueberry-apple-dream\/","url":"https:\/\/vozolvapen.de\/product\/60k-vape-waspe-aiviou-60000-blueberry-apple-dream\/","name":"Blueberry Apple Dream | Waspe 60k 3 w 1 Vape - vozolvapen","isPartOf":{"@id":"https:\/\/vozolvapen.de\/#website"},"primaryImageOfPage":{"@id":"https:\/\/vozolvapen.de\/product\/60k-vape-waspe-aiviou-60000-blueberry-apple-dream\/#primaryimage"},"image":{"@id":"https:\/\/vozolvapen.de\/product\/60k-vape-waspe-aiviou-60000-blueberry-apple-dream\/#primaryimage"},"thumbnailUrl":"https:\/\/vozolvapen.de\/wp-content\/uploads\/2026\/01\/60k-Vape-Waspe-Aiviou-60000-Blueberry-Raspberry-Blueberry-Cotton-Candy-Double-Apple-Ice-3.webp","datePublished":"2026-01-09T05:59:30+00:00","dateModified":"2026-02-10T10:45:08+00:00","description":"60 tysi\u0119cy puff\u00f3w Blueberry, Cotton Candy i Double Apple. Waspe Aiviou 60000. Potr\u00f3jny prze\u0142\u0105cznik siatkowy. Szybki zapas UE 2026.","breadcrumb":{"@id":"https:\/\/vozolvapen.de\/product\/60k-vape-waspe-aiviou-60000-blueberry-apple-dream\/#breadcrumb"},"inLanguage":"pl-PL","potentialAction":[{"@type":"ReadAction","target":["https:\/\/vozolvapen.de\/product\/60k-vape-waspe-aiviou-60000-blueberry-apple-dream\/"]}]},{"@type":"ImageObject","inLanguage":"pl-PL","@id":"https:\/\/vozolvapen.de\/product\/60k-vape-waspe-aiviou-60000-blueberry-apple-dream\/#primaryimage","url":"https:\/\/vozolvapen.de\/wp-content\/uploads\/2026\/01\/60k-Vape-Waspe-Aiviou-60000-Blueberry-Raspberry-Blueberry-Cotton-Candy-Double-Apple-Ice-3.webp","contentUrl":"https:\/\/vozolvapen.de\/wp-content\/uploads\/2026\/01\/60k-Vape-Waspe-Aiviou-60000-Blueberry-Raspberry-Blueberry-Cotton-Candy-Double-Apple-Ice-3.webp","width":1200,"height":1200,"caption":"60k Vape Waspe Aiviou 60000 - Blueberry Raspberry & Blueberry Cotton Candy & Double Apple Ice (3)"},{"@type":"BreadcrumbList","@id":"https:\/\/vozolvapen.de\/product\/60k-vape-waspe-aiviou-60000-blueberry-apple-dream\/#breadcrumb","itemListElement":[{"@type":"ListItem","position":1,"name":"Home","item":"https:\/\/vozolvapen.de\/de\/"},{"@type":"ListItem","position":2,"name":"Shop","item":"https:\/\/vozolvapen.de\/shop\/"},{"@type":"ListItem","position":3,"name":"60k Vape Waspe Aiviou 60000 &#8211; Blueberry Apple Dream"}]},{"@type":"WebSite","@id":"https:\/\/vozolvapen.de\/#website","url":"https:\/\/vozolvapen.de\/","name":"vozolvapen","description":"vozolvapen","publisher":{"@id":"https:\/\/vozolvapen.de\/#organization"},"potentialAction":[{"@type":"SearchAction","target":{"@type":"EntryPoint","urlTemplate":"https:\/\/vozolvapen.de\/?s={search_term_string}"},"query-input":{"@type":"PropertyValueSpecification","valueRequired":true,"valueName":"search_term_string"}}],"inLanguage":"pl-PL"},{"@type":"Organization","@id":"https:\/\/vozolvapen.de\/#organization","name":"vozolvapen","url":"https:\/\/vozolvapen.de\/","logo":{"@type":"ImageObject","inLanguage":"pl-PL","@id":"https:\/\/vozolvapen.de\/#\/schema\/logo\/image\/","url":"https:\/\/vozolvapen.de\/wp-content\/uploads\/2025\/12\/cropped-vozovapen-logo.webp","contentUrl":"https:\/\/vozolvapen.de\/wp-content\/uploads\/2025\/12\/cropped-vozovapen-logo.webp","width":470,"height":110,"caption":"vozolvapen"},"image":{"@id":"https:\/\/vozolvapen.de\/#\/schema\/logo\/image\/"}}]}},"tiered_pricing_type":"fixed","tiered_pricing_fixed_rules":{"30":"13.4","50":"11.4","100":"10.4","200":"9.9"},"tiered_pricing_product_settings":{"layout":"default","base_unit_name":{"singular":null,"plural":null},"default_variation":{}},"tiered_pricing_minimum_quantity":10,"tiered_pricing_roles_data":[],"tiered_pricing_percentage_rules":[],"tiered_pricing_maximum_quantity":null,"tiered_pricing_quantity_step":"10","_links":{"self":[{"href":"http:\/\/vozolvapen.de\/pl\/wp-json\/wp\/v2\/product\/59063","targetHints":{"allow":["GET"]}}],"collection":[{"href":"http:\/\/vozolvapen.de\/pl\/wp-json\/wp\/v2\/product"}],"about":[{"href":"http:\/\/vozolvapen.de\/pl\/wp-json\/wp\/v2\/types\/product"}],"replies":[{"embeddable":true,"href":"http:\/\/vozolvapen.de\/pl\/wp-json\/wp\/v2\/comments?post=59063"}],"wp:featuredmedia":[{"embeddable":true,"href":"http:\/\/vozolvapen.de\/pl\/wp-json\/wp\/v2\/media\/59150"}],"wp:attachment":[{"href":"http:\/\/vozolvapen.de\/pl\/wp-json\/wp\/v2\/media?parent=59063"}],"wp:term":[{"taxonomy":"product_brand","embeddable":true,"href":"http:\/\/vozolvapen.de\/pl\/wp-json\/wp\/v2\/product_brand?post=59063"},{"taxonomy":"product_cat","embeddable":true,"href":"http:\/\/vozolvapen.de\/pl\/wp-json\/wp\/v2\/product_cat?post=59063"},{"taxonomy":"product_tag","embeddable":true,"href":"http:\/\/vozolvapen.de\/pl\/wp-json\/wp\/v2\/product_tag?post=59063"}],"curies":[{"name":"wp","href":"https:\/\/api.w.org\/{rel}","templated":true}]}}