{"id":59304,"date":"2026-01-10T09:39:16","date_gmt":"2026-01-10T09:39:16","guid":{"rendered":"https:\/\/vozolvapen.de\/?post_type=product&#038;p=59304"},"modified":"2026-01-10T10:08:35","modified_gmt":"2026-01-10T10:08:35","slug":"puff-60k-bang-legend-geek-60000-blueberry-ice","status":"publish","type":"product","link":"http:\/\/vozolvapen.de\/pl\/product\/puff-60k-bang-legend-geek-60000-blueberry-ice\/","title":{"rendered":"Puff 60k Bang Legend Geek 60000 - Blueberry Ice"},"content":{"rendered":"<h1>Blueberry Ice: Bang Legend Geek 60000<\/h1>\n<p data-path-to-node=\"18\"><b data-path-to-node=\"18\" data-index-in-node=\"0\">G\u0142\u0119bokie zanurzenie w Arctic Blast<\/b><\/p>\n<p data-path-to-node=\"18\">The <b data-path-to-node=\"18\" data-index-in-node=\"31\">Puff 60k Bang Legend Geek 60k<\/b> wykorzystuje dzikie g\u00f3rskie jagody i otacza je warstw\u0105 mrozu poni\u017cej zera. Jest to profil w stylu \u201cGeek Vape Legend\u201d - odwa\u017cny, zimny i sp\u00f3jny. Wdech jest ostry i cierpki, a wydech pozostawia o\u017cywcze arktyczne mrowienie.<\/p>\n<ul data-path-to-node=\"19\">\n<li>\n<p data-path-to-node=\"19,0,0\"><b data-path-to-node=\"19,0,0\" data-index-in-node=\"0\">S\u0142odycz:<\/b> \u2605\u2605\u2605\u2606\u2606 - naturalna jagodowa cierpko\u015b\u0107.<\/p>\n<\/li>\n<li>\n<p data-path-to-node=\"19,1,0\"><b data-path-to-node=\"19,1,0\" data-index-in-node=\"0\">Icy\/Coolness:<\/b> \u2605\u2605\u2605\u2605\u2605 - Mocne mentolowe wyko\u0144czenie.<\/p>\n<\/li>\n<li>\n<p data-path-to-node=\"19,2,0\"><b data-path-to-node=\"19,2,0\" data-index-in-node=\"0\">Aromat:<\/b> \u2605\u2605\u2605\u2605\u2606 - Czysty, rze\u015bki zapach jag\u00f3d.<\/p>\n<\/li>\n<\/ul>\n<h2 data-path-to-node=\"20\"><b data-path-to-node=\"20\" data-index-in-node=\"0\">Dla kogo przeznaczony jest ten smak?<\/b><\/h2>\n<p data-path-to-node=\"20\">Ice Chaser: Idealny dla tych, kt\u00f3rzy potrzebuj\u0105 mocnego uderzenia w gard\u0142o i uczucia ch\u0142odzenia, kt\u00f3re oczyszcza podniebienie.<\/p>\n<h2><strong>Puff 60k Bang Legend Geek 60000 <\/strong><strong>Wideo\uff1a<\/strong><\/h2>\n<p><iframe src=\"https:\/\/player.vimeo.com\/video\/1153127582?badge=0&amp;autopause=0&amp;player_id=0&amp;app_id=58479\" width=\"400\" height=\"711\" frameborder=\"0\" allow=\"autoplay; fullscreen; picture-in-picture; clipboard-write; encrypted-media; web-share\" referrerpolicy=\"strict-origin-when-cross-origin\" title=\"Puff 60k Bang Legend Geek 60000 vape\"><\/iframe><\/p>\n<h2 data-path-to-node=\"21\"><b data-path-to-node=\"21\" data-index-in-node=\"0\">Techniczna przewaga sprz\u0119towa:<\/b><\/h2>\n<p data-path-to-node=\"21\">Korzystanie z <b data-path-to-node=\"21\" data-index-in-node=\"40\">Regulowany przep\u0142yw powietrza<\/b> na szeroko otwartym ustawieniu pozwala <b data-path-to-node=\"21\" data-index-in-node=\"93\">Siatkowa cewka 1,0\u03a9<\/b> aby dostarczy\u0107 ogromn\u0105 ilo\u015b\u0107 czynnika ch\u0142odz\u0105cego na jedno naci\u015bni\u0119cie przycisku. Ta konfiguracja sprz\u0119towa zapewnia <b data-path-to-node=\"21\" data-index-in-node=\"203\">L\u00f3d jagodowy<\/b> Pozostaje orze\u017awiaj\u0105cy, nie przyt\u0142aczaj\u0105c podczas d\u0142ugich sesji.<\/p>\n<h2 data-path-to-node=\"8\"><b data-path-to-node=\"8\" data-index-in-node=\"0\">Specyfikacja Puff 60k Bang Legend Geek 60000<\/b><\/h2>\n<table data-path-to-node=\"12\">\n<thead>\n<tr>\n<td><strong>Funkcja Bang Legend 60k<\/strong><\/td>\n<td><strong>Poziom wydajno\u015bci<\/strong><\/td>\n<\/tr>\n<\/thead>\n<tbody>\n<tr>\n<td><span data-path-to-node=\"12,1,0,0\"><b data-path-to-node=\"12,1,0,0\" data-index-in-node=\"0\">Ca\u0142kowita d\u0142ugo\u015b\u0107 \u017cycia<\/b><\/span><\/td>\n<td><span data-path-to-node=\"12,1,1,0\">Wiod\u0105cy w bran\u017cy <b data-path-to-node=\"12,1,1,0\" data-index-in-node=\"17\">Puff 60000<\/b><\/span><\/td>\n<\/tr>\n<tr>\n<td><span data-path-to-node=\"12,2,0,0\"><b data-path-to-node=\"12,2,0,0\" data-index-in-node=\"0\">Odporno\u015b\u0107 cewki<\/b><\/span><\/td>\n<td><span data-path-to-node=\"12,2,1,0\">Sta\u0142a siatka 1,0\u03a9 (technologia zapobiegaj\u0105ca oparzeniom)<\/span><\/td>\n<\/tr>\n<tr>\n<td><span data-path-to-node=\"12,3,0,0\"><b data-path-to-node=\"12,3,0,0\" data-index-in-node=\"0\">\u0179r\u00f3d\u0142o energii<\/b><\/span><\/td>\n<td><span data-path-to-node=\"12,3,1,0\">Akumulator o d\u0142ugiej \u017cywotno\u015bci 850 mAh<\/span><\/td>\n<\/tr>\n<tr>\n<td><span data-path-to-node=\"12,4,0,0\"><b data-path-to-node=\"12,4,0,0\" data-index-in-node=\"0\">Styl wapowania<\/b><\/span><\/td>\n<td><span data-path-to-node=\"12,4,1,0\">Prze\u0142\u0105czanie MTL na ograniczony DTL<\/span><\/td>\n<\/tr>\n<tr>\n<td><span data-path-to-node=\"12,5,0,0\"><b data-path-to-node=\"12,5,0,0\" data-index-in-node=\"0\">Liquid View<\/b><\/span><\/td>\n<td><span data-path-to-node=\"12,5,1,0\">Przezroczysty port podgl\u0105du (pojemno\u015b\u0107 19 ml)<\/span><\/td>\n<\/tr>\n<tr>\n<td><span data-path-to-node=\"12,6,0,0\"><b data-path-to-node=\"12,6,0,0\" data-index-in-node=\"0\">Poziom produktu<\/b><\/span><\/td>\n<td><span data-path-to-node=\"12,6,1,0\">Premium <b data-path-to-node=\"12,6,1,0\" data-index-in-node=\"8\">60k Vape<\/b> Seria<\/span><\/td>\n<\/tr>\n<tr>\n<td><span data-path-to-node=\"12,7,0,0\"><b data-path-to-node=\"12,7,0,0\" data-index-in-node=\"0\">Rozmiar opakowania<\/b><\/span><\/td>\n<td><span data-path-to-node=\"12,7,1,0\">Sprzeda\u017c hurtowa 10szt\/pude\u0142ko Standard<\/span><\/td>\n<\/tr>\n<\/tbody>\n<\/table>\n<h3 dir=\"auto\">Oto dalsze zalecenia dla Ciebie:<\/h3>\n<p dir=\"auto\">Odkryj jeszcze wi\u0119cej niesamowitych smak\u00f3w dzi\u0119ki Puff 60k Bang Legend Geek 60000 Vape!<\/p>\n<p dir=\"auto\"><a href=\"https:\/\/vozolvapen.de\/pl\/product-category\/bang-vape\/puff-60k-bang-legend-geek-60000\/\" target=\"_blank\" rel=\"noopener noreferrer nofollow\">Zobacz wszystkie odmiany tutaj \u2192<\/a><\/p>\n<p dir=\"auto\">Zapoznaj si\u0119 z nasz\u0105 pe\u0142n\u0105 kolekcj\u0105 i kupuj produkty najlepszych marek vape, kt\u00f3re pokochasz.<\/p>\n<p dir=\"auto\"><a href=\"https:\/\/vozolvapen.de\/pl\/\" target=\"_blank\" rel=\"noopener noreferrer nofollow\">Przegl\u0105daj teraz wszystkie marki \u2192<\/a><\/p>\n<p dir=\"auto\">Sprawd\u017a ca\u0142\u0105 seri\u0119 Bang Vape - ka\u017cdy smak, ka\u017cdy styl!<\/p>\n<p dir=\"auto\"><a href=\"https:\/\/vozolvapen.de\/pl\/product-category\/bang-vape\/\" target=\"_blank\" rel=\"noopener noreferrer nofollow\">Zobacz pe\u0142n\u0105 kolekcj\u0119 Bang Vape \u2192<\/a><\/p>","protected":false},"excerpt":{"rendered":"<p>Zrelaksuj si\u0119 z <b data-path-to-node=\"5,2,0\" data-index-in-node=\"38\">Puff 60k Bang Legend Geek 60k<\/b>. Wyposa\u017cony w jagodowy mr\u00f3z poni\u017cej zera i regulowany przep\u0142yw powietrza, jest profesjonalnym wyborem dla fan\u00f3w <b data-path-to-node=\"5,2,0\" data-index-in-node=\"175\">Legenda Geek Vape<\/b> styl ch\u0142odzenia i g\u0119sto\u015b\u0107 pary.<\/p>","protected":false},"featured_media":59890,"comment_status":"open","ping_status":"closed","template":"","meta":{"_acf_changed":false},"product_brand":[],"product_cat":[114],"product_tag":[],"class_list":{"0":"post-59304","1":"product","2":"type-product","3":"status-publish","4":"has-post-thumbnail","6":"product_cat-puff-60k-bang-legend-geek-60000","8":"first","9":"instock","10":"shipping-taxable","11":"purchasable","12":"product-type-variable"},"acf":[],"yoast_head":"<!-- This site is optimized with the Yoast SEO Premium plugin v26.1 (Yoast SEO v27.5) - https:\/\/yoast.com\/product\/yoast-seo-premium-wordpress\/ -->\n<title>Blueberry Ice | Bang Legend Geek 60k | Puff 60000 - vozolvapen<\/title>\n<meta name=\"description\" content=\"Buy Blueberry Ice Bang Legend Geek 60000. 60,000 puffs of icy wild blueberry. High-performance Geek Vape Legend tech. Fast shipping 2026.\" \/>\n<meta name=\"robots\" content=\"index, follow, max-snippet:-1, max-image-preview:large, max-video-preview:-1\" \/>\n<link rel=\"canonical\" href=\"https:\/\/vozolvapen.de\/pl\/product\/puff-60k-bang-legend-geek-60000-blueberry-ice\/\" \/>\n<meta property=\"og:locale\" content=\"pl_PL\" \/>\n<meta property=\"og:type\" content=\"article\" \/>\n<meta property=\"og:title\" content=\"Puff 60k Bang Legend Geek 60000 - Blueberry Ice\" \/>\n<meta property=\"og:description\" content=\"Buy Blueberry Ice Bang Legend Geek 60000. 60,000 puffs of icy wild blueberry. High-performance Geek Vape Legend tech. Fast shipping 2026.\" \/>\n<meta property=\"og:url\" content=\"https:\/\/vozolvapen.de\/pl\/product\/puff-60k-bang-legend-geek-60000-blueberry-ice\/\" \/>\n<meta property=\"og:site_name\" content=\"vozolvapen\" \/>\n<meta property=\"article:modified_time\" content=\"2026-01-10T10:08:35+00:00\" \/>\n<meta property=\"og:image\" content=\"https:\/\/vozolvapen.de\/wp-content\/uploads\/2026\/01\/Puff-60k-Bang-Legend-Geek-60000-blueberry-Ice.webp\" \/>\n\t<meta property=\"og:image:width\" content=\"1200\" \/>\n\t<meta property=\"og:image:height\" content=\"1200\" \/>\n\t<meta property=\"og:image:type\" content=\"image\/webp\" \/>\n<meta name=\"twitter:card\" content=\"summary_large_image\" \/>\n<meta name=\"twitter:label1\" content=\"Szacowany czas czytania\" \/>\n\t<meta name=\"twitter:data1\" content=\"2 minuty\" \/>\n<script type=\"application\/ld+json\" class=\"yoast-schema-graph\">{\"@context\":\"https:\\\/\\\/schema.org\",\"@graph\":[{\"@type\":\"WebPage\",\"@id\":\"https:\\\/\\\/vozolvapen.de\\\/product\\\/puff-60k-bang-legend-geek-60000-blueberry-ice\\\/\",\"url\":\"https:\\\/\\\/vozolvapen.de\\\/product\\\/puff-60k-bang-legend-geek-60000-blueberry-ice\\\/\",\"name\":\"Blueberry Ice | Bang Legend Geek 60k | Puff 60000 - vozolvapen\",\"isPartOf\":{\"@id\":\"https:\\\/\\\/vozolvapen.de\\\/#website\"},\"primaryImageOfPage\":{\"@id\":\"https:\\\/\\\/vozolvapen.de\\\/product\\\/puff-60k-bang-legend-geek-60000-blueberry-ice\\\/#primaryimage\"},\"image\":{\"@id\":\"https:\\\/\\\/vozolvapen.de\\\/product\\\/puff-60k-bang-legend-geek-60000-blueberry-ice\\\/#primaryimage\"},\"thumbnailUrl\":\"https:\\\/\\\/vozolvapen.de\\\/wp-content\\\/uploads\\\/2026\\\/01\\\/Puff-60k-Bang-Legend-Geek-60000-blueberry-Ice.webp\",\"datePublished\":\"2026-01-10T09:39:16+00:00\",\"dateModified\":\"2026-01-10T10:08:35+00:00\",\"description\":\"Buy Blueberry Ice Bang Legend Geek 60000. 60,000 puffs of icy wild blueberry. High-performance Geek Vape Legend tech. Fast shipping 2026.\",\"breadcrumb\":{\"@id\":\"https:\\\/\\\/vozolvapen.de\\\/product\\\/puff-60k-bang-legend-geek-60000-blueberry-ice\\\/#breadcrumb\"},\"inLanguage\":\"pl-PL\",\"potentialAction\":[{\"@type\":\"ReadAction\",\"target\":[\"https:\\\/\\\/vozolvapen.de\\\/product\\\/puff-60k-bang-legend-geek-60000-blueberry-ice\\\/\"]}]},{\"@type\":\"ImageObject\",\"inLanguage\":\"pl-PL\",\"@id\":\"https:\\\/\\\/vozolvapen.de\\\/product\\\/puff-60k-bang-legend-geek-60000-blueberry-ice\\\/#primaryimage\",\"url\":\"https:\\\/\\\/vozolvapen.de\\\/wp-content\\\/uploads\\\/2026\\\/01\\\/Puff-60k-Bang-Legend-Geek-60000-blueberry-Ice.webp\",\"contentUrl\":\"https:\\\/\\\/vozolvapen.de\\\/wp-content\\\/uploads\\\/2026\\\/01\\\/Puff-60k-Bang-Legend-Geek-60000-blueberry-Ice.webp\",\"width\":1200,\"height\":1200,\"caption\":\"Puff 60k Bang Legend Geek 60000 - blueberry Ice\"},{\"@type\":\"BreadcrumbList\",\"@id\":\"https:\\\/\\\/vozolvapen.de\\\/product\\\/puff-60k-bang-legend-geek-60000-blueberry-ice\\\/#breadcrumb\",\"itemListElement\":[{\"@type\":\"ListItem\",\"position\":1,\"name\":\"Home\",\"item\":\"https:\\\/\\\/vozolvapen.de\\\/de\\\/\"},{\"@type\":\"ListItem\",\"position\":2,\"name\":\"Shop\",\"item\":\"https:\\\/\\\/vozolvapen.de\\\/shop\\\/\"},{\"@type\":\"ListItem\",\"position\":3,\"name\":\"Puff 60k Bang Legend Geek 60000 &#8211; Blueberry Ice\"}]},{\"@type\":\"WebSite\",\"@id\":\"https:\\\/\\\/vozolvapen.de\\\/#website\",\"url\":\"https:\\\/\\\/vozolvapen.de\\\/\",\"name\":\"vozolvapen\",\"description\":\"vozolvapen\",\"publisher\":{\"@id\":\"https:\\\/\\\/vozolvapen.de\\\/#organization\"},\"potentialAction\":[{\"@type\":\"SearchAction\",\"target\":{\"@type\":\"EntryPoint\",\"urlTemplate\":\"https:\\\/\\\/vozolvapen.de\\\/?s={search_term_string}\"},\"query-input\":{\"@type\":\"PropertyValueSpecification\",\"valueRequired\":true,\"valueName\":\"search_term_string\"}}],\"inLanguage\":\"pl-PL\"},{\"@type\":\"Organization\",\"@id\":\"https:\\\/\\\/vozolvapen.de\\\/#organization\",\"name\":\"vozolvapen\",\"url\":\"https:\\\/\\\/vozolvapen.de\\\/\",\"logo\":{\"@type\":\"ImageObject\",\"inLanguage\":\"pl-PL\",\"@id\":\"https:\\\/\\\/vozolvapen.de\\\/#\\\/schema\\\/logo\\\/image\\\/\",\"url\":\"https:\\\/\\\/vozolvapen.de\\\/wp-content\\\/uploads\\\/2025\\\/12\\\/cropped-vozovapen-logo.webp\",\"contentUrl\":\"https:\\\/\\\/vozolvapen.de\\\/wp-content\\\/uploads\\\/2025\\\/12\\\/cropped-vozovapen-logo.webp\",\"width\":470,\"height\":110,\"caption\":\"vozolvapen\"},\"image\":{\"@id\":\"https:\\\/\\\/vozolvapen.de\\\/#\\\/schema\\\/logo\\\/image\\\/\"}}]}<\/script>\n<!-- \/ Yoast SEO Premium plugin. -->","yoast_head_json":{"title":"Blueberry Ice | Bang Legend Geek 60k | Puff 60000 - vozolvapen","description":"Kup Blueberry Ice Bang Legend Geek 60000. 60 000 zaci\u0105gni\u0119\u0107 lodowat\u0105 dzik\u0105 jagod\u0105. Wysokowydajna technologia Geek Vape Legend. Szybka wysy\u0142ka 2026.","robots":{"index":"index","follow":"follow","max-snippet":"max-snippet:-1","max-image-preview":"max-image-preview:large","max-video-preview":"max-video-preview:-1"},"canonical":"https:\/\/vozolvapen.de\/pl\/product\/puff-60k-bang-legend-geek-60000-blueberry-ice\/","og_locale":"pl_PL","og_type":"article","og_title":"Puff 60k Bang Legend Geek 60000 - Blueberry Ice","og_description":"Buy Blueberry Ice Bang Legend Geek 60000. 60,000 puffs of icy wild blueberry. High-performance Geek Vape Legend tech. Fast shipping 2026.","og_url":"https:\/\/vozolvapen.de\/pl\/product\/puff-60k-bang-legend-geek-60000-blueberry-ice\/","og_site_name":"vozolvapen","article_modified_time":"2026-01-10T10:08:35+00:00","og_image":[{"width":1200,"height":1200,"url":"https:\/\/vozolvapen.de\/wp-content\/uploads\/2026\/01\/Puff-60k-Bang-Legend-Geek-60000-blueberry-Ice.webp","type":"image\/webp"}],"twitter_card":"summary_large_image","twitter_misc":{"Szacowany czas czytania":"2 minuty"},"schema":{"@context":"https:\/\/schema.org","@graph":[{"@type":"WebPage","@id":"https:\/\/vozolvapen.de\/product\/puff-60k-bang-legend-geek-60000-blueberry-ice\/","url":"https:\/\/vozolvapen.de\/product\/puff-60k-bang-legend-geek-60000-blueberry-ice\/","name":"Blueberry Ice | Bang Legend Geek 60k | Puff 60000 - vozolvapen","isPartOf":{"@id":"https:\/\/vozolvapen.de\/#website"},"primaryImageOfPage":{"@id":"https:\/\/vozolvapen.de\/product\/puff-60k-bang-legend-geek-60000-blueberry-ice\/#primaryimage"},"image":{"@id":"https:\/\/vozolvapen.de\/product\/puff-60k-bang-legend-geek-60000-blueberry-ice\/#primaryimage"},"thumbnailUrl":"https:\/\/vozolvapen.de\/wp-content\/uploads\/2026\/01\/Puff-60k-Bang-Legend-Geek-60000-blueberry-Ice.webp","datePublished":"2026-01-10T09:39:16+00:00","dateModified":"2026-01-10T10:08:35+00:00","description":"Kup Blueberry Ice Bang Legend Geek 60000. 60 000 zaci\u0105gni\u0119\u0107 lodowat\u0105 dzik\u0105 jagod\u0105. Wysokowydajna technologia Geek Vape Legend. Szybka wysy\u0142ka 2026.","breadcrumb":{"@id":"https:\/\/vozolvapen.de\/product\/puff-60k-bang-legend-geek-60000-blueberry-ice\/#breadcrumb"},"inLanguage":"pl-PL","potentialAction":[{"@type":"ReadAction","target":["https:\/\/vozolvapen.de\/product\/puff-60k-bang-legend-geek-60000-blueberry-ice\/"]}]},{"@type":"ImageObject","inLanguage":"pl-PL","@id":"https:\/\/vozolvapen.de\/product\/puff-60k-bang-legend-geek-60000-blueberry-ice\/#primaryimage","url":"https:\/\/vozolvapen.de\/wp-content\/uploads\/2026\/01\/Puff-60k-Bang-Legend-Geek-60000-blueberry-Ice.webp","contentUrl":"https:\/\/vozolvapen.de\/wp-content\/uploads\/2026\/01\/Puff-60k-Bang-Legend-Geek-60000-blueberry-Ice.webp","width":1200,"height":1200,"caption":"Puff 60k Bang Legend Geek 60000 - blueberry Ice"},{"@type":"BreadcrumbList","@id":"https:\/\/vozolvapen.de\/product\/puff-60k-bang-legend-geek-60000-blueberry-ice\/#breadcrumb","itemListElement":[{"@type":"ListItem","position":1,"name":"Home","item":"https:\/\/vozolvapen.de\/de\/"},{"@type":"ListItem","position":2,"name":"Shop","item":"https:\/\/vozolvapen.de\/shop\/"},{"@type":"ListItem","position":3,"name":"Puff 60k Bang Legend Geek 60000 &#8211; Blueberry Ice"}]},{"@type":"WebSite","@id":"https:\/\/vozolvapen.de\/#website","url":"https:\/\/vozolvapen.de\/","name":"vozolvapen","description":"vozolvapen","publisher":{"@id":"https:\/\/vozolvapen.de\/#organization"},"potentialAction":[{"@type":"SearchAction","target":{"@type":"EntryPoint","urlTemplate":"https:\/\/vozolvapen.de\/?s={search_term_string}"},"query-input":{"@type":"PropertyValueSpecification","valueRequired":true,"valueName":"search_term_string"}}],"inLanguage":"pl-PL"},{"@type":"Organization","@id":"https:\/\/vozolvapen.de\/#organization","name":"vozolvapen","url":"https:\/\/vozolvapen.de\/","logo":{"@type":"ImageObject","inLanguage":"pl-PL","@id":"https:\/\/vozolvapen.de\/#\/schema\/logo\/image\/","url":"https:\/\/vozolvapen.de\/wp-content\/uploads\/2025\/12\/cropped-vozovapen-logo.webp","contentUrl":"https:\/\/vozolvapen.de\/wp-content\/uploads\/2025\/12\/cropped-vozovapen-logo.webp","width":470,"height":110,"caption":"vozolvapen"},"image":{"@id":"https:\/\/vozolvapen.de\/#\/schema\/logo\/image\/"}}]}},"tiered_pricing_type":"fixed","tiered_pricing_fixed_rules":{"30":"11.85","50":"9.85","100":"8.85","200":"8.35"},"tiered_pricing_product_settings":{"layout":"default","base_unit_name":{"singular":null,"plural":null},"default_variation":{}},"tiered_pricing_minimum_quantity":10,"tiered_pricing_roles_data":[],"tiered_pricing_percentage_rules":[],"tiered_pricing_maximum_quantity":null,"tiered_pricing_quantity_step":"10","_links":{"self":[{"href":"http:\/\/vozolvapen.de\/pl\/wp-json\/wp\/v2\/product\/59304","targetHints":{"allow":["GET"]}}],"collection":[{"href":"http:\/\/vozolvapen.de\/pl\/wp-json\/wp\/v2\/product"}],"about":[{"href":"http:\/\/vozolvapen.de\/pl\/wp-json\/wp\/v2\/types\/product"}],"replies":[{"embeddable":true,"href":"http:\/\/vozolvapen.de\/pl\/wp-json\/wp\/v2\/comments?post=59304"}],"wp:featuredmedia":[{"embeddable":true,"href":"http:\/\/vozolvapen.de\/pl\/wp-json\/wp\/v2\/media\/59890"}],"wp:attachment":[{"href":"http:\/\/vozolvapen.de\/pl\/wp-json\/wp\/v2\/media?parent=59304"}],"wp:term":[{"taxonomy":"product_brand","embeddable":true,"href":"http:\/\/vozolvapen.de\/pl\/wp-json\/wp\/v2\/product_brand?post=59304"},{"taxonomy":"product_cat","embeddable":true,"href":"http:\/\/vozolvapen.de\/pl\/wp-json\/wp\/v2\/product_cat?post=59304"},{"taxonomy":"product_tag","embeddable":true,"href":"http:\/\/vozolvapen.de\/pl\/wp-json\/wp\/v2\/product_tag?post=59304"}],"curies":[{"name":"wp","href":"https:\/\/api.w.org\/{rel}","templated":true}]}}