{"id":59463,"date":"2026-01-10T09:39:24","date_gmt":"2026-01-10T09:39:24","guid":{"rendered":"https:\/\/vozolvapen.de\/?post_type=product&#038;p=59463"},"modified":"2026-01-10T10:09:43","modified_gmt":"2026-01-10T10:09:43","slug":"puff-60k-bang-legend-geek-60000-strawberry-banana","status":"publish","type":"product","link":"http:\/\/vozolvapen.de\/pl\/product\/puff-60k-bang-legend-geek-60000-strawberry-banana\/","title":{"rendered":"Puff 60k Bang Legend Geek 60000 - Strawberry Banana"},"content":{"rendered":"<h1>Love 66: Bang Legend Geek 60000<\/h1>\n<p data-path-to-node=\"37\"><b data-path-to-node=\"37\" data-index-in-node=\"0\">G\u0142\u0119bokie zanurzenie w Shisha Classic<\/b><\/p>\n<p data-path-to-node=\"37\">Zainspirowana legendarnymi smakami shishy, Love 66 to tajemnicza i romantyczna mieszanka. To <b data-path-to-node=\"37\" data-index-in-node=\"116\">Bang Legend Geek 60k<\/b> \u0142\u0105czy w sobie s\u0142odki melon spadziowy, tropikalny marakuja i szept ch\u0142odz\u0105cej mi\u0119ty. Jest to g\u0142adka, wyrafinowana mieszanka dla tych, kt\u00f3rzy ceni\u0105 sobie wysokiej klasy aromaty.<\/p>\n<h2 data-path-to-node=\"38\"><b data-path-to-node=\"38\" data-index-in-node=\"0\">Dla kogo przeznaczony jest ten smak?<\/b><\/h2>\n<p data-path-to-node=\"38\">Shisha Enthusiast: Zaprojektowany dla tych, kt\u00f3rzy chc\u0105 uzyska\u0107 g\u0142adk\u0105, kwiatowo-owocow\u0105 mieszank\u0119 z profesjonalnym wyj\u015bciem chmury.<\/p>\n<h2><strong>Puff 60k Bang Legend Geek 60000 <\/strong><strong>Wideo\uff1a<\/strong><\/h2>\n<p><iframe src=\"https:\/\/player.vimeo.com\/video\/1153127582?badge=0&amp;autopause=0&amp;player_id=0&amp;app_id=58479\" width=\"400\" height=\"711\" frameborder=\"0\" allow=\"autoplay; fullscreen; picture-in-picture; clipboard-write; encrypted-media; web-share\" referrerpolicy=\"strict-origin-when-cross-origin\" title=\"Puff 60k Bang Legend Geek 60000 vape\"><\/iframe><\/p>\n<h2 data-path-to-node=\"39\"><b data-path-to-node=\"39\" data-index-in-node=\"0\">Techniczna przewaga sprz\u0119towa:<\/b><\/h2>\n<p data-path-to-node=\"39\">The <b data-path-to-node=\"39\" data-index-in-node=\"34\">Przezroczyste okienko na e-liquid<\/b> ma kluczowe znaczenie dla Love 66, poniewa\u017c jego z\u0142o\u017cone cukry najlepiej smakuj\u0105, gdy knot jest w pe\u0142ni nasycony. Z <b data-path-to-node=\"39\" data-index-in-node=\"157\">19 ml pojemno\u015bci<\/b>, Sprz\u0119t zapewnia, \u017ce ten delikatny profil smakowy nigdy nie jest suchy ani przypalony.<\/p>\n<h2 data-path-to-node=\"8\"><b data-path-to-node=\"8\" data-index-in-node=\"0\">Specyfikacja Puff 60k Bang Legend Geek 60000<\/b><\/h2>\n<table data-path-to-node=\"16\">\n<thead>\n<tr>\n<td><strong>Opcje dostosowywania<\/strong><\/td>\n<td><strong>Szczeg\u00f3\u0142y mo\u017cliwo\u015bci<\/strong><\/td>\n<\/tr>\n<\/thead>\n<tbody>\n<tr>\n<td><span data-path-to-node=\"16,1,0,0\"><b data-path-to-node=\"16,1,0,0\" data-index-in-node=\"0\">Puff Rating<\/b><\/span><\/td>\n<td><span data-path-to-node=\"16,1,1,0\"><b data-path-to-node=\"16,1,1,0\" data-index-in-node=\"0\">Puff 60k Bang Legend Geek 60000<\/b><\/span><\/td>\n<\/tr>\n<tr>\n<td><span data-path-to-node=\"16,2,0,0\"><b data-path-to-node=\"16,2,0,0\" data-index-in-node=\"0\">Sprz\u0119t wewn\u0119trzny<\/b><\/span><\/td>\n<td><span data-path-to-node=\"16,2,1,0\">Zaawansowana technologia cewki siatkowej 1,0\u03a9<\/span><\/td>\n<\/tr>\n<tr>\n<td><span data-path-to-node=\"16,3,0,0\"><b data-path-to-node=\"16,3,0,0\" data-index-in-node=\"0\">Zarz\u0105dzanie przep\u0142ywem<\/b><\/span><\/td>\n<td><span data-path-to-node=\"16,3,1,0\">Oparte na suwaku <b data-path-to-node=\"16,3,1,0\" data-index-in-node=\"13\">Regulowany przep\u0142yw powietrza<\/b><\/span><\/td>\n<\/tr>\n<tr>\n<td><span data-path-to-node=\"16,4,0,0\"><b data-path-to-node=\"16,4,0,0\" data-index-in-node=\"0\">Widoczno\u015b\u0107 p\u0142ynu E-Liquid<\/b><\/span><\/td>\n<td><span data-path-to-node=\"16,4,1,0\">Zintegrowany <b data-path-to-node=\"16,4,1,0\" data-index-in-node=\"11\">Przezroczyste okienko na e-liquid<\/b><\/span><\/td>\n<\/tr>\n<tr>\n<td><span data-path-to-node=\"16,5,0,0\"><b data-path-to-node=\"16,5,0,0\" data-index-in-node=\"0\">Si\u0142a nikotyny<\/b><\/span><\/td>\n<td><span data-path-to-node=\"16,5,1,0\">Mo\u017cliwo\u015b\u0107 dostosowania (opcje od 0% do 5%)<\/span><\/td>\n<\/tr>\n<tr>\n<td><span data-path-to-node=\"16,6,0,0\"><b data-path-to-node=\"16,6,0,0\" data-index-in-node=\"0\">Pr\u0119dko\u015b\u0107 \u0142adowania<\/b><\/span><\/td>\n<td><span data-path-to-node=\"16,6,1,0\">Szybkie odzyskiwanie typu C<\/span><\/td>\n<\/tr>\n<tr>\n<td><span data-path-to-node=\"16,7,0,0\"><b data-path-to-node=\"16,7,0,0\" data-index-in-node=\"0\">Wymiary<\/b><\/span><\/td>\n<td><span data-path-to-node=\"16,7,1,0\">Compact 48.5<i data-path-to-node=\"16,7,1,0\" data-index-in-node=\"12\">27<\/i>Podwozie 100 mm<\/span><\/td>\n<\/tr>\n<\/tbody>\n<\/table>\n<h3 dir=\"auto\">Oto dalsze zalecenia dla Ciebie:<\/h3>\n<p dir=\"auto\">Odkryj jeszcze wi\u0119cej niesamowitych smak\u00f3w dzi\u0119ki Puff 60k Bang Legend Geek 60000 Vape!<\/p>\n<p dir=\"auto\"><a href=\"https:\/\/vozolvapen.de\/pl\/product-category\/bang-vape\/puff-60k-bang-legend-geek-60000\/\" target=\"_blank\" rel=\"noopener noreferrer nofollow\">Zobacz wszystkie odmiany tutaj \u2192<\/a><\/p>\n<p dir=\"auto\">Zapoznaj si\u0119 z nasz\u0105 pe\u0142n\u0105 kolekcj\u0105 i kupuj produkty najlepszych marek vape, kt\u00f3re pokochasz.<\/p>\n<p dir=\"auto\"><a href=\"https:\/\/vozolvapen.de\/pl\/\" target=\"_blank\" rel=\"noopener noreferrer nofollow\">Przegl\u0105daj teraz wszystkie marki \u2192<\/a><\/p>\n<p dir=\"auto\">Sprawd\u017a ca\u0142\u0105 seri\u0119 Bang Vape - ka\u017cdy smak, ka\u017cdy styl!<\/p>\n<p dir=\"auto\"><a href=\"https:\/\/vozolvapen.de\/pl\/product-category\/bang-vape\/\" target=\"_blank\" rel=\"noopener noreferrer nofollow\">Zobacz pe\u0142n\u0105 kolekcj\u0119 Bang Vape \u2192<\/a><\/p>","protected":false},"excerpt":{"rendered":"<p>Rozkoszuj si\u0119 aksamitnym koktajlem owocowym. The <b data-path-to-node=\"11,2,0\" data-index-in-node=\"60\">Puff 60k Bang Legend Geek 60000<\/b> oferuje 60 000 zaci\u0105gni\u0119\u0107 bogat\u0105 truskawk\u0105 i kremowym bananem, \u0142atwo monitorowanych przez eleganckie, zintegrowane <b data-path-to-node=\"11,2,0\" data-index-in-node=\"197\">Przezroczyste okienko na e-liquid<\/b>.<\/p>","protected":false},"featured_media":59895,"comment_status":"open","ping_status":"closed","template":"","meta":{"_acf_changed":false},"product_brand":[],"product_cat":[114],"product_tag":[],"class_list":{"0":"post-59463","1":"product","2":"type-product","3":"status-publish","4":"has-post-thumbnail","6":"product_cat-puff-60k-bang-legend-geek-60000","8":"first","9":"instock","10":"shipping-taxable","11":"purchasable","12":"product-type-variable"},"acf":[],"yoast_head":"<!-- This site is optimized with the Yoast SEO Premium plugin v26.1 (Yoast SEO v27.5) - https:\/\/yoast.com\/product\/yoast-seo-premium-wordpress\/ -->\n<title>Strawberry Banana | Bang Legend Geek 60k | Geek Vape Legend - vozolvapen<\/title>\n<meta name=\"description\" content=\"Strawberry Banana Bang Legend Geek 60000. 60k puffs of creamy smoothie flavor. Clear e-liquid window and mesh coil tech. Best 60k vape choice.\" \/>\n<meta name=\"robots\" content=\"index, follow, max-snippet:-1, max-image-preview:large, max-video-preview:-1\" \/>\n<link rel=\"canonical\" href=\"https:\/\/vozolvapen.de\/pl\/product\/puff-60k-bang-legend-geek-60000-strawberry-banana\/\" \/>\n<meta property=\"og:locale\" content=\"pl_PL\" \/>\n<meta property=\"og:type\" content=\"article\" \/>\n<meta property=\"og:title\" content=\"Puff 60k Bang Legend Geek 60000 - Strawberry Banana\" \/>\n<meta property=\"og:description\" content=\"Strawberry Banana Bang Legend Geek 60000. 60k puffs of creamy smoothie flavor. Clear e-liquid window and mesh coil tech. Best 60k vape choice.\" \/>\n<meta property=\"og:url\" content=\"https:\/\/vozolvapen.de\/pl\/product\/puff-60k-bang-legend-geek-60000-strawberry-banana\/\" \/>\n<meta property=\"og:site_name\" content=\"vozolvapen\" \/>\n<meta property=\"article:modified_time\" content=\"2026-01-10T10:09:43+00:00\" \/>\n<meta property=\"og:image\" content=\"https:\/\/vozolvapen.de\/wp-content\/uploads\/2026\/01\/Puff-60k-Bang-Legend-Geek-60000-Strawberry-Banana.webp\" \/>\n\t<meta property=\"og:image:width\" content=\"1200\" \/>\n\t<meta property=\"og:image:height\" content=\"1200\" \/>\n\t<meta property=\"og:image:type\" content=\"image\/webp\" \/>\n<meta name=\"twitter:card\" content=\"summary_large_image\" \/>\n<meta name=\"twitter:label1\" content=\"Szacowany czas czytania\" \/>\n\t<meta name=\"twitter:data1\" content=\"2 minuty\" \/>\n<script type=\"application\/ld+json\" class=\"yoast-schema-graph\">{\"@context\":\"https:\\\/\\\/schema.org\",\"@graph\":[{\"@type\":\"WebPage\",\"@id\":\"https:\\\/\\\/vozolvapen.de\\\/product\\\/puff-60k-bang-legend-geek-60000-strawberry-banana\\\/\",\"url\":\"https:\\\/\\\/vozolvapen.de\\\/product\\\/puff-60k-bang-legend-geek-60000-strawberry-banana\\\/\",\"name\":\"Strawberry Banana | Bang Legend Geek 60k | Geek Vape Legend - vozolvapen\",\"isPartOf\":{\"@id\":\"https:\\\/\\\/vozolvapen.de\\\/#website\"},\"primaryImageOfPage\":{\"@id\":\"https:\\\/\\\/vozolvapen.de\\\/product\\\/puff-60k-bang-legend-geek-60000-strawberry-banana\\\/#primaryimage\"},\"image\":{\"@id\":\"https:\\\/\\\/vozolvapen.de\\\/product\\\/puff-60k-bang-legend-geek-60000-strawberry-banana\\\/#primaryimage\"},\"thumbnailUrl\":\"https:\\\/\\\/vozolvapen.de\\\/wp-content\\\/uploads\\\/2026\\\/01\\\/Puff-60k-Bang-Legend-Geek-60000-Strawberry-Banana.webp\",\"datePublished\":\"2026-01-10T09:39:24+00:00\",\"dateModified\":\"2026-01-10T10:09:43+00:00\",\"description\":\"Strawberry Banana Bang Legend Geek 60000. 60k puffs of creamy smoothie flavor. Clear e-liquid window and mesh coil tech. Best 60k vape choice.\",\"breadcrumb\":{\"@id\":\"https:\\\/\\\/vozolvapen.de\\\/product\\\/puff-60k-bang-legend-geek-60000-strawberry-banana\\\/#breadcrumb\"},\"inLanguage\":\"pl-PL\",\"potentialAction\":[{\"@type\":\"ReadAction\",\"target\":[\"https:\\\/\\\/vozolvapen.de\\\/product\\\/puff-60k-bang-legend-geek-60000-strawberry-banana\\\/\"]}]},{\"@type\":\"ImageObject\",\"inLanguage\":\"pl-PL\",\"@id\":\"https:\\\/\\\/vozolvapen.de\\\/product\\\/puff-60k-bang-legend-geek-60000-strawberry-banana\\\/#primaryimage\",\"url\":\"https:\\\/\\\/vozolvapen.de\\\/wp-content\\\/uploads\\\/2026\\\/01\\\/Puff-60k-Bang-Legend-Geek-60000-Strawberry-Banana.webp\",\"contentUrl\":\"https:\\\/\\\/vozolvapen.de\\\/wp-content\\\/uploads\\\/2026\\\/01\\\/Puff-60k-Bang-Legend-Geek-60000-Strawberry-Banana.webp\",\"width\":1200,\"height\":1200,\"caption\":\"Puff 60k Bang Legend Geek 60000 - Strawberry Banana\"},{\"@type\":\"BreadcrumbList\",\"@id\":\"https:\\\/\\\/vozolvapen.de\\\/product\\\/puff-60k-bang-legend-geek-60000-strawberry-banana\\\/#breadcrumb\",\"itemListElement\":[{\"@type\":\"ListItem\",\"position\":1,\"name\":\"Home\",\"item\":\"https:\\\/\\\/vozolvapen.de\\\/de\\\/\"},{\"@type\":\"ListItem\",\"position\":2,\"name\":\"Shop\",\"item\":\"https:\\\/\\\/vozolvapen.de\\\/shop\\\/\"},{\"@type\":\"ListItem\",\"position\":3,\"name\":\"Puff 60k Bang Legend Geek 60000 &#8211; Strawberry Banana\"}]},{\"@type\":\"WebSite\",\"@id\":\"https:\\\/\\\/vozolvapen.de\\\/#website\",\"url\":\"https:\\\/\\\/vozolvapen.de\\\/\",\"name\":\"vozolvapen\",\"description\":\"vozolvapen\",\"publisher\":{\"@id\":\"https:\\\/\\\/vozolvapen.de\\\/#organization\"},\"potentialAction\":[{\"@type\":\"SearchAction\",\"target\":{\"@type\":\"EntryPoint\",\"urlTemplate\":\"https:\\\/\\\/vozolvapen.de\\\/?s={search_term_string}\"},\"query-input\":{\"@type\":\"PropertyValueSpecification\",\"valueRequired\":true,\"valueName\":\"search_term_string\"}}],\"inLanguage\":\"pl-PL\"},{\"@type\":\"Organization\",\"@id\":\"https:\\\/\\\/vozolvapen.de\\\/#organization\",\"name\":\"vozolvapen\",\"url\":\"https:\\\/\\\/vozolvapen.de\\\/\",\"logo\":{\"@type\":\"ImageObject\",\"inLanguage\":\"pl-PL\",\"@id\":\"https:\\\/\\\/vozolvapen.de\\\/#\\\/schema\\\/logo\\\/image\\\/\",\"url\":\"https:\\\/\\\/vozolvapen.de\\\/wp-content\\\/uploads\\\/2025\\\/12\\\/cropped-vozovapen-logo.webp\",\"contentUrl\":\"https:\\\/\\\/vozolvapen.de\\\/wp-content\\\/uploads\\\/2025\\\/12\\\/cropped-vozovapen-logo.webp\",\"width\":470,\"height\":110,\"caption\":\"vozolvapen\"},\"image\":{\"@id\":\"https:\\\/\\\/vozolvapen.de\\\/#\\\/schema\\\/logo\\\/image\\\/\"}}]}<\/script>\n<!-- \/ Yoast SEO Premium plugin. -->","yoast_head_json":{"title":"Strawberry Banana | Bang Legend Geek 60k | Geek Vape Legend - vozolvapen","description":"Strawberry Banana Bang Legend Geek 60000. 60 tysi\u0119cy zaci\u0105gni\u0119\u0107 o smaku kremowego smoothie. Przezroczyste okienko na e-liquid i technologia cewki siatkowej. Najlepszy wyb\u00f3r na 60 tys. zaci\u0105gni\u0119\u0107.","robots":{"index":"index","follow":"follow","max-snippet":"max-snippet:-1","max-image-preview":"max-image-preview:large","max-video-preview":"max-video-preview:-1"},"canonical":"https:\/\/vozolvapen.de\/pl\/product\/puff-60k-bang-legend-geek-60000-strawberry-banana\/","og_locale":"pl_PL","og_type":"article","og_title":"Puff 60k Bang Legend Geek 60000 - Strawberry Banana","og_description":"Strawberry Banana Bang Legend Geek 60000. 60k puffs of creamy smoothie flavor. Clear e-liquid window and mesh coil tech. Best 60k vape choice.","og_url":"https:\/\/vozolvapen.de\/pl\/product\/puff-60k-bang-legend-geek-60000-strawberry-banana\/","og_site_name":"vozolvapen","article_modified_time":"2026-01-10T10:09:43+00:00","og_image":[{"width":1200,"height":1200,"url":"https:\/\/vozolvapen.de\/wp-content\/uploads\/2026\/01\/Puff-60k-Bang-Legend-Geek-60000-Strawberry-Banana.webp","type":"image\/webp"}],"twitter_card":"summary_large_image","twitter_misc":{"Szacowany czas czytania":"2 minuty"},"schema":{"@context":"https:\/\/schema.org","@graph":[{"@type":"WebPage","@id":"https:\/\/vozolvapen.de\/product\/puff-60k-bang-legend-geek-60000-strawberry-banana\/","url":"https:\/\/vozolvapen.de\/product\/puff-60k-bang-legend-geek-60000-strawberry-banana\/","name":"Strawberry Banana | Bang Legend Geek 60k | Geek Vape Legend - vozolvapen","isPartOf":{"@id":"https:\/\/vozolvapen.de\/#website"},"primaryImageOfPage":{"@id":"https:\/\/vozolvapen.de\/product\/puff-60k-bang-legend-geek-60000-strawberry-banana\/#primaryimage"},"image":{"@id":"https:\/\/vozolvapen.de\/product\/puff-60k-bang-legend-geek-60000-strawberry-banana\/#primaryimage"},"thumbnailUrl":"https:\/\/vozolvapen.de\/wp-content\/uploads\/2026\/01\/Puff-60k-Bang-Legend-Geek-60000-Strawberry-Banana.webp","datePublished":"2026-01-10T09:39:24+00:00","dateModified":"2026-01-10T10:09:43+00:00","description":"Strawberry Banana Bang Legend Geek 60000. 60 tysi\u0119cy zaci\u0105gni\u0119\u0107 o smaku kremowego smoothie. Przezroczyste okienko na e-liquid i technologia cewki siatkowej. Najlepszy wyb\u00f3r na 60 tys. zaci\u0105gni\u0119\u0107.","breadcrumb":{"@id":"https:\/\/vozolvapen.de\/product\/puff-60k-bang-legend-geek-60000-strawberry-banana\/#breadcrumb"},"inLanguage":"pl-PL","potentialAction":[{"@type":"ReadAction","target":["https:\/\/vozolvapen.de\/product\/puff-60k-bang-legend-geek-60000-strawberry-banana\/"]}]},{"@type":"ImageObject","inLanguage":"pl-PL","@id":"https:\/\/vozolvapen.de\/product\/puff-60k-bang-legend-geek-60000-strawberry-banana\/#primaryimage","url":"https:\/\/vozolvapen.de\/wp-content\/uploads\/2026\/01\/Puff-60k-Bang-Legend-Geek-60000-Strawberry-Banana.webp","contentUrl":"https:\/\/vozolvapen.de\/wp-content\/uploads\/2026\/01\/Puff-60k-Bang-Legend-Geek-60000-Strawberry-Banana.webp","width":1200,"height":1200,"caption":"Puff 60k Bang Legend Geek 60000 - Strawberry Banana"},{"@type":"BreadcrumbList","@id":"https:\/\/vozolvapen.de\/product\/puff-60k-bang-legend-geek-60000-strawberry-banana\/#breadcrumb","itemListElement":[{"@type":"ListItem","position":1,"name":"Home","item":"https:\/\/vozolvapen.de\/de\/"},{"@type":"ListItem","position":2,"name":"Shop","item":"https:\/\/vozolvapen.de\/shop\/"},{"@type":"ListItem","position":3,"name":"Puff 60k Bang Legend Geek 60000 &#8211; Strawberry Banana"}]},{"@type":"WebSite","@id":"https:\/\/vozolvapen.de\/#website","url":"https:\/\/vozolvapen.de\/","name":"vozolvapen","description":"vozolvapen","publisher":{"@id":"https:\/\/vozolvapen.de\/#organization"},"potentialAction":[{"@type":"SearchAction","target":{"@type":"EntryPoint","urlTemplate":"https:\/\/vozolvapen.de\/?s={search_term_string}"},"query-input":{"@type":"PropertyValueSpecification","valueRequired":true,"valueName":"search_term_string"}}],"inLanguage":"pl-PL"},{"@type":"Organization","@id":"https:\/\/vozolvapen.de\/#organization","name":"vozolvapen","url":"https:\/\/vozolvapen.de\/","logo":{"@type":"ImageObject","inLanguage":"pl-PL","@id":"https:\/\/vozolvapen.de\/#\/schema\/logo\/image\/","url":"https:\/\/vozolvapen.de\/wp-content\/uploads\/2025\/12\/cropped-vozovapen-logo.webp","contentUrl":"https:\/\/vozolvapen.de\/wp-content\/uploads\/2025\/12\/cropped-vozovapen-logo.webp","width":470,"height":110,"caption":"vozolvapen"},"image":{"@id":"https:\/\/vozolvapen.de\/#\/schema\/logo\/image\/"}}]}},"tiered_pricing_type":"fixed","tiered_pricing_fixed_rules":{"30":"11.85","50":"9.85","100":"8.85","200":"8.35"},"tiered_pricing_product_settings":{"layout":"default","base_unit_name":{"singular":null,"plural":null},"default_variation":{}},"tiered_pricing_minimum_quantity":10,"tiered_pricing_roles_data":[],"tiered_pricing_percentage_rules":[],"tiered_pricing_maximum_quantity":null,"tiered_pricing_quantity_step":"10","_links":{"self":[{"href":"http:\/\/vozolvapen.de\/pl\/wp-json\/wp\/v2\/product\/59463","targetHints":{"allow":["GET"]}}],"collection":[{"href":"http:\/\/vozolvapen.de\/pl\/wp-json\/wp\/v2\/product"}],"about":[{"href":"http:\/\/vozolvapen.de\/pl\/wp-json\/wp\/v2\/types\/product"}],"replies":[{"embeddable":true,"href":"http:\/\/vozolvapen.de\/pl\/wp-json\/wp\/v2\/comments?post=59463"}],"wp:featuredmedia":[{"embeddable":true,"href":"http:\/\/vozolvapen.de\/pl\/wp-json\/wp\/v2\/media\/59895"}],"wp:attachment":[{"href":"http:\/\/vozolvapen.de\/pl\/wp-json\/wp\/v2\/media?parent=59463"}],"wp:term":[{"taxonomy":"product_brand","embeddable":true,"href":"http:\/\/vozolvapen.de\/pl\/wp-json\/wp\/v2\/product_brand?post=59463"},{"taxonomy":"product_cat","embeddable":true,"href":"http:\/\/vozolvapen.de\/pl\/wp-json\/wp\/v2\/product_cat?post=59463"},{"taxonomy":"product_tag","embeddable":true,"href":"http:\/\/vozolvapen.de\/pl\/wp-json\/wp\/v2\/product_tag?post=59463"}],"curies":[{"name":"wp","href":"https:\/\/api.w.org\/{rel}","templated":true}]}}