{"id":59569,"date":"2026-01-10T09:39:29","date_gmt":"2026-01-10T09:39:29","guid":{"rendered":"https:\/\/vozolvapen.de\/?post_type=product&#038;p=59569"},"modified":"2026-01-10T10:10:22","modified_gmt":"2026-01-10T10:10:22","slug":"puff-60k-bang-legend-geek-60000-strawberry-mango","status":"publish","type":"product","link":"http:\/\/vozolvapen.de\/pl\/product\/puff-60k-bang-legend-geek-60000-strawberry-mango\/","title":{"rendered":"Puff 60k Bang Legend Geek 60000 - Strawberry Mango"},"content":{"rendered":"<h1>Strawberry Mango: Bang Legend Geek 60000<\/h1>\n<p data-path-to-node=\"18\"><b data-path-to-node=\"18\" data-index-in-node=\"0\">Tropical Fusion Deep Dive<\/b><\/p>\n<p data-path-to-node=\"18\">Sk\u0105pana w s\u0142o\u0144cu mieszanka mi\u0119sistych owoc\u00f3w mango Alphonso i s\u0142odkich truskawek ogrodowych. The <b data-path-to-node=\"18\" data-index-in-node=\"113\">60k vape<\/b> Silnik wydobywa \u201cmi\u0119siste\u201d nuty mango, zapewniaj\u0105c g\u0119st\u0105, satysfakcjonuj\u0105c\u0105 par\u0119, kt\u00f3ra sprawia wra\u017cenie tre\u015bciwej. Truskawka dodaje niezb\u0119dnej cierpko\u015bci na finiszu.<\/p>\n<ul data-path-to-node=\"19\">\n<li>\n<p data-path-to-node=\"19,0,0\"><b data-path-to-node=\"19,0,0\" data-index-in-node=\"0\">S\u0142odycz:<\/b> \u2605\u2605\u2605\u2605\u2606 - Naturalnie s\u0142odki i tropikalny.<\/p>\n<\/li>\n<li>\n<p data-path-to-node=\"19,1,0\"><b data-path-to-node=\"19,1,0\" data-index-in-node=\"0\">Icy\/Coolness:<\/b> \u2605\u2605\u2606\u2606\u2606 - Lekka, orze\u017awiaj\u0105ca bryza.<\/p>\n<\/li>\n<li>\n<p data-path-to-node=\"19,2,0\"><b data-path-to-node=\"19,2,0\" data-index-in-node=\"0\">Aromat:<\/b> \u2605\u2605\u2605\u2605\u2605 - Egzotyczny, odurzaj\u0105cy aromat ponczu owocowego.<\/p>\n<\/li>\n<\/ul>\n<h2 data-path-to-node=\"20\"><b data-path-to-node=\"20\" data-index-in-node=\"0\">Dla kogo przeznaczony jest ten smak?<\/b><\/h2>\n<p data-path-to-node=\"20\"><b data-path-to-node=\"20\" data-index-in-node=\"24\">The Summer Dreamer:<\/b> Dla waper\u00f3w, kt\u00f3rzy chc\u0105 poczu\u0107 si\u0119 jak na tropikalnej pla\u017cy przy ka\u017cdym zaci\u0105gni\u0119ciu.<\/p>\n<h2><strong>Puff 60k Bang Legend Geek 60000 <\/strong><strong>Wideo\uff1a<\/strong><\/h2>\n<p><iframe src=\"https:\/\/player.vimeo.com\/video\/1153127582?badge=0&amp;autopause=0&amp;player_id=0&amp;app_id=58479\" width=\"400\" height=\"711\" frameborder=\"0\" allow=\"autoplay; fullscreen; picture-in-picture; clipboard-write; encrypted-media; web-share\" referrerpolicy=\"strict-origin-when-cross-origin\" title=\"Puff 60k Bang Legend Geek 60000 vape\"><\/iframe><\/p>\n<h2 data-path-to-node=\"21\"><b data-path-to-node=\"21\" data-index-in-node=\"0\">Techniczna przewaga sprz\u0119towa:<\/b><\/h2>\n<p data-path-to-node=\"21\">The <b data-path-to-node=\"21\" data-index-in-node=\"34\">Przezroczyste okienko na e-liquid<\/b> pozwala zobaczy\u0107 wysokiej jako\u015bci 19 ml soku w \u015brodku. Monitorowanie poziomu zapewnia mo\u017cliwo\u015b\u0107 <b data-path-to-node=\"21\" data-index-in-node=\"161\">Tryb Turbo<\/b> do granic mo\u017cliwo\u015bci, gdy potrzebujesz dodatkowej dawki s\u0142odyczy mango bez obawy o wysuszenie.<\/p>\n<h2 data-path-to-node=\"8\"><b data-path-to-node=\"8\" data-index-in-node=\"0\">Specyfikacja Puff 60k Bang Legend Geek 60000<\/b><\/h2>\n<table data-path-to-node=\"12\">\n<thead>\n<tr>\n<td><strong>Funkcja Bang Legend 60k<\/strong><\/td>\n<td><strong>Poziom wydajno\u015bci<\/strong><\/td>\n<\/tr>\n<\/thead>\n<tbody>\n<tr>\n<td><span data-path-to-node=\"12,1,0,0\"><b data-path-to-node=\"12,1,0,0\" data-index-in-node=\"0\">Ca\u0142kowita d\u0142ugo\u015b\u0107 \u017cycia<\/b><\/span><\/td>\n<td><span data-path-to-node=\"12,1,1,0\">Wiod\u0105cy w bran\u017cy <b data-path-to-node=\"12,1,1,0\" data-index-in-node=\"17\">Puff 60000<\/b><\/span><\/td>\n<\/tr>\n<tr>\n<td><span data-path-to-node=\"12,2,0,0\"><b data-path-to-node=\"12,2,0,0\" data-index-in-node=\"0\">Odporno\u015b\u0107 cewki<\/b><\/span><\/td>\n<td><span data-path-to-node=\"12,2,1,0\">Sta\u0142a siatka 1,0\u03a9 (technologia zapobiegaj\u0105ca oparzeniom)<\/span><\/td>\n<\/tr>\n<tr>\n<td><span data-path-to-node=\"12,3,0,0\"><b data-path-to-node=\"12,3,0,0\" data-index-in-node=\"0\">\u0179r\u00f3d\u0142o energii<\/b><\/span><\/td>\n<td><span data-path-to-node=\"12,3,1,0\">Akumulator o d\u0142ugiej \u017cywotno\u015bci 850 mAh<\/span><\/td>\n<\/tr>\n<tr>\n<td><span data-path-to-node=\"12,4,0,0\"><b data-path-to-node=\"12,4,0,0\" data-index-in-node=\"0\">Styl wapowania<\/b><\/span><\/td>\n<td><span data-path-to-node=\"12,4,1,0\">Prze\u0142\u0105czanie MTL na ograniczony DTL<\/span><\/td>\n<\/tr>\n<tr>\n<td><span data-path-to-node=\"12,5,0,0\"><b data-path-to-node=\"12,5,0,0\" data-index-in-node=\"0\">Liquid View<\/b><\/span><\/td>\n<td><span data-path-to-node=\"12,5,1,0\">Przezroczysty port podgl\u0105du (pojemno\u015b\u0107 19 ml)<\/span><\/td>\n<\/tr>\n<tr>\n<td><span data-path-to-node=\"12,6,0,0\"><b data-path-to-node=\"12,6,0,0\" data-index-in-node=\"0\">Poziom produktu<\/b><\/span><\/td>\n<td><span data-path-to-node=\"12,6,1,0\">Premium <b data-path-to-node=\"12,6,1,0\" data-index-in-node=\"8\">60k Vape<\/b> Seria<\/span><\/td>\n<\/tr>\n<tr>\n<td><span data-path-to-node=\"12,7,0,0\"><b data-path-to-node=\"12,7,0,0\" data-index-in-node=\"0\">Rozmiar opakowania<\/b><\/span><\/td>\n<td><span data-path-to-node=\"12,7,1,0\">Sprzeda\u017c hurtowa 10szt\/pude\u0142ko Standard<\/span><\/td>\n<\/tr>\n<\/tbody>\n<\/table>\n<h3 dir=\"auto\">Oto dalsze zalecenia dla Ciebie:<\/h3>\n<p dir=\"auto\">Odkryj jeszcze wi\u0119cej niesamowitych smak\u00f3w dzi\u0119ki Puff 60k Bang Legend Geek 60000 Vape!<\/p>\n<p dir=\"auto\"><a href=\"https:\/\/vozolvapen.de\/pl\/product-category\/bang-vape\/puff-60k-bang-legend-geek-60000\/\" target=\"_blank\" rel=\"noopener noreferrer nofollow\">Zobacz wszystkie odmiany tutaj \u2192<\/a><\/p>\n<p dir=\"auto\">Zapoznaj si\u0119 z nasz\u0105 pe\u0142n\u0105 kolekcj\u0105 i kupuj produkty najlepszych marek vape, kt\u00f3re pokochasz.<\/p>\n<p dir=\"auto\"><a href=\"https:\/\/vozolvapen.de\/pl\/\" target=\"_blank\" rel=\"noopener noreferrer nofollow\">Przegl\u0105daj teraz wszystkie marki \u2192<\/a><\/p>\n<p dir=\"auto\">Sprawd\u017a ca\u0142\u0105 seri\u0119 Bang Vape - ka\u017cdy smak, ka\u017cdy styl!<\/p>\n<p dir=\"auto\"><a href=\"https:\/\/vozolvapen.de\/pl\/product-category\/bang-vape\/\" target=\"_blank\" rel=\"noopener noreferrer nofollow\">Zobacz pe\u0142n\u0105 kolekcj\u0119 Bang Vape \u2192<\/a><\/p>","protected":false},"excerpt":{"rendered":"<p>Tropikalna b\u0142ogo\u015b\u0107 w zasi\u0119gu r\u0119ki. The <b data-path-to-node=\"15,2,0\" data-index-in-node=\"64\">Puff 60k Bang Legend Geek 60000<\/b> \u0142\u0105czy mi\u0119siste mango ze s\u0142odkimi truskawkami, dzi\u0119ki czemu ka\u017cde z 60 000 zaci\u0105gni\u0119\u0107 jest r\u00f3wnie bogate i aromatyczne jak pierwsze.<\/p>","protected":false},"featured_media":59899,"comment_status":"open","ping_status":"closed","template":"","meta":{"_acf_changed":false},"product_brand":[],"product_cat":[114],"product_tag":[],"class_list":{"0":"post-59569","1":"product","2":"type-product","3":"status-publish","4":"has-post-thumbnail","6":"product_cat-puff-60k-bang-legend-geek-60000","8":"first","9":"instock","10":"shipping-taxable","11":"purchasable","12":"product-type-variable"},"acf":[],"yoast_head":"<!-- This site is optimized with the Yoast SEO Premium plugin v26.1 (Yoast SEO v27.5) - https:\/\/yoast.com\/product\/yoast-seo-premium-wordpress\/ -->\n<title>Strawberry Mango | Bang Legend Geek 60k | Puff 60000 - vozolvapen<\/title>\n<meta name=\"description\" content=\"Buy Strawberry Mango Bang Legend Geek 60000. 60k puffs of tropical paradise. Turbo Mode and 19mL capacity. Premium Puff 60k Bang Legend Geek 60k.\" \/>\n<meta name=\"robots\" content=\"index, follow, max-snippet:-1, max-image-preview:large, max-video-preview:-1\" \/>\n<link rel=\"canonical\" href=\"https:\/\/vozolvapen.de\/pl\/product\/puff-60k-bang-legend-geek-60000-strawberry-mango\/\" \/>\n<meta property=\"og:locale\" content=\"pl_PL\" \/>\n<meta property=\"og:type\" content=\"article\" \/>\n<meta property=\"og:title\" content=\"Puff 60k Bang Legend Geek 60000 - Strawberry Mango\" \/>\n<meta property=\"og:description\" content=\"Buy Strawberry Mango Bang Legend Geek 60000. 60k puffs of tropical paradise. Turbo Mode and 19mL capacity. Premium Puff 60k Bang Legend Geek 60k.\" \/>\n<meta property=\"og:url\" content=\"https:\/\/vozolvapen.de\/pl\/product\/puff-60k-bang-legend-geek-60000-strawberry-mango\/\" \/>\n<meta property=\"og:site_name\" content=\"vozolvapen\" \/>\n<meta property=\"article:modified_time\" content=\"2026-01-10T10:10:22+00:00\" \/>\n<meta property=\"og:image\" content=\"https:\/\/vozolvapen.de\/wp-content\/uploads\/2026\/01\/Puff-60k-Bang-Legend-Geek-60000-Strawberry-Mango.webp\" \/>\n\t<meta property=\"og:image:width\" content=\"1200\" \/>\n\t<meta property=\"og:image:height\" content=\"1200\" \/>\n\t<meta property=\"og:image:type\" content=\"image\/webp\" \/>\n<meta name=\"twitter:card\" content=\"summary_large_image\" \/>\n<meta name=\"twitter:label1\" content=\"Szacowany czas czytania\" \/>\n\t<meta name=\"twitter:data1\" content=\"2 minuty\" \/>\n<script type=\"application\/ld+json\" class=\"yoast-schema-graph\">{\"@context\":\"https:\\\/\\\/schema.org\",\"@graph\":[{\"@type\":\"WebPage\",\"@id\":\"https:\\\/\\\/vozolvapen.de\\\/product\\\/puff-60k-bang-legend-geek-60000-strawberry-mango\\\/\",\"url\":\"https:\\\/\\\/vozolvapen.de\\\/product\\\/puff-60k-bang-legend-geek-60000-strawberry-mango\\\/\",\"name\":\"Strawberry Mango | Bang Legend Geek 60k | Puff 60000 - vozolvapen\",\"isPartOf\":{\"@id\":\"https:\\\/\\\/vozolvapen.de\\\/#website\"},\"primaryImageOfPage\":{\"@id\":\"https:\\\/\\\/vozolvapen.de\\\/product\\\/puff-60k-bang-legend-geek-60000-strawberry-mango\\\/#primaryimage\"},\"image\":{\"@id\":\"https:\\\/\\\/vozolvapen.de\\\/product\\\/puff-60k-bang-legend-geek-60000-strawberry-mango\\\/#primaryimage\"},\"thumbnailUrl\":\"https:\\\/\\\/vozolvapen.de\\\/wp-content\\\/uploads\\\/2026\\\/01\\\/Puff-60k-Bang-Legend-Geek-60000-Strawberry-Mango.webp\",\"datePublished\":\"2026-01-10T09:39:29+00:00\",\"dateModified\":\"2026-01-10T10:10:22+00:00\",\"description\":\"Buy Strawberry Mango Bang Legend Geek 60000. 60k puffs of tropical paradise. Turbo Mode and 19mL capacity. Premium Puff 60k Bang Legend Geek 60k.\",\"breadcrumb\":{\"@id\":\"https:\\\/\\\/vozolvapen.de\\\/product\\\/puff-60k-bang-legend-geek-60000-strawberry-mango\\\/#breadcrumb\"},\"inLanguage\":\"pl-PL\",\"potentialAction\":[{\"@type\":\"ReadAction\",\"target\":[\"https:\\\/\\\/vozolvapen.de\\\/product\\\/puff-60k-bang-legend-geek-60000-strawberry-mango\\\/\"]}]},{\"@type\":\"ImageObject\",\"inLanguage\":\"pl-PL\",\"@id\":\"https:\\\/\\\/vozolvapen.de\\\/product\\\/puff-60k-bang-legend-geek-60000-strawberry-mango\\\/#primaryimage\",\"url\":\"https:\\\/\\\/vozolvapen.de\\\/wp-content\\\/uploads\\\/2026\\\/01\\\/Puff-60k-Bang-Legend-Geek-60000-Strawberry-Mango.webp\",\"contentUrl\":\"https:\\\/\\\/vozolvapen.de\\\/wp-content\\\/uploads\\\/2026\\\/01\\\/Puff-60k-Bang-Legend-Geek-60000-Strawberry-Mango.webp\",\"width\":1200,\"height\":1200,\"caption\":\"Puff 60k Bang Legend Geek 60000 - Strawberry Mango\"},{\"@type\":\"BreadcrumbList\",\"@id\":\"https:\\\/\\\/vozolvapen.de\\\/product\\\/puff-60k-bang-legend-geek-60000-strawberry-mango\\\/#breadcrumb\",\"itemListElement\":[{\"@type\":\"ListItem\",\"position\":1,\"name\":\"Home\",\"item\":\"https:\\\/\\\/vozolvapen.de\\\/de\\\/\"},{\"@type\":\"ListItem\",\"position\":2,\"name\":\"Shop\",\"item\":\"https:\\\/\\\/vozolvapen.de\\\/shop\\\/\"},{\"@type\":\"ListItem\",\"position\":3,\"name\":\"Puff 60k Bang Legend Geek 60000 &#8211; Strawberry Mango\"}]},{\"@type\":\"WebSite\",\"@id\":\"https:\\\/\\\/vozolvapen.de\\\/#website\",\"url\":\"https:\\\/\\\/vozolvapen.de\\\/\",\"name\":\"vozolvapen\",\"description\":\"vozolvapen\",\"publisher\":{\"@id\":\"https:\\\/\\\/vozolvapen.de\\\/#organization\"},\"potentialAction\":[{\"@type\":\"SearchAction\",\"target\":{\"@type\":\"EntryPoint\",\"urlTemplate\":\"https:\\\/\\\/vozolvapen.de\\\/?s={search_term_string}\"},\"query-input\":{\"@type\":\"PropertyValueSpecification\",\"valueRequired\":true,\"valueName\":\"search_term_string\"}}],\"inLanguage\":\"pl-PL\"},{\"@type\":\"Organization\",\"@id\":\"https:\\\/\\\/vozolvapen.de\\\/#organization\",\"name\":\"vozolvapen\",\"url\":\"https:\\\/\\\/vozolvapen.de\\\/\",\"logo\":{\"@type\":\"ImageObject\",\"inLanguage\":\"pl-PL\",\"@id\":\"https:\\\/\\\/vozolvapen.de\\\/#\\\/schema\\\/logo\\\/image\\\/\",\"url\":\"https:\\\/\\\/vozolvapen.de\\\/wp-content\\\/uploads\\\/2025\\\/12\\\/cropped-vozovapen-logo.webp\",\"contentUrl\":\"https:\\\/\\\/vozolvapen.de\\\/wp-content\\\/uploads\\\/2025\\\/12\\\/cropped-vozovapen-logo.webp\",\"width\":470,\"height\":110,\"caption\":\"vozolvapen\"},\"image\":{\"@id\":\"https:\\\/\\\/vozolvapen.de\\\/#\\\/schema\\\/logo\\\/image\\\/\"}}]}<\/script>\n<!-- \/ Yoast SEO Premium plugin. -->","yoast_head_json":{"title":"Strawberry Mango | Bang Legend Geek 60k | Puff 60000 - vozolvapen","description":"Kup Strawberry Mango Bang Legend Geek 60000. 60 tysi\u0119cy zaci\u0105gni\u0119\u0107 tropikalnym rajem. Tryb Turbo i pojemno\u015b\u0107 19 ml. Premium Puff 60k Bang Legend Geek 60k.","robots":{"index":"index","follow":"follow","max-snippet":"max-snippet:-1","max-image-preview":"max-image-preview:large","max-video-preview":"max-video-preview:-1"},"canonical":"https:\/\/vozolvapen.de\/pl\/product\/puff-60k-bang-legend-geek-60000-strawberry-mango\/","og_locale":"pl_PL","og_type":"article","og_title":"Puff 60k Bang Legend Geek 60000 - Strawberry Mango","og_description":"Buy Strawberry Mango Bang Legend Geek 60000. 60k puffs of tropical paradise. Turbo Mode and 19mL capacity. Premium Puff 60k Bang Legend Geek 60k.","og_url":"https:\/\/vozolvapen.de\/pl\/product\/puff-60k-bang-legend-geek-60000-strawberry-mango\/","og_site_name":"vozolvapen","article_modified_time":"2026-01-10T10:10:22+00:00","og_image":[{"width":1200,"height":1200,"url":"https:\/\/vozolvapen.de\/wp-content\/uploads\/2026\/01\/Puff-60k-Bang-Legend-Geek-60000-Strawberry-Mango.webp","type":"image\/webp"}],"twitter_card":"summary_large_image","twitter_misc":{"Szacowany czas czytania":"2 minuty"},"schema":{"@context":"https:\/\/schema.org","@graph":[{"@type":"WebPage","@id":"https:\/\/vozolvapen.de\/product\/puff-60k-bang-legend-geek-60000-strawberry-mango\/","url":"https:\/\/vozolvapen.de\/product\/puff-60k-bang-legend-geek-60000-strawberry-mango\/","name":"Strawberry Mango | Bang Legend Geek 60k | Puff 60000 - vozolvapen","isPartOf":{"@id":"https:\/\/vozolvapen.de\/#website"},"primaryImageOfPage":{"@id":"https:\/\/vozolvapen.de\/product\/puff-60k-bang-legend-geek-60000-strawberry-mango\/#primaryimage"},"image":{"@id":"https:\/\/vozolvapen.de\/product\/puff-60k-bang-legend-geek-60000-strawberry-mango\/#primaryimage"},"thumbnailUrl":"https:\/\/vozolvapen.de\/wp-content\/uploads\/2026\/01\/Puff-60k-Bang-Legend-Geek-60000-Strawberry-Mango.webp","datePublished":"2026-01-10T09:39:29+00:00","dateModified":"2026-01-10T10:10:22+00:00","description":"Kup Strawberry Mango Bang Legend Geek 60000. 60 tysi\u0119cy zaci\u0105gni\u0119\u0107 tropikalnym rajem. Tryb Turbo i pojemno\u015b\u0107 19 ml. Premium Puff 60k Bang Legend Geek 60k.","breadcrumb":{"@id":"https:\/\/vozolvapen.de\/product\/puff-60k-bang-legend-geek-60000-strawberry-mango\/#breadcrumb"},"inLanguage":"pl-PL","potentialAction":[{"@type":"ReadAction","target":["https:\/\/vozolvapen.de\/product\/puff-60k-bang-legend-geek-60000-strawberry-mango\/"]}]},{"@type":"ImageObject","inLanguage":"pl-PL","@id":"https:\/\/vozolvapen.de\/product\/puff-60k-bang-legend-geek-60000-strawberry-mango\/#primaryimage","url":"https:\/\/vozolvapen.de\/wp-content\/uploads\/2026\/01\/Puff-60k-Bang-Legend-Geek-60000-Strawberry-Mango.webp","contentUrl":"https:\/\/vozolvapen.de\/wp-content\/uploads\/2026\/01\/Puff-60k-Bang-Legend-Geek-60000-Strawberry-Mango.webp","width":1200,"height":1200,"caption":"Puff 60k Bang Legend Geek 60000 - Strawberry Mango"},{"@type":"BreadcrumbList","@id":"https:\/\/vozolvapen.de\/product\/puff-60k-bang-legend-geek-60000-strawberry-mango\/#breadcrumb","itemListElement":[{"@type":"ListItem","position":1,"name":"Home","item":"https:\/\/vozolvapen.de\/de\/"},{"@type":"ListItem","position":2,"name":"Shop","item":"https:\/\/vozolvapen.de\/shop\/"},{"@type":"ListItem","position":3,"name":"Puff 60k Bang Legend Geek 60000 &#8211; Strawberry Mango"}]},{"@type":"WebSite","@id":"https:\/\/vozolvapen.de\/#website","url":"https:\/\/vozolvapen.de\/","name":"vozolvapen","description":"vozolvapen","publisher":{"@id":"https:\/\/vozolvapen.de\/#organization"},"potentialAction":[{"@type":"SearchAction","target":{"@type":"EntryPoint","urlTemplate":"https:\/\/vozolvapen.de\/?s={search_term_string}"},"query-input":{"@type":"PropertyValueSpecification","valueRequired":true,"valueName":"search_term_string"}}],"inLanguage":"pl-PL"},{"@type":"Organization","@id":"https:\/\/vozolvapen.de\/#organization","name":"vozolvapen","url":"https:\/\/vozolvapen.de\/","logo":{"@type":"ImageObject","inLanguage":"pl-PL","@id":"https:\/\/vozolvapen.de\/#\/schema\/logo\/image\/","url":"https:\/\/vozolvapen.de\/wp-content\/uploads\/2025\/12\/cropped-vozovapen-logo.webp","contentUrl":"https:\/\/vozolvapen.de\/wp-content\/uploads\/2025\/12\/cropped-vozovapen-logo.webp","width":470,"height":110,"caption":"vozolvapen"},"image":{"@id":"https:\/\/vozolvapen.de\/#\/schema\/logo\/image\/"}}]}},"tiered_pricing_type":"fixed","tiered_pricing_fixed_rules":{"30":"11.85","50":"9.85","100":"8.85","200":"8.35"},"tiered_pricing_product_settings":{"layout":"default","base_unit_name":{"singular":null,"plural":null},"default_variation":{}},"tiered_pricing_minimum_quantity":10,"tiered_pricing_roles_data":[],"tiered_pricing_percentage_rules":[],"tiered_pricing_maximum_quantity":null,"tiered_pricing_quantity_step":"10","_links":{"self":[{"href":"http:\/\/vozolvapen.de\/pl\/wp-json\/wp\/v2\/product\/59569","targetHints":{"allow":["GET"]}}],"collection":[{"href":"http:\/\/vozolvapen.de\/pl\/wp-json\/wp\/v2\/product"}],"about":[{"href":"http:\/\/vozolvapen.de\/pl\/wp-json\/wp\/v2\/types\/product"}],"replies":[{"embeddable":true,"href":"http:\/\/vozolvapen.de\/pl\/wp-json\/wp\/v2\/comments?post=59569"}],"wp:featuredmedia":[{"embeddable":true,"href":"http:\/\/vozolvapen.de\/pl\/wp-json\/wp\/v2\/media\/59899"}],"wp:attachment":[{"href":"http:\/\/vozolvapen.de\/pl\/wp-json\/wp\/v2\/media?parent=59569"}],"wp:term":[{"taxonomy":"product_brand","embeddable":true,"href":"http:\/\/vozolvapen.de\/pl\/wp-json\/wp\/v2\/product_brand?post=59569"},{"taxonomy":"product_cat","embeddable":true,"href":"http:\/\/vozolvapen.de\/pl\/wp-json\/wp\/v2\/product_cat?post=59569"},{"taxonomy":"product_tag","embeddable":true,"href":"http:\/\/vozolvapen.de\/pl\/wp-json\/wp\/v2\/product_tag?post=59569"}],"curies":[{"name":"wp","href":"https:\/\/api.w.org\/{rel}","templated":true}]}}