{"id":59675,"date":"2026-01-10T09:39:34","date_gmt":"2026-01-10T09:39:34","guid":{"rendered":"https:\/\/vozolvapen.de\/?post_type=product&#038;p=59675"},"modified":"2026-01-10T10:10:52","modified_gmt":"2026-01-10T10:10:52","slug":"puff-60k-bang-legend-geek-60000-mamba","status":"publish","type":"product","link":"http:\/\/vozolvapen.de\/pl\/product\/puff-60k-bang-legend-geek-60000-mamba\/","title":{"rendered":"Puff 60k Bang Legend Geek 60000 - Mamba"},"content":{"rendered":"<h1>Mamba: Bang Legend Geek 60000<\/h1>\n<p data-path-to-node=\"25\"><b data-path-to-node=\"25\" data-index-in-node=\"0\">The Moody Berry Deep Dive<\/b><\/p>\n<p data-path-to-node=\"25\">Mamba to z\u0142o\u017cony, wyrafinowany smak dla do\u015bwiadczonych waper\u00f3w. Smak <b data-path-to-node=\"25\" data-index-in-node=\"95\">Puff 60k Bang Legend Geek 60k<\/b> Prezentuje ciemn\u0105, nastrojow\u0105 mieszank\u0119 je\u017cyn i czarnych porzeczek, zwie\u0144czon\u0105 tajemniczym cytrusowym \u201cugryzieniem\u201d, kt\u00f3re utrzymuje podniebienie w niepewno\u015bci.<\/p>\n<ul data-path-to-node=\"26\">\n<li>\n<p data-path-to-node=\"26,0,0\"><b data-path-to-node=\"26,0,0\" data-index-in-node=\"0\">S\u0142odycz:<\/b> \u2605\u2605\u2605\u2606\u2606 - zbilansowane cukry jagodowe.<\/p>\n<\/li>\n<li>\n<p data-path-to-node=\"26,1,0\"><b data-path-to-node=\"26,1,0\" data-index-in-node=\"0\">Icy\/Coolness:<\/b> \u2605\u2605\u2605\u2606\u2606 - Umiarkowane ch\u0142odzenie dla czystego wyko\u0144czenia.<\/p>\n<\/li>\n<li>\n<p data-path-to-node=\"26,2,0\"><b data-path-to-node=\"26,2,0\" data-index-in-node=\"0\">Aromat:<\/b> \u2605\u2605\u2605\u2605\u2606 - Ciemne, wyrafinowane nuty owocowe.<\/p>\n<\/li>\n<\/ul>\n<h2 data-path-to-node=\"27\"><b data-path-to-node=\"27\" data-index-in-node=\"0\">Dla kogo przeznaczony jest ten smak?<\/b><\/h2>\n<p data-path-to-node=\"27\"><b data-path-to-node=\"27\" data-index-in-node=\"24\">Poszukiwacz tajemnic:<\/b> Dla tych, kt\u00f3rzy s\u0105 zm\u0119czeni standardowymi smakami \u201cBlue Razz\u201d i szukaj\u0105 czego\u015b z wi\u0119ksz\u0105 g\u0142\u0119bi\u0105 i przewag\u0105.<\/p>\n<h2><strong>Puff 60k Bang Legend Geek 60000 <\/strong><strong>Wideo\uff1a<\/strong><\/h2>\n<p><iframe src=\"https:\/\/player.vimeo.com\/video\/1153127582?badge=0&amp;autopause=0&amp;player_id=0&amp;app_id=58479\" width=\"400\" height=\"711\" frameborder=\"0\" allow=\"autoplay; fullscreen; picture-in-picture; clipboard-write; encrypted-media; web-share\" referrerpolicy=\"strict-origin-when-cross-origin\" title=\"Puff 60k Bang Legend Geek 60000 vape\"><\/iframe><\/p>\n<h2 data-path-to-node=\"28\"><b data-path-to-node=\"28\" data-index-in-node=\"0\">Techniczna przewaga sprz\u0119towa:<\/b><\/h2>\n<p data-path-to-node=\"28\">The <b data-path-to-node=\"28\" data-index-in-node=\"34\">Akumulator 850 mAh<\/b> Zapewnia, \u017ce ciemniejsze, bardziej z\u0142o\u017cone nuty jagodowe nie trac\u0105 swojego \u201czing\u201d, gdy bateria si\u0119 roz\u0142adowuje. Sta\u0142e napi\u0119cie wyj\u015bciowe utrzymuje <b data-path-to-node=\"28\" data-index-in-node=\"195\">Mamba<\/b> ostry profil przez ca\u0142y <b data-path-to-node=\"28\" data-index-in-node=\"234\">Puff 60000<\/b> liczy\u0107.<\/p>\n<h2 data-path-to-node=\"8\"><b data-path-to-node=\"8\" data-index-in-node=\"0\">Specyfikacja Puff 60k Bang Legend Geek 60000<\/b><\/h2>\n<table data-path-to-node=\"4\">\n<thead>\n<tr>\n<td><strong>Silnik techniczny<\/strong><\/td>\n<td><strong>Szczeg\u00f3\u0142y Bang Legend Geek 60000<\/strong><\/td>\n<\/tr>\n<\/thead>\n<tbody>\n<tr>\n<td><span data-path-to-node=\"4,1,0,0\"><b data-path-to-node=\"4,1,0,0\" data-index-in-node=\"0\">Seria modeli<\/b><\/span><\/td>\n<td><span data-path-to-node=\"4,1,1,0\"><b data-path-to-node=\"4,1,1,0\" data-index-in-node=\"0\">Puff 60k Bang Legend Geek 60k<\/b><\/span><\/td>\n<\/tr>\n<tr>\n<td><span data-path-to-node=\"4,2,0,0\"><b data-path-to-node=\"4,2,0,0\" data-index-in-node=\"0\">Pojemno\u015b\u0107 dmuchawy<\/b><\/span><\/td>\n<td><span data-path-to-node=\"4,2,1,0\">Do 60 000 zaci\u0105gni\u0119\u0107 o wysokiej intensywno\u015bci<\/span><\/td>\n<\/tr>\n<tr>\n<td><span data-path-to-node=\"4,3,0,0\"><b data-path-to-node=\"4,3,0,0\" data-index-in-node=\"0\">Tryb zasilania<\/b><\/span><\/td>\n<td><span data-path-to-node=\"4,3,1,0\"><b data-path-to-node=\"4,3,1,0\" data-index-in-node=\"0\">Tryb Turbo<\/b> (Zwi\u0119kszony smak i chmura)<\/span><\/td>\n<\/tr>\n<tr>\n<td><span data-path-to-node=\"4,4,0,0\"><b data-path-to-node=\"4,4,0,0\" data-index-in-node=\"0\">Element grzejny<\/b><\/span><\/td>\n<td><span data-path-to-node=\"4,4,1,0\">Siatkowa cewka Pro-Grade 1,0\u03a9<\/span><\/td>\n<\/tr>\n<tr>\n<td><span data-path-to-node=\"4,5,0,0\"><b data-path-to-node=\"4,5,0,0\" data-index-in-node=\"0\">Kontrola przep\u0142ywu powietrza<\/b><\/span><\/td>\n<td><span data-path-to-node=\"4,5,1,0\">W pe\u0142ni <b data-path-to-node=\"4,5,1,0\" data-index-in-node=\"6\">Regulowany przep\u0142yw powietrza<\/b> Toggle<\/span><\/td>\n<\/tr>\n<tr>\n<td><span data-path-to-node=\"4,6,0,0\"><b data-path-to-node=\"4,6,0,0\" data-index-in-node=\"0\">Monitorowanie sok\u00f3w<\/b><\/span><\/td>\n<td><span data-path-to-node=\"4,6,1,0\"><b data-path-to-node=\"4,6,1,0\" data-index-in-node=\"0\">Przezroczyste okienko na e-liquid<\/b> do \u015bledzenia w czasie rzeczywistym<\/span><\/td>\n<\/tr>\n<tr>\n<td><span data-path-to-node=\"4,7,0,0\"><b data-path-to-node=\"4,7,0,0\" data-index-in-node=\"0\">Battery Tech<\/b><\/span><\/td>\n<td><span data-path-to-node=\"4,7,1,0\">850mAh Kobalt o wysokiej g\u0119sto\u015bci (Typ-C)<\/span><\/td>\n<\/tr>\n<\/tbody>\n<\/table>\n<h3 dir=\"auto\">Oto dalsze zalecenia dla Ciebie:<\/h3>\n<p dir=\"auto\">Odkryj jeszcze wi\u0119cej niesamowitych smak\u00f3w dzi\u0119ki Puff 60k Bang Legend Geek 60000 Vape!<\/p>\n<p dir=\"auto\"><a href=\"https:\/\/vozolvapen.de\/pl\/product-category\/bang-vape\/puff-60k-bang-legend-geek-60000\/\" target=\"_blank\" rel=\"noopener noreferrer nofollow\">Zobacz wszystkie odmiany tutaj \u2192<\/a><\/p>\n<p dir=\"auto\">Zapoznaj si\u0119 z nasz\u0105 pe\u0142n\u0105 kolekcj\u0105 i kupuj produkty najlepszych marek vape, kt\u00f3re pokochasz.<\/p>\n<p dir=\"auto\"><a href=\"https:\/\/vozolvapen.de\/pl\/\" target=\"_blank\" rel=\"noopener noreferrer nofollow\">Przegl\u0105daj teraz wszystkie marki \u2192<\/a><\/p>\n<p dir=\"auto\">Sprawd\u017a ca\u0142\u0105 seri\u0119 Bang Vape - ka\u017cdy smak, ka\u017cdy styl!<\/p>\n<p dir=\"auto\"><a href=\"https:\/\/vozolvapen.de\/pl\/product-category\/bang-vape\/\" target=\"_blank\" rel=\"noopener noreferrer nofollow\">Zobacz pe\u0142n\u0105 kolekcj\u0119 Bang Vape \u2192<\/a><\/p>","protected":false},"excerpt":{"rendered":"<p>Mroczny, tajemniczy i intensywny. The <b data-path-to-node=\"19,2,0\" data-index-in-node=\"54\">Bang Legend Geek 60000<\/b> Smak Mamba oferuje wyrafinowan\u0105 mieszank\u0119 ciemnych jag\u00f3d i cytrus\u00f3w, opracowan\u0105 z my\u015bl\u0105 o intensywnej produkcji chmury i d\u0142ugotrwa\u0142ym dzia\u0142aniu. <b data-path-to-node=\"19,2,0\" data-index-in-node=\"211\">Puff 60k<\/b> satysfakcji.<\/p>","protected":false},"featured_media":59905,"comment_status":"open","ping_status":"closed","template":"","meta":{"_acf_changed":false},"product_brand":[],"product_cat":[114],"product_tag":[],"class_list":{"0":"post-59675","1":"product","2":"type-product","3":"status-publish","4":"has-post-thumbnail","6":"product_cat-puff-60k-bang-legend-geek-60000","8":"first","9":"instock","10":"shipping-taxable","11":"purchasable","12":"product-type-variable"},"acf":[],"yoast_head":"<!-- This site is optimized with the Yoast SEO Premium plugin v26.1 (Yoast SEO v27.5) - https:\/\/yoast.com\/product\/yoast-seo-premium-wordpress\/ -->\n<title>Mamba | Bang Legend Geek 60000 | 60k Vape - vozolvapen<\/title>\n<meta name=\"description\" content=\"Discover Mamba Bang Legend Geek 60k. 60,000 puffs of dark berry and citrus. Geekvape notice quality and Turbo Mode power. Shop today!\" \/>\n<meta name=\"robots\" content=\"index, follow, max-snippet:-1, max-image-preview:large, max-video-preview:-1\" \/>\n<link rel=\"canonical\" href=\"https:\/\/vozolvapen.de\/pl\/product\/puff-60k-bang-legend-geek-60000-mamba\/\" \/>\n<meta property=\"og:locale\" content=\"pl_PL\" \/>\n<meta property=\"og:type\" content=\"article\" \/>\n<meta property=\"og:title\" content=\"Puff 60k Bang Legend Geek 60000 - Mamba\" \/>\n<meta property=\"og:description\" content=\"Discover Mamba Bang Legend Geek 60k. 60,000 puffs of dark berry and citrus. Geekvape notice quality and Turbo Mode power. Shop today!\" \/>\n<meta property=\"og:url\" content=\"https:\/\/vozolvapen.de\/pl\/product\/puff-60k-bang-legend-geek-60000-mamba\/\" \/>\n<meta property=\"og:site_name\" content=\"vozolvapen\" \/>\n<meta property=\"article:modified_time\" content=\"2026-01-10T10:10:52+00:00\" \/>\n<meta property=\"og:image\" content=\"https:\/\/vozolvapen.de\/wp-content\/uploads\/2026\/01\/Puff-60k-Bang-Legend-Geek-60000-Mamba-2.webp\" \/>\n\t<meta property=\"og:image:width\" content=\"1200\" \/>\n\t<meta property=\"og:image:height\" content=\"1200\" \/>\n\t<meta property=\"og:image:type\" content=\"image\/webp\" \/>\n<meta name=\"twitter:card\" content=\"summary_large_image\" \/>\n<meta name=\"twitter:label1\" content=\"Szacowany czas czytania\" \/>\n\t<meta name=\"twitter:data1\" content=\"2 minuty\" \/>\n<script type=\"application\/ld+json\" class=\"yoast-schema-graph\">{\"@context\":\"https:\\\/\\\/schema.org\",\"@graph\":[{\"@type\":\"WebPage\",\"@id\":\"https:\\\/\\\/vozolvapen.de\\\/product\\\/puff-60k-bang-legend-geek-60000-mamba\\\/\",\"url\":\"https:\\\/\\\/vozolvapen.de\\\/product\\\/puff-60k-bang-legend-geek-60000-mamba\\\/\",\"name\":\"Mamba | Bang Legend Geek 60000 | 60k Vape - vozolvapen\",\"isPartOf\":{\"@id\":\"https:\\\/\\\/vozolvapen.de\\\/#website\"},\"primaryImageOfPage\":{\"@id\":\"https:\\\/\\\/vozolvapen.de\\\/product\\\/puff-60k-bang-legend-geek-60000-mamba\\\/#primaryimage\"},\"image\":{\"@id\":\"https:\\\/\\\/vozolvapen.de\\\/product\\\/puff-60k-bang-legend-geek-60000-mamba\\\/#primaryimage\"},\"thumbnailUrl\":\"https:\\\/\\\/vozolvapen.de\\\/wp-content\\\/uploads\\\/2026\\\/01\\\/Puff-60k-Bang-Legend-Geek-60000-Mamba-2.webp\",\"datePublished\":\"2026-01-10T09:39:34+00:00\",\"dateModified\":\"2026-01-10T10:10:52+00:00\",\"description\":\"Discover Mamba Bang Legend Geek 60k. 60,000 puffs of dark berry and citrus. Geekvape notice quality and Turbo Mode power. Shop today!\",\"breadcrumb\":{\"@id\":\"https:\\\/\\\/vozolvapen.de\\\/product\\\/puff-60k-bang-legend-geek-60000-mamba\\\/#breadcrumb\"},\"inLanguage\":\"pl-PL\",\"potentialAction\":[{\"@type\":\"ReadAction\",\"target\":[\"https:\\\/\\\/vozolvapen.de\\\/product\\\/puff-60k-bang-legend-geek-60000-mamba\\\/\"]}]},{\"@type\":\"ImageObject\",\"inLanguage\":\"pl-PL\",\"@id\":\"https:\\\/\\\/vozolvapen.de\\\/product\\\/puff-60k-bang-legend-geek-60000-mamba\\\/#primaryimage\",\"url\":\"https:\\\/\\\/vozolvapen.de\\\/wp-content\\\/uploads\\\/2026\\\/01\\\/Puff-60k-Bang-Legend-Geek-60000-Mamba-2.webp\",\"contentUrl\":\"https:\\\/\\\/vozolvapen.de\\\/wp-content\\\/uploads\\\/2026\\\/01\\\/Puff-60k-Bang-Legend-Geek-60000-Mamba-2.webp\",\"width\":1200,\"height\":1200,\"caption\":\"Puff 60k Bang Legend Geek 60000 - Mamba (2)\"},{\"@type\":\"BreadcrumbList\",\"@id\":\"https:\\\/\\\/vozolvapen.de\\\/product\\\/puff-60k-bang-legend-geek-60000-mamba\\\/#breadcrumb\",\"itemListElement\":[{\"@type\":\"ListItem\",\"position\":1,\"name\":\"Home\",\"item\":\"https:\\\/\\\/vozolvapen.de\\\/de\\\/\"},{\"@type\":\"ListItem\",\"position\":2,\"name\":\"Shop\",\"item\":\"https:\\\/\\\/vozolvapen.de\\\/shop\\\/\"},{\"@type\":\"ListItem\",\"position\":3,\"name\":\"Puff 60k Bang Legend Geek 60000 &#8211; Mamba\"}]},{\"@type\":\"WebSite\",\"@id\":\"https:\\\/\\\/vozolvapen.de\\\/#website\",\"url\":\"https:\\\/\\\/vozolvapen.de\\\/\",\"name\":\"vozolvapen\",\"description\":\"vozolvapen\",\"publisher\":{\"@id\":\"https:\\\/\\\/vozolvapen.de\\\/#organization\"},\"potentialAction\":[{\"@type\":\"SearchAction\",\"target\":{\"@type\":\"EntryPoint\",\"urlTemplate\":\"https:\\\/\\\/vozolvapen.de\\\/?s={search_term_string}\"},\"query-input\":{\"@type\":\"PropertyValueSpecification\",\"valueRequired\":true,\"valueName\":\"search_term_string\"}}],\"inLanguage\":\"pl-PL\"},{\"@type\":\"Organization\",\"@id\":\"https:\\\/\\\/vozolvapen.de\\\/#organization\",\"name\":\"vozolvapen\",\"url\":\"https:\\\/\\\/vozolvapen.de\\\/\",\"logo\":{\"@type\":\"ImageObject\",\"inLanguage\":\"pl-PL\",\"@id\":\"https:\\\/\\\/vozolvapen.de\\\/#\\\/schema\\\/logo\\\/image\\\/\",\"url\":\"https:\\\/\\\/vozolvapen.de\\\/wp-content\\\/uploads\\\/2025\\\/12\\\/cropped-vozovapen-logo.webp\",\"contentUrl\":\"https:\\\/\\\/vozolvapen.de\\\/wp-content\\\/uploads\\\/2025\\\/12\\\/cropped-vozovapen-logo.webp\",\"width\":470,\"height\":110,\"caption\":\"vozolvapen\"},\"image\":{\"@id\":\"https:\\\/\\\/vozolvapen.de\\\/#\\\/schema\\\/logo\\\/image\\\/\"}}]}<\/script>\n<!-- \/ Yoast SEO Premium plugin. -->","yoast_head_json":{"title":"Mamba | Bang Legend Geek 60000 | 60k Vape - vozolvapen","description":"Odkryj Mamba Bang Legend Geek 60k. 60 000 zaci\u0105gni\u0119\u0107 ciemn\u0105 jagod\u0105 i cytrusami. Geekvape zauwa\u017ca jako\u015b\u0107 i moc trybu Turbo. Kup ju\u017c dzi\u015b!","robots":{"index":"index","follow":"follow","max-snippet":"max-snippet:-1","max-image-preview":"max-image-preview:large","max-video-preview":"max-video-preview:-1"},"canonical":"https:\/\/vozolvapen.de\/pl\/product\/puff-60k-bang-legend-geek-60000-mamba\/","og_locale":"pl_PL","og_type":"article","og_title":"Puff 60k Bang Legend Geek 60000 - Mamba","og_description":"Discover Mamba Bang Legend Geek 60k. 60,000 puffs of dark berry and citrus. Geekvape notice quality and Turbo Mode power. Shop today!","og_url":"https:\/\/vozolvapen.de\/pl\/product\/puff-60k-bang-legend-geek-60000-mamba\/","og_site_name":"vozolvapen","article_modified_time":"2026-01-10T10:10:52+00:00","og_image":[{"width":1200,"height":1200,"url":"https:\/\/vozolvapen.de\/wp-content\/uploads\/2026\/01\/Puff-60k-Bang-Legend-Geek-60000-Mamba-2.webp","type":"image\/webp"}],"twitter_card":"summary_large_image","twitter_misc":{"Szacowany czas czytania":"2 minuty"},"schema":{"@context":"https:\/\/schema.org","@graph":[{"@type":"WebPage","@id":"https:\/\/vozolvapen.de\/product\/puff-60k-bang-legend-geek-60000-mamba\/","url":"https:\/\/vozolvapen.de\/product\/puff-60k-bang-legend-geek-60000-mamba\/","name":"Mamba | Bang Legend Geek 60000 | 60k Vape - vozolvapen","isPartOf":{"@id":"https:\/\/vozolvapen.de\/#website"},"primaryImageOfPage":{"@id":"https:\/\/vozolvapen.de\/product\/puff-60k-bang-legend-geek-60000-mamba\/#primaryimage"},"image":{"@id":"https:\/\/vozolvapen.de\/product\/puff-60k-bang-legend-geek-60000-mamba\/#primaryimage"},"thumbnailUrl":"https:\/\/vozolvapen.de\/wp-content\/uploads\/2026\/01\/Puff-60k-Bang-Legend-Geek-60000-Mamba-2.webp","datePublished":"2026-01-10T09:39:34+00:00","dateModified":"2026-01-10T10:10:52+00:00","description":"Odkryj Mamba Bang Legend Geek 60k. 60 000 zaci\u0105gni\u0119\u0107 ciemn\u0105 jagod\u0105 i cytrusami. Geekvape zauwa\u017ca jako\u015b\u0107 i moc trybu Turbo. Kup ju\u017c dzi\u015b!","breadcrumb":{"@id":"https:\/\/vozolvapen.de\/product\/puff-60k-bang-legend-geek-60000-mamba\/#breadcrumb"},"inLanguage":"pl-PL","potentialAction":[{"@type":"ReadAction","target":["https:\/\/vozolvapen.de\/product\/puff-60k-bang-legend-geek-60000-mamba\/"]}]},{"@type":"ImageObject","inLanguage":"pl-PL","@id":"https:\/\/vozolvapen.de\/product\/puff-60k-bang-legend-geek-60000-mamba\/#primaryimage","url":"https:\/\/vozolvapen.de\/wp-content\/uploads\/2026\/01\/Puff-60k-Bang-Legend-Geek-60000-Mamba-2.webp","contentUrl":"https:\/\/vozolvapen.de\/wp-content\/uploads\/2026\/01\/Puff-60k-Bang-Legend-Geek-60000-Mamba-2.webp","width":1200,"height":1200,"caption":"Puff 60k Bang Legend Geek 60000 - Mamba (2)"},{"@type":"BreadcrumbList","@id":"https:\/\/vozolvapen.de\/product\/puff-60k-bang-legend-geek-60000-mamba\/#breadcrumb","itemListElement":[{"@type":"ListItem","position":1,"name":"Home","item":"https:\/\/vozolvapen.de\/de\/"},{"@type":"ListItem","position":2,"name":"Shop","item":"https:\/\/vozolvapen.de\/shop\/"},{"@type":"ListItem","position":3,"name":"Puff 60k Bang Legend Geek 60000 &#8211; Mamba"}]},{"@type":"WebSite","@id":"https:\/\/vozolvapen.de\/#website","url":"https:\/\/vozolvapen.de\/","name":"vozolvapen","description":"vozolvapen","publisher":{"@id":"https:\/\/vozolvapen.de\/#organization"},"potentialAction":[{"@type":"SearchAction","target":{"@type":"EntryPoint","urlTemplate":"https:\/\/vozolvapen.de\/?s={search_term_string}"},"query-input":{"@type":"PropertyValueSpecification","valueRequired":true,"valueName":"search_term_string"}}],"inLanguage":"pl-PL"},{"@type":"Organization","@id":"https:\/\/vozolvapen.de\/#organization","name":"vozolvapen","url":"https:\/\/vozolvapen.de\/","logo":{"@type":"ImageObject","inLanguage":"pl-PL","@id":"https:\/\/vozolvapen.de\/#\/schema\/logo\/image\/","url":"https:\/\/vozolvapen.de\/wp-content\/uploads\/2025\/12\/cropped-vozovapen-logo.webp","contentUrl":"https:\/\/vozolvapen.de\/wp-content\/uploads\/2025\/12\/cropped-vozovapen-logo.webp","width":470,"height":110,"caption":"vozolvapen"},"image":{"@id":"https:\/\/vozolvapen.de\/#\/schema\/logo\/image\/"}}]}},"tiered_pricing_type":"fixed","tiered_pricing_fixed_rules":{"30":"11.85","50":"9.85","100":"8.85","200":"8.35"},"tiered_pricing_product_settings":{"layout":"default","base_unit_name":{"singular":null,"plural":null},"default_variation":{}},"tiered_pricing_minimum_quantity":10,"tiered_pricing_roles_data":[],"tiered_pricing_percentage_rules":[],"tiered_pricing_maximum_quantity":null,"tiered_pricing_quantity_step":"10","_links":{"self":[{"href":"http:\/\/vozolvapen.de\/pl\/wp-json\/wp\/v2\/product\/59675","targetHints":{"allow":["GET"]}}],"collection":[{"href":"http:\/\/vozolvapen.de\/pl\/wp-json\/wp\/v2\/product"}],"about":[{"href":"http:\/\/vozolvapen.de\/pl\/wp-json\/wp\/v2\/types\/product"}],"replies":[{"embeddable":true,"href":"http:\/\/vozolvapen.de\/pl\/wp-json\/wp\/v2\/comments?post=59675"}],"wp:featuredmedia":[{"embeddable":true,"href":"http:\/\/vozolvapen.de\/pl\/wp-json\/wp\/v2\/media\/59905"}],"wp:attachment":[{"href":"http:\/\/vozolvapen.de\/pl\/wp-json\/wp\/v2\/media?parent=59675"}],"wp:term":[{"taxonomy":"product_brand","embeddable":true,"href":"http:\/\/vozolvapen.de\/pl\/wp-json\/wp\/v2\/product_brand?post=59675"},{"taxonomy":"product_cat","embeddable":true,"href":"http:\/\/vozolvapen.de\/pl\/wp-json\/wp\/v2\/product_cat?post=59675"},{"taxonomy":"product_tag","embeddable":true,"href":"http:\/\/vozolvapen.de\/pl\/wp-json\/wp\/v2\/product_tag?post=59675"}],"curies":[{"name":"wp","href":"https:\/\/api.w.org\/{rel}","templated":true}]}}