{"id":59937,"date":"2026-01-12T06:13:50","date_gmt":"2026-01-12T06:13:50","guid":{"rendered":"https:\/\/vozolvapen.de\/?post_type=product&#038;p=59937"},"modified":"2026-02-10T10:45:06","modified_gmt":"2026-02-10T10:45:06","slug":"vozol-vista-20000-puffs-blue-razz-ice","status":"publish","type":"product","link":"http:\/\/vozolvapen.de\/pl\/product\/vozol-vista-20000-puffs-blue-razz-ice\/","title":{"rendered":"VOZOL Vista 20000 Puffs - Blue Razz Ice"},"content":{"rendered":"<h1 data-path-to-node=\"2\"><b data-path-to-node=\"2\" data-index-in-node=\"0\">VOZOL Vista 20000 Puffs jednorazowe Vape - smak Blue Razz Ice<\/b><\/h1>\n<p data-path-to-node=\"3\"><b data-path-to-node=\"3\" data-index-in-node=\"0\">Blue Razz Ice<\/b> jest legendarnym kamieniem w\u0119gielnym <b data-path-to-node=\"3\" data-index-in-node=\"48\">Vozol Vista 20k<\/b> sk\u0142ad! Ten smak mistrzowsko \u0142\u0105czy g\u0142\u0119bok\u0105 s\u0142odycz dojrza\u0142ych jag\u00f3d z ostrym, elektrycznym posmakiem malin, a wszystko to zwie\u0144czone orze\u017awiaj\u0105cym arktycznym podmuchem. Ka\u017cde zaci\u0105gni\u0119cie jest jak sch\u0142odzone jagodowe slushie, jeszcze bardziej intensywne dzi\u0119ki technologii podw\u00f3jnej siatki Vista. Dzi\u0119ki pierwszej w bran\u017cy <b data-path-to-node=\"3\" data-index-in-node=\"355\">6-stopniowa regulacja mocy<\/b>, Mo\u017cesz zwi\u0119kszy\u0107 moc, aby te niebieskie malinowe nuty by\u0142y naprawd\u0119 wyskakuj\u0105ce.<\/p>\n<h2 data-path-to-node=\"4\"><b data-path-to-node=\"4\" data-index-in-node=\"0\">Dlaczego warto wybra\u0107 Vozol Vista 20000 Blue Razz Ice?<\/b><\/h2>\n<ul data-path-to-node=\"5\">\n<li>\n<p data-path-to-node=\"5,0,0\"><b data-path-to-node=\"5,0,0\" data-index-in-node=\"0\">Esencja smakowa:<\/b> Zr\u00f3wnowa\u017cona eksplozja jag\u00f3d \u201cBlue &amp; Red\u201d, kt\u00f3ra od\u015bwie\u017ca podniebienie dzi\u0119ki efektowi ch\u0142odzenia o wysokim nasyceniu.<\/p>\n<\/li>\n<li>\n<p data-path-to-node=\"5,1,0\"><b data-path-to-node=\"5,1,0\" data-index-in-node=\"0\">6-stopniowa regulacja mocy:<\/b> Dostosuj intensywno\u015b\u0107; ni\u017csze poziomy dla g\u0142adkiego smaku jag\u00f3d MTL lub wy\u017csze poziomy dla masywnych, lodowych chmur.<\/p>\n<\/li>\n<li>\n<p data-path-to-node=\"5,2,0\"><b data-path-to-node=\"5,2,0\" data-index-in-node=\"0\"><span class=\"citation-13\">Futurystyczna grafika:<\/span><\/b><span class=\"citation-13\"> The <\/span><b data-path-to-node=\"5,2,0\" data-index-in-node=\"24\"><span class=\"citation-13\">Lustrzany ekran HD o przek\u0105tnej 2,2\u2033<\/span><\/b><span class=\"citation-13 citation-end-13\"> zapewnia aktualizacje w czasie rzeczywistym poziomu 20 ml e-liquidu dzi\u0119ki osza\u0142amiaj\u0105cemu cyberpunkowemu interfejsowi u\u017cytkownika.<\/span><\/p>\n<\/li>\n<\/ul>\n<h2 data-path-to-node=\"2\"><b data-path-to-node=\"2\" data-index-in-node=\"0\"> Blue Razz Ice - profil smakowy<\/b><\/h2>\n<ul data-path-to-node=\"3\">\n<li>\n<p data-path-to-node=\"3,0,0\"><b data-path-to-node=\"3,0,0\" data-index-in-node=\"0\">Icy\/Coolness:<\/b> \u2605\u2605\u2605\u2605\u2606 (4\/5) - Mocno uderzaj\u0105cy arktyczny ch\u0142\u00f3d, kt\u00f3ry doskonale uzupe\u0142nia cierpkie jagody.<\/p>\n<\/li>\n<li>\n<p data-path-to-node=\"3,1,0\"><b data-path-to-node=\"3,1,0\" data-index-in-node=\"0\">S\u0142odycz:<\/b> \u2605\u2605\u2605\u2605\u2606 (4\/5) - Zr\u00f3wnowa\u017cone s\u0142odkie nuty dojrza\u0142ych jag\u00f3d i malin.<\/p>\n<\/li>\n<li>\n<p data-path-to-node=\"3,2,0\"><b data-path-to-node=\"3,2,0\" data-index-in-node=\"0\">Aromat:<\/b> \u2605\u2605\u2605\u2605\u2606 (4\/5) - Intensywny jagodowy zapach, kt\u00f3ry jest natychmiast rozpoznawalny.<\/p>\n<\/li>\n<\/ul>\n<h2 data-path-to-node=\"4\"><b data-path-to-node=\"4\" data-index-in-node=\"0\">Silnik techniczny VOZOL Vista 20000<\/b><\/h2>\n<ul data-path-to-node=\"5\">\n<li>\n<p data-path-to-node=\"5,0,0\"><b data-path-to-node=\"5,0,0\" data-index-in-node=\"0\">Wydajno\u015b\u0107 modelu:<\/b> <b data-path-to-node=\"5,0,0\" data-index-in-node=\"19\">VOZOL Vista 20k<\/b> High-Output Edition<\/p>\n<\/li>\n<li>\n<p data-path-to-node=\"5,1,0\"><b data-path-to-node=\"5,1,0\" data-index-in-node=\"0\">Atomization Core:<\/b> Cewka z podw\u00f3jn\u0105 siatk\u0105 (0,65\u03a9 x 2) dla maksymalnej g\u0119sto\u015bci chmury<\/p>\n<\/li>\n<li>\n<p data-path-to-node=\"5,2,0\"><b data-path-to-node=\"5,2,0\" data-index-in-node=\"0\">Personalizacja pary:<\/b> 6-stopniowe pokr\u0119t\u0142o regulacji mocy<\/p>\n<\/li>\n<li>\n<p data-path-to-node=\"5,3,0\"><b data-path-to-node=\"5,3,0\" data-index-in-node=\"0\">D\u0142ugowieczno\u015b\u0107 smaku:<\/b> S.i.L.C Tech (G\u0142adki, Identyczny, D\u0142ugotrwa\u0142y, Czysty)<\/p>\n<\/li>\n<li>\n<p data-path-to-node=\"5,4,0\"><b data-path-to-node=\"5,4,0\" data-index-in-node=\"0\">Pojemno\u015b\u0107 E-Liquid:<\/b> Bardzo du\u017cy zbiornik 20 ml<\/p>\n<\/li>\n<li>\n<p data-path-to-node=\"5,5,0\"><b data-path-to-node=\"5,5,0\" data-index-in-node=\"0\">Total Puffs:<\/b> Do 20 000 (dynamiczna regulacja w zale\u017cno\u015bci od mocy)<\/p>\n<\/li>\n<li>\n<p data-path-to-node=\"5,6,0\"><b data-path-to-node=\"5,6,0\" data-index-in-node=\"0\">\u0179r\u00f3d\u0142o zasilania:<\/b> Akumulator kobaltowy 650 mAh<\/p>\n<\/li>\n<\/ul>\n<h3 dir=\"auto\">Oto dalsze zalecenia dla Ciebie:<\/h3>\n<p dir=\"auto\">Odkryj jeszcze wi\u0119cej niesamowitych smak\u00f3w dzi\u0119ki VOZOL Vista 20000 Puff Vape!<\/p>\n<p dir=\"auto\"><a href=\"https:\/\/vozolvapen.de\/pl\/product-category\/vozol-vape\/vozol-vista-20000-puffs-vape\/\" target=\"_blank\" rel=\"noopener noreferrer nofollow\">Zobacz wszystkie odmiany tutaj \u2192<\/a><\/p>\n<p dir=\"auto\">Zapoznaj si\u0119 z nasz\u0105 pe\u0142n\u0105 kolekcj\u0105 i kupuj produkty najlepszych marek vape, kt\u00f3re pokochasz.<\/p>\n<p dir=\"auto\"><a href=\"https:\/\/vozolvapen.de\/pl\/\" target=\"_blank\" rel=\"noopener noreferrer nofollow\">Przegl\u0105daj teraz wszystkie marki \u2192<\/a><\/p>\n<p dir=\"auto\">Sprawd\u017a ca\u0142\u0105 seri\u0119 VOZOL Vape - ka\u017cdy smak, ka\u017cdy styl!<\/p>\n<p dir=\"auto\"><a href=\"https:\/\/vozolvapen.de\/pl\/product-category\/vozol-vape\/\" target=\"_blank\" rel=\"noopener noreferrer nofollow\">Zobacz pe\u0142n\u0105 kolekcj\u0119 VOZOL Vape \u2192<\/a><\/p>","protected":false},"excerpt":{"rendered":"<p>Klasyczny zelektryfikowany. To <b data-path-to-node=\"3\" data-index-in-node=\"277\">Vozol Vista 20000<\/b> zapewnia ostry smak niebieskich malin z g\u0142\u0119bokim arktycznym ch\u0142odem. U\u017cyj <b data-path-to-node=\"3\" data-index-in-node=\"374\">6-stopniowe pokr\u0119t\u0142o mocy<\/b> aby zwi\u0119kszy\u0107 tang lub wyg\u0142adzi\u0107 mr\u00f3z, jednocze\u015bnie monitoruj\u0105c poziomy na osza\u0142amiaj\u0105cym ekranie <b data-path-to-node=\"3\" data-index-in-node=\"487\">Lustrzany ekran HD o przek\u0105tnej 2,2\u2033<\/b>.<\/p>","protected":false},"featured_media":60158,"comment_status":"open","ping_status":"closed","template":"","meta":{"_acf_changed":false},"product_brand":[],"product_cat":[134,115],"product_tag":[],"class_list":{"0":"post-59937","1":"product","2":"type-product","3":"status-publish","4":"has-post-thumbnail","6":"product_cat-eu-warehouse-in-stock","7":"product_cat-vozol-vista-20000-puffs-vape","9":"first","10":"instock","11":"shipping-taxable","12":"purchasable","13":"product-type-variable"},"acf":[],"yoast_head":"<!-- This site is optimized with the Yoast SEO Premium plugin v26.1 (Yoast SEO v27.5) - https:\/\/yoast.com\/product\/yoast-seo-premium-wordpress\/ -->\n<title>Blue Razz Ice | VOZOL Vista 20000 | 20k Vozol Vape - vozolvapen<\/title>\n<meta name=\"description\" content=\"Shop Blue Razz Ice VOZOL Vista 20000. 20k puffs, 6-level wattage control &amp; HD mirror screen. Fast 1-3 day EU delivery on the best Vozol Vista 20k.\" \/>\n<meta name=\"robots\" content=\"index, follow, max-snippet:-1, max-image-preview:large, max-video-preview:-1\" \/>\n<link rel=\"canonical\" href=\"https:\/\/vozolvapen.de\/pl\/product\/vozol-vista-20000-puffs-blue-razz-ice\/\" \/>\n<meta property=\"og:locale\" content=\"pl_PL\" \/>\n<meta property=\"og:type\" content=\"article\" \/>\n<meta property=\"og:title\" content=\"VOZOL Vista 20000 Puffs - Blue Razz Ice\" \/>\n<meta property=\"og:description\" content=\"Shop Blue Razz Ice VOZOL Vista 20000. 20k puffs, 6-level wattage control &amp; HD mirror screen. Fast 1-3 day EU delivery on the best Vozol Vista 20k.\" \/>\n<meta property=\"og:url\" content=\"https:\/\/vozolvapen.de\/pl\/product\/vozol-vista-20000-puffs-blue-razz-ice\/\" \/>\n<meta property=\"og:site_name\" content=\"vozolvapen\" \/>\n<meta property=\"article:modified_time\" content=\"2026-02-10T10:45:06+00:00\" \/>\n<meta property=\"og:image\" content=\"https:\/\/vozolvapen.de\/wp-content\/uploads\/2026\/01\/VOZOL-Vista-20000-Puffs-Blue-Razz-Ice-Front.webp\" \/>\n\t<meta property=\"og:image:width\" content=\"1080\" \/>\n\t<meta property=\"og:image:height\" content=\"1080\" \/>\n\t<meta property=\"og:image:type\" content=\"image\/webp\" \/>\n<meta name=\"twitter:card\" content=\"summary_large_image\" \/>\n<meta name=\"twitter:label1\" content=\"Szacowany czas czytania\" \/>\n\t<meta name=\"twitter:data1\" content=\"2 minuty\" \/>\n<script type=\"application\/ld+json\" class=\"yoast-schema-graph\">{\"@context\":\"https:\\\/\\\/schema.org\",\"@graph\":[{\"@type\":\"WebPage\",\"@id\":\"https:\\\/\\\/vozolvapen.de\\\/product\\\/vozol-vista-20000-puffs-blue-razz-ice\\\/\",\"url\":\"https:\\\/\\\/vozolvapen.de\\\/product\\\/vozol-vista-20000-puffs-blue-razz-ice\\\/\",\"name\":\"Blue Razz Ice | VOZOL Vista 20000 | 20k Vozol Vape - vozolvapen\",\"isPartOf\":{\"@id\":\"https:\\\/\\\/vozolvapen.de\\\/#website\"},\"primaryImageOfPage\":{\"@id\":\"https:\\\/\\\/vozolvapen.de\\\/product\\\/vozol-vista-20000-puffs-blue-razz-ice\\\/#primaryimage\"},\"image\":{\"@id\":\"https:\\\/\\\/vozolvapen.de\\\/product\\\/vozol-vista-20000-puffs-blue-razz-ice\\\/#primaryimage\"},\"thumbnailUrl\":\"https:\\\/\\\/vozolvapen.de\\\/wp-content\\\/uploads\\\/2026\\\/01\\\/VOZOL-Vista-20000-Puffs-Blue-Razz-Ice-Front.webp\",\"datePublished\":\"2026-01-12T06:13:50+00:00\",\"dateModified\":\"2026-02-10T10:45:06+00:00\",\"description\":\"Shop Blue Razz Ice VOZOL Vista 20000. 20k puffs, 6-level wattage control & HD mirror screen. Fast 1-3 day EU delivery on the best Vozol Vista 20k.\",\"breadcrumb\":{\"@id\":\"https:\\\/\\\/vozolvapen.de\\\/product\\\/vozol-vista-20000-puffs-blue-razz-ice\\\/#breadcrumb\"},\"inLanguage\":\"pl-PL\",\"potentialAction\":[{\"@type\":\"ReadAction\",\"target\":[\"https:\\\/\\\/vozolvapen.de\\\/product\\\/vozol-vista-20000-puffs-blue-razz-ice\\\/\"]}]},{\"@type\":\"ImageObject\",\"inLanguage\":\"pl-PL\",\"@id\":\"https:\\\/\\\/vozolvapen.de\\\/product\\\/vozol-vista-20000-puffs-blue-razz-ice\\\/#primaryimage\",\"url\":\"https:\\\/\\\/vozolvapen.de\\\/wp-content\\\/uploads\\\/2026\\\/01\\\/VOZOL-Vista-20000-Puffs-Blue-Razz-Ice-Front.webp\",\"contentUrl\":\"https:\\\/\\\/vozolvapen.de\\\/wp-content\\\/uploads\\\/2026\\\/01\\\/VOZOL-Vista-20000-Puffs-Blue-Razz-Ice-Front.webp\",\"width\":1080,\"height\":1080,\"caption\":\"VOZOL Vista 20000 Puffs -Blue Razz Ice Front\"},{\"@type\":\"BreadcrumbList\",\"@id\":\"https:\\\/\\\/vozolvapen.de\\\/product\\\/vozol-vista-20000-puffs-blue-razz-ice\\\/#breadcrumb\",\"itemListElement\":[{\"@type\":\"ListItem\",\"position\":1,\"name\":\"Home\",\"item\":\"https:\\\/\\\/vozolvapen.de\\\/de\\\/\"},{\"@type\":\"ListItem\",\"position\":2,\"name\":\"Shop\",\"item\":\"https:\\\/\\\/vozolvapen.de\\\/shop\\\/\"},{\"@type\":\"ListItem\",\"position\":3,\"name\":\"VOZOL Vista 20000 Puffs &#8211; Blue Razz Ice\"}]},{\"@type\":\"WebSite\",\"@id\":\"https:\\\/\\\/vozolvapen.de\\\/#website\",\"url\":\"https:\\\/\\\/vozolvapen.de\\\/\",\"name\":\"vozolvapen\",\"description\":\"vozolvapen\",\"publisher\":{\"@id\":\"https:\\\/\\\/vozolvapen.de\\\/#organization\"},\"potentialAction\":[{\"@type\":\"SearchAction\",\"target\":{\"@type\":\"EntryPoint\",\"urlTemplate\":\"https:\\\/\\\/vozolvapen.de\\\/?s={search_term_string}\"},\"query-input\":{\"@type\":\"PropertyValueSpecification\",\"valueRequired\":true,\"valueName\":\"search_term_string\"}}],\"inLanguage\":\"pl-PL\"},{\"@type\":\"Organization\",\"@id\":\"https:\\\/\\\/vozolvapen.de\\\/#organization\",\"name\":\"vozolvapen\",\"url\":\"https:\\\/\\\/vozolvapen.de\\\/\",\"logo\":{\"@type\":\"ImageObject\",\"inLanguage\":\"pl-PL\",\"@id\":\"https:\\\/\\\/vozolvapen.de\\\/#\\\/schema\\\/logo\\\/image\\\/\",\"url\":\"https:\\\/\\\/vozolvapen.de\\\/wp-content\\\/uploads\\\/2025\\\/12\\\/cropped-vozovapen-logo.webp\",\"contentUrl\":\"https:\\\/\\\/vozolvapen.de\\\/wp-content\\\/uploads\\\/2025\\\/12\\\/cropped-vozovapen-logo.webp\",\"width\":470,\"height\":110,\"caption\":\"vozolvapen\"},\"image\":{\"@id\":\"https:\\\/\\\/vozolvapen.de\\\/#\\\/schema\\\/logo\\\/image\\\/\"}}]}<\/script>\n<!-- \/ Yoast SEO Premium plugin. -->","yoast_head_json":{"title":"Blue Razz Ice | VOZOL Vista 20000 | 20k Vozol Vape - vozolvapen","description":"Sklep Blue Razz Ice VOZOL Vista 20000. 20 tys. zaci\u0105gni\u0119\u0107, 6-stopniowa regulacja mocy i lustrzany ekran HD. Szybka dostawa w ci\u0105gu 1-3 dni w UE na najlepszy Vozol Vista 20k.","robots":{"index":"index","follow":"follow","max-snippet":"max-snippet:-1","max-image-preview":"max-image-preview:large","max-video-preview":"max-video-preview:-1"},"canonical":"https:\/\/vozolvapen.de\/pl\/product\/vozol-vista-20000-puffs-blue-razz-ice\/","og_locale":"pl_PL","og_type":"article","og_title":"VOZOL Vista 20000 Puffs - Blue Razz Ice","og_description":"Shop Blue Razz Ice VOZOL Vista 20000. 20k puffs, 6-level wattage control & HD mirror screen. Fast 1-3 day EU delivery on the best Vozol Vista 20k.","og_url":"https:\/\/vozolvapen.de\/pl\/product\/vozol-vista-20000-puffs-blue-razz-ice\/","og_site_name":"vozolvapen","article_modified_time":"2026-02-10T10:45:06+00:00","og_image":[{"width":1080,"height":1080,"url":"https:\/\/vozolvapen.de\/wp-content\/uploads\/2026\/01\/VOZOL-Vista-20000-Puffs-Blue-Razz-Ice-Front.webp","type":"image\/webp"}],"twitter_card":"summary_large_image","twitter_misc":{"Szacowany czas czytania":"2 minuty"},"schema":{"@context":"https:\/\/schema.org","@graph":[{"@type":"WebPage","@id":"https:\/\/vozolvapen.de\/product\/vozol-vista-20000-puffs-blue-razz-ice\/","url":"https:\/\/vozolvapen.de\/product\/vozol-vista-20000-puffs-blue-razz-ice\/","name":"Blue Razz Ice | VOZOL Vista 20000 | 20k Vozol Vape - vozolvapen","isPartOf":{"@id":"https:\/\/vozolvapen.de\/#website"},"primaryImageOfPage":{"@id":"https:\/\/vozolvapen.de\/product\/vozol-vista-20000-puffs-blue-razz-ice\/#primaryimage"},"image":{"@id":"https:\/\/vozolvapen.de\/product\/vozol-vista-20000-puffs-blue-razz-ice\/#primaryimage"},"thumbnailUrl":"https:\/\/vozolvapen.de\/wp-content\/uploads\/2026\/01\/VOZOL-Vista-20000-Puffs-Blue-Razz-Ice-Front.webp","datePublished":"2026-01-12T06:13:50+00:00","dateModified":"2026-02-10T10:45:06+00:00","description":"Sklep Blue Razz Ice VOZOL Vista 20000. 20 tys. zaci\u0105gni\u0119\u0107, 6-stopniowa regulacja mocy i lustrzany ekran HD. Szybka dostawa w ci\u0105gu 1-3 dni w UE na najlepszy Vozol Vista 20k.","breadcrumb":{"@id":"https:\/\/vozolvapen.de\/product\/vozol-vista-20000-puffs-blue-razz-ice\/#breadcrumb"},"inLanguage":"pl-PL","potentialAction":[{"@type":"ReadAction","target":["https:\/\/vozolvapen.de\/product\/vozol-vista-20000-puffs-blue-razz-ice\/"]}]},{"@type":"ImageObject","inLanguage":"pl-PL","@id":"https:\/\/vozolvapen.de\/product\/vozol-vista-20000-puffs-blue-razz-ice\/#primaryimage","url":"https:\/\/vozolvapen.de\/wp-content\/uploads\/2026\/01\/VOZOL-Vista-20000-Puffs-Blue-Razz-Ice-Front.webp","contentUrl":"https:\/\/vozolvapen.de\/wp-content\/uploads\/2026\/01\/VOZOL-Vista-20000-Puffs-Blue-Razz-Ice-Front.webp","width":1080,"height":1080,"caption":"VOZOL Vista 20000 Puffs -Blue Razz Ice Front"},{"@type":"BreadcrumbList","@id":"https:\/\/vozolvapen.de\/product\/vozol-vista-20000-puffs-blue-razz-ice\/#breadcrumb","itemListElement":[{"@type":"ListItem","position":1,"name":"Home","item":"https:\/\/vozolvapen.de\/de\/"},{"@type":"ListItem","position":2,"name":"Shop","item":"https:\/\/vozolvapen.de\/shop\/"},{"@type":"ListItem","position":3,"name":"VOZOL Vista 20000 Puffs &#8211; Blue Razz Ice"}]},{"@type":"WebSite","@id":"https:\/\/vozolvapen.de\/#website","url":"https:\/\/vozolvapen.de\/","name":"vozolvapen","description":"vozolvapen","publisher":{"@id":"https:\/\/vozolvapen.de\/#organization"},"potentialAction":[{"@type":"SearchAction","target":{"@type":"EntryPoint","urlTemplate":"https:\/\/vozolvapen.de\/?s={search_term_string}"},"query-input":{"@type":"PropertyValueSpecification","valueRequired":true,"valueName":"search_term_string"}}],"inLanguage":"pl-PL"},{"@type":"Organization","@id":"https:\/\/vozolvapen.de\/#organization","name":"vozolvapen","url":"https:\/\/vozolvapen.de\/","logo":{"@type":"ImageObject","inLanguage":"pl-PL","@id":"https:\/\/vozolvapen.de\/#\/schema\/logo\/image\/","url":"https:\/\/vozolvapen.de\/wp-content\/uploads\/2025\/12\/cropped-vozovapen-logo.webp","contentUrl":"https:\/\/vozolvapen.de\/wp-content\/uploads\/2025\/12\/cropped-vozovapen-logo.webp","width":470,"height":110,"caption":"vozolvapen"},"image":{"@id":"https:\/\/vozolvapen.de\/#\/schema\/logo\/image\/"}}]}},"tiered_pricing_type":"fixed","tiered_pricing_fixed_rules":{"30":"13.5","50":"10.89","100":"10.39","200":"9.8"},"tiered_pricing_product_settings":{"layout":"default","base_unit_name":{"singular":null,"plural":null},"default_variation":{}},"tiered_pricing_minimum_quantity":10,"tiered_pricing_roles_data":[],"tiered_pricing_percentage_rules":[],"tiered_pricing_maximum_quantity":null,"tiered_pricing_quantity_step":"10","_links":{"self":[{"href":"http:\/\/vozolvapen.de\/pl\/wp-json\/wp\/v2\/product\/59937","targetHints":{"allow":["GET"]}}],"collection":[{"href":"http:\/\/vozolvapen.de\/pl\/wp-json\/wp\/v2\/product"}],"about":[{"href":"http:\/\/vozolvapen.de\/pl\/wp-json\/wp\/v2\/types\/product"}],"replies":[{"embeddable":true,"href":"http:\/\/vozolvapen.de\/pl\/wp-json\/wp\/v2\/comments?post=59937"}],"wp:featuredmedia":[{"embeddable":true,"href":"http:\/\/vozolvapen.de\/pl\/wp-json\/wp\/v2\/media\/60158"}],"wp:attachment":[{"href":"http:\/\/vozolvapen.de\/pl\/wp-json\/wp\/v2\/media?parent=59937"}],"wp:term":[{"taxonomy":"product_brand","embeddable":true,"href":"http:\/\/vozolvapen.de\/pl\/wp-json\/wp\/v2\/product_brand?post=59937"},{"taxonomy":"product_cat","embeddable":true,"href":"http:\/\/vozolvapen.de\/pl\/wp-json\/wp\/v2\/product_cat?post=59937"},{"taxonomy":"product_tag","embeddable":true,"href":"http:\/\/vozolvapen.de\/pl\/wp-json\/wp\/v2\/product_tag?post=59937"}],"curies":[{"name":"wp","href":"https:\/\/api.w.org\/{rel}","templated":true}]}}