{"id":59959,"date":"2026-01-12T06:13:51","date_gmt":"2026-01-12T06:13:51","guid":{"rendered":"https:\/\/vozolvapen.de\/?post_type=product&#038;p=59959"},"modified":"2026-02-10T10:45:03","modified_gmt":"2026-02-10T10:45:03","slug":"vozol-vista-20000-puffs-cherry-cola","status":"publish","type":"product","link":"http:\/\/vozolvapen.de\/pl\/product\/vozol-vista-20000-puffs-cherry-cola\/","title":{"rendered":"VOZOL Vista 20000 Puffs - Cherry Cola"},"content":{"rendered":"<h1 data-path-to-node=\"8\"><b data-path-to-node=\"8\" data-index-in-node=\"0\">VOZOL Vista 20000 Puffs jednorazowe Vape - smak wi\u015bniowej coli<\/b><\/h1>\n<p data-path-to-node=\"9\"><b data-path-to-node=\"9\" data-index-in-node=\"0\"><span class=\"citation-12\">Cherry Cola<\/span><\/b><span class=\"citation-12\"> przenosi klasyczne doznania zwi\u0105zane z napojami gazowanymi do <\/span><b data-path-to-node=\"9\" data-index-in-node=\"63\"><span class=\"citation-12\">Vozol Vape 20000<\/span><\/b><span class=\"citation-12 citation-end-12\"> seria.<\/span> Doskonale oddaje musuj\u0105ce, pikantno-s\u0142odkie nuty ciemnej coli z odwa\u017cnym, wi\u015bniowym wyko\u0144czeniem. U\u017cywaj\u0105c <b data-path-to-node=\"9\" data-index-in-node=\"216\">S.i.L.C Tech<\/b>, Smak ten utrzymuje swoje \u201cgazowane\u201d doznania ju\u017c od pierwszego zaci\u0105gni\u0119cia. Przezroczysta cyberpunkowa otoczka pozwala zobaczy\u0107 g\u0142\u00f3wne sk\u0142adniki podczas delektowania si\u0119 tym nostalgicznym smako\u0142ykiem inspirowanym napojami.<\/p>\n<h2 data-path-to-node=\"10\"><b data-path-to-node=\"10\" data-index-in-node=\"0\">Dlaczego warto wybra\u0107 Vozol Vista 20000 Cherry Cola?<\/b><\/h2>\n<ul data-path-to-node=\"11\">\n<li>\n<p data-path-to-node=\"11,0,0\"><b data-path-to-node=\"11,0,0\" data-index-in-node=\"0\">Esencja smakowa:<\/b> Musuj\u0105ca replika napoju gazowanego, kt\u00f3ra r\u00f3wnowa\u017cy g\u0142\u0119bokie bogactwo coli z jasnym, s\u0142odkim wi\u015bniowym akcentem.<\/p>\n<\/li>\n<li>\n<p data-path-to-node=\"11,1,0\"><b data-path-to-node=\"11,1,0\" data-index-in-node=\"0\">Dual Mesh Power:<\/b> Podw\u00f3jne cewki 0,65\u03a9 zapewniaj\u0105, \u017ce \u201cgazowany\u201d smak coli jest idealnie odwzorowany dzi\u0119ki g\u0119stej parze.<\/p>\n<\/li>\n<li>\n<p data-path-to-node=\"11,2,0\"><b data-path-to-node=\"11,2,0\" data-index-in-node=\"0\">Inteligentne monitorowanie:<\/b> B\u0105d\u017a na bie\u017c\u0105co dzi\u0119ki <b data-path-to-node=\"11,2,0\" data-index-in-node=\"40\">Lustrzany ekran HD<\/b>, pokazuj\u0105c dok\u0142adnie, ile pozosta\u0142o 20 ml wi\u015bniowej coli.<\/p>\n<\/li>\n<\/ul>\n<h2 data-path-to-node=\"5\"><b data-path-to-node=\"5\" data-index-in-node=\"0\">Cherry Cola - profil smakowy<\/b><\/h2>\n<ul data-path-to-node=\"6\">\n<li>\n<p data-path-to-node=\"6,0,0\"><b data-path-to-node=\"6,0,0\" data-index-in-node=\"0\">Icy\/Coolness:<\/b> \u2605\u2605\u2605\u2606\u2606 (3\/5) - Umiarkowany \u201csoda-fountain\u201d ch\u0142\u00f3d, kt\u00f3ry na\u015bladuje zimny nap\u00f3j.<\/p>\n<\/li>\n<li>\n<p data-path-to-node=\"6,1,0\"><b data-path-to-node=\"6,1,0\" data-index-in-node=\"0\">S\u0142odycz:<\/b> \u2605\u2605\u2605\u2605\u2606 (4\/5) - G\u0142\u0119boka, syropowa s\u0142odycz coli z jasn\u0105 wi\u015bniow\u0105 nut\u0105.<\/p>\n<\/li>\n<li>\n<p data-path-to-node=\"6,2,0\"><b data-path-to-node=\"6,2,0\" data-index-in-node=\"0\">Aromat:<\/b> \u2605\u2605\u2605\u2606\u2606 (3\/5) - Nostalgiczny, gazowany zapach, kt\u00f3ry jest s\u0142odki i pikantny.<\/p>\n<\/li>\n<\/ul>\n<h2 data-path-to-node=\"19\"><b data-path-to-node=\"19\" data-index-in-node=\"0\">Szczeg\u00f3\u0142y konstrukcji Vozol Vista Pods<\/b><\/h2>\n<ul data-path-to-node=\"20\">\n<li>\n<p data-path-to-node=\"20,0,0\"><b data-path-to-node=\"20,0,0\" data-index-in-node=\"0\">Obj\u0119to\u015b\u0107 p\u0142ynu:<\/b> 20 ml wst\u0119pnie nape\u0142nionego E-liquidu Premium<\/p>\n<\/li>\n<li>\n<p data-path-to-node=\"20,1,0\"><b data-path-to-node=\"20,1,0\" data-index-in-node=\"0\">Utrzymanie smaku:<\/b> Ekskluzywna technologia S.i.L.C zapewniaj\u0105ca zerow\u0105 utrat\u0119 aromatu<\/p>\n<\/li>\n<li>\n<p data-path-to-node=\"20,2,0\"><b data-path-to-node=\"20,2,0\" data-index-in-node=\"0\">Technologia ekranu:<\/b> Lustrzany ekran o wysokiej rozdzielczo\u015bci z funkcj\u0105 \u201cExcellence in Full View\u201d<\/p>\n<\/li>\n<li>\n<p data-path-to-node=\"20,3,0\"><b data-path-to-node=\"20,3,0\" data-index-in-node=\"0\">Wybieranie sprz\u0119towe:<\/b> Obracany o 360\u00b0, 6-stopniowy prze\u0142\u0105cznik mocy<\/p>\n<\/li>\n<li>\n<p data-path-to-node=\"20,4,0\"><b data-path-to-node=\"20,4,0\" data-index-in-node=\"0\">Wydajno\u015b\u0107 cewki:<\/b> Technologia Dual Mesh dla lepszej ekstrakcji warstw owoc\u00f3w<\/p>\n<\/li>\n<li>\n<p data-path-to-node=\"20,5,0\"><b data-path-to-node=\"20,5,0\" data-index-in-node=\"0\">Liczba zaci\u0105gni\u0119\u0107:<\/b> Zoptymalizowany dla 16 000 (wysoka moc) do 20 000 (tryb Eco)<\/p>\n<\/li>\n<li>\n<p data-path-to-node=\"20,6,0\"><b data-path-to-node=\"20,6,0\" data-index-in-node=\"0\">Bateria:<\/b> Zintegrowane ogniwo akumulatorowe 650 mAh<\/p>\n<\/li>\n<\/ul>\n<h3 dir=\"auto\">Oto dalsze zalecenia dla Ciebie:<\/h3>\n<p dir=\"auto\">Odkryj jeszcze wi\u0119cej niesamowitych smak\u00f3w dzi\u0119ki VOZOL Vista 20000 Puff Vape!<\/p>\n<p dir=\"auto\"><a href=\"https:\/\/vozolvapen.de\/pl\/product-category\/vozol-vape\/vozol-vista-20000-puffs-vape\/\" target=\"_blank\" rel=\"noopener noreferrer nofollow\">Zobacz wszystkie odmiany tutaj \u2192<\/a><\/p>\n<p dir=\"auto\">Zapoznaj si\u0119 z nasz\u0105 pe\u0142n\u0105 kolekcj\u0105 i kupuj produkty najlepszych marek vape, kt\u00f3re pokochasz.<\/p>\n<p dir=\"auto\"><a href=\"https:\/\/vozolvapen.de\/pl\/\" target=\"_blank\" rel=\"noopener noreferrer nofollow\">Przegl\u0105daj teraz wszystkie marki \u2192<\/a><\/p>\n<p dir=\"auto\">Sprawd\u017a ca\u0142\u0105 seri\u0119 VOZOL Vape - ka\u017cdy smak, ka\u017cdy styl!<\/p>\n<p dir=\"auto\"><a href=\"https:\/\/vozolvapen.de\/pl\/product-category\/vozol-vape\/\" target=\"_blank\" rel=\"noopener noreferrer nofollow\">Zobacz pe\u0142n\u0105 kolekcj\u0119 VOZOL Vape \u2192<\/a><\/p>","protected":false},"excerpt":{"rendered":"<p>B\u0142yskotliwy i nostalgiczny. The <b data-path-to-node=\"6\" data-index-in-node=\"273\">Vozol Vista 20k<\/b> Cherry Cola to replika ulubionego napoju gazowanego z odwa\u017cnym wi\u015bniowym akcentem. Zawiera <b data-path-to-node=\"6\" data-index-in-node=\"376\">S.i.L.C Tech<\/b>, Ka\u017cde zaci\u0105gni\u0119cie si\u0119 tym 20 ml zbiornikiem pozostaje tak samo gazowane i aromatyczne jak pierwsze, opakowane w futurystyczn\u0105 obudow\u0119. <b data-path-to-node=\"6\" data-index-in-node=\"491\">cyberpunkowa przezroczysta pow\u0142oka<\/b>.<\/p>","protected":false},"featured_media":60163,"comment_status":"open","ping_status":"closed","template":"","meta":{"_acf_changed":false},"product_brand":[],"product_cat":[134,115],"product_tag":[],"class_list":{"0":"post-59959","1":"product","2":"type-product","3":"status-publish","4":"has-post-thumbnail","6":"product_cat-eu-warehouse-in-stock","7":"product_cat-vozol-vista-20000-puffs-vape","9":"first","10":"instock","11":"shipping-taxable","12":"purchasable","13":"product-type-variable"},"acf":[],"yoast_head":"<!-- This site is optimized with the Yoast SEO Premium plugin v26.1 (Yoast SEO v27.5) - https:\/\/yoast.com\/product\/yoast-seo-premium-wordpress\/ -->\n<title>Cherry Cola | Vozol Vista 20k | Vozol Vape 20000 - vozolvapen<\/title>\n<meta name=\"description\" content=\"Classic Cherry Cola VOZOL Vista 20000. 20,000 puffs of fizzy soda flavor. Cyberpunk design with dual mesh coils. Order your Vozol Vista pods now.\" \/>\n<meta name=\"robots\" content=\"index, follow, max-snippet:-1, max-image-preview:large, max-video-preview:-1\" \/>\n<link rel=\"canonical\" href=\"https:\/\/vozolvapen.de\/pl\/product\/vozol-vista-20000-puffs-cherry-cola\/\" \/>\n<meta property=\"og:locale\" content=\"pl_PL\" \/>\n<meta property=\"og:type\" content=\"article\" \/>\n<meta property=\"og:title\" content=\"VOZOL Vista 20000 Puffs - Cherry Cola\" \/>\n<meta property=\"og:description\" content=\"Classic Cherry Cola VOZOL Vista 20000. 20,000 puffs of fizzy soda flavor. Cyberpunk design with dual mesh coils. Order your Vozol Vista pods now.\" \/>\n<meta property=\"og:url\" content=\"https:\/\/vozolvapen.de\/pl\/product\/vozol-vista-20000-puffs-cherry-cola\/\" \/>\n<meta property=\"og:site_name\" content=\"vozolvapen\" \/>\n<meta property=\"article:modified_time\" content=\"2026-02-10T10:45:03+00:00\" \/>\n<meta property=\"og:image\" content=\"https:\/\/vozolvapen.de\/wp-content\/uploads\/2026\/01\/VOZOL-Vista-20000-Puffs-Cherry-Cola-Front.webp\" \/>\n\t<meta property=\"og:image:width\" content=\"1080\" \/>\n\t<meta property=\"og:image:height\" content=\"1080\" \/>\n\t<meta property=\"og:image:type\" content=\"image\/webp\" \/>\n<meta name=\"twitter:card\" content=\"summary_large_image\" \/>\n<meta name=\"twitter:label1\" content=\"Szacowany czas czytania\" \/>\n\t<meta name=\"twitter:data1\" content=\"2 minuty\" \/>\n<script type=\"application\/ld+json\" class=\"yoast-schema-graph\">{\"@context\":\"https:\\\/\\\/schema.org\",\"@graph\":[{\"@type\":\"WebPage\",\"@id\":\"https:\\\/\\\/vozolvapen.de\\\/product\\\/vozol-vista-20000-puffs-cherry-cola\\\/\",\"url\":\"https:\\\/\\\/vozolvapen.de\\\/product\\\/vozol-vista-20000-puffs-cherry-cola\\\/\",\"name\":\"Cherry Cola | Vozol Vista 20k | Vozol Vape 20000 - vozolvapen\",\"isPartOf\":{\"@id\":\"https:\\\/\\\/vozolvapen.de\\\/#website\"},\"primaryImageOfPage\":{\"@id\":\"https:\\\/\\\/vozolvapen.de\\\/product\\\/vozol-vista-20000-puffs-cherry-cola\\\/#primaryimage\"},\"image\":{\"@id\":\"https:\\\/\\\/vozolvapen.de\\\/product\\\/vozol-vista-20000-puffs-cherry-cola\\\/#primaryimage\"},\"thumbnailUrl\":\"https:\\\/\\\/vozolvapen.de\\\/wp-content\\\/uploads\\\/2026\\\/01\\\/VOZOL-Vista-20000-Puffs-Cherry-Cola-Front.webp\",\"datePublished\":\"2026-01-12T06:13:51+00:00\",\"dateModified\":\"2026-02-10T10:45:03+00:00\",\"description\":\"Classic Cherry Cola VOZOL Vista 20000. 20,000 puffs of fizzy soda flavor. Cyberpunk design with dual mesh coils. Order your Vozol Vista pods now.\",\"breadcrumb\":{\"@id\":\"https:\\\/\\\/vozolvapen.de\\\/product\\\/vozol-vista-20000-puffs-cherry-cola\\\/#breadcrumb\"},\"inLanguage\":\"pl-PL\",\"potentialAction\":[{\"@type\":\"ReadAction\",\"target\":[\"https:\\\/\\\/vozolvapen.de\\\/product\\\/vozol-vista-20000-puffs-cherry-cola\\\/\"]}]},{\"@type\":\"ImageObject\",\"inLanguage\":\"pl-PL\",\"@id\":\"https:\\\/\\\/vozolvapen.de\\\/product\\\/vozol-vista-20000-puffs-cherry-cola\\\/#primaryimage\",\"url\":\"https:\\\/\\\/vozolvapen.de\\\/wp-content\\\/uploads\\\/2026\\\/01\\\/VOZOL-Vista-20000-Puffs-Cherry-Cola-Front.webp\",\"contentUrl\":\"https:\\\/\\\/vozolvapen.de\\\/wp-content\\\/uploads\\\/2026\\\/01\\\/VOZOL-Vista-20000-Puffs-Cherry-Cola-Front.webp\",\"width\":1080,\"height\":1080,\"caption\":\"VOZOL Vista 20000 Puffs -Cherry Cola Front\"},{\"@type\":\"BreadcrumbList\",\"@id\":\"https:\\\/\\\/vozolvapen.de\\\/product\\\/vozol-vista-20000-puffs-cherry-cola\\\/#breadcrumb\",\"itemListElement\":[{\"@type\":\"ListItem\",\"position\":1,\"name\":\"Home\",\"item\":\"https:\\\/\\\/vozolvapen.de\\\/de\\\/\"},{\"@type\":\"ListItem\",\"position\":2,\"name\":\"Shop\",\"item\":\"https:\\\/\\\/vozolvapen.de\\\/shop\\\/\"},{\"@type\":\"ListItem\",\"position\":3,\"name\":\"VOZOL Vista 20000 Puffs &#8211; Cherry Cola\"}]},{\"@type\":\"WebSite\",\"@id\":\"https:\\\/\\\/vozolvapen.de\\\/#website\",\"url\":\"https:\\\/\\\/vozolvapen.de\\\/\",\"name\":\"vozolvapen\",\"description\":\"vozolvapen\",\"publisher\":{\"@id\":\"https:\\\/\\\/vozolvapen.de\\\/#organization\"},\"potentialAction\":[{\"@type\":\"SearchAction\",\"target\":{\"@type\":\"EntryPoint\",\"urlTemplate\":\"https:\\\/\\\/vozolvapen.de\\\/?s={search_term_string}\"},\"query-input\":{\"@type\":\"PropertyValueSpecification\",\"valueRequired\":true,\"valueName\":\"search_term_string\"}}],\"inLanguage\":\"pl-PL\"},{\"@type\":\"Organization\",\"@id\":\"https:\\\/\\\/vozolvapen.de\\\/#organization\",\"name\":\"vozolvapen\",\"url\":\"https:\\\/\\\/vozolvapen.de\\\/\",\"logo\":{\"@type\":\"ImageObject\",\"inLanguage\":\"pl-PL\",\"@id\":\"https:\\\/\\\/vozolvapen.de\\\/#\\\/schema\\\/logo\\\/image\\\/\",\"url\":\"https:\\\/\\\/vozolvapen.de\\\/wp-content\\\/uploads\\\/2025\\\/12\\\/cropped-vozovapen-logo.webp\",\"contentUrl\":\"https:\\\/\\\/vozolvapen.de\\\/wp-content\\\/uploads\\\/2025\\\/12\\\/cropped-vozovapen-logo.webp\",\"width\":470,\"height\":110,\"caption\":\"vozolvapen\"},\"image\":{\"@id\":\"https:\\\/\\\/vozolvapen.de\\\/#\\\/schema\\\/logo\\\/image\\\/\"}}]}<\/script>\n<!-- \/ Yoast SEO Premium plugin. -->","yoast_head_json":{"title":"Cherry Cola | Vozol Vista 20k | Vozol Vape 20000 - vozolvapen","description":"Classic Cherry Cola VOZOL Vista 20000. 20 000 zaci\u0105gni\u0119\u0107 o smaku napoju gazowanego. Cyberpunkowa konstrukcja z podw\u00f3jnymi cewkami siatkowymi. Zam\u00f3w kapsu\u0142ki Vozol Vista ju\u017c teraz.","robots":{"index":"index","follow":"follow","max-snippet":"max-snippet:-1","max-image-preview":"max-image-preview:large","max-video-preview":"max-video-preview:-1"},"canonical":"https:\/\/vozolvapen.de\/pl\/product\/vozol-vista-20000-puffs-cherry-cola\/","og_locale":"pl_PL","og_type":"article","og_title":"VOZOL Vista 20000 Puffs - Cherry Cola","og_description":"Classic Cherry Cola VOZOL Vista 20000. 20,000 puffs of fizzy soda flavor. Cyberpunk design with dual mesh coils. Order your Vozol Vista pods now.","og_url":"https:\/\/vozolvapen.de\/pl\/product\/vozol-vista-20000-puffs-cherry-cola\/","og_site_name":"vozolvapen","article_modified_time":"2026-02-10T10:45:03+00:00","og_image":[{"width":1080,"height":1080,"url":"https:\/\/vozolvapen.de\/wp-content\/uploads\/2026\/01\/VOZOL-Vista-20000-Puffs-Cherry-Cola-Front.webp","type":"image\/webp"}],"twitter_card":"summary_large_image","twitter_misc":{"Szacowany czas czytania":"2 minuty"},"schema":{"@context":"https:\/\/schema.org","@graph":[{"@type":"WebPage","@id":"https:\/\/vozolvapen.de\/product\/vozol-vista-20000-puffs-cherry-cola\/","url":"https:\/\/vozolvapen.de\/product\/vozol-vista-20000-puffs-cherry-cola\/","name":"Cherry Cola | Vozol Vista 20k | Vozol Vape 20000 - vozolvapen","isPartOf":{"@id":"https:\/\/vozolvapen.de\/#website"},"primaryImageOfPage":{"@id":"https:\/\/vozolvapen.de\/product\/vozol-vista-20000-puffs-cherry-cola\/#primaryimage"},"image":{"@id":"https:\/\/vozolvapen.de\/product\/vozol-vista-20000-puffs-cherry-cola\/#primaryimage"},"thumbnailUrl":"https:\/\/vozolvapen.de\/wp-content\/uploads\/2026\/01\/VOZOL-Vista-20000-Puffs-Cherry-Cola-Front.webp","datePublished":"2026-01-12T06:13:51+00:00","dateModified":"2026-02-10T10:45:03+00:00","description":"Classic Cherry Cola VOZOL Vista 20000. 20 000 zaci\u0105gni\u0119\u0107 o smaku napoju gazowanego. Cyberpunkowa konstrukcja z podw\u00f3jnymi cewkami siatkowymi. Zam\u00f3w kapsu\u0142ki Vozol Vista ju\u017c teraz.","breadcrumb":{"@id":"https:\/\/vozolvapen.de\/product\/vozol-vista-20000-puffs-cherry-cola\/#breadcrumb"},"inLanguage":"pl-PL","potentialAction":[{"@type":"ReadAction","target":["https:\/\/vozolvapen.de\/product\/vozol-vista-20000-puffs-cherry-cola\/"]}]},{"@type":"ImageObject","inLanguage":"pl-PL","@id":"https:\/\/vozolvapen.de\/product\/vozol-vista-20000-puffs-cherry-cola\/#primaryimage","url":"https:\/\/vozolvapen.de\/wp-content\/uploads\/2026\/01\/VOZOL-Vista-20000-Puffs-Cherry-Cola-Front.webp","contentUrl":"https:\/\/vozolvapen.de\/wp-content\/uploads\/2026\/01\/VOZOL-Vista-20000-Puffs-Cherry-Cola-Front.webp","width":1080,"height":1080,"caption":"VOZOL Vista 20000 Puffs -Cherry Cola Front"},{"@type":"BreadcrumbList","@id":"https:\/\/vozolvapen.de\/product\/vozol-vista-20000-puffs-cherry-cola\/#breadcrumb","itemListElement":[{"@type":"ListItem","position":1,"name":"Home","item":"https:\/\/vozolvapen.de\/de\/"},{"@type":"ListItem","position":2,"name":"Shop","item":"https:\/\/vozolvapen.de\/shop\/"},{"@type":"ListItem","position":3,"name":"VOZOL Vista 20000 Puffs &#8211; Cherry Cola"}]},{"@type":"WebSite","@id":"https:\/\/vozolvapen.de\/#website","url":"https:\/\/vozolvapen.de\/","name":"vozolvapen","description":"vozolvapen","publisher":{"@id":"https:\/\/vozolvapen.de\/#organization"},"potentialAction":[{"@type":"SearchAction","target":{"@type":"EntryPoint","urlTemplate":"https:\/\/vozolvapen.de\/?s={search_term_string}"},"query-input":{"@type":"PropertyValueSpecification","valueRequired":true,"valueName":"search_term_string"}}],"inLanguage":"pl-PL"},{"@type":"Organization","@id":"https:\/\/vozolvapen.de\/#organization","name":"vozolvapen","url":"https:\/\/vozolvapen.de\/","logo":{"@type":"ImageObject","inLanguage":"pl-PL","@id":"https:\/\/vozolvapen.de\/#\/schema\/logo\/image\/","url":"https:\/\/vozolvapen.de\/wp-content\/uploads\/2025\/12\/cropped-vozovapen-logo.webp","contentUrl":"https:\/\/vozolvapen.de\/wp-content\/uploads\/2025\/12\/cropped-vozovapen-logo.webp","width":470,"height":110,"caption":"vozolvapen"},"image":{"@id":"https:\/\/vozolvapen.de\/#\/schema\/logo\/image\/"}}]}},"tiered_pricing_type":"fixed","tiered_pricing_fixed_rules":{"30":"13.5","50":"10.89","100":"10.39","200":"9.8"},"tiered_pricing_product_settings":{"layout":"default","base_unit_name":{"singular":null,"plural":null},"default_variation":{}},"tiered_pricing_minimum_quantity":10,"tiered_pricing_roles_data":[],"tiered_pricing_percentage_rules":[],"tiered_pricing_maximum_quantity":null,"tiered_pricing_quantity_step":"10","_links":{"self":[{"href":"http:\/\/vozolvapen.de\/pl\/wp-json\/wp\/v2\/product\/59959","targetHints":{"allow":["GET"]}}],"collection":[{"href":"http:\/\/vozolvapen.de\/pl\/wp-json\/wp\/v2\/product"}],"about":[{"href":"http:\/\/vozolvapen.de\/pl\/wp-json\/wp\/v2\/types\/product"}],"replies":[{"embeddable":true,"href":"http:\/\/vozolvapen.de\/pl\/wp-json\/wp\/v2\/comments?post=59959"}],"wp:featuredmedia":[{"embeddable":true,"href":"http:\/\/vozolvapen.de\/pl\/wp-json\/wp\/v2\/media\/60163"}],"wp:attachment":[{"href":"http:\/\/vozolvapen.de\/pl\/wp-json\/wp\/v2\/media?parent=59959"}],"wp:term":[{"taxonomy":"product_brand","embeddable":true,"href":"http:\/\/vozolvapen.de\/pl\/wp-json\/wp\/v2\/product_brand?post=59959"},{"taxonomy":"product_cat","embeddable":true,"href":"http:\/\/vozolvapen.de\/pl\/wp-json\/wp\/v2\/product_cat?post=59959"},{"taxonomy":"product_tag","embeddable":true,"href":"http:\/\/vozolvapen.de\/pl\/wp-json\/wp\/v2\/product_tag?post=59959"}],"curies":[{"name":"wp","href":"https:\/\/api.w.org\/{rel}","templated":true}]}}