{"id":59981,"date":"2026-01-12T06:13:52","date_gmt":"2026-01-12T06:13:52","guid":{"rendered":"https:\/\/vozolvapen.de\/?post_type=product&#038;p=59981"},"modified":"2026-02-10T10:45:00","modified_gmt":"2026-02-10T10:45:00","slug":"vozol-vista-20000-puffs-dragon-fruit-banana-cherry","status":"publish","type":"product","link":"http:\/\/vozolvapen.de\/pl\/product\/vozol-vista-20000-puffs-dragon-fruit-banana-cherry\/","title":{"rendered":"VOZOL Vista 20000 Puffs - Dragon Fruit Banana Cherry"},"content":{"rendered":"<h1 data-path-to-node=\"14\"><b data-path-to-node=\"14\" data-index-in-node=\"0\">VOZOL Vista 20000 Puffs jednorazowe Vape - Smoczy owoc bananowy o smaku wi\u015bniowym<\/b><\/h1>\n<p data-path-to-node=\"15\">To najbardziej egzotyczne trio na \u015bwiecie. <b data-path-to-node=\"15\" data-index-in-node=\"36\">Str\u0105ki Vozol Vista<\/b> kolekcja! <b data-path-to-node=\"15\" data-index-in-node=\"65\">Smoczy owoc Banan Wi\u015bnia<\/b> to wyrafinowana tropikalna symfonia. Lekka, kwiatowa s\u0142odycz smoczego owocu spotyka si\u0119 z kremow\u0105, aksamitn\u0105 konsystencj\u0105 dojrza\u0142ego banana, zako\u0144czon\u0105 ostrym k\u0119sem wi\u015bni. To wielowarstwowa podr\u00f3\u017c, kt\u00f3ra ewoluuje z ka\u017cdym poziomem pokr\u0119t\u0142a mocy Visty.<\/p>\n<h2 data-path-to-node=\"16\"><b data-path-to-node=\"16\" data-index-in-node=\"0\">Dlaczego warto wybra\u0107 Vozol Vista 20000 Dragon Fruit Banana Cherry?<\/b><\/h2>\n<ul data-path-to-node=\"17\">\n<li>\n<p data-path-to-node=\"17,0,0\"><b data-path-to-node=\"17,0,0\" data-index-in-node=\"0\">Esencja smakowa:<\/b> Z\u0142o\u017cona mieszanka owoc\u00f3w, kt\u00f3ra oferuje r\u00f3\u017cne niuanse w ka\u017cdym z nich. <b data-path-to-node=\"17,0,0\" data-index-in-node=\"85\">6 poziom\u00f3w mocy<\/b>.<\/p>\n<\/li>\n<li>\n<p data-path-to-node=\"17,1,0\"><b data-path-to-node=\"17,1,0\" data-index-in-node=\"0\">Cyberpunkowa estetyka:<\/b> W pe\u0142ni przezroczysta konstrukcja podkre\u015bla zaawansowany technologicznie klimat, kt\u00f3ry pasuje do tego futurystycznego profilu smakowego.<\/p>\n<\/li>\n<li>\n<p data-path-to-node=\"17,2,0\"><b data-path-to-node=\"17,2,0\" data-index-in-node=\"0\">P\u0142ynna dostawa:<\/b> Technologia S.i.L.C zapewnia czystszy, g\u0142adszy i trwalszy tropikalny smak.<\/p>\n<\/li>\n<\/ul>\n<h2 data-path-to-node=\"8\"><b data-path-to-node=\"8\" data-index-in-node=\"0\">Dragon Fruit Banana Cherry - profil smakowy<\/b><\/h2>\n<ul data-path-to-node=\"9\">\n<li>\n<p data-path-to-node=\"9,0,0\"><b data-path-to-node=\"9,0,0\" data-index-in-node=\"0\">Icy\/Coolness:<\/b> \u2605\u2605\u2606\u2606\u2606 (2\/5) - Bardzo subtelny efekt ch\u0142odz\u0105cy, skupiaj\u0105cy si\u0119 bardziej na kremowych owocowych teksturach.<\/p>\n<\/li>\n<li>\n<p data-path-to-node=\"9,1,0\"><b data-path-to-node=\"9,1,0\" data-index-in-node=\"0\">S\u0142odycz:<\/b> \u2605\u2605\u2605\u2605\u2606 (4\/5) - Dominuj\u0105 naturalne cukry banana i egzotycznego smoczego owocu.<\/p>\n<\/li>\n<li>\n<p data-path-to-node=\"9,2,0\"><b data-path-to-node=\"9,2,0\" data-index-in-node=\"0\">Aromat:<\/b> \u2605\u2605\u2605\u2605\u2605 (5\/5) - Niezwykle z\u0142o\u017cony; kwiatowy smoczy owoc i banan tworz\u0105 ci\u0119\u017cki, tropikalny bukiet.<\/p>\n<\/li>\n<\/ul>\n<h2 data-path-to-node=\"9\"><b data-path-to-node=\"9\" data-index-in-node=\"0\">Specyfikacja sprz\u0119tu Vozol Vista Smart<\/b><\/h2>\n<ul data-path-to-node=\"10\">\n<li>\n<p data-path-to-node=\"10,0,0\"><b data-path-to-node=\"10,0,0\" data-index-in-node=\"0\">Interfejs u\u017cytkownika:<\/b> Kolorowy ekran lustrzany 2,2\u2033 HD<\/p>\n<\/li>\n<li>\n<p data-path-to-node=\"10,1,0\"><b data-path-to-node=\"10,1,0\" data-index-in-node=\"0\">Interakcja wizualna:<\/b> Dynamiczne animacje interfejsu u\u017cytkownika podczas regulacji mocy<\/p>\n<\/li>\n<li>\n<p data-path-to-node=\"10,2,0\"><b data-path-to-node=\"10,2,0\" data-index-in-node=\"0\">Monitorowanie:<\/b> Inteligentny wy\u015bwietlacz poziomu na\u0142adowania baterii i energii w czasie rzeczywistym<\/p>\n<\/li>\n<li>\n<p data-path-to-node=\"10,3,0\"><b data-path-to-node=\"10,3,0\" data-index-in-node=\"0\">Konstrukcja podwozia:<\/b> W pe\u0142ni przezroczysta pow\u0142oka inspirowana cyberpunkiem<\/p>\n<\/li>\n<li>\n<p data-path-to-node=\"10,4,0\"><b data-path-to-node=\"10,4,0\" data-index-in-node=\"0\">Technika wewn\u0119trzna:<\/b> Precyzyjnie opracowana rewolucja smakowa S.i.L.C.<\/p>\n<\/li>\n<li>\n<p data-path-to-node=\"10,5,0\"><b data-path-to-node=\"10,5,0\" data-index-in-node=\"0\">Wymiary i waga:<\/b> Lekka, zaawansowana technologicznie konstrukcja o wadze 124 g<\/p>\n<\/li>\n<li>\n<p data-path-to-node=\"10,6,0\"><b data-path-to-node=\"10,6,0\" data-index-in-node=\"0\">\u0141adowanie:<\/b> Port szybkiego \u0142adowania typu C<\/p>\n<\/li>\n<\/ul>\n<h3 dir=\"auto\">Oto dalsze zalecenia dla Ciebie:<\/h3>\n<p dir=\"auto\">Odkryj jeszcze wi\u0119cej niesamowitych smak\u00f3w dzi\u0119ki VOZOL Vista 20000 Puff Vape!<\/p>\n<p dir=\"auto\"><a href=\"https:\/\/vozolvapen.de\/pl\/product-category\/vozol-vape\/vozol-vista-20000-puffs-vape\/\" target=\"_blank\" rel=\"noopener noreferrer nofollow\">Zobacz wszystkie odmiany tutaj \u2192<\/a><\/p>\n<p dir=\"auto\">Zapoznaj si\u0119 z nasz\u0105 pe\u0142n\u0105 kolekcj\u0105 i kupuj produkty najlepszych marek vape, kt\u00f3re pokochasz.<\/p>\n<p dir=\"auto\"><a href=\"https:\/\/vozolvapen.de\/pl\/\" target=\"_blank\" rel=\"noopener noreferrer nofollow\">Przegl\u0105daj teraz wszystkie marki \u2192<\/a><\/p>\n<p dir=\"auto\">Sprawd\u017a ca\u0142\u0105 seri\u0119 VOZOL Vape - ka\u017cdy smak, ka\u017cdy styl!<\/p>\n<p dir=\"auto\"><a href=\"https:\/\/vozolvapen.de\/pl\/product-category\/vozol-vape\/\" target=\"_blank\" rel=\"noopener noreferrer nofollow\">Zobacz pe\u0142n\u0105 kolekcj\u0119 VOZOL Vape \u2192<\/a><\/p>","protected":false},"excerpt":{"rendered":"<p>Tropikalne trio mocy. To <b data-path-to-node=\"9\" data-index-in-node=\"275\">20k Vozol<\/b> Masterpiece \u0142\u0105czy egzotyczne smocze owoce, kremowego banana i cierpk\u0105 wi\u015bni\u0119. Jest to z\u0142o\u017cony profil smakowy, kt\u00f3ry korzysta z <b data-path-to-node=\"9\" data-index-in-node=\"419\">Cewki Dual Mesh 0,65\u03a9<\/b>, zapewniaj\u0105c g\u0119ste, wielowarstwowe chmury, kt\u00f3re \u015bwietnie wygl\u0105daj\u0105 na <b data-path-to-node=\"9\" data-index-in-node=\"503\">Dynamiczne wy\u015bwietlanie interfejsu u\u017cytkownika<\/b>.<\/p>","protected":false},"featured_media":60168,"comment_status":"open","ping_status":"closed","template":"","meta":{"_acf_changed":false},"product_brand":[],"product_cat":[134,115],"product_tag":[],"class_list":{"0":"post-59981","1":"product","2":"type-product","3":"status-publish","4":"has-post-thumbnail","6":"product_cat-eu-warehouse-in-stock","7":"product_cat-vozol-vista-20000-puffs-vape","9":"first","10":"instock","11":"shipping-taxable","12":"purchasable","13":"product-type-variable"},"acf":[],"yoast_head":"<!-- This site is optimized with the Yoast SEO Premium plugin v26.1 (Yoast SEO v27.5) - https:\/\/yoast.com\/product\/yoast-seo-premium-wordpress\/ -->\n<title>Dragon Fruit Banana Cherry | VOZOL Vista 20000 | 20k Vozol - vozolvapen<\/title>\n<meta name=\"description\" content=\"Exotic Dragon Fruit Banana Cherry Vozol Vista. 20,000 puffs, smart color display, and dual mesh tech. The ultimate Vozol puffs experience.\" \/>\n<meta name=\"robots\" content=\"index, follow, max-snippet:-1, max-image-preview:large, max-video-preview:-1\" \/>\n<link rel=\"canonical\" href=\"https:\/\/vozolvapen.de\/pl\/product\/vozol-vista-20000-puffs-dragon-fruit-banana-cherry\/\" \/>\n<meta property=\"og:locale\" content=\"pl_PL\" \/>\n<meta property=\"og:type\" content=\"article\" \/>\n<meta property=\"og:title\" content=\"VOZOL Vista 20000 Puffs - Dragon Fruit Banana Cherry\" \/>\n<meta property=\"og:description\" content=\"Exotic Dragon Fruit Banana Cherry Vozol Vista. 20,000 puffs, smart color display, and dual mesh tech. The ultimate Vozol puffs experience.\" \/>\n<meta property=\"og:url\" content=\"https:\/\/vozolvapen.de\/pl\/product\/vozol-vista-20000-puffs-dragon-fruit-banana-cherry\/\" \/>\n<meta property=\"og:site_name\" content=\"vozolvapen\" \/>\n<meta property=\"article:modified_time\" content=\"2026-02-10T10:45:00+00:00\" \/>\n<meta property=\"og:image\" content=\"https:\/\/vozolvapen.de\/wp-content\/uploads\/2026\/01\/VOZOL-Vista-20000-Puffs-Dragon-Fruit-Banana-Cherry-Front.webp\" \/>\n\t<meta property=\"og:image:width\" content=\"1080\" \/>\n\t<meta property=\"og:image:height\" content=\"1080\" \/>\n\t<meta property=\"og:image:type\" content=\"image\/webp\" \/>\n<meta name=\"twitter:card\" content=\"summary_large_image\" \/>\n<meta name=\"twitter:label1\" content=\"Szacowany czas czytania\" \/>\n\t<meta name=\"twitter:data1\" content=\"2 minuty\" \/>\n<script type=\"application\/ld+json\" class=\"yoast-schema-graph\">{\"@context\":\"https:\\\/\\\/schema.org\",\"@graph\":[{\"@type\":\"WebPage\",\"@id\":\"https:\\\/\\\/vozolvapen.de\\\/product\\\/vozol-vista-20000-puffs-dragon-fruit-banana-cherry\\\/\",\"url\":\"https:\\\/\\\/vozolvapen.de\\\/product\\\/vozol-vista-20000-puffs-dragon-fruit-banana-cherry\\\/\",\"name\":\"Dragon Fruit Banana Cherry | VOZOL Vista 20000 | 20k Vozol - vozolvapen\",\"isPartOf\":{\"@id\":\"https:\\\/\\\/vozolvapen.de\\\/#website\"},\"primaryImageOfPage\":{\"@id\":\"https:\\\/\\\/vozolvapen.de\\\/product\\\/vozol-vista-20000-puffs-dragon-fruit-banana-cherry\\\/#primaryimage\"},\"image\":{\"@id\":\"https:\\\/\\\/vozolvapen.de\\\/product\\\/vozol-vista-20000-puffs-dragon-fruit-banana-cherry\\\/#primaryimage\"},\"thumbnailUrl\":\"https:\\\/\\\/vozolvapen.de\\\/wp-content\\\/uploads\\\/2026\\\/01\\\/VOZOL-Vista-20000-Puffs-Dragon-Fruit-Banana-Cherry-Front.webp\",\"datePublished\":\"2026-01-12T06:13:52+00:00\",\"dateModified\":\"2026-02-10T10:45:00+00:00\",\"description\":\"Exotic Dragon Fruit Banana Cherry Vozol Vista. 20,000 puffs, smart color display, and dual mesh tech. The ultimate Vozol puffs experience.\",\"breadcrumb\":{\"@id\":\"https:\\\/\\\/vozolvapen.de\\\/product\\\/vozol-vista-20000-puffs-dragon-fruit-banana-cherry\\\/#breadcrumb\"},\"inLanguage\":\"pl-PL\",\"potentialAction\":[{\"@type\":\"ReadAction\",\"target\":[\"https:\\\/\\\/vozolvapen.de\\\/product\\\/vozol-vista-20000-puffs-dragon-fruit-banana-cherry\\\/\"]}]},{\"@type\":\"ImageObject\",\"inLanguage\":\"pl-PL\",\"@id\":\"https:\\\/\\\/vozolvapen.de\\\/product\\\/vozol-vista-20000-puffs-dragon-fruit-banana-cherry\\\/#primaryimage\",\"url\":\"https:\\\/\\\/vozolvapen.de\\\/wp-content\\\/uploads\\\/2026\\\/01\\\/VOZOL-Vista-20000-Puffs-Dragon-Fruit-Banana-Cherry-Front.webp\",\"contentUrl\":\"https:\\\/\\\/vozolvapen.de\\\/wp-content\\\/uploads\\\/2026\\\/01\\\/VOZOL-Vista-20000-Puffs-Dragon-Fruit-Banana-Cherry-Front.webp\",\"width\":1080,\"height\":1080,\"caption\":\"VOZOL Vista 20000 Puffs -Dragon Fruit Banana Cherry Front\"},{\"@type\":\"BreadcrumbList\",\"@id\":\"https:\\\/\\\/vozolvapen.de\\\/product\\\/vozol-vista-20000-puffs-dragon-fruit-banana-cherry\\\/#breadcrumb\",\"itemListElement\":[{\"@type\":\"ListItem\",\"position\":1,\"name\":\"Home\",\"item\":\"https:\\\/\\\/vozolvapen.de\\\/de\\\/\"},{\"@type\":\"ListItem\",\"position\":2,\"name\":\"Shop\",\"item\":\"https:\\\/\\\/vozolvapen.de\\\/shop\\\/\"},{\"@type\":\"ListItem\",\"position\":3,\"name\":\"VOZOL Vista 20000 Puffs &#8211; Dragon Fruit Banana Cherry\"}]},{\"@type\":\"WebSite\",\"@id\":\"https:\\\/\\\/vozolvapen.de\\\/#website\",\"url\":\"https:\\\/\\\/vozolvapen.de\\\/\",\"name\":\"vozolvapen\",\"description\":\"vozolvapen\",\"publisher\":{\"@id\":\"https:\\\/\\\/vozolvapen.de\\\/#organization\"},\"potentialAction\":[{\"@type\":\"SearchAction\",\"target\":{\"@type\":\"EntryPoint\",\"urlTemplate\":\"https:\\\/\\\/vozolvapen.de\\\/?s={search_term_string}\"},\"query-input\":{\"@type\":\"PropertyValueSpecification\",\"valueRequired\":true,\"valueName\":\"search_term_string\"}}],\"inLanguage\":\"pl-PL\"},{\"@type\":\"Organization\",\"@id\":\"https:\\\/\\\/vozolvapen.de\\\/#organization\",\"name\":\"vozolvapen\",\"url\":\"https:\\\/\\\/vozolvapen.de\\\/\",\"logo\":{\"@type\":\"ImageObject\",\"inLanguage\":\"pl-PL\",\"@id\":\"https:\\\/\\\/vozolvapen.de\\\/#\\\/schema\\\/logo\\\/image\\\/\",\"url\":\"https:\\\/\\\/vozolvapen.de\\\/wp-content\\\/uploads\\\/2025\\\/12\\\/cropped-vozovapen-logo.webp\",\"contentUrl\":\"https:\\\/\\\/vozolvapen.de\\\/wp-content\\\/uploads\\\/2025\\\/12\\\/cropped-vozovapen-logo.webp\",\"width\":470,\"height\":110,\"caption\":\"vozolvapen\"},\"image\":{\"@id\":\"https:\\\/\\\/vozolvapen.de\\\/#\\\/schema\\\/logo\\\/image\\\/\"}}]}<\/script>\n<!-- \/ Yoast SEO Premium plugin. -->","yoast_head_json":{"title":"Dragon Fruit Banana Cherry | VOZOL Vista 20000 | 20k Vozol - vozolvapen","description":"Exotic Dragon Fruit Banana Cherry Vozol Vista. 20 000 zaci\u0105gni\u0119\u0107, inteligentny kolorowy wy\u015bwietlacz i technologia podw\u00f3jnej siatki. Najlepsze wra\u017cenia z zaci\u0105gania si\u0119 Vozol.","robots":{"index":"index","follow":"follow","max-snippet":"max-snippet:-1","max-image-preview":"max-image-preview:large","max-video-preview":"max-video-preview:-1"},"canonical":"https:\/\/vozolvapen.de\/pl\/product\/vozol-vista-20000-puffs-dragon-fruit-banana-cherry\/","og_locale":"pl_PL","og_type":"article","og_title":"VOZOL Vista 20000 Puffs - Dragon Fruit Banana Cherry","og_description":"Exotic Dragon Fruit Banana Cherry Vozol Vista. 20,000 puffs, smart color display, and dual mesh tech. The ultimate Vozol puffs experience.","og_url":"https:\/\/vozolvapen.de\/pl\/product\/vozol-vista-20000-puffs-dragon-fruit-banana-cherry\/","og_site_name":"vozolvapen","article_modified_time":"2026-02-10T10:45:00+00:00","og_image":[{"width":1080,"height":1080,"url":"https:\/\/vozolvapen.de\/wp-content\/uploads\/2026\/01\/VOZOL-Vista-20000-Puffs-Dragon-Fruit-Banana-Cherry-Front.webp","type":"image\/webp"}],"twitter_card":"summary_large_image","twitter_misc":{"Szacowany czas czytania":"2 minuty"},"schema":{"@context":"https:\/\/schema.org","@graph":[{"@type":"WebPage","@id":"https:\/\/vozolvapen.de\/product\/vozol-vista-20000-puffs-dragon-fruit-banana-cherry\/","url":"https:\/\/vozolvapen.de\/product\/vozol-vista-20000-puffs-dragon-fruit-banana-cherry\/","name":"Dragon Fruit Banana Cherry | VOZOL Vista 20000 | 20k Vozol - vozolvapen","isPartOf":{"@id":"https:\/\/vozolvapen.de\/#website"},"primaryImageOfPage":{"@id":"https:\/\/vozolvapen.de\/product\/vozol-vista-20000-puffs-dragon-fruit-banana-cherry\/#primaryimage"},"image":{"@id":"https:\/\/vozolvapen.de\/product\/vozol-vista-20000-puffs-dragon-fruit-banana-cherry\/#primaryimage"},"thumbnailUrl":"https:\/\/vozolvapen.de\/wp-content\/uploads\/2026\/01\/VOZOL-Vista-20000-Puffs-Dragon-Fruit-Banana-Cherry-Front.webp","datePublished":"2026-01-12T06:13:52+00:00","dateModified":"2026-02-10T10:45:00+00:00","description":"Exotic Dragon Fruit Banana Cherry Vozol Vista. 20 000 zaci\u0105gni\u0119\u0107, inteligentny kolorowy wy\u015bwietlacz i technologia podw\u00f3jnej siatki. Najlepsze wra\u017cenia z zaci\u0105gania si\u0119 Vozol.","breadcrumb":{"@id":"https:\/\/vozolvapen.de\/product\/vozol-vista-20000-puffs-dragon-fruit-banana-cherry\/#breadcrumb"},"inLanguage":"pl-PL","potentialAction":[{"@type":"ReadAction","target":["https:\/\/vozolvapen.de\/product\/vozol-vista-20000-puffs-dragon-fruit-banana-cherry\/"]}]},{"@type":"ImageObject","inLanguage":"pl-PL","@id":"https:\/\/vozolvapen.de\/product\/vozol-vista-20000-puffs-dragon-fruit-banana-cherry\/#primaryimage","url":"https:\/\/vozolvapen.de\/wp-content\/uploads\/2026\/01\/VOZOL-Vista-20000-Puffs-Dragon-Fruit-Banana-Cherry-Front.webp","contentUrl":"https:\/\/vozolvapen.de\/wp-content\/uploads\/2026\/01\/VOZOL-Vista-20000-Puffs-Dragon-Fruit-Banana-Cherry-Front.webp","width":1080,"height":1080,"caption":"VOZOL Vista 20000 Puffs -Dragon Fruit Banana Cherry Front"},{"@type":"BreadcrumbList","@id":"https:\/\/vozolvapen.de\/product\/vozol-vista-20000-puffs-dragon-fruit-banana-cherry\/#breadcrumb","itemListElement":[{"@type":"ListItem","position":1,"name":"Home","item":"https:\/\/vozolvapen.de\/de\/"},{"@type":"ListItem","position":2,"name":"Shop","item":"https:\/\/vozolvapen.de\/shop\/"},{"@type":"ListItem","position":3,"name":"VOZOL Vista 20000 Puffs &#8211; Dragon Fruit Banana Cherry"}]},{"@type":"WebSite","@id":"https:\/\/vozolvapen.de\/#website","url":"https:\/\/vozolvapen.de\/","name":"vozolvapen","description":"vozolvapen","publisher":{"@id":"https:\/\/vozolvapen.de\/#organization"},"potentialAction":[{"@type":"SearchAction","target":{"@type":"EntryPoint","urlTemplate":"https:\/\/vozolvapen.de\/?s={search_term_string}"},"query-input":{"@type":"PropertyValueSpecification","valueRequired":true,"valueName":"search_term_string"}}],"inLanguage":"pl-PL"},{"@type":"Organization","@id":"https:\/\/vozolvapen.de\/#organization","name":"vozolvapen","url":"https:\/\/vozolvapen.de\/","logo":{"@type":"ImageObject","inLanguage":"pl-PL","@id":"https:\/\/vozolvapen.de\/#\/schema\/logo\/image\/","url":"https:\/\/vozolvapen.de\/wp-content\/uploads\/2025\/12\/cropped-vozovapen-logo.webp","contentUrl":"https:\/\/vozolvapen.de\/wp-content\/uploads\/2025\/12\/cropped-vozovapen-logo.webp","width":470,"height":110,"caption":"vozolvapen"},"image":{"@id":"https:\/\/vozolvapen.de\/#\/schema\/logo\/image\/"}}]}},"tiered_pricing_type":"fixed","tiered_pricing_fixed_rules":{"30":"13.5","50":"10.89","100":"10.39","200":"9.8"},"tiered_pricing_product_settings":{"layout":"default","base_unit_name":{"singular":null,"plural":null},"default_variation":{}},"tiered_pricing_minimum_quantity":10,"tiered_pricing_roles_data":[],"tiered_pricing_percentage_rules":[],"tiered_pricing_maximum_quantity":null,"tiered_pricing_quantity_step":"10","_links":{"self":[{"href":"http:\/\/vozolvapen.de\/pl\/wp-json\/wp\/v2\/product\/59981","targetHints":{"allow":["GET"]}}],"collection":[{"href":"http:\/\/vozolvapen.de\/pl\/wp-json\/wp\/v2\/product"}],"about":[{"href":"http:\/\/vozolvapen.de\/pl\/wp-json\/wp\/v2\/types\/product"}],"replies":[{"embeddable":true,"href":"http:\/\/vozolvapen.de\/pl\/wp-json\/wp\/v2\/comments?post=59981"}],"wp:featuredmedia":[{"embeddable":true,"href":"http:\/\/vozolvapen.de\/pl\/wp-json\/wp\/v2\/media\/60168"}],"wp:attachment":[{"href":"http:\/\/vozolvapen.de\/pl\/wp-json\/wp\/v2\/media?parent=59981"}],"wp:term":[{"taxonomy":"product_brand","embeddable":true,"href":"http:\/\/vozolvapen.de\/pl\/wp-json\/wp\/v2\/product_brand?post=59981"},{"taxonomy":"product_cat","embeddable":true,"href":"http:\/\/vozolvapen.de\/pl\/wp-json\/wp\/v2\/product_cat?post=59981"},{"taxonomy":"product_tag","embeddable":true,"href":"http:\/\/vozolvapen.de\/pl\/wp-json\/wp\/v2\/product_tag?post=59981"}],"curies":[{"name":"wp","href":"https:\/\/api.w.org\/{rel}","templated":true}]}}