{"id":60003,"date":"2026-01-12T06:13:54","date_gmt":"2026-01-12T06:13:54","guid":{"rendered":"https:\/\/vozolvapen.de\/?post_type=product&#038;p=60003"},"modified":"2026-02-10T10:44:58","modified_gmt":"2026-02-10T10:44:58","slug":"vozol-vista-20000-puffs-elderflower-grapefruit","status":"publish","type":"product","link":"http:\/\/vozolvapen.de\/pl\/product\/vozol-vista-20000-puffs-elderflower-grapefruit\/","title":{"rendered":"VOZOL Vista 20000 Puffs - Kwiat czarnego bzu grejpfrut"},"content":{"rendered":"<h1 data-path-to-node=\"20\"><b data-path-to-node=\"20\" data-index-in-node=\"0\">VOZOL Vista 20000 Puffs jednorazowe Vape - smak kwiatu czarnego bzu i grejpfruta<\/b><\/h1>\n<p data-path-to-node=\"21\"><b data-path-to-node=\"21\" data-index-in-node=\"0\">Kwiat czarnego bzu Grejpfrut<\/b> jest wyborem konesera w ramach <b data-path-to-node=\"21\" data-index-in-node=\"62\">20k Vozol<\/b> gama. \u0141\u0105czy w sobie delikatne, miodowe nuty kwiat\u00f3w czarnego bzu z ostr\u0105, s\u0142odko-gorzk\u0105 sk\u00f3rk\u0105 \u015bwie\u017cego grejpfruta. Jest kwiatowy, cytrusowy i niezwykle wyrafinowany. Zapach <b data-path-to-node=\"21\" data-index-in-node=\"252\">Lustrzany ekran HD o przek\u0105tnej 2,2\u2033<\/b> zapewnia wysokiej rozdzielczo\u015bci t\u0142o dla tego wyrafinowanego do\u015bwiadczenia waporyzacji.<\/p>\n<h2 data-path-to-node=\"22\"><b data-path-to-node=\"22\" data-index-in-node=\"0\">Dlaczego warto wybra\u0107 Vozol Vista 20000 Elderflower Grapefruit?<\/b><\/h2>\n<ul data-path-to-node=\"23\">\n<li>\n<p data-path-to-node=\"23,0,0\"><b data-path-to-node=\"23,0,0\" data-index-in-node=\"0\">Esencja smakowa:<\/b> Wyrafinowany, inspirowany botanik\u0105 smak, kt\u00f3ry jest idealny dla waper\u00f3w poszukuj\u0105cych mniej s\u0142odkiego, bardziej aromatycznego profilu.<\/p>\n<\/li>\n<li>\n<p data-path-to-node=\"23,1,0\"><b data-path-to-node=\"23,1,0\" data-index-in-node=\"0\">Precyzyjna kontrola:<\/b> U\u017cyj 6-stopniowego pokr\u0119t\u0142a, aby znale\u017a\u0107 \u201cs\u0142odki punkt\u201d, w kt\u00f3rym sk\u00f3rka grejpfruta i aromat czarnego bzu s\u0105 idealnie zr\u00f3wnowa\u017cone.<\/p>\n<\/li>\n<li>\n<p data-path-to-node=\"23,2,0\"><b data-path-to-node=\"23,2,0\" data-index-in-node=\"0\">Szybkie \u0142adowanie:<\/b> Bateria o pojemno\u015bci 650 mAh zapewnia mo\u017cliwo\u015b\u0107 korzystania z tej delikatnej mieszanki przez ca\u0142y dzie\u0144 przy minimalnym przestoju.<\/p>\n<\/li>\n<\/ul>\n<h2 data-path-to-node=\"11\"><b data-path-to-node=\"11\" data-index-in-node=\"0\">Elderflower Grapefruit - profil smakowy<\/b><\/h2>\n<ul data-path-to-node=\"12\">\n<li>\n<p data-path-to-node=\"12,0,0\"><b data-path-to-node=\"12,0,0\" data-index-in-node=\"0\">Icy\/Coolness:<\/b> \u2605\u2605\u2606\u2606\u2606 (2\/5) - Ma\u0142o lodu, zaprojektowany tak, aby delikatne nuty botaniczne mog\u0142y zab\u0142ysn\u0105\u0107.<\/p>\n<\/li>\n<li>\n<p data-path-to-node=\"12,1,0\"><b data-path-to-node=\"12,1,0\" data-index-in-node=\"0\">S\u0142odycz:<\/b> \u2605\u2605\u2606\u2606\u2606 (2\/5) - Bardziej wyrafinowany, niskos\u0142odzony profil z cierpk\u0105 nut\u0105 grejpfruta.<\/p>\n<\/li>\n<li>\n<p data-path-to-node=\"12,2,0\"><b data-path-to-node=\"12,2,0\" data-index-in-node=\"0\">Aromat:<\/b> \u2605\u2605\u2605\u2605\u2605 (5\/5) - Niesamowita g\u0142\u0119bia aromatu; pachnie jak wysokiej jako\u015bci kwiatowe perfumy lub rzemie\u015blnicza herbata.<\/p>\n<\/li>\n<\/ul>\n<h2 data-path-to-node=\"19\"><b data-path-to-node=\"19\" data-index-in-node=\"0\">Szczeg\u00f3\u0142y konstrukcji Vozol Vista Pods<\/b><\/h2>\n<ul data-path-to-node=\"20\">\n<li>\n<p data-path-to-node=\"20,0,0\"><b data-path-to-node=\"20,0,0\" data-index-in-node=\"0\">Obj\u0119to\u015b\u0107 p\u0142ynu:<\/b> 20 ml wst\u0119pnie nape\u0142nionego E-liquidu Premium<\/p>\n<\/li>\n<li>\n<p data-path-to-node=\"20,1,0\"><b data-path-to-node=\"20,1,0\" data-index-in-node=\"0\">Utrzymanie smaku:<\/b> Ekskluzywna technologia S.i.L.C zapewniaj\u0105ca zerow\u0105 utrat\u0119 aromatu<\/p>\n<\/li>\n<li>\n<p data-path-to-node=\"20,2,0\"><b data-path-to-node=\"20,2,0\" data-index-in-node=\"0\">Technologia ekranu:<\/b> Lustrzany ekran o wysokiej rozdzielczo\u015bci z funkcj\u0105 \u201cExcellence in Full View\u201d<\/p>\n<\/li>\n<li>\n<p data-path-to-node=\"20,3,0\"><b data-path-to-node=\"20,3,0\" data-index-in-node=\"0\">Wybieranie sprz\u0119towe:<\/b> Obracany o 360\u00b0, 6-stopniowy prze\u0142\u0105cznik mocy<\/p>\n<\/li>\n<li>\n<p data-path-to-node=\"20,4,0\"><b data-path-to-node=\"20,4,0\" data-index-in-node=\"0\">Wydajno\u015b\u0107 cewki:<\/b> Technologia Dual Mesh dla lepszej ekstrakcji warstw owoc\u00f3w<\/p>\n<\/li>\n<li>\n<p data-path-to-node=\"20,5,0\"><b data-path-to-node=\"20,5,0\" data-index-in-node=\"0\">Liczba zaci\u0105gni\u0119\u0107:<\/b> Zoptymalizowany dla 16 000 (wysoka moc) do 20 000 (tryb Eco)<\/p>\n<\/li>\n<li>\n<p data-path-to-node=\"20,6,0\"><b data-path-to-node=\"20,6,0\" data-index-in-node=\"0\">Bateria:<\/b> Zintegrowane ogniwo akumulatorowe 650 mAh<\/p>\n<\/li>\n<\/ul>\n<h3 dir=\"auto\">Oto dalsze zalecenia dla Ciebie:<\/h3>\n<p dir=\"auto\">Odkryj jeszcze wi\u0119cej niesamowitych smak\u00f3w dzi\u0119ki VOZOL Vista 20000 Puff Vape!<\/p>\n<p dir=\"auto\"><a href=\"https:\/\/vozolvapen.de\/pl\/product-category\/vozol-vape\/vozol-vista-20000-puffs-vape\/\" target=\"_blank\" rel=\"noopener noreferrer nofollow\">Zobacz wszystkie odmiany tutaj \u2192<\/a><\/p>\n<p dir=\"auto\">Zapoznaj si\u0119 z nasz\u0105 pe\u0142n\u0105 kolekcj\u0105 i kupuj produkty najlepszych marek vape, kt\u00f3re pokochasz.<\/p>\n<p dir=\"auto\"><a href=\"https:\/\/vozolvapen.de\/pl\/\" target=\"_blank\" rel=\"noopener noreferrer nofollow\">Przegl\u0105daj teraz wszystkie marki \u2192<\/a><\/p>\n<p dir=\"auto\">Sprawd\u017a ca\u0142\u0105 seri\u0119 VOZOL Vape - ka\u017cdy smak, ka\u017cdy styl!<\/p>\n<p dir=\"auto\"><a href=\"https:\/\/vozolvapen.de\/pl\/product-category\/vozol-vape\/\" target=\"_blank\" rel=\"noopener noreferrer nofollow\">Zobacz pe\u0142n\u0105 kolekcj\u0119 VOZOL Vape \u2192<\/a><\/p>","protected":false},"excerpt":{"rendered":"<p>Dla wyrafinowanego podniebienia. The <b data-path-to-node=\"12\" data-index-in-node=\"273\">Vozol Vista<\/b> Elderflower Grapefruit oferuje kwiatowy, miodowy wdech z ostrym, pikantnym grejpfrutowym wydechem. Jest to czysty, wyrafinowany vape, kt\u00f3ry pozostaje sp\u00f3jny dzi\u0119ki <b data-path-to-node=\"12\" data-index-in-node=\"452\">Technologia S.i.L.C<\/b>, Dzi\u0119ki temu delikatne kwiaty nigdy nie s\u0105 przyt\u0142oczone.<\/p>","protected":false},"featured_media":60173,"comment_status":"open","ping_status":"closed","template":"","meta":{"_acf_changed":false},"product_brand":[],"product_cat":[134,115],"product_tag":[],"class_list":{"0":"post-60003","1":"product","2":"type-product","3":"status-publish","4":"has-post-thumbnail","6":"product_cat-eu-warehouse-in-stock","7":"product_cat-vozol-vista-20000-puffs-vape","9":"first","10":"instock","11":"shipping-taxable","12":"purchasable","13":"product-type-variable"},"acf":[],"yoast_head":"<!-- This site is optimized with the Yoast SEO Premium plugin v26.1 (Yoast SEO v27.5) - https:\/\/yoast.com\/product\/yoast-seo-premium-wordpress\/ -->\n<title>Elderflower Grapefruit | Vozol Vista | 20k Vozol Vape - vozolvapen<\/title>\n<meta name=\"description\" content=\"Sophisticated Elderflower Grapefruit VOZOL Vista 20000. 20k puffs, botanical flavor &amp; 6-level power control. Fast shipping from EU warehouse.\" \/>\n<meta name=\"robots\" content=\"index, follow, max-snippet:-1, max-image-preview:large, max-video-preview:-1\" \/>\n<link rel=\"canonical\" href=\"https:\/\/vozolvapen.de\/pl\/product\/vozol-vista-20000-puffs-elderflower-grapefruit\/\" \/>\n<meta property=\"og:locale\" content=\"pl_PL\" \/>\n<meta property=\"og:type\" content=\"article\" \/>\n<meta property=\"og:title\" content=\"VOZOL Vista 20000 Puffs - Elderflower Grapefruit\" \/>\n<meta property=\"og:description\" content=\"Sophisticated Elderflower Grapefruit VOZOL Vista 20000. 20k puffs, botanical flavor &amp; 6-level power control. Fast shipping from EU warehouse.\" \/>\n<meta property=\"og:url\" content=\"https:\/\/vozolvapen.de\/pl\/product\/vozol-vista-20000-puffs-elderflower-grapefruit\/\" \/>\n<meta property=\"og:site_name\" content=\"vozolvapen\" \/>\n<meta property=\"article:modified_time\" content=\"2026-02-10T10:44:58+00:00\" \/>\n<meta property=\"og:image\" content=\"https:\/\/vozolvapen.de\/wp-content\/uploads\/2026\/01\/VOZOL-Vista-20000-Puffs-Elderflower-Grapefruit-Front.webp\" \/>\n\t<meta property=\"og:image:width\" content=\"1080\" \/>\n\t<meta property=\"og:image:height\" content=\"1080\" \/>\n\t<meta property=\"og:image:type\" content=\"image\/webp\" \/>\n<meta name=\"twitter:card\" content=\"summary_large_image\" \/>\n<meta name=\"twitter:label1\" content=\"Szacowany czas czytania\" \/>\n\t<meta name=\"twitter:data1\" content=\"2 minuty\" \/>\n<script type=\"application\/ld+json\" class=\"yoast-schema-graph\">{\"@context\":\"https:\\\/\\\/schema.org\",\"@graph\":[{\"@type\":\"WebPage\",\"@id\":\"https:\\\/\\\/vozolvapen.de\\\/product\\\/vozol-vista-20000-puffs-elderflower-grapefruit\\\/\",\"url\":\"https:\\\/\\\/vozolvapen.de\\\/product\\\/vozol-vista-20000-puffs-elderflower-grapefruit\\\/\",\"name\":\"Elderflower Grapefruit | Vozol Vista | 20k Vozol Vape - vozolvapen\",\"isPartOf\":{\"@id\":\"https:\\\/\\\/vozolvapen.de\\\/#website\"},\"primaryImageOfPage\":{\"@id\":\"https:\\\/\\\/vozolvapen.de\\\/product\\\/vozol-vista-20000-puffs-elderflower-grapefruit\\\/#primaryimage\"},\"image\":{\"@id\":\"https:\\\/\\\/vozolvapen.de\\\/product\\\/vozol-vista-20000-puffs-elderflower-grapefruit\\\/#primaryimage\"},\"thumbnailUrl\":\"https:\\\/\\\/vozolvapen.de\\\/wp-content\\\/uploads\\\/2026\\\/01\\\/VOZOL-Vista-20000-Puffs-Elderflower-Grapefruit-Front.webp\",\"datePublished\":\"2026-01-12T06:13:54+00:00\",\"dateModified\":\"2026-02-10T10:44:58+00:00\",\"description\":\"Sophisticated Elderflower Grapefruit VOZOL Vista 20000. 20k puffs, botanical flavor & 6-level power control. Fast shipping from EU warehouse.\",\"breadcrumb\":{\"@id\":\"https:\\\/\\\/vozolvapen.de\\\/product\\\/vozol-vista-20000-puffs-elderflower-grapefruit\\\/#breadcrumb\"},\"inLanguage\":\"pl-PL\",\"potentialAction\":[{\"@type\":\"ReadAction\",\"target\":[\"https:\\\/\\\/vozolvapen.de\\\/product\\\/vozol-vista-20000-puffs-elderflower-grapefruit\\\/\"]}]},{\"@type\":\"ImageObject\",\"inLanguage\":\"pl-PL\",\"@id\":\"https:\\\/\\\/vozolvapen.de\\\/product\\\/vozol-vista-20000-puffs-elderflower-grapefruit\\\/#primaryimage\",\"url\":\"https:\\\/\\\/vozolvapen.de\\\/wp-content\\\/uploads\\\/2026\\\/01\\\/VOZOL-Vista-20000-Puffs-Elderflower-Grapefruit-Front.webp\",\"contentUrl\":\"https:\\\/\\\/vozolvapen.de\\\/wp-content\\\/uploads\\\/2026\\\/01\\\/VOZOL-Vista-20000-Puffs-Elderflower-Grapefruit-Front.webp\",\"width\":1080,\"height\":1080,\"caption\":\"VOZOL Vista 20000 Puffs -Elderflower Grapefruit Front\"},{\"@type\":\"BreadcrumbList\",\"@id\":\"https:\\\/\\\/vozolvapen.de\\\/product\\\/vozol-vista-20000-puffs-elderflower-grapefruit\\\/#breadcrumb\",\"itemListElement\":[{\"@type\":\"ListItem\",\"position\":1,\"name\":\"Home\",\"item\":\"https:\\\/\\\/vozolvapen.de\\\/de\\\/\"},{\"@type\":\"ListItem\",\"position\":2,\"name\":\"Shop\",\"item\":\"https:\\\/\\\/vozolvapen.de\\\/shop\\\/\"},{\"@type\":\"ListItem\",\"position\":3,\"name\":\"VOZOL Vista 20000 Puffs &#8211; Elderflower Grapefruit\"}]},{\"@type\":\"WebSite\",\"@id\":\"https:\\\/\\\/vozolvapen.de\\\/#website\",\"url\":\"https:\\\/\\\/vozolvapen.de\\\/\",\"name\":\"vozolvapen\",\"description\":\"vozolvapen\",\"publisher\":{\"@id\":\"https:\\\/\\\/vozolvapen.de\\\/#organization\"},\"potentialAction\":[{\"@type\":\"SearchAction\",\"target\":{\"@type\":\"EntryPoint\",\"urlTemplate\":\"https:\\\/\\\/vozolvapen.de\\\/?s={search_term_string}\"},\"query-input\":{\"@type\":\"PropertyValueSpecification\",\"valueRequired\":true,\"valueName\":\"search_term_string\"}}],\"inLanguage\":\"pl-PL\"},{\"@type\":\"Organization\",\"@id\":\"https:\\\/\\\/vozolvapen.de\\\/#organization\",\"name\":\"vozolvapen\",\"url\":\"https:\\\/\\\/vozolvapen.de\\\/\",\"logo\":{\"@type\":\"ImageObject\",\"inLanguage\":\"pl-PL\",\"@id\":\"https:\\\/\\\/vozolvapen.de\\\/#\\\/schema\\\/logo\\\/image\\\/\",\"url\":\"https:\\\/\\\/vozolvapen.de\\\/wp-content\\\/uploads\\\/2025\\\/12\\\/cropped-vozovapen-logo.webp\",\"contentUrl\":\"https:\\\/\\\/vozolvapen.de\\\/wp-content\\\/uploads\\\/2025\\\/12\\\/cropped-vozovapen-logo.webp\",\"width\":470,\"height\":110,\"caption\":\"vozolvapen\"},\"image\":{\"@id\":\"https:\\\/\\\/vozolvapen.de\\\/#\\\/schema\\\/logo\\\/image\\\/\"}}]}<\/script>\n<!-- \/ Yoast SEO Premium plugin. -->","yoast_head_json":{"title":"Elderflower Grapefruit | Vozol Vista | 20k Vozol Vape - vozolvapen","description":"Wyrafinowany Elderflower Grapefruit VOZOL Vista 20000. 20 tys. zaci\u0105gni\u0119\u0107, botaniczny aromat i 6-stopniowa regulacja mocy. Szybka wysy\u0142ka z magazynu w UE.","robots":{"index":"index","follow":"follow","max-snippet":"max-snippet:-1","max-image-preview":"max-image-preview:large","max-video-preview":"max-video-preview:-1"},"canonical":"https:\/\/vozolvapen.de\/pl\/product\/vozol-vista-20000-puffs-elderflower-grapefruit\/","og_locale":"pl_PL","og_type":"article","og_title":"VOZOL Vista 20000 Puffs - Elderflower Grapefruit","og_description":"Sophisticated Elderflower Grapefruit VOZOL Vista 20000. 20k puffs, botanical flavor & 6-level power control. Fast shipping from EU warehouse.","og_url":"https:\/\/vozolvapen.de\/pl\/product\/vozol-vista-20000-puffs-elderflower-grapefruit\/","og_site_name":"vozolvapen","article_modified_time":"2026-02-10T10:44:58+00:00","og_image":[{"width":1080,"height":1080,"url":"https:\/\/vozolvapen.de\/wp-content\/uploads\/2026\/01\/VOZOL-Vista-20000-Puffs-Elderflower-Grapefruit-Front.webp","type":"image\/webp"}],"twitter_card":"summary_large_image","twitter_misc":{"Szacowany czas czytania":"2 minuty"},"schema":{"@context":"https:\/\/schema.org","@graph":[{"@type":"WebPage","@id":"https:\/\/vozolvapen.de\/product\/vozol-vista-20000-puffs-elderflower-grapefruit\/","url":"https:\/\/vozolvapen.de\/product\/vozol-vista-20000-puffs-elderflower-grapefruit\/","name":"Elderflower Grapefruit | Vozol Vista | 20k Vozol Vape - vozolvapen","isPartOf":{"@id":"https:\/\/vozolvapen.de\/#website"},"primaryImageOfPage":{"@id":"https:\/\/vozolvapen.de\/product\/vozol-vista-20000-puffs-elderflower-grapefruit\/#primaryimage"},"image":{"@id":"https:\/\/vozolvapen.de\/product\/vozol-vista-20000-puffs-elderflower-grapefruit\/#primaryimage"},"thumbnailUrl":"https:\/\/vozolvapen.de\/wp-content\/uploads\/2026\/01\/VOZOL-Vista-20000-Puffs-Elderflower-Grapefruit-Front.webp","datePublished":"2026-01-12T06:13:54+00:00","dateModified":"2026-02-10T10:44:58+00:00","description":"Wyrafinowany Elderflower Grapefruit VOZOL Vista 20000. 20 tys. zaci\u0105gni\u0119\u0107, botaniczny aromat i 6-stopniowa regulacja mocy. Szybka wysy\u0142ka z magazynu w UE.","breadcrumb":{"@id":"https:\/\/vozolvapen.de\/product\/vozol-vista-20000-puffs-elderflower-grapefruit\/#breadcrumb"},"inLanguage":"pl-PL","potentialAction":[{"@type":"ReadAction","target":["https:\/\/vozolvapen.de\/product\/vozol-vista-20000-puffs-elderflower-grapefruit\/"]}]},{"@type":"ImageObject","inLanguage":"pl-PL","@id":"https:\/\/vozolvapen.de\/product\/vozol-vista-20000-puffs-elderflower-grapefruit\/#primaryimage","url":"https:\/\/vozolvapen.de\/wp-content\/uploads\/2026\/01\/VOZOL-Vista-20000-Puffs-Elderflower-Grapefruit-Front.webp","contentUrl":"https:\/\/vozolvapen.de\/wp-content\/uploads\/2026\/01\/VOZOL-Vista-20000-Puffs-Elderflower-Grapefruit-Front.webp","width":1080,"height":1080,"caption":"VOZOL Vista 20000 Puffs -Elderflower Grapefruit Front"},{"@type":"BreadcrumbList","@id":"https:\/\/vozolvapen.de\/product\/vozol-vista-20000-puffs-elderflower-grapefruit\/#breadcrumb","itemListElement":[{"@type":"ListItem","position":1,"name":"Home","item":"https:\/\/vozolvapen.de\/de\/"},{"@type":"ListItem","position":2,"name":"Shop","item":"https:\/\/vozolvapen.de\/shop\/"},{"@type":"ListItem","position":3,"name":"VOZOL Vista 20000 Puffs &#8211; Elderflower Grapefruit"}]},{"@type":"WebSite","@id":"https:\/\/vozolvapen.de\/#website","url":"https:\/\/vozolvapen.de\/","name":"vozolvapen","description":"vozolvapen","publisher":{"@id":"https:\/\/vozolvapen.de\/#organization"},"potentialAction":[{"@type":"SearchAction","target":{"@type":"EntryPoint","urlTemplate":"https:\/\/vozolvapen.de\/?s={search_term_string}"},"query-input":{"@type":"PropertyValueSpecification","valueRequired":true,"valueName":"search_term_string"}}],"inLanguage":"pl-PL"},{"@type":"Organization","@id":"https:\/\/vozolvapen.de\/#organization","name":"vozolvapen","url":"https:\/\/vozolvapen.de\/","logo":{"@type":"ImageObject","inLanguage":"pl-PL","@id":"https:\/\/vozolvapen.de\/#\/schema\/logo\/image\/","url":"https:\/\/vozolvapen.de\/wp-content\/uploads\/2025\/12\/cropped-vozovapen-logo.webp","contentUrl":"https:\/\/vozolvapen.de\/wp-content\/uploads\/2025\/12\/cropped-vozovapen-logo.webp","width":470,"height":110,"caption":"vozolvapen"},"image":{"@id":"https:\/\/vozolvapen.de\/#\/schema\/logo\/image\/"}}]}},"tiered_pricing_type":"fixed","tiered_pricing_fixed_rules":{"30":"13.5","50":"10.89","100":"10.39","200":"9.8"},"tiered_pricing_product_settings":{"layout":"default","base_unit_name":{"singular":null,"plural":null},"default_variation":{}},"tiered_pricing_minimum_quantity":10,"tiered_pricing_roles_data":[],"tiered_pricing_percentage_rules":[],"tiered_pricing_maximum_quantity":null,"tiered_pricing_quantity_step":"10","_links":{"self":[{"href":"http:\/\/vozolvapen.de\/pl\/wp-json\/wp\/v2\/product\/60003","targetHints":{"allow":["GET"]}}],"collection":[{"href":"http:\/\/vozolvapen.de\/pl\/wp-json\/wp\/v2\/product"}],"about":[{"href":"http:\/\/vozolvapen.de\/pl\/wp-json\/wp\/v2\/types\/product"}],"replies":[{"embeddable":true,"href":"http:\/\/vozolvapen.de\/pl\/wp-json\/wp\/v2\/comments?post=60003"}],"wp:featuredmedia":[{"embeddable":true,"href":"http:\/\/vozolvapen.de\/pl\/wp-json\/wp\/v2\/media\/60173"}],"wp:attachment":[{"href":"http:\/\/vozolvapen.de\/pl\/wp-json\/wp\/v2\/media?parent=60003"}],"wp:term":[{"taxonomy":"product_brand","embeddable":true,"href":"http:\/\/vozolvapen.de\/pl\/wp-json\/wp\/v2\/product_brand?post=60003"},{"taxonomy":"product_cat","embeddable":true,"href":"http:\/\/vozolvapen.de\/pl\/wp-json\/wp\/v2\/product_cat?post=60003"},{"taxonomy":"product_tag","embeddable":true,"href":"http:\/\/vozolvapen.de\/pl\/wp-json\/wp\/v2\/product_tag?post=60003"}],"curies":[{"name":"wp","href":"https:\/\/api.w.org\/{rel}","templated":true}]}}