{"id":60025,"date":"2026-01-12T06:13:56","date_gmt":"2026-01-12T06:13:56","guid":{"rendered":"https:\/\/vozolvapen.de\/?post_type=product&#038;p=60025"},"modified":"2026-02-10T10:44:56","modified_gmt":"2026-02-10T10:44:56","slug":"vozol-vista-20000-puffs-grape-ice","status":"publish","type":"product","link":"http:\/\/vozolvapen.de\/pl\/product\/vozol-vista-20000-puffs-grape-ice\/","title":{"rendered":"VOZOL Vista 20000 Puffs - Grape Ice"},"content":{"rendered":"<h1 data-path-to-node=\"25\"><b data-path-to-node=\"25\" data-index-in-node=\"0\">VOZOL Vista 20000 Puffs jednorazowe Vape - smak lodu winogronowego<\/b><\/h1>\n<p data-path-to-node=\"26\"><b data-path-to-node=\"26\" data-index-in-node=\"0\">L\u00f3d winogronowy<\/b> zapewnia intensywne, dojrza\u0142e winogronowe doznania z masywnym, zmro\u017conym finiszem. To <b data-path-to-node=\"26\" data-index-in-node=\"96\">Vozol Vista 20k<\/b> Staple smakuje jak sch\u0142odzony sok z winogron concord, zapewniaj\u0105c bogat\u0105 fioletow\u0105 s\u0142odycz podczas wdechu i rze\u015bki, arktyczny wydech. Dzi\u0119ki podw\u00f3jnym cewkom siatkowym smak winogron pozostaje \u201cidentyczny\u201d i \u015bwie\u017cy przez wszystkie 20 000 zaci\u0105gni\u0119\u0107.<\/p>\n<h2 data-path-to-node=\"27\"><b data-path-to-node=\"27\" data-index-in-node=\"0\">Dlaczego warto wybra\u0107 Vozol Vista 20000 Grape Ice?<\/b><\/h2>\n<ul data-path-to-node=\"28\">\n<li>\n<p data-path-to-node=\"28,0,0\"><b data-path-to-node=\"28,0,0\" data-index-in-node=\"0\">Esencja smakowa:<\/b> Smak winogron o wysokim nasyceniu, kt\u00f3ry unika nadmiernej syropowato\u015bci, zr\u00f3wnowa\u017cony mocnym efektem lodu.<\/p>\n<\/li>\n<li>\n<p data-path-to-node=\"28,1,0\"><b data-path-to-node=\"28,1,0\" data-index-in-node=\"0\">S.i.L.C Tech:<\/b> Zapewnia, \u017ce cukry winogronowe nigdy nie karmelizuj\u0105 si\u0119 ani nie s\u0105 przypalone, zapewniaj\u0105c czysty smak przez ca\u0142y czas.<\/p>\n<\/li>\n<li>\n<p data-path-to-node=\"28,2,0\"><b data-path-to-node=\"28,2,0\" data-index-in-node=\"0\">Wysy\u0142ka z magazynu w UE:<\/b> Szybka dostawa winogron w ci\u0105gu 1-3 dni na terenie ca\u0142ej Europy.<\/p>\n<\/li>\n<\/ul>\n<h2 data-path-to-node=\"14\"><b data-path-to-node=\"14\" data-index-in-node=\"0\">Grape Ice - profil smakowy<\/b><\/h2>\n<ul data-path-to-node=\"15\">\n<li>\n<p data-path-to-node=\"15,0,0\"><b data-path-to-node=\"15,0,0\" data-index-in-node=\"0\">Icy\/Coolness:<\/b> \u2605\u2605\u2605\u2605\u2605 (5\/5) - Maksymalny poziom zamro\u017cenia m\u00f3zgu dla fan\u00f3w mocnego mentolu.<\/p>\n<\/li>\n<li>\n<p data-path-to-node=\"15,1,0\"><b data-path-to-node=\"15,1,0\" data-index-in-node=\"0\">S\u0142odycz:<\/b> \u2605\u2605\u2605\u2605\u2606 (4\/5) - Klasyczna s\u0142odycz winogron concord, bogata i wype\u0142niaj\u0105ca usta.<\/p>\n<\/li>\n<li>\n<p data-path-to-node=\"15,2,0\"><b data-path-to-node=\"15,2,0\" data-index-in-node=\"0\">Aromat:<\/b> \u2605\u2605\u2605\u2605\u2606 (4\/5) - Mocny zapach dojrza\u0142ych winogron, kt\u00f3ry przyjemnie si\u0119 utrzymuje.<\/p>\n<\/li>\n<\/ul>\n<h2 data-path-to-node=\"4\"><b data-path-to-node=\"4\" data-index-in-node=\"0\">Silnik techniczny VOZOL Vista 20000<\/b><\/h2>\n<ul data-path-to-node=\"5\">\n<li>\n<p data-path-to-node=\"5,0,0\"><b data-path-to-node=\"5,0,0\" data-index-in-node=\"0\">Wydajno\u015b\u0107 modelu:<\/b> <b data-path-to-node=\"5,0,0\" data-index-in-node=\"19\">VOZOL Vista 20k<\/b> High-Output Edition<\/p>\n<\/li>\n<li>\n<p data-path-to-node=\"5,1,0\"><b data-path-to-node=\"5,1,0\" data-index-in-node=\"0\">Atomization Core:<\/b> Cewka z podw\u00f3jn\u0105 siatk\u0105 (0,65\u03a9 x 2) dla maksymalnej g\u0119sto\u015bci chmury<\/p>\n<\/li>\n<li>\n<p data-path-to-node=\"5,2,0\"><b data-path-to-node=\"5,2,0\" data-index-in-node=\"0\">Personalizacja pary:<\/b> 6-stopniowe pokr\u0119t\u0142o regulacji mocy<\/p>\n<\/li>\n<li>\n<p data-path-to-node=\"5,3,0\"><b data-path-to-node=\"5,3,0\" data-index-in-node=\"0\">D\u0142ugowieczno\u015b\u0107 smaku:<\/b> S.i.L.C Tech (G\u0142adki, Identyczny, D\u0142ugotrwa\u0142y, Czysty)<\/p>\n<\/li>\n<li>\n<p data-path-to-node=\"5,4,0\"><b data-path-to-node=\"5,4,0\" data-index-in-node=\"0\">Pojemno\u015b\u0107 E-Liquid:<\/b> Bardzo du\u017cy zbiornik 20 ml<\/p>\n<\/li>\n<li>\n<p data-path-to-node=\"5,5,0\"><b data-path-to-node=\"5,5,0\" data-index-in-node=\"0\">Total Puffs:<\/b> Do 20 000 (dynamiczna regulacja w zale\u017cno\u015bci od mocy)<\/p>\n<\/li>\n<li>\n<p data-path-to-node=\"5,6,0\"><b data-path-to-node=\"5,6,0\" data-index-in-node=\"0\">\u0179r\u00f3d\u0142o zasilania:<\/b> Akumulator kobaltowy 650 mAh<\/p>\n<\/li>\n<\/ul>\n<h3 dir=\"auto\">Oto dalsze zalecenia dla Ciebie:<\/h3>\n<p dir=\"auto\">Odkryj jeszcze wi\u0119cej niesamowitych smak\u00f3w dzi\u0119ki VOZOL Vista 20000 Puff Vape!<\/p>\n<p dir=\"auto\"><a href=\"https:\/\/vozolvapen.de\/pl\/product-category\/vozol-vape\/vozol-vista-20000-puffs-vape\/\" target=\"_blank\" rel=\"noopener noreferrer nofollow\">Zobacz wszystkie odmiany tutaj \u2192<\/a><\/p>\n<p dir=\"auto\">Zapoznaj si\u0119 z nasz\u0105 pe\u0142n\u0105 kolekcj\u0105 i kupuj produkty najlepszych marek vape, kt\u00f3re pokochasz.<\/p>\n<p dir=\"auto\"><a href=\"https:\/\/vozolvapen.de\/pl\/\" target=\"_blank\" rel=\"noopener noreferrer nofollow\">Przegl\u0105daj teraz wszystkie marki \u2192<\/a><\/p>\n<p dir=\"auto\">Sprawd\u017a ca\u0142\u0105 seri\u0119 VOZOL Vape - ka\u017cdy smak, ka\u017cdy styl!<\/p>\n<p dir=\"auto\"><a href=\"https:\/\/vozolvapen.de\/pl\/product-category\/vozol-vape\/\" target=\"_blank\" rel=\"noopener noreferrer nofollow\">Zobacz pe\u0142n\u0105 kolekcj\u0119 VOZOL Vape \u2192<\/a><\/p>","protected":false},"excerpt":{"rendered":"<p>G\u0142\u0119boki fioletowy szron. The <b data-path-to-node=\"15\" data-index-in-node=\"265\">Vozol Vista 20000<\/b> Grape Ice zapewnia nasycon\u0105 s\u0142odycz winogron concord z mocnym mentolowym wyko\u0144czeniem. The <b data-path-to-node=\"15\" data-index-in-node=\"377\">6-stopniowa regulacja mocy<\/b> Pozwala dostosowa\u0107 intensywno\u015b\u0107 \u201cuderzenia w gard\u0142o\u201d, dzi\u0119ki czemu jest to najbardziej wszechstronne winogrono. <b data-path-to-node=\"15\" data-index-in-node=\"490\">Vozol vape 20000<\/b> na rynku.<\/p>","protected":false},"featured_media":60178,"comment_status":"open","ping_status":"closed","template":"","meta":{"_acf_changed":false},"product_brand":[],"product_cat":[134,115],"product_tag":[],"class_list":{"0":"post-60025","1":"product","2":"type-product","3":"status-publish","4":"has-post-thumbnail","6":"product_cat-eu-warehouse-in-stock","7":"product_cat-vozol-vista-20000-puffs-vape","9":"first","10":"instock","11":"shipping-taxable","12":"purchasable","13":"product-type-variable"},"acf":[],"yoast_head":"<!-- This site is optimized with the Yoast SEO Premium plugin v26.1 (Yoast SEO v27.5) - https:\/\/yoast.com\/product\/yoast-seo-premium-wordpress\/ -->\n<title>Grape Ice | VOZOL Vista 20000 | Vozol Vista Pods - vozolvapen<\/title>\n<meta name=\"description\" content=\"Intense Grape Ice VOZOL Vista 20k. 20,000 puffs of frozen purple grape. Features 6-level wattage and HD mirror screen. Best Vozol puffs 2026.\" \/>\n<meta name=\"robots\" content=\"index, follow, max-snippet:-1, max-image-preview:large, max-video-preview:-1\" \/>\n<link rel=\"canonical\" href=\"https:\/\/vozolvapen.de\/pl\/product\/vozol-vista-20000-puffs-grape-ice\/\" \/>\n<meta property=\"og:locale\" content=\"pl_PL\" \/>\n<meta property=\"og:type\" content=\"article\" \/>\n<meta property=\"og:title\" content=\"VOZOL Vista 20000 Puffs - Grape Ice\" \/>\n<meta property=\"og:description\" content=\"Intense Grape Ice VOZOL Vista 20k. 20,000 puffs of frozen purple grape. Features 6-level wattage and HD mirror screen. Best Vozol puffs 2026.\" \/>\n<meta property=\"og:url\" content=\"https:\/\/vozolvapen.de\/pl\/product\/vozol-vista-20000-puffs-grape-ice\/\" \/>\n<meta property=\"og:site_name\" content=\"vozolvapen\" \/>\n<meta property=\"article:modified_time\" content=\"2026-02-10T10:44:56+00:00\" \/>\n<meta property=\"og:image\" content=\"https:\/\/vozolvapen.de\/wp-content\/uploads\/2026\/01\/VOZOL-Vista-20000-Puffs-Grape-Ice-Front.webp\" \/>\n\t<meta property=\"og:image:width\" content=\"1080\" \/>\n\t<meta property=\"og:image:height\" content=\"1080\" \/>\n\t<meta property=\"og:image:type\" content=\"image\/webp\" \/>\n<meta name=\"twitter:card\" content=\"summary_large_image\" \/>\n<meta name=\"twitter:label1\" content=\"Szacowany czas czytania\" \/>\n\t<meta name=\"twitter:data1\" content=\"2 minuty\" \/>\n<script type=\"application\/ld+json\" class=\"yoast-schema-graph\">{\"@context\":\"https:\\\/\\\/schema.org\",\"@graph\":[{\"@type\":\"WebPage\",\"@id\":\"https:\\\/\\\/vozolvapen.de\\\/product\\\/vozol-vista-20000-puffs-grape-ice\\\/\",\"url\":\"https:\\\/\\\/vozolvapen.de\\\/product\\\/vozol-vista-20000-puffs-grape-ice\\\/\",\"name\":\"Grape Ice | VOZOL Vista 20000 | Vozol Vista Pods - vozolvapen\",\"isPartOf\":{\"@id\":\"https:\\\/\\\/vozolvapen.de\\\/#website\"},\"primaryImageOfPage\":{\"@id\":\"https:\\\/\\\/vozolvapen.de\\\/product\\\/vozol-vista-20000-puffs-grape-ice\\\/#primaryimage\"},\"image\":{\"@id\":\"https:\\\/\\\/vozolvapen.de\\\/product\\\/vozol-vista-20000-puffs-grape-ice\\\/#primaryimage\"},\"thumbnailUrl\":\"https:\\\/\\\/vozolvapen.de\\\/wp-content\\\/uploads\\\/2026\\\/01\\\/VOZOL-Vista-20000-Puffs-Grape-Ice-Front.webp\",\"datePublished\":\"2026-01-12T06:13:56+00:00\",\"dateModified\":\"2026-02-10T10:44:56+00:00\",\"description\":\"Intense Grape Ice VOZOL Vista 20k. 20,000 puffs of frozen purple grape. Features 6-level wattage and HD mirror screen. Best Vozol puffs 2026.\",\"breadcrumb\":{\"@id\":\"https:\\\/\\\/vozolvapen.de\\\/product\\\/vozol-vista-20000-puffs-grape-ice\\\/#breadcrumb\"},\"inLanguage\":\"pl-PL\",\"potentialAction\":[{\"@type\":\"ReadAction\",\"target\":[\"https:\\\/\\\/vozolvapen.de\\\/product\\\/vozol-vista-20000-puffs-grape-ice\\\/\"]}]},{\"@type\":\"ImageObject\",\"inLanguage\":\"pl-PL\",\"@id\":\"https:\\\/\\\/vozolvapen.de\\\/product\\\/vozol-vista-20000-puffs-grape-ice\\\/#primaryimage\",\"url\":\"https:\\\/\\\/vozolvapen.de\\\/wp-content\\\/uploads\\\/2026\\\/01\\\/VOZOL-Vista-20000-Puffs-Grape-Ice-Front.webp\",\"contentUrl\":\"https:\\\/\\\/vozolvapen.de\\\/wp-content\\\/uploads\\\/2026\\\/01\\\/VOZOL-Vista-20000-Puffs-Grape-Ice-Front.webp\",\"width\":1080,\"height\":1080,\"caption\":\"VOZOL Vista 20000 Puffs -Grape Ice Front\"},{\"@type\":\"BreadcrumbList\",\"@id\":\"https:\\\/\\\/vozolvapen.de\\\/product\\\/vozol-vista-20000-puffs-grape-ice\\\/#breadcrumb\",\"itemListElement\":[{\"@type\":\"ListItem\",\"position\":1,\"name\":\"Home\",\"item\":\"https:\\\/\\\/vozolvapen.de\\\/de\\\/\"},{\"@type\":\"ListItem\",\"position\":2,\"name\":\"Shop\",\"item\":\"https:\\\/\\\/vozolvapen.de\\\/shop\\\/\"},{\"@type\":\"ListItem\",\"position\":3,\"name\":\"VOZOL Vista 20000 Puffs &#8211; Grape Ice\"}]},{\"@type\":\"WebSite\",\"@id\":\"https:\\\/\\\/vozolvapen.de\\\/#website\",\"url\":\"https:\\\/\\\/vozolvapen.de\\\/\",\"name\":\"vozolvapen\",\"description\":\"vozolvapen\",\"publisher\":{\"@id\":\"https:\\\/\\\/vozolvapen.de\\\/#organization\"},\"potentialAction\":[{\"@type\":\"SearchAction\",\"target\":{\"@type\":\"EntryPoint\",\"urlTemplate\":\"https:\\\/\\\/vozolvapen.de\\\/?s={search_term_string}\"},\"query-input\":{\"@type\":\"PropertyValueSpecification\",\"valueRequired\":true,\"valueName\":\"search_term_string\"}}],\"inLanguage\":\"pl-PL\"},{\"@type\":\"Organization\",\"@id\":\"https:\\\/\\\/vozolvapen.de\\\/#organization\",\"name\":\"vozolvapen\",\"url\":\"https:\\\/\\\/vozolvapen.de\\\/\",\"logo\":{\"@type\":\"ImageObject\",\"inLanguage\":\"pl-PL\",\"@id\":\"https:\\\/\\\/vozolvapen.de\\\/#\\\/schema\\\/logo\\\/image\\\/\",\"url\":\"https:\\\/\\\/vozolvapen.de\\\/wp-content\\\/uploads\\\/2025\\\/12\\\/cropped-vozovapen-logo.webp\",\"contentUrl\":\"https:\\\/\\\/vozolvapen.de\\\/wp-content\\\/uploads\\\/2025\\\/12\\\/cropped-vozovapen-logo.webp\",\"width\":470,\"height\":110,\"caption\":\"vozolvapen\"},\"image\":{\"@id\":\"https:\\\/\\\/vozolvapen.de\\\/#\\\/schema\\\/logo\\\/image\\\/\"}}]}<\/script>\n<!-- \/ Yoast SEO Premium plugin. -->","yoast_head_json":{"title":"Grape Ice | VOZOL Vista 20000 | Vozol Vista Pods - vozolvapen","description":"Intensywny l\u00f3d winogronowy VOZOL Vista 20k. 20 000 zaci\u0105gni\u0119\u0107 zamro\u017conego fioletowego lodu winogronowego. Posiada 6 poziom\u00f3w mocy i lustrzany ekran HD. Najlepsze pufy Vozol 2026.","robots":{"index":"index","follow":"follow","max-snippet":"max-snippet:-1","max-image-preview":"max-image-preview:large","max-video-preview":"max-video-preview:-1"},"canonical":"https:\/\/vozolvapen.de\/pl\/product\/vozol-vista-20000-puffs-grape-ice\/","og_locale":"pl_PL","og_type":"article","og_title":"VOZOL Vista 20000 Puffs - Grape Ice","og_description":"Intense Grape Ice VOZOL Vista 20k. 20,000 puffs of frozen purple grape. Features 6-level wattage and HD mirror screen. Best Vozol puffs 2026.","og_url":"https:\/\/vozolvapen.de\/pl\/product\/vozol-vista-20000-puffs-grape-ice\/","og_site_name":"vozolvapen","article_modified_time":"2026-02-10T10:44:56+00:00","og_image":[{"width":1080,"height":1080,"url":"https:\/\/vozolvapen.de\/wp-content\/uploads\/2026\/01\/VOZOL-Vista-20000-Puffs-Grape-Ice-Front.webp","type":"image\/webp"}],"twitter_card":"summary_large_image","twitter_misc":{"Szacowany czas czytania":"2 minuty"},"schema":{"@context":"https:\/\/schema.org","@graph":[{"@type":"WebPage","@id":"https:\/\/vozolvapen.de\/product\/vozol-vista-20000-puffs-grape-ice\/","url":"https:\/\/vozolvapen.de\/product\/vozol-vista-20000-puffs-grape-ice\/","name":"Grape Ice | VOZOL Vista 20000 | Vozol Vista Pods - vozolvapen","isPartOf":{"@id":"https:\/\/vozolvapen.de\/#website"},"primaryImageOfPage":{"@id":"https:\/\/vozolvapen.de\/product\/vozol-vista-20000-puffs-grape-ice\/#primaryimage"},"image":{"@id":"https:\/\/vozolvapen.de\/product\/vozol-vista-20000-puffs-grape-ice\/#primaryimage"},"thumbnailUrl":"https:\/\/vozolvapen.de\/wp-content\/uploads\/2026\/01\/VOZOL-Vista-20000-Puffs-Grape-Ice-Front.webp","datePublished":"2026-01-12T06:13:56+00:00","dateModified":"2026-02-10T10:44:56+00:00","description":"Intensywny l\u00f3d winogronowy VOZOL Vista 20k. 20 000 zaci\u0105gni\u0119\u0107 zamro\u017conego fioletowego lodu winogronowego. Posiada 6 poziom\u00f3w mocy i lustrzany ekran HD. Najlepsze pufy Vozol 2026.","breadcrumb":{"@id":"https:\/\/vozolvapen.de\/product\/vozol-vista-20000-puffs-grape-ice\/#breadcrumb"},"inLanguage":"pl-PL","potentialAction":[{"@type":"ReadAction","target":["https:\/\/vozolvapen.de\/product\/vozol-vista-20000-puffs-grape-ice\/"]}]},{"@type":"ImageObject","inLanguage":"pl-PL","@id":"https:\/\/vozolvapen.de\/product\/vozol-vista-20000-puffs-grape-ice\/#primaryimage","url":"https:\/\/vozolvapen.de\/wp-content\/uploads\/2026\/01\/VOZOL-Vista-20000-Puffs-Grape-Ice-Front.webp","contentUrl":"https:\/\/vozolvapen.de\/wp-content\/uploads\/2026\/01\/VOZOL-Vista-20000-Puffs-Grape-Ice-Front.webp","width":1080,"height":1080,"caption":"VOZOL Vista 20000 Puffs -Grape Ice Front"},{"@type":"BreadcrumbList","@id":"https:\/\/vozolvapen.de\/product\/vozol-vista-20000-puffs-grape-ice\/#breadcrumb","itemListElement":[{"@type":"ListItem","position":1,"name":"Home","item":"https:\/\/vozolvapen.de\/de\/"},{"@type":"ListItem","position":2,"name":"Shop","item":"https:\/\/vozolvapen.de\/shop\/"},{"@type":"ListItem","position":3,"name":"VOZOL Vista 20000 Puffs &#8211; Grape Ice"}]},{"@type":"WebSite","@id":"https:\/\/vozolvapen.de\/#website","url":"https:\/\/vozolvapen.de\/","name":"vozolvapen","description":"vozolvapen","publisher":{"@id":"https:\/\/vozolvapen.de\/#organization"},"potentialAction":[{"@type":"SearchAction","target":{"@type":"EntryPoint","urlTemplate":"https:\/\/vozolvapen.de\/?s={search_term_string}"},"query-input":{"@type":"PropertyValueSpecification","valueRequired":true,"valueName":"search_term_string"}}],"inLanguage":"pl-PL"},{"@type":"Organization","@id":"https:\/\/vozolvapen.de\/#organization","name":"vozolvapen","url":"https:\/\/vozolvapen.de\/","logo":{"@type":"ImageObject","inLanguage":"pl-PL","@id":"https:\/\/vozolvapen.de\/#\/schema\/logo\/image\/","url":"https:\/\/vozolvapen.de\/wp-content\/uploads\/2025\/12\/cropped-vozovapen-logo.webp","contentUrl":"https:\/\/vozolvapen.de\/wp-content\/uploads\/2025\/12\/cropped-vozovapen-logo.webp","width":470,"height":110,"caption":"vozolvapen"},"image":{"@id":"https:\/\/vozolvapen.de\/#\/schema\/logo\/image\/"}}]}},"tiered_pricing_type":"fixed","tiered_pricing_fixed_rules":{"30":"13.5","50":"10.89","100":"10.39","200":"9.8"},"tiered_pricing_product_settings":{"layout":"default","base_unit_name":{"singular":null,"plural":null},"default_variation":{}},"tiered_pricing_minimum_quantity":10,"tiered_pricing_roles_data":[],"tiered_pricing_percentage_rules":[],"tiered_pricing_maximum_quantity":null,"tiered_pricing_quantity_step":"10","_links":{"self":[{"href":"http:\/\/vozolvapen.de\/pl\/wp-json\/wp\/v2\/product\/60025","targetHints":{"allow":["GET"]}}],"collection":[{"href":"http:\/\/vozolvapen.de\/pl\/wp-json\/wp\/v2\/product"}],"about":[{"href":"http:\/\/vozolvapen.de\/pl\/wp-json\/wp\/v2\/types\/product"}],"replies":[{"embeddable":true,"href":"http:\/\/vozolvapen.de\/pl\/wp-json\/wp\/v2\/comments?post=60025"}],"wp:featuredmedia":[{"embeddable":true,"href":"http:\/\/vozolvapen.de\/pl\/wp-json\/wp\/v2\/media\/60178"}],"wp:attachment":[{"href":"http:\/\/vozolvapen.de\/pl\/wp-json\/wp\/v2\/media?parent=60025"}],"wp:term":[{"taxonomy":"product_brand","embeddable":true,"href":"http:\/\/vozolvapen.de\/pl\/wp-json\/wp\/v2\/product_brand?post=60025"},{"taxonomy":"product_cat","embeddable":true,"href":"http:\/\/vozolvapen.de\/pl\/wp-json\/wp\/v2\/product_cat?post=60025"},{"taxonomy":"product_tag","embeddable":true,"href":"http:\/\/vozolvapen.de\/pl\/wp-json\/wp\/v2\/product_tag?post=60025"}],"curies":[{"name":"wp","href":"https:\/\/api.w.org\/{rel}","templated":true}]}}