{"id":60069,"date":"2026-01-12T06:13:59","date_gmt":"2026-01-12T06:13:59","guid":{"rendered":"https:\/\/vozolvapen.de\/?post_type=product&#038;p=60069"},"modified":"2026-02-10T10:44:51","modified_gmt":"2026-02-10T10:44:51","slug":"vozol-vista-20000-puffs-lemon-lime","status":"publish","type":"product","link":"http:\/\/vozolvapen.de\/pl\/product\/vozol-vista-20000-puffs-lemon-lime\/","title":{"rendered":"VOZOL Vista 20000 Puffs - Lemon Lime"},"content":{"rendered":"<h1 data-path-to-node=\"35\"><b data-path-to-node=\"35\" data-index-in-node=\"0\">VOZOL Vista 20000 Puffs jednorazowe Vape - smak cytrynowo-limonkowy<\/b><\/h1>\n<p data-path-to-node=\"36\"><b data-path-to-node=\"36\" data-index-in-node=\"0\">Lemon Lime<\/b> jest najlepszym \u015brodkiem oczyszczaj\u0105cym podniebienie w <b data-path-to-node=\"36\" data-index-in-node=\"50\">Str\u0105ki Vozol Vista<\/b> sk\u0142ad. Oferuje ostry, pikantny cytrusowy duet, kt\u00f3ry na\u015bladuje zimn\u0105 szklank\u0119 sody cytrynowo-limonkowej. Jest jasny, cierpki i niesamowicie nawil\u017caj\u0105cy. Idealny dla tych, kt\u00f3rzy chc\u0105 czystego, ca\u0142odziennego wapowania bez ci\u0119\u017ckiej s\u0142odyczy.<\/p>\n<h2 data-path-to-node=\"37\"><b data-path-to-node=\"37\" data-index-in-node=\"0\">Dlaczego warto wybra\u0107 Vozol Vista 20000 Lemon Lime?<\/b><\/h2>\n<ul data-path-to-node=\"38\">\n<li>\n<p data-path-to-node=\"38,0,0\"><b data-path-to-node=\"38,0,0\" data-index-in-node=\"0\">Esencja smakowa:<\/b> Wyrazisty, cytrusowy profil, kt\u00f3ry zapewnia pikantny \u201czing\u201d w ka\u017cdym zaci\u0105gni\u0119ciu.<\/p>\n<\/li>\n<li>\n<p data-path-to-node=\"38,1,0\"><b data-path-to-node=\"38,1,0\" data-index-in-node=\"0\">Konsystencja Dual Mesh:<\/b> Podw\u00f3jne cewki 0,65\u03a9 zapobiegaj\u0105 gorzknieniu cytrus\u00f3w, zachowuj\u0105c s\u0142odko-cierpk\u0105 r\u00f3wnowag\u0119.<\/p>\n<\/li>\n<li>\n<p data-path-to-node=\"38,2,0\"><b data-path-to-node=\"38,2,0\" data-index-in-node=\"0\">Inteligentny wy\u015bwietlacz:<\/b> Nigdy nie martw si\u0119, \u017ce zabraknie Ci soku w \u015brodku dnia; \u015bled\u017a swoje 20 ml soku cytrusowego na lustrzanym ekranie.<\/p>\n<\/li>\n<\/ul>\n<h2 data-path-to-node=\"20\"><b data-path-to-node=\"20\" data-index-in-node=\"0\">Lemon Lime - profil smakowy<\/b><\/h2>\n<ul data-path-to-node=\"21\">\n<li>\n<p data-path-to-node=\"21,0,0\"><b data-path-to-node=\"21,0,0\" data-index-in-node=\"0\">Icy\/Coolness:<\/b> \u2605\u2605\u2605\u2606\u2606 (3\/5) - Orze\u017awiaj\u0105cy i rze\u015bki, jak sch\u0142odzony cytrusowy spritzer.<\/p>\n<\/li>\n<li>\n<p data-path-to-node=\"21,1,0\"><b data-path-to-node=\"21,1,0\" data-index-in-node=\"0\">S\u0142odycz:<\/b> \u2605\u2605\u2606\u2606\u2606 (2\/5) - Ostry i cierpki, skupiaj\u0105cy si\u0119 raczej na kwa\u015bnym k\u0119sie cytrus\u00f3w ni\u017c na cukrze.<\/p>\n<\/li>\n<li>\n<p data-path-to-node=\"21,2,0\"><b data-path-to-node=\"21,2,0\" data-index-in-node=\"0\">Aromat:<\/b> \u2605\u2605\u2605\u2605\u2606 (4\/5) - Ostry, energetyzuj\u0105cy zapach, kt\u00f3ry oczyszcza podniebienie.<\/p>\n<\/li>\n<\/ul>\n<h2 data-path-to-node=\"14\"><b data-path-to-node=\"14\" data-index-in-node=\"0\">Standardy produktowe VOZOL Vista 20000<\/b><\/h2>\n<ul data-path-to-node=\"15\">\n<li>\n<p data-path-to-node=\"15,0,0\"><b data-path-to-node=\"15,0,0\" data-index-in-node=\"0\">Styl wapowania:<\/b> <b data-path-to-node=\"15,0,0\" data-index-in-node=\"14\">20k Vozol<\/b> Niestandardowy przep\u0142yw powietrza i moc<\/p>\n<\/li>\n<li>\n<p data-path-to-node=\"15,1,0\"><b data-path-to-node=\"15,1,0\" data-index-in-node=\"0\">St\u0119\u017cenie nikotyny:<\/b> 5% Wysoki poziom satysfakcji z nikotyny<\/p>\n<\/li>\n<li>\n<p data-path-to-node=\"15,2,0\"><b data-path-to-node=\"15,2,0\" data-index-in-node=\"0\">Logistyka:<\/b> Magazyn europejski (szybka dostawa w ci\u0105gu 1-3 dni)<\/p>\n<\/li>\n<li>\n<p data-path-to-node=\"15,3,0\"><b data-path-to-node=\"15,3,0\" data-index-in-node=\"0\">System cewek:<\/b> Podw\u00f3jna siatka 0,65\u03a9 zoptymalizowana pod k\u0105tem czystych, czystych uderze\u0144<\/p>\n<\/li>\n<li>\n<p data-path-to-node=\"15,4,0\"><b data-path-to-node=\"15,4,0\" data-index-in-node=\"0\">Funkcje bezpiecze\u0144stwa:<\/b> Inteligentna ochrona chip\u00f3w do zarz\u0105dzania ciep\u0142em i bateri\u0105<\/p>\n<\/li>\n<li>\n<p data-path-to-node=\"15,5,0\"><b data-path-to-node=\"15,5,0\" data-index-in-node=\"0\">Przeno\u015bno\u015b\u0107:<\/b> Kompaktowa, przezroczysta konstrukcja pasuje do nowoczesnego stylu \u017cycia<\/p>\n<\/li>\n<li>\n<p data-path-to-node=\"15,6,0\"><b data-path-to-node=\"15,6,0\" data-index-in-node=\"0\">Ilo\u015b\u0107:<\/b> Dost\u0119pne w standardowych opakowaniach po 10 sztuk<\/p>\n<\/li>\n<\/ul>\n<h3 dir=\"auto\">Oto dalsze zalecenia dla Ciebie:<\/h3>\n<p dir=\"auto\">Odkryj jeszcze wi\u0119cej niesamowitych smak\u00f3w dzi\u0119ki VOZOL Vista 20000 Puff Vape!<\/p>\n<p dir=\"auto\"><a href=\"https:\/\/vozolvapen.de\/pl\/product-category\/vozol-vape\/vozol-vista-20000-puffs-vape\/\" target=\"_blank\" rel=\"noopener noreferrer nofollow\">Zobacz wszystkie odmiany tutaj \u2192<\/a><\/p>\n<p dir=\"auto\">Zapoznaj si\u0119 z nasz\u0105 pe\u0142n\u0105 kolekcj\u0105 i kupuj produkty najlepszych marek vape, kt\u00f3re pokochasz.<\/p>\n<p dir=\"auto\"><a href=\"https:\/\/vozolvapen.de\/pl\/\" target=\"_blank\" rel=\"noopener noreferrer nofollow\">Przegl\u0105daj teraz wszystkie marki \u2192<\/a><\/p>\n<p dir=\"auto\">Sprawd\u017a ca\u0142\u0105 seri\u0119 VOZOL Vape - ka\u017cdy smak, ka\u017cdy styl!<\/p>\n<p dir=\"auto\"><a href=\"https:\/\/vozolvapen.de\/pl\/product-category\/vozol-vape\/\" target=\"_blank\" rel=\"noopener noreferrer nofollow\">Zobacz pe\u0142n\u0105 kolekcj\u0119 VOZOL Vape \u2192<\/a><\/p>","protected":false},"excerpt":{"rendered":"<p>Najlepszy \u015brodek oczyszczaj\u0105cy podniebienie. To <b data-path-to-node=\"21\" data-index-in-node=\"265\">Vozol Vista 20k<\/b> oferuje ostry jak brzytwa duet cytryny i limonki, kt\u00f3ry na\u015bladuje sch\u0142odzony cytrusowy spritzer. Jest lekki, pikantny i orze\u017awiaj\u0105cy, idealnie pasuj\u0105cy do <b data-path-to-node=\"21\" data-index-in-node=\"428\">Cewka z podw\u00f3jn\u0105 siatk\u0105<\/b> system, kt\u00f3ry zapobiega gorzkiemu posmakowi we wszystkich <b data-path-to-node=\"21\" data-index-in-node=\"498\">20 000 zaci\u0105gni\u0119\u0107<\/b>.<\/p>","protected":false},"featured_media":60188,"comment_status":"open","ping_status":"closed","template":"","meta":{"_acf_changed":false},"product_brand":[],"product_cat":[134,115],"product_tag":[],"class_list":{"0":"post-60069","1":"product","2":"type-product","3":"status-publish","4":"has-post-thumbnail","6":"product_cat-eu-warehouse-in-stock","7":"product_cat-vozol-vista-20000-puffs-vape","9":"first","10":"instock","11":"shipping-taxable","12":"purchasable","13":"product-type-variable"},"acf":[],"yoast_head":"<!-- This site is optimized with the Yoast SEO Premium plugin v26.1 (Yoast SEO v27.5) - https:\/\/yoast.com\/product\/yoast-seo-premium-wordpress\/ -->\n<title>Lemon Lime | VOZOL Vista 20000 | 20k Vozol - vozolvapen<\/title>\n<meta name=\"description\" content=\"Zesty Lemon Lime VOZOL Vista 20k. 20,000 puffs of crisp citrus. HD mirror screen and fast Type-C charging. Pure Vozol puffs satisfaction.\" \/>\n<meta name=\"robots\" content=\"index, follow, max-snippet:-1, max-image-preview:large, max-video-preview:-1\" \/>\n<link rel=\"canonical\" href=\"https:\/\/vozolvapen.de\/pl\/product\/vozol-vista-20000-puffs-lemon-lime\/\" \/>\n<meta property=\"og:locale\" content=\"pl_PL\" \/>\n<meta property=\"og:type\" content=\"article\" \/>\n<meta property=\"og:title\" content=\"VOZOL Vista 20000 Puffs - Lemon Lime\" \/>\n<meta property=\"og:description\" content=\"Zesty Lemon Lime VOZOL Vista 20k. 20,000 puffs of crisp citrus. HD mirror screen and fast Type-C charging. Pure Vozol puffs satisfaction.\" \/>\n<meta property=\"og:url\" content=\"https:\/\/vozolvapen.de\/pl\/product\/vozol-vista-20000-puffs-lemon-lime\/\" \/>\n<meta property=\"og:site_name\" content=\"vozolvapen\" \/>\n<meta property=\"article:modified_time\" content=\"2026-02-10T10:44:51+00:00\" \/>\n<meta property=\"og:image\" content=\"https:\/\/vozolvapen.de\/wp-content\/uploads\/2026\/01\/VOZOL-Vista-20000-Puffs-Lemon-Lime-Front.webp\" \/>\n\t<meta property=\"og:image:width\" content=\"1080\" \/>\n\t<meta property=\"og:image:height\" content=\"1080\" \/>\n\t<meta property=\"og:image:type\" content=\"image\/webp\" \/>\n<meta name=\"twitter:card\" content=\"summary_large_image\" \/>\n<meta name=\"twitter:label1\" content=\"Szacowany czas czytania\" \/>\n\t<meta name=\"twitter:data1\" content=\"2 minuty\" \/>\n<script type=\"application\/ld+json\" class=\"yoast-schema-graph\">{\"@context\":\"https:\\\/\\\/schema.org\",\"@graph\":[{\"@type\":\"WebPage\",\"@id\":\"https:\\\/\\\/vozolvapen.de\\\/product\\\/vozol-vista-20000-puffs-lemon-lime\\\/\",\"url\":\"https:\\\/\\\/vozolvapen.de\\\/product\\\/vozol-vista-20000-puffs-lemon-lime\\\/\",\"name\":\"Lemon Lime | VOZOL Vista 20000 | 20k Vozol - vozolvapen\",\"isPartOf\":{\"@id\":\"https:\\\/\\\/vozolvapen.de\\\/#website\"},\"primaryImageOfPage\":{\"@id\":\"https:\\\/\\\/vozolvapen.de\\\/product\\\/vozol-vista-20000-puffs-lemon-lime\\\/#primaryimage\"},\"image\":{\"@id\":\"https:\\\/\\\/vozolvapen.de\\\/product\\\/vozol-vista-20000-puffs-lemon-lime\\\/#primaryimage\"},\"thumbnailUrl\":\"https:\\\/\\\/vozolvapen.de\\\/wp-content\\\/uploads\\\/2026\\\/01\\\/VOZOL-Vista-20000-Puffs-Lemon-Lime-Front.webp\",\"datePublished\":\"2026-01-12T06:13:59+00:00\",\"dateModified\":\"2026-02-10T10:44:51+00:00\",\"description\":\"Zesty Lemon Lime VOZOL Vista 20k. 20,000 puffs of crisp citrus. HD mirror screen and fast Type-C charging. Pure Vozol puffs satisfaction.\",\"breadcrumb\":{\"@id\":\"https:\\\/\\\/vozolvapen.de\\\/product\\\/vozol-vista-20000-puffs-lemon-lime\\\/#breadcrumb\"},\"inLanguage\":\"pl-PL\",\"potentialAction\":[{\"@type\":\"ReadAction\",\"target\":[\"https:\\\/\\\/vozolvapen.de\\\/product\\\/vozol-vista-20000-puffs-lemon-lime\\\/\"]}]},{\"@type\":\"ImageObject\",\"inLanguage\":\"pl-PL\",\"@id\":\"https:\\\/\\\/vozolvapen.de\\\/product\\\/vozol-vista-20000-puffs-lemon-lime\\\/#primaryimage\",\"url\":\"https:\\\/\\\/vozolvapen.de\\\/wp-content\\\/uploads\\\/2026\\\/01\\\/VOZOL-Vista-20000-Puffs-Lemon-Lime-Front.webp\",\"contentUrl\":\"https:\\\/\\\/vozolvapen.de\\\/wp-content\\\/uploads\\\/2026\\\/01\\\/VOZOL-Vista-20000-Puffs-Lemon-Lime-Front.webp\",\"width\":1080,\"height\":1080,\"caption\":\"VOZOL Vista 20000 Puffs -Lemon Lime Front\"},{\"@type\":\"BreadcrumbList\",\"@id\":\"https:\\\/\\\/vozolvapen.de\\\/product\\\/vozol-vista-20000-puffs-lemon-lime\\\/#breadcrumb\",\"itemListElement\":[{\"@type\":\"ListItem\",\"position\":1,\"name\":\"Home\",\"item\":\"https:\\\/\\\/vozolvapen.de\\\/de\\\/\"},{\"@type\":\"ListItem\",\"position\":2,\"name\":\"Shop\",\"item\":\"https:\\\/\\\/vozolvapen.de\\\/shop\\\/\"},{\"@type\":\"ListItem\",\"position\":3,\"name\":\"VOZOL Vista 20000 Puffs &#8211; Lemon Lime\"}]},{\"@type\":\"WebSite\",\"@id\":\"https:\\\/\\\/vozolvapen.de\\\/#website\",\"url\":\"https:\\\/\\\/vozolvapen.de\\\/\",\"name\":\"vozolvapen\",\"description\":\"vozolvapen\",\"publisher\":{\"@id\":\"https:\\\/\\\/vozolvapen.de\\\/#organization\"},\"potentialAction\":[{\"@type\":\"SearchAction\",\"target\":{\"@type\":\"EntryPoint\",\"urlTemplate\":\"https:\\\/\\\/vozolvapen.de\\\/?s={search_term_string}\"},\"query-input\":{\"@type\":\"PropertyValueSpecification\",\"valueRequired\":true,\"valueName\":\"search_term_string\"}}],\"inLanguage\":\"pl-PL\"},{\"@type\":\"Organization\",\"@id\":\"https:\\\/\\\/vozolvapen.de\\\/#organization\",\"name\":\"vozolvapen\",\"url\":\"https:\\\/\\\/vozolvapen.de\\\/\",\"logo\":{\"@type\":\"ImageObject\",\"inLanguage\":\"pl-PL\",\"@id\":\"https:\\\/\\\/vozolvapen.de\\\/#\\\/schema\\\/logo\\\/image\\\/\",\"url\":\"https:\\\/\\\/vozolvapen.de\\\/wp-content\\\/uploads\\\/2025\\\/12\\\/cropped-vozovapen-logo.webp\",\"contentUrl\":\"https:\\\/\\\/vozolvapen.de\\\/wp-content\\\/uploads\\\/2025\\\/12\\\/cropped-vozovapen-logo.webp\",\"width\":470,\"height\":110,\"caption\":\"vozolvapen\"},\"image\":{\"@id\":\"https:\\\/\\\/vozolvapen.de\\\/#\\\/schema\\\/logo\\\/image\\\/\"}}]}<\/script>\n<!-- \/ Yoast SEO Premium plugin. -->","yoast_head_json":{"title":"Lemon Lime | VOZOL Vista 20000 | 20k Vozol - vozolvapen","description":"Zesty Lemon Lime VOZOL Vista 20k. 20 000 zaci\u0105gni\u0119\u0107 rze\u015bkim, cytrusowym powietrzem. Lustrzany ekran HD i szybkie \u0142adowanie typu C. Czysta satysfakcja z zaci\u0105gni\u0119\u0107 Vozol.","robots":{"index":"index","follow":"follow","max-snippet":"max-snippet:-1","max-image-preview":"max-image-preview:large","max-video-preview":"max-video-preview:-1"},"canonical":"https:\/\/vozolvapen.de\/pl\/product\/vozol-vista-20000-puffs-lemon-lime\/","og_locale":"pl_PL","og_type":"article","og_title":"VOZOL Vista 20000 Puffs - Lemon Lime","og_description":"Zesty Lemon Lime VOZOL Vista 20k. 20,000 puffs of crisp citrus. HD mirror screen and fast Type-C charging. Pure Vozol puffs satisfaction.","og_url":"https:\/\/vozolvapen.de\/pl\/product\/vozol-vista-20000-puffs-lemon-lime\/","og_site_name":"vozolvapen","article_modified_time":"2026-02-10T10:44:51+00:00","og_image":[{"width":1080,"height":1080,"url":"https:\/\/vozolvapen.de\/wp-content\/uploads\/2026\/01\/VOZOL-Vista-20000-Puffs-Lemon-Lime-Front.webp","type":"image\/webp"}],"twitter_card":"summary_large_image","twitter_misc":{"Szacowany czas czytania":"2 minuty"},"schema":{"@context":"https:\/\/schema.org","@graph":[{"@type":"WebPage","@id":"https:\/\/vozolvapen.de\/product\/vozol-vista-20000-puffs-lemon-lime\/","url":"https:\/\/vozolvapen.de\/product\/vozol-vista-20000-puffs-lemon-lime\/","name":"Lemon Lime | VOZOL Vista 20000 | 20k Vozol - vozolvapen","isPartOf":{"@id":"https:\/\/vozolvapen.de\/#website"},"primaryImageOfPage":{"@id":"https:\/\/vozolvapen.de\/product\/vozol-vista-20000-puffs-lemon-lime\/#primaryimage"},"image":{"@id":"https:\/\/vozolvapen.de\/product\/vozol-vista-20000-puffs-lemon-lime\/#primaryimage"},"thumbnailUrl":"https:\/\/vozolvapen.de\/wp-content\/uploads\/2026\/01\/VOZOL-Vista-20000-Puffs-Lemon-Lime-Front.webp","datePublished":"2026-01-12T06:13:59+00:00","dateModified":"2026-02-10T10:44:51+00:00","description":"Zesty Lemon Lime VOZOL Vista 20k. 20 000 zaci\u0105gni\u0119\u0107 rze\u015bkim, cytrusowym powietrzem. Lustrzany ekran HD i szybkie \u0142adowanie typu C. Czysta satysfakcja z zaci\u0105gni\u0119\u0107 Vozol.","breadcrumb":{"@id":"https:\/\/vozolvapen.de\/product\/vozol-vista-20000-puffs-lemon-lime\/#breadcrumb"},"inLanguage":"pl-PL","potentialAction":[{"@type":"ReadAction","target":["https:\/\/vozolvapen.de\/product\/vozol-vista-20000-puffs-lemon-lime\/"]}]},{"@type":"ImageObject","inLanguage":"pl-PL","@id":"https:\/\/vozolvapen.de\/product\/vozol-vista-20000-puffs-lemon-lime\/#primaryimage","url":"https:\/\/vozolvapen.de\/wp-content\/uploads\/2026\/01\/VOZOL-Vista-20000-Puffs-Lemon-Lime-Front.webp","contentUrl":"https:\/\/vozolvapen.de\/wp-content\/uploads\/2026\/01\/VOZOL-Vista-20000-Puffs-Lemon-Lime-Front.webp","width":1080,"height":1080,"caption":"VOZOL Vista 20000 Puffs -Lemon Lime Front"},{"@type":"BreadcrumbList","@id":"https:\/\/vozolvapen.de\/product\/vozol-vista-20000-puffs-lemon-lime\/#breadcrumb","itemListElement":[{"@type":"ListItem","position":1,"name":"Home","item":"https:\/\/vozolvapen.de\/de\/"},{"@type":"ListItem","position":2,"name":"Shop","item":"https:\/\/vozolvapen.de\/shop\/"},{"@type":"ListItem","position":3,"name":"VOZOL Vista 20000 Puffs &#8211; Lemon Lime"}]},{"@type":"WebSite","@id":"https:\/\/vozolvapen.de\/#website","url":"https:\/\/vozolvapen.de\/","name":"vozolvapen","description":"vozolvapen","publisher":{"@id":"https:\/\/vozolvapen.de\/#organization"},"potentialAction":[{"@type":"SearchAction","target":{"@type":"EntryPoint","urlTemplate":"https:\/\/vozolvapen.de\/?s={search_term_string}"},"query-input":{"@type":"PropertyValueSpecification","valueRequired":true,"valueName":"search_term_string"}}],"inLanguage":"pl-PL"},{"@type":"Organization","@id":"https:\/\/vozolvapen.de\/#organization","name":"vozolvapen","url":"https:\/\/vozolvapen.de\/","logo":{"@type":"ImageObject","inLanguage":"pl-PL","@id":"https:\/\/vozolvapen.de\/#\/schema\/logo\/image\/","url":"https:\/\/vozolvapen.de\/wp-content\/uploads\/2025\/12\/cropped-vozovapen-logo.webp","contentUrl":"https:\/\/vozolvapen.de\/wp-content\/uploads\/2025\/12\/cropped-vozovapen-logo.webp","width":470,"height":110,"caption":"vozolvapen"},"image":{"@id":"https:\/\/vozolvapen.de\/#\/schema\/logo\/image\/"}}]}},"tiered_pricing_type":"fixed","tiered_pricing_fixed_rules":{"30":"13.5","50":"10.89","100":"10.39","200":"9.8"},"tiered_pricing_product_settings":{"layout":"default","base_unit_name":{"singular":null,"plural":null},"default_variation":{}},"tiered_pricing_minimum_quantity":10,"tiered_pricing_roles_data":[],"tiered_pricing_percentage_rules":[],"tiered_pricing_maximum_quantity":null,"tiered_pricing_quantity_step":"10","_links":{"self":[{"href":"http:\/\/vozolvapen.de\/pl\/wp-json\/wp\/v2\/product\/60069","targetHints":{"allow":["GET"]}}],"collection":[{"href":"http:\/\/vozolvapen.de\/pl\/wp-json\/wp\/v2\/product"}],"about":[{"href":"http:\/\/vozolvapen.de\/pl\/wp-json\/wp\/v2\/types\/product"}],"replies":[{"embeddable":true,"href":"http:\/\/vozolvapen.de\/pl\/wp-json\/wp\/v2\/comments?post=60069"}],"wp:featuredmedia":[{"embeddable":true,"href":"http:\/\/vozolvapen.de\/pl\/wp-json\/wp\/v2\/media\/60188"}],"wp:attachment":[{"href":"http:\/\/vozolvapen.de\/pl\/wp-json\/wp\/v2\/media?parent=60069"}],"wp:term":[{"taxonomy":"product_brand","embeddable":true,"href":"http:\/\/vozolvapen.de\/pl\/wp-json\/wp\/v2\/product_brand?post=60069"},{"taxonomy":"product_cat","embeddable":true,"href":"http:\/\/vozolvapen.de\/pl\/wp-json\/wp\/v2\/product_cat?post=60069"},{"taxonomy":"product_tag","embeddable":true,"href":"http:\/\/vozolvapen.de\/pl\/wp-json\/wp\/v2\/product_tag?post=60069"}],"curies":[{"name":"wp","href":"https:\/\/api.w.org\/{rel}","templated":true}]}}