{"id":60135,"date":"2026-01-12T06:14:03","date_gmt":"2026-01-12T06:14:03","guid":{"rendered":"https:\/\/vozolvapen.de\/?post_type=product&#038;p=60135"},"modified":"2026-04-22T17:21:20","modified_gmt":"2026-04-22T17:21:20","slug":"vozol-vista-20000-puffs-mixed-berries","status":"publish","type":"product","link":"http:\/\/vozolvapen.de\/pl\/product\/vozol-vista-20000-puffs-mixed-berries\/","title":{"rendered":"VOZOL Vista 20000 Puffs - mieszane jagody"},"content":{"rendered":"<h1 data-path-to-node=\"50\"><b data-path-to-node=\"50\" data-index-in-node=\"0\">VOZOL Vista 20000 Puffs jednorazowe Vape - smak mieszanych jag\u00f3d<\/b><\/h1>\n<p data-path-to-node=\"51\"><b data-path-to-node=\"51\" data-index-in-node=\"0\"><span class=\"citation-10\">Jagody mieszane<\/span><\/b><span class=\"citation-10\"> to bogate zbiory le\u015bne dla <\/span><b data-path-to-node=\"51\" data-index-in-node=\"47\"><span class=\"citation-10\">Vozol Vista 20k<\/span><\/b><span class=\"citation-10 citation-end-10\">.<\/span> \u0141\u0105czy maliny, je\u017cyny i jagody w jedn\u0105 harmonijn\u0105, soczyst\u0105 chmur\u0119. Jest cierpki, s\u0142odki i g\u0142\u0119boko aromatyczny, ukazuj\u0105c pe\u0142ny potencja\u0142 systemu podw\u00f3jnej cewki siatkowej.<\/p>\n<h2 data-path-to-node=\"52\"><b data-path-to-node=\"52\" data-index-in-node=\"0\">Dlaczego warto wybra\u0107 Vozol Vista 20000 Mixed Berries?<\/b><\/h2>\n<ul data-path-to-node=\"53\">\n<li>\n<p data-path-to-node=\"53,0,0\"><b data-path-to-node=\"53,0,0\" data-index-in-node=\"0\">Esencja smakowa:<\/b> Z\u0142o\u017cona mieszanka jag\u00f3d, w kt\u00f3rej mo\u017cna poczu\u0107 smak ka\u017cdej pojedynczej warstwy owoc\u00f3w.<\/p>\n<\/li>\n<li>\n<p data-path-to-node=\"53,1,0\"><b data-path-to-node=\"53,1,0\" data-index-in-node=\"0\">6-poziomowa moc:<\/b> Zwi\u0119ksz g\u0142o\u015bno\u015b\u0107, aby zintensyfikowa\u0107 nuty ciemnych jag\u00f3d lub zmniejsz g\u0142o\u015bno\u015b\u0107, aby uzyska\u0107 s\u0142odsze, jagodowe doznania.<\/p>\n<\/li>\n<li>\n<p data-path-to-node=\"53,2,0\"><b data-path-to-node=\"53,2,0\" data-index-in-node=\"0\">Szybka logistyka:<\/b> Wysy\u0142ane z naszego europejskiego magazynu, dzi\u0119ki czemu zbiory jag\u00f3d docieraj\u0105 w ci\u0105gu 1-3 dni.<\/p>\n<\/li>\n<\/ul>\n<h2 data-path-to-node=\"29\"><b data-path-to-node=\"29\" data-index-in-node=\"0\">Mieszane jagody - profil smakowy<\/b><\/h2>\n<ul data-path-to-node=\"30\">\n<li>\n<p data-path-to-node=\"30,0,0\"><b data-path-to-node=\"30,0,0\" data-index-in-node=\"0\">Icy\/Coolness:<\/b> \u2605\u2605\u2605\u2606\u2606 (3\/5) - Zr\u00f3wnowa\u017cony ch\u0142\u00f3d, kt\u00f3ry pozwala jagodowej mieszance pozosta\u0107 soczyst\u0105.<\/p>\n<\/li>\n<li>\n<p data-path-to-node=\"30,1,0\"><b data-path-to-node=\"30,1,0\" data-index-in-node=\"0\">S\u0142odycz:<\/b> \u2605\u2605\u2605\u2605\u2606 (4\/5) - Z\u0142o\u017cona mieszanka cukr\u00f3w z owoc\u00f3w le\u015bnych.<\/p>\n<\/li>\n<li>\n<p data-path-to-node=\"30,2,0\"><b data-path-to-node=\"30,2,0\" data-index-in-node=\"0\">Aromat:<\/b> \u2605\u2605\u2605\u2605\u2606 (4\/5) - G\u0142\u0119boki, bogaty zapach jagodowych zbior\u00f3w o wysokiej trwa\u0142o\u015bci aromatu.<\/p>\n<\/li>\n<\/ul>\n<h3 dir=\"auto\">Oto dalsze zalecenia dla Ciebie:<\/h3>\n<p dir=\"auto\">Odkryj jeszcze wi\u0119cej niesamowitych smak\u00f3w dzi\u0119ki VOZOL Vista 20000 Puff Vape!<\/p>\n<p dir=\"auto\"><a href=\"https:\/\/vozolvapen.de\/pl\/product-category\/vozol-vape\/vozol-vista-20000-puffs-vape\/\" target=\"_blank\" rel=\"noopener noreferrer nofollow\">Zobacz wszystkie odmiany tutaj \u2192<\/a><\/p>\n<p dir=\"auto\">Zapoznaj si\u0119 z nasz\u0105 pe\u0142n\u0105 kolekcj\u0105 i kupuj produkty najlepszych marek vape, kt\u00f3re pokochasz.<\/p>\n<p dir=\"auto\"><a href=\"https:\/\/vozolvapen.de\/pl\/\" target=\"_blank\" rel=\"noopener noreferrer nofollow\">Przegl\u0105daj teraz wszystkie marki \u2192<\/a><\/p>\n<p dir=\"auto\">Sprawd\u017a ca\u0142\u0105 seri\u0119 VOZOL Vape - ka\u017cdy smak, ka\u017cdy styl!<\/p>\n<p dir=\"auto\"><a href=\"https:\/\/vozolvapen.de\/pl\/product-category\/vozol-vape\/\" target=\"_blank\" rel=\"noopener noreferrer nofollow\">Zobacz pe\u0142n\u0105 kolekcj\u0119 VOZOL Vape \u2192<\/a><\/p>","protected":false},"excerpt":{"rendered":"<p data-path-to-node=\"30\">Zbi\u00f3r jag\u00f3d w wysokiej rozdzielczo\u015bci. The <b data-path-to-node=\"30\" data-index-in-node=\"275\">Vozol Vista 20000<\/b> Mixed Berries \u0142\u0105czy maliny, jagody i je\u017cyny w bogat\u0105, aromatyczn\u0105 mieszank\u0119. \u015aled\u017a zu\u017cycie za pomoc\u0105 aplikacji <b data-path-to-node=\"30\" data-index-in-node=\"415\">Inteligentny wy\u015bwietlacz<\/b> i do\u015bwiadczy\u0107 \u201csmakowej rewolucji\u201d, kt\u00f3r\u0105 tylko <b data-path-to-node=\"30\" data-index-in-node=\"478\">Podw\u00f3jna siatka VOZOL 0,65\u03a9<\/b> mo\u017ce zapewni\u0107.<\/p>","protected":false},"featured_media":60203,"comment_status":"open","ping_status":"closed","template":"","meta":{"_acf_changed":false},"product_brand":[],"product_cat":[134,115],"product_tag":[],"class_list":{"0":"post-60135","1":"product","2":"type-product","3":"status-publish","4":"has-post-thumbnail","6":"product_cat-eu-warehouse-in-stock","7":"product_cat-vozol-vista-20000-puffs-vape","9":"first","10":"instock","11":"shipping-taxable","12":"purchasable","13":"product-type-variable"},"acf":[],"yoast_head":"<!-- This site is optimized with the Yoast SEO Premium plugin v26.1 (Yoast SEO v27.5) - https:\/\/yoast.com\/product\/yoast-seo-premium-wordpress\/ -->\n<title>Mixed Berries | VOZOL Vista 20k | Vozol Vape 20000 - vozolvapen<\/title>\n<meta name=\"description\" content=\"Juicy Mixed Berries VOZOL Vista 20000. 20k puffs of forest berry harvest. HD screen, dual mesh coil &amp; fast delivery. Shop Vozol puffs.\" \/>\n<meta name=\"robots\" content=\"index, follow, max-snippet:-1, max-image-preview:large, max-video-preview:-1\" \/>\n<link rel=\"canonical\" href=\"https:\/\/vozolvapen.de\/pl\/product\/vozol-vista-20000-puffs-mixed-berries\/\" \/>\n<meta property=\"og:locale\" content=\"pl_PL\" \/>\n<meta property=\"og:type\" content=\"article\" \/>\n<meta property=\"og:title\" content=\"VOZOL Vista 20000 Puffs - Mixed Berries\" \/>\n<meta property=\"og:description\" content=\"Juicy Mixed Berries VOZOL Vista 20000. 20k puffs of forest berry harvest. HD screen, dual mesh coil &amp; fast delivery. Shop Vozol puffs.\" \/>\n<meta property=\"og:url\" content=\"https:\/\/vozolvapen.de\/pl\/product\/vozol-vista-20000-puffs-mixed-berries\/\" \/>\n<meta property=\"og:site_name\" content=\"vozolvapen\" \/>\n<meta property=\"article:modified_time\" content=\"2026-04-22T17:21:20+00:00\" \/>\n<meta property=\"og:image\" content=\"https:\/\/vozolvapen.de\/wp-content\/uploads\/2026\/01\/VOZOL-Vista-20000-Puffs-Mixed-Berries-Front.webp\" \/>\n\t<meta property=\"og:image:width\" content=\"1080\" \/>\n\t<meta property=\"og:image:height\" content=\"1080\" \/>\n\t<meta property=\"og:image:type\" content=\"image\/webp\" \/>\n<meta name=\"twitter:card\" content=\"summary_large_image\" \/>\n<meta name=\"twitter:label1\" content=\"Szacowany czas czytania\" \/>\n\t<meta name=\"twitter:data1\" content=\"2 minuty\" \/>\n<script type=\"application\/ld+json\" class=\"yoast-schema-graph\">{\"@context\":\"https:\\\/\\\/schema.org\",\"@graph\":[{\"@type\":\"WebPage\",\"@id\":\"https:\\\/\\\/vozolvapen.de\\\/product\\\/vozol-vista-20000-puffs-mixed-berries\\\/\",\"url\":\"https:\\\/\\\/vozolvapen.de\\\/product\\\/vozol-vista-20000-puffs-mixed-berries\\\/\",\"name\":\"Mixed Berries | VOZOL Vista 20k | Vozol Vape 20000 - vozolvapen\",\"isPartOf\":{\"@id\":\"https:\\\/\\\/vozolvapen.de\\\/#website\"},\"primaryImageOfPage\":{\"@id\":\"https:\\\/\\\/vozolvapen.de\\\/product\\\/vozol-vista-20000-puffs-mixed-berries\\\/#primaryimage\"},\"image\":{\"@id\":\"https:\\\/\\\/vozolvapen.de\\\/product\\\/vozol-vista-20000-puffs-mixed-berries\\\/#primaryimage\"},\"thumbnailUrl\":\"https:\\\/\\\/vozolvapen.de\\\/wp-content\\\/uploads\\\/2026\\\/01\\\/VOZOL-Vista-20000-Puffs-Mixed-Berries-Front.webp\",\"datePublished\":\"2026-01-12T06:14:03+00:00\",\"dateModified\":\"2026-04-22T17:21:20+00:00\",\"description\":\"Juicy Mixed Berries VOZOL Vista 20000. 20k puffs of forest berry harvest. HD screen, dual mesh coil & fast delivery. Shop Vozol puffs.\",\"breadcrumb\":{\"@id\":\"https:\\\/\\\/vozolvapen.de\\\/product\\\/vozol-vista-20000-puffs-mixed-berries\\\/#breadcrumb\"},\"inLanguage\":\"pl-PL\",\"potentialAction\":[{\"@type\":\"ReadAction\",\"target\":[\"https:\\\/\\\/vozolvapen.de\\\/product\\\/vozol-vista-20000-puffs-mixed-berries\\\/\"]}]},{\"@type\":\"ImageObject\",\"inLanguage\":\"pl-PL\",\"@id\":\"https:\\\/\\\/vozolvapen.de\\\/product\\\/vozol-vista-20000-puffs-mixed-berries\\\/#primaryimage\",\"url\":\"https:\\\/\\\/vozolvapen.de\\\/wp-content\\\/uploads\\\/2026\\\/01\\\/VOZOL-Vista-20000-Puffs-Mixed-Berries-Front.webp\",\"contentUrl\":\"https:\\\/\\\/vozolvapen.de\\\/wp-content\\\/uploads\\\/2026\\\/01\\\/VOZOL-Vista-20000-Puffs-Mixed-Berries-Front.webp\",\"width\":1080,\"height\":1080,\"caption\":\"VOZOL Vista 20000 Puffs -Mixed Berries Front\"},{\"@type\":\"BreadcrumbList\",\"@id\":\"https:\\\/\\\/vozolvapen.de\\\/product\\\/vozol-vista-20000-puffs-mixed-berries\\\/#breadcrumb\",\"itemListElement\":[{\"@type\":\"ListItem\",\"position\":1,\"name\":\"Home\",\"item\":\"https:\\\/\\\/vozolvapen.de\\\/de\\\/\"},{\"@type\":\"ListItem\",\"position\":2,\"name\":\"Shop\",\"item\":\"https:\\\/\\\/vozolvapen.de\\\/shop\\\/\"},{\"@type\":\"ListItem\",\"position\":3,\"name\":\"VOZOL Vista 20000 Puffs &#8211; Mixed Berries\"}]},{\"@type\":\"WebSite\",\"@id\":\"https:\\\/\\\/vozolvapen.de\\\/#website\",\"url\":\"https:\\\/\\\/vozolvapen.de\\\/\",\"name\":\"vozolvapen\",\"description\":\"vozolvapen\",\"publisher\":{\"@id\":\"https:\\\/\\\/vozolvapen.de\\\/#organization\"},\"potentialAction\":[{\"@type\":\"SearchAction\",\"target\":{\"@type\":\"EntryPoint\",\"urlTemplate\":\"https:\\\/\\\/vozolvapen.de\\\/?s={search_term_string}\"},\"query-input\":{\"@type\":\"PropertyValueSpecification\",\"valueRequired\":true,\"valueName\":\"search_term_string\"}}],\"inLanguage\":\"pl-PL\"},{\"@type\":\"Organization\",\"@id\":\"https:\\\/\\\/vozolvapen.de\\\/#organization\",\"name\":\"vozolvapen\",\"url\":\"https:\\\/\\\/vozolvapen.de\\\/\",\"logo\":{\"@type\":\"ImageObject\",\"inLanguage\":\"pl-PL\",\"@id\":\"https:\\\/\\\/vozolvapen.de\\\/#\\\/schema\\\/logo\\\/image\\\/\",\"url\":\"https:\\\/\\\/vozolvapen.de\\\/wp-content\\\/uploads\\\/2025\\\/12\\\/cropped-vozovapen-logo.webp\",\"contentUrl\":\"https:\\\/\\\/vozolvapen.de\\\/wp-content\\\/uploads\\\/2025\\\/12\\\/cropped-vozovapen-logo.webp\",\"width\":470,\"height\":110,\"caption\":\"vozolvapen\"},\"image\":{\"@id\":\"https:\\\/\\\/vozolvapen.de\\\/#\\\/schema\\\/logo\\\/image\\\/\"}}]}<\/script>\n<!-- \/ Yoast SEO Premium plugin. -->","yoast_head_json":{"title":"Mixed Berries | VOZOL Vista 20k | Vozol Vape 20000 - vozolvapen","description":"Soczyste mieszane jagody VOZOL Vista 20000. 20 tysi\u0119cy zaci\u0105gni\u0119\u0107 le\u015bnymi jagodami. Ekran HD, podw\u00f3jna cewka siatkowa i szybka dostawa. Sklep Vozol puffs.","robots":{"index":"index","follow":"follow","max-snippet":"max-snippet:-1","max-image-preview":"max-image-preview:large","max-video-preview":"max-video-preview:-1"},"canonical":"https:\/\/vozolvapen.de\/pl\/product\/vozol-vista-20000-puffs-mixed-berries\/","og_locale":"pl_PL","og_type":"article","og_title":"VOZOL Vista 20000 Puffs - Mixed Berries","og_description":"Juicy Mixed Berries VOZOL Vista 20000. 20k puffs of forest berry harvest. HD screen, dual mesh coil & fast delivery. Shop Vozol puffs.","og_url":"https:\/\/vozolvapen.de\/pl\/product\/vozol-vista-20000-puffs-mixed-berries\/","og_site_name":"vozolvapen","article_modified_time":"2026-04-22T17:21:20+00:00","og_image":[{"width":1080,"height":1080,"url":"https:\/\/vozolvapen.de\/wp-content\/uploads\/2026\/01\/VOZOL-Vista-20000-Puffs-Mixed-Berries-Front.webp","type":"image\/webp"}],"twitter_card":"summary_large_image","twitter_misc":{"Szacowany czas czytania":"2 minuty"},"schema":{"@context":"https:\/\/schema.org","@graph":[{"@type":"WebPage","@id":"https:\/\/vozolvapen.de\/product\/vozol-vista-20000-puffs-mixed-berries\/","url":"https:\/\/vozolvapen.de\/product\/vozol-vista-20000-puffs-mixed-berries\/","name":"Mixed Berries | VOZOL Vista 20k | Vozol Vape 20000 - vozolvapen","isPartOf":{"@id":"https:\/\/vozolvapen.de\/#website"},"primaryImageOfPage":{"@id":"https:\/\/vozolvapen.de\/product\/vozol-vista-20000-puffs-mixed-berries\/#primaryimage"},"image":{"@id":"https:\/\/vozolvapen.de\/product\/vozol-vista-20000-puffs-mixed-berries\/#primaryimage"},"thumbnailUrl":"https:\/\/vozolvapen.de\/wp-content\/uploads\/2026\/01\/VOZOL-Vista-20000-Puffs-Mixed-Berries-Front.webp","datePublished":"2026-01-12T06:14:03+00:00","dateModified":"2026-04-22T17:21:20+00:00","description":"Soczyste mieszane jagody VOZOL Vista 20000. 20 tysi\u0119cy zaci\u0105gni\u0119\u0107 le\u015bnymi jagodami. Ekran HD, podw\u00f3jna cewka siatkowa i szybka dostawa. Sklep Vozol puffs.","breadcrumb":{"@id":"https:\/\/vozolvapen.de\/product\/vozol-vista-20000-puffs-mixed-berries\/#breadcrumb"},"inLanguage":"pl-PL","potentialAction":[{"@type":"ReadAction","target":["https:\/\/vozolvapen.de\/product\/vozol-vista-20000-puffs-mixed-berries\/"]}]},{"@type":"ImageObject","inLanguage":"pl-PL","@id":"https:\/\/vozolvapen.de\/product\/vozol-vista-20000-puffs-mixed-berries\/#primaryimage","url":"https:\/\/vozolvapen.de\/wp-content\/uploads\/2026\/01\/VOZOL-Vista-20000-Puffs-Mixed-Berries-Front.webp","contentUrl":"https:\/\/vozolvapen.de\/wp-content\/uploads\/2026\/01\/VOZOL-Vista-20000-Puffs-Mixed-Berries-Front.webp","width":1080,"height":1080,"caption":"VOZOL Vista 20000 Puffs -Mixed Berries Front"},{"@type":"BreadcrumbList","@id":"https:\/\/vozolvapen.de\/product\/vozol-vista-20000-puffs-mixed-berries\/#breadcrumb","itemListElement":[{"@type":"ListItem","position":1,"name":"Home","item":"https:\/\/vozolvapen.de\/de\/"},{"@type":"ListItem","position":2,"name":"Shop","item":"https:\/\/vozolvapen.de\/shop\/"},{"@type":"ListItem","position":3,"name":"VOZOL Vista 20000 Puffs &#8211; Mixed Berries"}]},{"@type":"WebSite","@id":"https:\/\/vozolvapen.de\/#website","url":"https:\/\/vozolvapen.de\/","name":"vozolvapen","description":"vozolvapen","publisher":{"@id":"https:\/\/vozolvapen.de\/#organization"},"potentialAction":[{"@type":"SearchAction","target":{"@type":"EntryPoint","urlTemplate":"https:\/\/vozolvapen.de\/?s={search_term_string}"},"query-input":{"@type":"PropertyValueSpecification","valueRequired":true,"valueName":"search_term_string"}}],"inLanguage":"pl-PL"},{"@type":"Organization","@id":"https:\/\/vozolvapen.de\/#organization","name":"vozolvapen","url":"https:\/\/vozolvapen.de\/","logo":{"@type":"ImageObject","inLanguage":"pl-PL","@id":"https:\/\/vozolvapen.de\/#\/schema\/logo\/image\/","url":"https:\/\/vozolvapen.de\/wp-content\/uploads\/2025\/12\/cropped-vozovapen-logo.webp","contentUrl":"https:\/\/vozolvapen.de\/wp-content\/uploads\/2025\/12\/cropped-vozovapen-logo.webp","width":470,"height":110,"caption":"vozolvapen"},"image":{"@id":"https:\/\/vozolvapen.de\/#\/schema\/logo\/image\/"}}]}},"tiered_pricing_type":"fixed","tiered_pricing_fixed_rules":{"30":"13.5","50":"10.89","100":"10.39","200":"9.8"},"tiered_pricing_product_settings":{"layout":"default","base_unit_name":{"singular":null,"plural":null},"default_variation":{}},"tiered_pricing_minimum_quantity":10,"tiered_pricing_roles_data":[],"tiered_pricing_percentage_rules":[],"tiered_pricing_maximum_quantity":null,"tiered_pricing_quantity_step":"10","_links":{"self":[{"href":"http:\/\/vozolvapen.de\/pl\/wp-json\/wp\/v2\/product\/60135","targetHints":{"allow":["GET"]}}],"collection":[{"href":"http:\/\/vozolvapen.de\/pl\/wp-json\/wp\/v2\/product"}],"about":[{"href":"http:\/\/vozolvapen.de\/pl\/wp-json\/wp\/v2\/types\/product"}],"replies":[{"embeddable":true,"href":"http:\/\/vozolvapen.de\/pl\/wp-json\/wp\/v2\/comments?post=60135"}],"wp:featuredmedia":[{"embeddable":true,"href":"http:\/\/vozolvapen.de\/pl\/wp-json\/wp\/v2\/media\/60203"}],"wp:attachment":[{"href":"http:\/\/vozolvapen.de\/pl\/wp-json\/wp\/v2\/media?parent=60135"}],"wp:term":[{"taxonomy":"product_brand","embeddable":true,"href":"http:\/\/vozolvapen.de\/pl\/wp-json\/wp\/v2\/product_brand?post=60135"},{"taxonomy":"product_cat","embeddable":true,"href":"http:\/\/vozolvapen.de\/pl\/wp-json\/wp\/v2\/product_cat?post=60135"},{"taxonomy":"product_tag","embeddable":true,"href":"http:\/\/vozolvapen.de\/pl\/wp-json\/wp\/v2\/product_tag?post=60135"}],"curies":[{"name":"wp","href":"https:\/\/api.w.org\/{rel}","templated":true}]}}