{"id":60505,"date":"2026-01-13T03:59:35","date_gmt":"2026-01-13T03:59:35","guid":{"rendered":"https:\/\/vozolvapen.de\/?post_type=product&#038;p=60505"},"modified":"2026-01-13T06:30:38","modified_gmt":"2026-01-13T06:30:38","slug":"150k-vape-waspe-aiviou-150000-mystic-berry-shisha","status":"publish","type":"product","link":"http:\/\/vozolvapen.de\/pl\/product\/150k-vape-waspe-aiviou-150000-mystic-berry-shisha\/","title":{"rendered":"150k Vape Waspe Aiviou 150000 - Mystic Berry Shisha"},"content":{"rendered":"<h1 data-path-to-node=\"39\"><b data-path-to-node=\"39\" data-index-in-node=\"0\">150k Vape Waspe Aiviou 150000 Mystic Berry Shisha: Mixed Berries, Black Dragon Ice, Strawberry Cherry Cola<\/b><\/h1>\n<p data-path-to-node=\"40\"><b data-path-to-node=\"40\" data-index-in-node=\"0\">Aromatyczny rzemie\u015blnik:<\/b> Dla tych, kt\u00f3rzy ceni\u0105 g\u0142\u0119bi\u0119 i kwiatow\u0105 z\u0142o\u017cono\u015b\u0107. Ten zestaw odchodzi od \u201cprostych\u201d owoc\u00f3w i wkracza w \u015bwiat aromat\u00f3w w stylu shishy i mrocznych, tajemniczych mieszanek smoczych owoc\u00f3w.<\/p>\n<h2 data-path-to-node=\"41\"><b data-path-to-node=\"41\" data-index-in-node=\"0\">Mroczne i tajemnicze g\u0142\u0119bokie nurkowanie<\/b><\/h2>\n<ul data-path-to-node=\"42\">\n<li>\n<p data-path-to-node=\"42,0,0\"><b data-path-to-node=\"42,0,0\" data-index-in-node=\"0\">Spos\u00f3b A - Mieszane jagody:<\/b> Harmonijna, w pe\u0142ni naturalna mieszanka le\u015bnych jag\u00f3d.<\/p>\n<\/li>\n<li>\n<p data-path-to-node=\"42,1,0\"><b data-path-to-node=\"42,1,0\" data-index-in-node=\"0\">Tryb B - Black Dragon Ice:<\/b> Ciemna, tajemnicza pitaya (smoczy owoc) z ch\u0142odz\u0105cym mrozem.<\/p>\n<\/li>\n<li>\n<p data-path-to-node=\"42,2,0\"><b data-path-to-node=\"42,2,0\" data-index-in-node=\"0\">Mode C - Strawberry Cherry Cola:<\/b> Bogata, pikantno-s\u0142odka mieszanka owoc\u00f3w sodowych.<\/p>\n<\/li>\n<li>\n<p data-path-to-node=\"42,3,0\"><b data-path-to-node=\"42,3,0\" data-index-in-node=\"0\">Tryb A+B - Smocza Jagoda:<\/b> Egzotyczne owoce le\u015bne z mrocznym akcentem.<\/p>\n<\/li>\n<li>\n<p data-path-to-node=\"42,4,0\"><b data-path-to-node=\"42,4,0\" data-index-in-node=\"0\">Mode A+C - Shisha Berry Cola:<\/b> Z\u0142o\u017cony, aromatyczny nap\u00f3j i mieszanka jag\u00f3d.<\/p>\n<\/li>\n<li>\n<p data-path-to-node=\"42,5,0\"><b data-path-to-node=\"42,5,0\" data-index-in-node=\"0\">Tryb B+C - Exotic Cola Frost:<\/b> Czarny smoczy owoc \u0142\u0105czy si\u0119 z musuj\u0105c\u0105 wi\u015bniow\u0105 col\u0105.<\/p>\n<\/li>\n<\/ul>\n<h2 data-path-to-node=\"43\"><b data-path-to-node=\"43\" data-index-in-node=\"0\">Dla kogo przeznaczony jest ten smak?<\/b><\/h2>\n<p data-path-to-node=\"43\"><b data-path-to-node=\"43\" data-index-in-node=\"24\">Koneser:<\/b> Idealny dla waper\u00f3w, kt\u00f3rzy uwa\u017caj\u0105 standardowe smaki owocowe za zbyt proste i chc\u0105 wyrafinowanych, wielowarstwowych dozna\u0144.<\/p>\n<h2 data-path-to-node=\"60\">150k Vape Waspe Aiviou 150000 Specyfikacja rdzenia<\/h2>\n<table data-path-to-node=\"12\">\n<thead>\n<tr>\n<td><strong>Cecha Waspe 150000<\/strong><\/td>\n<td><strong>Standard wydajno\u015bci<\/strong><\/td>\n<\/tr>\n<\/thead>\n<tbody>\n<tr>\n<td><span data-path-to-node=\"12,1,0,0\"><b data-path-to-node=\"12,1,0,0\" data-index-in-node=\"0\">Ca\u0142kowita d\u0142ugo\u015b\u0107 \u017cycia<\/b><\/span><\/td>\n<td><span data-path-to-node=\"12,1,1,0\"><b data-path-to-node=\"12,1,1,0\" data-index-in-node=\"0\">150k Vape Waspe Aiviou 150000<\/b><\/span><\/td>\n<\/tr>\n<tr>\n<td><span data-path-to-node=\"12,2,0,0\"><b data-path-to-node=\"12,2,0,0\" data-index-in-node=\"0\">Dostarczanie nikotyny<\/b><\/span><\/td>\n<td><span data-path-to-node=\"12,2,1,0\">P\u0142ynne, regulowane nasycenie<\/span><\/td>\n<\/tr>\n<tr>\n<td><span data-path-to-node=\"12,3,0,0\"><b data-path-to-node=\"12,3,0,0\" data-index-in-node=\"0\">Waga urz\u0105dzenia<\/b><\/span><\/td>\n<td><span data-path-to-node=\"12,3,1,0\">Profesjonalna obudowa o wadze 170 g<\/span><\/td>\n<\/tr>\n<tr>\n<td><span data-path-to-node=\"12,4,0,0\"><b data-path-to-node=\"12,4,0,0\" data-index-in-node=\"0\">Opakowanie<\/b><\/span><\/td>\n<td><span data-path-to-node=\"12,4,1,0\">Dost\u0119pne opakowania zbiorcze po 10 sztuk<\/span><\/td>\n<\/tr>\n<tr>\n<td><span data-path-to-node=\"12,5,0,0\"><b data-path-to-node=\"12,5,0,0\" data-index-in-node=\"0\">Logistyka wysy\u0142ek<\/b><\/span><\/td>\n<td><span data-path-to-node=\"12,5,1,0\"><b data-path-to-node=\"12,5,1,0\" data-index-in-node=\"0\">Magazyn europejski (dostawa w ci\u0105gu 1-3 dni)<\/b><\/span><\/td>\n<\/tr>\n<tr>\n<td><span data-path-to-node=\"12,6,0,0\"><b data-path-to-node=\"12,6,0,0\" data-index-in-node=\"0\">Tryb u\u017cytkownika<\/b><\/span><\/td>\n<td><span data-path-to-node=\"12,6,1,0\">Aktywacja rysowania z potwierdzeniem trybu<\/span><\/td>\n<\/tr>\n<tr>\n<td><span data-path-to-node=\"12,7,0,0\"><b data-path-to-node=\"12,7,0,0\" data-index-in-node=\"0\">Jako\u015b\u0107 wykonania<\/b><\/span><\/td>\n<td><span data-path-to-node=\"12,7,1,0\">Cyberpunk Aiviou Transparent Series<\/span><\/td>\n<\/tr>\n<\/tbody>\n<\/table>\n<h3 data-path-to-node=\"77\"><b data-path-to-node=\"77\" data-index-in-node=\"0\">Dalsze zalecenia:<\/b><\/h3>\n<p data-path-to-node=\"78\">Odkryj jeszcze wi\u0119cej niesamowitych smak\u00f3w dzi\u0119ki 150k Puffs Waspe Aiviou 150000<b data-path-to-node=\"78\" data-index-in-node=\"47\">\u00a0Vape<\/b>!<\/p>\n<p data-path-to-node=\"79\"><a class=\"ng-star-inserted\" href=\"https:\/\/vozolvapen.de\/pl\/product-category\/waspe-vape\/150k-vape-waspe-aiviou-150k-6-in-1\/\" target=\"_blank\" rel=\"noopener noreferrer nofollow\" data-hveid=\"0\" data-ved=\"0CAAQ_4QMahgKEwjxyYqx9_CRAxUAAAAAHQAAAAAQ9wE\">Zobacz wszystkie odmiany tutaj \u2192<\/a><\/p>\n<p data-path-to-node=\"80\">Zapoznaj si\u0119 z nasz\u0105 pe\u0142n\u0105 kolekcj\u0105 i kupuj produkty najlepszych marek vape, kt\u00f3re pokochasz.<\/p>\n<p data-path-to-node=\"81\"><a class=\"ng-star-inserted\" href=\"https:\/\/vozolvapen.de\/pl\/\" target=\"_blank\" rel=\"noopener noreferrer nofollow\" data-hveid=\"0\" data-ved=\"0CAAQ_4QMahgKEwjxyYqx9_CRAxUAAAAAHQAAAAAQ-AE\">Przegl\u0105daj teraz wszystkie marki \u2192<\/a><\/p>\n<p data-path-to-node=\"82\">Sprawd\u017a ca\u0142o\u015b\u0107\u00a0<b data-path-to-node=\"82\" data-index-in-node=\"23\">Waspe Aiviou<\/b>\u00a0Seria - ka\u017cdy smak, ka\u017cdy styl!<\/p>\n<p data-path-to-node=\"83\"><a class=\"ng-star-inserted\" href=\"https:\/\/vozolvapen.de\/pl\/product-category\/waspe-vape\/\" target=\"_blank\" rel=\"noopener noreferrer nofollow\" data-hveid=\"0\" data-ved=\"0CAAQ_4QMahgKEwjxyYqx9_CRAxUAAAAAHQAAAAAQ-QE\">Zobacz pe\u0142n\u0105 kolekcj\u0119 Waspe \u2192<\/a><\/p>","protected":false},"excerpt":{"rendered":"<p>Z\u0142o\u017cony i aromatyczny. The <b data-path-to-node=\"15,2,0\" data-index-in-node=\"45\">Waspe Aiviou 150 tys.<\/b> Zestaw Mystic jest przeznaczony dla koneser\u00f3w, oferuj\u0105c wyrafinowan\u0105 chmur\u0119 inspirowan\u0105 shish\u0105 przez ca\u0142y rekordowy czas. <b data-path-to-node=\"15,2,0\" data-index-in-node=\"174\">150 000 zaci\u0105gni\u0119\u0107<\/b>.<\/p>","protected":false},"featured_media":60765,"comment_status":"open","ping_status":"closed","template":"","meta":{"_acf_changed":false},"product_brand":[],"product_cat":[116],"product_tag":[],"class_list":{"0":"post-60505","1":"product","2":"type-product","3":"status-publish","4":"has-post-thumbnail","6":"product_cat-150k-vape-waspe-aiviou-150k-6-in-1","8":"first","9":"instock","10":"shipping-taxable","11":"purchasable","12":"product-type-variable"},"acf":[],"yoast_head":"<!-- This site is optimized with the Yoast SEO Premium plugin v26.1 (Yoast SEO v27.5) - https:\/\/yoast.com\/product\/yoast-seo-premium-wordpress\/ -->\n<title>Mystic Berry Shisha | Waspe 150k | Dragon Fruit &amp; Cola - vozolvapen<\/title>\n<meta name=\"description\" content=\"Discover Mystic Berry Shisha Waspe Aiviou 150k. 150,000 puffs of dark dragon fruit and shisha-style berry blends. 6-in-1 flavor switching.\" \/>\n<meta name=\"robots\" content=\"index, follow, max-snippet:-1, max-image-preview:large, max-video-preview:-1\" \/>\n<link rel=\"canonical\" href=\"https:\/\/vozolvapen.de\/pl\/product\/150k-vape-waspe-aiviou-150000-mystic-berry-shisha\/\" \/>\n<meta property=\"og:locale\" content=\"pl_PL\" \/>\n<meta property=\"og:type\" content=\"article\" \/>\n<meta property=\"og:title\" content=\"150k Vape Waspe Aiviou 150000 - Mystic Berry Shisha\" \/>\n<meta property=\"og:description\" content=\"Discover Mystic Berry Shisha Waspe Aiviou 150k. 150,000 puffs of dark dragon fruit and shisha-style berry blends. 6-in-1 flavor switching.\" \/>\n<meta property=\"og:url\" content=\"https:\/\/vozolvapen.de\/pl\/product\/150k-vape-waspe-aiviou-150000-mystic-berry-shisha\/\" \/>\n<meta property=\"og:site_name\" content=\"vozolvapen\" \/>\n<meta property=\"article:modified_time\" content=\"2026-01-13T06:30:38+00:00\" \/>\n<meta property=\"og:image\" content=\"https:\/\/vozolvapen.de\/wp-content\/uploads\/2026\/01\/150k-Vape-Waspe-Aiviou-150000-6-in-1-Mixed-Berries-Black-Dragon-Ice-Strawberry-Cherry-Cola.webp\" \/>\n\t<meta property=\"og:image:width\" content=\"1200\" \/>\n\t<meta property=\"og:image:height\" content=\"1200\" \/>\n\t<meta property=\"og:image:type\" content=\"image\/webp\" \/>\n<meta name=\"twitter:card\" content=\"summary_large_image\" \/>\n<meta name=\"twitter:label1\" content=\"Szacowany czas czytania\" \/>\n\t<meta name=\"twitter:data1\" content=\"2 minuty\" \/>\n<script type=\"application\/ld+json\" class=\"yoast-schema-graph\">{\"@context\":\"https:\\\/\\\/schema.org\",\"@graph\":[{\"@type\":\"WebPage\",\"@id\":\"https:\\\/\\\/vozolvapen.de\\\/product\\\/150k-vape-waspe-aiviou-150000-mystic-berry-shisha\\\/\",\"url\":\"https:\\\/\\\/vozolvapen.de\\\/product\\\/150k-vape-waspe-aiviou-150000-mystic-berry-shisha\\\/\",\"name\":\"Mystic Berry Shisha | Waspe 150k | Dragon Fruit & Cola - vozolvapen\",\"isPartOf\":{\"@id\":\"https:\\\/\\\/vozolvapen.de\\\/#website\"},\"primaryImageOfPage\":{\"@id\":\"https:\\\/\\\/vozolvapen.de\\\/product\\\/150k-vape-waspe-aiviou-150000-mystic-berry-shisha\\\/#primaryimage\"},\"image\":{\"@id\":\"https:\\\/\\\/vozolvapen.de\\\/product\\\/150k-vape-waspe-aiviou-150000-mystic-berry-shisha\\\/#primaryimage\"},\"thumbnailUrl\":\"https:\\\/\\\/vozolvapen.de\\\/wp-content\\\/uploads\\\/2026\\\/01\\\/150k-Vape-Waspe-Aiviou-150000-6-in-1-Mixed-Berries-Black-Dragon-Ice-Strawberry-Cherry-Cola.webp\",\"datePublished\":\"2026-01-13T03:59:35+00:00\",\"dateModified\":\"2026-01-13T06:30:38+00:00\",\"description\":\"Discover Mystic Berry Shisha Waspe Aiviou 150k. 150,000 puffs of dark dragon fruit and shisha-style berry blends. 6-in-1 flavor switching.\",\"breadcrumb\":{\"@id\":\"https:\\\/\\\/vozolvapen.de\\\/product\\\/150k-vape-waspe-aiviou-150000-mystic-berry-shisha\\\/#breadcrumb\"},\"inLanguage\":\"pl-PL\",\"potentialAction\":[{\"@type\":\"ReadAction\",\"target\":[\"https:\\\/\\\/vozolvapen.de\\\/product\\\/150k-vape-waspe-aiviou-150000-mystic-berry-shisha\\\/\"]}]},{\"@type\":\"ImageObject\",\"inLanguage\":\"pl-PL\",\"@id\":\"https:\\\/\\\/vozolvapen.de\\\/product\\\/150k-vape-waspe-aiviou-150000-mystic-berry-shisha\\\/#primaryimage\",\"url\":\"https:\\\/\\\/vozolvapen.de\\\/wp-content\\\/uploads\\\/2026\\\/01\\\/150k-Vape-Waspe-Aiviou-150000-6-in-1-Mixed-Berries-Black-Dragon-Ice-Strawberry-Cherry-Cola.webp\",\"contentUrl\":\"https:\\\/\\\/vozolvapen.de\\\/wp-content\\\/uploads\\\/2026\\\/01\\\/150k-Vape-Waspe-Aiviou-150000-6-in-1-Mixed-Berries-Black-Dragon-Ice-Strawberry-Cherry-Cola.webp\",\"width\":1200,\"height\":1200,\"caption\":\"150k Vape Waspe Aiviou 150000 6 in 1 - Mixed Berries & Black Dragon Ice & Strawberry Cherry Cola\"},{\"@type\":\"BreadcrumbList\",\"@id\":\"https:\\\/\\\/vozolvapen.de\\\/product\\\/150k-vape-waspe-aiviou-150000-mystic-berry-shisha\\\/#breadcrumb\",\"itemListElement\":[{\"@type\":\"ListItem\",\"position\":1,\"name\":\"Home\",\"item\":\"https:\\\/\\\/vozolvapen.de\\\/de\\\/\"},{\"@type\":\"ListItem\",\"position\":2,\"name\":\"Shop\",\"item\":\"https:\\\/\\\/vozolvapen.de\\\/shop\\\/\"},{\"@type\":\"ListItem\",\"position\":3,\"name\":\"150k Vape Waspe Aiviou 150000 &#8211; Mystic Berry Shisha\"}]},{\"@type\":\"WebSite\",\"@id\":\"https:\\\/\\\/vozolvapen.de\\\/#website\",\"url\":\"https:\\\/\\\/vozolvapen.de\\\/\",\"name\":\"vozolvapen\",\"description\":\"vozolvapen\",\"publisher\":{\"@id\":\"https:\\\/\\\/vozolvapen.de\\\/#organization\"},\"potentialAction\":[{\"@type\":\"SearchAction\",\"target\":{\"@type\":\"EntryPoint\",\"urlTemplate\":\"https:\\\/\\\/vozolvapen.de\\\/?s={search_term_string}\"},\"query-input\":{\"@type\":\"PropertyValueSpecification\",\"valueRequired\":true,\"valueName\":\"search_term_string\"}}],\"inLanguage\":\"pl-PL\"},{\"@type\":\"Organization\",\"@id\":\"https:\\\/\\\/vozolvapen.de\\\/#organization\",\"name\":\"vozolvapen\",\"url\":\"https:\\\/\\\/vozolvapen.de\\\/\",\"logo\":{\"@type\":\"ImageObject\",\"inLanguage\":\"pl-PL\",\"@id\":\"https:\\\/\\\/vozolvapen.de\\\/#\\\/schema\\\/logo\\\/image\\\/\",\"url\":\"https:\\\/\\\/vozolvapen.de\\\/wp-content\\\/uploads\\\/2025\\\/12\\\/cropped-vozovapen-logo.webp\",\"contentUrl\":\"https:\\\/\\\/vozolvapen.de\\\/wp-content\\\/uploads\\\/2025\\\/12\\\/cropped-vozovapen-logo.webp\",\"width\":470,\"height\":110,\"caption\":\"vozolvapen\"},\"image\":{\"@id\":\"https:\\\/\\\/vozolvapen.de\\\/#\\\/schema\\\/logo\\\/image\\\/\"}}]}<\/script>\n<!-- \/ Yoast SEO Premium plugin. -->","yoast_head_json":{"title":"Mystic Berry Shisha | Waspe 150k | Dragon Fruit &amp; Cola - vozolvapen","description":"Odkryj Mystic Berry Shisha Waspe Aiviou 150k. 150 000 zaci\u0105gni\u0119\u0107 mieszank\u0105 ciemnych smoczych owoc\u00f3w i jag\u00f3d w stylu shishy. Prze\u0142\u0105czanie smak\u00f3w 6 w 1.","robots":{"index":"index","follow":"follow","max-snippet":"max-snippet:-1","max-image-preview":"max-image-preview:large","max-video-preview":"max-video-preview:-1"},"canonical":"https:\/\/vozolvapen.de\/pl\/product\/150k-vape-waspe-aiviou-150000-mystic-berry-shisha\/","og_locale":"pl_PL","og_type":"article","og_title":"150k Vape Waspe Aiviou 150000 - Mystic Berry Shisha","og_description":"Discover Mystic Berry Shisha Waspe Aiviou 150k. 150,000 puffs of dark dragon fruit and shisha-style berry blends. 6-in-1 flavor switching.","og_url":"https:\/\/vozolvapen.de\/pl\/product\/150k-vape-waspe-aiviou-150000-mystic-berry-shisha\/","og_site_name":"vozolvapen","article_modified_time":"2026-01-13T06:30:38+00:00","og_image":[{"width":1200,"height":1200,"url":"https:\/\/vozolvapen.de\/wp-content\/uploads\/2026\/01\/150k-Vape-Waspe-Aiviou-150000-6-in-1-Mixed-Berries-Black-Dragon-Ice-Strawberry-Cherry-Cola.webp","type":"image\/webp"}],"twitter_card":"summary_large_image","twitter_misc":{"Szacowany czas czytania":"2 minuty"},"schema":{"@context":"https:\/\/schema.org","@graph":[{"@type":"WebPage","@id":"https:\/\/vozolvapen.de\/product\/150k-vape-waspe-aiviou-150000-mystic-berry-shisha\/","url":"https:\/\/vozolvapen.de\/product\/150k-vape-waspe-aiviou-150000-mystic-berry-shisha\/","name":"Mystic Berry Shisha | Waspe 150k | Dragon Fruit &amp; Cola - vozolvapen","isPartOf":{"@id":"https:\/\/vozolvapen.de\/#website"},"primaryImageOfPage":{"@id":"https:\/\/vozolvapen.de\/product\/150k-vape-waspe-aiviou-150000-mystic-berry-shisha\/#primaryimage"},"image":{"@id":"https:\/\/vozolvapen.de\/product\/150k-vape-waspe-aiviou-150000-mystic-berry-shisha\/#primaryimage"},"thumbnailUrl":"https:\/\/vozolvapen.de\/wp-content\/uploads\/2026\/01\/150k-Vape-Waspe-Aiviou-150000-6-in-1-Mixed-Berries-Black-Dragon-Ice-Strawberry-Cherry-Cola.webp","datePublished":"2026-01-13T03:59:35+00:00","dateModified":"2026-01-13T06:30:38+00:00","description":"Odkryj Mystic Berry Shisha Waspe Aiviou 150k. 150 000 zaci\u0105gni\u0119\u0107 mieszank\u0105 ciemnych smoczych owoc\u00f3w i jag\u00f3d w stylu shishy. Prze\u0142\u0105czanie smak\u00f3w 6 w 1.","breadcrumb":{"@id":"https:\/\/vozolvapen.de\/product\/150k-vape-waspe-aiviou-150000-mystic-berry-shisha\/#breadcrumb"},"inLanguage":"pl-PL","potentialAction":[{"@type":"ReadAction","target":["https:\/\/vozolvapen.de\/product\/150k-vape-waspe-aiviou-150000-mystic-berry-shisha\/"]}]},{"@type":"ImageObject","inLanguage":"pl-PL","@id":"https:\/\/vozolvapen.de\/product\/150k-vape-waspe-aiviou-150000-mystic-berry-shisha\/#primaryimage","url":"https:\/\/vozolvapen.de\/wp-content\/uploads\/2026\/01\/150k-Vape-Waspe-Aiviou-150000-6-in-1-Mixed-Berries-Black-Dragon-Ice-Strawberry-Cherry-Cola.webp","contentUrl":"https:\/\/vozolvapen.de\/wp-content\/uploads\/2026\/01\/150k-Vape-Waspe-Aiviou-150000-6-in-1-Mixed-Berries-Black-Dragon-Ice-Strawberry-Cherry-Cola.webp","width":1200,"height":1200,"caption":"150k Vape Waspe Aiviou 150000 6 in 1 - Mixed Berries & Black Dragon Ice & Strawberry Cherry Cola"},{"@type":"BreadcrumbList","@id":"https:\/\/vozolvapen.de\/product\/150k-vape-waspe-aiviou-150000-mystic-berry-shisha\/#breadcrumb","itemListElement":[{"@type":"ListItem","position":1,"name":"Home","item":"https:\/\/vozolvapen.de\/de\/"},{"@type":"ListItem","position":2,"name":"Shop","item":"https:\/\/vozolvapen.de\/shop\/"},{"@type":"ListItem","position":3,"name":"150k Vape Waspe Aiviou 150000 &#8211; Mystic Berry Shisha"}]},{"@type":"WebSite","@id":"https:\/\/vozolvapen.de\/#website","url":"https:\/\/vozolvapen.de\/","name":"vozolvapen","description":"vozolvapen","publisher":{"@id":"https:\/\/vozolvapen.de\/#organization"},"potentialAction":[{"@type":"SearchAction","target":{"@type":"EntryPoint","urlTemplate":"https:\/\/vozolvapen.de\/?s={search_term_string}"},"query-input":{"@type":"PropertyValueSpecification","valueRequired":true,"valueName":"search_term_string"}}],"inLanguage":"pl-PL"},{"@type":"Organization","@id":"https:\/\/vozolvapen.de\/#organization","name":"vozolvapen","url":"https:\/\/vozolvapen.de\/","logo":{"@type":"ImageObject","inLanguage":"pl-PL","@id":"https:\/\/vozolvapen.de\/#\/schema\/logo\/image\/","url":"https:\/\/vozolvapen.de\/wp-content\/uploads\/2025\/12\/cropped-vozovapen-logo.webp","contentUrl":"https:\/\/vozolvapen.de\/wp-content\/uploads\/2025\/12\/cropped-vozovapen-logo.webp","width":470,"height":110,"caption":"vozolvapen"},"image":{"@id":"https:\/\/vozolvapen.de\/#\/schema\/logo\/image\/"}}]}},"tiered_pricing_type":"fixed","tiered_pricing_fixed_rules":{"30":"13","50":"11","100":"10","200":"9.5"},"tiered_pricing_product_settings":{"layout":"default","base_unit_name":{"singular":null,"plural":null},"default_variation":{}},"tiered_pricing_minimum_quantity":10,"tiered_pricing_roles_data":[],"tiered_pricing_percentage_rules":[],"tiered_pricing_maximum_quantity":null,"tiered_pricing_quantity_step":"10","_links":{"self":[{"href":"http:\/\/vozolvapen.de\/pl\/wp-json\/wp\/v2\/product\/60505","targetHints":{"allow":["GET"]}}],"collection":[{"href":"http:\/\/vozolvapen.de\/pl\/wp-json\/wp\/v2\/product"}],"about":[{"href":"http:\/\/vozolvapen.de\/pl\/wp-json\/wp\/v2\/types\/product"}],"replies":[{"embeddable":true,"href":"http:\/\/vozolvapen.de\/pl\/wp-json\/wp\/v2\/comments?post=60505"}],"wp:featuredmedia":[{"embeddable":true,"href":"http:\/\/vozolvapen.de\/pl\/wp-json\/wp\/v2\/media\/60765"}],"wp:attachment":[{"href":"http:\/\/vozolvapen.de\/pl\/wp-json\/wp\/v2\/media?parent=60505"}],"wp:term":[{"taxonomy":"product_brand","embeddable":true,"href":"http:\/\/vozolvapen.de\/pl\/wp-json\/wp\/v2\/product_brand?post=60505"},{"taxonomy":"product_cat","embeddable":true,"href":"http:\/\/vozolvapen.de\/pl\/wp-json\/wp\/v2\/product_cat?post=60505"},{"taxonomy":"product_tag","embeddable":true,"href":"http:\/\/vozolvapen.de\/pl\/wp-json\/wp\/v2\/product_tag?post=60505"}],"curies":[{"name":"wp","href":"https:\/\/api.w.org\/{rel}","templated":true}]}}