{"id":60545,"date":"2026-01-13T03:59:37","date_gmt":"2026-01-13T03:59:37","guid":{"rendered":"https:\/\/vozolvapen.de\/?post_type=product&#038;p=60545"},"modified":"2026-01-13T06:30:53","modified_gmt":"2026-01-13T06:30:53","slug":"150k-vape-waspe-aiviou-150000-refreshment-soda-hub","status":"publish","type":"product","link":"http:\/\/vozolvapen.de\/pl\/product\/150k-vape-waspe-aiviou-150000-refreshment-soda-hub\/","title":{"rendered":"150k Vape Waspe Aiviou 150000 - Centrum napoj\u00f3w gazowanych"},"content":{"rendered":"<h1 data-path-to-node=\"45\"><b data-path-to-node=\"45\" data-index-in-node=\"0\">150k Vape Waspe Aiviou 150000 Centrum napoj\u00f3w gazowanych: Fizzy Cola Ice, Energy Drink, Cherry Ice<\/b><\/h1>\n<p data-path-to-node=\"46\"><b data-path-to-node=\"46\" data-index-in-node=\"0\">Stoisko z zimnymi napojami:<\/b> Prosty, efektowny zestaw do napoj\u00f3w. Je\u015bli lubisz zimne napoje gazowane i energetyczne, jest to najbardziej bezpo\u015bredni zestaw. <b data-path-to-node=\"46\" data-index-in-node=\"133\">150k vape<\/b> dost\u0119pne do\u015bwiadczenie.<\/p>\n<h2 data-path-to-node=\"47\"><b data-path-to-node=\"47\" data-index-in-node=\"0\">Ch\u0142odz\u0105ce i b\u0105belkowe g\u0142\u0119bokie zanurzenie<\/b><\/h2>\n<ul data-path-to-node=\"48\">\n<li>\n<p data-path-to-node=\"48,0,0\"><b data-path-to-node=\"48,0,0\" data-index-in-node=\"0\">Tryb A - Fizzy Cola Ice:<\/b> Klasyczna, orze\u017awiaj\u0105ca cola z lodowym posmakiem.<\/p>\n<\/li>\n<li>\n<p data-path-to-node=\"48,1,0\"><b data-path-to-node=\"48,1,0\" data-index-in-node=\"0\">Tryb B - Nap\u00f3j energetyczny:<\/b> Surowy, niefiltrowany smak najwy\u017cszej jako\u015bci napoju energetycznego.<\/p>\n<\/li>\n<li>\n<p data-path-to-node=\"48,2,0\"><b data-path-to-node=\"48,2,0\" data-index-in-node=\"0\">Mode C - Cherry Ice:<\/b> Prosta, s\u0142odka i mro\u017c\u0105ca wi\u015bnia.<\/p>\n<\/li>\n<li>\n<p data-path-to-node=\"48,3,0\"><b data-path-to-node=\"48,3,0\" data-index-in-node=\"0\">Tryb A+B - Turbo Cola:<\/b> Do\u0142adowana fuzja coli i energii.<\/p>\n<\/li>\n<li>\n<p data-path-to-node=\"48,4,0\"><b data-path-to-node=\"48,4,0\" data-index-in-node=\"0\">Tryb A+C - Cherry Cola Blast:<\/b> Najlepszy sch\u0142odzony nap\u00f3j wi\u015bniowy.<\/p>\n<\/li>\n<li>\n<p data-path-to-node=\"48,5,0\"><b data-path-to-node=\"48,5,0\" data-index-in-node=\"0\">Mode B+C - Cherry Energy Chill:<\/b> Cierpki zastrzyk energii z lodowatym wi\u015bniowym wyko\u0144czeniem.<\/p>\n<\/li>\n<\/ul>\n<h2 data-path-to-node=\"49\"><b data-path-to-node=\"49\" data-index-in-node=\"0\">Dla kogo przeznaczony jest ten smak?<\/b><\/h2>\n<p data-path-to-node=\"49\"><b data-path-to-node=\"49\" data-index-in-node=\"24\">Minimalista:<\/b> Idealny dla tych, kt\u00f3rzy wiedz\u0105, co lubi\u0105 - zimne napoje gazowane i proste owoce.<\/p>\n<h2 data-path-to-node=\"60\">150k Vape Waspe Aiviou 150000 Specyfikacja rdzenia<\/h2>\n<table data-path-to-node=\"8\">\n<thead>\n<tr>\n<td><strong>Podzia\u0142 sprz\u0119tu<\/strong><\/td>\n<td><strong>Szczeg\u00f3\u0142y techniczne Waspe 150k<\/strong><\/td>\n<\/tr>\n<\/thead>\n<tbody>\n<tr>\n<td><span data-path-to-node=\"8,1,0,0\"><b data-path-to-node=\"8,1,0,0\" data-index-in-node=\"0\">Centrum sterowania<\/b><\/span><\/td>\n<td><span data-path-to-node=\"8,1,1,0\">Zintegrowany wy\u015bwietlacz stanu LED<\/span><\/td>\n<\/tr>\n<tr>\n<td><span data-path-to-node=\"8,2,0,0\"><b data-path-to-node=\"8,2,0,0\" data-index-in-node=\"0\">Mechanizm prze\u0142\u0105czania<\/b><\/span><\/td>\n<td><span data-path-to-node=\"8,2,1,0\">Mechaniczny prze\u0142\u0105cznik smaku (technologia 6 w 1)<\/span><\/td>\n<\/tr>\n<tr>\n<td><span data-path-to-node=\"8,3,0,0\"><b data-path-to-node=\"8,3,0,0\" data-index-in-node=\"0\">\u0179r\u00f3d\u0142o zasilania<\/b><\/span><\/td>\n<td><span data-path-to-node=\"8,3,1,0\">Akumulator o wysokiej g\u0119sto\u015bci 650 mAh<\/span><\/td>\n<\/tr>\n<tr>\n<td><span data-path-to-node=\"8,4,0,0\"><b data-path-to-node=\"8,4,0,0\" data-index-in-node=\"0\">Port \u0142adowania<\/b><\/span><\/td>\n<td><span data-path-to-node=\"8,4,1,0\">Uniwersalny <b data-path-to-node=\"8,4,1,0\" data-index-in-node=\"10\">Szybkie \u0142adowanie typu C<\/b><\/span><\/td>\n<\/tr>\n<tr>\n<td><span data-path-to-node=\"8,5,0,0\"><b data-path-to-node=\"8,5,0,0\" data-index-in-node=\"0\">Architektura cewki<\/b><\/span><\/td>\n<td><span data-path-to-node=\"8,5,1,0\">Zaawansowany system siatki z potr\u00f3jnym rdzeniem<\/span><\/td>\n<\/tr>\n<tr>\n<td><span data-path-to-node=\"8,6,0,0\"><b data-path-to-node=\"8,6,0,0\" data-index-in-node=\"0\">Zarz\u0105dzanie e-liquidami<\/b><\/span><\/td>\n<td><span data-path-to-node=\"8,6,1,0\">Niezale\u017cna separacja trzech zbiornik\u00f3w<\/span><\/td>\n<\/tr>\n<tr>\n<td><span data-path-to-node=\"8,7,0,0\"><b data-path-to-node=\"8,7,0,0\" data-index-in-node=\"0\">Styl wapowania<\/b><\/span><\/td>\n<td><span data-path-to-node=\"8,7,1,0\">Sta\u0142a rezystancja 1,0ohm<\/span><\/td>\n<\/tr>\n<\/tbody>\n<\/table>\n<h3 data-path-to-node=\"77\"><b data-path-to-node=\"77\" data-index-in-node=\"0\">Dalsze zalecenia:<\/b><\/h3>\n<p data-path-to-node=\"78\">Odkryj jeszcze wi\u0119cej niesamowitych smak\u00f3w dzi\u0119ki 150k Puffs Waspe Aiviou 150000<b data-path-to-node=\"78\" data-index-in-node=\"47\">\u00a0Vape<\/b>!<\/p>\n<p data-path-to-node=\"79\"><a class=\"ng-star-inserted\" href=\"https:\/\/vozolvapen.de\/pl\/product-category\/waspe-vape\/150k-vape-waspe-aiviou-150k-6-in-1\/\" target=\"_blank\" rel=\"noopener noreferrer nofollow\" data-hveid=\"0\" data-ved=\"0CAAQ_4QMahgKEwjxyYqx9_CRAxUAAAAAHQAAAAAQ9wE\">Zobacz wszystkie odmiany tutaj \u2192<\/a><\/p>\n<p data-path-to-node=\"80\">Zapoznaj si\u0119 z nasz\u0105 pe\u0142n\u0105 kolekcj\u0105 i kupuj produkty najlepszych marek vape, kt\u00f3re pokochasz.<\/p>\n<p data-path-to-node=\"81\"><a class=\"ng-star-inserted\" href=\"https:\/\/vozolvapen.de\/pl\/\" target=\"_blank\" rel=\"noopener noreferrer nofollow\" data-hveid=\"0\" data-ved=\"0CAAQ_4QMahgKEwjxyYqx9_CRAxUAAAAAHQAAAAAQ-AE\">Przegl\u0105daj teraz wszystkie marki \u2192<\/a><\/p>\n<p data-path-to-node=\"82\">Sprawd\u017a ca\u0142o\u015b\u0107\u00a0<b data-path-to-node=\"82\" data-index-in-node=\"23\">Waspe Aiviou<\/b>\u00a0Seria - ka\u017cdy smak, ka\u017cdy styl!<\/p>\n<p data-path-to-node=\"83\"><a class=\"ng-star-inserted\" href=\"https:\/\/vozolvapen.de\/pl\/product-category\/waspe-vape\/\" target=\"_blank\" rel=\"noopener noreferrer nofollow\" data-hveid=\"0\" data-ved=\"0CAAQ_4QMahgKEwjxyYqx9_CRAxUAAAAAHQAAAAAQ-QE\">Zobacz pe\u0142n\u0105 kolekcj\u0119 Waspe \u2192<\/a><\/p>","protected":false},"excerpt":{"rendered":"<p>Tw\u00f3j ulubiony zimny nap\u00f3j w kieszeni. To <b data-path-to-node=\"17,2,0\" data-index-in-node=\"71\">Waspe 150k<\/b> Zestaw zapewnia gazowane doznania coli i napoj\u00f3w energetycznych z lodowatym, orze\u017awiaj\u0105cym smakiem. <b data-path-to-node=\"17,2,0\" data-index-in-node=\"170\">vape pen<\/b> wyko\u0144czenie.<\/p>","protected":false},"featured_media":60768,"comment_status":"open","ping_status":"closed","template":"","meta":{"_acf_changed":false},"product_brand":[],"product_cat":[116],"product_tag":[],"class_list":{"0":"post-60545","1":"product","2":"type-product","3":"status-publish","4":"has-post-thumbnail","6":"product_cat-150k-vape-waspe-aiviou-150k-6-in-1","8":"first","9":"instock","10":"shipping-taxable","11":"purchasable","12":"product-type-variable"},"acf":[],"yoast_head":"<!-- This site is optimized with the Yoast SEO Premium plugin v26.1 (Yoast SEO v27.5) - https:\/\/yoast.com\/product\/yoast-seo-premium-wordpress\/ -->\n<title>Refreshment Soda Hub | WASPE 150k | Beverage Vape 6-in-1 - vozolvapen<\/title>\n<meta name=\"description\" content=\"The best soda vape of 2026. Refreshment Soda Hub Waspe 150k. 150,000 puffs of Cola, Energy Drink, and Cherry Ice. Triple mesh coil tech.\" \/>\n<meta name=\"robots\" content=\"index, follow, max-snippet:-1, max-image-preview:large, max-video-preview:-1\" \/>\n<link rel=\"canonical\" href=\"https:\/\/vozolvapen.de\/pl\/product\/150k-vape-waspe-aiviou-150000-refreshment-soda-hub\/\" \/>\n<meta property=\"og:locale\" content=\"pl_PL\" \/>\n<meta property=\"og:type\" content=\"article\" \/>\n<meta property=\"og:title\" content=\"150k Vape Waspe Aiviou 150000 - Refreshment Soda Hub\" \/>\n<meta property=\"og:description\" content=\"The best soda vape of 2026. Refreshment Soda Hub Waspe 150k. 150,000 puffs of Cola, Energy Drink, and Cherry Ice. Triple mesh coil tech.\" \/>\n<meta property=\"og:url\" content=\"https:\/\/vozolvapen.de\/pl\/product\/150k-vape-waspe-aiviou-150000-refreshment-soda-hub\/\" \/>\n<meta property=\"og:site_name\" content=\"vozolvapen\" \/>\n<meta property=\"article:modified_time\" content=\"2026-01-13T06:30:53+00:00\" \/>\n<meta property=\"og:image\" content=\"https:\/\/vozolvapen.de\/wp-content\/uploads\/2026\/01\/150k-Vape-Waspe-Aiviou-150000-6-in-1-Fizzy-Cola-Ice-Energy-Drink-Cherry-Ice.webp\" \/>\n\t<meta property=\"og:image:width\" content=\"1200\" \/>\n\t<meta property=\"og:image:height\" content=\"1200\" \/>\n\t<meta property=\"og:image:type\" content=\"image\/webp\" \/>\n<meta name=\"twitter:card\" content=\"summary_large_image\" \/>\n<meta name=\"twitter:label1\" content=\"Szacowany czas czytania\" \/>\n\t<meta name=\"twitter:data1\" content=\"2 minuty\" \/>\n<script type=\"application\/ld+json\" class=\"yoast-schema-graph\">{\"@context\":\"https:\\\/\\\/schema.org\",\"@graph\":[{\"@type\":\"WebPage\",\"@id\":\"https:\\\/\\\/vozolvapen.de\\\/product\\\/150k-vape-waspe-aiviou-150000-refreshment-soda-hub\\\/\",\"url\":\"https:\\\/\\\/vozolvapen.de\\\/product\\\/150k-vape-waspe-aiviou-150000-refreshment-soda-hub\\\/\",\"name\":\"Refreshment Soda Hub | WASPE 150k | Beverage Vape 6-in-1 - vozolvapen\",\"isPartOf\":{\"@id\":\"https:\\\/\\\/vozolvapen.de\\\/#website\"},\"primaryImageOfPage\":{\"@id\":\"https:\\\/\\\/vozolvapen.de\\\/product\\\/150k-vape-waspe-aiviou-150000-refreshment-soda-hub\\\/#primaryimage\"},\"image\":{\"@id\":\"https:\\\/\\\/vozolvapen.de\\\/product\\\/150k-vape-waspe-aiviou-150000-refreshment-soda-hub\\\/#primaryimage\"},\"thumbnailUrl\":\"https:\\\/\\\/vozolvapen.de\\\/wp-content\\\/uploads\\\/2026\\\/01\\\/150k-Vape-Waspe-Aiviou-150000-6-in-1-Fizzy-Cola-Ice-Energy-Drink-Cherry-Ice.webp\",\"datePublished\":\"2026-01-13T03:59:37+00:00\",\"dateModified\":\"2026-01-13T06:30:53+00:00\",\"description\":\"The best soda vape of 2026. Refreshment Soda Hub Waspe 150k. 150,000 puffs of Cola, Energy Drink, and Cherry Ice. Triple mesh coil tech.\",\"breadcrumb\":{\"@id\":\"https:\\\/\\\/vozolvapen.de\\\/product\\\/150k-vape-waspe-aiviou-150000-refreshment-soda-hub\\\/#breadcrumb\"},\"inLanguage\":\"pl-PL\",\"potentialAction\":[{\"@type\":\"ReadAction\",\"target\":[\"https:\\\/\\\/vozolvapen.de\\\/product\\\/150k-vape-waspe-aiviou-150000-refreshment-soda-hub\\\/\"]}]},{\"@type\":\"ImageObject\",\"inLanguage\":\"pl-PL\",\"@id\":\"https:\\\/\\\/vozolvapen.de\\\/product\\\/150k-vape-waspe-aiviou-150000-refreshment-soda-hub\\\/#primaryimage\",\"url\":\"https:\\\/\\\/vozolvapen.de\\\/wp-content\\\/uploads\\\/2026\\\/01\\\/150k-Vape-Waspe-Aiviou-150000-6-in-1-Fizzy-Cola-Ice-Energy-Drink-Cherry-Ice.webp\",\"contentUrl\":\"https:\\\/\\\/vozolvapen.de\\\/wp-content\\\/uploads\\\/2026\\\/01\\\/150k-Vape-Waspe-Aiviou-150000-6-in-1-Fizzy-Cola-Ice-Energy-Drink-Cherry-Ice.webp\",\"width\":1200,\"height\":1200,\"caption\":\"150k Vape Waspe Aiviou 150000 6 in 1 - Fizzy Cola Ice & Energy Drink & Cherry Ice\"},{\"@type\":\"BreadcrumbList\",\"@id\":\"https:\\\/\\\/vozolvapen.de\\\/product\\\/150k-vape-waspe-aiviou-150000-refreshment-soda-hub\\\/#breadcrumb\",\"itemListElement\":[{\"@type\":\"ListItem\",\"position\":1,\"name\":\"Home\",\"item\":\"https:\\\/\\\/vozolvapen.de\\\/de\\\/\"},{\"@type\":\"ListItem\",\"position\":2,\"name\":\"Shop\",\"item\":\"https:\\\/\\\/vozolvapen.de\\\/shop\\\/\"},{\"@type\":\"ListItem\",\"position\":3,\"name\":\"150k Vape Waspe Aiviou 150000 &#8211; Refreshment Soda Hub\"}]},{\"@type\":\"WebSite\",\"@id\":\"https:\\\/\\\/vozolvapen.de\\\/#website\",\"url\":\"https:\\\/\\\/vozolvapen.de\\\/\",\"name\":\"vozolvapen\",\"description\":\"vozolvapen\",\"publisher\":{\"@id\":\"https:\\\/\\\/vozolvapen.de\\\/#organization\"},\"potentialAction\":[{\"@type\":\"SearchAction\",\"target\":{\"@type\":\"EntryPoint\",\"urlTemplate\":\"https:\\\/\\\/vozolvapen.de\\\/?s={search_term_string}\"},\"query-input\":{\"@type\":\"PropertyValueSpecification\",\"valueRequired\":true,\"valueName\":\"search_term_string\"}}],\"inLanguage\":\"pl-PL\"},{\"@type\":\"Organization\",\"@id\":\"https:\\\/\\\/vozolvapen.de\\\/#organization\",\"name\":\"vozolvapen\",\"url\":\"https:\\\/\\\/vozolvapen.de\\\/\",\"logo\":{\"@type\":\"ImageObject\",\"inLanguage\":\"pl-PL\",\"@id\":\"https:\\\/\\\/vozolvapen.de\\\/#\\\/schema\\\/logo\\\/image\\\/\",\"url\":\"https:\\\/\\\/vozolvapen.de\\\/wp-content\\\/uploads\\\/2025\\\/12\\\/cropped-vozovapen-logo.webp\",\"contentUrl\":\"https:\\\/\\\/vozolvapen.de\\\/wp-content\\\/uploads\\\/2025\\\/12\\\/cropped-vozovapen-logo.webp\",\"width\":470,\"height\":110,\"caption\":\"vozolvapen\"},\"image\":{\"@id\":\"https:\\\/\\\/vozolvapen.de\\\/#\\\/schema\\\/logo\\\/image\\\/\"}}]}<\/script>\n<!-- \/ Yoast SEO Premium plugin. -->","yoast_head_json":{"title":"Refreshment Soda Hub | WASPE 150k | Beverage Vape 6-in-1 - vozolvapen","description":"Najlepszy vape sodowy 2026 roku. Refreshment Soda Hub Waspe 150k. 150 000 zaci\u0105gni\u0119\u0107 Col\u0105, napojem energetycznym i wi\u015bniowym lodem. Technologia cewki z potr\u00f3jn\u0105 siatk\u0105.","robots":{"index":"index","follow":"follow","max-snippet":"max-snippet:-1","max-image-preview":"max-image-preview:large","max-video-preview":"max-video-preview:-1"},"canonical":"https:\/\/vozolvapen.de\/pl\/product\/150k-vape-waspe-aiviou-150000-refreshment-soda-hub\/","og_locale":"pl_PL","og_type":"article","og_title":"150k Vape Waspe Aiviou 150000 - Refreshment Soda Hub","og_description":"The best soda vape of 2026. Refreshment Soda Hub Waspe 150k. 150,000 puffs of Cola, Energy Drink, and Cherry Ice. Triple mesh coil tech.","og_url":"https:\/\/vozolvapen.de\/pl\/product\/150k-vape-waspe-aiviou-150000-refreshment-soda-hub\/","og_site_name":"vozolvapen","article_modified_time":"2026-01-13T06:30:53+00:00","og_image":[{"width":1200,"height":1200,"url":"https:\/\/vozolvapen.de\/wp-content\/uploads\/2026\/01\/150k-Vape-Waspe-Aiviou-150000-6-in-1-Fizzy-Cola-Ice-Energy-Drink-Cherry-Ice.webp","type":"image\/webp"}],"twitter_card":"summary_large_image","twitter_misc":{"Szacowany czas czytania":"2 minuty"},"schema":{"@context":"https:\/\/schema.org","@graph":[{"@type":"WebPage","@id":"https:\/\/vozolvapen.de\/product\/150k-vape-waspe-aiviou-150000-refreshment-soda-hub\/","url":"https:\/\/vozolvapen.de\/product\/150k-vape-waspe-aiviou-150000-refreshment-soda-hub\/","name":"Refreshment Soda Hub | WASPE 150k | Beverage Vape 6-in-1 - vozolvapen","isPartOf":{"@id":"https:\/\/vozolvapen.de\/#website"},"primaryImageOfPage":{"@id":"https:\/\/vozolvapen.de\/product\/150k-vape-waspe-aiviou-150000-refreshment-soda-hub\/#primaryimage"},"image":{"@id":"https:\/\/vozolvapen.de\/product\/150k-vape-waspe-aiviou-150000-refreshment-soda-hub\/#primaryimage"},"thumbnailUrl":"https:\/\/vozolvapen.de\/wp-content\/uploads\/2026\/01\/150k-Vape-Waspe-Aiviou-150000-6-in-1-Fizzy-Cola-Ice-Energy-Drink-Cherry-Ice.webp","datePublished":"2026-01-13T03:59:37+00:00","dateModified":"2026-01-13T06:30:53+00:00","description":"Najlepszy vape sodowy 2026 roku. Refreshment Soda Hub Waspe 150k. 150 000 zaci\u0105gni\u0119\u0107 Col\u0105, napojem energetycznym i wi\u015bniowym lodem. Technologia cewki z potr\u00f3jn\u0105 siatk\u0105.","breadcrumb":{"@id":"https:\/\/vozolvapen.de\/product\/150k-vape-waspe-aiviou-150000-refreshment-soda-hub\/#breadcrumb"},"inLanguage":"pl-PL","potentialAction":[{"@type":"ReadAction","target":["https:\/\/vozolvapen.de\/product\/150k-vape-waspe-aiviou-150000-refreshment-soda-hub\/"]}]},{"@type":"ImageObject","inLanguage":"pl-PL","@id":"https:\/\/vozolvapen.de\/product\/150k-vape-waspe-aiviou-150000-refreshment-soda-hub\/#primaryimage","url":"https:\/\/vozolvapen.de\/wp-content\/uploads\/2026\/01\/150k-Vape-Waspe-Aiviou-150000-6-in-1-Fizzy-Cola-Ice-Energy-Drink-Cherry-Ice.webp","contentUrl":"https:\/\/vozolvapen.de\/wp-content\/uploads\/2026\/01\/150k-Vape-Waspe-Aiviou-150000-6-in-1-Fizzy-Cola-Ice-Energy-Drink-Cherry-Ice.webp","width":1200,"height":1200,"caption":"150k Vape Waspe Aiviou 150000 6 in 1 - Fizzy Cola Ice & Energy Drink & Cherry Ice"},{"@type":"BreadcrumbList","@id":"https:\/\/vozolvapen.de\/product\/150k-vape-waspe-aiviou-150000-refreshment-soda-hub\/#breadcrumb","itemListElement":[{"@type":"ListItem","position":1,"name":"Home","item":"https:\/\/vozolvapen.de\/de\/"},{"@type":"ListItem","position":2,"name":"Shop","item":"https:\/\/vozolvapen.de\/shop\/"},{"@type":"ListItem","position":3,"name":"150k Vape Waspe Aiviou 150000 &#8211; Refreshment Soda Hub"}]},{"@type":"WebSite","@id":"https:\/\/vozolvapen.de\/#website","url":"https:\/\/vozolvapen.de\/","name":"vozolvapen","description":"vozolvapen","publisher":{"@id":"https:\/\/vozolvapen.de\/#organization"},"potentialAction":[{"@type":"SearchAction","target":{"@type":"EntryPoint","urlTemplate":"https:\/\/vozolvapen.de\/?s={search_term_string}"},"query-input":{"@type":"PropertyValueSpecification","valueRequired":true,"valueName":"search_term_string"}}],"inLanguage":"pl-PL"},{"@type":"Organization","@id":"https:\/\/vozolvapen.de\/#organization","name":"vozolvapen","url":"https:\/\/vozolvapen.de\/","logo":{"@type":"ImageObject","inLanguage":"pl-PL","@id":"https:\/\/vozolvapen.de\/#\/schema\/logo\/image\/","url":"https:\/\/vozolvapen.de\/wp-content\/uploads\/2025\/12\/cropped-vozovapen-logo.webp","contentUrl":"https:\/\/vozolvapen.de\/wp-content\/uploads\/2025\/12\/cropped-vozovapen-logo.webp","width":470,"height":110,"caption":"vozolvapen"},"image":{"@id":"https:\/\/vozolvapen.de\/#\/schema\/logo\/image\/"}}]}},"tiered_pricing_type":"fixed","tiered_pricing_fixed_rules":{"30":"13","50":"11","100":"10","200":"9.5"},"tiered_pricing_product_settings":{"layout":"default","base_unit_name":{"singular":null,"plural":null},"default_variation":{}},"tiered_pricing_minimum_quantity":10,"tiered_pricing_roles_data":[],"tiered_pricing_percentage_rules":[],"tiered_pricing_maximum_quantity":null,"tiered_pricing_quantity_step":"10","_links":{"self":[{"href":"http:\/\/vozolvapen.de\/pl\/wp-json\/wp\/v2\/product\/60545","targetHints":{"allow":["GET"]}}],"collection":[{"href":"http:\/\/vozolvapen.de\/pl\/wp-json\/wp\/v2\/product"}],"about":[{"href":"http:\/\/vozolvapen.de\/pl\/wp-json\/wp\/v2\/types\/product"}],"replies":[{"embeddable":true,"href":"http:\/\/vozolvapen.de\/pl\/wp-json\/wp\/v2\/comments?post=60545"}],"wp:featuredmedia":[{"embeddable":true,"href":"http:\/\/vozolvapen.de\/pl\/wp-json\/wp\/v2\/media\/60768"}],"wp:attachment":[{"href":"http:\/\/vozolvapen.de\/pl\/wp-json\/wp\/v2\/media?parent=60545"}],"wp:term":[{"taxonomy":"product_brand","embeddable":true,"href":"http:\/\/vozolvapen.de\/pl\/wp-json\/wp\/v2\/product_brand?post=60545"},{"taxonomy":"product_cat","embeddable":true,"href":"http:\/\/vozolvapen.de\/pl\/wp-json\/wp\/v2\/product_cat?post=60545"},{"taxonomy":"product_tag","embeddable":true,"href":"http:\/\/vozolvapen.de\/pl\/wp-json\/wp\/v2\/product_tag?post=60545"}],"curies":[{"name":"wp","href":"https:\/\/api.w.org\/{rel}","templated":true}]}}