{"id":60585,"date":"2026-01-13T03:59:39","date_gmt":"2026-01-13T03:59:39","guid":{"rendered":"https:\/\/vozolvapen.de\/?post_type=product&#038;p=60585"},"modified":"2026-01-13T06:31:08","modified_gmt":"2026-01-13T06:31:08","slug":"150k-vape-waspe-aiviou-150000-tropical-smoothie-medley","status":"publish","type":"product","link":"http:\/\/vozolvapen.de\/pl\/product\/150k-vape-waspe-aiviou-150000-tropical-smoothie-medley\/","title":{"rendered":"150k Vape Waspe Aiviou 150000 - Tropical Smoothie Medley"},"content":{"rendered":"<h1 data-path-to-node=\"51\"><b data-path-to-node=\"51\" data-index-in-node=\"0\"> 150k Vape Waspe Aiviou 150000 Tropical Smoothie Medley: Truskawka Banan, Kiwi Arbuz, Kokos Truskawka<\/b><\/h1>\n<p data-path-to-node=\"52\"><b data-path-to-node=\"52\" data-index-in-node=\"0\">The Beachside Creamery:<\/b> Dla waper\u00f3w, kt\u00f3rzy preferuj\u0105 g\u0142adsze, bardziej \u201caksamitne\u201d odczucia w ustach. Ten zestaw wykorzystuje kremowy banan i kokos, aby z\u0142agodzi\u0107 ostre nuty owocowe, tworz\u0105c g\u0142adk\u0105 konsystencj\u0119.<\/p>\n<h2 data-path-to-node=\"53\"><b data-path-to-node=\"53\" data-index-in-node=\"0\">Kremowe i tropikalne g\u0142\u0119bokie zanurzenie<\/b><\/h2>\n<ul data-path-to-node=\"54\">\n<li>\n<p data-path-to-node=\"54,0,0\"><b data-path-to-node=\"54,0,0\" data-index-in-node=\"0\">Mode A - Strawberry Banana:<\/b> G\u0119sty, kremowy, klasyczny smak smoothie.<\/p>\n<\/li>\n<li>\n<p data-path-to-node=\"54,1,0\"><b data-path-to-node=\"54,1,0\" data-index-in-node=\"0\">Mode B - Kiwi Watermelon:<\/b> Ostre kiwi \u0142\u0105czy si\u0119 z nawil\u017caj\u0105cym arbuzem.<\/p>\n<\/li>\n<li>\n<p data-path-to-node=\"54,2,0\"><b data-path-to-node=\"54,2,0\" data-index-in-node=\"0\">Mode C - Coconut Strawberry:<\/b> Tropikalny krem truskawkowy w stylu \u201clava-flow\u201d.<\/p>\n<\/li>\n<li>\n<p data-path-to-node=\"54,3,0\"><b data-path-to-node=\"54,3,0\" data-index-in-node=\"0\">Tryb A+B - Banana Kiwi Melon:<\/b> G\u0119sta sa\u0142atka z owoc\u00f3w tropikalnych.<\/p>\n<\/li>\n<li>\n<p data-path-to-node=\"54,4,0\"><b data-path-to-node=\"54,4,0\" data-index-in-node=\"0\">Mode A+C - Strawberry Cream Dream:<\/b> Podw\u00f3jnie truskawkowa mieszanka kokosowa.<\/p>\n<\/li>\n<li>\n<p data-path-to-node=\"54,5,0\"><b data-path-to-node=\"54,5,0\" data-index-in-node=\"0\">Tryb B+C - Tropical Island Blast:<\/b> Kiwi, kokos i arbuzowy raj.<\/p>\n<\/li>\n<\/ul>\n<h2 data-path-to-node=\"55\"><b data-path-to-node=\"55\" data-index-in-node=\"0\">Dla kogo przeznaczony jest ten smak?<\/b><\/h2>\n<p data-path-to-node=\"55\"><b data-path-to-node=\"55\" data-index-in-node=\"24\">Tropikalny podr\u00f3\u017cnik:<\/b> Idealny dla vaper\u00f3w, kt\u00f3rzy chc\u0105 wakacyjnych wibracji, kt\u00f3re s\u0105 s\u0142odkie i kremowe, a nie tylko \u201clodowate\u201d.\u201d<\/p>\n<h2 data-path-to-node=\"60\">150k Vape Waspe Aiviou 150000 Specyfikacja rdzenia<\/h2>\n<table data-path-to-node=\"16\">\n<thead>\n<tr>\n<td><strong>Pakiet personalizacji<\/strong><\/td>\n<td><strong>Zdolno\u015b\u0107 Vape 150k<\/strong><\/td>\n<\/tr>\n<\/thead>\n<tbody>\n<tr>\n<td><span data-path-to-node=\"16,1,0,0\"><b data-path-to-node=\"16,1,0,0\" data-index-in-node=\"0\">R\u00f3\u017cnorodno\u015b\u0107 smak\u00f3w<\/b><\/span><\/td>\n<td><span data-path-to-node=\"16,1,1,0\">3 smaki podstawowe + 3 tryby hybrydowe<\/span><\/td>\n<\/tr>\n<tr>\n<td><span data-path-to-node=\"16,2,0,0\"><b data-path-to-node=\"16,2,0,0\" data-index-in-node=\"0\">Ca\u0142kowita obj\u0119to\u015b\u0107 soku<\/b><\/span><\/td>\n<td><span data-path-to-node=\"16,2,1,0\">64 ml w potr\u00f3jnych zbiornikach<\/span><\/td>\n<\/tr>\n<tr>\n<td><span data-path-to-node=\"16,3,0,0\"><b data-path-to-node=\"16,3,0,0\" data-index-in-node=\"0\">Materia\u0142 cewki<\/b><\/span><\/td>\n<td><span data-path-to-node=\"16,3,1,0\">Premium 1.0\u03a9 Triple Mesh<\/span><\/td>\n<\/tr>\n<tr>\n<td><span data-path-to-node=\"16,4,0,0\"><b data-path-to-node=\"16,4,0,0\" data-index-in-node=\"0\">\u017bywotno\u015b\u0107 baterii<\/b><\/span><\/td>\n<td><span data-path-to-node=\"16,4,1,0\">D\u0142ugotrwa\u0142y akumulator 650 mAh<\/span><\/td>\n<\/tr>\n<tr>\n<td><span data-path-to-node=\"16,5,0,0\"><b data-path-to-node=\"16,5,0,0\" data-index-in-node=\"0\">Zero nikotyny<\/b><\/span><\/td>\n<td><span data-path-to-node=\"16,5,1,0\"><b data-path-to-node=\"16,5,1,0\" data-index-in-node=\"0\">Vaper Sin Nicotina<\/b> Kompatybilno\u015b\u0107<\/span><\/td>\n<\/tr>\n<tr>\n<td><span data-path-to-node=\"16,6,0,0\"><b data-path-to-node=\"16,6,0,0\" data-index-in-node=\"0\">Display Tech<\/b><\/span><\/td>\n<td><span data-path-to-node=\"16,6,1,0\">Wielokolorowy wska\u017anik LED<\/span><\/td>\n<\/tr>\n<tr>\n<td><span data-path-to-node=\"16,7,0,0\"><b data-path-to-node=\"16,7,0,0\" data-index-in-node=\"0\">Niezawodno\u015b\u0107 Puff<\/b><\/span><\/td>\n<td><span data-path-to-node=\"16,7,1,0\">Sta\u0142a ilo\u015b\u0107 pary od 1 do 150 000<\/span><\/td>\n<\/tr>\n<\/tbody>\n<\/table>\n<h3 data-path-to-node=\"77\"><b data-path-to-node=\"77\" data-index-in-node=\"0\">Dalsze zalecenia:<\/b><\/h3>\n<p data-path-to-node=\"78\">Odkryj jeszcze wi\u0119cej niesamowitych smak\u00f3w dzi\u0119ki 150k Puffs Waspe Aiviou 150000<b data-path-to-node=\"78\" data-index-in-node=\"47\">\u00a0Vape<\/b>!<\/p>\n<p data-path-to-node=\"79\"><a class=\"ng-star-inserted\" href=\"https:\/\/vozolvapen.de\/pl\/product-category\/waspe-vape\/150k-vape-waspe-aiviou-150k-6-in-1\/\" target=\"_blank\" rel=\"noopener noreferrer nofollow\" data-hveid=\"0\" data-ved=\"0CAAQ_4QMahgKEwjxyYqx9_CRAxUAAAAAHQAAAAAQ9wE\">Zobacz wszystkie odmiany tutaj \u2192<\/a><\/p>\n<p data-path-to-node=\"80\">Zapoznaj si\u0119 z nasz\u0105 pe\u0142n\u0105 kolekcj\u0105 i kupuj produkty najlepszych marek vape, kt\u00f3re pokochasz.<\/p>\n<p data-path-to-node=\"81\"><a class=\"ng-star-inserted\" href=\"https:\/\/vozolvapen.de\/pl\/\" target=\"_blank\" rel=\"noopener noreferrer nofollow\" data-hveid=\"0\" data-ved=\"0CAAQ_4QMahgKEwjxyYqx9_CRAxUAAAAAHQAAAAAQ-AE\">Przegl\u0105daj teraz wszystkie marki \u2192<\/a><\/p>\n<p data-path-to-node=\"82\">Sprawd\u017a ca\u0142o\u015b\u0107\u00a0<b data-path-to-node=\"82\" data-index-in-node=\"23\">Waspe Aiviou<\/b>\u00a0Seria - ka\u017cdy smak, ka\u017cdy styl!<\/p>\n<p data-path-to-node=\"83\"><a class=\"ng-star-inserted\" href=\"https:\/\/vozolvapen.de\/pl\/product-category\/waspe-vape\/\" target=\"_blank\" rel=\"noopener noreferrer nofollow\" data-hveid=\"0\" data-ved=\"0CAAQ_4QMahgKEwjxyYqx9_CRAxUAAAAAHQAAAAAQ-QE\">Zobacz pe\u0142n\u0105 kolekcj\u0119 Waspe \u2192<\/a><\/p>","protected":false},"excerpt":{"rendered":"<p>Aksamitny i tropikalny. The <b data-path-to-node=\"19,2,0\" data-index-in-node=\"45\">Waspe Aiviou 150 tys.<\/b> Zestaw do smoothie zamienia ci\u0119\u017cki l\u00f3d na kremowe bogactwo. Idealny wyb\u00f3r dla os\u00f3b poszukuj\u0105cych g\u0142adkiej, deserowej konsystencji. <b data-path-to-node=\"19,2,0\" data-index-in-node=\"171\">smaki dla vaper\u00f3w<\/b> podr\u00f3\u017c.<\/p>","protected":false},"featured_media":60771,"comment_status":"open","ping_status":"closed","template":"","meta":{"_acf_changed":false},"product_brand":[],"product_cat":[116],"product_tag":[],"class_list":{"0":"post-60585","1":"product","2":"type-product","3":"status-publish","4":"has-post-thumbnail","6":"product_cat-150k-vape-waspe-aiviou-150k-6-in-1","8":"first","9":"instock","10":"shipping-taxable","11":"purchasable","12":"product-type-variable"},"acf":[],"yoast_head":"<!-- This site is optimized with the Yoast SEO Premium plugin v26.1 (Yoast SEO v27.5) - https:\/\/yoast.com\/product\/yoast-seo-premium-wordpress\/ -->\n<title>Tropical Smoothie Medley | WASPE Aiviou 150000 | Creamy Vape - vozolvapen<\/title>\n<meta name=\"description\" content=\"Smooth Strawberry Banana and Coconut with Tropical Smoothie Medley Waspe 150k. 150,000 puffs of creamy, fruity clouds. 6-in-1 variety.\" \/>\n<meta name=\"robots\" content=\"index, follow, max-snippet:-1, max-image-preview:large, max-video-preview:-1\" \/>\n<link rel=\"canonical\" href=\"https:\/\/vozolvapen.de\/pl\/product\/150k-vape-waspe-aiviou-150000-tropical-smoothie-medley\/\" \/>\n<meta property=\"og:locale\" content=\"pl_PL\" \/>\n<meta property=\"og:type\" content=\"article\" \/>\n<meta property=\"og:title\" content=\"150k Vape Waspe Aiviou 150000 - Tropical Smoothie Medley\" \/>\n<meta property=\"og:description\" content=\"Smooth Strawberry Banana and Coconut with Tropical Smoothie Medley Waspe 150k. 150,000 puffs of creamy, fruity clouds. 6-in-1 variety.\" \/>\n<meta property=\"og:url\" content=\"https:\/\/vozolvapen.de\/pl\/product\/150k-vape-waspe-aiviou-150000-tropical-smoothie-medley\/\" \/>\n<meta property=\"og:site_name\" content=\"vozolvapen\" \/>\n<meta property=\"article:modified_time\" content=\"2026-01-13T06:31:08+00:00\" \/>\n<meta property=\"og:image\" content=\"https:\/\/vozolvapen.de\/wp-content\/uploads\/2026\/01\/150k-Vape-Waspe-Aiviou-150000-6-in-1-Strawberry-Banana-Kiwi-Watermelon-Coconut-Strawberry.webp\" \/>\n\t<meta property=\"og:image:width\" content=\"1200\" \/>\n\t<meta property=\"og:image:height\" content=\"1200\" \/>\n\t<meta property=\"og:image:type\" content=\"image\/webp\" \/>\n<meta name=\"twitter:card\" content=\"summary_large_image\" \/>\n<meta name=\"twitter:label1\" content=\"Szacowany czas czytania\" \/>\n\t<meta name=\"twitter:data1\" content=\"2 minuty\" \/>\n<script type=\"application\/ld+json\" class=\"yoast-schema-graph\">{\"@context\":\"https:\\\/\\\/schema.org\",\"@graph\":[{\"@type\":\"WebPage\",\"@id\":\"https:\\\/\\\/vozolvapen.de\\\/product\\\/150k-vape-waspe-aiviou-150000-tropical-smoothie-medley\\\/\",\"url\":\"https:\\\/\\\/vozolvapen.de\\\/product\\\/150k-vape-waspe-aiviou-150000-tropical-smoothie-medley\\\/\",\"name\":\"Tropical Smoothie Medley | WASPE Aiviou 150000 | Creamy Vape - vozolvapen\",\"isPartOf\":{\"@id\":\"https:\\\/\\\/vozolvapen.de\\\/#website\"},\"primaryImageOfPage\":{\"@id\":\"https:\\\/\\\/vozolvapen.de\\\/product\\\/150k-vape-waspe-aiviou-150000-tropical-smoothie-medley\\\/#primaryimage\"},\"image\":{\"@id\":\"https:\\\/\\\/vozolvapen.de\\\/product\\\/150k-vape-waspe-aiviou-150000-tropical-smoothie-medley\\\/#primaryimage\"},\"thumbnailUrl\":\"https:\\\/\\\/vozolvapen.de\\\/wp-content\\\/uploads\\\/2026\\\/01\\\/150k-Vape-Waspe-Aiviou-150000-6-in-1-Strawberry-Banana-Kiwi-Watermelon-Coconut-Strawberry.webp\",\"datePublished\":\"2026-01-13T03:59:39+00:00\",\"dateModified\":\"2026-01-13T06:31:08+00:00\",\"description\":\"Smooth Strawberry Banana and Coconut with Tropical Smoothie Medley Waspe 150k. 150,000 puffs of creamy, fruity clouds. 6-in-1 variety.\",\"breadcrumb\":{\"@id\":\"https:\\\/\\\/vozolvapen.de\\\/product\\\/150k-vape-waspe-aiviou-150000-tropical-smoothie-medley\\\/#breadcrumb\"},\"inLanguage\":\"pl-PL\",\"potentialAction\":[{\"@type\":\"ReadAction\",\"target\":[\"https:\\\/\\\/vozolvapen.de\\\/product\\\/150k-vape-waspe-aiviou-150000-tropical-smoothie-medley\\\/\"]}]},{\"@type\":\"ImageObject\",\"inLanguage\":\"pl-PL\",\"@id\":\"https:\\\/\\\/vozolvapen.de\\\/product\\\/150k-vape-waspe-aiviou-150000-tropical-smoothie-medley\\\/#primaryimage\",\"url\":\"https:\\\/\\\/vozolvapen.de\\\/wp-content\\\/uploads\\\/2026\\\/01\\\/150k-Vape-Waspe-Aiviou-150000-6-in-1-Strawberry-Banana-Kiwi-Watermelon-Coconut-Strawberry.webp\",\"contentUrl\":\"https:\\\/\\\/vozolvapen.de\\\/wp-content\\\/uploads\\\/2026\\\/01\\\/150k-Vape-Waspe-Aiviou-150000-6-in-1-Strawberry-Banana-Kiwi-Watermelon-Coconut-Strawberry.webp\",\"width\":1200,\"height\":1200,\"caption\":\"150k Vape Waspe Aiviou 150000 6 in 1 - Strawberry Banana & Kiwi Watermelon & Coconut Strawberry\"},{\"@type\":\"BreadcrumbList\",\"@id\":\"https:\\\/\\\/vozolvapen.de\\\/product\\\/150k-vape-waspe-aiviou-150000-tropical-smoothie-medley\\\/#breadcrumb\",\"itemListElement\":[{\"@type\":\"ListItem\",\"position\":1,\"name\":\"Home\",\"item\":\"https:\\\/\\\/vozolvapen.de\\\/de\\\/\"},{\"@type\":\"ListItem\",\"position\":2,\"name\":\"Shop\",\"item\":\"https:\\\/\\\/vozolvapen.de\\\/shop\\\/\"},{\"@type\":\"ListItem\",\"position\":3,\"name\":\"150k Vape Waspe Aiviou 150000 &#8211; Tropical Smoothie Medley\"}]},{\"@type\":\"WebSite\",\"@id\":\"https:\\\/\\\/vozolvapen.de\\\/#website\",\"url\":\"https:\\\/\\\/vozolvapen.de\\\/\",\"name\":\"vozolvapen\",\"description\":\"vozolvapen\",\"publisher\":{\"@id\":\"https:\\\/\\\/vozolvapen.de\\\/#organization\"},\"potentialAction\":[{\"@type\":\"SearchAction\",\"target\":{\"@type\":\"EntryPoint\",\"urlTemplate\":\"https:\\\/\\\/vozolvapen.de\\\/?s={search_term_string}\"},\"query-input\":{\"@type\":\"PropertyValueSpecification\",\"valueRequired\":true,\"valueName\":\"search_term_string\"}}],\"inLanguage\":\"pl-PL\"},{\"@type\":\"Organization\",\"@id\":\"https:\\\/\\\/vozolvapen.de\\\/#organization\",\"name\":\"vozolvapen\",\"url\":\"https:\\\/\\\/vozolvapen.de\\\/\",\"logo\":{\"@type\":\"ImageObject\",\"inLanguage\":\"pl-PL\",\"@id\":\"https:\\\/\\\/vozolvapen.de\\\/#\\\/schema\\\/logo\\\/image\\\/\",\"url\":\"https:\\\/\\\/vozolvapen.de\\\/wp-content\\\/uploads\\\/2025\\\/12\\\/cropped-vozovapen-logo.webp\",\"contentUrl\":\"https:\\\/\\\/vozolvapen.de\\\/wp-content\\\/uploads\\\/2025\\\/12\\\/cropped-vozovapen-logo.webp\",\"width\":470,\"height\":110,\"caption\":\"vozolvapen\"},\"image\":{\"@id\":\"https:\\\/\\\/vozolvapen.de\\\/#\\\/schema\\\/logo\\\/image\\\/\"}}]}<\/script>\n<!-- \/ Yoast SEO Premium plugin. -->","yoast_head_json":{"title":"Tropical Smoothie Medley | WASPE Aiviou 150000 | Creamy Vape - vozolvapen","description":"Smooth Strawberry Banana and Coconut with Tropical Smoothie Medley Waspe 150k. 150 000 zaci\u0105gni\u0119\u0107 kremowymi, owocowymi chmurami. Odmiana 6 w 1.","robots":{"index":"index","follow":"follow","max-snippet":"max-snippet:-1","max-image-preview":"max-image-preview:large","max-video-preview":"max-video-preview:-1"},"canonical":"https:\/\/vozolvapen.de\/pl\/product\/150k-vape-waspe-aiviou-150000-tropical-smoothie-medley\/","og_locale":"pl_PL","og_type":"article","og_title":"150k Vape Waspe Aiviou 150000 - Tropical Smoothie Medley","og_description":"Smooth Strawberry Banana and Coconut with Tropical Smoothie Medley Waspe 150k. 150,000 puffs of creamy, fruity clouds. 6-in-1 variety.","og_url":"https:\/\/vozolvapen.de\/pl\/product\/150k-vape-waspe-aiviou-150000-tropical-smoothie-medley\/","og_site_name":"vozolvapen","article_modified_time":"2026-01-13T06:31:08+00:00","og_image":[{"width":1200,"height":1200,"url":"https:\/\/vozolvapen.de\/wp-content\/uploads\/2026\/01\/150k-Vape-Waspe-Aiviou-150000-6-in-1-Strawberry-Banana-Kiwi-Watermelon-Coconut-Strawberry.webp","type":"image\/webp"}],"twitter_card":"summary_large_image","twitter_misc":{"Szacowany czas czytania":"2 minuty"},"schema":{"@context":"https:\/\/schema.org","@graph":[{"@type":"WebPage","@id":"https:\/\/vozolvapen.de\/product\/150k-vape-waspe-aiviou-150000-tropical-smoothie-medley\/","url":"https:\/\/vozolvapen.de\/product\/150k-vape-waspe-aiviou-150000-tropical-smoothie-medley\/","name":"Tropical Smoothie Medley | WASPE Aiviou 150000 | Creamy Vape - vozolvapen","isPartOf":{"@id":"https:\/\/vozolvapen.de\/#website"},"primaryImageOfPage":{"@id":"https:\/\/vozolvapen.de\/product\/150k-vape-waspe-aiviou-150000-tropical-smoothie-medley\/#primaryimage"},"image":{"@id":"https:\/\/vozolvapen.de\/product\/150k-vape-waspe-aiviou-150000-tropical-smoothie-medley\/#primaryimage"},"thumbnailUrl":"https:\/\/vozolvapen.de\/wp-content\/uploads\/2026\/01\/150k-Vape-Waspe-Aiviou-150000-6-in-1-Strawberry-Banana-Kiwi-Watermelon-Coconut-Strawberry.webp","datePublished":"2026-01-13T03:59:39+00:00","dateModified":"2026-01-13T06:31:08+00:00","description":"Smooth Strawberry Banana and Coconut with Tropical Smoothie Medley Waspe 150k. 150 000 zaci\u0105gni\u0119\u0107 kremowymi, owocowymi chmurami. Odmiana 6 w 1.","breadcrumb":{"@id":"https:\/\/vozolvapen.de\/product\/150k-vape-waspe-aiviou-150000-tropical-smoothie-medley\/#breadcrumb"},"inLanguage":"pl-PL","potentialAction":[{"@type":"ReadAction","target":["https:\/\/vozolvapen.de\/product\/150k-vape-waspe-aiviou-150000-tropical-smoothie-medley\/"]}]},{"@type":"ImageObject","inLanguage":"pl-PL","@id":"https:\/\/vozolvapen.de\/product\/150k-vape-waspe-aiviou-150000-tropical-smoothie-medley\/#primaryimage","url":"https:\/\/vozolvapen.de\/wp-content\/uploads\/2026\/01\/150k-Vape-Waspe-Aiviou-150000-6-in-1-Strawberry-Banana-Kiwi-Watermelon-Coconut-Strawberry.webp","contentUrl":"https:\/\/vozolvapen.de\/wp-content\/uploads\/2026\/01\/150k-Vape-Waspe-Aiviou-150000-6-in-1-Strawberry-Banana-Kiwi-Watermelon-Coconut-Strawberry.webp","width":1200,"height":1200,"caption":"150k Vape Waspe Aiviou 150000 6 in 1 - Strawberry Banana & Kiwi Watermelon & Coconut Strawberry"},{"@type":"BreadcrumbList","@id":"https:\/\/vozolvapen.de\/product\/150k-vape-waspe-aiviou-150000-tropical-smoothie-medley\/#breadcrumb","itemListElement":[{"@type":"ListItem","position":1,"name":"Home","item":"https:\/\/vozolvapen.de\/de\/"},{"@type":"ListItem","position":2,"name":"Shop","item":"https:\/\/vozolvapen.de\/shop\/"},{"@type":"ListItem","position":3,"name":"150k Vape Waspe Aiviou 150000 &#8211; Tropical Smoothie Medley"}]},{"@type":"WebSite","@id":"https:\/\/vozolvapen.de\/#website","url":"https:\/\/vozolvapen.de\/","name":"vozolvapen","description":"vozolvapen","publisher":{"@id":"https:\/\/vozolvapen.de\/#organization"},"potentialAction":[{"@type":"SearchAction","target":{"@type":"EntryPoint","urlTemplate":"https:\/\/vozolvapen.de\/?s={search_term_string}"},"query-input":{"@type":"PropertyValueSpecification","valueRequired":true,"valueName":"search_term_string"}}],"inLanguage":"pl-PL"},{"@type":"Organization","@id":"https:\/\/vozolvapen.de\/#organization","name":"vozolvapen","url":"https:\/\/vozolvapen.de\/","logo":{"@type":"ImageObject","inLanguage":"pl-PL","@id":"https:\/\/vozolvapen.de\/#\/schema\/logo\/image\/","url":"https:\/\/vozolvapen.de\/wp-content\/uploads\/2025\/12\/cropped-vozovapen-logo.webp","contentUrl":"https:\/\/vozolvapen.de\/wp-content\/uploads\/2025\/12\/cropped-vozovapen-logo.webp","width":470,"height":110,"caption":"vozolvapen"},"image":{"@id":"https:\/\/vozolvapen.de\/#\/schema\/logo\/image\/"}}]}},"tiered_pricing_type":"fixed","tiered_pricing_fixed_rules":{"30":"13","50":"11","100":"10","200":"9.5"},"tiered_pricing_product_settings":{"layout":"default","base_unit_name":{"singular":null,"plural":null},"default_variation":{}},"tiered_pricing_minimum_quantity":10,"tiered_pricing_roles_data":[],"tiered_pricing_percentage_rules":[],"tiered_pricing_maximum_quantity":null,"tiered_pricing_quantity_step":"10","_links":{"self":[{"href":"http:\/\/vozolvapen.de\/pl\/wp-json\/wp\/v2\/product\/60585","targetHints":{"allow":["GET"]}}],"collection":[{"href":"http:\/\/vozolvapen.de\/pl\/wp-json\/wp\/v2\/product"}],"about":[{"href":"http:\/\/vozolvapen.de\/pl\/wp-json\/wp\/v2\/types\/product"}],"replies":[{"embeddable":true,"href":"http:\/\/vozolvapen.de\/pl\/wp-json\/wp\/v2\/comments?post=60585"}],"wp:featuredmedia":[{"embeddable":true,"href":"http:\/\/vozolvapen.de\/pl\/wp-json\/wp\/v2\/media\/60771"}],"wp:attachment":[{"href":"http:\/\/vozolvapen.de\/pl\/wp-json\/wp\/v2\/media?parent=60585"}],"wp:term":[{"taxonomy":"product_brand","embeddable":true,"href":"http:\/\/vozolvapen.de\/pl\/wp-json\/wp\/v2\/product_brand?post=60585"},{"taxonomy":"product_cat","embeddable":true,"href":"http:\/\/vozolvapen.de\/pl\/wp-json\/wp\/v2\/product_cat?post=60585"},{"taxonomy":"product_tag","embeddable":true,"href":"http:\/\/vozolvapen.de\/pl\/wp-json\/wp\/v2\/product_tag?post=60585"}],"curies":[{"name":"wp","href":"https:\/\/api.w.org\/{rel}","templated":true}]}}