{"id":60705,"date":"2026-01-13T03:59:45","date_gmt":"2026-01-13T03:59:45","guid":{"rendered":"https:\/\/vozolvapen.de\/?post_type=product&#038;p=60705"},"modified":"2026-01-28T10:37:56","modified_gmt":"2026-01-28T10:37:56","slug":"150k-vape-waspe-aiviou-150000-exotic-orchard-mix","status":"publish","type":"product","link":"http:\/\/vozolvapen.de\/pl\/product\/150k-vape-waspe-aiviou-150000-exotic-orchard-mix\/","title":{"rendered":"150k Vape Waspe Aiviou 150000 - Exotic Orchard Mix"},"content":{"rendered":"<h1 data-path-to-node=\"69\"><b data-path-to-node=\"69\" data-index-in-node=\"0\">150k Vape Waspe Aiviou 150000 Exotic Orchard Mix: Melon Passion Fruit, Blackberry Ice, Apple Kiwi<\/b><\/h1>\n<p data-path-to-node=\"70\"><b data-path-to-node=\"70\" data-index-in-node=\"0\">Globalny sad:<\/b> Wyrafinowana mieszanka cierpkich owoc\u00f3w z sadu i egzotycznej marakui. Ten zestaw jest bardzo aromatyczny i zapewnia bardzo \u201cczyste\u201d doznania podczas waporyzacji.<\/p>\n<h2 data-path-to-node=\"71\"><b data-path-to-node=\"71\" data-index-in-node=\"0\">G\u0142\u0119bokie zanurzenie w sadzie i egzotyce<\/b><\/h2>\n<ul data-path-to-node=\"72\">\n<li>\n<p data-path-to-node=\"72,0,0\"><b data-path-to-node=\"72,0,0\" data-index-in-node=\"0\">Tryb A - Melon Passion Fruit:<\/b> Kwiatowa marakuja ze s\u0142odk\u0105 spadziow\u0105 baz\u0105.<\/p>\n<\/li>\n<li>\n<p data-path-to-node=\"72,1,0\"><b data-path-to-node=\"72,1,0\" data-index-in-node=\"0\">Mode B - Blackberry Ice:<\/b> Ostra, ciemna i lodowata le\u015bna jagoda.<\/p>\n<\/li>\n<li>\n<p data-path-to-node=\"72,2,0\"><b data-path-to-node=\"72,2,0\" data-index-in-node=\"0\">Mode C - Apple Kiwi:<\/b> Chrupi\u0105cy, cierpki duet zielonego jab\u0142ka i kiwi.<\/p>\n<\/li>\n<li>\n<p data-path-to-node=\"72,3,0\"><b data-path-to-node=\"72,3,0\" data-index-in-node=\"0\">Tryb A+B - Passion Berry:<\/b> Egzotyczne nuty kwiatowe \u0142\u0105cz\u0105 si\u0119 z ciemn\u0105 je\u017cyn\u0105.<\/p>\n<\/li>\n<li>\n<p data-path-to-node=\"72,4,0\"><b data-path-to-node=\"72,4,0\" data-index-in-node=\"0\">Tryb A+C - Tropical Apple:<\/b> Melon, marakuja i cierpkie jab\u0142ko.<\/p>\n<\/li>\n<li>\n<p data-path-to-node=\"72,5,0\"><b data-path-to-node=\"72,5,0\" data-index-in-node=\"0\">Mode B+C - Blackberry Kiwi Crisp:<\/b> Ostra, orze\u017awiaj\u0105ca i bardzo zimna mieszanka owoc\u00f3w.<\/p>\n<\/li>\n<\/ul>\n<h2 data-path-to-node=\"73\"><b data-path-to-node=\"73\" data-index-in-node=\"0\">Dla kogo przeznaczony jest ten smak?<\/b><\/h2>\n<p data-path-to-node=\"73\"><b data-path-to-node=\"73\" data-index-in-node=\"24\">Poszukiwacz orze\u017awienia:<\/b> Idealny dla tych, kt\u00f3rzy chc\u0105 ostrego, cierpkiego i bardzo aromatycznego vape.<\/p>\n<h2 data-path-to-node=\"60\">150k Vape Waspe Aiviou 150000 Specyfikacja rdzenia<\/h2>\n<table data-path-to-node=\"16\">\n<thead>\n<tr>\n<td><strong>Pakiet personalizacji<\/strong><\/td>\n<td><strong>Zdolno\u015b\u0107 Vape 150k<\/strong><\/td>\n<\/tr>\n<\/thead>\n<tbody>\n<tr>\n<td><span data-path-to-node=\"16,1,0,0\"><b data-path-to-node=\"16,1,0,0\" data-index-in-node=\"0\">R\u00f3\u017cnorodno\u015b\u0107 smak\u00f3w<\/b><\/span><\/td>\n<td><span data-path-to-node=\"16,1,1,0\">3 smaki podstawowe + 3 tryby hybrydowe<\/span><\/td>\n<\/tr>\n<tr>\n<td><span data-path-to-node=\"16,2,0,0\"><b data-path-to-node=\"16,2,0,0\" data-index-in-node=\"0\">Ca\u0142kowita obj\u0119to\u015b\u0107 soku<\/b><\/span><\/td>\n<td><span data-path-to-node=\"16,2,1,0\">64 ml w potr\u00f3jnych zbiornikach<\/span><\/td>\n<\/tr>\n<tr>\n<td><span data-path-to-node=\"16,3,0,0\"><b data-path-to-node=\"16,3,0,0\" data-index-in-node=\"0\">Materia\u0142 cewki<\/b><\/span><\/td>\n<td><span data-path-to-node=\"16,3,1,0\">Premium 1.0\u03a9 Triple Mesh<\/span><\/td>\n<\/tr>\n<tr>\n<td><span data-path-to-node=\"16,4,0,0\"><b data-path-to-node=\"16,4,0,0\" data-index-in-node=\"0\">\u017bywotno\u015b\u0107 baterii<\/b><\/span><\/td>\n<td><span data-path-to-node=\"16,4,1,0\">D\u0142ugotrwa\u0142y akumulator 650 mAh<\/span><\/td>\n<\/tr>\n<tr>\n<td><span data-path-to-node=\"16,5,0,0\"><b data-path-to-node=\"16,5,0,0\" data-index-in-node=\"0\">Zero nikotyny<\/b><\/span><\/td>\n<td><span data-path-to-node=\"16,5,1,0\"><b data-path-to-node=\"16,5,1,0\" data-index-in-node=\"0\">Vaper Sin Nicotina<\/b> Kompatybilno\u015b\u0107<\/span><\/td>\n<\/tr>\n<tr>\n<td><span data-path-to-node=\"16,6,0,0\"><b data-path-to-node=\"16,6,0,0\" data-index-in-node=\"0\">Display Tech<\/b><\/span><\/td>\n<td><span data-path-to-node=\"16,6,1,0\">Wielokolorowy wska\u017anik LED<\/span><\/td>\n<\/tr>\n<tr>\n<td><span data-path-to-node=\"16,7,0,0\"><b data-path-to-node=\"16,7,0,0\" data-index-in-node=\"0\">Niezawodno\u015b\u0107 Puff<\/b><\/span><\/td>\n<td><span data-path-to-node=\"16,7,1,0\">Sta\u0142a ilo\u015b\u0107 pary od 1 do 150 000<\/span><\/td>\n<\/tr>\n<\/tbody>\n<\/table>\n<h3 data-path-to-node=\"77\"><b data-path-to-node=\"77\" data-index-in-node=\"0\">Dalsze zalecenia:<\/b><\/h3>\n<p data-path-to-node=\"78\">Odkryj jeszcze wi\u0119cej niesamowitych smak\u00f3w dzi\u0119ki 150k Puffs Waspe Aiviou 150000<b data-path-to-node=\"78\" data-index-in-node=\"47\">\u00a0Vape<\/b>!<\/p>\n<p data-path-to-node=\"79\"><a class=\"ng-star-inserted\" href=\"https:\/\/vozolvapen.de\/pl\/product-category\/waspe-vape\/150k-vape-waspe-aiviou-150k-6-in-1\/\" target=\"_blank\" rel=\"noopener noreferrer nofollow\" data-hveid=\"0\" data-ved=\"0CAAQ_4QMahgKEwjxyYqx9_CRAxUAAAAAHQAAAAAQ9wE\">Zobacz wszystkie odmiany tutaj \u2192<\/a><\/p>\n<p data-path-to-node=\"80\">Zapoznaj si\u0119 z nasz\u0105 pe\u0142n\u0105 kolekcj\u0105 i kupuj produkty najlepszych marek vape, kt\u00f3re pokochasz.<\/p>\n<p data-path-to-node=\"81\"><a class=\"ng-star-inserted\" href=\"https:\/\/vozolvapen.de\/pl\/\" target=\"_blank\" rel=\"noopener noreferrer nofollow\" data-hveid=\"0\" data-ved=\"0CAAQ_4QMahgKEwjxyYqx9_CRAxUAAAAAHQAAAAAQ-AE\">Przegl\u0105daj teraz wszystkie marki \u2192<\/a><\/p>\n<p data-path-to-node=\"82\">Sprawd\u017a ca\u0142o\u015b\u0107\u00a0<b data-path-to-node=\"82\" data-index-in-node=\"23\">Waspe Aiviou<\/b>\u00a0Seria - ka\u017cdy smak, ka\u017cdy styl!<\/p>\n<p data-path-to-node=\"83\"><a class=\"ng-star-inserted\" href=\"https:\/\/vozolvapen.de\/pl\/product-category\/waspe-vape\/\" target=\"_blank\" rel=\"noopener noreferrer nofollow\" data-hveid=\"0\" data-ved=\"0CAAQ_4QMahgKEwjxyYqx9_CRAxUAAAAAHQAAAAAQ-QE\">Zobacz pe\u0142n\u0105 kolekcj\u0119 Waspe \u2192<\/a><\/p>","protected":false},"excerpt":{"rendered":"<p>Chrupi\u0105cy i pachn\u0105cy. The <b data-path-to-node=\"25,2,0\" data-index-in-node=\"43\">Waspe Aiviou 150000<\/b> Orchard Mix \u0142\u0105czy w sobie cierpkie jab\u0142ko i kwiatow\u0105 marakuj\u0119, zapewniaj\u0105c wysok\u0105 wyrazisto\u015b\u0107. <b data-path-to-node=\"25,2,0\" data-index-in-node=\"146\">vaper 150k<\/b> podr\u00f3\u017c, kt\u00f3ra nigdy nie staje si\u0119 nudna.<\/p>","protected":false},"featured_media":60780,"comment_status":"open","ping_status":"closed","template":"","meta":{"_acf_changed":false},"product_brand":[],"product_cat":[116],"product_tag":[],"class_list":{"0":"post-60705","1":"product","2":"type-product","3":"status-publish","4":"has-post-thumbnail","6":"product_cat-150k-vape-waspe-aiviou-150k-6-in-1","8":"first","9":"instock","10":"shipping-taxable","11":"purchasable","12":"product-type-variable"},"acf":[],"yoast_head":"<!-- This site is optimized with the Yoast SEO Premium plugin v26.1 (Yoast SEO v27.5) - https:\/\/yoast.com\/product\/yoast-seo-premium-wordpress\/ -->\n<title>Exotic Orchard Mix | Waspe Aiviou 150k | Orchard Fruit Vape - vozolvapen<\/title>\n<meta name=\"description\" content=\"150,000 puffs of Apple Kiwi and Passion Fruit with Exotic Orchard Mix Waspe 150k. 6-in-1 variety, 64ml juice, and LED screen.\" \/>\n<meta name=\"robots\" content=\"index, follow, max-snippet:-1, max-image-preview:large, max-video-preview:-1\" \/>\n<link rel=\"canonical\" href=\"https:\/\/vozolvapen.de\/pl\/product\/150k-vape-waspe-aiviou-150000-exotic-orchard-mix\/\" \/>\n<meta property=\"og:locale\" content=\"pl_PL\" \/>\n<meta property=\"og:type\" content=\"article\" \/>\n<meta property=\"og:title\" content=\"150k Vape Waspe Aiviou 150000 - Exotic Orchard Mix\" \/>\n<meta property=\"og:description\" content=\"150,000 puffs of Apple Kiwi and Passion Fruit with Exotic Orchard Mix Waspe 150k. 6-in-1 variety, 64ml juice, and LED screen.\" \/>\n<meta property=\"og:url\" content=\"https:\/\/vozolvapen.de\/pl\/product\/150k-vape-waspe-aiviou-150000-exotic-orchard-mix\/\" \/>\n<meta property=\"og:site_name\" content=\"vozolvapen\" \/>\n<meta property=\"article:modified_time\" content=\"2026-01-28T10:37:56+00:00\" \/>\n<meta property=\"og:image\" content=\"https:\/\/vozolvapen.de\/wp-content\/uploads\/2026\/01\/150k-Vape-Waspe-Aiviou-150000-6-in-1-Melon-Passion-Fruit-Blackberry-Ice-Apple-Kiwi.webp\" \/>\n\t<meta property=\"og:image:width\" content=\"1200\" \/>\n\t<meta property=\"og:image:height\" content=\"1200\" \/>\n\t<meta property=\"og:image:type\" content=\"image\/webp\" \/>\n<meta name=\"twitter:card\" content=\"summary_large_image\" \/>\n<meta name=\"twitter:label1\" content=\"Szacowany czas czytania\" \/>\n\t<meta name=\"twitter:data1\" content=\"2 minuty\" \/>\n<script type=\"application\/ld+json\" class=\"yoast-schema-graph\">{\"@context\":\"https:\\\/\\\/schema.org\",\"@graph\":[{\"@type\":\"WebPage\",\"@id\":\"https:\\\/\\\/vozolvapen.de\\\/product\\\/150k-vape-waspe-aiviou-150000-exotic-orchard-mix\\\/\",\"url\":\"https:\\\/\\\/vozolvapen.de\\\/product\\\/150k-vape-waspe-aiviou-150000-exotic-orchard-mix\\\/\",\"name\":\"Exotic Orchard Mix | Waspe Aiviou 150k | Orchard Fruit Vape - vozolvapen\",\"isPartOf\":{\"@id\":\"https:\\\/\\\/vozolvapen.de\\\/#website\"},\"primaryImageOfPage\":{\"@id\":\"https:\\\/\\\/vozolvapen.de\\\/product\\\/150k-vape-waspe-aiviou-150000-exotic-orchard-mix\\\/#primaryimage\"},\"image\":{\"@id\":\"https:\\\/\\\/vozolvapen.de\\\/product\\\/150k-vape-waspe-aiviou-150000-exotic-orchard-mix\\\/#primaryimage\"},\"thumbnailUrl\":\"https:\\\/\\\/vozolvapen.de\\\/wp-content\\\/uploads\\\/2026\\\/01\\\/150k-Vape-Waspe-Aiviou-150000-6-in-1-Melon-Passion-Fruit-Blackberry-Ice-Apple-Kiwi.webp\",\"datePublished\":\"2026-01-13T03:59:45+00:00\",\"dateModified\":\"2026-01-28T10:37:56+00:00\",\"description\":\"150,000 puffs of Apple Kiwi and Passion Fruit with Exotic Orchard Mix Waspe 150k. 6-in-1 variety, 64ml juice, and LED screen.\",\"breadcrumb\":{\"@id\":\"https:\\\/\\\/vozolvapen.de\\\/product\\\/150k-vape-waspe-aiviou-150000-exotic-orchard-mix\\\/#breadcrumb\"},\"inLanguage\":\"pl-PL\",\"potentialAction\":[{\"@type\":\"ReadAction\",\"target\":[\"https:\\\/\\\/vozolvapen.de\\\/product\\\/150k-vape-waspe-aiviou-150000-exotic-orchard-mix\\\/\"]}]},{\"@type\":\"ImageObject\",\"inLanguage\":\"pl-PL\",\"@id\":\"https:\\\/\\\/vozolvapen.de\\\/product\\\/150k-vape-waspe-aiviou-150000-exotic-orchard-mix\\\/#primaryimage\",\"url\":\"https:\\\/\\\/vozolvapen.de\\\/wp-content\\\/uploads\\\/2026\\\/01\\\/150k-Vape-Waspe-Aiviou-150000-6-in-1-Melon-Passion-Fruit-Blackberry-Ice-Apple-Kiwi.webp\",\"contentUrl\":\"https:\\\/\\\/vozolvapen.de\\\/wp-content\\\/uploads\\\/2026\\\/01\\\/150k-Vape-Waspe-Aiviou-150000-6-in-1-Melon-Passion-Fruit-Blackberry-Ice-Apple-Kiwi.webp\",\"width\":1200,\"height\":1200,\"caption\":\"150k Vape Waspe Aiviou 150000 6 in 1 - Melon Passion Fruit & Blackberry Ice & Apple Kiwi\"},{\"@type\":\"BreadcrumbList\",\"@id\":\"https:\\\/\\\/vozolvapen.de\\\/product\\\/150k-vape-waspe-aiviou-150000-exotic-orchard-mix\\\/#breadcrumb\",\"itemListElement\":[{\"@type\":\"ListItem\",\"position\":1,\"name\":\"Home\",\"item\":\"https:\\\/\\\/vozolvapen.de\\\/de\\\/\"},{\"@type\":\"ListItem\",\"position\":2,\"name\":\"Shop\",\"item\":\"https:\\\/\\\/vozolvapen.de\\\/shop\\\/\"},{\"@type\":\"ListItem\",\"position\":3,\"name\":\"150k Vape Waspe Aiviou 150000 &#8211; Exotic Orchard Mix\"}]},{\"@type\":\"WebSite\",\"@id\":\"https:\\\/\\\/vozolvapen.de\\\/#website\",\"url\":\"https:\\\/\\\/vozolvapen.de\\\/\",\"name\":\"vozolvapen\",\"description\":\"vozolvapen\",\"publisher\":{\"@id\":\"https:\\\/\\\/vozolvapen.de\\\/#organization\"},\"potentialAction\":[{\"@type\":\"SearchAction\",\"target\":{\"@type\":\"EntryPoint\",\"urlTemplate\":\"https:\\\/\\\/vozolvapen.de\\\/?s={search_term_string}\"},\"query-input\":{\"@type\":\"PropertyValueSpecification\",\"valueRequired\":true,\"valueName\":\"search_term_string\"}}],\"inLanguage\":\"pl-PL\"},{\"@type\":\"Organization\",\"@id\":\"https:\\\/\\\/vozolvapen.de\\\/#organization\",\"name\":\"vozolvapen\",\"url\":\"https:\\\/\\\/vozolvapen.de\\\/\",\"logo\":{\"@type\":\"ImageObject\",\"inLanguage\":\"pl-PL\",\"@id\":\"https:\\\/\\\/vozolvapen.de\\\/#\\\/schema\\\/logo\\\/image\\\/\",\"url\":\"https:\\\/\\\/vozolvapen.de\\\/wp-content\\\/uploads\\\/2025\\\/12\\\/cropped-vozovapen-logo.webp\",\"contentUrl\":\"https:\\\/\\\/vozolvapen.de\\\/wp-content\\\/uploads\\\/2025\\\/12\\\/cropped-vozovapen-logo.webp\",\"width\":470,\"height\":110,\"caption\":\"vozolvapen\"},\"image\":{\"@id\":\"https:\\\/\\\/vozolvapen.de\\\/#\\\/schema\\\/logo\\\/image\\\/\"}}]}<\/script>\n<!-- \/ Yoast SEO Premium plugin. -->","yoast_head_json":{"title":"Exotic Orchard Mix | Waspe Aiviou 150k | Orchard Fruit Vape - vozolvapen","description":"150 000 puff\u00f3w Apple Kiwi i Passion Fruit z Exotic Orchard Mix Waspe 150k. Odmiana 6 w 1, sok 64 ml i ekran LED.","robots":{"index":"index","follow":"follow","max-snippet":"max-snippet:-1","max-image-preview":"max-image-preview:large","max-video-preview":"max-video-preview:-1"},"canonical":"https:\/\/vozolvapen.de\/pl\/product\/150k-vape-waspe-aiviou-150000-exotic-orchard-mix\/","og_locale":"pl_PL","og_type":"article","og_title":"150k Vape Waspe Aiviou 150000 - Exotic Orchard Mix","og_description":"150,000 puffs of Apple Kiwi and Passion Fruit with Exotic Orchard Mix Waspe 150k. 6-in-1 variety, 64ml juice, and LED screen.","og_url":"https:\/\/vozolvapen.de\/pl\/product\/150k-vape-waspe-aiviou-150000-exotic-orchard-mix\/","og_site_name":"vozolvapen","article_modified_time":"2026-01-28T10:37:56+00:00","og_image":[{"width":1200,"height":1200,"url":"https:\/\/vozolvapen.de\/wp-content\/uploads\/2026\/01\/150k-Vape-Waspe-Aiviou-150000-6-in-1-Melon-Passion-Fruit-Blackberry-Ice-Apple-Kiwi.webp","type":"image\/webp"}],"twitter_card":"summary_large_image","twitter_misc":{"Szacowany czas czytania":"2 minuty"},"schema":{"@context":"https:\/\/schema.org","@graph":[{"@type":"WebPage","@id":"https:\/\/vozolvapen.de\/product\/150k-vape-waspe-aiviou-150000-exotic-orchard-mix\/","url":"https:\/\/vozolvapen.de\/product\/150k-vape-waspe-aiviou-150000-exotic-orchard-mix\/","name":"Exotic Orchard Mix | Waspe Aiviou 150k | Orchard Fruit Vape - vozolvapen","isPartOf":{"@id":"https:\/\/vozolvapen.de\/#website"},"primaryImageOfPage":{"@id":"https:\/\/vozolvapen.de\/product\/150k-vape-waspe-aiviou-150000-exotic-orchard-mix\/#primaryimage"},"image":{"@id":"https:\/\/vozolvapen.de\/product\/150k-vape-waspe-aiviou-150000-exotic-orchard-mix\/#primaryimage"},"thumbnailUrl":"https:\/\/vozolvapen.de\/wp-content\/uploads\/2026\/01\/150k-Vape-Waspe-Aiviou-150000-6-in-1-Melon-Passion-Fruit-Blackberry-Ice-Apple-Kiwi.webp","datePublished":"2026-01-13T03:59:45+00:00","dateModified":"2026-01-28T10:37:56+00:00","description":"150 000 puff\u00f3w Apple Kiwi i Passion Fruit z Exotic Orchard Mix Waspe 150k. Odmiana 6 w 1, sok 64 ml i ekran LED.","breadcrumb":{"@id":"https:\/\/vozolvapen.de\/product\/150k-vape-waspe-aiviou-150000-exotic-orchard-mix\/#breadcrumb"},"inLanguage":"pl-PL","potentialAction":[{"@type":"ReadAction","target":["https:\/\/vozolvapen.de\/product\/150k-vape-waspe-aiviou-150000-exotic-orchard-mix\/"]}]},{"@type":"ImageObject","inLanguage":"pl-PL","@id":"https:\/\/vozolvapen.de\/product\/150k-vape-waspe-aiviou-150000-exotic-orchard-mix\/#primaryimage","url":"https:\/\/vozolvapen.de\/wp-content\/uploads\/2026\/01\/150k-Vape-Waspe-Aiviou-150000-6-in-1-Melon-Passion-Fruit-Blackberry-Ice-Apple-Kiwi.webp","contentUrl":"https:\/\/vozolvapen.de\/wp-content\/uploads\/2026\/01\/150k-Vape-Waspe-Aiviou-150000-6-in-1-Melon-Passion-Fruit-Blackberry-Ice-Apple-Kiwi.webp","width":1200,"height":1200,"caption":"150k Vape Waspe Aiviou 150000 6 in 1 - Melon Passion Fruit & Blackberry Ice & Apple Kiwi"},{"@type":"BreadcrumbList","@id":"https:\/\/vozolvapen.de\/product\/150k-vape-waspe-aiviou-150000-exotic-orchard-mix\/#breadcrumb","itemListElement":[{"@type":"ListItem","position":1,"name":"Home","item":"https:\/\/vozolvapen.de\/de\/"},{"@type":"ListItem","position":2,"name":"Shop","item":"https:\/\/vozolvapen.de\/shop\/"},{"@type":"ListItem","position":3,"name":"150k Vape Waspe Aiviou 150000 &#8211; Exotic Orchard Mix"}]},{"@type":"WebSite","@id":"https:\/\/vozolvapen.de\/#website","url":"https:\/\/vozolvapen.de\/","name":"vozolvapen","description":"vozolvapen","publisher":{"@id":"https:\/\/vozolvapen.de\/#organization"},"potentialAction":[{"@type":"SearchAction","target":{"@type":"EntryPoint","urlTemplate":"https:\/\/vozolvapen.de\/?s={search_term_string}"},"query-input":{"@type":"PropertyValueSpecification","valueRequired":true,"valueName":"search_term_string"}}],"inLanguage":"pl-PL"},{"@type":"Organization","@id":"https:\/\/vozolvapen.de\/#organization","name":"vozolvapen","url":"https:\/\/vozolvapen.de\/","logo":{"@type":"ImageObject","inLanguage":"pl-PL","@id":"https:\/\/vozolvapen.de\/#\/schema\/logo\/image\/","url":"https:\/\/vozolvapen.de\/wp-content\/uploads\/2025\/12\/cropped-vozovapen-logo.webp","contentUrl":"https:\/\/vozolvapen.de\/wp-content\/uploads\/2025\/12\/cropped-vozovapen-logo.webp","width":470,"height":110,"caption":"vozolvapen"},"image":{"@id":"https:\/\/vozolvapen.de\/#\/schema\/logo\/image\/"}}]}},"tiered_pricing_type":"fixed","tiered_pricing_fixed_rules":{"30":"13","50":"11","100":"10","200":"9.5"},"tiered_pricing_product_settings":{"layout":"default","base_unit_name":{"singular":null,"plural":null},"default_variation":{}},"tiered_pricing_minimum_quantity":10,"tiered_pricing_roles_data":[],"tiered_pricing_percentage_rules":[],"tiered_pricing_maximum_quantity":null,"tiered_pricing_quantity_step":"10","_links":{"self":[{"href":"http:\/\/vozolvapen.de\/pl\/wp-json\/wp\/v2\/product\/60705","targetHints":{"allow":["GET"]}}],"collection":[{"href":"http:\/\/vozolvapen.de\/pl\/wp-json\/wp\/v2\/product"}],"about":[{"href":"http:\/\/vozolvapen.de\/pl\/wp-json\/wp\/v2\/types\/product"}],"replies":[{"embeddable":true,"href":"http:\/\/vozolvapen.de\/pl\/wp-json\/wp\/v2\/comments?post=60705"}],"wp:featuredmedia":[{"embeddable":true,"href":"http:\/\/vozolvapen.de\/pl\/wp-json\/wp\/v2\/media\/60780"}],"wp:attachment":[{"href":"http:\/\/vozolvapen.de\/pl\/wp-json\/wp\/v2\/media?parent=60705"}],"wp:term":[{"taxonomy":"product_brand","embeddable":true,"href":"http:\/\/vozolvapen.de\/pl\/wp-json\/wp\/v2\/product_brand?post=60705"},{"taxonomy":"product_cat","embeddable":true,"href":"http:\/\/vozolvapen.de\/pl\/wp-json\/wp\/v2\/product_cat?post=60705"},{"taxonomy":"product_tag","embeddable":true,"href":"http:\/\/vozolvapen.de\/pl\/wp-json\/wp\/v2\/product_tag?post=60705"}],"curies":[{"name":"wp","href":"https:\/\/api.w.org\/{rel}","templated":true}]}}