{"id":61115,"date":"2026-01-14T07:35:29","date_gmt":"2026-01-14T07:35:29","guid":{"rendered":"https:\/\/vozolvapen.de\/?post_type=product&#038;p=61115"},"modified":"2026-04-08T03:08:50","modified_gmt":"2026-04-08T03:08:50","slug":"humo-azul-24000-puffs-vape-blackberry-dragonfruit","status":"publish","type":"product","link":"http:\/\/vozolvapen.de\/pl\/product\/humo-azul-24000-puffs-vape-blackberry-dragonfruit\/","title":{"rendered":"Humo AZUL 24000 Puffs Vape - je\u017cynowy dragonfruit"},"content":{"rendered":"<h1 data-path-to-node=\"27\"><b data-path-to-node=\"27\" data-index-in-node=\"0\">Humo AZUL 24000 <\/b><b data-path-to-node=\"38\" data-index-in-node=\"0\">Blackberry Dragonfruit: Mystic Night Blend<\/b><\/h1>\n<p data-path-to-node=\"39\"><b data-path-to-node=\"39\" data-index-in-node=\"0\">Do\u015bwiadczenie:<\/b> Mroczny i nastrojowy. Ziemista, g\u0142\u0119boka s\u0142odycz je\u017cyny przeplata si\u0119 z egzotyczn\u0105, lekk\u0105 s\u0142odycz\u0105 smoczego owocu. Jest to \u201cMidnight\u201d - bogaty i satysfakcjonuj\u0105cy. Wo\u0144 <b data-path-to-node=\"39\" data-index-in-node=\"182\">T\u0142oczone detale dekoracyjne<\/b> na Humo AZUL nadaj\u0105 mu wyczuwalny w dotyku smak, kt\u00f3ry pasuje do tego wyrafinowanego smaku.<\/p>\n<ul data-path-to-node=\"40\">\n<li>\n<p data-path-to-node=\"40,0,0\"><b data-path-to-node=\"40,0,0\" data-index-in-node=\"0\">Wydajno\u015b\u0107:<\/b> Ten profil smakowy opiera si\u0119 na sta\u0142ym cieple systemu podw\u00f3jnej cewki, aby zapobiec \u201cperfumeryjnemu\u201d smakowi je\u017cyny.\u201d<\/p>\n<\/li>\n<li>\n<p data-path-to-node=\"40,1,0\"><b data-path-to-node=\"40,1,0\" data-index-in-node=\"0\">Dla kogo:<\/b> Wyrafinowani waperzy, kt\u00f3rzy lubi\u0105 ciemne, z\u0142o\u017cone nuty jagodowe.<\/p>\n<\/li>\n<\/ul>\n<h2 data-path-to-node=\"27\"><b data-path-to-node=\"27\" data-index-in-node=\"0\">Przewodnik po wibracjach i okazjach Humo AZUL 24000 <\/b><b data-path-to-node=\"21\" data-index-in-node=\"0\">Je\u017cyna Dragonfruit<\/b><\/h2>\n<ul data-path-to-node=\"22\">\n<li>\n<p data-path-to-node=\"22,0,0\"><b data-path-to-node=\"22,0,0\" data-index-in-node=\"0\">Poranny kopniak:<\/b> Dla tych, kt\u00f3rzy wol\u0105 \u201cciemniejszy\u201d pocz\u0105tek. Ziemiste nuty je\u017cyn zapewniaj\u0105 ugruntowane, \u0142agodne poranne doznania.<\/p>\n<\/li>\n<li>\n<p data-path-to-node=\"22,1,0\"><b data-path-to-node=\"22,1,0\" data-index-in-node=\"0\">Luksus po kolacji:<\/b> To jest Tw\u00f3j \u201cMidnight Vape\u201d. Tajemnicze nuty smoczego owocu o\u017cywaj\u0105 wieczorem, zapewniaj\u0105c bogat\u0105, nastrojow\u0105 atmosfer\u0119.<\/p>\n<\/li>\n<li>\n<p data-path-to-node=\"22,2,0\"><b data-path-to-node=\"22,2,0\" data-index-in-node=\"0\">O\u015bwiadczenie spo\u0142eczne:<\/b> \u201cTajemniczy go\u015b\u0107\u201d. Ten smak jest przeznaczony dla osoby, kt\u00f3ra chce si\u0119 wyr\u00f3\u017cnia\u0107, b\u0119d\u0105c inn\u0105, subteln\u0105 i niesamowicie fajn\u0105.<\/p>\n<\/li>\n<\/ul>\n<h2><strong>Humo AZUL 24000 Puffs Vape <\/strong><strong>Wideo\uff1a<\/strong><\/h2>\n<p><iframe src=\"https:\/\/player.vimeo.com\/video\/1154230069?badge=0&amp;autopause=0&amp;player_id=0&amp;app_id=58479\" width=\"400\" height=\"225\" frameborder=\"0\" allow=\"autoplay; fullscreen; picture-in-picture; clipboard-write; encrypted-media; web-share\" referrerpolicy=\"strict-origin-when-cross-origin\" title=\"Humo AZUL 24000 Puffs Vape\"><\/iframe><\/p>\n<h2 data-path-to-node=\"60\">Specyfikacja Humo AZUL 24000 Puffs Vape Core<\/h2>\n<table data-path-to-node=\"8\">\n<thead>\n<tr>\n<td><strong>Luksusowa specyfikacja<\/strong><\/td>\n<td><strong>Szczeg\u00f3\u0142y serii porcelany<\/strong><\/td>\n<\/tr>\n<\/thead>\n<tbody>\n<tr>\n<td><span data-path-to-node=\"8,1,0,0\"><b data-path-to-node=\"8,1,0,0\" data-index-in-node=\"0\">Konstrukcja podwozia<\/b><\/span><\/td>\n<td><span data-path-to-node=\"8,1,1,0\"><b data-path-to-node=\"8,1,1,0\" data-index-in-node=\"0\">Niebiesko-bia\u0142y jednorazowy vape<\/b><\/span><\/td>\n<\/tr>\n<tr>\n<td><span data-path-to-node=\"8,2,0,0\"><b data-path-to-node=\"8,2,0,0\" data-index-in-node=\"0\">Kszta\u0142t cia\u0142a<\/b><\/span><\/td>\n<td><span data-path-to-node=\"8,2,1,0\">Ergonomiczny korpus w kszta\u0142cie butelki<\/span><\/td>\n<\/tr>\n<tr>\n<td><span data-path-to-node=\"8,3,0,0\"><b data-path-to-node=\"8,3,0,0\" data-index-in-node=\"0\">\u017bywotno\u015b\u0107 puffa<\/b><\/span><\/td>\n<td><span data-path-to-node=\"8,3,1,0\"><b data-path-to-node=\"8,3,1,0\" data-index-in-node=\"0\">Humo Azul 24000 Puffs<\/b><\/span><\/td>\n<\/tr>\n<tr>\n<td><span data-path-to-node=\"8,4,0,0\"><b data-path-to-node=\"8,4,0,0\" data-index-in-node=\"0\">Ustnik<\/b><\/span><\/td>\n<td><span data-path-to-node=\"8,4,1,0\">Polerowana metalowa kopu\u0142a (b\u0142yszcz\u0105ce wyko\u0144czenie)<\/span><\/td>\n<\/tr>\n<tr>\n<td><span data-path-to-node=\"8,5,0,0\"><b data-path-to-node=\"8,5,0,0\" data-index-in-node=\"0\">Waga urz\u0105dzenia<\/b><\/span><\/td>\n<td><span data-path-to-node=\"8,5,1,0\">110g Profesjonalny wywa\u017cony uchwyt<\/span><\/td>\n<\/tr>\n<tr>\n<td><span data-path-to-node=\"8,6,0,0\"><b data-path-to-node=\"8,6,0,0\" data-index-in-node=\"0\">Pochodzenie wysy\u0142ki<\/b><\/span><\/td>\n<td><span data-path-to-node=\"8,6,1,0\"><b data-path-to-node=\"8,6,1,0\" data-index-in-node=\"0\">Magazyn europejski (dostawa w ci\u0105gu 1-3 dni)<\/b><\/span><\/td>\n<\/tr>\n<tr>\n<td><span data-path-to-node=\"8,7,0,0\"><b data-path-to-node=\"8,7,0,0\" data-index-in-node=\"0\">Rozmiar opakowania<\/b><\/span><\/td>\n<td><span data-path-to-node=\"8,7,1,0\">10 sztuk w gablocie<\/span><\/td>\n<\/tr>\n<\/tbody>\n<\/table>\n<h3 dir=\"auto\">Oto dalsze zalecenia dla Ciebie:<\/h3>\n<p dir=\"auto\">Odkryj jeszcze wi\u0119cej niesamowitych smak\u00f3w dzi\u0119ki Humo AZUL 24000 Puffs Vape!<\/p>\n<p dir=\"auto\"><a href=\"https:\/\/vozolvapen.de\/pl\/product-category\/humo-vape\/humo-azul-24000-puffs-vape\/\" target=\"_blank\" rel=\"noopener noreferrer nofollow\">Zobacz wszystkie odmiany tutaj \u2192<\/a><\/p>\n<p dir=\"auto\">Zapoznaj si\u0119 z nasz\u0105 pe\u0142n\u0105 kolekcj\u0105 i kupuj produkty najlepszych marek vape, kt\u00f3re pokochasz.<\/p>\n<p dir=\"auto\"><a href=\"https:\/\/vozolvapen.de\/pl\/\" target=\"_blank\" rel=\"noopener noreferrer nofollow\">Przegl\u0105daj teraz wszystkie marki \u2192<\/a><\/p>\n<p dir=\"auto\">Sprawd\u017a ca\u0142\u0105 seri\u0119 Bang Vape - ka\u017cdy smak, ka\u017cdy styl!<\/p>\n<p dir=\"auto\"><a href=\"https:\/\/vozolvapen.de\/pl\/product-category\/bang-vape\/\" target=\"_blank\" rel=\"noopener noreferrer nofollow\">Zobacz pe\u0142n\u0105 kolekcj\u0119 Humo Vape \u2192<\/a><\/p>","protected":false},"excerpt":{"rendered":"<p>\u201cMystic Noir\u201d. G\u0142\u0119bokie, ziemiste je\u017cyny spotykaj\u0105 si\u0119 z neonowym, kwiatowym smakiem smoczego owocu. To nasz najbardziej \u201ctajemniczy\u201d smak, zamkni\u0119ty w najbardziej \u201ctajemniczym\u201d opakowaniu.\u201d <b data-path-to-node=\"31,2,0\" data-index-in-node=\"174\">artystyczne jednorazowe urz\u0105dzenie vape<\/b>. Doskona\u0142y wyb\u00f3r do wieczornej waporyzacji.<\/p>","protected":false},"featured_media":61248,"comment_status":"open","ping_status":"closed","template":"","meta":{"_acf_changed":false},"product_brand":[],"product_cat":[134,118],"product_tag":[],"class_list":{"0":"post-61115","1":"product","2":"type-product","3":"status-publish","4":"has-post-thumbnail","6":"product_cat-eu-warehouse-in-stock","7":"product_cat-humo-azul-24000-puffs-vape","9":"first","10":"instock","11":"shipping-taxable","12":"purchasable","13":"product-type-variable"},"acf":[],"yoast_head":"<!-- This site is optimized with the Yoast SEO Premium plugin v26.1 (Yoast SEO v27.5) - https:\/\/yoast.com\/product\/yoast-seo-premium-wordpress\/ -->\n<title>Blackberry Dragonfruit | Humo AZUL 24000 | Luxury Vape EU - vozolvapen<\/title>\n<meta name=\"description\" content=\"Discover Blackberry Dragonfruit by Humo AZUL 24000. 24k puffs of dark berries and exotic fruit in an artistic porcelain frame.\" \/>\n<meta name=\"robots\" content=\"index, follow, max-snippet:-1, max-image-preview:large, max-video-preview:-1\" \/>\n<link rel=\"canonical\" href=\"https:\/\/vozolvapen.de\/pl\/product\/humo-azul-24000-puffs-vape-blackberry-dragonfruit\/\" \/>\n<meta property=\"og:locale\" content=\"pl_PL\" \/>\n<meta property=\"og:type\" content=\"article\" \/>\n<meta property=\"og:title\" content=\"Humo AZUL 24000 Puffs Vape - Blackberry dragonfruit\" \/>\n<meta property=\"og:description\" content=\"Discover Blackberry Dragonfruit by Humo AZUL 24000. 24k puffs of dark berries and exotic fruit in an artistic porcelain frame.\" \/>\n<meta property=\"og:url\" content=\"https:\/\/vozolvapen.de\/pl\/product\/humo-azul-24000-puffs-vape-blackberry-dragonfruit\/\" \/>\n<meta property=\"og:site_name\" content=\"vozolvapen\" \/>\n<meta property=\"article:modified_time\" content=\"2026-04-08T03:08:50+00:00\" \/>\n<meta property=\"og:image\" content=\"https:\/\/vozolvapen.de\/wp-content\/uploads\/2026\/01\/Humo-AZUL-24000-Puffs-Vape-Blackberry-dragonfruit.webp\" \/>\n\t<meta property=\"og:image:width\" content=\"1200\" \/>\n\t<meta property=\"og:image:height\" content=\"1200\" \/>\n\t<meta property=\"og:image:type\" content=\"image\/webp\" \/>\n<meta name=\"twitter:card\" content=\"summary_large_image\" \/>\n<meta name=\"twitter:label1\" content=\"Szacowany czas czytania\" \/>\n\t<meta name=\"twitter:data1\" content=\"2 minuty\" \/>\n<script type=\"application\/ld+json\" class=\"yoast-schema-graph\">{\"@context\":\"https:\\\/\\\/schema.org\",\"@graph\":[{\"@type\":\"WebPage\",\"@id\":\"https:\\\/\\\/vozolvapen.de\\\/product\\\/humo-azul-24000-puffs-vape-blackberry-dragonfruit\\\/\",\"url\":\"https:\\\/\\\/vozolvapen.de\\\/product\\\/humo-azul-24000-puffs-vape-blackberry-dragonfruit\\\/\",\"name\":\"Blackberry Dragonfruit | Humo AZUL 24000 | Luxury Vape EU - vozolvapen\",\"isPartOf\":{\"@id\":\"https:\\\/\\\/vozolvapen.de\\\/#website\"},\"primaryImageOfPage\":{\"@id\":\"https:\\\/\\\/vozolvapen.de\\\/product\\\/humo-azul-24000-puffs-vape-blackberry-dragonfruit\\\/#primaryimage\"},\"image\":{\"@id\":\"https:\\\/\\\/vozolvapen.de\\\/product\\\/humo-azul-24000-puffs-vape-blackberry-dragonfruit\\\/#primaryimage\"},\"thumbnailUrl\":\"https:\\\/\\\/vozolvapen.de\\\/wp-content\\\/uploads\\\/2026\\\/01\\\/Humo-AZUL-24000-Puffs-Vape-Blackberry-dragonfruit.webp\",\"datePublished\":\"2026-01-14T07:35:29+00:00\",\"dateModified\":\"2026-04-08T03:08:50+00:00\",\"description\":\"Discover Blackberry Dragonfruit by Humo AZUL 24000. 24k puffs of dark berries and exotic fruit in an artistic porcelain frame.\",\"breadcrumb\":{\"@id\":\"https:\\\/\\\/vozolvapen.de\\\/product\\\/humo-azul-24000-puffs-vape-blackberry-dragonfruit\\\/#breadcrumb\"},\"inLanguage\":\"pl-PL\",\"potentialAction\":[{\"@type\":\"ReadAction\",\"target\":[\"https:\\\/\\\/vozolvapen.de\\\/product\\\/humo-azul-24000-puffs-vape-blackberry-dragonfruit\\\/\"]}]},{\"@type\":\"ImageObject\",\"inLanguage\":\"pl-PL\",\"@id\":\"https:\\\/\\\/vozolvapen.de\\\/product\\\/humo-azul-24000-puffs-vape-blackberry-dragonfruit\\\/#primaryimage\",\"url\":\"https:\\\/\\\/vozolvapen.de\\\/wp-content\\\/uploads\\\/2026\\\/01\\\/Humo-AZUL-24000-Puffs-Vape-Blackberry-dragonfruit.webp\",\"contentUrl\":\"https:\\\/\\\/vozolvapen.de\\\/wp-content\\\/uploads\\\/2026\\\/01\\\/Humo-AZUL-24000-Puffs-Vape-Blackberry-dragonfruit.webp\",\"width\":1200,\"height\":1200,\"caption\":\"Humo AZUL 24000 Puffs Vape - Blackberry dragonfruit\"},{\"@type\":\"BreadcrumbList\",\"@id\":\"https:\\\/\\\/vozolvapen.de\\\/product\\\/humo-azul-24000-puffs-vape-blackberry-dragonfruit\\\/#breadcrumb\",\"itemListElement\":[{\"@type\":\"ListItem\",\"position\":1,\"name\":\"Home\",\"item\":\"https:\\\/\\\/vozolvapen.de\\\/de\\\/\"},{\"@type\":\"ListItem\",\"position\":2,\"name\":\"Shop\",\"item\":\"https:\\\/\\\/vozolvapen.de\\\/shop\\\/\"},{\"@type\":\"ListItem\",\"position\":3,\"name\":\"Humo AZUL 24000 Puffs Vape &#8211; Blackberry dragonfruit\"}]},{\"@type\":\"WebSite\",\"@id\":\"https:\\\/\\\/vozolvapen.de\\\/#website\",\"url\":\"https:\\\/\\\/vozolvapen.de\\\/\",\"name\":\"vozolvapen\",\"description\":\"vozolvapen\",\"publisher\":{\"@id\":\"https:\\\/\\\/vozolvapen.de\\\/#organization\"},\"potentialAction\":[{\"@type\":\"SearchAction\",\"target\":{\"@type\":\"EntryPoint\",\"urlTemplate\":\"https:\\\/\\\/vozolvapen.de\\\/?s={search_term_string}\"},\"query-input\":{\"@type\":\"PropertyValueSpecification\",\"valueRequired\":true,\"valueName\":\"search_term_string\"}}],\"inLanguage\":\"pl-PL\"},{\"@type\":\"Organization\",\"@id\":\"https:\\\/\\\/vozolvapen.de\\\/#organization\",\"name\":\"vozolvapen\",\"url\":\"https:\\\/\\\/vozolvapen.de\\\/\",\"logo\":{\"@type\":\"ImageObject\",\"inLanguage\":\"pl-PL\",\"@id\":\"https:\\\/\\\/vozolvapen.de\\\/#\\\/schema\\\/logo\\\/image\\\/\",\"url\":\"https:\\\/\\\/vozolvapen.de\\\/wp-content\\\/uploads\\\/2025\\\/12\\\/cropped-vozovapen-logo.webp\",\"contentUrl\":\"https:\\\/\\\/vozolvapen.de\\\/wp-content\\\/uploads\\\/2025\\\/12\\\/cropped-vozovapen-logo.webp\",\"width\":470,\"height\":110,\"caption\":\"vozolvapen\"},\"image\":{\"@id\":\"https:\\\/\\\/vozolvapen.de\\\/#\\\/schema\\\/logo\\\/image\\\/\"}}]}<\/script>\n<!-- \/ Yoast SEO Premium plugin. -->","yoast_head_json":{"title":"Blackberry Dragonfruit | Humo AZUL 24000 | Luxury Vape EU - vozolvapen","description":"Odkryj Blackberry Dragonfruit marki Humo AZUL 24000. 24-karatowe ptysie ciemnych jag\u00f3d i egzotycznych owoc\u00f3w w artystycznej porcelanowej oprawie.","robots":{"index":"index","follow":"follow","max-snippet":"max-snippet:-1","max-image-preview":"max-image-preview:large","max-video-preview":"max-video-preview:-1"},"canonical":"https:\/\/vozolvapen.de\/pl\/product\/humo-azul-24000-puffs-vape-blackberry-dragonfruit\/","og_locale":"pl_PL","og_type":"article","og_title":"Humo AZUL 24000 Puffs Vape - Blackberry dragonfruit","og_description":"Discover Blackberry Dragonfruit by Humo AZUL 24000. 24k puffs of dark berries and exotic fruit in an artistic porcelain frame.","og_url":"https:\/\/vozolvapen.de\/pl\/product\/humo-azul-24000-puffs-vape-blackberry-dragonfruit\/","og_site_name":"vozolvapen","article_modified_time":"2026-04-08T03:08:50+00:00","og_image":[{"width":1200,"height":1200,"url":"https:\/\/vozolvapen.de\/wp-content\/uploads\/2026\/01\/Humo-AZUL-24000-Puffs-Vape-Blackberry-dragonfruit.webp","type":"image\/webp"}],"twitter_card":"summary_large_image","twitter_misc":{"Szacowany czas czytania":"2 minuty"},"schema":{"@context":"https:\/\/schema.org","@graph":[{"@type":"WebPage","@id":"https:\/\/vozolvapen.de\/product\/humo-azul-24000-puffs-vape-blackberry-dragonfruit\/","url":"https:\/\/vozolvapen.de\/product\/humo-azul-24000-puffs-vape-blackberry-dragonfruit\/","name":"Blackberry Dragonfruit | Humo AZUL 24000 | Luxury Vape EU - vozolvapen","isPartOf":{"@id":"https:\/\/vozolvapen.de\/#website"},"primaryImageOfPage":{"@id":"https:\/\/vozolvapen.de\/product\/humo-azul-24000-puffs-vape-blackberry-dragonfruit\/#primaryimage"},"image":{"@id":"https:\/\/vozolvapen.de\/product\/humo-azul-24000-puffs-vape-blackberry-dragonfruit\/#primaryimage"},"thumbnailUrl":"https:\/\/vozolvapen.de\/wp-content\/uploads\/2026\/01\/Humo-AZUL-24000-Puffs-Vape-Blackberry-dragonfruit.webp","datePublished":"2026-01-14T07:35:29+00:00","dateModified":"2026-04-08T03:08:50+00:00","description":"Odkryj Blackberry Dragonfruit marki Humo AZUL 24000. 24-karatowe ptysie ciemnych jag\u00f3d i egzotycznych owoc\u00f3w w artystycznej porcelanowej oprawie.","breadcrumb":{"@id":"https:\/\/vozolvapen.de\/product\/humo-azul-24000-puffs-vape-blackberry-dragonfruit\/#breadcrumb"},"inLanguage":"pl-PL","potentialAction":[{"@type":"ReadAction","target":["https:\/\/vozolvapen.de\/product\/humo-azul-24000-puffs-vape-blackberry-dragonfruit\/"]}]},{"@type":"ImageObject","inLanguage":"pl-PL","@id":"https:\/\/vozolvapen.de\/product\/humo-azul-24000-puffs-vape-blackberry-dragonfruit\/#primaryimage","url":"https:\/\/vozolvapen.de\/wp-content\/uploads\/2026\/01\/Humo-AZUL-24000-Puffs-Vape-Blackberry-dragonfruit.webp","contentUrl":"https:\/\/vozolvapen.de\/wp-content\/uploads\/2026\/01\/Humo-AZUL-24000-Puffs-Vape-Blackberry-dragonfruit.webp","width":1200,"height":1200,"caption":"Humo AZUL 24000 Puffs Vape - Blackberry dragonfruit"},{"@type":"BreadcrumbList","@id":"https:\/\/vozolvapen.de\/product\/humo-azul-24000-puffs-vape-blackberry-dragonfruit\/#breadcrumb","itemListElement":[{"@type":"ListItem","position":1,"name":"Home","item":"https:\/\/vozolvapen.de\/de\/"},{"@type":"ListItem","position":2,"name":"Shop","item":"https:\/\/vozolvapen.de\/shop\/"},{"@type":"ListItem","position":3,"name":"Humo AZUL 24000 Puffs Vape &#8211; Blackberry dragonfruit"}]},{"@type":"WebSite","@id":"https:\/\/vozolvapen.de\/#website","url":"https:\/\/vozolvapen.de\/","name":"vozolvapen","description":"vozolvapen","publisher":{"@id":"https:\/\/vozolvapen.de\/#organization"},"potentialAction":[{"@type":"SearchAction","target":{"@type":"EntryPoint","urlTemplate":"https:\/\/vozolvapen.de\/?s={search_term_string}"},"query-input":{"@type":"PropertyValueSpecification","valueRequired":true,"valueName":"search_term_string"}}],"inLanguage":"pl-PL"},{"@type":"Organization","@id":"https:\/\/vozolvapen.de\/#organization","name":"vozolvapen","url":"https:\/\/vozolvapen.de\/","logo":{"@type":"ImageObject","inLanguage":"pl-PL","@id":"https:\/\/vozolvapen.de\/#\/schema\/logo\/image\/","url":"https:\/\/vozolvapen.de\/wp-content\/uploads\/2025\/12\/cropped-vozovapen-logo.webp","contentUrl":"https:\/\/vozolvapen.de\/wp-content\/uploads\/2025\/12\/cropped-vozovapen-logo.webp","width":470,"height":110,"caption":"vozolvapen"},"image":{"@id":"https:\/\/vozolvapen.de\/#\/schema\/logo\/image\/"}}]}},"tiered_pricing_type":"fixed","tiered_pricing_fixed_rules":{"30":"10.5","50":"8.5","100":"7.5","200":"7"},"tiered_pricing_product_settings":{"layout":"default","base_unit_name":{"singular":null,"plural":null},"default_variation":{}},"tiered_pricing_minimum_quantity":10,"tiered_pricing_roles_data":[],"tiered_pricing_percentage_rules":[],"tiered_pricing_maximum_quantity":null,"tiered_pricing_quantity_step":"10","_links":{"self":[{"href":"http:\/\/vozolvapen.de\/pl\/wp-json\/wp\/v2\/product\/61115","targetHints":{"allow":["GET"]}}],"collection":[{"href":"http:\/\/vozolvapen.de\/pl\/wp-json\/wp\/v2\/product"}],"about":[{"href":"http:\/\/vozolvapen.de\/pl\/wp-json\/wp\/v2\/types\/product"}],"replies":[{"embeddable":true,"href":"http:\/\/vozolvapen.de\/pl\/wp-json\/wp\/v2\/comments?post=61115"}],"wp:featuredmedia":[{"embeddable":true,"href":"http:\/\/vozolvapen.de\/pl\/wp-json\/wp\/v2\/media\/61248"}],"wp:attachment":[{"href":"http:\/\/vozolvapen.de\/pl\/wp-json\/wp\/v2\/media?parent=61115"}],"wp:term":[{"taxonomy":"product_brand","embeddable":true,"href":"http:\/\/vozolvapen.de\/pl\/wp-json\/wp\/v2\/product_brand?post=61115"},{"taxonomy":"product_cat","embeddable":true,"href":"http:\/\/vozolvapen.de\/pl\/wp-json\/wp\/v2\/product_cat?post=61115"},{"taxonomy":"product_tag","embeddable":true,"href":"http:\/\/vozolvapen.de\/pl\/wp-json\/wp\/v2\/product_tag?post=61115"}],"curies":[{"name":"wp","href":"https:\/\/api.w.org\/{rel}","templated":true}]}}