{"id":61144,"date":"2026-01-14T07:35:30","date_gmt":"2026-01-14T07:35:30","guid":{"rendered":"https:\/\/vozolvapen.de\/?post_type=product&#038;p=61144"},"modified":"2026-04-08T03:08:43","modified_gmt":"2026-04-08T03:08:43","slug":"humo-azul-24000-puffs-vape-grape-berries","status":"publish","type":"product","link":"http:\/\/vozolvapen.de\/pl\/product\/humo-azul-24000-puffs-vape-grape-berries\/","title":{"rendered":"Humo AZUL 24000 Puffs Vape - Jagody winogronowe"},"content":{"rendered":"<h1 data-path-to-node=\"27\"><b data-path-to-node=\"27\" data-index-in-node=\"0\">Humo AZUL 24000 <\/b><b data-path-to-node=\"42\" data-index-in-node=\"0\">Jagody winogronowe: The Vineyard Medley<\/b><\/h1>\n<p data-path-to-node=\"43\"><b data-path-to-node=\"43\" data-index-in-node=\"0\">Do\u015bwiadczenie:<\/b> Wyrafinowana mieszanka dorodnych winogron i gar\u015bci dzikich le\u015bnych jag\u00f3d. Jest mniej \u201clodowate\u201d, a bardziej \u201csoczyste\u201d. Smakuje jak wysokiej jako\u015bci owocowa redukcja. The <b data-path-to-node=\"43\" data-index-in-node=\"179\">ujednolicone opakowanie premium<\/b> sprawia, \u017ce ten zestaw wygl\u0105da jak wysokiej klasy prezent.<\/p>\n<ul data-path-to-node=\"44\">\n<li>\n<p data-path-to-node=\"44,0,0\"><b data-path-to-node=\"44,0,0\" data-index-in-node=\"0\">Wydajno\u015b\u0107:<\/b> The <b data-path-to-node=\"44,0,0\" data-index-in-node=\"17\">24 000 puff<\/b> Oznacza to, \u017ce mo\u017cesz cieszy\u0107 si\u0119 bogatym smakiem \u201csoku\u201d przez wiele tygodni bez utraty jego intensywno\u015bci.<\/p>\n<\/li>\n<li>\n<p data-path-to-node=\"44,1,0\"><b data-path-to-node=\"44,1,0\" data-index-in-node=\"0\">Dla kogo:<\/b> Ci, kt\u00f3rzy uwielbiaj\u0105 smak winogron, ale pragn\u0105 dodatkowej z\u0142o\u017cono\u015bci mieszanych jag\u00f3d.<\/p>\n<\/li>\n<\/ul>\n<h2 data-path-to-node=\"27\"><b data-path-to-node=\"27\" data-index-in-node=\"0\">Przewodnik po wibracjach i okazjach Humo AZUL 24000 <\/b><b data-path-to-node=\"23\" data-index-in-node=\"0\">Jagody winogronowe<\/b><\/h2>\n<ul data-path-to-node=\"24\">\n<li>\n<p data-path-to-node=\"24,0,0\"><b data-path-to-node=\"24,0,0\" data-index-in-node=\"0\">Poranny kopniak:<\/b> Soczysty pocz\u0105tek w stylu owocowego ponczu. Syc\u0105cy i syc\u0105cy, idealny na d\u0142ugie dojazdy do pracy lub pracowity poranek.<\/p>\n<\/li>\n<li>\n<p data-path-to-node=\"24,1,0\"><b data-path-to-node=\"24,1,0\" data-index-in-node=\"0\">Luksus po kolacji:<\/b> G\u0142\u0119bokie, winne nuty winogron i le\u015bnych jag\u00f3d sprawiaj\u0105, \u017ce jest to jak nocny drink w formie pary.<\/p>\n<\/li>\n<li>\n<p data-path-to-node=\"24,2,0\"><b data-path-to-node=\"24,2,0\" data-index-in-node=\"0\">O\u015bwiadczenie spo\u0142eczne:<\/b> Ciep\u0142y i zach\u0119caj\u0105cy. Jego bogaty aromat sprawia, \u017ce idealnie nadaje si\u0119 do przytulnych spotka\u0144 w domu lub w salonie.<\/p>\n<\/li>\n<\/ul>\n<h2><strong>Humo AZUL 24000 Puffs Vape <\/strong><strong>Wideo\uff1a<\/strong><\/h2>\n<p><iframe src=\"https:\/\/player.vimeo.com\/video\/1154230069?badge=0&amp;autopause=0&amp;player_id=0&amp;app_id=58479\" width=\"400\" height=\"225\" frameborder=\"0\" allow=\"autoplay; fullscreen; picture-in-picture; clipboard-write; encrypted-media; web-share\" referrerpolicy=\"strict-origin-when-cross-origin\" title=\"Humo AZUL 24000 Puffs Vape\"><\/iframe><\/p>\n<h2 data-path-to-node=\"60\">Specyfikacja Humo AZUL 24000 Puffs Vape Core<\/h2>\n<table data-path-to-node=\"8\">\n<thead>\n<tr>\n<td><strong>Luksusowa specyfikacja<\/strong><\/td>\n<td><strong>Szczeg\u00f3\u0142y serii porcelany<\/strong><\/td>\n<\/tr>\n<\/thead>\n<tbody>\n<tr>\n<td><span data-path-to-node=\"8,1,0,0\"><b data-path-to-node=\"8,1,0,0\" data-index-in-node=\"0\">Konstrukcja podwozia<\/b><\/span><\/td>\n<td><span data-path-to-node=\"8,1,1,0\"><b data-path-to-node=\"8,1,1,0\" data-index-in-node=\"0\">Niebiesko-bia\u0142y jednorazowy vape<\/b><\/span><\/td>\n<\/tr>\n<tr>\n<td><span data-path-to-node=\"8,2,0,0\"><b data-path-to-node=\"8,2,0,0\" data-index-in-node=\"0\">Kszta\u0142t cia\u0142a<\/b><\/span><\/td>\n<td><span data-path-to-node=\"8,2,1,0\">Ergonomiczny korpus w kszta\u0142cie butelki<\/span><\/td>\n<\/tr>\n<tr>\n<td><span data-path-to-node=\"8,3,0,0\"><b data-path-to-node=\"8,3,0,0\" data-index-in-node=\"0\">\u017bywotno\u015b\u0107 puffa<\/b><\/span><\/td>\n<td><span data-path-to-node=\"8,3,1,0\"><b data-path-to-node=\"8,3,1,0\" data-index-in-node=\"0\">Humo Azul 24000 Puffs<\/b><\/span><\/td>\n<\/tr>\n<tr>\n<td><span data-path-to-node=\"8,4,0,0\"><b data-path-to-node=\"8,4,0,0\" data-index-in-node=\"0\">Ustnik<\/b><\/span><\/td>\n<td><span data-path-to-node=\"8,4,1,0\">Polerowana metalowa kopu\u0142a (b\u0142yszcz\u0105ce wyko\u0144czenie)<\/span><\/td>\n<\/tr>\n<tr>\n<td><span data-path-to-node=\"8,5,0,0\"><b data-path-to-node=\"8,5,0,0\" data-index-in-node=\"0\">Waga urz\u0105dzenia<\/b><\/span><\/td>\n<td><span data-path-to-node=\"8,5,1,0\">110g Profesjonalny wywa\u017cony uchwyt<\/span><\/td>\n<\/tr>\n<tr>\n<td><span data-path-to-node=\"8,6,0,0\"><b data-path-to-node=\"8,6,0,0\" data-index-in-node=\"0\">Pochodzenie wysy\u0142ki<\/b><\/span><\/td>\n<td><span data-path-to-node=\"8,6,1,0\"><b data-path-to-node=\"8,6,1,0\" data-index-in-node=\"0\">Magazyn europejski (dostawa w ci\u0105gu 1-3 dni)<\/b><\/span><\/td>\n<\/tr>\n<tr>\n<td><span data-path-to-node=\"8,7,0,0\"><b data-path-to-node=\"8,7,0,0\" data-index-in-node=\"0\">Rozmiar opakowania<\/b><\/span><\/td>\n<td><span data-path-to-node=\"8,7,1,0\">10 sztuk w gablocie<\/span><\/td>\n<\/tr>\n<\/tbody>\n<\/table>\n<h3 dir=\"auto\">Oto dalsze zalecenia dla Ciebie:<\/h3>\n<p dir=\"auto\">Odkryj jeszcze wi\u0119cej niesamowitych smak\u00f3w dzi\u0119ki Humo AZUL 24000 Puffs Vape!<\/p>\n<p dir=\"auto\"><a href=\"https:\/\/vozolvapen.de\/pl\/product-category\/humo-vape\/humo-azul-24000-puffs-vape\/\" target=\"_blank\" rel=\"noopener noreferrer nofollow\">Zobacz wszystkie odmiany tutaj \u2192<\/a><\/p>\n<p dir=\"auto\">Zapoznaj si\u0119 z nasz\u0105 pe\u0142n\u0105 kolekcj\u0105 i kupuj produkty najlepszych marek vape, kt\u00f3re pokochasz.<\/p>\n<p dir=\"auto\"><a href=\"https:\/\/vozolvapen.de\/pl\/\" target=\"_blank\" rel=\"noopener noreferrer nofollow\">Przegl\u0105daj teraz wszystkie marki \u2192<\/a><\/p>\n<p dir=\"auto\">Sprawd\u017a ca\u0142\u0105 seri\u0119 Bang Vape - ka\u017cdy smak, ka\u017cdy styl!<\/p>\n<p dir=\"auto\"><a href=\"https:\/\/vozolvapen.de\/pl\/product-category\/bang-vape\/\" target=\"_blank\" rel=\"noopener noreferrer nofollow\">Zobacz pe\u0142n\u0105 kolekcj\u0119 Humo Vape \u2192<\/a><\/p>","protected":false},"excerpt":{"rendered":"<p>\u201cThe Vineyard Medley\u201d. Po co wybiera\u0107 jeden, skoro mo\u017cna mie\u0107 oba? Smak ten \u0142\u0105czy w sobie \u015bwie\u017ce winogrona z gar\u015bci\u0105 le\u015bnych jag\u00f3d. Jest to ci\u0119\u017cki, aromatyczny vape, kt\u00f3ry jest tak samo tre\u015bciwy jak <b data-path-to-node=\"34,2,0\" data-index-in-node=\"224\">Humo AZUL<\/b> wysoka jako\u015b\u0107 wykonania.<\/p>","protected":false},"featured_media":61249,"comment_status":"open","ping_status":"closed","template":"","meta":{"_acf_changed":false},"product_brand":[],"product_cat":[134,118],"product_tag":[],"class_list":{"0":"post-61144","1":"product","2":"type-product","3":"status-publish","4":"has-post-thumbnail","6":"product_cat-eu-warehouse-in-stock","7":"product_cat-humo-azul-24000-puffs-vape","9":"first","10":"instock","11":"shipping-taxable","12":"purchasable","13":"product-type-variable"},"acf":[],"yoast_head":"<!-- This site is optimized with the Yoast SEO Premium plugin v26.1 (Yoast SEO v27.5) - https:\/\/yoast.com\/product\/yoast-seo-premium-wordpress\/ -->\n<title>Grape Berries | Humo Azul 24000 | Blue and White Style - vozolvapen<\/title>\n<meta name=\"description\" content=\"A rich Grape Berries blend in the Humo AZUL 24000. 24,000 puffs, 2% salt nicotine, and luxury embossed details. Order now!\" \/>\n<meta name=\"robots\" content=\"index, follow, max-snippet:-1, max-image-preview:large, max-video-preview:-1\" \/>\n<link rel=\"canonical\" href=\"https:\/\/vozolvapen.de\/pl\/product\/humo-azul-24000-puffs-vape-grape-berries\/\" \/>\n<meta property=\"og:locale\" content=\"pl_PL\" \/>\n<meta property=\"og:type\" content=\"article\" \/>\n<meta property=\"og:title\" content=\"Humo AZUL 24000 Puffs Vape - Grape Berries\" \/>\n<meta property=\"og:description\" content=\"A rich Grape Berries blend in the Humo AZUL 24000. 24,000 puffs, 2% salt nicotine, and luxury embossed details. Order now!\" \/>\n<meta property=\"og:url\" content=\"https:\/\/vozolvapen.de\/pl\/product\/humo-azul-24000-puffs-vape-grape-berries\/\" \/>\n<meta property=\"og:site_name\" content=\"vozolvapen\" \/>\n<meta property=\"article:modified_time\" content=\"2026-04-08T03:08:43+00:00\" \/>\n<meta property=\"og:image\" content=\"https:\/\/vozolvapen.de\/wp-content\/uploads\/2026\/01\/Humo-AZUL-24000-Puffs-Vape-pink.webp\" \/>\n\t<meta property=\"og:image:width\" content=\"1200\" \/>\n\t<meta property=\"og:image:height\" content=\"1200\" \/>\n\t<meta property=\"og:image:type\" content=\"image\/webp\" \/>\n<meta name=\"twitter:card\" content=\"summary_large_image\" \/>\n<meta name=\"twitter:label1\" content=\"Szacowany czas czytania\" \/>\n\t<meta name=\"twitter:data1\" content=\"2 minuty\" \/>\n<script type=\"application\/ld+json\" class=\"yoast-schema-graph\">{\"@context\":\"https:\\\/\\\/schema.org\",\"@graph\":[{\"@type\":\"WebPage\",\"@id\":\"https:\\\/\\\/vozolvapen.de\\\/product\\\/humo-azul-24000-puffs-vape-grape-berries\\\/\",\"url\":\"https:\\\/\\\/vozolvapen.de\\\/product\\\/humo-azul-24000-puffs-vape-grape-berries\\\/\",\"name\":\"Grape Berries | Humo Azul 24000 | Blue and White Style - vozolvapen\",\"isPartOf\":{\"@id\":\"https:\\\/\\\/vozolvapen.de\\\/#website\"},\"primaryImageOfPage\":{\"@id\":\"https:\\\/\\\/vozolvapen.de\\\/product\\\/humo-azul-24000-puffs-vape-grape-berries\\\/#primaryimage\"},\"image\":{\"@id\":\"https:\\\/\\\/vozolvapen.de\\\/product\\\/humo-azul-24000-puffs-vape-grape-berries\\\/#primaryimage\"},\"thumbnailUrl\":\"https:\\\/\\\/vozolvapen.de\\\/wp-content\\\/uploads\\\/2026\\\/01\\\/Humo-AZUL-24000-Puffs-Vape-pink.webp\",\"datePublished\":\"2026-01-14T07:35:30+00:00\",\"dateModified\":\"2026-04-08T03:08:43+00:00\",\"description\":\"A rich Grape Berries blend in the Humo AZUL 24000. 24,000 puffs, 2% salt nicotine, and luxury embossed details. Order now!\",\"breadcrumb\":{\"@id\":\"https:\\\/\\\/vozolvapen.de\\\/product\\\/humo-azul-24000-puffs-vape-grape-berries\\\/#breadcrumb\"},\"inLanguage\":\"pl-PL\",\"potentialAction\":[{\"@type\":\"ReadAction\",\"target\":[\"https:\\\/\\\/vozolvapen.de\\\/product\\\/humo-azul-24000-puffs-vape-grape-berries\\\/\"]}]},{\"@type\":\"ImageObject\",\"inLanguage\":\"pl-PL\",\"@id\":\"https:\\\/\\\/vozolvapen.de\\\/product\\\/humo-azul-24000-puffs-vape-grape-berries\\\/#primaryimage\",\"url\":\"https:\\\/\\\/vozolvapen.de\\\/wp-content\\\/uploads\\\/2026\\\/01\\\/Humo-AZUL-24000-Puffs-Vape-pink.webp\",\"contentUrl\":\"https:\\\/\\\/vozolvapen.de\\\/wp-content\\\/uploads\\\/2026\\\/01\\\/Humo-AZUL-24000-Puffs-Vape-pink.webp\",\"width\":1200,\"height\":1200,\"caption\":\"Humo AZUL 24000 Puffs Vape - pink\"},{\"@type\":\"BreadcrumbList\",\"@id\":\"https:\\\/\\\/vozolvapen.de\\\/product\\\/humo-azul-24000-puffs-vape-grape-berries\\\/#breadcrumb\",\"itemListElement\":[{\"@type\":\"ListItem\",\"position\":1,\"name\":\"Home\",\"item\":\"https:\\\/\\\/vozolvapen.de\\\/de\\\/\"},{\"@type\":\"ListItem\",\"position\":2,\"name\":\"Shop\",\"item\":\"https:\\\/\\\/vozolvapen.de\\\/shop\\\/\"},{\"@type\":\"ListItem\",\"position\":3,\"name\":\"Humo AZUL 24000 Puffs Vape &#8211; Grape Berries\"}]},{\"@type\":\"WebSite\",\"@id\":\"https:\\\/\\\/vozolvapen.de\\\/#website\",\"url\":\"https:\\\/\\\/vozolvapen.de\\\/\",\"name\":\"vozolvapen\",\"description\":\"vozolvapen\",\"publisher\":{\"@id\":\"https:\\\/\\\/vozolvapen.de\\\/#organization\"},\"potentialAction\":[{\"@type\":\"SearchAction\",\"target\":{\"@type\":\"EntryPoint\",\"urlTemplate\":\"https:\\\/\\\/vozolvapen.de\\\/?s={search_term_string}\"},\"query-input\":{\"@type\":\"PropertyValueSpecification\",\"valueRequired\":true,\"valueName\":\"search_term_string\"}}],\"inLanguage\":\"pl-PL\"},{\"@type\":\"Organization\",\"@id\":\"https:\\\/\\\/vozolvapen.de\\\/#organization\",\"name\":\"vozolvapen\",\"url\":\"https:\\\/\\\/vozolvapen.de\\\/\",\"logo\":{\"@type\":\"ImageObject\",\"inLanguage\":\"pl-PL\",\"@id\":\"https:\\\/\\\/vozolvapen.de\\\/#\\\/schema\\\/logo\\\/image\\\/\",\"url\":\"https:\\\/\\\/vozolvapen.de\\\/wp-content\\\/uploads\\\/2025\\\/12\\\/cropped-vozovapen-logo.webp\",\"contentUrl\":\"https:\\\/\\\/vozolvapen.de\\\/wp-content\\\/uploads\\\/2025\\\/12\\\/cropped-vozovapen-logo.webp\",\"width\":470,\"height\":110,\"caption\":\"vozolvapen\"},\"image\":{\"@id\":\"https:\\\/\\\/vozolvapen.de\\\/#\\\/schema\\\/logo\\\/image\\\/\"}}]}<\/script>\n<!-- \/ Yoast SEO Premium plugin. -->","yoast_head_json":{"title":"Grape Berries | Humo Azul 24000 | Blue and White Style - vozolvapen","description":"Bogata mieszanka jag\u00f3d winogronowych w Humo AZUL 24000. 24 000 zaci\u0105gni\u0119\u0107, s\u00f3l nikotynowa 2% i luksusowe t\u0142oczone detale. Zam\u00f3w teraz!","robots":{"index":"index","follow":"follow","max-snippet":"max-snippet:-1","max-image-preview":"max-image-preview:large","max-video-preview":"max-video-preview:-1"},"canonical":"https:\/\/vozolvapen.de\/pl\/product\/humo-azul-24000-puffs-vape-grape-berries\/","og_locale":"pl_PL","og_type":"article","og_title":"Humo AZUL 24000 Puffs Vape - Grape Berries","og_description":"A rich Grape Berries blend in the Humo AZUL 24000. 24,000 puffs, 2% salt nicotine, and luxury embossed details. Order now!","og_url":"https:\/\/vozolvapen.de\/pl\/product\/humo-azul-24000-puffs-vape-grape-berries\/","og_site_name":"vozolvapen","article_modified_time":"2026-04-08T03:08:43+00:00","og_image":[{"width":1200,"height":1200,"url":"https:\/\/vozolvapen.de\/wp-content\/uploads\/2026\/01\/Humo-AZUL-24000-Puffs-Vape-pink.webp","type":"image\/webp"}],"twitter_card":"summary_large_image","twitter_misc":{"Szacowany czas czytania":"2 minuty"},"schema":{"@context":"https:\/\/schema.org","@graph":[{"@type":"WebPage","@id":"https:\/\/vozolvapen.de\/product\/humo-azul-24000-puffs-vape-grape-berries\/","url":"https:\/\/vozolvapen.de\/product\/humo-azul-24000-puffs-vape-grape-berries\/","name":"Grape Berries | Humo Azul 24000 | Blue and White Style - vozolvapen","isPartOf":{"@id":"https:\/\/vozolvapen.de\/#website"},"primaryImageOfPage":{"@id":"https:\/\/vozolvapen.de\/product\/humo-azul-24000-puffs-vape-grape-berries\/#primaryimage"},"image":{"@id":"https:\/\/vozolvapen.de\/product\/humo-azul-24000-puffs-vape-grape-berries\/#primaryimage"},"thumbnailUrl":"https:\/\/vozolvapen.de\/wp-content\/uploads\/2026\/01\/Humo-AZUL-24000-Puffs-Vape-pink.webp","datePublished":"2026-01-14T07:35:30+00:00","dateModified":"2026-04-08T03:08:43+00:00","description":"Bogata mieszanka jag\u00f3d winogronowych w Humo AZUL 24000. 24 000 zaci\u0105gni\u0119\u0107, s\u00f3l nikotynowa 2% i luksusowe t\u0142oczone detale. Zam\u00f3w teraz!","breadcrumb":{"@id":"https:\/\/vozolvapen.de\/product\/humo-azul-24000-puffs-vape-grape-berries\/#breadcrumb"},"inLanguage":"pl-PL","potentialAction":[{"@type":"ReadAction","target":["https:\/\/vozolvapen.de\/product\/humo-azul-24000-puffs-vape-grape-berries\/"]}]},{"@type":"ImageObject","inLanguage":"pl-PL","@id":"https:\/\/vozolvapen.de\/product\/humo-azul-24000-puffs-vape-grape-berries\/#primaryimage","url":"https:\/\/vozolvapen.de\/wp-content\/uploads\/2026\/01\/Humo-AZUL-24000-Puffs-Vape-pink.webp","contentUrl":"https:\/\/vozolvapen.de\/wp-content\/uploads\/2026\/01\/Humo-AZUL-24000-Puffs-Vape-pink.webp","width":1200,"height":1200,"caption":"Humo AZUL 24000 Puffs Vape - pink"},{"@type":"BreadcrumbList","@id":"https:\/\/vozolvapen.de\/product\/humo-azul-24000-puffs-vape-grape-berries\/#breadcrumb","itemListElement":[{"@type":"ListItem","position":1,"name":"Home","item":"https:\/\/vozolvapen.de\/de\/"},{"@type":"ListItem","position":2,"name":"Shop","item":"https:\/\/vozolvapen.de\/shop\/"},{"@type":"ListItem","position":3,"name":"Humo AZUL 24000 Puffs Vape &#8211; Grape Berries"}]},{"@type":"WebSite","@id":"https:\/\/vozolvapen.de\/#website","url":"https:\/\/vozolvapen.de\/","name":"vozolvapen","description":"vozolvapen","publisher":{"@id":"https:\/\/vozolvapen.de\/#organization"},"potentialAction":[{"@type":"SearchAction","target":{"@type":"EntryPoint","urlTemplate":"https:\/\/vozolvapen.de\/?s={search_term_string}"},"query-input":{"@type":"PropertyValueSpecification","valueRequired":true,"valueName":"search_term_string"}}],"inLanguage":"pl-PL"},{"@type":"Organization","@id":"https:\/\/vozolvapen.de\/#organization","name":"vozolvapen","url":"https:\/\/vozolvapen.de\/","logo":{"@type":"ImageObject","inLanguage":"pl-PL","@id":"https:\/\/vozolvapen.de\/#\/schema\/logo\/image\/","url":"https:\/\/vozolvapen.de\/wp-content\/uploads\/2025\/12\/cropped-vozovapen-logo.webp","contentUrl":"https:\/\/vozolvapen.de\/wp-content\/uploads\/2025\/12\/cropped-vozovapen-logo.webp","width":470,"height":110,"caption":"vozolvapen"},"image":{"@id":"https:\/\/vozolvapen.de\/#\/schema\/logo\/image\/"}}]}},"tiered_pricing_type":"fixed","tiered_pricing_fixed_rules":{"30":"10.5","50":"8.5","100":"7.5","200":"7"},"tiered_pricing_product_settings":{"layout":"default","base_unit_name":{"singular":null,"plural":null},"default_variation":{}},"tiered_pricing_minimum_quantity":10,"tiered_pricing_roles_data":[],"tiered_pricing_percentage_rules":[],"tiered_pricing_maximum_quantity":null,"tiered_pricing_quantity_step":"10","_links":{"self":[{"href":"http:\/\/vozolvapen.de\/pl\/wp-json\/wp\/v2\/product\/61144","targetHints":{"allow":["GET"]}}],"collection":[{"href":"http:\/\/vozolvapen.de\/pl\/wp-json\/wp\/v2\/product"}],"about":[{"href":"http:\/\/vozolvapen.de\/pl\/wp-json\/wp\/v2\/types\/product"}],"replies":[{"embeddable":true,"href":"http:\/\/vozolvapen.de\/pl\/wp-json\/wp\/v2\/comments?post=61144"}],"wp:featuredmedia":[{"embeddable":true,"href":"http:\/\/vozolvapen.de\/pl\/wp-json\/wp\/v2\/media\/61249"}],"wp:attachment":[{"href":"http:\/\/vozolvapen.de\/pl\/wp-json\/wp\/v2\/media?parent=61144"}],"wp:term":[{"taxonomy":"product_brand","embeddable":true,"href":"http:\/\/vozolvapen.de\/pl\/wp-json\/wp\/v2\/product_brand?post=61144"},{"taxonomy":"product_cat","embeddable":true,"href":"http:\/\/vozolvapen.de\/pl\/wp-json\/wp\/v2\/product_cat?post=61144"},{"taxonomy":"product_tag","embeddable":true,"href":"http:\/\/vozolvapen.de\/pl\/wp-json\/wp\/v2\/product_tag?post=61144"}],"curies":[{"name":"wp","href":"https:\/\/api.w.org\/{rel}","templated":true}]}}