{"id":61173,"date":"2026-01-14T07:35:32","date_gmt":"2026-01-14T07:35:32","guid":{"rendered":"https:\/\/vozolvapen.de\/?post_type=product&#038;p=61173"},"modified":"2026-04-08T03:08:38","modified_gmt":"2026-04-08T03:08:38","slug":"humo-azul-24000-puffs-vape-strawberry-watermelon-grape","status":"publish","type":"product","link":"http:\/\/vozolvapen.de\/pl\/product\/humo-azul-24000-puffs-vape-strawberry-watermelon-grape\/","title":{"rendered":"Humo AZUL 24000 Puffs Vape - truskawka arbuz winogrono"},"content":{"rendered":"<h1 data-path-to-node=\"27\"><b data-path-to-node=\"27\" data-index-in-node=\"0\">Humo AZUL 24000 <\/b><b data-path-to-node=\"46\" data-index-in-node=\"0\">Truskawka Arbuz Winogrono: Najlepsze trio nawadniaj\u0105ce<\/b><\/h1>\n<p data-path-to-node=\"47\"><b data-path-to-node=\"47\" data-index-in-node=\"0\">Do\u015bwiadczenie:<\/b> \u201cWielka tr\u00f3jka\u201d \u015bwiata waporyzacji. S\u0142odka truskawka, wodnisty arbuz i bogate winogrona \u0142\u0105cz\u0105 si\u0119 w doskona\u0142y poncz owocowy. Jest niesamowicie nawil\u017caj\u0105cy i s\u0142odki. Smak <b data-path-to-node=\"47\" data-index-in-node=\"187\">w kszta\u0142cie butelki<\/b> Design sprawia, \u017ce czujesz si\u0119, jakby\u015b mia\u0142 przy sobie ma\u0142\u0105 butelk\u0119 owocowego nektaru.<\/p>\n<ul data-path-to-node=\"48\">\n<li>\n<p data-path-to-node=\"48,0,0\"><b data-path-to-node=\"48,0,0\" data-index-in-node=\"0\">Wydajno\u015b\u0107:<\/b> Jest to profil \u201cheavy-juice\u201d, obs\u0142ugiwany z \u0142atwo\u015bci\u0105 przez <b data-path-to-node=\"48,0,0\" data-index-in-node=\"68\">Pojemno\u015b\u0107 kapsu\u0142ki 20 ml<\/b> i wydajne \u0142adowanie typu C.<\/p>\n<\/li>\n<li>\n<p data-path-to-node=\"48,1,0\"><b data-path-to-node=\"48,1,0\" data-index-in-node=\"0\">Dla kogo:<\/b> Waper, kt\u00f3ry chce mie\u0107 \u201cwszystko, co najlepsze\u201d w jednym urz\u0105dzeniu.<\/p>\n<\/li>\n<\/ul>\n<h2 data-path-to-node=\"27\"><b data-path-to-node=\"27\" data-index-in-node=\"0\">Przewodnik po wibracjach i okazjach Humo AZUL 24000 <\/b><b data-path-to-node=\"25\" data-index-in-node=\"0\">Truskawka Arbuz Winogrono<\/b><\/h2>\n<ul data-path-to-node=\"26\">\n<li>\n<p data-path-to-node=\"26,0,0\"><b data-path-to-node=\"26,0,0\" data-index-in-node=\"0\">Poranny kopniak:<\/b> Potr\u00f3jny owocowy zastrzyk nawil\u017cenia. Jest \u201cmokra\u201d i soczysta, idealna na przebudzenie suchego podniebienia.<\/p>\n<\/li>\n<li>\n<p data-path-to-node=\"26,1,0\"><b data-path-to-node=\"26,1,0\" data-index-in-node=\"0\">Luksus po kolacji:<\/b> \u201cS\u0142odkie marzenie \u0142asucha\u201d. To bezkaloryczna sa\u0142atka owocowa, kt\u00f3r\u0105 mo\u017cna si\u0119 delektowa\u0107 przez ca\u0142\u0105 noc.<\/p>\n<\/li>\n<li>\n<p data-path-to-node=\"26,2,0\"><b data-path-to-node=\"26,2,0\" data-index-in-node=\"0\">O\u015bwiadczenie spo\u0142eczne:<\/b> \u201cUniwersalny\u201d. Poniewa\u017c zawiera trzy najpopularniejsze owoce, jest najbezpieczniejszym (i najbardziej stylowym) urz\u0105dzeniem do podawania znajomym.<\/p>\n<\/li>\n<\/ul>\n<h2><strong>Humo AZUL 24000 Puffs Vape <\/strong><strong>Wideo\uff1a<\/strong><\/h2>\n<p><iframe src=\"https:\/\/player.vimeo.com\/video\/1154230069?badge=0&amp;autopause=0&amp;player_id=0&amp;app_id=58479\" width=\"400\" height=\"225\" frameborder=\"0\" allow=\"autoplay; fullscreen; picture-in-picture; clipboard-write; encrypted-media; web-share\" referrerpolicy=\"strict-origin-when-cross-origin\" title=\"Humo AZUL 24000 Puffs Vape\"><\/iframe><\/p>\n<h2 data-path-to-node=\"60\">Specyfikacja Humo AZUL 24000 Puffs Vape Core<\/h2>\n<table data-path-to-node=\"12\">\n<thead>\n<tr>\n<td><strong>Funkcja sprz\u0119towa<\/strong><\/td>\n<td><strong>Humo Azul Rechargeable Szczeg\u00f3\u0142y<\/strong><\/td>\n<\/tr>\n<\/thead>\n<tbody>\n<tr>\n<td><span data-path-to-node=\"12,1,0,0\"><b data-path-to-node=\"12,1,0,0\" data-index-in-node=\"0\">Ca\u0142kowita liczba zaci\u0105gni\u0119\u0107<\/b><\/span><\/td>\n<td><span data-path-to-node=\"12,1,1,0\">Do 24 000 zaci\u0105gni\u0119\u0107<\/span><\/td>\n<\/tr>\n<tr>\n<td><span data-path-to-node=\"12,2,0,0\"><b data-path-to-node=\"12,2,0,0\" data-index-in-node=\"0\">Odporno\u015b\u0107 cewki<\/b><\/span><\/td>\n<td><span data-path-to-node=\"12,2,1,0\">Sub-Ohm Dual <span class=\"math-inline\" data-math=\"0.65\\Omega\" data-index-in-node=\"13\">$0.65\\Omega$<\/span> Siatka<\/span><\/td>\n<\/tr>\n<tr>\n<td><span data-path-to-node=\"12,3,0,0\"><b data-path-to-node=\"12,3,0,0\" data-index-in-node=\"0\">Aktywacja<\/b><\/span><\/td>\n<td><span data-path-to-node=\"12,3,1,0\">Precyzyjny czujnik aktywowany rysowaniem<\/span><\/td>\n<\/tr>\n<tr>\n<td><span data-path-to-node=\"12,4,0,0\"><b data-path-to-node=\"12,4,0,0\" data-index-in-node=\"0\">Tekstura wizualna<\/b><\/span><\/td>\n<td><span data-path-to-node=\"12,4,1,0\">Wyt\u0142oczone ozdobne detale<\/span><\/td>\n<\/tr>\n<tr>\n<td><span data-path-to-node=\"12,5,0,0\"><b data-path-to-node=\"12,5,0,0\" data-index-in-node=\"0\">Interfejs \u0142adowania<\/b><\/span><\/td>\n<td><span data-path-to-node=\"12,5,1,0\">Szybki port typu C<\/span><\/td>\n<\/tr>\n<tr>\n<td><span data-path-to-node=\"12,6,0,0\"><b data-path-to-node=\"12,6,0,0\" data-index-in-node=\"0\">Motyw opakowania<\/b><\/span><\/td>\n<td><span data-path-to-node=\"12,6,1,0\">Unified Premium Porcelain Box<\/span><\/td>\n<\/tr>\n<tr>\n<td><span data-path-to-node=\"12,7,0,0\"><b data-path-to-node=\"12,7,0,0\" data-index-in-node=\"0\">Segment rynku<\/b><\/span><\/td>\n<td><span data-path-to-node=\"12,7,1,0\"><b data-path-to-node=\"12,7,1,0\" data-index-in-node=\"0\">Artystyczne jednorazowe urz\u0105dzenie Vape<\/b><\/span><\/td>\n<\/tr>\n<\/tbody>\n<\/table>\n<h3 dir=\"auto\">Oto dalsze zalecenia dla Ciebie:<\/h3>\n<p dir=\"auto\">Odkryj jeszcze wi\u0119cej niesamowitych smak\u00f3w dzi\u0119ki Humo AZUL 24000 Puffs Vape!<\/p>\n<p dir=\"auto\"><a href=\"https:\/\/vozolvapen.de\/pl\/product-category\/humo-vape\/humo-azul-24000-puffs-vape\/\" target=\"_blank\" rel=\"noopener noreferrer nofollow\">Zobacz wszystkie odmiany tutaj \u2192<\/a><\/p>\n<p dir=\"auto\">Zapoznaj si\u0119 z nasz\u0105 pe\u0142n\u0105 kolekcj\u0105 i kupuj produkty najlepszych marek vape, kt\u00f3re pokochasz.<\/p>\n<p dir=\"auto\"><a href=\"https:\/\/vozolvapen.de\/pl\/\" target=\"_blank\" rel=\"noopener noreferrer nofollow\">Przegl\u0105daj teraz wszystkie marki \u2192<\/a><\/p>\n<p dir=\"auto\">Sprawd\u017a ca\u0142\u0105 seri\u0119 Bang Vape - ka\u017cdy smak, ka\u017cdy styl!<\/p>\n<p dir=\"auto\"><a href=\"https:\/\/vozolvapen.de\/pl\/product-category\/bang-vape\/\" target=\"_blank\" rel=\"noopener noreferrer nofollow\">Zobacz pe\u0142n\u0105 kolekcj\u0119 Humo Vape \u2192<\/a><\/p>","protected":false},"excerpt":{"rendered":"<p>\u201cThe Hydration Trio\u201d. Orze\u017awiaj\u0105ca mieszanka soczystej truskawki, wodnistego melona i s\u0142odkiego winogrona. Ten profil smakowy 3 w 1 zosta\u0142 zaprojektowany z my\u015bl\u0105 o ca\u0142odziennym wapowaniu, oferuj\u0105c nowe nuty przy ka\u017cdym zaci\u0105gni\u0119ciu. <b data-path-to-node=\"37,2,0\" data-index-in-node=\"219\">Akumulator Humo Azul<\/b> system.<\/p>","protected":false},"featured_media":61250,"comment_status":"open","ping_status":"closed","template":"","meta":{"_acf_changed":false},"product_brand":[],"product_cat":[134,118],"product_tag":[],"class_list":{"0":"post-61173","1":"product","2":"type-product","3":"status-publish","4":"has-post-thumbnail","6":"product_cat-eu-warehouse-in-stock","7":"product_cat-humo-azul-24000-puffs-vape","9":"first","10":"instock","11":"shipping-taxable","12":"purchasable","13":"product-type-variable"},"acf":[],"yoast_head":"<!-- This site is optimized with the Yoast SEO Premium plugin v26.1 (Yoast SEO v27.5) - https:\/\/yoast.com\/product\/yoast-seo-premium-wordpress\/ -->\n<title>Strawberry Watermelon Grape | Humo AZUL 24000 | 24k Puffs - vozolvapen<\/title>\n<meta name=\"description\" content=\"Triple fruit satisfaction. Strawberry Watermelon Grape Humo AZUL 24000. High-end porcelain design and dual mesh coils.\" \/>\n<meta name=\"robots\" content=\"index, follow, max-snippet:-1, max-image-preview:large, max-video-preview:-1\" \/>\n<link rel=\"canonical\" href=\"https:\/\/vozolvapen.de\/pl\/product\/humo-azul-24000-puffs-vape-strawberry-watermelon-grape\/\" \/>\n<meta property=\"og:locale\" content=\"pl_PL\" \/>\n<meta property=\"og:type\" content=\"article\" \/>\n<meta property=\"og:title\" content=\"Humo AZUL 24000 Puffs Vape - Strawberry watermelon grape\" \/>\n<meta property=\"og:description\" content=\"Triple fruit satisfaction. Strawberry Watermelon Grape Humo AZUL 24000. High-end porcelain design and dual mesh coils.\" \/>\n<meta property=\"og:url\" content=\"https:\/\/vozolvapen.de\/pl\/product\/humo-azul-24000-puffs-vape-strawberry-watermelon-grape\/\" \/>\n<meta property=\"og:site_name\" content=\"vozolvapen\" \/>\n<meta property=\"article:modified_time\" content=\"2026-04-08T03:08:38+00:00\" \/>\n<meta property=\"og:image\" content=\"https:\/\/vozolvapen.de\/wp-content\/uploads\/2026\/01\/Humo-AZUL-24000-Puffs-Vape-Strawberry-watermelon-grape.webp\" \/>\n\t<meta property=\"og:image:width\" content=\"1200\" \/>\n\t<meta property=\"og:image:height\" content=\"1200\" \/>\n\t<meta property=\"og:image:type\" content=\"image\/webp\" \/>\n<meta name=\"twitter:card\" content=\"summary_large_image\" \/>\n<meta name=\"twitter:label1\" content=\"Szacowany czas czytania\" \/>\n\t<meta name=\"twitter:data1\" content=\"2 minuty\" \/>\n<script type=\"application\/ld+json\" class=\"yoast-schema-graph\">{\"@context\":\"https:\\\/\\\/schema.org\",\"@graph\":[{\"@type\":\"WebPage\",\"@id\":\"https:\\\/\\\/vozolvapen.de\\\/product\\\/humo-azul-24000-puffs-vape-strawberry-watermelon-grape\\\/\",\"url\":\"https:\\\/\\\/vozolvapen.de\\\/product\\\/humo-azul-24000-puffs-vape-strawberry-watermelon-grape\\\/\",\"name\":\"Strawberry Watermelon Grape | Humo AZUL 24000 | 24k Puffs - vozolvapen\",\"isPartOf\":{\"@id\":\"https:\\\/\\\/vozolvapen.de\\\/#website\"},\"primaryImageOfPage\":{\"@id\":\"https:\\\/\\\/vozolvapen.de\\\/product\\\/humo-azul-24000-puffs-vape-strawberry-watermelon-grape\\\/#primaryimage\"},\"image\":{\"@id\":\"https:\\\/\\\/vozolvapen.de\\\/product\\\/humo-azul-24000-puffs-vape-strawberry-watermelon-grape\\\/#primaryimage\"},\"thumbnailUrl\":\"https:\\\/\\\/vozolvapen.de\\\/wp-content\\\/uploads\\\/2026\\\/01\\\/Humo-AZUL-24000-Puffs-Vape-Strawberry-watermelon-grape.webp\",\"datePublished\":\"2026-01-14T07:35:32+00:00\",\"dateModified\":\"2026-04-08T03:08:38+00:00\",\"description\":\"Triple fruit satisfaction. Strawberry Watermelon Grape Humo AZUL 24000. High-end porcelain design and dual mesh coils.\",\"breadcrumb\":{\"@id\":\"https:\\\/\\\/vozolvapen.de\\\/product\\\/humo-azul-24000-puffs-vape-strawberry-watermelon-grape\\\/#breadcrumb\"},\"inLanguage\":\"pl-PL\",\"potentialAction\":[{\"@type\":\"ReadAction\",\"target\":[\"https:\\\/\\\/vozolvapen.de\\\/product\\\/humo-azul-24000-puffs-vape-strawberry-watermelon-grape\\\/\"]}]},{\"@type\":\"ImageObject\",\"inLanguage\":\"pl-PL\",\"@id\":\"https:\\\/\\\/vozolvapen.de\\\/product\\\/humo-azul-24000-puffs-vape-strawberry-watermelon-grape\\\/#primaryimage\",\"url\":\"https:\\\/\\\/vozolvapen.de\\\/wp-content\\\/uploads\\\/2026\\\/01\\\/Humo-AZUL-24000-Puffs-Vape-Strawberry-watermelon-grape.webp\",\"contentUrl\":\"https:\\\/\\\/vozolvapen.de\\\/wp-content\\\/uploads\\\/2026\\\/01\\\/Humo-AZUL-24000-Puffs-Vape-Strawberry-watermelon-grape.webp\",\"width\":1200,\"height\":1200,\"caption\":\"Humo AZUL 24000 Puffs Vape - Strawberry watermelon grape\"},{\"@type\":\"BreadcrumbList\",\"@id\":\"https:\\\/\\\/vozolvapen.de\\\/product\\\/humo-azul-24000-puffs-vape-strawberry-watermelon-grape\\\/#breadcrumb\",\"itemListElement\":[{\"@type\":\"ListItem\",\"position\":1,\"name\":\"Home\",\"item\":\"https:\\\/\\\/vozolvapen.de\\\/de\\\/\"},{\"@type\":\"ListItem\",\"position\":2,\"name\":\"Shop\",\"item\":\"https:\\\/\\\/vozolvapen.de\\\/shop\\\/\"},{\"@type\":\"ListItem\",\"position\":3,\"name\":\"Humo AZUL 24000 Puffs Vape &#8211; Strawberry watermelon grape\"}]},{\"@type\":\"WebSite\",\"@id\":\"https:\\\/\\\/vozolvapen.de\\\/#website\",\"url\":\"https:\\\/\\\/vozolvapen.de\\\/\",\"name\":\"vozolvapen\",\"description\":\"vozolvapen\",\"publisher\":{\"@id\":\"https:\\\/\\\/vozolvapen.de\\\/#organization\"},\"potentialAction\":[{\"@type\":\"SearchAction\",\"target\":{\"@type\":\"EntryPoint\",\"urlTemplate\":\"https:\\\/\\\/vozolvapen.de\\\/?s={search_term_string}\"},\"query-input\":{\"@type\":\"PropertyValueSpecification\",\"valueRequired\":true,\"valueName\":\"search_term_string\"}}],\"inLanguage\":\"pl-PL\"},{\"@type\":\"Organization\",\"@id\":\"https:\\\/\\\/vozolvapen.de\\\/#organization\",\"name\":\"vozolvapen\",\"url\":\"https:\\\/\\\/vozolvapen.de\\\/\",\"logo\":{\"@type\":\"ImageObject\",\"inLanguage\":\"pl-PL\",\"@id\":\"https:\\\/\\\/vozolvapen.de\\\/#\\\/schema\\\/logo\\\/image\\\/\",\"url\":\"https:\\\/\\\/vozolvapen.de\\\/wp-content\\\/uploads\\\/2025\\\/12\\\/cropped-vozovapen-logo.webp\",\"contentUrl\":\"https:\\\/\\\/vozolvapen.de\\\/wp-content\\\/uploads\\\/2025\\\/12\\\/cropped-vozovapen-logo.webp\",\"width\":470,\"height\":110,\"caption\":\"vozolvapen\"},\"image\":{\"@id\":\"https:\\\/\\\/vozolvapen.de\\\/#\\\/schema\\\/logo\\\/image\\\/\"}}]}<\/script>\n<!-- \/ Yoast SEO Premium plugin. -->","yoast_head_json":{"title":"Strawberry Watermelon Grape | Humo AZUL 24000 | 24k Puffs - vozolvapen","description":"Potr\u00f3jna owocowa satysfakcja. Strawberry Watermelon Grape Humo AZUL 24000. Wysokiej jako\u015bci porcelanowa konstrukcja i podw\u00f3jne cewki siatkowe.","robots":{"index":"index","follow":"follow","max-snippet":"max-snippet:-1","max-image-preview":"max-image-preview:large","max-video-preview":"max-video-preview:-1"},"canonical":"https:\/\/vozolvapen.de\/pl\/product\/humo-azul-24000-puffs-vape-strawberry-watermelon-grape\/","og_locale":"pl_PL","og_type":"article","og_title":"Humo AZUL 24000 Puffs Vape - Strawberry watermelon grape","og_description":"Triple fruit satisfaction. Strawberry Watermelon Grape Humo AZUL 24000. High-end porcelain design and dual mesh coils.","og_url":"https:\/\/vozolvapen.de\/pl\/product\/humo-azul-24000-puffs-vape-strawberry-watermelon-grape\/","og_site_name":"vozolvapen","article_modified_time":"2026-04-08T03:08:38+00:00","og_image":[{"width":1200,"height":1200,"url":"https:\/\/vozolvapen.de\/wp-content\/uploads\/2026\/01\/Humo-AZUL-24000-Puffs-Vape-Strawberry-watermelon-grape.webp","type":"image\/webp"}],"twitter_card":"summary_large_image","twitter_misc":{"Szacowany czas czytania":"2 minuty"},"schema":{"@context":"https:\/\/schema.org","@graph":[{"@type":"WebPage","@id":"https:\/\/vozolvapen.de\/product\/humo-azul-24000-puffs-vape-strawberry-watermelon-grape\/","url":"https:\/\/vozolvapen.de\/product\/humo-azul-24000-puffs-vape-strawberry-watermelon-grape\/","name":"Strawberry Watermelon Grape | Humo AZUL 24000 | 24k Puffs - vozolvapen","isPartOf":{"@id":"https:\/\/vozolvapen.de\/#website"},"primaryImageOfPage":{"@id":"https:\/\/vozolvapen.de\/product\/humo-azul-24000-puffs-vape-strawberry-watermelon-grape\/#primaryimage"},"image":{"@id":"https:\/\/vozolvapen.de\/product\/humo-azul-24000-puffs-vape-strawberry-watermelon-grape\/#primaryimage"},"thumbnailUrl":"https:\/\/vozolvapen.de\/wp-content\/uploads\/2026\/01\/Humo-AZUL-24000-Puffs-Vape-Strawberry-watermelon-grape.webp","datePublished":"2026-01-14T07:35:32+00:00","dateModified":"2026-04-08T03:08:38+00:00","description":"Potr\u00f3jna owocowa satysfakcja. Strawberry Watermelon Grape Humo AZUL 24000. Wysokiej jako\u015bci porcelanowa konstrukcja i podw\u00f3jne cewki siatkowe.","breadcrumb":{"@id":"https:\/\/vozolvapen.de\/product\/humo-azul-24000-puffs-vape-strawberry-watermelon-grape\/#breadcrumb"},"inLanguage":"pl-PL","potentialAction":[{"@type":"ReadAction","target":["https:\/\/vozolvapen.de\/product\/humo-azul-24000-puffs-vape-strawberry-watermelon-grape\/"]}]},{"@type":"ImageObject","inLanguage":"pl-PL","@id":"https:\/\/vozolvapen.de\/product\/humo-azul-24000-puffs-vape-strawberry-watermelon-grape\/#primaryimage","url":"https:\/\/vozolvapen.de\/wp-content\/uploads\/2026\/01\/Humo-AZUL-24000-Puffs-Vape-Strawberry-watermelon-grape.webp","contentUrl":"https:\/\/vozolvapen.de\/wp-content\/uploads\/2026\/01\/Humo-AZUL-24000-Puffs-Vape-Strawberry-watermelon-grape.webp","width":1200,"height":1200,"caption":"Humo AZUL 24000 Puffs Vape - Strawberry watermelon grape"},{"@type":"BreadcrumbList","@id":"https:\/\/vozolvapen.de\/product\/humo-azul-24000-puffs-vape-strawberry-watermelon-grape\/#breadcrumb","itemListElement":[{"@type":"ListItem","position":1,"name":"Home","item":"https:\/\/vozolvapen.de\/de\/"},{"@type":"ListItem","position":2,"name":"Shop","item":"https:\/\/vozolvapen.de\/shop\/"},{"@type":"ListItem","position":3,"name":"Humo AZUL 24000 Puffs Vape &#8211; Strawberry watermelon grape"}]},{"@type":"WebSite","@id":"https:\/\/vozolvapen.de\/#website","url":"https:\/\/vozolvapen.de\/","name":"vozolvapen","description":"vozolvapen","publisher":{"@id":"https:\/\/vozolvapen.de\/#organization"},"potentialAction":[{"@type":"SearchAction","target":{"@type":"EntryPoint","urlTemplate":"https:\/\/vozolvapen.de\/?s={search_term_string}"},"query-input":{"@type":"PropertyValueSpecification","valueRequired":true,"valueName":"search_term_string"}}],"inLanguage":"pl-PL"},{"@type":"Organization","@id":"https:\/\/vozolvapen.de\/#organization","name":"vozolvapen","url":"https:\/\/vozolvapen.de\/","logo":{"@type":"ImageObject","inLanguage":"pl-PL","@id":"https:\/\/vozolvapen.de\/#\/schema\/logo\/image\/","url":"https:\/\/vozolvapen.de\/wp-content\/uploads\/2025\/12\/cropped-vozovapen-logo.webp","contentUrl":"https:\/\/vozolvapen.de\/wp-content\/uploads\/2025\/12\/cropped-vozovapen-logo.webp","width":470,"height":110,"caption":"vozolvapen"},"image":{"@id":"https:\/\/vozolvapen.de\/#\/schema\/logo\/image\/"}}]}},"tiered_pricing_type":"fixed","tiered_pricing_fixed_rules":{"30":"10.5","50":"8.5","100":"7.5","200":"7"},"tiered_pricing_product_settings":{"layout":"default","base_unit_name":{"singular":null,"plural":null},"default_variation":{}},"tiered_pricing_minimum_quantity":10,"tiered_pricing_roles_data":[],"tiered_pricing_percentage_rules":[],"tiered_pricing_maximum_quantity":null,"tiered_pricing_quantity_step":"10","_links":{"self":[{"href":"http:\/\/vozolvapen.de\/pl\/wp-json\/wp\/v2\/product\/61173","targetHints":{"allow":["GET"]}}],"collection":[{"href":"http:\/\/vozolvapen.de\/pl\/wp-json\/wp\/v2\/product"}],"about":[{"href":"http:\/\/vozolvapen.de\/pl\/wp-json\/wp\/v2\/types\/product"}],"replies":[{"embeddable":true,"href":"http:\/\/vozolvapen.de\/pl\/wp-json\/wp\/v2\/comments?post=61173"}],"wp:featuredmedia":[{"embeddable":true,"href":"http:\/\/vozolvapen.de\/pl\/wp-json\/wp\/v2\/media\/61250"}],"wp:attachment":[{"href":"http:\/\/vozolvapen.de\/pl\/wp-json\/wp\/v2\/media?parent=61173"}],"wp:term":[{"taxonomy":"product_brand","embeddable":true,"href":"http:\/\/vozolvapen.de\/pl\/wp-json\/wp\/v2\/product_brand?post=61173"},{"taxonomy":"product_cat","embeddable":true,"href":"http:\/\/vozolvapen.de\/pl\/wp-json\/wp\/v2\/product_cat?post=61173"},{"taxonomy":"product_tag","embeddable":true,"href":"http:\/\/vozolvapen.de\/pl\/wp-json\/wp\/v2\/product_tag?post=61173"}],"curies":[{"name":"wp","href":"https:\/\/api.w.org\/{rel}","templated":true}]}}