{"id":61297,"date":"2026-01-15T04:01:32","date_gmt":"2026-01-15T04:01:32","guid":{"rendered":"https:\/\/vozolvapen.de\/?post_type=product&#038;p=61297"},"modified":"2026-02-10T10:44:10","modified_gmt":"2026-02-10T10:44:10","slug":"hifancy-dream-45000-45k-puffs-watermelon-ice","status":"publish","type":"product","link":"http:\/\/vozolvapen.de\/pl\/product\/hifancy-dream-45000-45k-puffs-watermelon-ice\/","title":{"rendered":"Hifancy Dream 45000 45K Puffs - Watermelon Ice"},"content":{"rendered":"<h1 data-path-to-node=\"2\"><b data-path-to-node=\"2\" data-index-in-node=\"0\">Hifancy Dream 45000 Watermelon Ice | 45K Puff Vape<\/b><\/h1>\n<p data-path-to-node=\"3\">Poczuj orze\u017awiaj\u0105cy smak soczystego arbuza z g\u0142adkim, lodowym wyko\u0144czeniem. Ciesz si\u0119 nawet 45 000 zaci\u0105gni\u0119\u0107 dzi\u0119ki podw\u00f3jnej cewce siatkowej i regulowanemu przep\u0142ywowi powietrza.<\/p>\n<h2 data-path-to-node=\"4\"><b data-path-to-node=\"4\" data-index-in-node=\"0\">1\ufe0f\u20e3 Opis smaku<\/b><\/h2>\n<p data-path-to-node=\"4\">Watermelon Ice zapewnia czysty i orze\u017awiaj\u0105cy smak arbuza w po\u0142\u0105czeniu z g\u0142adkim lodowym wyko\u0144czeniem. Smak jest soczysty, ale nie przesadnie s\u0142odki, dzi\u0119ki czemu mo\u017cna si\u0119 nim cieszy\u0107 od pierwszego do ostatniego zaci\u0105gni\u0119cia. Dzi\u0119ki podw\u00f3jnej cewce siatkowej i regulowanemu przep\u0142ywowi powietrza, smak ten pozostaje niezmienny przez ca\u0142y okres 45 tys. zaci\u0105gni\u0119\u0107.<\/p>\n<h2 data-path-to-node=\"5\"><b data-path-to-node=\"5\" data-index-in-node=\"0\">2\ufe0f\u20e3 Najwa\u017cniejsze informacje o smaku \/ Uwagi smakowe<\/b><\/h2>\n<ul data-path-to-node=\"6\">\n<li>\n<p data-path-to-node=\"6,0,0\"><b data-path-to-node=\"6,0,0\" data-index-in-node=\"0\">S\u0142odycz:<\/b> Umiarkowany<\/p>\n<\/li>\n<li>\n<p data-path-to-node=\"6,1,0\"><b data-path-to-node=\"6,1,0\" data-index-in-node=\"0\">L\u00f3d \/ Ch\u0142odzenie:<\/b> Silny<\/p>\n<\/li>\n<li>\n<p data-path-to-node=\"6,2,0\"><b data-path-to-node=\"6,2,0\" data-index-in-node=\"0\">Intensywno\u015b\u0107 owoc\u00f3w:<\/b> Wysoki<\/p>\n<\/li>\n<li>\n<p data-path-to-node=\"6,3,0\"><b data-path-to-node=\"6,3,0\" data-index-in-node=\"0\">Remis:<\/b> G\u0142adki<\/p>\n<\/li>\n<li>\n<p data-path-to-node=\"6,4,0\"><b data-path-to-node=\"6,4,0\" data-index-in-node=\"0\">Opcje nikotyny:<\/b> 2%, 3%, 5%<\/p>\n<\/li>\n<\/ul>\n<h2 data-path-to-node=\"7\"><b data-path-to-node=\"7\" data-index-in-node=\"0\">3\ufe0f\u20e3 Hifancy Dream 45000 45K Puffs - Watermelon Ice Specyfikacje produktu<\/b><\/h2>\n<table data-path-to-node=\"3\">\n<thead>\n<tr>\n<td><strong>Parametr<\/strong><\/td>\n<td><strong>Szczeg\u00f3\u0142y<\/strong><\/td>\n<\/tr>\n<\/thead>\n<tbody>\n<tr>\n<td><span data-path-to-node=\"3,1,0,0\"><b data-path-to-node=\"3,1,0,0\" data-index-in-node=\"0\">To\u017csamo\u015b\u0107 serii<\/b><\/span><\/td>\n<td><span data-path-to-node=\"3,1,1,0\"><b data-path-to-node=\"3,1,1,0\" data-index-in-node=\"0\">Hifancy Dream 45000<\/b><\/span><\/td>\n<\/tr>\n<tr>\n<td><span data-path-to-node=\"3,2,0,0\"><b data-path-to-node=\"3,2,0,0\" data-index-in-node=\"0\">Profil smakowy<\/b><\/span><\/td>\n<td><span data-path-to-node=\"3,2,1,0\">Arktyczny arbuz Sub-Zero<\/span><\/td>\n<\/tr>\n<tr>\n<td><span data-path-to-node=\"3,3,0,0\"><b data-path-to-node=\"3,3,0,0\" data-index-in-node=\"0\">Pojemno\u015b\u0107 dmuchawy<\/b><\/span><\/td>\n<td><span data-path-to-node=\"3,3,1,0\">Do 45 000 zaci\u0105gni\u0119\u0107<\/span><\/td>\n<\/tr>\n<tr>\n<td><span data-path-to-node=\"3,4,0,0\"><b data-path-to-node=\"3,4,0,0\" data-index-in-node=\"0\">Zbiornik e-liquidu<\/b><\/span><\/td>\n<td><span data-path-to-node=\"3,4,1,0\">35ML Jumbo Pod<\/span><\/td>\n<\/tr>\n<tr>\n<td><span data-path-to-node=\"3,5,0,0\"><b data-path-to-node=\"3,5,0,0\" data-index-in-node=\"0\">Architektura cewki<\/b><\/span><\/td>\n<td><span data-path-to-node=\"3,5,1,0\">Dual Mesh 1.0\u03a9 (szybkie nasycenie)<\/span><\/td>\n<\/tr>\n<tr>\n<td><span data-path-to-node=\"3,6,0,0\"><b data-path-to-node=\"3,6,0,0\" data-index-in-node=\"0\">Styl przep\u0142ywu powietrza<\/b><\/span><\/td>\n<td><span data-path-to-node=\"3,6,1,0\"><b data-path-to-node=\"3,6,1,0\" data-index-in-node=\"0\">Regulowany<\/b> (Najlepsze w Wide Open for Ice)<\/span><\/td>\n<\/tr>\n<tr>\n<td><span data-path-to-node=\"3,7,0,0\"><b data-path-to-node=\"3,7,0,0\" data-index-in-node=\"0\">Zawarto\u015b\u0107 nikotyny<\/b><\/span><\/td>\n<td><span data-path-to-node=\"3,7,1,0\">2% \/ 3% \/ 5% Opcje<\/span><\/td>\n<\/tr>\n<\/tbody>\n<\/table>\n<h2 data-path-to-node=\"8\"><b data-path-to-node=\"8\" data-index-in-node=\"0\">4\ufe0f\u20e3 Idealne zastosowanie i scenariusze<\/b><\/h2>\n<ul data-path-to-node=\"9\">\n<li>\n<p data-path-to-node=\"9,0,0\">G\u0142adki, orze\u017awiaj\u0105cy smak przez ca\u0142y dzie\u0144<\/p>\n<\/li>\n<li>\n<p data-path-to-node=\"9,1,0\">Idealny na lato i sesje plenerowe<\/p>\n<\/li>\n<\/ul>\n<h3 data-path-to-node=\"83\"><b data-path-to-node=\"83\" data-index-in-node=\"0\">5\ufe0f\u20e3 Standardowe FAQ (dotyczy wszystkich smak\u00f3w Hifancy Dream 45000)<\/b><\/h3>\n<ul data-path-to-node=\"84\">\n<li>\n<p data-path-to-node=\"84,0,0\"><b data-path-to-node=\"84,0,0\" data-index-in-node=\"0\">Ile zaci\u0105gni\u0119\u0107 zapewnia to urz\u0105dzenie?<\/b> Do 45 000 zaci\u0105gni\u0119\u0107 na urz\u0105dzenie w zale\u017cno\u015bci od nawyk\u00f3w u\u017cytkowania.<\/p>\n<\/li>\n<li>\n<p data-path-to-node=\"84,1,0\"><b data-path-to-node=\"84,1,0\" data-index-in-node=\"0\">Czy vape Hifancy Dream mo\u017cna \u0142adowa\u0107?<\/b> Tak, jest wyposa\u017cony w akumulator o pojemno\u015bci 650 mAh z portem typu C.<\/p>\n<\/li>\n<li>\n<p data-path-to-node=\"84,2,0\"><b data-path-to-node=\"84,2,0\" data-index-in-node=\"0\">Czy mog\u0119 regulowa\u0107 przep\u0142yw powietrza?<\/b> Tak, dolny prze\u0142\u0105cznik pozwala prze\u0142\u0105cza\u0107 si\u0119 mi\u0119dzy ciasnym (MTL) lub przewiewnym (DTL) zaci\u0105ganiem.<\/p>\n<\/li>\n<li>\n<p data-path-to-node=\"84,3,0\"><b data-path-to-node=\"84,3,0\" data-index-in-node=\"0\">Jakie st\u0119\u017cenia nikotyny s\u0105 dost\u0119pne?<\/b> Oferujemy poziomy nikotyny 2%, 3% i 5%, aby zaspokoi\u0107 wszystkie preferencje.<\/p>\n<\/li>\n<\/ul>\n<h3 dir=\"auto\">Oto dalsze zalecenia dla Ciebie:<\/h3>\n<p dir=\"auto\">Odkryj jeszcze wi\u0119cej niesamowitych smak\u00f3w dzi\u0119ki Hifancy Dream 45000 Puff Vape!<\/p>\n<p dir=\"auto\"><a href=\"https:\/\/vozolvapen.de\/pl\/product-category\/hifancy-vape\/hifancy-dream-45000-puffs-vape\/\" target=\"_blank\" rel=\"noopener noreferrer nofollow\">Zobacz wszystkie odmiany tutaj \u2192<\/a><\/p>\n<p dir=\"auto\">Zapoznaj si\u0119 z nasz\u0105 pe\u0142n\u0105 kolekcj\u0105 i kupuj produkty najlepszych marek vape, kt\u00f3re pokochasz.<\/p>\n<p dir=\"auto\"><a href=\"https:\/\/vozolvapen.de\/pl\/\" target=\"_blank\" rel=\"noopener noreferrer nofollow\">Przegl\u0105daj teraz wszystkie marki \u2192<\/a><\/p>\n<p dir=\"auto\">Sprawd\u017a ca\u0142\u0105 seri\u0119 Hifancy Vape - ka\u017cdy smak, ka\u017cdy styl!<\/p>\n<p dir=\"auto\"><a href=\"https:\/\/vozolvapen.de\/pl\/product-category\/hifancy-vape\/\" target=\"_blank\" rel=\"noopener noreferrer nofollow\">Zobacz pe\u0142n\u0105 kolekcj\u0119 Hifancy Vape \u2192<\/a><\/p>","protected":false},"excerpt":{"rendered":"<p>Od\u015bwie\u017caj\u0105cy gigant. The <b data-path-to-node=\"3,2,0\" data-index-in-node=\"43\">Arbuzowy l\u00f3d Hifancy Dream 45000<\/b> zapewnia rze\u015bki, melonowy podmuch poni\u017cej zera na rekordowym poziomie <b data-path-to-node=\"3,2,0\" data-index-in-node=\"142\">45k puff<\/b> \u017cywotno\u015b\u0107, zasilany 35 ml najwy\u017cszej jako\u015bci e-liquidu.<\/p>","protected":false},"featured_media":61638,"comment_status":"open","ping_status":"closed","template":"","meta":{"_acf_changed":false},"product_brand":[],"product_cat":[134,119],"product_tag":[],"class_list":{"0":"post-61297","1":"product","2":"type-product","3":"status-publish","4":"has-post-thumbnail","6":"product_cat-eu-warehouse-in-stock","7":"product_cat-hifancy-dream-45000-puffs-vape","9":"first","10":"instock","11":"shipping-taxable","12":"purchasable","13":"product-type-variable"},"acf":[],"yoast_head":"<!-- This site is optimized with the Yoast SEO Premium plugin v26.1 (Yoast SEO v27.5) - https:\/\/yoast.com\/product\/yoast-seo-premium-wordpress\/ -->\n<title>Watermelon Ice Hifancy Dream 45000 | 45K Puff Disposable Vape - vozolvapen<\/title>\n<meta name=\"description\" content=\"Shop the Watermelon Ice Hifancy Dream 45000. Features 45,000 puffs, a 35ML capacity, and dual mesh coils for the ultimate icy melon experience.\" \/>\n<meta name=\"robots\" content=\"index, follow, max-snippet:-1, max-image-preview:large, max-video-preview:-1\" \/>\n<link rel=\"canonical\" href=\"https:\/\/vozolvapen.de\/pl\/product\/hifancy-dream-45000-45k-puffs-watermelon-ice\/\" \/>\n<meta property=\"og:locale\" content=\"pl_PL\" \/>\n<meta property=\"og:type\" content=\"article\" \/>\n<meta property=\"og:title\" content=\"Hifancy Dream 45000 45K Puffs - Watermelon Ice\" \/>\n<meta property=\"og:description\" content=\"Shop the Watermelon Ice Hifancy Dream 45000. Features 45,000 puffs, a 35ML capacity, and dual mesh coils for the ultimate icy melon experience.\" \/>\n<meta property=\"og:url\" content=\"https:\/\/vozolvapen.de\/pl\/product\/hifancy-dream-45000-45k-puffs-watermelon-ice\/\" \/>\n<meta property=\"og:site_name\" content=\"vozolvapen\" \/>\n<meta property=\"article:modified_time\" content=\"2026-02-10T10:44:10+00:00\" \/>\n<meta property=\"og:image\" content=\"https:\/\/vozolvapen.de\/wp-content\/uploads\/2026\/01\/Hifancy-Dream-45000-45K-Puffs-Watermelon-Ice-2.webp\" \/>\n\t<meta property=\"og:image:width\" content=\"1000\" \/>\n\t<meta property=\"og:image:height\" content=\"1000\" \/>\n\t<meta property=\"og:image:type\" content=\"image\/webp\" \/>\n<meta name=\"twitter:card\" content=\"summary_large_image\" \/>\n<meta name=\"twitter:label1\" content=\"Szacowany czas czytania\" \/>\n\t<meta name=\"twitter:data1\" content=\"2 minuty\" \/>\n<script type=\"application\/ld+json\" class=\"yoast-schema-graph\">{\"@context\":\"https:\\\/\\\/schema.org\",\"@graph\":[{\"@type\":\"WebPage\",\"@id\":\"https:\\\/\\\/vozolvapen.de\\\/product\\\/hifancy-dream-45000-45k-puffs-watermelon-ice\\\/\",\"url\":\"https:\\\/\\\/vozolvapen.de\\\/product\\\/hifancy-dream-45000-45k-puffs-watermelon-ice\\\/\",\"name\":\"Watermelon Ice Hifancy Dream 45000 | 45K Puff Disposable Vape - vozolvapen\",\"isPartOf\":{\"@id\":\"https:\\\/\\\/vozolvapen.de\\\/#website\"},\"primaryImageOfPage\":{\"@id\":\"https:\\\/\\\/vozolvapen.de\\\/product\\\/hifancy-dream-45000-45k-puffs-watermelon-ice\\\/#primaryimage\"},\"image\":{\"@id\":\"https:\\\/\\\/vozolvapen.de\\\/product\\\/hifancy-dream-45000-45k-puffs-watermelon-ice\\\/#primaryimage\"},\"thumbnailUrl\":\"https:\\\/\\\/vozolvapen.de\\\/wp-content\\\/uploads\\\/2026\\\/01\\\/Hifancy-Dream-45000-45K-Puffs-Watermelon-Ice-2.webp\",\"datePublished\":\"2026-01-15T04:01:32+00:00\",\"dateModified\":\"2026-02-10T10:44:10+00:00\",\"description\":\"Shop the Watermelon Ice Hifancy Dream 45000. Features 45,000 puffs, a 35ML capacity, and dual mesh coils for the ultimate icy melon experience.\",\"breadcrumb\":{\"@id\":\"https:\\\/\\\/vozolvapen.de\\\/product\\\/hifancy-dream-45000-45k-puffs-watermelon-ice\\\/#breadcrumb\"},\"inLanguage\":\"pl-PL\",\"potentialAction\":[{\"@type\":\"ReadAction\",\"target\":[\"https:\\\/\\\/vozolvapen.de\\\/product\\\/hifancy-dream-45000-45k-puffs-watermelon-ice\\\/\"]}]},{\"@type\":\"ImageObject\",\"inLanguage\":\"pl-PL\",\"@id\":\"https:\\\/\\\/vozolvapen.de\\\/product\\\/hifancy-dream-45000-45k-puffs-watermelon-ice\\\/#primaryimage\",\"url\":\"https:\\\/\\\/vozolvapen.de\\\/wp-content\\\/uploads\\\/2026\\\/01\\\/Hifancy-Dream-45000-45K-Puffs-Watermelon-Ice-2.webp\",\"contentUrl\":\"https:\\\/\\\/vozolvapen.de\\\/wp-content\\\/uploads\\\/2026\\\/01\\\/Hifancy-Dream-45000-45K-Puffs-Watermelon-Ice-2.webp\",\"width\":1000,\"height\":1000,\"caption\":\"Hifancy Dream 45000 45K Puffs - Watermelon Ice (2)\"},{\"@type\":\"BreadcrumbList\",\"@id\":\"https:\\\/\\\/vozolvapen.de\\\/product\\\/hifancy-dream-45000-45k-puffs-watermelon-ice\\\/#breadcrumb\",\"itemListElement\":[{\"@type\":\"ListItem\",\"position\":1,\"name\":\"Home\",\"item\":\"https:\\\/\\\/vozolvapen.de\\\/de\\\/\"},{\"@type\":\"ListItem\",\"position\":2,\"name\":\"Shop\",\"item\":\"https:\\\/\\\/vozolvapen.de\\\/shop\\\/\"},{\"@type\":\"ListItem\",\"position\":3,\"name\":\"Hifancy Dream 45000 45K Puffs &#8211; Watermelon Ice\"}]},{\"@type\":\"WebSite\",\"@id\":\"https:\\\/\\\/vozolvapen.de\\\/#website\",\"url\":\"https:\\\/\\\/vozolvapen.de\\\/\",\"name\":\"vozolvapen\",\"description\":\"vozolvapen\",\"publisher\":{\"@id\":\"https:\\\/\\\/vozolvapen.de\\\/#organization\"},\"potentialAction\":[{\"@type\":\"SearchAction\",\"target\":{\"@type\":\"EntryPoint\",\"urlTemplate\":\"https:\\\/\\\/vozolvapen.de\\\/?s={search_term_string}\"},\"query-input\":{\"@type\":\"PropertyValueSpecification\",\"valueRequired\":true,\"valueName\":\"search_term_string\"}}],\"inLanguage\":\"pl-PL\"},{\"@type\":\"Organization\",\"@id\":\"https:\\\/\\\/vozolvapen.de\\\/#organization\",\"name\":\"vozolvapen\",\"url\":\"https:\\\/\\\/vozolvapen.de\\\/\",\"logo\":{\"@type\":\"ImageObject\",\"inLanguage\":\"pl-PL\",\"@id\":\"https:\\\/\\\/vozolvapen.de\\\/#\\\/schema\\\/logo\\\/image\\\/\",\"url\":\"https:\\\/\\\/vozolvapen.de\\\/wp-content\\\/uploads\\\/2025\\\/12\\\/cropped-vozovapen-logo.webp\",\"contentUrl\":\"https:\\\/\\\/vozolvapen.de\\\/wp-content\\\/uploads\\\/2025\\\/12\\\/cropped-vozovapen-logo.webp\",\"width\":470,\"height\":110,\"caption\":\"vozolvapen\"},\"image\":{\"@id\":\"https:\\\/\\\/vozolvapen.de\\\/#\\\/schema\\\/logo\\\/image\\\/\"}}]}<\/script>\n<!-- \/ Yoast SEO Premium plugin. -->","yoast_head_json":{"title":"Watermelon Ice Hifancy Dream 45000 | 45K Puff jednorazowy Vape - vozolvapen","description":"Kup fajk\u0119 Watermelon Ice Hifancy Dream 45000. Wyposa\u017cony w 45 000 zaci\u0105gni\u0119\u0107, pojemno\u015b\u0107 35 ml i podw\u00f3jne cewki siatkowe zapewniaj\u0105ce doskona\u0142e doznania lodowego melona.","robots":{"index":"index","follow":"follow","max-snippet":"max-snippet:-1","max-image-preview":"max-image-preview:large","max-video-preview":"max-video-preview:-1"},"canonical":"https:\/\/vozolvapen.de\/pl\/product\/hifancy-dream-45000-45k-puffs-watermelon-ice\/","og_locale":"pl_PL","og_type":"article","og_title":"Hifancy Dream 45000 45K Puffs - Watermelon Ice","og_description":"Shop the Watermelon Ice Hifancy Dream 45000. Features 45,000 puffs, a 35ML capacity, and dual mesh coils for the ultimate icy melon experience.","og_url":"https:\/\/vozolvapen.de\/pl\/product\/hifancy-dream-45000-45k-puffs-watermelon-ice\/","og_site_name":"vozolvapen","article_modified_time":"2026-02-10T10:44:10+00:00","og_image":[{"width":1000,"height":1000,"url":"https:\/\/vozolvapen.de\/wp-content\/uploads\/2026\/01\/Hifancy-Dream-45000-45K-Puffs-Watermelon-Ice-2.webp","type":"image\/webp"}],"twitter_card":"summary_large_image","twitter_misc":{"Szacowany czas czytania":"2 minuty"},"schema":{"@context":"https:\/\/schema.org","@graph":[{"@type":"WebPage","@id":"https:\/\/vozolvapen.de\/product\/hifancy-dream-45000-45k-puffs-watermelon-ice\/","url":"https:\/\/vozolvapen.de\/product\/hifancy-dream-45000-45k-puffs-watermelon-ice\/","name":"Watermelon Ice Hifancy Dream 45000 | 45K Puff jednorazowy Vape - vozolvapen","isPartOf":{"@id":"https:\/\/vozolvapen.de\/#website"},"primaryImageOfPage":{"@id":"https:\/\/vozolvapen.de\/product\/hifancy-dream-45000-45k-puffs-watermelon-ice\/#primaryimage"},"image":{"@id":"https:\/\/vozolvapen.de\/product\/hifancy-dream-45000-45k-puffs-watermelon-ice\/#primaryimage"},"thumbnailUrl":"https:\/\/vozolvapen.de\/wp-content\/uploads\/2026\/01\/Hifancy-Dream-45000-45K-Puffs-Watermelon-Ice-2.webp","datePublished":"2026-01-15T04:01:32+00:00","dateModified":"2026-02-10T10:44:10+00:00","description":"Kup fajk\u0119 Watermelon Ice Hifancy Dream 45000. Wyposa\u017cony w 45 000 zaci\u0105gni\u0119\u0107, pojemno\u015b\u0107 35 ml i podw\u00f3jne cewki siatkowe zapewniaj\u0105ce doskona\u0142e doznania lodowego melona.","breadcrumb":{"@id":"https:\/\/vozolvapen.de\/product\/hifancy-dream-45000-45k-puffs-watermelon-ice\/#breadcrumb"},"inLanguage":"pl-PL","potentialAction":[{"@type":"ReadAction","target":["https:\/\/vozolvapen.de\/product\/hifancy-dream-45000-45k-puffs-watermelon-ice\/"]}]},{"@type":"ImageObject","inLanguage":"pl-PL","@id":"https:\/\/vozolvapen.de\/product\/hifancy-dream-45000-45k-puffs-watermelon-ice\/#primaryimage","url":"https:\/\/vozolvapen.de\/wp-content\/uploads\/2026\/01\/Hifancy-Dream-45000-45K-Puffs-Watermelon-Ice-2.webp","contentUrl":"https:\/\/vozolvapen.de\/wp-content\/uploads\/2026\/01\/Hifancy-Dream-45000-45K-Puffs-Watermelon-Ice-2.webp","width":1000,"height":1000,"caption":"Hifancy Dream 45000 45K Puffs - Watermelon Ice (2)"},{"@type":"BreadcrumbList","@id":"https:\/\/vozolvapen.de\/product\/hifancy-dream-45000-45k-puffs-watermelon-ice\/#breadcrumb","itemListElement":[{"@type":"ListItem","position":1,"name":"Home","item":"https:\/\/vozolvapen.de\/de\/"},{"@type":"ListItem","position":2,"name":"Shop","item":"https:\/\/vozolvapen.de\/shop\/"},{"@type":"ListItem","position":3,"name":"Hifancy Dream 45000 45K Puffs &#8211; Watermelon Ice"}]},{"@type":"WebSite","@id":"https:\/\/vozolvapen.de\/#website","url":"https:\/\/vozolvapen.de\/","name":"vozolvapen","description":"vozolvapen","publisher":{"@id":"https:\/\/vozolvapen.de\/#organization"},"potentialAction":[{"@type":"SearchAction","target":{"@type":"EntryPoint","urlTemplate":"https:\/\/vozolvapen.de\/?s={search_term_string}"},"query-input":{"@type":"PropertyValueSpecification","valueRequired":true,"valueName":"search_term_string"}}],"inLanguage":"pl-PL"},{"@type":"Organization","@id":"https:\/\/vozolvapen.de\/#organization","name":"vozolvapen","url":"https:\/\/vozolvapen.de\/","logo":{"@type":"ImageObject","inLanguage":"pl-PL","@id":"https:\/\/vozolvapen.de\/#\/schema\/logo\/image\/","url":"https:\/\/vozolvapen.de\/wp-content\/uploads\/2025\/12\/cropped-vozovapen-logo.webp","contentUrl":"https:\/\/vozolvapen.de\/wp-content\/uploads\/2025\/12\/cropped-vozovapen-logo.webp","width":470,"height":110,"caption":"vozolvapen"},"image":{"@id":"https:\/\/vozolvapen.de\/#\/schema\/logo\/image\/"}}]}},"tiered_pricing_type":"fixed","tiered_pricing_fixed_rules":{"30":"13.36","50":"10.25","100":"9.5","200":"8.5"},"tiered_pricing_product_settings":{"layout":"default","base_unit_name":{"singular":null,"plural":null},"default_variation":{}},"tiered_pricing_minimum_quantity":10,"tiered_pricing_roles_data":[],"tiered_pricing_percentage_rules":[],"tiered_pricing_maximum_quantity":null,"tiered_pricing_quantity_step":"10","_links":{"self":[{"href":"http:\/\/vozolvapen.de\/pl\/wp-json\/wp\/v2\/product\/61297","targetHints":{"allow":["GET"]}}],"collection":[{"href":"http:\/\/vozolvapen.de\/pl\/wp-json\/wp\/v2\/product"}],"about":[{"href":"http:\/\/vozolvapen.de\/pl\/wp-json\/wp\/v2\/types\/product"}],"replies":[{"embeddable":true,"href":"http:\/\/vozolvapen.de\/pl\/wp-json\/wp\/v2\/comments?post=61297"}],"wp:featuredmedia":[{"embeddable":true,"href":"http:\/\/vozolvapen.de\/pl\/wp-json\/wp\/v2\/media\/61638"}],"wp:attachment":[{"href":"http:\/\/vozolvapen.de\/pl\/wp-json\/wp\/v2\/media?parent=61297"}],"wp:term":[{"taxonomy":"product_brand","embeddable":true,"href":"http:\/\/vozolvapen.de\/pl\/wp-json\/wp\/v2\/product_brand?post=61297"},{"taxonomy":"product_cat","embeddable":true,"href":"http:\/\/vozolvapen.de\/pl\/wp-json\/wp\/v2\/product_cat?post=61297"},{"taxonomy":"product_tag","embeddable":true,"href":"http:\/\/vozolvapen.de\/pl\/wp-json\/wp\/v2\/product_tag?post=61297"}],"curies":[{"name":"wp","href":"https:\/\/api.w.org\/{rel}","templated":true}]}}