{"id":61603,"date":"2026-01-15T04:01:49","date_gmt":"2026-01-15T04:01:49","guid":{"rendered":"https:\/\/vozolvapen.de\/?post_type=product&#038;p=61603"},"modified":"2026-02-10T10:39:37","modified_gmt":"2026-02-10T10:39:37","slug":"hifancy-dream-45000-45k-puffs-lemon-lime","status":"publish","type":"product","link":"http:\/\/vozolvapen.de\/pl\/product\/hifancy-dream-45000-45k-puffs-lemon-lime\/","title":{"rendered":"Hifancy Dream 45000 45K Puffs - Lemon Lime"},"content":{"rendered":"<h1 data-path-to-node=\"75\"><b data-path-to-node=\"75\" data-index-in-node=\"0\">Hifancy Dream 45000 Lemon Lime | 45K Puff Vape<\/b><\/h1>\n<p data-path-to-node=\"76\">Ostry, pikantny duet cytrus\u00f3w, kt\u00f3ry oczyszcza podniebienie. Rozkoszuj si\u0119 45 000 zaci\u0105gni\u0119\u0107 jasnym cytrynowym i limonkowym posmakiem.<\/p>\n<h2 data-path-to-node=\"77\"><b data-path-to-node=\"77\" data-index-in-node=\"0\">1\ufe0f\u20e3 Opis smaku<\/b><\/h2>\n<p data-path-to-node=\"77\">Lemon Lime to najlepszy \u015brodek oczyszczaj\u0105cy podniebienie. Jest to jasna, pikantna i nies\u0142odka mieszanka cytrus\u00f3w, kt\u00f3ra dzia\u0142a jak doskona\u0142y \u201creset\u201d. Regulowany przep\u0142yw powietrza pozwala wybra\u0107 ostro\u015b\u0107 limonki, aby uzyska\u0107 spersonalizowane uderzenie.<\/p>\n<h2 data-path-to-node=\"78\"><b data-path-to-node=\"78\" data-index-in-node=\"0\">2\ufe0f\u20e3 Najwa\u017cniejsze informacje o smaku \/ Uwagi smakowe<\/b><\/h2>\n<ul data-path-to-node=\"79\">\n<li>\n<p data-path-to-node=\"79,0,0\"><b data-path-to-node=\"79,0,0\" data-index-in-node=\"0\">S\u0142odycz:<\/b> Niski<\/p>\n<\/li>\n<li>\n<p data-path-to-node=\"79,1,0\"><b data-path-to-node=\"79,1,0\" data-index-in-node=\"0\">L\u00f3d \/ Ch\u0142odzenie:<\/b> Umiarkowany<\/p>\n<\/li>\n<li>\n<p data-path-to-node=\"79,2,0\"><b data-path-to-node=\"79,2,0\" data-index-in-node=\"0\">Citrus Tang:<\/b> Maksimum<\/p>\n<\/li>\n<li>\n<p data-path-to-node=\"79,3,0\"><b data-path-to-node=\"79,3,0\" data-index-in-node=\"0\">Remis:<\/b> Ostry i czysty<\/p>\n<\/li>\n<\/ul>\n<h2 data-path-to-node=\"7\"><b data-path-to-node=\"7\" data-index-in-node=\"0\">3\ufe0f\u20e3 Hifancy Dream 45000 45K Puffs - Lemon Lime Specyfikacje produktu<\/b><\/h2>\n<table data-path-to-node=\"21\">\n<thead>\n<tr>\n<td><strong>Parametr<\/strong><\/td>\n<td><strong>Szczeg\u00f3\u0142y<\/strong><\/td>\n<\/tr>\n<\/thead>\n<tbody>\n<tr>\n<td><span data-path-to-node=\"21,1,0,0\"><b data-path-to-node=\"21,1,0,0\" data-index-in-node=\"0\">To\u017csamo\u015b\u0107 serii<\/b><\/span><\/td>\n<td><span data-path-to-node=\"21,1,1,0\"><b data-path-to-node=\"21,1,1,0\" data-index-in-node=\"0\">Seria Hifancy 45000 Zest<\/b><\/span><\/td>\n<\/tr>\n<tr>\n<td><span data-path-to-node=\"21,2,0,0\"><b data-path-to-node=\"21,2,0,0\" data-index-in-node=\"0\">Profil smakowy<\/b><\/span><\/td>\n<td><span data-path-to-node=\"21,2,1,0\">Ostra cytryna i pikantna sk\u00f3rka limonki<\/span><\/td>\n<\/tr>\n<tr>\n<td><span data-path-to-node=\"21,3,0,0\"><b data-path-to-node=\"21,3,0,0\" data-index-in-node=\"0\">Uczucie podniebienia<\/b><\/span><\/td>\n<td><span data-path-to-node=\"21,3,1,0\">Jasny \/ Ostry \/ Czysty<\/span><\/td>\n<\/tr>\n<tr>\n<td><span data-path-to-node=\"21,4,0,0\"><b data-path-to-node=\"21,4,0,0\" data-index-in-node=\"0\">Si\u0142a nikotyny<\/b><\/span><\/td>\n<td><span data-path-to-node=\"21,4,1,0\">2% \/ 3% \/ 5%<\/span><\/td>\n<\/tr>\n<tr>\n<td><span data-path-to-node=\"21,5,0,0\"><b data-path-to-node=\"21,5,0,0\" data-index-in-node=\"0\">Puff Count<\/b><\/span><\/td>\n<td><span data-path-to-node=\"21,5,1,0\">45,000 Puffs<\/span><\/td>\n<\/tr>\n<tr>\n<td><span data-path-to-node=\"21,6,0,0\"><b data-path-to-node=\"21,6,0,0\" data-index-in-node=\"0\">Regulowany przep\u0142yw powietrza<\/b><\/span><\/td>\n<td><span data-path-to-node=\"21,6,1,0\">Wysoki (najlepszy dla ostrego cytrusowego uderzenia)<\/span><\/td>\n<\/tr>\n<tr>\n<td><span data-path-to-node=\"21,7,0,0\"><b data-path-to-node=\"21,7,0,0\" data-index-in-node=\"0\">Pojemno\u015b\u0107<\/b><\/span><\/td>\n<td><span data-path-to-node=\"21,7,1,0\">Zbiornik zapobiegaj\u0105cy wyciekom 35 ml<\/span><\/td>\n<\/tr>\n<\/tbody>\n<\/table>\n<h2 data-path-to-node=\"80\"><b data-path-to-node=\"80\" data-index-in-node=\"0\">4\ufe0f\u20e3 Idealne zastosowanie i scenariusze<\/b><\/h2>\n<ul data-path-to-node=\"81\">\n<li>\n<p data-path-to-node=\"81,0,0\">Vaping podczas pracy dla \u201cczystego\u201d skupienia<\/p>\n<\/li>\n<li>\n<p data-path-to-node=\"81,1,0\">Oczyszczanie podniebienia mi\u0119dzy r\u00f3\u017cnymi ci\u0119\u017ckimi smakami<\/p>\n<\/li>\n<\/ul>\n<h3 data-path-to-node=\"83\"><b data-path-to-node=\"83\" data-index-in-node=\"0\">5\ufe0f\u20e3 Standardowe FAQ (dotyczy wszystkich smak\u00f3w Hifancy Dream 45000)<\/b><\/h3>\n<ul data-path-to-node=\"84\">\n<li>\n<p data-path-to-node=\"84,0,0\"><b data-path-to-node=\"84,0,0\" data-index-in-node=\"0\">Ile zaci\u0105gni\u0119\u0107 zapewnia to urz\u0105dzenie?<\/b> Do 45 000 zaci\u0105gni\u0119\u0107 na urz\u0105dzenie w zale\u017cno\u015bci od nawyk\u00f3w u\u017cytkowania.<\/p>\n<\/li>\n<li>\n<p data-path-to-node=\"84,1,0\"><b data-path-to-node=\"84,1,0\" data-index-in-node=\"0\">Czy vape Hifancy Dream mo\u017cna \u0142adowa\u0107?<\/b> Tak, jest wyposa\u017cony w akumulator o pojemno\u015bci 650 mAh z portem typu C.<\/p>\n<\/li>\n<li>\n<p data-path-to-node=\"84,2,0\"><b data-path-to-node=\"84,2,0\" data-index-in-node=\"0\">Czy mog\u0119 regulowa\u0107 przep\u0142yw powietrza?<\/b> Tak, dolny prze\u0142\u0105cznik pozwala prze\u0142\u0105cza\u0107 si\u0119 mi\u0119dzy ciasnym (MTL) lub przewiewnym (DTL) zaci\u0105ganiem.<\/p>\n<\/li>\n<li>\n<p data-path-to-node=\"84,3,0\"><b data-path-to-node=\"84,3,0\" data-index-in-node=\"0\">Jakie st\u0119\u017cenia nikotyny s\u0105 dost\u0119pne?<\/b> Oferujemy poziomy nikotyny 2%, 3% i 5%, aby zaspokoi\u0107 wszystkie preferencje.<\/p>\n<\/li>\n<\/ul>\n<h3 dir=\"auto\">Oto dalsze zalecenia dla Ciebie:<\/h3>\n<p dir=\"auto\">Odkryj jeszcze wi\u0119cej niesamowitych smak\u00f3w dzi\u0119ki Hifancy Dream 45000 Puff Vape!<\/p>\n<p dir=\"auto\"><a href=\"https:\/\/vozolvapen.de\/pl\/product-category\/hifancy-vape\/hifancy-dream-45000-puffs-vape\/\" target=\"_blank\" rel=\"noopener noreferrer nofollow\">Zobacz wszystkie odmiany tutaj \u2192<\/a><\/p>\n<p dir=\"auto\">Zapoznaj si\u0119 z nasz\u0105 pe\u0142n\u0105 kolekcj\u0105 i kupuj produkty najlepszych marek vape, kt\u00f3re pokochasz.<\/p>\n<p dir=\"auto\"><a href=\"https:\/\/vozolvapen.de\/pl\/\" target=\"_blank\" rel=\"noopener noreferrer nofollow\">Przegl\u0105daj teraz wszystkie marki \u2192<\/a><\/p>\n<p dir=\"auto\">Sprawd\u017a ca\u0142\u0105 seri\u0119 Hifancy Vape - ka\u017cdy smak, ka\u017cdy styl!<\/p>\n<p dir=\"auto\"><a href=\"https:\/\/vozolvapen.de\/pl\/product-category\/hifancy-vape\/\" target=\"_blank\" rel=\"noopener noreferrer nofollow\">Zobacz pe\u0142n\u0105 kolekcj\u0119 Hifancy Vape \u2192<\/a><\/p>","protected":false},"excerpt":{"rendered":"<p>Pikantny i orze\u017awiaj\u0105cy. <b data-path-to-node=\"21,2,0\" data-index-in-node=\"41\">Lemon Lime<\/b> to najlepszy \u015brodek oczyszczaj\u0105cy podniebienie dla <b data-path-to-node=\"21,2,0\" data-index-in-node=\"92\">HIFANCY 45k<\/b> Seria oferuje ostry, jasny cytrusowy posmak, kt\u00f3ry nigdy nie zanika. <b data-path-to-node=\"21,2,0\" data-index-in-node=\"173\">45 000 zaci\u0105gni\u0119\u0107<\/b>.<\/p>","protected":false},"featured_media":61656,"comment_status":"open","ping_status":"closed","template":"","meta":{"_acf_changed":false},"product_brand":[],"product_cat":[134,119],"product_tag":[],"class_list":{"0":"post-61603","1":"product","2":"type-product","3":"status-publish","4":"has-post-thumbnail","6":"product_cat-eu-warehouse-in-stock","7":"product_cat-hifancy-dream-45000-puffs-vape","9":"first","10":"instock","11":"shipping-taxable","12":"purchasable","13":"product-type-variable"},"acf":[],"yoast_head":"<!-- This site is optimized with the Yoast SEO Premium plugin v26.1 (Yoast SEO v27.5) - https:\/\/yoast.com\/product\/yoast-seo-premium-wordpress\/ -->\n<title>Lemon Lime Hifancy Dream 45000 | Zesty Citrus 45K Vape - vozolvapen<\/title>\n<meta name=\"description\" content=\"Sharp Lemon Lime Hifancy 45000. 45k puffs of bright citrus zest. Adjustable airflow for the perfect MTL\/DTL 45,000 puff experience.\" \/>\n<meta name=\"robots\" content=\"index, follow, max-snippet:-1, max-image-preview:large, max-video-preview:-1\" \/>\n<link rel=\"canonical\" href=\"https:\/\/vozolvapen.de\/pl\/product\/hifancy-dream-45000-45k-puffs-lemon-lime\/\" \/>\n<meta property=\"og:locale\" content=\"pl_PL\" \/>\n<meta property=\"og:type\" content=\"article\" \/>\n<meta property=\"og:title\" content=\"Hifancy Dream 45000 45K Puffs - Lemon Lime\" \/>\n<meta property=\"og:description\" content=\"Sharp Lemon Lime Hifancy 45000. 45k puffs of bright citrus zest. Adjustable airflow for the perfect MTL\/DTL 45,000 puff experience.\" \/>\n<meta property=\"og:url\" content=\"https:\/\/vozolvapen.de\/pl\/product\/hifancy-dream-45000-45k-puffs-lemon-lime\/\" \/>\n<meta property=\"og:site_name\" content=\"vozolvapen\" \/>\n<meta property=\"article:modified_time\" content=\"2026-02-10T10:39:37+00:00\" \/>\n<meta property=\"og:image\" content=\"https:\/\/vozolvapen.de\/wp-content\/uploads\/2026\/01\/Hifancy-Dream-45000-45K-Puffs-Lemon-Lime-2.webp\" \/>\n\t<meta property=\"og:image:width\" content=\"1000\" \/>\n\t<meta property=\"og:image:height\" content=\"1000\" \/>\n\t<meta property=\"og:image:type\" content=\"image\/webp\" \/>\n<meta name=\"twitter:card\" content=\"summary_large_image\" \/>\n<meta name=\"twitter:label1\" content=\"Szacowany czas czytania\" \/>\n\t<meta name=\"twitter:data1\" content=\"2 minuty\" \/>\n<script type=\"application\/ld+json\" class=\"yoast-schema-graph\">{\"@context\":\"https:\\\/\\\/schema.org\",\"@graph\":[{\"@type\":\"WebPage\",\"@id\":\"https:\\\/\\\/vozolvapen.de\\\/product\\\/hifancy-dream-45000-45k-puffs-lemon-lime\\\/\",\"url\":\"https:\\\/\\\/vozolvapen.de\\\/product\\\/hifancy-dream-45000-45k-puffs-lemon-lime\\\/\",\"name\":\"Lemon Lime Hifancy Dream 45000 | Zesty Citrus 45K Vape - vozolvapen\",\"isPartOf\":{\"@id\":\"https:\\\/\\\/vozolvapen.de\\\/#website\"},\"primaryImageOfPage\":{\"@id\":\"https:\\\/\\\/vozolvapen.de\\\/product\\\/hifancy-dream-45000-45k-puffs-lemon-lime\\\/#primaryimage\"},\"image\":{\"@id\":\"https:\\\/\\\/vozolvapen.de\\\/product\\\/hifancy-dream-45000-45k-puffs-lemon-lime\\\/#primaryimage\"},\"thumbnailUrl\":\"https:\\\/\\\/vozolvapen.de\\\/wp-content\\\/uploads\\\/2026\\\/01\\\/Hifancy-Dream-45000-45K-Puffs-Lemon-Lime-2.webp\",\"datePublished\":\"2026-01-15T04:01:49+00:00\",\"dateModified\":\"2026-02-10T10:39:37+00:00\",\"description\":\"Sharp Lemon Lime Hifancy 45000. 45k puffs of bright citrus zest. Adjustable airflow for the perfect MTL\\\/DTL 45,000 puff experience.\",\"breadcrumb\":{\"@id\":\"https:\\\/\\\/vozolvapen.de\\\/product\\\/hifancy-dream-45000-45k-puffs-lemon-lime\\\/#breadcrumb\"},\"inLanguage\":\"pl-PL\",\"potentialAction\":[{\"@type\":\"ReadAction\",\"target\":[\"https:\\\/\\\/vozolvapen.de\\\/product\\\/hifancy-dream-45000-45k-puffs-lemon-lime\\\/\"]}]},{\"@type\":\"ImageObject\",\"inLanguage\":\"pl-PL\",\"@id\":\"https:\\\/\\\/vozolvapen.de\\\/product\\\/hifancy-dream-45000-45k-puffs-lemon-lime\\\/#primaryimage\",\"url\":\"https:\\\/\\\/vozolvapen.de\\\/wp-content\\\/uploads\\\/2026\\\/01\\\/Hifancy-Dream-45000-45K-Puffs-Lemon-Lime-2.webp\",\"contentUrl\":\"https:\\\/\\\/vozolvapen.de\\\/wp-content\\\/uploads\\\/2026\\\/01\\\/Hifancy-Dream-45000-45K-Puffs-Lemon-Lime-2.webp\",\"width\":1000,\"height\":1000,\"caption\":\"Hifancy Dream 45000 45K Puffs - Lemon Lime (2)\"},{\"@type\":\"BreadcrumbList\",\"@id\":\"https:\\\/\\\/vozolvapen.de\\\/product\\\/hifancy-dream-45000-45k-puffs-lemon-lime\\\/#breadcrumb\",\"itemListElement\":[{\"@type\":\"ListItem\",\"position\":1,\"name\":\"Home\",\"item\":\"https:\\\/\\\/vozolvapen.de\\\/de\\\/\"},{\"@type\":\"ListItem\",\"position\":2,\"name\":\"Shop\",\"item\":\"https:\\\/\\\/vozolvapen.de\\\/shop\\\/\"},{\"@type\":\"ListItem\",\"position\":3,\"name\":\"Hifancy Dream 45000 45K Puffs &#8211; Lemon Lime\"}]},{\"@type\":\"WebSite\",\"@id\":\"https:\\\/\\\/vozolvapen.de\\\/#website\",\"url\":\"https:\\\/\\\/vozolvapen.de\\\/\",\"name\":\"vozolvapen\",\"description\":\"vozolvapen\",\"publisher\":{\"@id\":\"https:\\\/\\\/vozolvapen.de\\\/#organization\"},\"potentialAction\":[{\"@type\":\"SearchAction\",\"target\":{\"@type\":\"EntryPoint\",\"urlTemplate\":\"https:\\\/\\\/vozolvapen.de\\\/?s={search_term_string}\"},\"query-input\":{\"@type\":\"PropertyValueSpecification\",\"valueRequired\":true,\"valueName\":\"search_term_string\"}}],\"inLanguage\":\"pl-PL\"},{\"@type\":\"Organization\",\"@id\":\"https:\\\/\\\/vozolvapen.de\\\/#organization\",\"name\":\"vozolvapen\",\"url\":\"https:\\\/\\\/vozolvapen.de\\\/\",\"logo\":{\"@type\":\"ImageObject\",\"inLanguage\":\"pl-PL\",\"@id\":\"https:\\\/\\\/vozolvapen.de\\\/#\\\/schema\\\/logo\\\/image\\\/\",\"url\":\"https:\\\/\\\/vozolvapen.de\\\/wp-content\\\/uploads\\\/2025\\\/12\\\/cropped-vozovapen-logo.webp\",\"contentUrl\":\"https:\\\/\\\/vozolvapen.de\\\/wp-content\\\/uploads\\\/2025\\\/12\\\/cropped-vozovapen-logo.webp\",\"width\":470,\"height\":110,\"caption\":\"vozolvapen\"},\"image\":{\"@id\":\"https:\\\/\\\/vozolvapen.de\\\/#\\\/schema\\\/logo\\\/image\\\/\"}}]}<\/script>\n<!-- \/ Yoast SEO Premium plugin. -->","yoast_head_json":{"title":"Lemon Lime Hifancy Dream 45000 | Zesty Citrus 45K Vape - vozolvapen","description":"Sharp Lemon Lime Hifancy 45000. 45 tysi\u0119cy zaci\u0105gni\u0119\u0107 jasn\u0105 cytrusow\u0105 sk\u00f3rk\u0105. Regulowany przep\u0142yw powietrza dla idealnego do\u015bwiadczenia MTL\/DTL 45 000 zaci\u0105gni\u0119\u0107.","robots":{"index":"index","follow":"follow","max-snippet":"max-snippet:-1","max-image-preview":"max-image-preview:large","max-video-preview":"max-video-preview:-1"},"canonical":"https:\/\/vozolvapen.de\/pl\/product\/hifancy-dream-45000-45k-puffs-lemon-lime\/","og_locale":"pl_PL","og_type":"article","og_title":"Hifancy Dream 45000 45K Puffs - Lemon Lime","og_description":"Sharp Lemon Lime Hifancy 45000. 45k puffs of bright citrus zest. Adjustable airflow for the perfect MTL\/DTL 45,000 puff experience.","og_url":"https:\/\/vozolvapen.de\/pl\/product\/hifancy-dream-45000-45k-puffs-lemon-lime\/","og_site_name":"vozolvapen","article_modified_time":"2026-02-10T10:39:37+00:00","og_image":[{"width":1000,"height":1000,"url":"https:\/\/vozolvapen.de\/wp-content\/uploads\/2026\/01\/Hifancy-Dream-45000-45K-Puffs-Lemon-Lime-2.webp","type":"image\/webp"}],"twitter_card":"summary_large_image","twitter_misc":{"Szacowany czas czytania":"2 minuty"},"schema":{"@context":"https:\/\/schema.org","@graph":[{"@type":"WebPage","@id":"https:\/\/vozolvapen.de\/product\/hifancy-dream-45000-45k-puffs-lemon-lime\/","url":"https:\/\/vozolvapen.de\/product\/hifancy-dream-45000-45k-puffs-lemon-lime\/","name":"Lemon Lime Hifancy Dream 45000 | Zesty Citrus 45K Vape - vozolvapen","isPartOf":{"@id":"https:\/\/vozolvapen.de\/#website"},"primaryImageOfPage":{"@id":"https:\/\/vozolvapen.de\/product\/hifancy-dream-45000-45k-puffs-lemon-lime\/#primaryimage"},"image":{"@id":"https:\/\/vozolvapen.de\/product\/hifancy-dream-45000-45k-puffs-lemon-lime\/#primaryimage"},"thumbnailUrl":"https:\/\/vozolvapen.de\/wp-content\/uploads\/2026\/01\/Hifancy-Dream-45000-45K-Puffs-Lemon-Lime-2.webp","datePublished":"2026-01-15T04:01:49+00:00","dateModified":"2026-02-10T10:39:37+00:00","description":"Sharp Lemon Lime Hifancy 45000. 45 tysi\u0119cy zaci\u0105gni\u0119\u0107 jasn\u0105 cytrusow\u0105 sk\u00f3rk\u0105. Regulowany przep\u0142yw powietrza dla idealnego do\u015bwiadczenia MTL\/DTL 45 000 zaci\u0105gni\u0119\u0107.","breadcrumb":{"@id":"https:\/\/vozolvapen.de\/product\/hifancy-dream-45000-45k-puffs-lemon-lime\/#breadcrumb"},"inLanguage":"pl-PL","potentialAction":[{"@type":"ReadAction","target":["https:\/\/vozolvapen.de\/product\/hifancy-dream-45000-45k-puffs-lemon-lime\/"]}]},{"@type":"ImageObject","inLanguage":"pl-PL","@id":"https:\/\/vozolvapen.de\/product\/hifancy-dream-45000-45k-puffs-lemon-lime\/#primaryimage","url":"https:\/\/vozolvapen.de\/wp-content\/uploads\/2026\/01\/Hifancy-Dream-45000-45K-Puffs-Lemon-Lime-2.webp","contentUrl":"https:\/\/vozolvapen.de\/wp-content\/uploads\/2026\/01\/Hifancy-Dream-45000-45K-Puffs-Lemon-Lime-2.webp","width":1000,"height":1000,"caption":"Hifancy Dream 45000 45K Puffs - Lemon Lime (2)"},{"@type":"BreadcrumbList","@id":"https:\/\/vozolvapen.de\/product\/hifancy-dream-45000-45k-puffs-lemon-lime\/#breadcrumb","itemListElement":[{"@type":"ListItem","position":1,"name":"Home","item":"https:\/\/vozolvapen.de\/de\/"},{"@type":"ListItem","position":2,"name":"Shop","item":"https:\/\/vozolvapen.de\/shop\/"},{"@type":"ListItem","position":3,"name":"Hifancy Dream 45000 45K Puffs &#8211; Lemon Lime"}]},{"@type":"WebSite","@id":"https:\/\/vozolvapen.de\/#website","url":"https:\/\/vozolvapen.de\/","name":"vozolvapen","description":"vozolvapen","publisher":{"@id":"https:\/\/vozolvapen.de\/#organization"},"potentialAction":[{"@type":"SearchAction","target":{"@type":"EntryPoint","urlTemplate":"https:\/\/vozolvapen.de\/?s={search_term_string}"},"query-input":{"@type":"PropertyValueSpecification","valueRequired":true,"valueName":"search_term_string"}}],"inLanguage":"pl-PL"},{"@type":"Organization","@id":"https:\/\/vozolvapen.de\/#organization","name":"vozolvapen","url":"https:\/\/vozolvapen.de\/","logo":{"@type":"ImageObject","inLanguage":"pl-PL","@id":"https:\/\/vozolvapen.de\/#\/schema\/logo\/image\/","url":"https:\/\/vozolvapen.de\/wp-content\/uploads\/2025\/12\/cropped-vozovapen-logo.webp","contentUrl":"https:\/\/vozolvapen.de\/wp-content\/uploads\/2025\/12\/cropped-vozovapen-logo.webp","width":470,"height":110,"caption":"vozolvapen"},"image":{"@id":"https:\/\/vozolvapen.de\/#\/schema\/logo\/image\/"}}]}},"tiered_pricing_type":"fixed","tiered_pricing_fixed_rules":{"30":"13.36","50":"10.25","100":"9.5","200":"8.5"},"tiered_pricing_product_settings":{"layout":"default","base_unit_name":{"singular":null,"plural":null},"default_variation":{}},"tiered_pricing_minimum_quantity":10,"tiered_pricing_roles_data":[],"tiered_pricing_percentage_rules":[],"tiered_pricing_maximum_quantity":null,"tiered_pricing_quantity_step":"10","_links":{"self":[{"href":"http:\/\/vozolvapen.de\/pl\/wp-json\/wp\/v2\/product\/61603","targetHints":{"allow":["GET"]}}],"collection":[{"href":"http:\/\/vozolvapen.de\/pl\/wp-json\/wp\/v2\/product"}],"about":[{"href":"http:\/\/vozolvapen.de\/pl\/wp-json\/wp\/v2\/types\/product"}],"replies":[{"embeddable":true,"href":"http:\/\/vozolvapen.de\/pl\/wp-json\/wp\/v2\/comments?post=61603"}],"wp:featuredmedia":[{"embeddable":true,"href":"http:\/\/vozolvapen.de\/pl\/wp-json\/wp\/v2\/media\/61656"}],"wp:attachment":[{"href":"http:\/\/vozolvapen.de\/pl\/wp-json\/wp\/v2\/media?parent=61603"}],"wp:term":[{"taxonomy":"product_brand","embeddable":true,"href":"http:\/\/vozolvapen.de\/pl\/wp-json\/wp\/v2\/product_brand?post=61603"},{"taxonomy":"product_cat","embeddable":true,"href":"http:\/\/vozolvapen.de\/pl\/wp-json\/wp\/v2\/product_cat?post=61603"},{"taxonomy":"product_tag","embeddable":true,"href":"http:\/\/vozolvapen.de\/pl\/wp-json\/wp\/v2\/product_tag?post=61603"}],"curies":[{"name":"wp","href":"https:\/\/api.w.org\/{rel}","templated":true}]}}