{"id":61701,"date":"2026-01-15T07:09:24","date_gmt":"2026-01-15T07:09:24","guid":{"rendered":"https:\/\/vozolvapen.de\/?post_type=product&#038;p=61701"},"modified":"2026-02-10T10:39:30","modified_gmt":"2026-02-10T10:39:30","slug":"vozol-vista-20000-puffs-raspberry-watermelon","status":"publish","type":"product","link":"http:\/\/vozolvapen.de\/pl\/product\/vozol-vista-20000-puffs-raspberry-watermelon\/","title":{"rendered":"VOZOL Vista 20000 Puffs - Malinowy arbuz"},"content":{"rendered":"<h1 data-path-to-node=\"24\"><b data-path-to-node=\"24\" data-index-in-node=\"0\">VOZOL Vista 20000 - Malinowy arbuz<\/b><\/h1>\n<p data-path-to-node=\"25\">Pikantne i nawil\u017caj\u0105ce po\u0142\u0105czenie, kt\u00f3re pobudza zmys\u0142y. VOZOL Vista 20000 Raspberry Watermelon \u0142\u0105czy cierpki smak malin z \u0142agodnym, orze\u017awiaj\u0105cym sokiem z letniego arbuza.<\/p>\n<h2 data-path-to-node=\"26\"><b data-path-to-node=\"26\" data-index-in-node=\"0\">Ocena smak\u00f3w - arbuz malinowy<\/b><\/h2>\n<ul data-path-to-node=\"27\">\n<li>\n<p data-path-to-node=\"27,0,0\"><b data-path-to-node=\"27,0,0\" data-index-in-node=\"0\">S\u0142odycz:<\/b> \u2605\u2605\u2605\u2606\u2606<\/p>\n<\/li>\n<li>\n<p data-path-to-node=\"27,1,0\"><b data-path-to-node=\"27,1,0\" data-index-in-node=\"0\">Poziom lodu:<\/b> \u2605\u2605\u2605\u2606\u2606<\/p>\n<\/li>\n<li>\n<p data-path-to-node=\"27,2,0\"><b data-path-to-node=\"27,2,0\" data-index-in-node=\"0\">Aromat:<\/b> \u2605\u2605\u2605\u2605\u2606<\/p>\n<\/li>\n<li>\n<p data-path-to-node=\"27,3,0\"><b data-path-to-node=\"27,3,0\" data-index-in-node=\"0\">Werdykt smakowy:<\/b> Ostry i orze\u017awiaj\u0105cy. Malina dodaje wyrafinowanego posmaku, kt\u00f3ry sprawia, \u017ce arbuz nie jest zbyt jednowymiarowy.<\/p>\n<\/li>\n<\/ul>\n<h2 data-path-to-node=\"28\"><b data-path-to-node=\"28\" data-index-in-node=\"0\">Dla kogo to jest?<\/b><\/h2>\n<ul data-path-to-node=\"29\">\n<li>\n<p data-path-to-node=\"29,0,0\"><b data-path-to-node=\"29,0,0\" data-index-in-node=\"0\">Zr\u00f3wnowa\u017cone podniebienia:<\/b> Vaperzy, kt\u00f3rzy chc\u0105 mieszanki s\u0142odkich i kwa\u015bnych nut.<\/p>\n<\/li>\n<li>\n<p data-path-to-node=\"29,1,0\"><b data-path-to-node=\"29,1,0\" data-index-in-node=\"0\">Codzienni kierowcy:<\/b> Doskona\u0142y ca\u0142odzienny vape, kt\u00f3ry nigdy nie staje si\u0119 \u201cmd\u0142y\u201d ani zbyt ci\u0119\u017cki.<\/p>\n<\/li>\n<\/ul>\n<h2 data-path-to-node=\"30\"><b data-path-to-node=\"30\" data-index-in-node=\"0\">Specyfikacja VOZOL Vista 20000<\/b><\/h2>\n<ul data-path-to-node=\"31\">\n<li>\n<p data-path-to-node=\"31,0,0\"><b data-path-to-node=\"31,0,0\" data-index-in-node=\"0\">Seria:<\/b> Vista Cyberpunk Smart Series<\/p>\n<\/li>\n<li>\n<p data-path-to-node=\"31,1,0\"><b data-path-to-node=\"31,1,0\" data-index-in-node=\"0\">Profil smakowy:<\/b> Cierpka malina i s\u0142odki arbuz<\/p>\n<\/li>\n<li>\n<p data-path-to-node=\"31,2,0\"><b data-path-to-node=\"31,2,0\" data-index-in-node=\"0\">Pojemno\u015b\u0107:<\/b> 20ML \/ 20 000 zaci\u0105gni\u0119\u0107<\/p>\n<\/li>\n<li>\n<p data-path-to-node=\"31,3,0\"><b data-path-to-node=\"31,3,0\" data-index-in-node=\"0\">Poziom nikotyny:<\/b> 5% Nikotyna<\/p>\n<\/li>\n<li>\n<p data-path-to-node=\"31,4,0\"><b data-path-to-node=\"31,4,0\" data-index-in-node=\"0\">Technika:<\/b> 6 poziom\u00f3w mocy i inteligentny wy\u015bwietlacz HD<\/p>\n<\/li>\n<li>\n<p data-path-to-node=\"31,5,0\"><b data-path-to-node=\"31,5,0\" data-index-in-node=\"0\">Dostawa:<\/b> Szybka wysy\u0142ka na terenie UE<\/p>\n<\/li>\n<\/ul>\n<h2 data-path-to-node=\"32\"><b data-path-to-node=\"32\" data-index-in-node=\"0\">Dla kogo przeznaczony jest VOZOL Vista 20000?<\/b><\/h2>\n<ul data-path-to-node=\"33\">\n<li>\n<p data-path-to-node=\"33,0,0\"><b data-path-to-node=\"33,0,0\" data-index-in-node=\"0\">The Curious Vaper:<\/b> Przezroczysta obudowa zaspokaja ciekawo\u015b\u0107 u\u017cytkownika, ukazuj\u0105c zaawansowane technologicznie komponenty wewn\u0119trzne.<\/p>\n<\/li>\n<li>\n<p data-path-to-node=\"33,1,0\"><b data-path-to-node=\"33,1,0\" data-index-in-node=\"0\">Precyzyjny Vaper:<\/b> Idealny dla tych, kt\u00f3rzy korzystaj\u0105 z dynamicznego interfejsu u\u017cytkownika, aby by\u0107 na bie\u017c\u0105co ze swoimi nawykami dotycz\u0105cymi waporyzacji.<\/p>\n<\/li>\n<\/ul>\n<h3 dir=\"auto\">Oto dalsze zalecenia dla Ciebie:<\/h3>\n<p dir=\"auto\">Odkryj jeszcze wi\u0119cej niesamowitych smak\u00f3w dzi\u0119ki VOZOL Vista 20000 Puff Vape!<\/p>\n<p dir=\"auto\"><a href=\"https:\/\/vozolvapen.de\/pl\/product-category\/vozol-vape\/vozol-vista-20000-puffs-vape\/\" target=\"_blank\" rel=\"noopener noreferrer nofollow\">Zobacz wszystkie odmiany tutaj \u2192<\/a><\/p>\n<p dir=\"auto\">Zapoznaj si\u0119 z nasz\u0105 pe\u0142n\u0105 kolekcj\u0105 i kupuj produkty najlepszych marek vape, kt\u00f3re pokochasz.<\/p>\n<p dir=\"auto\"><a href=\"https:\/\/vozolvapen.de\/pl\/\" target=\"_blank\" rel=\"noopener noreferrer nofollow\">Przegl\u0105daj teraz wszystkie marki \u2192<\/a><\/p>\n<p dir=\"auto\">Sprawd\u017a ca\u0142\u0105 seri\u0119 VOZOL Vape - ka\u017cdy smak, ka\u017cdy styl!<\/p>\n<p dir=\"auto\"><a href=\"https:\/\/vozolvapen.de\/pl\/product-category\/vozol-vape\/\" target=\"_blank\" rel=\"noopener noreferrer nofollow\">Zobacz pe\u0142n\u0105 kolekcj\u0119 VOZOL Vape \u2192<\/a><\/p>","protected":false},"excerpt":{"rendered":"<p>Idealna r\u00f3wnowaga s\u0142odyczy i cierpko\u015bci. <b data-path-to-node=\"7,2,0\" data-index-in-node=\"56\">Arbuz malinowy<\/b> zapewnia pikantny jagodowy kopniak, po kt\u00f3rym nast\u0119puje nawil\u017caj\u0105cy melon. Monitoruj swoje <b data-path-to-node=\"7,2,0\" data-index-in-node=\"147\">vozol p\u0142yn<\/b> poziomy na futurystycznym <b data-path-to-node=\"7,2,0\" data-index-in-node=\"185\">Lustrzany ekran HD<\/b> jednocze\u015bnie ciesz\u0105c si\u0119 p\u0142ynnym dzia\u0142aniem <b data-path-to-node=\"7,2,0\" data-index-in-node=\"242\">Cewki z podw\u00f3jn\u0105 siatk\u0105 0,65\u03a9<\/b>.<\/p>","protected":false},"featured_media":61887,"comment_status":"open","ping_status":"closed","template":"","meta":{"_acf_changed":false},"product_brand":[],"product_cat":[134,115],"product_tag":[],"class_list":{"0":"post-61701","1":"product","2":"type-product","3":"status-publish","4":"has-post-thumbnail","6":"product_cat-eu-warehouse-in-stock","7":"product_cat-vozol-vista-20000-puffs-vape","9":"first","10":"instock","11":"shipping-taxable","12":"purchasable","13":"product-type-variable"},"acf":[],"yoast_head":"<!-- This site is optimized with the Yoast SEO Premium plugin v26.1 (Yoast SEO v27.5) - https:\/\/yoast.com\/product\/yoast-seo-premium-wordpress\/ -->\n<title>Raspberry Watermelon VOZOL Vista 20000 | VOZOL Vape EU - vozolvapen<\/title>\n<meta name=\"description\" content=\"Shop Raspberry Watermelon VOZOL Vista 20000. Enjoy 20k puffs of sweet-tart berry bliss. Features smart liquid monitoring and cyberpunk transparent style.\" \/>\n<meta name=\"robots\" content=\"index, follow, max-snippet:-1, max-image-preview:large, max-video-preview:-1\" \/>\n<link rel=\"canonical\" href=\"https:\/\/vozolvapen.de\/pl\/product\/vozol-vista-20000-puffs-raspberry-watermelon\/\" \/>\n<meta property=\"og:locale\" content=\"pl_PL\" \/>\n<meta property=\"og:type\" content=\"article\" \/>\n<meta property=\"og:title\" content=\"VOZOL Vista 20000 Puffs - Raspberry Watermelon\" \/>\n<meta property=\"og:description\" content=\"Shop Raspberry Watermelon VOZOL Vista 20000. Enjoy 20k puffs of sweet-tart berry bliss. Features smart liquid monitoring and cyberpunk transparent style.\" \/>\n<meta property=\"og:url\" content=\"https:\/\/vozolvapen.de\/pl\/product\/vozol-vista-20000-puffs-raspberry-watermelon\/\" \/>\n<meta property=\"og:site_name\" content=\"vozolvapen\" \/>\n<meta property=\"article:modified_time\" content=\"2026-02-10T10:39:30+00:00\" \/>\n<meta property=\"og:image\" content=\"https:\/\/vozolvapen.de\/wp-content\/uploads\/2026\/01\/VOZOL-Vista-20000-Puffs-Raspberry-Watermelon-Front.webp\" \/>\n\t<meta property=\"og:image:width\" content=\"1080\" \/>\n\t<meta property=\"og:image:height\" content=\"1080\" \/>\n\t<meta property=\"og:image:type\" content=\"image\/webp\" \/>\n<meta name=\"twitter:card\" content=\"summary_large_image\" \/>\n<meta name=\"twitter:label1\" content=\"Szacowany czas czytania\" \/>\n\t<meta name=\"twitter:data1\" content=\"2 minuty\" \/>\n<script type=\"application\/ld+json\" class=\"yoast-schema-graph\">{\"@context\":\"https:\\\/\\\/schema.org\",\"@graph\":[{\"@type\":\"WebPage\",\"@id\":\"https:\\\/\\\/vozolvapen.de\\\/product\\\/vozol-vista-20000-puffs-raspberry-watermelon\\\/\",\"url\":\"https:\\\/\\\/vozolvapen.de\\\/product\\\/vozol-vista-20000-puffs-raspberry-watermelon\\\/\",\"name\":\"Raspberry Watermelon VOZOL Vista 20000 | VOZOL Vape EU - vozolvapen\",\"isPartOf\":{\"@id\":\"https:\\\/\\\/vozolvapen.de\\\/#website\"},\"primaryImageOfPage\":{\"@id\":\"https:\\\/\\\/vozolvapen.de\\\/product\\\/vozol-vista-20000-puffs-raspberry-watermelon\\\/#primaryimage\"},\"image\":{\"@id\":\"https:\\\/\\\/vozolvapen.de\\\/product\\\/vozol-vista-20000-puffs-raspberry-watermelon\\\/#primaryimage\"},\"thumbnailUrl\":\"https:\\\/\\\/vozolvapen.de\\\/wp-content\\\/uploads\\\/2026\\\/01\\\/VOZOL-Vista-20000-Puffs-Raspberry-Watermelon-Front.webp\",\"datePublished\":\"2026-01-15T07:09:24+00:00\",\"dateModified\":\"2026-02-10T10:39:30+00:00\",\"description\":\"Shop Raspberry Watermelon VOZOL Vista 20000. Enjoy 20k puffs of sweet-tart berry bliss. Features smart liquid monitoring and cyberpunk transparent style.\",\"breadcrumb\":{\"@id\":\"https:\\\/\\\/vozolvapen.de\\\/product\\\/vozol-vista-20000-puffs-raspberry-watermelon\\\/#breadcrumb\"},\"inLanguage\":\"pl-PL\",\"potentialAction\":[{\"@type\":\"ReadAction\",\"target\":[\"https:\\\/\\\/vozolvapen.de\\\/product\\\/vozol-vista-20000-puffs-raspberry-watermelon\\\/\"]}]},{\"@type\":\"ImageObject\",\"inLanguage\":\"pl-PL\",\"@id\":\"https:\\\/\\\/vozolvapen.de\\\/product\\\/vozol-vista-20000-puffs-raspberry-watermelon\\\/#primaryimage\",\"url\":\"https:\\\/\\\/vozolvapen.de\\\/wp-content\\\/uploads\\\/2026\\\/01\\\/VOZOL-Vista-20000-Puffs-Raspberry-Watermelon-Front.webp\",\"contentUrl\":\"https:\\\/\\\/vozolvapen.de\\\/wp-content\\\/uploads\\\/2026\\\/01\\\/VOZOL-Vista-20000-Puffs-Raspberry-Watermelon-Front.webp\",\"width\":1080,\"height\":1080,\"caption\":\"VOZOL Vista 20000 Puffs -Raspberry Watermelon Front\"},{\"@type\":\"BreadcrumbList\",\"@id\":\"https:\\\/\\\/vozolvapen.de\\\/product\\\/vozol-vista-20000-puffs-raspberry-watermelon\\\/#breadcrumb\",\"itemListElement\":[{\"@type\":\"ListItem\",\"position\":1,\"name\":\"Home\",\"item\":\"https:\\\/\\\/vozolvapen.de\\\/de\\\/\"},{\"@type\":\"ListItem\",\"position\":2,\"name\":\"Shop\",\"item\":\"https:\\\/\\\/vozolvapen.de\\\/shop\\\/\"},{\"@type\":\"ListItem\",\"position\":3,\"name\":\"VOZOL Vista 20000 Puffs &#8211; Raspberry Watermelon\"}]},{\"@type\":\"WebSite\",\"@id\":\"https:\\\/\\\/vozolvapen.de\\\/#website\",\"url\":\"https:\\\/\\\/vozolvapen.de\\\/\",\"name\":\"vozolvapen\",\"description\":\"vozolvapen\",\"publisher\":{\"@id\":\"https:\\\/\\\/vozolvapen.de\\\/#organization\"},\"potentialAction\":[{\"@type\":\"SearchAction\",\"target\":{\"@type\":\"EntryPoint\",\"urlTemplate\":\"https:\\\/\\\/vozolvapen.de\\\/?s={search_term_string}\"},\"query-input\":{\"@type\":\"PropertyValueSpecification\",\"valueRequired\":true,\"valueName\":\"search_term_string\"}}],\"inLanguage\":\"pl-PL\"},{\"@type\":\"Organization\",\"@id\":\"https:\\\/\\\/vozolvapen.de\\\/#organization\",\"name\":\"vozolvapen\",\"url\":\"https:\\\/\\\/vozolvapen.de\\\/\",\"logo\":{\"@type\":\"ImageObject\",\"inLanguage\":\"pl-PL\",\"@id\":\"https:\\\/\\\/vozolvapen.de\\\/#\\\/schema\\\/logo\\\/image\\\/\",\"url\":\"https:\\\/\\\/vozolvapen.de\\\/wp-content\\\/uploads\\\/2025\\\/12\\\/cropped-vozovapen-logo.webp\",\"contentUrl\":\"https:\\\/\\\/vozolvapen.de\\\/wp-content\\\/uploads\\\/2025\\\/12\\\/cropped-vozovapen-logo.webp\",\"width\":470,\"height\":110,\"caption\":\"vozolvapen\"},\"image\":{\"@id\":\"https:\\\/\\\/vozolvapen.de\\\/#\\\/schema\\\/logo\\\/image\\\/\"}}]}<\/script>\n<!-- \/ Yoast SEO Premium plugin. -->","yoast_head_json":{"title":"Raspberry Watermelon VOZOL Vista 20000 | VOZOL Vape EU - vozolvapen","description":"Sklep Raspberry Watermelon VOZOL Vista 20000. Ciesz si\u0119 20 tysi\u0105cami zaci\u0105gni\u0119\u0107 s\u0142odko-cierpk\u0105 jagodow\u0105 rozkosz\u0105. Charakteryzuje si\u0119 inteligentnym monitorowaniem p\u0142yn\u00f3w i cyberpunkowym, przezroczystym stylem.","robots":{"index":"index","follow":"follow","max-snippet":"max-snippet:-1","max-image-preview":"max-image-preview:large","max-video-preview":"max-video-preview:-1"},"canonical":"https:\/\/vozolvapen.de\/pl\/product\/vozol-vista-20000-puffs-raspberry-watermelon\/","og_locale":"pl_PL","og_type":"article","og_title":"VOZOL Vista 20000 Puffs - Raspberry Watermelon","og_description":"Shop Raspberry Watermelon VOZOL Vista 20000. Enjoy 20k puffs of sweet-tart berry bliss. Features smart liquid monitoring and cyberpunk transparent style.","og_url":"https:\/\/vozolvapen.de\/pl\/product\/vozol-vista-20000-puffs-raspberry-watermelon\/","og_site_name":"vozolvapen","article_modified_time":"2026-02-10T10:39:30+00:00","og_image":[{"width":1080,"height":1080,"url":"https:\/\/vozolvapen.de\/wp-content\/uploads\/2026\/01\/VOZOL-Vista-20000-Puffs-Raspberry-Watermelon-Front.webp","type":"image\/webp"}],"twitter_card":"summary_large_image","twitter_misc":{"Szacowany czas czytania":"2 minuty"},"schema":{"@context":"https:\/\/schema.org","@graph":[{"@type":"WebPage","@id":"https:\/\/vozolvapen.de\/product\/vozol-vista-20000-puffs-raspberry-watermelon\/","url":"https:\/\/vozolvapen.de\/product\/vozol-vista-20000-puffs-raspberry-watermelon\/","name":"Raspberry Watermelon VOZOL Vista 20000 | VOZOL Vape EU - vozolvapen","isPartOf":{"@id":"https:\/\/vozolvapen.de\/#website"},"primaryImageOfPage":{"@id":"https:\/\/vozolvapen.de\/product\/vozol-vista-20000-puffs-raspberry-watermelon\/#primaryimage"},"image":{"@id":"https:\/\/vozolvapen.de\/product\/vozol-vista-20000-puffs-raspberry-watermelon\/#primaryimage"},"thumbnailUrl":"https:\/\/vozolvapen.de\/wp-content\/uploads\/2026\/01\/VOZOL-Vista-20000-Puffs-Raspberry-Watermelon-Front.webp","datePublished":"2026-01-15T07:09:24+00:00","dateModified":"2026-02-10T10:39:30+00:00","description":"Sklep Raspberry Watermelon VOZOL Vista 20000. Ciesz si\u0119 20 tysi\u0105cami zaci\u0105gni\u0119\u0107 s\u0142odko-cierpk\u0105 jagodow\u0105 rozkosz\u0105. Charakteryzuje si\u0119 inteligentnym monitorowaniem p\u0142yn\u00f3w i cyberpunkowym, przezroczystym stylem.","breadcrumb":{"@id":"https:\/\/vozolvapen.de\/product\/vozol-vista-20000-puffs-raspberry-watermelon\/#breadcrumb"},"inLanguage":"pl-PL","potentialAction":[{"@type":"ReadAction","target":["https:\/\/vozolvapen.de\/product\/vozol-vista-20000-puffs-raspberry-watermelon\/"]}]},{"@type":"ImageObject","inLanguage":"pl-PL","@id":"https:\/\/vozolvapen.de\/product\/vozol-vista-20000-puffs-raspberry-watermelon\/#primaryimage","url":"https:\/\/vozolvapen.de\/wp-content\/uploads\/2026\/01\/VOZOL-Vista-20000-Puffs-Raspberry-Watermelon-Front.webp","contentUrl":"https:\/\/vozolvapen.de\/wp-content\/uploads\/2026\/01\/VOZOL-Vista-20000-Puffs-Raspberry-Watermelon-Front.webp","width":1080,"height":1080,"caption":"VOZOL Vista 20000 Puffs -Raspberry Watermelon Front"},{"@type":"BreadcrumbList","@id":"https:\/\/vozolvapen.de\/product\/vozol-vista-20000-puffs-raspberry-watermelon\/#breadcrumb","itemListElement":[{"@type":"ListItem","position":1,"name":"Home","item":"https:\/\/vozolvapen.de\/de\/"},{"@type":"ListItem","position":2,"name":"Shop","item":"https:\/\/vozolvapen.de\/shop\/"},{"@type":"ListItem","position":3,"name":"VOZOL Vista 20000 Puffs &#8211; Raspberry Watermelon"}]},{"@type":"WebSite","@id":"https:\/\/vozolvapen.de\/#website","url":"https:\/\/vozolvapen.de\/","name":"vozolvapen","description":"vozolvapen","publisher":{"@id":"https:\/\/vozolvapen.de\/#organization"},"potentialAction":[{"@type":"SearchAction","target":{"@type":"EntryPoint","urlTemplate":"https:\/\/vozolvapen.de\/?s={search_term_string}"},"query-input":{"@type":"PropertyValueSpecification","valueRequired":true,"valueName":"search_term_string"}}],"inLanguage":"pl-PL"},{"@type":"Organization","@id":"https:\/\/vozolvapen.de\/#organization","name":"vozolvapen","url":"https:\/\/vozolvapen.de\/","logo":{"@type":"ImageObject","inLanguage":"pl-PL","@id":"https:\/\/vozolvapen.de\/#\/schema\/logo\/image\/","url":"https:\/\/vozolvapen.de\/wp-content\/uploads\/2025\/12\/cropped-vozovapen-logo.webp","contentUrl":"https:\/\/vozolvapen.de\/wp-content\/uploads\/2025\/12\/cropped-vozovapen-logo.webp","width":470,"height":110,"caption":"vozolvapen"},"image":{"@id":"https:\/\/vozolvapen.de\/#\/schema\/logo\/image\/"}}]}},"tiered_pricing_type":"fixed","tiered_pricing_fixed_rules":{"30":"13.5","50":"10.89","100":"10.39","200":"9.8"},"tiered_pricing_product_settings":{"layout":"default","base_unit_name":{"singular":null,"plural":null},"default_variation":{}},"tiered_pricing_minimum_quantity":10,"tiered_pricing_roles_data":[],"tiered_pricing_percentage_rules":[],"tiered_pricing_maximum_quantity":null,"tiered_pricing_quantity_step":"10","_links":{"self":[{"href":"http:\/\/vozolvapen.de\/pl\/wp-json\/wp\/v2\/product\/61701","targetHints":{"allow":["GET"]}}],"collection":[{"href":"http:\/\/vozolvapen.de\/pl\/wp-json\/wp\/v2\/product"}],"about":[{"href":"http:\/\/vozolvapen.de\/pl\/wp-json\/wp\/v2\/types\/product"}],"replies":[{"embeddable":true,"href":"http:\/\/vozolvapen.de\/pl\/wp-json\/wp\/v2\/comments?post=61701"}],"wp:featuredmedia":[{"embeddable":true,"href":"http:\/\/vozolvapen.de\/pl\/wp-json\/wp\/v2\/media\/61887"}],"wp:attachment":[{"href":"http:\/\/vozolvapen.de\/pl\/wp-json\/wp\/v2\/media?parent=61701"}],"wp:term":[{"taxonomy":"product_brand","embeddable":true,"href":"http:\/\/vozolvapen.de\/pl\/wp-json\/wp\/v2\/product_brand?post=61701"},{"taxonomy":"product_cat","embeddable":true,"href":"http:\/\/vozolvapen.de\/pl\/wp-json\/wp\/v2\/product_cat?post=61701"},{"taxonomy":"product_tag","embeddable":true,"href":"http:\/\/vozolvapen.de\/pl\/wp-json\/wp\/v2\/product_tag?post=61701"}],"curies":[{"name":"wp","href":"https:\/\/api.w.org\/{rel}","templated":true}]}}