{"id":61833,"date":"2026-01-15T07:09:36","date_gmt":"2026-01-15T07:09:36","guid":{"rendered":"https:\/\/vozolvapen.de\/?post_type=product&#038;p=61833"},"modified":"2026-02-10T10:39:17","modified_gmt":"2026-02-10T10:39:17","slug":"vozol-vista-20000-puffs-watermelon-bubble-gum","status":"publish","type":"product","link":"http:\/\/vozolvapen.de\/pl\/product\/vozol-vista-20000-puffs-watermelon-bubble-gum\/","title":{"rendered":"VOZOL Vista 20000 Puffs - arbuzowa guma balonowa"},"content":{"rendered":"<h1 data-path-to-node=\"51\"><b data-path-to-node=\"51\" data-index-in-node=\"0\">VOZOL Vista 20000 - arbuzowa guma balonowa<\/b><\/h1>\n<p data-path-to-node=\"52\">Nostalgia \u0142\u0105czy si\u0119 z futurystyczn\u0105 technologi\u0105. Watermelon Bubble Gum to zabawna, s\u0142odka mieszanka soczystych plastr\u00f3w arbuza i klasycznej r\u00f3\u017cowej gumy balonowej, kt\u00f3ra zapewnia dobr\u0105 zabaw\u0119 przez 20 000 zaci\u0105gni\u0119\u0107.<\/p>\n<h2 data-path-to-node=\"53\"><b data-path-to-node=\"53\" data-index-in-node=\"0\">Ocena smak\u00f3w - arbuzowa guma balonowa<\/b><\/h2>\n<ul data-path-to-node=\"54\">\n<li>\n<p data-path-to-node=\"54,0,0\"><b data-path-to-node=\"54,0,0\" data-index-in-node=\"0\">S\u0142odycz:<\/b> \u2605\u2605\u2605\u2605\u2605<\/p>\n<\/li>\n<li>\n<p data-path-to-node=\"54,1,0\"><b data-path-to-node=\"54,1,0\" data-index-in-node=\"0\">Poziom lodu:<\/b> \u2605\u2605\u2606\u2606\u2606<\/p>\n<\/li>\n<li>\n<p data-path-to-node=\"54,2,0\"><b data-path-to-node=\"54,2,0\" data-index-in-node=\"0\">Aromat:<\/b> \u2605\u2605\u2605\u2605\u2606<\/p>\n<\/li>\n<li>\n<p data-path-to-node=\"54,3,0\"><b data-path-to-node=\"54,3,0\" data-index-in-node=\"0\">Werdykt smakowy:<\/b> S\u0142odki i przyjemny. Jest to \u201cCandy King\u201d z serii Vista, oferuj\u0105cy g\u0142\u0119bok\u0105, d\u0142ugotrwa\u0142\u0105 s\u0142odycz.<\/p>\n<\/li>\n<\/ul>\n<h2 data-path-to-node=\"55\"><b data-path-to-node=\"55\" data-index-in-node=\"0\">Dla kogo to jest?<\/b><\/h2>\n<ul data-path-to-node=\"56\">\n<li>\n<p data-path-to-node=\"56,0,0\"><b data-path-to-node=\"56,0,0\" data-index-in-node=\"0\">The Sweet Tooth:<\/b> Je\u015bli chcesz, aby Tw\u00f3j vape smakowa\u0142 jak wycieczka do sklepu ze s\u0142odyczami.<\/p>\n<\/li>\n<li>\n<p data-path-to-node=\"56,1,0\"><b data-path-to-node=\"56,1,0\" data-index-in-node=\"0\">Poszukiwacz zabawy:<\/b> Vaperzy, kt\u00f3rzy wol\u0105 lekkie, nostalgiczne profile od powa\u017cnych nut tytoniowych lub kwiatowych.<\/p>\n<\/li>\n<\/ul>\n<h2 data-path-to-node=\"19\"><b data-path-to-node=\"19\" data-index-in-node=\"0\">Specyfikacja VOZOL Vista 20000<\/b><\/h2>\n<table data-path-to-node=\"19\">\n<thead>\n<tr>\n<td><strong>Cz\u0119\u015b\u0107 techniczna<\/strong><\/td>\n<td><strong>VOZOL Vista Candy Edition<\/strong><\/td>\n<\/tr>\n<\/thead>\n<tbody>\n<tr>\n<td><span data-path-to-node=\"19,1,0,0\"><b data-path-to-node=\"19,1,0,0\" data-index-in-node=\"0\">Baza smakowa<\/b><\/span><\/td>\n<td><span data-path-to-node=\"19,1,1,0\">S\u0142odka guma balonowa i soczysty melon<\/span><\/td>\n<\/tr>\n<tr>\n<td><span data-path-to-node=\"19,2,0,0\"><b data-path-to-node=\"19,2,0,0\" data-index-in-node=\"0\">Charakter pary<\/b><\/span><\/td>\n<td><span data-path-to-node=\"19,2,1,0\">Nasycone, s\u0142odkie i bogate<\/span><\/td>\n<\/tr>\n<tr>\n<td><span data-path-to-node=\"19,3,0,0\"><b data-path-to-node=\"19,3,0,0\" data-index-in-node=\"0\">Kontrola zasilania<\/b><\/span><\/td>\n<td><span data-path-to-node=\"19,3,1,0\">Cyfrowy prze\u0142\u0105cznik 6-poziomowy<\/span><\/td>\n<\/tr>\n<tr>\n<td><span data-path-to-node=\"19,4,0,0\"><b data-path-to-node=\"19,4,0,0\" data-index-in-node=\"0\">Display Tech<\/b><\/span><\/td>\n<td><span data-path-to-node=\"19,4,1,0\">Panel lustrzany HD 2,2\u2033<\/span><\/td>\n<\/tr>\n<tr>\n<td><span data-path-to-node=\"19,5,0,0\"><b data-path-to-node=\"19,5,0,0\" data-index-in-node=\"0\">\u017bywotno\u015b\u0107 cewki<\/b><\/span><\/td>\n<td><span data-path-to-node=\"19,5,1,0\">Rozszerzony przez S.i.L.C Technology<\/span><\/td>\n<\/tr>\n<tr>\n<td><span data-path-to-node=\"19,6,0,0\"><b data-path-to-node=\"19,6,0,0\" data-index-in-node=\"0\">Puff Estimate<\/b><\/span><\/td>\n<td><span data-path-to-node=\"19,6,1,0\">Do 20 000 zaci\u0105gni\u0119\u0107<\/span><\/td>\n<\/tr>\n<tr>\n<td><span data-path-to-node=\"19,7,0,0\"><b data-path-to-node=\"19,7,0,0\" data-index-in-node=\"0\">Typ akumulatora<\/b><\/span><\/td>\n<td><span data-path-to-node=\"19,7,1,0\">Akumulator 650 mAh (dolny port)<\/span><\/td>\n<\/tr>\n<\/tbody>\n<\/table>\n<h2 data-path-to-node=\"57\"><b data-path-to-node=\"57\" data-index-in-node=\"0\">Dla kogo przeznaczony jest VOZOL Vista 20000?<\/b><\/h2>\n<ul data-path-to-node=\"58\">\n<li>\n<p data-path-to-node=\"58,0,0\"><b data-path-to-node=\"58,0,0\" data-index-in-node=\"0\">Ekspert ds. widoczno\u015bci:<\/b> The <b data-path-to-node=\"58,0,0\" data-index-in-node=\"27\">inteligentny wy\u015bwietlacz<\/b> Zapewnia, \u017ce nigdy nie otrzymasz \u201csuchego uderzenia\u201d - ekran informuje dok\u0142adnie, kiedy ko\u0144czy si\u0119 20 ml soku.<\/p>\n<\/li>\n<li>\n<p data-path-to-node=\"58,1,0\"><b data-path-to-node=\"58,1,0\" data-index-in-node=\"0\">The Visualist:<\/b> Ka\u017cdy, kto cieszy si\u0119 doskona\u0142o\u015bci\u0105 \u201cFull View\u201d polegaj\u0105c\u0105 na ogl\u0105daniu g\u0142\u00f3wnych komponent\u00f3w urz\u0105dzenia przez przezroczyst\u0105 obudow\u0119.<\/p>\n<\/li>\n<\/ul>\n<h3 dir=\"auto\">Oto dalsze zalecenia dla Ciebie:<\/h3>\n<p dir=\"auto\">Odkryj jeszcze wi\u0119cej niesamowitych smak\u00f3w dzi\u0119ki VOZOL Vista 20000 Puff Vape!<\/p>\n<p dir=\"auto\"><a href=\"https:\/\/vozolvapen.de\/pl\/product-category\/vozol-vape\/vozol-vista-20000-puffs-vape\/\" target=\"_blank\" rel=\"noopener noreferrer nofollow\">Zobacz wszystkie odmiany tutaj \u2192<\/a><\/p>\n<p dir=\"auto\">Zapoznaj si\u0119 z nasz\u0105 pe\u0142n\u0105 kolekcj\u0105 i kupuj produkty najlepszych marek vape, kt\u00f3re pokochasz.<\/p>\n<p dir=\"auto\"><a href=\"https:\/\/vozolvapen.de\/pl\/\" target=\"_blank\" rel=\"noopener noreferrer nofollow\">Przegl\u0105daj teraz wszystkie marki \u2192<\/a><\/p>\n<p dir=\"auto\">Sprawd\u017a ca\u0142\u0105 seri\u0119 VOZOL Vape - ka\u017cdy smak, ka\u017cdy styl!<\/p>\n<p dir=\"auto\"><a href=\"https:\/\/vozolvapen.de\/pl\/product-category\/vozol-vape\/\" target=\"_blank\" rel=\"noopener noreferrer nofollow\">Zobacz pe\u0142n\u0105 kolekcj\u0119 VOZOL Vape \u2192<\/a><\/p>","protected":false},"excerpt":{"rendered":"<p>Nostalgia spotyka si\u0119 z przysz\u0142o\u015bci\u0105. <b data-path-to-node=\"19,2,0\" data-index-in-node=\"47\">Arbuzowa guma balonowa<\/b> oferuje s\u0142odk\u0105, zabawn\u0105 mieszank\u0119 soczystego melona i klasycznej r\u00f3\u017cowej gumy do \u017cucia. \u015aled\u017a swoje <b data-path-to-node=\"19,2,0\" data-index-in-node=\"146\">vozol puff<\/b> liczba i \u017cywotno\u015b\u0107 baterii na masywnym <b data-path-to-node=\"19,2,0\" data-index-in-node=\"195\">Kolorowy wy\u015bwietlacz HD<\/b> podczas delektowania si\u0119 tym s\u0142odkim przysmakiem.<\/p>","protected":false},"featured_media":61916,"comment_status":"open","ping_status":"closed","template":"","meta":{"_acf_changed":false},"product_brand":[],"product_cat":[134,115],"product_tag":[],"class_list":{"0":"post-61833","1":"product","2":"type-product","3":"status-publish","4":"has-post-thumbnail","6":"product_cat-eu-warehouse-in-stock","7":"product_cat-vozol-vista-20000-puffs-vape","9":"first","10":"instock","11":"shipping-taxable","12":"purchasable","13":"product-type-variable"},"acf":[],"yoast_head":"<!-- This site is optimized with the Yoast SEO Premium plugin v26.1 (Yoast SEO v27.5) - https:\/\/yoast.com\/product\/yoast-seo-premium-wordpress\/ -->\n<title>Watermelon Bubble Gum VOZOL Vista 20000 | Candy Sweet 20K - vozolvapen<\/title>\n<meta name=\"description\" content=\"Sweet Watermelon Bubble Gum by VOZOL Vista 20000. 20k puffs, smart display, and dual mesh coils. 5% nicotine and fast EU-wide delivery.\" \/>\n<meta name=\"robots\" content=\"index, follow, max-snippet:-1, max-image-preview:large, max-video-preview:-1\" \/>\n<link rel=\"canonical\" href=\"https:\/\/vozolvapen.de\/pl\/product\/vozol-vista-20000-puffs-watermelon-bubble-gum\/\" \/>\n<meta property=\"og:locale\" content=\"pl_PL\" \/>\n<meta property=\"og:type\" content=\"article\" \/>\n<meta property=\"og:title\" content=\"VOZOL Vista 20000 Puffs - Watermelon Bubble Gum\" \/>\n<meta property=\"og:description\" content=\"Sweet Watermelon Bubble Gum by VOZOL Vista 20000. 20k puffs, smart display, and dual mesh coils. 5% nicotine and fast EU-wide delivery.\" \/>\n<meta property=\"og:url\" content=\"https:\/\/vozolvapen.de\/pl\/product\/vozol-vista-20000-puffs-watermelon-bubble-gum\/\" \/>\n<meta property=\"og:site_name\" content=\"vozolvapen\" \/>\n<meta property=\"article:modified_time\" content=\"2026-02-10T10:39:17+00:00\" \/>\n<meta property=\"og:image\" content=\"https:\/\/vozolvapen.de\/wp-content\/uploads\/2026\/01\/VOZOL-Vista-20000-Puffs-Watermelon-Bubble-Gum-Front.webp\" \/>\n\t<meta property=\"og:image:width\" content=\"1080\" \/>\n\t<meta property=\"og:image:height\" content=\"1080\" \/>\n\t<meta property=\"og:image:type\" content=\"image\/webp\" \/>\n<meta name=\"twitter:card\" content=\"summary_large_image\" \/>\n<meta name=\"twitter:label1\" content=\"Szacowany czas czytania\" \/>\n\t<meta name=\"twitter:data1\" content=\"2 minuty\" \/>\n<script type=\"application\/ld+json\" class=\"yoast-schema-graph\">{\"@context\":\"https:\\\/\\\/schema.org\",\"@graph\":[{\"@type\":\"WebPage\",\"@id\":\"https:\\\/\\\/vozolvapen.de\\\/product\\\/vozol-vista-20000-puffs-watermelon-bubble-gum\\\/\",\"url\":\"https:\\\/\\\/vozolvapen.de\\\/product\\\/vozol-vista-20000-puffs-watermelon-bubble-gum\\\/\",\"name\":\"Watermelon Bubble Gum VOZOL Vista 20000 | Candy Sweet 20K - vozolvapen\",\"isPartOf\":{\"@id\":\"https:\\\/\\\/vozolvapen.de\\\/#website\"},\"primaryImageOfPage\":{\"@id\":\"https:\\\/\\\/vozolvapen.de\\\/product\\\/vozol-vista-20000-puffs-watermelon-bubble-gum\\\/#primaryimage\"},\"image\":{\"@id\":\"https:\\\/\\\/vozolvapen.de\\\/product\\\/vozol-vista-20000-puffs-watermelon-bubble-gum\\\/#primaryimage\"},\"thumbnailUrl\":\"https:\\\/\\\/vozolvapen.de\\\/wp-content\\\/uploads\\\/2026\\\/01\\\/VOZOL-Vista-20000-Puffs-Watermelon-Bubble-Gum-Front.webp\",\"datePublished\":\"2026-01-15T07:09:36+00:00\",\"dateModified\":\"2026-02-10T10:39:17+00:00\",\"description\":\"Sweet Watermelon Bubble Gum by VOZOL Vista 20000. 20k puffs, smart display, and dual mesh coils. 5% nicotine and fast EU-wide delivery.\",\"breadcrumb\":{\"@id\":\"https:\\\/\\\/vozolvapen.de\\\/product\\\/vozol-vista-20000-puffs-watermelon-bubble-gum\\\/#breadcrumb\"},\"inLanguage\":\"pl-PL\",\"potentialAction\":[{\"@type\":\"ReadAction\",\"target\":[\"https:\\\/\\\/vozolvapen.de\\\/product\\\/vozol-vista-20000-puffs-watermelon-bubble-gum\\\/\"]}]},{\"@type\":\"ImageObject\",\"inLanguage\":\"pl-PL\",\"@id\":\"https:\\\/\\\/vozolvapen.de\\\/product\\\/vozol-vista-20000-puffs-watermelon-bubble-gum\\\/#primaryimage\",\"url\":\"https:\\\/\\\/vozolvapen.de\\\/wp-content\\\/uploads\\\/2026\\\/01\\\/VOZOL-Vista-20000-Puffs-Watermelon-Bubble-Gum-Front.webp\",\"contentUrl\":\"https:\\\/\\\/vozolvapen.de\\\/wp-content\\\/uploads\\\/2026\\\/01\\\/VOZOL-Vista-20000-Puffs-Watermelon-Bubble-Gum-Front.webp\",\"width\":1080,\"height\":1080,\"caption\":\"VOZOL Vista 20000 Puffs -Watermelon Bubble Gum Front\"},{\"@type\":\"BreadcrumbList\",\"@id\":\"https:\\\/\\\/vozolvapen.de\\\/product\\\/vozol-vista-20000-puffs-watermelon-bubble-gum\\\/#breadcrumb\",\"itemListElement\":[{\"@type\":\"ListItem\",\"position\":1,\"name\":\"Home\",\"item\":\"https:\\\/\\\/vozolvapen.de\\\/de\\\/\"},{\"@type\":\"ListItem\",\"position\":2,\"name\":\"Shop\",\"item\":\"https:\\\/\\\/vozolvapen.de\\\/shop\\\/\"},{\"@type\":\"ListItem\",\"position\":3,\"name\":\"VOZOL Vista 20000 Puffs &#8211; Watermelon Bubble Gum\"}]},{\"@type\":\"WebSite\",\"@id\":\"https:\\\/\\\/vozolvapen.de\\\/#website\",\"url\":\"https:\\\/\\\/vozolvapen.de\\\/\",\"name\":\"vozolvapen\",\"description\":\"vozolvapen\",\"publisher\":{\"@id\":\"https:\\\/\\\/vozolvapen.de\\\/#organization\"},\"potentialAction\":[{\"@type\":\"SearchAction\",\"target\":{\"@type\":\"EntryPoint\",\"urlTemplate\":\"https:\\\/\\\/vozolvapen.de\\\/?s={search_term_string}\"},\"query-input\":{\"@type\":\"PropertyValueSpecification\",\"valueRequired\":true,\"valueName\":\"search_term_string\"}}],\"inLanguage\":\"pl-PL\"},{\"@type\":\"Organization\",\"@id\":\"https:\\\/\\\/vozolvapen.de\\\/#organization\",\"name\":\"vozolvapen\",\"url\":\"https:\\\/\\\/vozolvapen.de\\\/\",\"logo\":{\"@type\":\"ImageObject\",\"inLanguage\":\"pl-PL\",\"@id\":\"https:\\\/\\\/vozolvapen.de\\\/#\\\/schema\\\/logo\\\/image\\\/\",\"url\":\"https:\\\/\\\/vozolvapen.de\\\/wp-content\\\/uploads\\\/2025\\\/12\\\/cropped-vozovapen-logo.webp\",\"contentUrl\":\"https:\\\/\\\/vozolvapen.de\\\/wp-content\\\/uploads\\\/2025\\\/12\\\/cropped-vozovapen-logo.webp\",\"width\":470,\"height\":110,\"caption\":\"vozolvapen\"},\"image\":{\"@id\":\"https:\\\/\\\/vozolvapen.de\\\/#\\\/schema\\\/logo\\\/image\\\/\"}}]}<\/script>\n<!-- \/ Yoast SEO Premium plugin. -->","yoast_head_json":{"title":"Watermelon Bubble Gum VOZOL Vista 20000 | Candy Sweet 20K - vozolvapen","description":"Sweet Watermelon Bubble Gum by VOZOL Vista 20000. 20 tys. zaci\u0105gni\u0119\u0107, inteligentny wy\u015bwietlacz i podw\u00f3jne cewki siatkowe. Nikotyna 5% i szybka dostawa na terenie ca\u0142ej UE.","robots":{"index":"index","follow":"follow","max-snippet":"max-snippet:-1","max-image-preview":"max-image-preview:large","max-video-preview":"max-video-preview:-1"},"canonical":"https:\/\/vozolvapen.de\/pl\/product\/vozol-vista-20000-puffs-watermelon-bubble-gum\/","og_locale":"pl_PL","og_type":"article","og_title":"VOZOL Vista 20000 Puffs - Watermelon Bubble Gum","og_description":"Sweet Watermelon Bubble Gum by VOZOL Vista 20000. 20k puffs, smart display, and dual mesh coils. 5% nicotine and fast EU-wide delivery.","og_url":"https:\/\/vozolvapen.de\/pl\/product\/vozol-vista-20000-puffs-watermelon-bubble-gum\/","og_site_name":"vozolvapen","article_modified_time":"2026-02-10T10:39:17+00:00","og_image":[{"width":1080,"height":1080,"url":"https:\/\/vozolvapen.de\/wp-content\/uploads\/2026\/01\/VOZOL-Vista-20000-Puffs-Watermelon-Bubble-Gum-Front.webp","type":"image\/webp"}],"twitter_card":"summary_large_image","twitter_misc":{"Szacowany czas czytania":"2 minuty"},"schema":{"@context":"https:\/\/schema.org","@graph":[{"@type":"WebPage","@id":"https:\/\/vozolvapen.de\/product\/vozol-vista-20000-puffs-watermelon-bubble-gum\/","url":"https:\/\/vozolvapen.de\/product\/vozol-vista-20000-puffs-watermelon-bubble-gum\/","name":"Watermelon Bubble Gum VOZOL Vista 20000 | Candy Sweet 20K - vozolvapen","isPartOf":{"@id":"https:\/\/vozolvapen.de\/#website"},"primaryImageOfPage":{"@id":"https:\/\/vozolvapen.de\/product\/vozol-vista-20000-puffs-watermelon-bubble-gum\/#primaryimage"},"image":{"@id":"https:\/\/vozolvapen.de\/product\/vozol-vista-20000-puffs-watermelon-bubble-gum\/#primaryimage"},"thumbnailUrl":"https:\/\/vozolvapen.de\/wp-content\/uploads\/2026\/01\/VOZOL-Vista-20000-Puffs-Watermelon-Bubble-Gum-Front.webp","datePublished":"2026-01-15T07:09:36+00:00","dateModified":"2026-02-10T10:39:17+00:00","description":"Sweet Watermelon Bubble Gum by VOZOL Vista 20000. 20 tys. zaci\u0105gni\u0119\u0107, inteligentny wy\u015bwietlacz i podw\u00f3jne cewki siatkowe. Nikotyna 5% i szybka dostawa na terenie ca\u0142ej UE.","breadcrumb":{"@id":"https:\/\/vozolvapen.de\/product\/vozol-vista-20000-puffs-watermelon-bubble-gum\/#breadcrumb"},"inLanguage":"pl-PL","potentialAction":[{"@type":"ReadAction","target":["https:\/\/vozolvapen.de\/product\/vozol-vista-20000-puffs-watermelon-bubble-gum\/"]}]},{"@type":"ImageObject","inLanguage":"pl-PL","@id":"https:\/\/vozolvapen.de\/product\/vozol-vista-20000-puffs-watermelon-bubble-gum\/#primaryimage","url":"https:\/\/vozolvapen.de\/wp-content\/uploads\/2026\/01\/VOZOL-Vista-20000-Puffs-Watermelon-Bubble-Gum-Front.webp","contentUrl":"https:\/\/vozolvapen.de\/wp-content\/uploads\/2026\/01\/VOZOL-Vista-20000-Puffs-Watermelon-Bubble-Gum-Front.webp","width":1080,"height":1080,"caption":"VOZOL Vista 20000 Puffs -Watermelon Bubble Gum Front"},{"@type":"BreadcrumbList","@id":"https:\/\/vozolvapen.de\/product\/vozol-vista-20000-puffs-watermelon-bubble-gum\/#breadcrumb","itemListElement":[{"@type":"ListItem","position":1,"name":"Home","item":"https:\/\/vozolvapen.de\/de\/"},{"@type":"ListItem","position":2,"name":"Shop","item":"https:\/\/vozolvapen.de\/shop\/"},{"@type":"ListItem","position":3,"name":"VOZOL Vista 20000 Puffs &#8211; Watermelon Bubble Gum"}]},{"@type":"WebSite","@id":"https:\/\/vozolvapen.de\/#website","url":"https:\/\/vozolvapen.de\/","name":"vozolvapen","description":"vozolvapen","publisher":{"@id":"https:\/\/vozolvapen.de\/#organization"},"potentialAction":[{"@type":"SearchAction","target":{"@type":"EntryPoint","urlTemplate":"https:\/\/vozolvapen.de\/?s={search_term_string}"},"query-input":{"@type":"PropertyValueSpecification","valueRequired":true,"valueName":"search_term_string"}}],"inLanguage":"pl-PL"},{"@type":"Organization","@id":"https:\/\/vozolvapen.de\/#organization","name":"vozolvapen","url":"https:\/\/vozolvapen.de\/","logo":{"@type":"ImageObject","inLanguage":"pl-PL","@id":"https:\/\/vozolvapen.de\/#\/schema\/logo\/image\/","url":"https:\/\/vozolvapen.de\/wp-content\/uploads\/2025\/12\/cropped-vozovapen-logo.webp","contentUrl":"https:\/\/vozolvapen.de\/wp-content\/uploads\/2025\/12\/cropped-vozovapen-logo.webp","width":470,"height":110,"caption":"vozolvapen"},"image":{"@id":"https:\/\/vozolvapen.de\/#\/schema\/logo\/image\/"}}]}},"tiered_pricing_type":"fixed","tiered_pricing_fixed_rules":{"30":"13.5","50":"10.89","100":"10.39","200":"9.8"},"tiered_pricing_product_settings":{"layout":"default","base_unit_name":{"singular":null,"plural":null},"default_variation":{}},"tiered_pricing_minimum_quantity":10,"tiered_pricing_roles_data":[],"tiered_pricing_percentage_rules":[],"tiered_pricing_maximum_quantity":null,"tiered_pricing_quantity_step":"10","_links":{"self":[{"href":"http:\/\/vozolvapen.de\/pl\/wp-json\/wp\/v2\/product\/61833","targetHints":{"allow":["GET"]}}],"collection":[{"href":"http:\/\/vozolvapen.de\/pl\/wp-json\/wp\/v2\/product"}],"about":[{"href":"http:\/\/vozolvapen.de\/pl\/wp-json\/wp\/v2\/types\/product"}],"replies":[{"embeddable":true,"href":"http:\/\/vozolvapen.de\/pl\/wp-json\/wp\/v2\/comments?post=61833"}],"wp:featuredmedia":[{"embeddable":true,"href":"http:\/\/vozolvapen.de\/pl\/wp-json\/wp\/v2\/media\/61916"}],"wp:attachment":[{"href":"http:\/\/vozolvapen.de\/pl\/wp-json\/wp\/v2\/media?parent=61833"}],"wp:term":[{"taxonomy":"product_brand","embeddable":true,"href":"http:\/\/vozolvapen.de\/pl\/wp-json\/wp\/v2\/product_brand?post=61833"},{"taxonomy":"product_cat","embeddable":true,"href":"http:\/\/vozolvapen.de\/pl\/wp-json\/wp\/v2\/product_cat?post=61833"},{"taxonomy":"product_tag","embeddable":true,"href":"http:\/\/vozolvapen.de\/pl\/wp-json\/wp\/v2\/product_tag?post=61833"}],"curies":[{"name":"wp","href":"https:\/\/api.w.org\/{rel}","templated":true}]}}