{"id":62010,"date":"2026-01-19T03:57:34","date_gmt":"2026-01-19T03:57:34","guid":{"rendered":"https:\/\/vozolvapen.de\/?post_type=product&#038;p=62010"},"modified":"2026-04-08T03:07:13","modified_gmt":"2026-04-08T03:07:13","slug":"puff-60k-bang-60000-refillable-vape-watermelon-strawberry-watermelon","status":"publish","type":"product","link":"http:\/\/vozolvapen.de\/pl\/product\/puff-60k-bang-60000-refillable-vape-watermelon-strawberry-watermelon\/","title":{"rendered":"Puff 60k Bang 60000 Vape do wielokrotnego nape\u0142niania - arbuz i arbuz truskawkowy"},"content":{"rendered":"<h1 data-path-to-node=\"3\">Puff 60k Bang 60000 Vape do wielokrotnego nape\u0142niania - arbuz i arbuz truskawkowy<\/h1>\n<h2 data-path-to-node=\"4\"><b data-path-to-node=\"4\" data-index-in-node=\"0\">Najlepsza symfonia z dw\u00f3ch melon\u00f3w<\/b><\/h2>\n<p data-path-to-node=\"5\">Wkrocz do \u015bwiata nieko\u0144cz\u0105cego si\u0119 lata z modelem <b data-path-to-node=\"5\" data-index-in-node=\"45\">Puff 60k Bang 60000 Watermelon &amp; Strawberry Watermelon<\/b>. To nie tylko waporyzator; to laboratorium smaku w Twojej kieszeni. Wyposa\u017cony w pierwszy w bran\u017cy <b data-path-to-node=\"5\" data-index-in-node=\"195\">przezroczysta konstrukcja z dwoma zbiornikami<\/b>, To urz\u0105dzenie pozwala wizualnie obserwowa\u0107 36 ml najwy\u017cszej jako\u015bci e-cieczy, kt\u00f3ra nap\u0119dza Twoj\u0105 podr\u00f3\u017c.<\/p>\n<h3>Spos\u00f3b A: Czyste arbuzowe orze\u017awienie<\/h3>\n<p>Ju\u017c przy pierwszym zaci\u0105gni\u0119ciu poczujesz rze\u015bk\u0105, nawil\u017caj\u0105c\u0105 esencj\u0119 dojrza\u0142ego w s\u0142o\u0144cu arbuza. W przeciwie\u0144stwie do syntetycznych alternatyw, nasz 1.0\u03a9 Mesh Coil oddaje \u201cwodn\u0105\u201d jako\u015b\u0107 owocu, zapewniaj\u0105c orze\u017awiaj\u0105ce uderzenie w gard\u0142o, kt\u00f3re przypomina zimny plaster melona w lipcowe popo\u0142udnie.<\/p>\n<h3>Spos\u00f3b B: Po\u0142\u0105czenie truskawki i arbuza<\/h3>\n<p>Masz ochot\u0119 na co\u015b s\u0142odszego? Prze\u0142\u0105cz prze\u0142\u0105cznik na tryb B. Tutaj klasyczna baza arbuzowa jest nasycona s\u0142odkimi, d\u017cemowymi nutami \u015bwie\u017cych truskawek ogrodowych. Ten tryb jest przeznaczony dla tych, kt\u00f3rzy chc\u0105 \u201ccukierkowego\u201d wyko\u0144czenia swoich chmur.<\/p>\n<h2 data-path-to-node=\"8\"><b data-path-to-node=\"8\" data-index-in-node=\"0\">Dlaczego Bang 60000 60k Puff zmienia zasady gry<\/b><\/h2>\n<ul data-path-to-node=\"9\">\n<li>\n<p data-path-to-node=\"9,0,0\"><b data-path-to-node=\"9,0,0\" data-index-in-node=\"0\">Ogromna pojemno\u015b\u0107 36 ml:<\/b> Wi\u0119kszo\u015b\u0107 jednoraz\u00f3wek ko\u0144czy si\u0119 w momencie, gdy przyzwyczajasz si\u0119 do ich smaku. Dzi\u0119ki pojemno\u015bci 36 ml, Bang 60000 jest stworzony do maratonu, a nie sprintu.<\/p>\n<\/li>\n<li>\n<p data-path-to-node=\"9,1,0\"><b data-path-to-node=\"9,1,0\" data-index-in-node=\"0\">Mo\u017cliwo\u015b\u0107 wielokrotnego nape\u0142niania Zr\u00f3wnowa\u017cony rozw\u00f3j:<\/b> Jako <b data-path-to-node=\"9,1,0\" data-index-in-node=\"32\">vape do uzupe\u0142niania p\u0142ynem<\/b>, nie jeste\u015b przywi\u0105zany do fabrycznego nape\u0142niania. Gdy ju\u017c nacieszysz si\u0119 oryginaln\u0105 mieszank\u0105, system dw\u00f3ch zbiornik\u00f3w jest gotowy na twoje ulubione soki, co czyni go najbardziej wszechstronnym. <b data-path-to-node=\"9,1,0\" data-index-in-node=\"226\">system pod vape<\/b> w swojej klasie.<\/p>\n<\/li>\n<li>\n<p data-path-to-node=\"9,2,0\"><b data-path-to-node=\"9,2,0\" data-index-in-node=\"0\">Inteligentne monitorowanie:<\/b> Przedni wy\u015bwietlacz <b data-path-to-node=\"9,2,0\" data-index-in-node=\"35\">Inteligentny wy\u015bwietlacz HD<\/b> zapewnia, \u017ce nigdy nie otrzymasz \u201csuchego uderzenia\u201d. Bateria o pojemno\u015bci 550 mAh i poziom e-cieczy mo\u017cna \u015bledzi\u0107 na pierwszy rzut oka.<\/p>\n<\/li>\n<\/ul>\n<h2 data-path-to-node=\"3\"><b class=\"\" data-path-to-node=\"3\" data-index-in-node=\"0\">Dla kogo to jest?<\/b><\/h2>\n<ul data-path-to-node=\"4\">\n<li>\n<p data-path-to-node=\"4,0,0\"><b class=\"\" data-path-to-node=\"4,0,0\" data-index-in-node=\"0\">Letni entuzjasta:<\/b><span class=\"\"> Idealny dla vaper\u00f3w, kt\u00f3rzy chc\u0105 czu\u0107 si\u0119 jak na pla\u017cy przez ca\u0142y rok.<\/span><\/p>\n<\/li>\n<li>\n<p data-path-to-node=\"4,1,0\"><b class=\"\" data-path-to-node=\"4,1,0\" data-index-in-node=\"0\">Fan \u201cczystych\u201d smak\u00f3w:<\/b><span class=\"\"> Je\u015bli wolisz prostot\u0119,<\/span><span class=\"\"> orze\u017awiaj\u0105ce nuty owocowe, kt\u00f3re nie s\u0105 zbyt skomplikowane,<\/span><span class=\"\"> Ten zestaw 2 w 1 to z\u0142oty standard.<\/span><\/p>\n<\/li>\n<li>\n<p data-path-to-node=\"4,2,0\"><b class=\"\" data-path-to-node=\"4,2,0\" data-index-in-node=\"0\">Marathon Vaper:<\/b><span class=\"\"> Z <\/span><b class=\"\" data-path-to-node=\"4,2,0\" data-index-in-node=\"25\">60 000 zaci\u0105gni\u0119\u0107<\/b><span class=\"\">,<\/span><span class=\"\"> jest dla tych, kt\u00f3rzy nie chc\u0105 kupowa\u0107 nowego urz\u0105dzenia co tydzie\u0144.<\/span><\/p>\n<\/li>\n<\/ul>\n<h2 data-path-to-node=\"10\"><b data-path-to-node=\"10\" data-index-in-node=\"0\">Podzia\u0142 techniczny i oceny<\/b><\/h2>\n<table data-path-to-node=\"4\">\n<thead>\n<tr>\n<td><strong>Metryka wydajno\u015bci<\/strong><\/td>\n<td><strong>Ocena \/ specyfikacja techniczna<\/strong><\/td>\n<\/tr>\n<\/thead>\n<tbody>\n<tr>\n<td><span data-path-to-node=\"4,1,0,0\"><b data-path-to-node=\"4,1,0,0\" data-index-in-node=\"0\">S\u0142odycz<\/b><\/span><\/td>\n<td><span data-path-to-node=\"4,1,1,0\">\u2605\u2605\u2605\u2605\u2606 (naturalna s\u0142odycz owoc\u00f3w)<\/span><\/td>\n<\/tr>\n<tr>\n<td><span data-path-to-node=\"4,2,0,0\"><b data-path-to-node=\"4,2,0,0\" data-index-in-node=\"0\">Efekt ch\u0142odzenia<\/b><\/span><\/td>\n<td><span data-path-to-node=\"4,2,1,0\">\u2605\u2605\u2605\u2606\u2606 (wyko\u0144czenie \u015brednio-\u015bwie\u017ce)<\/span><\/td>\n<\/tr>\n<tr>\n<td><span data-path-to-node=\"4,3,0,0\"><b data-path-to-node=\"4,3,0,0\" data-index-in-node=\"0\">Intensywno\u015b\u0107 smaku<\/b><\/span><\/td>\n<td><span data-path-to-node=\"4,3,1,0\">\u2605\u2605\u2605\u2605\u2606 (wysokonasycony sok z melona)<\/span><\/td>\n<\/tr>\n<tr>\n<td><span data-path-to-node=\"4,4,0,0\"><b data-path-to-node=\"4,4,0,0\" data-index-in-node=\"0\">Aromat<\/b><\/span><\/td>\n<td><span data-path-to-node=\"4,4,1,0\">\u2605\u2605\u2605\u2605\u2606 (rze\u015bki zapach lata)<\/span><\/td>\n<\/tr>\n<tr>\n<td><span data-path-to-node=\"4,5,0,0\"><b data-path-to-node=\"4,5,0,0\" data-index-in-node=\"0\">Core Tech<\/b><\/span><\/td>\n<td><span data-path-to-node=\"4,5,1,0\">Podw\u00f3jna cewka siatkowa 1,0\u03a9 (S.i.L.C)<\/span><\/td>\n<\/tr>\n<tr>\n<td><span data-path-to-node=\"4,6,0,0\"><b data-path-to-node=\"4,6,0,0\" data-index-in-node=\"0\">System zbiornik\u00f3w<\/b><\/span><\/td>\n<td><span data-path-to-node=\"4,6,1,0\">Podw\u00f3jny zbiornik do wielokrotnego nape\u0142niania 36 ml (18 ml + 18 ml)<\/span><\/td>\n<\/tr>\n<\/tbody>\n<\/table>\n<h3><b data-path-to-node=\"57\" data-index-in-node=\"0\">Podsumowanie sprz\u0119tu i logistyki\u00a0<\/b><\/h3>\n<ul data-path-to-node=\"58\">\n<li>\n<p data-path-to-node=\"58,0,0\"><b data-path-to-node=\"58,0,0\" data-index-in-node=\"0\">Freedom z mo\u017cliwo\u015bci\u0105 wielokrotnego nape\u0142niania:<\/b> Nie zatrzymuj si\u0119 na 60 tys. To jest <b data-path-to-node=\"58,0,0\" data-index-in-node=\"49\">vape do uzupe\u0142niania p\u0142ynem<\/b>, Dzi\u0119ki temu sprz\u0119t mo\u017ce by\u0107 u\u017cywany znacznie d\u0142u\u017cej ni\u017c standardowy jednorazowy.<\/p>\n<\/li>\n<li>\n<p data-path-to-node=\"58,1,0\"><b data-path-to-node=\"58,1,0\" data-index-in-node=\"0\">Inteligentny wy\u015bwietlacz HD:<\/b> Zawsze nale\u017cy zna\u0107 \u017cywotno\u015b\u0107 baterii i aktualnie u\u017cywany zbiornik (A lub B).<\/p>\n<\/li>\n<li>\n<p data-path-to-node=\"58,2,0\"><b data-path-to-node=\"58,2,0\" data-index-in-node=\"0\">Podw\u00f3jny zbiornik o pojemno\u015bci 36 ml:<\/b> Najwi\u0119kszy w bran\u017cy, w po\u0142\u0105czeniu z <b data-path-to-node=\"58,2,0\" data-index-in-node=\"68\">Akumulator typu C o pojemno\u015bci 550 mAh<\/b>.<\/p>\n<\/li>\n<li>\n<p data-path-to-node=\"58,3,0\"><b data-path-to-node=\"58,3,0\" data-index-in-node=\"0\">Wysy\u0142ka z magazynu w UE:<\/b> Zam\u00f3w ju\u017c dzi\u015b i otrzymaj <b data-path-to-node=\"58,3,0\" data-index-in-node=\"52\">vape wielokrotnego nape\u0142niania<\/b> w <b data-path-to-node=\"58,3,0\" data-index-in-node=\"71\">1-3 dni robocze<\/b> w dowolnym miejscu w UE. Bez c\u0142a, bez k\u0142opot\u00f3w.<\/p>\n<\/li>\n<\/ul>\n<h3 dir=\"auto\">Oto dalsze zalecenia dla Ciebie:<\/h3>\n<p dir=\"auto\">Odkryj jeszcze wi\u0119cej niesamowitych smak\u00f3w dzi\u0119ki Puff 60k Bang 60000 Refillable Vape!<\/p>\n<p dir=\"auto\"><a href=\"https:\/\/vozolvapen.deproduct-category\/bang-vape\/puff-60k-bang-60000-refillable-vape\" target=\"_blank\" rel=\"noopener noreferrer nofollow\">Zobacz wszystkie odmiany tutaj \u2192<\/a><\/p>\n<p dir=\"auto\">Zapoznaj si\u0119 z nasz\u0105 pe\u0142n\u0105 kolekcj\u0105 i kupuj produkty najlepszych marek vape, kt\u00f3re pokochasz.<\/p>\n<p dir=\"auto\"><a href=\"https:\/\/vozolvapen.de\/pl\/\" target=\"_blank\" rel=\"noopener noreferrer nofollow\">Przegl\u0105daj teraz wszystkie marki \u2192<\/a><\/p>\n<p dir=\"auto\">Sprawd\u017a ca\u0142\u0105 seri\u0119 Bang Vape - ka\u017cdy smak, ka\u017cdy styl!<\/p>\n<p dir=\"auto\"><a href=\"https:\/\/vozolvapen.de\/pl\/product-category\/bang-vape\/\" target=\"_blank\" rel=\"noopener noreferrer nofollow\">Zobacz pe\u0142n\u0105 kolekcj\u0119 Bang Vape \u2192<\/a><\/p>\n<h2 data-path-to-node=\"27\"><b data-path-to-node=\"27\" data-index-in-node=\"0\">Cz\u0119sto zadawane pytania (FAQ)<\/b><\/h2>\n<h3 data-path-to-node=\"28\"><b data-path-to-node=\"28\" data-index-in-node=\"0\">Czy Bang 60000 to rzeczywi\u015bcie waporyzator wielokrotnego nape\u0142niania?<\/b><\/h3>\n<p data-path-to-node=\"29\">Tak. Zbiornik jest wst\u0119pnie nape\u0142niony 36 ml najwy\u017cszej jako\u015bci e-liquidu, ale jego architektura zosta\u0142a zaprojektowana tak, aby mo\u017cna go by\u0142o <b data-path-to-node=\"29\" data-index-in-node=\"102\">wielokrotnego u\u017cytku<\/b>. Umo\u017cliwia to korzystanie z urz\u0105dzenia w trybie d\u0142ugoterminowym. <b data-path-to-node=\"29\" data-index-in-node=\"163\">system pod vape<\/b> nawet po zako\u0144czeniu pocz\u0105tkowej cieczy.<\/p>\n<h3 data-path-to-node=\"30\"><b data-path-to-node=\"30\" data-index-in-node=\"0\">Jak prze\u0142\u0105cza\u0107 si\u0119 mi\u0119dzy tymi dwoma smakami?<\/b><\/h3>\n<p data-path-to-node=\"31\">Urz\u0105dzenie posiada prze\u0142\u0105cznik smaku. Wystarczy przesun\u0105\u0107, aby wybra\u0107 <b data-path-to-node=\"31\" data-index-in-node=\"67\">Tryb A<\/b> lub <b data-path-to-node=\"31\" data-index-in-node=\"77\">Tryb B<\/b> aby natychmiast zmieni\u0107 u\u017cywany zbiornik wewn\u0119trzny.<\/p>\n<h3 data-path-to-node=\"32\"><b data-path-to-node=\"32\" data-index-in-node=\"0\">Jakie poziomy nikotyny s\u0105 dost\u0119pne dla Puff 60k?<\/b><\/h3>\n<p data-path-to-node=\"33\">Dostosowujemy si\u0119 do wszystkich preferencji, oferuj\u0105c <b data-path-to-node=\"33\" data-index-in-node=\"38\">0 mg (bez nikotyny)<\/b>, <b data-path-to-node=\"33\" data-index-in-node=\"59\">20 mg (2%)<\/b>, <b data-path-to-node=\"33\" data-index-in-node=\"70\">30 mg (3%)<\/b>, oraz <b data-path-to-node=\"33\" data-index-in-node=\"85\">50 mg (5%)<\/b> opcje.<\/p>\n<h3 data-path-to-node=\"34\"><b data-path-to-node=\"34\" data-index-in-node=\"0\">Jak mog\u0119 na\u0142adowa\u0107 Bang 60000?<\/b><\/h3>\n<p data-path-to-node=\"35\">Urz\u0105dzenie wykorzystuje standard <b data-path-to-node=\"35\" data-index-in-node=\"27\">Port \u0142adowania typu C<\/b> umieszczony w dolnej cz\u0119\u015bci. Bateria o pojemno\u015bci 550 mAh obs\u0142uguje szybkie \u0142adowanie, aby zminimalizowa\u0107 przestoje.<\/p>\n<p dir=\"auto\">","protected":false},"excerpt":{"rendered":"<p>Podw\u00f3jna dawka melonowego orze\u017awienia! Prze\u0142\u0105czaj mi\u0119dzy chrupi\u0105cymi <b data-path-to-node=\"3,2,0\" data-index-in-node=\"70\">Arbuz<\/b> i s\u0142odki <b data-path-to-node=\"3,2,0\" data-index-in-node=\"91\">Arbuz truskawkowy<\/b> za pomoc\u0105 jednego prze\u0142\u0105cznika. To <b data-path-to-node=\"3,2,0\" data-index-in-node=\"140\">60k puff vape wielokrotnego nape\u0142niania<\/b> posiada osza\u0142amiaj\u0105c\u0105, krystalicznie przezroczyst\u0105 pow\u0142ok\u0119 i inteligentny ekran do \u015bledzenia poziomu 36 ml e-cieczy.<\/p>","protected":false},"featured_media":62647,"comment_status":"open","ping_status":"closed","template":"","meta":{"_acf_changed":false},"product_brand":[],"product_cat":[120],"product_tag":[],"class_list":{"0":"post-62010","1":"product","2":"type-product","3":"status-publish","4":"has-post-thumbnail","6":"product_cat-puff-60k-bang-60000-refillable-vape","8":"first","9":"instock","10":"shipping-taxable","11":"purchasable","12":"product-type-variable"},"acf":[],"yoast_head":"<!-- This site is optimized with the Yoast SEO Premium plugin v26.1 (Yoast SEO v27.5) - https:\/\/yoast.com\/product\/yoast-seo-premium-wordpress\/ -->\n<title>Watermelon &amp; Strawberry Watermelon Bang 60000 | 60k Puff 2-in-1 Vape - vozolvapen<\/title>\n<meta name=\"description\" content=\"Shop Bang 60000 Watermelon &amp; Strawberry Watermelon. Enjoy 60,000 puffs with 2-in-1 flavor switching, a 36ml refillable dual-tank, and smart HD display. Fast 1-3 day EU delivery.\" \/>\n<meta name=\"robots\" content=\"index, follow, max-snippet:-1, max-image-preview:large, max-video-preview:-1\" \/>\n<link rel=\"canonical\" href=\"https:\/\/vozolvapen.de\/pl\/product\/puff-60k-bang-60000-refillable-vape-watermelon-strawberry-watermelon\/\" \/>\n<meta property=\"og:locale\" content=\"pl_PL\" \/>\n<meta property=\"og:type\" content=\"article\" \/>\n<meta property=\"og:title\" content=\"Puff 60k Bang 60000 Refillable Vape - Watermelon &amp; Strawberry Watermelon\" \/>\n<meta property=\"og:description\" content=\"Shop Bang 60000 Watermelon &amp; Strawberry Watermelon. Enjoy 60,000 puffs with 2-in-1 flavor switching, a 36ml refillable dual-tank, and smart HD display. Fast 1-3 day EU delivery.\" \/>\n<meta property=\"og:url\" content=\"https:\/\/vozolvapen.de\/pl\/product\/puff-60k-bang-60000-refillable-vape-watermelon-strawberry-watermelon\/\" \/>\n<meta property=\"og:site_name\" content=\"vozolvapen\" \/>\n<meta property=\"article:modified_time\" content=\"2026-04-08T03:07:13+00:00\" \/>\n<meta property=\"og:image\" content=\"https:\/\/vozolvapen.de\/wp-content\/uploads\/2026\/01\/Puff-60k-Bang-60000-Refillable-Vape-Watermelon-Strawberry-Watermelon.webp\" \/>\n\t<meta property=\"og:image:width\" content=\"774\" \/>\n\t<meta property=\"og:image:height\" content=\"1200\" \/>\n\t<meta property=\"og:image:type\" content=\"image\/webp\" \/>\n<meta name=\"twitter:card\" content=\"summary_large_image\" \/>\n<meta name=\"twitter:label1\" content=\"Szacowany czas czytania\" \/>\n\t<meta name=\"twitter:data1\" content=\"4 minuty\" \/>\n<script type=\"application\/ld+json\" class=\"yoast-schema-graph\">{\"@context\":\"https:\\\/\\\/schema.org\",\"@graph\":[{\"@type\":\"WebPage\",\"@id\":\"https:\\\/\\\/vozolvapen.de\\\/product\\\/puff-60k-bang-60000-refillable-vape-watermelon-strawberry-watermelon\\\/\",\"url\":\"https:\\\/\\\/vozolvapen.de\\\/product\\\/puff-60k-bang-60000-refillable-vape-watermelon-strawberry-watermelon\\\/\",\"name\":\"Watermelon & Strawberry Watermelon Bang 60000 | 60k Puff 2-in-1 Vape - vozolvapen\",\"isPartOf\":{\"@id\":\"https:\\\/\\\/vozolvapen.de\\\/#website\"},\"primaryImageOfPage\":{\"@id\":\"https:\\\/\\\/vozolvapen.de\\\/product\\\/puff-60k-bang-60000-refillable-vape-watermelon-strawberry-watermelon\\\/#primaryimage\"},\"image\":{\"@id\":\"https:\\\/\\\/vozolvapen.de\\\/product\\\/puff-60k-bang-60000-refillable-vape-watermelon-strawberry-watermelon\\\/#primaryimage\"},\"thumbnailUrl\":\"https:\\\/\\\/vozolvapen.de\\\/wp-content\\\/uploads\\\/2026\\\/01\\\/Puff-60k-Bang-60000-Refillable-Vape-Watermelon-Strawberry-Watermelon.webp\",\"datePublished\":\"2026-01-19T03:57:34+00:00\",\"dateModified\":\"2026-04-08T03:07:13+00:00\",\"description\":\"Shop Bang 60000 Watermelon & Strawberry Watermelon. Enjoy 60,000 puffs with 2-in-1 flavor switching, a 36ml refillable dual-tank, and smart HD display. Fast 1-3 day EU delivery.\",\"breadcrumb\":{\"@id\":\"https:\\\/\\\/vozolvapen.de\\\/product\\\/puff-60k-bang-60000-refillable-vape-watermelon-strawberry-watermelon\\\/#breadcrumb\"},\"inLanguage\":\"pl-PL\",\"potentialAction\":[{\"@type\":\"ReadAction\",\"target\":[\"https:\\\/\\\/vozolvapen.de\\\/product\\\/puff-60k-bang-60000-refillable-vape-watermelon-strawberry-watermelon\\\/\"]}]},{\"@type\":\"ImageObject\",\"inLanguage\":\"pl-PL\",\"@id\":\"https:\\\/\\\/vozolvapen.de\\\/product\\\/puff-60k-bang-60000-refillable-vape-watermelon-strawberry-watermelon\\\/#primaryimage\",\"url\":\"https:\\\/\\\/vozolvapen.de\\\/wp-content\\\/uploads\\\/2026\\\/01\\\/Puff-60k-Bang-60000-Refillable-Vape-Watermelon-Strawberry-Watermelon.webp\",\"contentUrl\":\"https:\\\/\\\/vozolvapen.de\\\/wp-content\\\/uploads\\\/2026\\\/01\\\/Puff-60k-Bang-60000-Refillable-Vape-Watermelon-Strawberry-Watermelon.webp\",\"width\":774,\"height\":1200,\"caption\":\"Puff 60k Bang 60000 Refillable Vape - Watermelon &Strawberry Watermelon\"},{\"@type\":\"BreadcrumbList\",\"@id\":\"https:\\\/\\\/vozolvapen.de\\\/product\\\/puff-60k-bang-60000-refillable-vape-watermelon-strawberry-watermelon\\\/#breadcrumb\",\"itemListElement\":[{\"@type\":\"ListItem\",\"position\":1,\"name\":\"Home\",\"item\":\"https:\\\/\\\/vozolvapen.de\\\/de\\\/\"},{\"@type\":\"ListItem\",\"position\":2,\"name\":\"Shop\",\"item\":\"https:\\\/\\\/vozolvapen.de\\\/shop\\\/\"},{\"@type\":\"ListItem\",\"position\":3,\"name\":\"Puff 60k Bang 60000 Refillable Vape &#8211; Watermelon &#038; Strawberry Watermelon\"}]},{\"@type\":\"WebSite\",\"@id\":\"https:\\\/\\\/vozolvapen.de\\\/#website\",\"url\":\"https:\\\/\\\/vozolvapen.de\\\/\",\"name\":\"vozolvapen\",\"description\":\"vozolvapen\",\"publisher\":{\"@id\":\"https:\\\/\\\/vozolvapen.de\\\/#organization\"},\"potentialAction\":[{\"@type\":\"SearchAction\",\"target\":{\"@type\":\"EntryPoint\",\"urlTemplate\":\"https:\\\/\\\/vozolvapen.de\\\/?s={search_term_string}\"},\"query-input\":{\"@type\":\"PropertyValueSpecification\",\"valueRequired\":true,\"valueName\":\"search_term_string\"}}],\"inLanguage\":\"pl-PL\"},{\"@type\":\"Organization\",\"@id\":\"https:\\\/\\\/vozolvapen.de\\\/#organization\",\"name\":\"vozolvapen\",\"url\":\"https:\\\/\\\/vozolvapen.de\\\/\",\"logo\":{\"@type\":\"ImageObject\",\"inLanguage\":\"pl-PL\",\"@id\":\"https:\\\/\\\/vozolvapen.de\\\/#\\\/schema\\\/logo\\\/image\\\/\",\"url\":\"https:\\\/\\\/vozolvapen.de\\\/wp-content\\\/uploads\\\/2025\\\/12\\\/cropped-vozovapen-logo.webp\",\"contentUrl\":\"https:\\\/\\\/vozolvapen.de\\\/wp-content\\\/uploads\\\/2025\\\/12\\\/cropped-vozovapen-logo.webp\",\"width\":470,\"height\":110,\"caption\":\"vozolvapen\"},\"image\":{\"@id\":\"https:\\\/\\\/vozolvapen.de\\\/#\\\/schema\\\/logo\\\/image\\\/\"}}]}<\/script>\n<!-- \/ Yoast SEO Premium plugin. -->","yoast_head_json":{"title":"Watermelon &amp; Strawberry Watermelon Bang 60000 | 60k Puff 2-w-1 Vape - vozolvapen","description":"Shop Bang 60000 Watermelon &amp; Strawberry Watermelon. Ciesz si\u0119 60 000 zaci\u0105gni\u0119\u0107, prze\u0142\u0105czaniem smak\u00f3w 2 w 1, podw\u00f3jnym zbiornikiem 36 ml do wielokrotnego nape\u0142niania i inteligentnym wy\u015bwietlaczem HD. Szybka dostawa w ci\u0105gu 1-3 dni w UE.","robots":{"index":"index","follow":"follow","max-snippet":"max-snippet:-1","max-image-preview":"max-image-preview:large","max-video-preview":"max-video-preview:-1"},"canonical":"https:\/\/vozolvapen.de\/pl\/product\/puff-60k-bang-60000-refillable-vape-watermelon-strawberry-watermelon\/","og_locale":"pl_PL","og_type":"article","og_title":"Puff 60k Bang 60000 Refillable Vape - Watermelon & Strawberry Watermelon","og_description":"Shop Bang 60000 Watermelon & Strawberry Watermelon. Enjoy 60,000 puffs with 2-in-1 flavor switching, a 36ml refillable dual-tank, and smart HD display. Fast 1-3 day EU delivery.","og_url":"https:\/\/vozolvapen.de\/pl\/product\/puff-60k-bang-60000-refillable-vape-watermelon-strawberry-watermelon\/","og_site_name":"vozolvapen","article_modified_time":"2026-04-08T03:07:13+00:00","og_image":[{"width":774,"height":1200,"url":"https:\/\/vozolvapen.de\/wp-content\/uploads\/2026\/01\/Puff-60k-Bang-60000-Refillable-Vape-Watermelon-Strawberry-Watermelon.webp","type":"image\/webp"}],"twitter_card":"summary_large_image","twitter_misc":{"Szacowany czas czytania":"4 minuty"},"schema":{"@context":"https:\/\/schema.org","@graph":[{"@type":"WebPage","@id":"https:\/\/vozolvapen.de\/product\/puff-60k-bang-60000-refillable-vape-watermelon-strawberry-watermelon\/","url":"https:\/\/vozolvapen.de\/product\/puff-60k-bang-60000-refillable-vape-watermelon-strawberry-watermelon\/","name":"Watermelon &amp; Strawberry Watermelon Bang 60000 | 60k Puff 2-w-1 Vape - vozolvapen","isPartOf":{"@id":"https:\/\/vozolvapen.de\/#website"},"primaryImageOfPage":{"@id":"https:\/\/vozolvapen.de\/product\/puff-60k-bang-60000-refillable-vape-watermelon-strawberry-watermelon\/#primaryimage"},"image":{"@id":"https:\/\/vozolvapen.de\/product\/puff-60k-bang-60000-refillable-vape-watermelon-strawberry-watermelon\/#primaryimage"},"thumbnailUrl":"https:\/\/vozolvapen.de\/wp-content\/uploads\/2026\/01\/Puff-60k-Bang-60000-Refillable-Vape-Watermelon-Strawberry-Watermelon.webp","datePublished":"2026-01-19T03:57:34+00:00","dateModified":"2026-04-08T03:07:13+00:00","description":"Shop Bang 60000 Watermelon &amp; Strawberry Watermelon. Ciesz si\u0119 60 000 zaci\u0105gni\u0119\u0107, prze\u0142\u0105czaniem smak\u00f3w 2 w 1, podw\u00f3jnym zbiornikiem 36 ml do wielokrotnego nape\u0142niania i inteligentnym wy\u015bwietlaczem HD. Szybka dostawa w ci\u0105gu 1-3 dni w UE.","breadcrumb":{"@id":"https:\/\/vozolvapen.de\/product\/puff-60k-bang-60000-refillable-vape-watermelon-strawberry-watermelon\/#breadcrumb"},"inLanguage":"pl-PL","potentialAction":[{"@type":"ReadAction","target":["https:\/\/vozolvapen.de\/product\/puff-60k-bang-60000-refillable-vape-watermelon-strawberry-watermelon\/"]}]},{"@type":"ImageObject","inLanguage":"pl-PL","@id":"https:\/\/vozolvapen.de\/product\/puff-60k-bang-60000-refillable-vape-watermelon-strawberry-watermelon\/#primaryimage","url":"https:\/\/vozolvapen.de\/wp-content\/uploads\/2026\/01\/Puff-60k-Bang-60000-Refillable-Vape-Watermelon-Strawberry-Watermelon.webp","contentUrl":"https:\/\/vozolvapen.de\/wp-content\/uploads\/2026\/01\/Puff-60k-Bang-60000-Refillable-Vape-Watermelon-Strawberry-Watermelon.webp","width":774,"height":1200,"caption":"Puff 60k Bang 60000 Refillable Vape - Watermelon &Strawberry Watermelon"},{"@type":"BreadcrumbList","@id":"https:\/\/vozolvapen.de\/product\/puff-60k-bang-60000-refillable-vape-watermelon-strawberry-watermelon\/#breadcrumb","itemListElement":[{"@type":"ListItem","position":1,"name":"Home","item":"https:\/\/vozolvapen.de\/de\/"},{"@type":"ListItem","position":2,"name":"Shop","item":"https:\/\/vozolvapen.de\/shop\/"},{"@type":"ListItem","position":3,"name":"Puff 60k Bang 60000 Refillable Vape &#8211; Watermelon &#038; Strawberry Watermelon"}]},{"@type":"WebSite","@id":"https:\/\/vozolvapen.de\/#website","url":"https:\/\/vozolvapen.de\/","name":"vozolvapen","description":"vozolvapen","publisher":{"@id":"https:\/\/vozolvapen.de\/#organization"},"potentialAction":[{"@type":"SearchAction","target":{"@type":"EntryPoint","urlTemplate":"https:\/\/vozolvapen.de\/?s={search_term_string}"},"query-input":{"@type":"PropertyValueSpecification","valueRequired":true,"valueName":"search_term_string"}}],"inLanguage":"pl-PL"},{"@type":"Organization","@id":"https:\/\/vozolvapen.de\/#organization","name":"vozolvapen","url":"https:\/\/vozolvapen.de\/","logo":{"@type":"ImageObject","inLanguage":"pl-PL","@id":"https:\/\/vozolvapen.de\/#\/schema\/logo\/image\/","url":"https:\/\/vozolvapen.de\/wp-content\/uploads\/2025\/12\/cropped-vozovapen-logo.webp","contentUrl":"https:\/\/vozolvapen.de\/wp-content\/uploads\/2025\/12\/cropped-vozovapen-logo.webp","width":470,"height":110,"caption":"vozolvapen"},"image":{"@id":"https:\/\/vozolvapen.de\/#\/schema\/logo\/image\/"}}]}},"tiered_pricing_type":"fixed","tiered_pricing_fixed_rules":{"30":"12","50":"10","100":"9","200":"8.5"},"tiered_pricing_product_settings":{"layout":"default","base_unit_name":{"singular":null,"plural":null},"default_variation":{}},"tiered_pricing_minimum_quantity":10,"tiered_pricing_roles_data":[],"tiered_pricing_percentage_rules":[],"tiered_pricing_maximum_quantity":null,"tiered_pricing_quantity_step":"10","_links":{"self":[{"href":"http:\/\/vozolvapen.de\/pl\/wp-json\/wp\/v2\/product\/62010","targetHints":{"allow":["GET"]}}],"collection":[{"href":"http:\/\/vozolvapen.de\/pl\/wp-json\/wp\/v2\/product"}],"about":[{"href":"http:\/\/vozolvapen.de\/pl\/wp-json\/wp\/v2\/types\/product"}],"replies":[{"embeddable":true,"href":"http:\/\/vozolvapen.de\/pl\/wp-json\/wp\/v2\/comments?post=62010"}],"wp:featuredmedia":[{"embeddable":true,"href":"http:\/\/vozolvapen.de\/pl\/wp-json\/wp\/v2\/media\/62647"}],"wp:attachment":[{"href":"http:\/\/vozolvapen.de\/pl\/wp-json\/wp\/v2\/media?parent=62010"}],"wp:term":[{"taxonomy":"product_brand","embeddable":true,"href":"http:\/\/vozolvapen.de\/pl\/wp-json\/wp\/v2\/product_brand?post=62010"},{"taxonomy":"product_cat","embeddable":true,"href":"http:\/\/vozolvapen.de\/pl\/wp-json\/wp\/v2\/product_cat?post=62010"},{"taxonomy":"product_tag","embeddable":true,"href":"http:\/\/vozolvapen.de\/pl\/wp-json\/wp\/v2\/product_tag?post=62010"}],"curies":[{"name":"wp","href":"https:\/\/api.w.org\/{rel}","templated":true}]}}